{"id":3949,"date":"2018-08-07T20:18:16","date_gmt":"2018-08-07T18:18:16","guid":{"rendered":"http:\/\/talia-fashion.pl\/produkt\/klasyczna-dyplomatka-jasny-kamel-maya\/"},"modified":"2026-04-08T08:28:00","modified_gmt":"2026-04-08T06:28:00","slug":"klasyczna-dyplomatka-jasny-kamel-maya","status":"publish","type":"product","link":"https:\/\/talia-fashion.pl\/en\/product\/klasyczna-dyplomatka-jasny-kamel-maya\/","title":{"rendered":"Classic diploma light camel Maya"},"content":{"rendered":"<p><span lang=\"DE\">Klasyczna dyplomatka w kolorze jasny kamel Maya z dwurz\u0119dowym zapi\u0119ciem. P\u0142aszcz zapina si\u0119 na dwa guziki, reszta pe\u0142ni funkcje ozdoby. Mankiety p\u0142aszcza r\u00f3wnie\u017c przyozdobione zosta\u0142y r\u0119cznie przyszywanymi guziczkami. Prosty kr\u00f3j p\u0142aszcza, z delikatnie taliowanym ty\u0142em (d\u00f3\u0142 zako\u0144czony rozporkiem) oraz profiluj\u0105cymi zaszewkami na przodzie. Bez paska. Dwie uko\u015bnie wszyte kieszenie, zwie\u0144czone ozdobnymi poziomymi patkami. I bazowy, wiecznie modny kolor. P\u0142aszcz w ca\u0142o\u015bci uszyty na podszewce. Wszystko to sprawia, i\u017c model Maya co roku pojawia si\u0119 jako nasz bestseller i idealna propozycja na wiosenne i jesienne dni.<\/span><\/p>\n<p><span lang=\"DE\">Dwurz\u0119dowa dyplomatka o d\u0142ugo\u015bci do po\u0142owy uda jest znakomit\u0105 propozycj\u0105 dla ka\u017cdej aktywnej kobiety. Swobodna linia kroju gwarantuje nie tylko wygod\u0119 noszenia ale umo\u017cliwia te\u017c szeroki wachlarz stylizacji. Model Maya \u015bwietnie wpisze si\u0119 w streetwearowy styl z bluz\u0105, sneakersami i nerk\u0105. Mo\u017cesz te\u017c za\u0142o\u017cy\u0107 do niej bia\u0142y T-shirt czy golf (w ch\u0142odniejszy dzie\u0144), cygaretki i balerinki zyskuj\u0105c casualowy look. Nie musisz by\u0107 dyplomatk\u0105 aby nosi\u0107 dyplomatk\u0119 \ud83d\ude09<\/span><\/p>\n<p><span lang=\"DE\">Actual photo - light camellia<\/span><br \/>\n<span lang=\"DE\">P\u0142aszcz dost\u0119pny w nast\u0119puj\u0105cych kolorach: jasny kamel, czarny<\/span><\/p>\n<p>Klasyczna dyplomatka jasny kamel Maya wyst\u0119puje r\u00f3wnie\u017c w innych kolorach, kt\u00f3re dost\u0119pne s\u0105 na odr\u0119bnych aukcjach. Kolory materia\u0142\u00f3w mo\u017cesz obejrze\u0107 w naszej <a href=\"https:\/\/talia-fashion.pl\/en\/paleta-kolorow\/\">Colour palette<\/a>. Prezentujemy je tak\u017ce na zdj\u0119ciach innych modeli p\u0142aszczy. W razie w\u0105tpliwo\u015bci prosimy o kontakt.<\/p>\n<p><span lang=\"DE\">Available sizes: XS, S, M, L, XL<\/span><\/p>\n<p><span lang=\"DE\">Indicative dimensions:<\/span><\/p>\n<p>XS &#8211; biust: 84-86 \/ biodra: 92-94 \/ d\u0142ugo\u015b\u0107: 87 \/ szeroko\u015b\u0107 ramion 34,5-35\u00a0\/ r\u0119kaw 61<br \/>\n<span lang=\"DE\">S &#8211; biust: 88-90 \/ biodra: 96-98 \/ d\u0142ugo\u015b\u0107: 87 \/ szeroko\u015b\u0107 ramion 35,5-36 \/\u00a0r\u0119kaw: 61<\/span><br \/>\n<span lang=\"DE\">M &#8211; biust: 92-94\u00a0\u00a0\/ biodra: 100-102 \/ d\u0142ugo\u015b\u0107: 88 \/ szeroko\u015b\u0107 ramion 37,5 \/\u00a0r\u0119kaw: 62<\/span><br \/>\n<span lang=\"DE\">L &#8211; biust: 96-98 \/ biodra: 104-106 \/ d\u0142ugo\u015b\u0107: 88 \/ szeroko\u015b\u0107 ramion 39,5-40 \/ r\u0119kaw: 63<\/span><br \/>\nXL &#8211; biust: 100-102 \/ biodra: 110-112 \/ d\u0142ugo\u015b\u0107: 88 \/ szeroko\u015b\u0107 ramion 42-42,5 \/\u00a0r\u0119kaw: 64<\/p>\n<p><span lang=\"DE\">Jak si\u0119 zmierzy\u0107 podpowiadamy w zak\u0142adce <a href=\"https:\/\/talia-fashion.pl\/en\/jak-dobrac-rozmiar\/\">How do you choose the right size?<\/a> W razie w\u0105tpliwo\u015bci odno\u015bnie rozmiaru, prosimy o kontakt. W modelu Maya najwa\u017cniejsze jest odpowiednie dopasowanie na wysoko\u015bci bioder, gdy\u017c zbytnio opi\u0119ty w tych okolicach prezentuje si\u0119 ma\u0142o atrakcyjnie. Dyplomatk\u0119 \u015bmia\u0142o mo\u017cemy poleci\u0107 dla sylwetek typu jab\u0142ko czy prostok\u0105t. Pani Gruszka natomiast stylowo zaprezentuje si\u0119 w dyplomatce nosz\u0105c j\u0105 w wersji rozpi\u0119tej.\u00a0<\/span><\/p>\n<p><span lang=\"DE\">Material: 47% wool, 30% polyester, 23% viscose<\/span><br \/>\nLining: 100% acetate<\/p>\n<p>Acetat podobnie jak wiskoza wytwarzany jest z celulozy. Prz\u0119dza acetatowa mo\u017ce by\u0107 wytworzona r\u00f3wnie\u017c z celulozy przetworzonej np. papieru. Podszewka acetatowa doskonale wch\u0142ania wilgo\u0107 i przepuszcza powietrze, dzi\u0119ki czemu zapewnia komfort noszenia. Jest powlekana apretur\u0105 antystatyczn\u0105 i posiada certyfikat OEKOtex\u00ae Standard 100.<\/p>\n<p>P\u0142aszczyk nale\u017cy czy\u015bci\u0107 chemicznie. Warto r\u00f3wnie\u017c zadba\u0107 o p\u0142aszcz w domu. Do tego celu polecamy <a href=\"https:\/\/talia-fashion.pl\/en\/product\/szczotka-do-czyszczenia-i-pielegnacji-plaszcza\/\">Brush for cleaning and care of the coat<\/a>. Prawid\u0142owo zadbany p\u0142aszcz b\u0119dzie Ci s\u0142u\u017cy\u0142 latami a wyd\u0142u\u017caj\u0105c jego \u017cywotno\u015b\u0107 r\u00f3wnocze\u015bnie pomagasz chroni\u0107 \u015brodowisko naturalne. Skorzystaj z naszych porad i zobacz <a href=\"https:\/\/talia-fashion.pl\/en\/jak-pielegnowac-i-dbac-o-plaszcz\/\">How to care for and maintain coats?<\/a><\/p>\n<p><span lang=\"DE\">Klasyczna dyplomatk\u0119 jasny kamel Maya zaprojektowali\u015bmy i uszyli\u015bmy w naszej rodzinnej pracowni w Poznaniu. Uprawiamy krawiectwo tradycyjne, wed\u0142ug starych rzemie\u015blniczych metod. Ca\u0142y proces powstawania p\u0142aszcza jest r\u0119czny, dlatego ka\u017cdy egzemplarz jest wyj\u0105tkowy i niepowtarzalny. W nasze p\u0142aszcze wk\u0142adamy ca\u0142e nasze serca. Dlaczego? Bo p\u0142aszcze to nasza pasja \ud83d\ude42<\/span><\/p>\n<p><strong>Individual order -\u00a0<\/strong>istnieje mo\u017cliwo\u015b\u0107 wykonania pewnych modyfikacji na \u017cyczenie Klienta: skr\u00f3cenie, wyd\u0142u\u017cenie r\u0119kawa, skr\u00f3cenie i wyd\u0142u\u017cenie p\u0142aszcza. Koszt ustalany jest indywidualnie, po uprzednim kontakcie i ustaleniu mo\u017cliwo\u015bci i zakresu prac.<\/p>\n<p><strong>Zam\u00f3wienie indywidualne, personalizowane nie podlega wymianie, ani zwrotowi.<\/strong><\/p>\n<p><span lang=\"DE\">Czas realizacji zam\u00f3wienia uzale\u017cniony jest od aktualnego stanu magazynowego w pracowni oraz dost\u0119pno\u015bci danego koloru materia\u0142u. Je\u015bli dany p\u0142aszcz jest dost\u0119pny realizacja zam\u00f3wienia nast\u0105pi w ci\u0105gu 2-5 dni roboczych. Je\u015bli konieczne jest uszycie p\u0142aszcza lub indywidualizacja zam\u00f3wienia \u2013 wykonanie przer\u00f3bki lub uszycie nowego p\u0142aszcza wed\u0142ug specyfikacji Klienta \u2013 czas realizacji zam\u00f3wienia mo\u017ce ulec wyd\u0142u\u017ceniu, maksymalnie do 2 tygodni.<\/span><\/p>\n<p>Nie szyjemy p\u0142aszczy na magazyn dlatego prosimy o cierpliwo\u015b\u0107, musimy uszy\u0107 ten p\u0142aszczyk dla Ciebie.<\/p>\n<p>Thank you for supporting local crafts.<\/p>\n<p>B\u0105d\u017a z nami na <a href=\"https:\/\/www.facebook.com\/talia.plaszcze\">Fcebook&#8217;u<\/a> i <a href=\"https:\/\/www.instagram.com\/talia_plaszcze\/\">Instagram<\/a>.<\/p>","protected":false},"excerpt":{"rendered":"<p>Klasyczna dyplomatka w kolorze jasny kamel Maya z dwurz\u0119dowym zapi\u0119ciem. P\u0142aszcz zapina si\u0119 na dwa guziki, reszta pe\u0142ni funkcje ozdoby. Mankiety p\u0142aszcza&hellip;<\/p>","protected":false},"featured_media":221,"template":"","meta":{"_acf_changed":false},"product_cat":[55],"product_tag":[56,57,33,37,58,34,38,39,40,41,42,43,46,47,59,49,50,60,51,61,52,62,53,63],"class_list":{"0":"post-3949","1":"product","2":"type-product","3":"status-publish","4":"has-post-thumbnail","6":"product_cat-plaszcze-krotsze","7":"product_tag-bestseller","8":"product_tag-bez-paska","9":"product_tag-dwurzedowy","10":"product_tag-dyplomatka","11":"product_tag-dyplomatka-dwurzedowa","12":"product_tag-handmade","13":"product_tag-kamel","14":"product_tag-klasyczny","15":"product_tag-kolnierz","16":"product_tag-na-podszewce","17":"product_tag-nowosc","18":"product_tag-plaszcz-damski","19":"product_tag-plaszcz-dwurzedowy","20":"product_tag-plaszcz-na-guziki","21":"product_tag-plaszcz-przejsciowy","22":"product_tag-plaszcz-wiosenny","23":"product_tag-plaszcz-z-rewersem","24":"product_tag-producent-plaszczy-damskich","25":"product_tag-prosty","26":"product_tag-recznie-szyty","27":"product_tag-szylkretowe-guziki","28":"product_tag-uszyty-w-polsce","29":"product_tag-welna","30":"product_tag-welniany","32":"first","33":"instock","34":"shipping-taxable","35":"purchasable","36":"product-type-variable","37":"has-default-attributes"},"acf":[],"yoast_head":"<!-- This site is optimized with the Yoast SEO plugin v25.7 - https:\/\/yoast.com\/wordpress\/plugins\/seo\/ -->\n<title>Klasyczna dyplomatka jasny kamel Maya - Talia Fashion - kr\u00f3tki p\u0142aszcz damski<\/title>\n<meta name=\"description\" content=\"Wysokiej jako\u015bci klasyczna dyplomatka jasny kamel w ponadczasowym stylu. Uszyta r\u0119cznie z najwy\u017csz\u0105 staranno\u015bci\u0105 w naszej rodzinnej pracowni.\" \/>\n<meta name=\"robots\" content=\"index, follow, max-snippet:-1, max-image-preview:large, max-video-preview:-1\" \/>\n<link rel=\"canonical\" href=\"https:\/\/talia-fashion.pl\/en\/product\/klasyczna-dyplomatka-jasny-kamel-maya\/\" \/>\n<meta property=\"og:locale\" content=\"en_GB\" \/>\n<meta property=\"og:type\" content=\"article\" \/>\n<meta property=\"og:title\" content=\"Klasyczna dyplomatka jasny kamel Maya - Talia Fashion - kr\u00f3tki p\u0142aszcz damski\" \/>\n<meta property=\"og:description\" content=\"Wysokiej jako\u015bci klasyczna dyplomatka jasny kamel w ponadczasowym stylu. Uszyta r\u0119cznie z najwy\u017csz\u0105 staranno\u015bci\u0105 w naszej rodzinnej pracowni.\" \/>\n<meta property=\"og:url\" content=\"https:\/\/talia-fashion.pl\/en\/product\/klasyczna-dyplomatka-jasny-kamel-maya\/\" \/>\n<meta property=\"og:site_name\" content=\"Talia Fashion\" \/>\n<meta property=\"article:modified_time\" content=\"2026-04-08T06:28:00+00:00\" \/>\n<meta property=\"og:image\" content=\"https:\/\/talia-fashion.pl\/wp-content\/uploads\/2024\/10\/klasyczna-dyplomatka-jasny-kamel-1.jpg\" \/>\n\t<meta property=\"og:image:width\" content=\"1500\" \/>\n\t<meta property=\"og:image:height\" content=\"2000\" \/>\n\t<meta property=\"og:image:type\" content=\"image\/jpeg\" \/>\n<meta name=\"twitter:card\" content=\"summary_large_image\" \/>\n<meta name=\"twitter:label1\" content=\"Estimated reading time\" \/>\n\t<meta name=\"twitter:data1\" content=\"3 minutes\" \/>\n<script type=\"application\/ld+json\" class=\"yoast-schema-graph\">{\"@context\":\"https:\/\/schema.org\",\"@graph\":[{\"@type\":\"WebPage\",\"@id\":\"https:\/\/talia-fashion.pl\/produkt\/klasyczna-dyplomatka-jasny-kamel-maya\/\",\"url\":\"https:\/\/talia-fashion.pl\/produkt\/klasyczna-dyplomatka-jasny-kamel-maya\/\",\"name\":\"Klasyczna dyplomatka jasny kamel Maya - Talia Fashion - kr\u00f3tki p\u0142aszcz damski\",\"isPartOf\":{\"@id\":\"https:\/\/talia-fashion.pl\/#website\"},\"primaryImageOfPage\":{\"@id\":\"https:\/\/talia-fashion.pl\/produkt\/klasyczna-dyplomatka-jasny-kamel-maya\/#primaryimage\"},\"image\":{\"@id\":\"https:\/\/talia-fashion.pl\/produkt\/klasyczna-dyplomatka-jasny-kamel-maya\/#primaryimage\"},\"thumbnailUrl\":\"https:\/\/talia-fashion.pl\/wp-content\/uploads\/2024\/10\/klasyczna-dyplomatka-jasny-kamel-1.jpg\",\"datePublished\":\"2018-08-07T18:18:16+00:00\",\"dateModified\":\"2026-04-08T06:28:00+00:00\",\"description\":\"Wysokiej jako\u015bci klasyczna dyplomatka jasny kamel w ponadczasowym stylu. Uszyta r\u0119cznie z najwy\u017csz\u0105 staranno\u015bci\u0105 w naszej rodzinnej pracowni.\",\"breadcrumb\":{\"@id\":\"https:\/\/talia-fashion.pl\/produkt\/klasyczna-dyplomatka-jasny-kamel-maya\/#breadcrumb\"},\"inLanguage\":\"en-GB\",\"potentialAction\":[{\"@type\":\"ReadAction\",\"target\":[\"https:\/\/talia-fashion.pl\/produkt\/klasyczna-dyplomatka-jasny-kamel-maya\/\"]}]},{\"@type\":\"ImageObject\",\"inLanguage\":\"en-GB\",\"@id\":\"https:\/\/talia-fashion.pl\/produkt\/klasyczna-dyplomatka-jasny-kamel-maya\/#primaryimage\",\"url\":\"https:\/\/talia-fashion.pl\/wp-content\/uploads\/2024\/10\/klasyczna-dyplomatka-jasny-kamel-1.jpg\",\"contentUrl\":\"https:\/\/talia-fashion.pl\/wp-content\/uploads\/2024\/10\/klasyczna-dyplomatka-jasny-kamel-1.jpg\",\"width\":1500,\"height\":2000,\"caption\":\"Klasyczna dyplomatka w kolorze jasny kamel z ciemnymi guzikami\"},{\"@type\":\"BreadcrumbList\",\"@id\":\"https:\/\/talia-fashion.pl\/produkt\/klasyczna-dyplomatka-jasny-kamel-maya\/#breadcrumb\",\"itemListElement\":[{\"@type\":\"ListItem\",\"position\":1,\"name\":\"Strona g\u0142\u00f3wna\",\"item\":\"https:\/\/talia-fashion.pl\/\"},{\"@type\":\"ListItem\",\"position\":2,\"name\":\"Sklep\",\"item\":\"https:\/\/talia-fashion.pl\/sklep\/\"},{\"@type\":\"ListItem\",\"position\":3,\"name\":\"Klasyczna dyplomatka jasny kamel Maya\"}]},{\"@type\":\"WebSite\",\"@id\":\"https:\/\/talia-fashion.pl\/#website\",\"url\":\"https:\/\/talia-fashion.pl\/\",\"name\":\"Talia Fashion\",\"description\":\"\",\"potentialAction\":[{\"@type\":\"SearchAction\",\"target\":{\"@type\":\"EntryPoint\",\"urlTemplate\":\"https:\/\/talia-fashion.pl\/?s={search_term_string}\"},\"query-input\":{\"@type\":\"PropertyValueSpecification\",\"valueRequired\":true,\"valueName\":\"search_term_string\"}}],\"inLanguage\":\"en-GB\"}]}<\/script>\n<!-- \/ Yoast SEO plugin. -->","yoast_head_json":{"title":"Klasyczna dyplomatka jasny kamel Maya - Talia Fashion - kr\u00f3tki p\u0142aszcz damski","description":"Wysokiej jako\u015bci klasyczna dyplomatka jasny kamel w ponadczasowym stylu. Uszyta r\u0119cznie z najwy\u017csz\u0105 staranno\u015bci\u0105 w naszej rodzinnej pracowni.","robots":{"index":"index","follow":"follow","max-snippet":"max-snippet:-1","max-image-preview":"max-image-preview:large","max-video-preview":"max-video-preview:-1"},"canonical":"https:\/\/talia-fashion.pl\/en\/product\/klasyczna-dyplomatka-jasny-kamel-maya\/","og_locale":"en_GB","og_type":"article","og_title":"Klasyczna dyplomatka jasny kamel Maya - Talia Fashion - kr\u00f3tki p\u0142aszcz damski","og_description":"Wysokiej jako\u015bci klasyczna dyplomatka jasny kamel w ponadczasowym stylu. Uszyta r\u0119cznie z najwy\u017csz\u0105 staranno\u015bci\u0105 w naszej rodzinnej pracowni.","og_url":"https:\/\/talia-fashion.pl\/en\/product\/klasyczna-dyplomatka-jasny-kamel-maya\/","og_site_name":"Talia Fashion","article_modified_time":"2026-04-08T06:28:00+00:00","og_image":[{"width":1500,"height":2000,"url":"https:\/\/talia-fashion.pl\/wp-content\/uploads\/2024\/10\/klasyczna-dyplomatka-jasny-kamel-1.jpg","type":"image\/jpeg"}],"twitter_card":"summary_large_image","twitter_misc":{"Estimated reading time":"3 minutes"},"schema":{"@context":"https:\/\/schema.org","@graph":[{"@type":"WebPage","@id":"https:\/\/talia-fashion.pl\/produkt\/klasyczna-dyplomatka-jasny-kamel-maya\/","url":"https:\/\/talia-fashion.pl\/produkt\/klasyczna-dyplomatka-jasny-kamel-maya\/","name":"Klasyczna dyplomatka jasny kamel Maya - Talia Fashion - kr\u00f3tki p\u0142aszcz damski","isPartOf":{"@id":"https:\/\/talia-fashion.pl\/#website"},"primaryImageOfPage":{"@id":"https:\/\/talia-fashion.pl\/produkt\/klasyczna-dyplomatka-jasny-kamel-maya\/#primaryimage"},"image":{"@id":"https:\/\/talia-fashion.pl\/produkt\/klasyczna-dyplomatka-jasny-kamel-maya\/#primaryimage"},"thumbnailUrl":"https:\/\/talia-fashion.pl\/wp-content\/uploads\/2024\/10\/klasyczna-dyplomatka-jasny-kamel-1.jpg","datePublished":"2018-08-07T18:18:16+00:00","dateModified":"2026-04-08T06:28:00+00:00","description":"Wysokiej jako\u015bci klasyczna dyplomatka jasny kamel w ponadczasowym stylu. Uszyta r\u0119cznie z najwy\u017csz\u0105 staranno\u015bci\u0105 w naszej rodzinnej pracowni.","breadcrumb":{"@id":"https:\/\/talia-fashion.pl\/produkt\/klasyczna-dyplomatka-jasny-kamel-maya\/#breadcrumb"},"inLanguage":"en-GB","potentialAction":[{"@type":"ReadAction","target":["https:\/\/talia-fashion.pl\/produkt\/klasyczna-dyplomatka-jasny-kamel-maya\/"]}]},{"@type":"ImageObject","inLanguage":"en-GB","@id":"https:\/\/talia-fashion.pl\/produkt\/klasyczna-dyplomatka-jasny-kamel-maya\/#primaryimage","url":"https:\/\/talia-fashion.pl\/wp-content\/uploads\/2024\/10\/klasyczna-dyplomatka-jasny-kamel-1.jpg","contentUrl":"https:\/\/talia-fashion.pl\/wp-content\/uploads\/2024\/10\/klasyczna-dyplomatka-jasny-kamel-1.jpg","width":1500,"height":2000,"caption":"Klasyczna dyplomatka w kolorze jasny kamel z ciemnymi guzikami"},{"@type":"BreadcrumbList","@id":"https:\/\/talia-fashion.pl\/produkt\/klasyczna-dyplomatka-jasny-kamel-maya\/#breadcrumb","itemListElement":[{"@type":"ListItem","position":1,"name":"Strona g\u0142\u00f3wna","item":"https:\/\/talia-fashion.pl\/"},{"@type":"ListItem","position":2,"name":"Sklep","item":"https:\/\/talia-fashion.pl\/sklep\/"},{"@type":"ListItem","position":3,"name":"Klasyczna dyplomatka jasny kamel Maya"}]},{"@type":"WebSite","@id":"https:\/\/talia-fashion.pl\/#website","url":"https:\/\/talia-fashion.pl\/","name":"Talia Fashion","description":"","potentialAction":[{"@type":"SearchAction","target":{"@type":"EntryPoint","urlTemplate":"https:\/\/talia-fashion.pl\/?s={search_term_string}"},"query-input":{"@type":"PropertyValueSpecification","valueRequired":true,"valueName":"search_term_string"}}],"inLanguage":"en-GB"}]}},"_links":{"self":[{"href":"https:\/\/talia-fashion.pl\/en\/wp-json\/wp\/v2\/product\/3949","targetHints":{"allow":["GET"]}}],"collection":[{"href":"https:\/\/talia-fashion.pl\/en\/wp-json\/wp\/v2\/product"}],"about":[{"href":"https:\/\/talia-fashion.pl\/en\/wp-json\/wp\/v2\/types\/product"}],"wp:featuredmedia":[{"embeddable":true,"href":"https:\/\/talia-fashion.pl\/en\/wp-json\/wp\/v2\/media\/221"}],"wp:attachment":[{"href":"https:\/\/talia-fashion.pl\/en\/wp-json\/wp\/v2\/media?parent=3949"}],"wp:term":[{"taxonomy":"product_cat","embeddable":true,"href":"https:\/\/talia-fashion.pl\/en\/wp-json\/wp\/v2\/product_cat?post=3949"},{"taxonomy":"product_tag","embeddable":true,"href":"https:\/\/talia-fashion.pl\/en\/wp-json\/wp\/v2\/product_tag?post=3949"}],"curies":[{"name":"wp","href":"https:\/\/api.w.org\/{rel}","templated":true}]}}