{"id":262151,"date":"2026-02-27T17:59:23","date_gmt":"2026-02-27T16:59:23","guid":{"rendered":"https:\/\/talia-fashion.pl\/?post_type=product&#038;p=262151"},"modified":"2026-03-15T15:43:50","modified_gmt":"2026-03-15T14:43:50","slug":"krotki-taliowany-plaszcz-z-mieszanki-welnianej-wilma","status":"publish","type":"product","link":"https:\/\/talia-fashion.pl\/en\/product\/krotki-taliowany-plaszcz-z-mieszanki-welnianej-wilma\/","title":{"rendered":"Wilma short waisted wool blend coat"},"content":{"rendered":"<p><strong>Kr\u00f3tki taliowany p\u0142aszcz z mieszanki we\u0142nianej<\/strong> Wilma to nasza najnowsza propozycja<strong> for spring and autumn. <\/strong>P\u0142aszczyk Wilma <span lang=\"DE\">ma <strong>klasycznie wszywany r\u0119kaw, taliowany ty\u0142<\/strong>\u00a0z <strong>rozci\u0119ciem u do\u0142u<\/strong>\u00a0i <strong>padded collar<\/strong> wyko\u0144czony na ostro. <strong>Prz\u00f3d jest profilowany<\/strong>. Tali\u0119 mo\u017cna dodatkowo jeszcze podkre\u015bli\u0107 <strong>belt<\/strong> wykonanym z tej samej tkaniny. P\u0142aszczyk jest dopasowany, podkre\u015bla sylwetk\u0119, nie opinaj\u0105c jej.\u00a0<\/span><span lang=\"DE\">Zapinany <strong>na dwa rz\u0119dy<\/strong>, r\u0119cznie przyszywanych guzik\u00f3w. <strong>Praktyczne kieszenie<\/strong> wszyte po bokach. <strong>D\u0142ugo\u015b\u0107 p\u0142aszcza do po\u0142owy uda<\/strong>. <strong>Subtelne patki na r\u0119kawach<\/strong> wyko\u0144czone guzikiem. <strong>Ozdobna peleryna<\/strong> na plecach.\u00a0<\/span><\/p>\n<p><strong>Kr\u00f3tki taliowany p\u0142aszcz z mieszanki we\u0142nianej<\/strong> Wilma uszyli\u015bmy z mi\u0119kkiego materia\u0142u <span lang=\"DE\">z bardzo dobrej jako\u015bci mieszanki we\u0142nianej o l\u017cejszej gramaturze. <\/span><span lang=\"DE\">Ca\u0142o\u015b\u0107 wyko\u0144czona podszewk\u0105. Dzi\u0119ki temu p\u0142aszczyk doskonale sprawdzi si\u0119 przy kapry\u015bnej, zmiennej aurze. Poniewa\u017c p\u0142aszcz jest oszcz\u0119dny w ozdoby, prze\u0142amali\u015bmy jego minimalistyczny styl ciekaw\u0105 faktur\u0105 i wzorem materia\u0142u oraz kolorem. <\/span><\/p>\n<p><span lang=\"DE\"><strong>P\u0142aszcze to podstawa ka\u017cdej garderoby.<\/strong> W rzeczywisto\u015bci mo\u017cna je nosi\u0107 ca\u0142y rok. Im bardziej klasyczny w kroju p\u0142aszcz, tym bardziej ponadczasowy i zawsze modny. W nowym sezonie nie mog\u0142o zatem zabrakn\u0105\u0107 taliowanych p\u0142aszczy, kt\u00f3re nie tylko podkre\u015blaj\u0105 kobiec\u0105 figur\u0119, ale r\u00f3wnie\u017c dodaj\u0105 szyku. P\u0142aszczyk Wilma to nasza <strong>stylish and functional<\/strong>, kt\u00f3ra pozwala na zestawienie z eleganckimi i casualowymi elementami garderoby. <\/span><span lang=\"DE\">Obowi\u0105zkowa pozycja w szafie kapsu\u0142owej.<br \/>\n<\/span><\/p>\n<p><span lang=\"DE\">Zdj\u0119cie rzeczywiste \u2013 amarantowy melan\u017c<\/span><\/p>\n<p>Available colours<span lang=\"DE\">: amarantowy melan\u017c (przeplataj\u0105 si\u0119 nitki amarantowa, szara)<\/span><\/p>\n<p><span lang=\"DE\">Other colours are shown on other coat models and in the <a href=\"https:\/\/talia-fashion.pl\/en\/paleta-kolorow\/\">Colour palette<\/a>. If in doubt, we will be happy to help.\u00a0<\/span><\/p>\n<p><span lang=\"DE\">Available sizes: XS, S, M, L, XL<\/span><\/p>\n<p>The model is 172cm and a size XS.<\/p>\n<p><span lang=\"DE\">Indicative dimensions:<\/span><\/p>\n<p><span lang=\"DE\">XS \u2013 biust: 86-88 \/ biodra 94-96 \/ d\u0142ugo\u015b\u0107: 87 \/ szeroko\u015b\u0107 ramion 34,5-35 \/r\u0119kaw 61<br \/>\nS \u2013 biust: 90-92 \/ biodra: 98-100 \/ d\u0142ugo\u015b\u0107: 87 \/ szeroko\u015b\u0107 ramion 35,5-36 \/ r\u0119kaw: 62<br \/>\nM \u2013 biust: 94-96\u00a0\u00a0\/ biodra: 102-104 \/ d\u0142ugo\u015b\u0107: 88 \/ szeroko\u015b\u0107 ramion 37-37,5 \/ r\u0119kaw: 62<br \/>\nL \u2013 biust: 98-100 \/ biodra: 106-108 \/ d\u0142ugo\u015b\u0107: 88 \/ szeroko\u015b\u0107 ramion 39,5-40 \/ r\u0119kaw: 63<br \/>\nXL \u2013 biust: 104-106 \/ biodra: 112-114 \/ d\u0142ugo\u015b\u0107: 88 \/ szeroko\u015b\u0107 ramion 42-42,5 \/ r\u0119kaw: 64<\/span><\/p>\n<p>We encourage you to read our advice on choosing the right size (\u00a0<a href=\"https:\/\/talia-fashion.pl\/en\/jak-dobrac-rozmiar\/\">How to choose a size?<\/a>\u00a0) and the cut of the coat (\u00a0<a href=\"https:\/\/talia-fashion.pl\/en\/jak-dobrac-plaszcz-do-sylwetki\/\">How do you choose a coat to suit your figure?<\/a>\u00a0).  If in doubt, please contact us.<\/p>\n<p>The model is 172cm and a size S.<\/p>\n<p><span lang=\"DE\">Material: 7<\/span><span lang=\"DE\">0% we\u0142na, 30% poliester<\/span><\/p>\n<p>Podszewka: 55% poliester, 45% wiskoza<\/p>\n<p><span lang=\"DE\">Kr\u00f3tki taliowany p\u0142aszcz z mieszanki we\u0142nianej Wilma zaprojektowali\u015bmy maj\u0105c na uwadze zar\u00f3wno wygod\u0119, jak i estetyk\u0119. Dla nas najwa\u017cne jest by\u015bcie czu\u0142y si\u0119 pi\u0119knie i komfortowo. <strong>P\u0142aszcz uszyli\u015bmy w naszej pracowni w Poznaniu<\/strong>, tradycyjnymi, pracoch\u0142onnymi metodami i mn\u00f3stwem w\u0142o\u017conego serca, a jednocze\u015bnie w spos\u00f3b przyjazny \u015brodowisku. Ka\u017cdy element p\u0142aszcza zosta\u0142 przez nas przemy\u015blany i dopieszczony, tak by zachwyca\u0142 jako\u015bci\u0105.\u00a0\u00a0<\/span><\/p>\n<p><strong>Individual order - <\/strong>Some modifications can be made at the client's request: shortening, lengthening of the sleeve, shortening and lengthening of the coat. Cost to be determined individually, after prior contact. <strong>An individual order is not subject to exchange or refund.<\/strong><\/p>\n<p>Kr\u00f3tki taliowany p\u0142aszcz z mieszanki we\u0142nianej Wilma nale\u017cy czy\u015bci\u0107 chemicznie. Do regularnego od\u015bwie\u017cania p\u0142aszcza polecamy <a href=\"https:\/\/talia-fashion.pl\/en\/product\/szczotka-do-czyszczenia-i-pielegnacji-plaszcza\/\">Brush for cleaning and care<\/a>, which can be purchased in our shop. How to simply look after your coat and enjoy it for years to come is explained in our short guide: <a href=\"https:\/\/talia-fashion.pl\/en\/jak-pielegnowac-i-dbac-o-plaszcz\/\">How to nurture and care for the coat?<\/a> Proper care of garments not only prolongs their lifespan but also contributes to environmental protection.<\/p>\n<p><span lang=\"DE\">Czas realizacji zam\u00f3wienia uzale\u017cniamy od aktualnego stanu magazynowego w pracowni oraz dost\u0119pno\u015bci danego koloru materia\u0142u. Je\u015bli dany p\u0142aszcz jest dost\u0119pny &#8222;od r\u0119ki&#8221; realizacja zam\u00f3wienia nast\u0105pi w ci\u0105gu 2-5 dni roboczych. Je\u015bli konieczne jest uszycie p\u0142aszcza lub indywidualizacja zam\u00f3wienia \u2013 wykonanie przer\u00f3bki lub uszycie nowego p\u0142aszcza wed\u0142ug specyfikacji Klienta \u2013 czas realizacji zam\u00f3wienia mo\u017ce ulec wyd\u0142u\u017ceniu, maksymalnie do 2 tygodni.<\/span><\/p>\n<p>We avoid overproduction and do not sew for stock, so we have to sew this coat for you. And although we try to process orders quickly, sewing a coat takes time and precision. <strong>Thank you for supporting Polish crafts.<\/strong><\/p>\n<p>We encourage you to like our <a href=\"https:\/\/www.instagram.com\/talia_plaszcze\/\">Fanpage on Instagram<\/a>.<\/p>","protected":false},"excerpt":{"rendered":"<p><strong>Kr\u00f3tki taliowany p\u0142aszcz z mieszanki we\u0142nianej<\/strong> Wilma &#8211; wygodny p\u0142aszczyk o dopasowanym do sylwetki kroju. \u015awietna alternatywa dla katany d\u017cinsowej czy kurtki bomberki. Funkcjonalny i stylowy.<\/p>","protected":false},"featured_media":262387,"template":"","meta":{"_acf_changed":false},"product_cat":[31,55],"product_tag":[424,163,89,78,420,32,37,176,34,340,39,90,74,388,41,42,413,43,423,68,96,47,150,85,49,50,125,60,177,262,263,53,88],"class_list":{"0":"post-262151","1":"product","2":"type-product","3":"status-publish","4":"has-post-thumbnail","6":"product_cat-nowosci","7":"product_cat-plaszcze-krotsze","8":"product_tag-amarant","9":"product_tag-bezowy-plaszcz","10":"product_tag-cieply","11":"product_tag-dla-roznych-sylwetek","12":"product_tag-dlugosc-do-polowy-uda","13":"product_tag-dopasowany-kroj","14":"product_tag-dyplomatka","15":"product_tag-flausz","16":"product_tag-handmade","17":"product_tag-jesionka","18":"product_tag-klasyczny","19":"product_tag-krotki-plaszcz","20":"product_tag-kurtka-damska","21":"product_tag-kurtka-na-wiosne","22":"product_tag-na-podszewce","23":"product_tag-nowosc","24":"product_tag-palto","25":"product_tag-plaszcz-damski","26":"product_tag-plaszcz-dyplomatka","27":"product_tag-plaszcz-jesienny","28":"product_tag-plaszcz-na-chlodne-dni","29":"product_tag-plaszcz-na-guziki","30":"product_tag-plaszcz-taliowany","31":"product_tag-plaszcz-welniany","32":"product_tag-plaszcz-wiosenny","33":"product_tag-plaszcz-z-rewersem","34":"product_tag-polskie-rzemioslo","35":"product_tag-producent-plaszczy-damskich","36":"product_tag-szlafrokowy-kroj","37":"product_tag-taliowany","38":"product_tag-taliowany-plaszcz","39":"product_tag-welna","40":"product_tag-wiazany","42":"first","43":"instock","44":"shipping-taxable","45":"purchasable","46":"product-type-variable","47":"has-default-attributes"},"acf":[],"yoast_head":"<!-- This site is optimized with the Yoast SEO plugin v25.7 - https:\/\/yoast.com\/wordpress\/plugins\/seo\/ -->\n<title>Kr\u00f3tki taliowany p\u0142aszcz z mieszanki we\u0142nianej Wilma - Talia Fashion - p\u0142aszcz damski<\/title>\n<meta name=\"description\" content=\"Kr\u00f3tki taliowany p\u0142aszcz z mieszanki we\u0142nianej to stylowy i funkcjonalny p\u0142aszcz przej\u015bciowy. Zaprojektowany z dba\u0142o\u015bci\u0105 o ka\u017cdy detal. Szyty w Polsce.\" \/>\n<meta name=\"robots\" content=\"index, follow, max-snippet:-1, max-image-preview:large, max-video-preview:-1\" \/>\n<link rel=\"canonical\" href=\"https:\/\/talia-fashion.pl\/en\/product\/krotki-taliowany-plaszcz-z-mieszanki-welnianej-wilma\/\" \/>\n<meta property=\"og:locale\" content=\"en_GB\" \/>\n<meta property=\"og:type\" content=\"article\" \/>\n<meta property=\"og:title\" content=\"Kr\u00f3tki taliowany p\u0142aszcz z mieszanki we\u0142nianej Wilma - Talia Fashion - p\u0142aszcz damski\" \/>\n<meta property=\"og:description\" content=\"Kr\u00f3tki taliowany p\u0142aszcz z mieszanki we\u0142nianej to stylowy i funkcjonalny p\u0142aszcz przej\u015bciowy. Zaprojektowany z dba\u0142o\u015bci\u0105 o ka\u017cdy detal. Szyty w Polsce.\" \/>\n<meta property=\"og:url\" content=\"https:\/\/talia-fashion.pl\/en\/product\/krotki-taliowany-plaszcz-z-mieszanki-welnianej-wilma\/\" \/>\n<meta property=\"og:site_name\" content=\"Talia Fashion\" \/>\n<meta property=\"article:modified_time\" content=\"2026-03-15T14:43:50+00:00\" \/>\n<meta property=\"og:image\" content=\"https:\/\/talia-fashion.pl\/wp-content\/uploads\/2026\/02\/krotki-taliowany-plaszcz-przejsciowy-mieszanka-welniana-dyplomatka.jpg\" \/>\n\t<meta property=\"og:image:width\" content=\"1200\" \/>\n\t<meta property=\"og:image:height\" content=\"1600\" \/>\n\t<meta property=\"og:image:type\" content=\"image\/jpeg\" \/>\n<meta name=\"twitter:card\" content=\"summary_large_image\" \/>\n<meta name=\"twitter:label1\" content=\"Estimated reading time\" \/>\n\t<meta name=\"twitter:data1\" content=\"3 minutes\" \/>\n<script type=\"application\/ld+json\" class=\"yoast-schema-graph\">{\"@context\":\"https:\/\/schema.org\",\"@graph\":[{\"@type\":\"WebPage\",\"@id\":\"https:\/\/talia-fashion.pl\/produkt\/krotki-taliowany-plaszcz-z-mieszanki-welnianej-wilma\/\",\"url\":\"https:\/\/talia-fashion.pl\/produkt\/krotki-taliowany-plaszcz-z-mieszanki-welnianej-wilma\/\",\"name\":\"Kr\u00f3tki taliowany p\u0142aszcz z mieszanki we\u0142nianej Wilma - Talia Fashion - p\u0142aszcz damski\",\"isPartOf\":{\"@id\":\"https:\/\/talia-fashion.pl\/#website\"},\"primaryImageOfPage\":{\"@id\":\"https:\/\/talia-fashion.pl\/produkt\/krotki-taliowany-plaszcz-z-mieszanki-welnianej-wilma\/#primaryimage\"},\"image\":{\"@id\":\"https:\/\/talia-fashion.pl\/produkt\/krotki-taliowany-plaszcz-z-mieszanki-welnianej-wilma\/#primaryimage\"},\"thumbnailUrl\":\"https:\/\/talia-fashion.pl\/wp-content\/uploads\/2026\/02\/krotki-taliowany-plaszcz-przejsciowy-mieszanka-welniana-dyplomatka.jpg\",\"datePublished\":\"2026-02-27T16:59:23+00:00\",\"dateModified\":\"2026-03-15T14:43:50+00:00\",\"description\":\"Kr\u00f3tki taliowany p\u0142aszcz z mieszanki we\u0142nianej to stylowy i funkcjonalny p\u0142aszcz przej\u015bciowy. Zaprojektowany z dba\u0142o\u015bci\u0105 o ka\u017cdy detal. Szyty w Polsce.\",\"breadcrumb\":{\"@id\":\"https:\/\/talia-fashion.pl\/produkt\/krotki-taliowany-plaszcz-z-mieszanki-welnianej-wilma\/#breadcrumb\"},\"inLanguage\":\"en-GB\",\"potentialAction\":[{\"@type\":\"ReadAction\",\"target\":[\"https:\/\/talia-fashion.pl\/produkt\/krotki-taliowany-plaszcz-z-mieszanki-welnianej-wilma\/\"]}]},{\"@type\":\"ImageObject\",\"inLanguage\":\"en-GB\",\"@id\":\"https:\/\/talia-fashion.pl\/produkt\/krotki-taliowany-plaszcz-z-mieszanki-welnianej-wilma\/#primaryimage\",\"url\":\"https:\/\/talia-fashion.pl\/wp-content\/uploads\/2026\/02\/krotki-taliowany-plaszcz-przejsciowy-mieszanka-welniana-dyplomatka.jpg\",\"contentUrl\":\"https:\/\/talia-fashion.pl\/wp-content\/uploads\/2026\/02\/krotki-taliowany-plaszcz-przejsciowy-mieszanka-welniana-dyplomatka.jpg\",\"width\":1200,\"height\":1600,\"caption\":\"Kr\u00f3tki dopasowany p\u0142aszcz przej\u015bciowy z mieszanki we\u0142nianej w melan\u017cu o nietypowym amarantowo-szarym wybarwieniu.\"},{\"@type\":\"BreadcrumbList\",\"@id\":\"https:\/\/talia-fashion.pl\/produkt\/krotki-taliowany-plaszcz-z-mieszanki-welnianej-wilma\/#breadcrumb\",\"itemListElement\":[{\"@type\":\"ListItem\",\"position\":1,\"name\":\"Strona g\u0142\u00f3wna\",\"item\":\"https:\/\/talia-fashion.pl\/\"},{\"@type\":\"ListItem\",\"position\":2,\"name\":\"Sklep\",\"item\":\"https:\/\/talia-fashion.pl\/sklep\/\"},{\"@type\":\"ListItem\",\"position\":3,\"name\":\"Kr\u00f3tki taliowany p\u0142aszcz z mieszanki we\u0142nianej Wilma\"}]},{\"@type\":\"WebSite\",\"@id\":\"https:\/\/talia-fashion.pl\/#website\",\"url\":\"https:\/\/talia-fashion.pl\/\",\"name\":\"Talia Fashion\",\"description\":\"\",\"potentialAction\":[{\"@type\":\"SearchAction\",\"target\":{\"@type\":\"EntryPoint\",\"urlTemplate\":\"https:\/\/talia-fashion.pl\/?s={search_term_string}\"},\"query-input\":{\"@type\":\"PropertyValueSpecification\",\"valueRequired\":true,\"valueName\":\"search_term_string\"}}],\"inLanguage\":\"en-GB\"}]}<\/script>\n<!-- \/ Yoast SEO plugin. -->","yoast_head_json":{"title":"Kr\u00f3tki taliowany p\u0142aszcz z mieszanki we\u0142nianej Wilma - Talia Fashion - p\u0142aszcz damski","description":"Kr\u00f3tki taliowany p\u0142aszcz z mieszanki we\u0142nianej to stylowy i funkcjonalny p\u0142aszcz przej\u015bciowy. Zaprojektowany z dba\u0142o\u015bci\u0105 o ka\u017cdy detal. Szyty w Polsce.","robots":{"index":"index","follow":"follow","max-snippet":"max-snippet:-1","max-image-preview":"max-image-preview:large","max-video-preview":"max-video-preview:-1"},"canonical":"https:\/\/talia-fashion.pl\/en\/product\/krotki-taliowany-plaszcz-z-mieszanki-welnianej-wilma\/","og_locale":"en_GB","og_type":"article","og_title":"Kr\u00f3tki taliowany p\u0142aszcz z mieszanki we\u0142nianej Wilma - Talia Fashion - p\u0142aszcz damski","og_description":"Kr\u00f3tki taliowany p\u0142aszcz z mieszanki we\u0142nianej to stylowy i funkcjonalny p\u0142aszcz przej\u015bciowy. Zaprojektowany z dba\u0142o\u015bci\u0105 o ka\u017cdy detal. Szyty w Polsce.","og_url":"https:\/\/talia-fashion.pl\/en\/product\/krotki-taliowany-plaszcz-z-mieszanki-welnianej-wilma\/","og_site_name":"Talia Fashion","article_modified_time":"2026-03-15T14:43:50+00:00","og_image":[{"width":1200,"height":1600,"url":"https:\/\/talia-fashion.pl\/wp-content\/uploads\/2026\/02\/krotki-taliowany-plaszcz-przejsciowy-mieszanka-welniana-dyplomatka.jpg","type":"image\/jpeg"}],"twitter_card":"summary_large_image","twitter_misc":{"Estimated reading time":"3 minutes"},"schema":{"@context":"https:\/\/schema.org","@graph":[{"@type":"WebPage","@id":"https:\/\/talia-fashion.pl\/produkt\/krotki-taliowany-plaszcz-z-mieszanki-welnianej-wilma\/","url":"https:\/\/talia-fashion.pl\/produkt\/krotki-taliowany-plaszcz-z-mieszanki-welnianej-wilma\/","name":"Kr\u00f3tki taliowany p\u0142aszcz z mieszanki we\u0142nianej Wilma - Talia Fashion - p\u0142aszcz damski","isPartOf":{"@id":"https:\/\/talia-fashion.pl\/#website"},"primaryImageOfPage":{"@id":"https:\/\/talia-fashion.pl\/produkt\/krotki-taliowany-plaszcz-z-mieszanki-welnianej-wilma\/#primaryimage"},"image":{"@id":"https:\/\/talia-fashion.pl\/produkt\/krotki-taliowany-plaszcz-z-mieszanki-welnianej-wilma\/#primaryimage"},"thumbnailUrl":"https:\/\/talia-fashion.pl\/wp-content\/uploads\/2026\/02\/krotki-taliowany-plaszcz-przejsciowy-mieszanka-welniana-dyplomatka.jpg","datePublished":"2026-02-27T16:59:23+00:00","dateModified":"2026-03-15T14:43:50+00:00","description":"Kr\u00f3tki taliowany p\u0142aszcz z mieszanki we\u0142nianej to stylowy i funkcjonalny p\u0142aszcz przej\u015bciowy. Zaprojektowany z dba\u0142o\u015bci\u0105 o ka\u017cdy detal. Szyty w Polsce.","breadcrumb":{"@id":"https:\/\/talia-fashion.pl\/produkt\/krotki-taliowany-plaszcz-z-mieszanki-welnianej-wilma\/#breadcrumb"},"inLanguage":"en-GB","potentialAction":[{"@type":"ReadAction","target":["https:\/\/talia-fashion.pl\/produkt\/krotki-taliowany-plaszcz-z-mieszanki-welnianej-wilma\/"]}]},{"@type":"ImageObject","inLanguage":"en-GB","@id":"https:\/\/talia-fashion.pl\/produkt\/krotki-taliowany-plaszcz-z-mieszanki-welnianej-wilma\/#primaryimage","url":"https:\/\/talia-fashion.pl\/wp-content\/uploads\/2026\/02\/krotki-taliowany-plaszcz-przejsciowy-mieszanka-welniana-dyplomatka.jpg","contentUrl":"https:\/\/talia-fashion.pl\/wp-content\/uploads\/2026\/02\/krotki-taliowany-plaszcz-przejsciowy-mieszanka-welniana-dyplomatka.jpg","width":1200,"height":1600,"caption":"Kr\u00f3tki dopasowany p\u0142aszcz przej\u015bciowy z mieszanki we\u0142nianej w melan\u017cu o nietypowym amarantowo-szarym wybarwieniu."},{"@type":"BreadcrumbList","@id":"https:\/\/talia-fashion.pl\/produkt\/krotki-taliowany-plaszcz-z-mieszanki-welnianej-wilma\/#breadcrumb","itemListElement":[{"@type":"ListItem","position":1,"name":"Strona g\u0142\u00f3wna","item":"https:\/\/talia-fashion.pl\/"},{"@type":"ListItem","position":2,"name":"Sklep","item":"https:\/\/talia-fashion.pl\/sklep\/"},{"@type":"ListItem","position":3,"name":"Kr\u00f3tki taliowany p\u0142aszcz z mieszanki we\u0142nianej Wilma"}]},{"@type":"WebSite","@id":"https:\/\/talia-fashion.pl\/#website","url":"https:\/\/talia-fashion.pl\/","name":"Talia Fashion","description":"","potentialAction":[{"@type":"SearchAction","target":{"@type":"EntryPoint","urlTemplate":"https:\/\/talia-fashion.pl\/?s={search_term_string}"},"query-input":{"@type":"PropertyValueSpecification","valueRequired":true,"valueName":"search_term_string"}}],"inLanguage":"en-GB"}]}},"_links":{"self":[{"href":"https:\/\/talia-fashion.pl\/en\/wp-json\/wp\/v2\/product\/262151","targetHints":{"allow":["GET"]}}],"collection":[{"href":"https:\/\/talia-fashion.pl\/en\/wp-json\/wp\/v2\/product"}],"about":[{"href":"https:\/\/talia-fashion.pl\/en\/wp-json\/wp\/v2\/types\/product"}],"wp:featuredmedia":[{"embeddable":true,"href":"https:\/\/talia-fashion.pl\/en\/wp-json\/wp\/v2\/media\/262387"}],"wp:attachment":[{"href":"https:\/\/talia-fashion.pl\/en\/wp-json\/wp\/v2\/media?parent=262151"}],"wp:term":[{"taxonomy":"product_cat","embeddable":true,"href":"https:\/\/talia-fashion.pl\/en\/wp-json\/wp\/v2\/product_cat?post=262151"},{"taxonomy":"product_tag","embeddable":true,"href":"https:\/\/talia-fashion.pl\/en\/wp-json\/wp\/v2\/product_tag?post=262151"}],"curies":[{"name":"wp","href":"https:\/\/api.w.org\/{rel}","templated":true}]}}