{"id":262145,"date":"2026-02-27T16:51:57","date_gmt":"2026-02-27T15:51:57","guid":{"rendered":"https:\/\/talia-fashion.pl\/?post_type=product&#038;p=262145"},"modified":"2026-04-13T13:15:16","modified_gmt":"2026-04-13T11:15:16","slug":"dlugi-bawelniany-trencz-damski-z-dwurzedowym-zapieciem-matilde","status":"publish","type":"product","link":"https:\/\/talia-fashion.pl\/en\/product\/dlugi-bawelniany-trencz-damski-z-dwurzedowym-zapieciem-matilde\/","title":{"rendered":"Women's long cotton trench with double-breasted fastening Matilde"},"content":{"rendered":"<p><strong>D\u0142ugi bawe\u0142niany trencz damski z dwurz\u0119dowym zapi\u0119ciem<\/strong> Matilde to nasza najnowsza propozycja <strong>na przej\u015bciowe pory roku.<\/strong>\u00a0 Nasz bestsellerowy model uszyli\u015bmy <strong>w d\u0142ugo\u015bci maxi<\/strong>, z <strong>grubej tkaniny bawe\u0142nianej<\/strong> o splocie diagonalnym, w <strong>ikonicznym be\u017cowym odcieniu<\/strong>. Wn\u0119trze wyko\u0144czyli\u015bmy <strong>oddychaj\u0105c\u0105 podszewk\u0105<\/strong>. <span lang=\"DE\">Przody p\u0142aszcza zosta\u0142y dodatkowo podklejone bardzo delikatn\u0105 stabilizuj\u0105c\u0105 klejonk\u0105 nadaj\u0105c\u0105 trenczowi luksusowego wygl\u0105du. <\/span>To idealny wyb\u00f3r dla os\u00f3b, kt\u00f3re ceni\u0105 <strong>modern classics<\/strong>. Projektuj\u0105c go celowo inspirowali\u015bmy si\u0119 stylem &#8222;Bristish core&#8221;,\u00a0 kt\u00f3ry stawia na jako\u015b\u0107, ponadczasowo\u015b\u0107 i praktyczno\u015b\u0107. Zale\u017ca\u0142o nam, by nasz trencz pozosta\u0142 elegancki, funkcjonalny i modny niezale\u017cnie od zmieniaj\u0105cych si\u0119 trend\u00f3w. Nie by\u0142 tylko sezonow\u0105 zachciank\u0105 a ulubionym elementem garderoby, w kt\u00f3rym czujesz si\u0119 dobrze i po kt\u00f3ry si\u0119gasz, gdy nie masz pomys\u0142u, co za\u0142o\u017cy\u0107.<\/p>\n<p><strong>D\u0142ugi bawe\u0142niany trencz damski z dwurz\u0119dowym zapi\u0119ciem<\/strong> Matilde ma <strong>collar with flaps<\/strong>, <strong>raglan sleeve<\/strong>, pagony na ramionach i ozdobne paski na r\u0119kawach. <span lang=\"DE\"><strong>Zapinany dwurz\u0119dowo na guziki<\/strong>, stanowi\u0105ce jednocze\u015bnie ozdob\u0119 p\u0142aszczyka. Na plecach i z przodu <strong>ozobne peleryny<\/strong> wyko\u0144czone guzikiem. <strong>Dwie, boczne kieszenie,<\/strong> dodaj\u0105ce praktyczno\u015bci. Z ty\u0142u, na dole p\u0142aszcza znajduje si\u0119 rozporek wyd\u0142u\u017caj\u0105cy optycznie sylwetk\u0119, dzi\u0119ki kt\u00f3remu trencz jest komfortowy w chodzeniu, mimo jego d\u0142ugo\u015bci. <strong>Wi\u0105zany<\/strong>. Pasek idealnie pos\u0142u\u017cy do podkre\u015blenia talii. Polecam r\u00f3wnie\u017c <strong>wi\u0105zanie paska na tyle<\/strong>. Doda to nonszalancji i luzu oraz podkre\u015bli sylwetk\u0119 w bardziej nietypowy spos\u00f3b.<\/span><\/p>\n<p>Zdj\u0119cie rzeczywiste \u2013 caffe latte<\/p>\n<p>Dost\u0119pne kolory &#8211; caffe latte<\/p>\n<p>All colours are presented in our <a href=\"https:\/\/talia-fashion.pl\/en\/paleta-kolorow\/\">Colour palette,<\/a> a tak\u017ce na zdj\u0119ciach produkt\u00f3w na odr\u0119bnych aukcjach. W razie w\u0105tpliwo\u015bci, prosimy o kontakt.<\/p>\n<p>Available sizes: XS, S, M, L<\/p>\n<p>Indicative dimensions:<\/p>\n<p>XS &#8211; biust: 86-88 \/ biodra: 94-96 \/ d\u0142ugo\u015b\u0107: 117 \/ r\u0119kaw: 61<br \/>\nS &#8211; biust: 90-92 \/ biodra: 98-100 \/ d\u0142ugo\u015b\u0107: 117 \/ r\u0119kaw: 62<br \/>\nM &#8211; biust: 94-96 \/ biodra: 102-104 \/ d\u0142ugo\u015b\u0107: 118 \/ r\u0119kaw: 62<br \/>\nL - bust: 98-100 \/ hips: 106-108 \/ length: 118 \/ sleeve: 63<\/p>\n<p><span lang=\"DE\">Jak si\u0119 zmierzy\u0107 i jaki wybra\u0107 rozmiar podpowiadamy w naszym kr\u00f3tkim poradniku: <a href=\"https:\/\/talia-fashion.pl\/en\/jak-dobrac-rozmiar\/\">How to choose a size?<\/a><\/span><br \/>\n<span lang=\"DE\">If you are unsure of your size selection, please contact us.<\/span><\/p>\n<p><strong>D\u0142ugi bawe\u0142niany trencz damski z dwurz\u0119dowym zapi\u0119ciem<\/strong> Matilde ma starannie dopracowany fason, kt\u00f3ry podkre\u015bla sylwetk\u0119, a jednocze\u015bnie zapewnia komfort i przestronno\u015b\u0107, umo\u017cliwiaj\u0105c noszenie swetra lub marynarki. Raglanowa konstrukcja r\u0119kaw\u00f3w zapewnia swobod\u0119 ruch\u00f3w, a dodatkowe zaszewki modeluj\u0105 i akcentuj\u0105 figur\u0119. Mo\u017cna te\u017c wi\u0105za\u0107 go paskiem, dla lepszego dopasowania. Trencz \u015bwietnie prezentuje si\u0119 zar\u00f3wno w za du\u017cym rozmiarze, jak i w wersji dopasowanej. Wypada lu\u017aniejszy, ale nie oversizowy. Je\u015bli zastanawiasz si\u0119 jaki wybra\u0107 p\u0142aszcz, proponujemy zapozna\u0107 si\u0119 z naszymi wskaz\u00f3wkami <a href=\"https:\/\/talia-fashion.pl\/en\/jak-dobrac-plaszcz-do-sylwetki\/\">How do you choose a coat to suit your figure?<\/a><\/p>\n<p>The model is 172cm and a size S.<\/p>\n<p>Materia\u0142: bawe\u0142na 98%, elastan 2%<\/p>\n<p>Lining: 50% acetate, 50% viscose<br \/>\nLike viscose, acetate is produced from cellulose. Acetate yarn can also be made from recycled cellulose such as paper. The acetate lining is excellent at absorbing moisture, permeable to air and comfortable to wear. It is coated with an antistatic apprettee and is OEKOtex\u00ae Standard 100 certified.<\/p>\n<p>Wszystkie p\u0142aszcze, kurtki, trencze, marynarki projektujemy i od pocz\u0105tku do ko\u0144ca szyjemy w <strong>our family workshop<\/strong>. Uprawiamy tradycyjne krawiectwo. W trenczu Matilde nawet guziki przyszyli\u015bmy r\u0119cznie. Dzi\u0119ki temu, mamy pewno\u015b\u0107, i\u017c trafia do Ciebie produkt stworzony z najwy\u017csz\u0105 precyzj\u0105 i sercem. <span lang=\"DE\">Odkryj nasz trencz damski Matilde i <strong>zachwy\u0107 si\u0119 jako\u015bci\u0105 wykonania<\/strong>.<\/span><\/p>\n<p><span lang=\"DE\">Trencz damski nale\u017cy czy\u015bci\u0107 chemicznie. Nasze kr\u00f3tkie wskaz\u00f3wki pozwol\u0105 cieszy\u0107 si\u0119 nim d\u0142ugie lata <a href=\"https:\/\/talia-fashion.pl\/en\/jak-pielegnowac-i-dbac-o-plaszcz\/\">How to nurture and care for the coat? <\/a>Odpowiednie wieszanie, wietrzenie i unikanie zahacze\u0144 sprawi, \u017ce Tw\u00f3j p\u0142aszcz d\u0142ugo pozostanie pi\u0119kny.<\/span><\/p>\n<p><strong>Individual order - <\/strong>Some modifications can be made at the client's request: shortening, lengthening of the sleeve, shortening and lengthening of the coat. Cost to be determined individually, after prior contact. <strong>An individual order is not subject to exchange or refund.<\/strong><\/p>\n<p><strong>Przedsprzeda\u017c &#8211; realizacja w ci\u0105gu 14 dni.<\/strong><\/p>\n<p>Czas realizacji zam\u00f3wienia uzale\u017cniony jest od aktualnego stanu magazynowego w pracowni oraz dost\u0119pno\u015bci danego koloru materia\u0142u. Je\u015bli dany p\u0142aszcz jest dost\u0119pny &#8222;od r\u0119ki&#8221; realizacja zam\u00f3wienia nast\u0105pi bardzo szybko, w ci\u0105gu 2-5 dni roboczych. Je\u015bli konieczne jest uszycie nowego p\u0142aszcza b\u0105d\u017a indywidualizacja zam\u00f3wienia \u2013 wykonanie przer\u00f3bki lub uszycie nowego p\u0142aszcza wed\u0142ug specyfikacji Klienta\u2013 czas realizacji zam\u00f3wienia mo\u017ce ulec wyd\u0142u\u017ceniu, maksymalnie do 2 tygodni.<\/p>\n<p>Prosimy o cierpliwo\u015b\u0107, w wi\u0119kszo\u015bci przypadk\u00f3w nie szyjemy na magazyn, a uszycie trencza wymaga czasu i precyzji. Od ponad 37 lat pracujemy zgodnie z zasadami zr\u00f3wnowa\u017conego rozwoju a tak\u017ce promujemy polskie, tradycyjne rzemios\u0142o. Dzi\u0119kujemy, \u017ce jeste\u015b z nami. A w wolnej chwili zach\u0119camy do polubienia naszego fanpage\u2019a na <a href=\"https:\/\/www.facebook.com\/talia.plaszcze\">Facebook<\/a>\u00a0i\u00a0<a href=\"https:\/\/www.instagram.com\/talia_plaszcze\/\">Instagram<\/a><\/p>","protected":false},"excerpt":{"rendered":"<p>Trencz damski Matilde \u0142\u0105czy w sobie klasyk\u0119 z nowoczesn\u0105 lini\u0105 ci\u0119cia. Elegancki i funkcjonalny. Model uszyli\u015bmy <strong>w d\u0142ugo\u015bci maxi<\/strong>, z <strong>grubej tkaniny bawe\u0142nianej<\/strong> o splocie diagonalnym, w <strong>ikonicznym be\u017cowym odcieniu<\/strong>.<\/p>","protected":false},"featured_media":262336,"template":"","meta":{"_acf_changed":false},"product_cat":[31,36,27],"product_tag":[396,391,372,78,414,37,34,422,285,80,121,41,42,305,43,44,91,45,68,47,259,84,181,50,69,321,292,53,63,88],"class_list":{"0":"post-262145","1":"product","2":"type-product","3":"status-publish","4":"has-post-thumbnail","6":"product_cat-nowosci","7":"product_cat-plaszcze-dluzsze","8":"product_cat-trencze","9":"product_tag-bawelniany-trencz-damski","10":"product_tag-bezowy-trencz-damski","11":"product_tag-british-core","12":"product_tag-dla-roznych-sylwetek","13":"product_tag-dlugi-plaszcz-damski","14":"product_tag-dyplomatka","15":"product_tag-handmade","16":"product_tag-heritage-vibe","17":"product_tag-hydrofobowa-bawelna","18":"product_tag-luzny-kroj","19":"product_tag-materialy-przyjazne-dla-srodowiska","20":"product_tag-na-podszewce","21":"product_tag-nowosc","22":"product_tag-plaszcz-bezowy","23":"product_tag-plaszcz-damski","24":"product_tag-plaszcz-damski-dlugi","25":"product_tag-plaszcz-damski-zimowy","26":"product_tag-plaszcz-dlugi","27":"product_tag-plaszcz-jesienny","28":"product_tag-plaszcz-na-guziki","29":"product_tag-plaszcz-na-wiosne","30":"product_tag-plaszcz-oversizowy","31":"product_tag-plaszcz-w-jodelke","32":"product_tag-plaszcz-z-rewersem","33":"product_tag-prochowiec","34":"product_tag-raglanowy-rekaw","35":"product_tag-trencz-dwurzedowy","36":"product_tag-welna","37":"product_tag-welniany","38":"product_tag-wiazany","40":"first","41":"instock","42":"shipping-taxable","43":"purchasable","44":"product-type-variable","45":"has-default-attributes"},"acf":[],"yoast_head":"<!-- This site is optimized with the Yoast SEO plugin v25.7 - https:\/\/yoast.com\/wordpress\/plugins\/seo\/ -->\n<title>D\u0142ugi bawe\u0142niany trencz damski z dwurz\u0119dowym zapi\u0119ciem Matilde - trencze<\/title>\n<meta name=\"description\" content=\"D\u0142ugi bawe\u0142niany trencz damski z dwurz\u0119dowym zapi\u0119ciem to ponadczasowy trencz, w ikonicznym kolorze. Stylowy i funkcjonalny. Produkt premium.\" \/>\n<meta name=\"robots\" content=\"index, follow, max-snippet:-1, max-image-preview:large, max-video-preview:-1\" \/>\n<link rel=\"canonical\" href=\"https:\/\/talia-fashion.pl\/en\/product\/dlugi-bawelniany-trencz-damski-z-dwurzedowym-zapieciem-matilde\/\" \/>\n<meta property=\"og:locale\" content=\"en_GB\" \/>\n<meta property=\"og:type\" content=\"article\" \/>\n<meta property=\"og:title\" content=\"D\u0142ugi bawe\u0142niany trencz damski z dwurz\u0119dowym zapi\u0119ciem Matilde - trencze\" \/>\n<meta property=\"og:description\" content=\"D\u0142ugi bawe\u0142niany trencz damski z dwurz\u0119dowym zapi\u0119ciem to ponadczasowy trencz, w ikonicznym kolorze. Stylowy i funkcjonalny. Produkt premium.\" \/>\n<meta property=\"og:url\" content=\"https:\/\/talia-fashion.pl\/en\/product\/dlugi-bawelniany-trencz-damski-z-dwurzedowym-zapieciem-matilde\/\" \/>\n<meta property=\"og:site_name\" content=\"Talia Fashion\" \/>\n<meta property=\"article:modified_time\" content=\"2026-04-13T11:15:16+00:00\" \/>\n<meta property=\"og:image\" content=\"https:\/\/talia-fashion.pl\/wp-content\/uploads\/2026\/02\/dlugi-bawelniany-trencz-dwurzedowy-peleryna-kolnierz-rewers.jpg\" \/>\n\t<meta property=\"og:image:width\" content=\"1200\" \/>\n\t<meta property=\"og:image:height\" content=\"1600\" \/>\n\t<meta property=\"og:image:type\" content=\"image\/jpeg\" \/>\n<meta name=\"twitter:card\" content=\"summary_large_image\" \/>\n<meta name=\"twitter:label1\" content=\"Estimated reading time\" \/>\n\t<meta name=\"twitter:data1\" content=\"4 minutes\" \/>\n<script type=\"application\/ld+json\" class=\"yoast-schema-graph\">{\"@context\":\"https:\/\/schema.org\",\"@graph\":[{\"@type\":\"WebPage\",\"@id\":\"https:\/\/talia-fashion.pl\/produkt\/dlugi-bawelniany-trencz-damski-z-dwurzedowym-zapieciem-matilde\/\",\"url\":\"https:\/\/talia-fashion.pl\/produkt\/dlugi-bawelniany-trencz-damski-z-dwurzedowym-zapieciem-matilde\/\",\"name\":\"D\u0142ugi bawe\u0142niany trencz damski z dwurz\u0119dowym zapi\u0119ciem Matilde - trencze\",\"isPartOf\":{\"@id\":\"https:\/\/talia-fashion.pl\/#website\"},\"primaryImageOfPage\":{\"@id\":\"https:\/\/talia-fashion.pl\/produkt\/dlugi-bawelniany-trencz-damski-z-dwurzedowym-zapieciem-matilde\/#primaryimage\"},\"image\":{\"@id\":\"https:\/\/talia-fashion.pl\/produkt\/dlugi-bawelniany-trencz-damski-z-dwurzedowym-zapieciem-matilde\/#primaryimage\"},\"thumbnailUrl\":\"https:\/\/talia-fashion.pl\/wp-content\/uploads\/2026\/02\/dlugi-bawelniany-trencz-dwurzedowy-peleryna-kolnierz-rewers.jpg\",\"datePublished\":\"2026-02-27T15:51:57+00:00\",\"dateModified\":\"2026-04-13T11:15:16+00:00\",\"description\":\"D\u0142ugi bawe\u0142niany trencz damski z dwurz\u0119dowym zapi\u0119ciem to ponadczasowy trencz, w ikonicznym kolorze. Stylowy i funkcjonalny. Produkt premium.\",\"breadcrumb\":{\"@id\":\"https:\/\/talia-fashion.pl\/produkt\/dlugi-bawelniany-trencz-damski-z-dwurzedowym-zapieciem-matilde\/#breadcrumb\"},\"inLanguage\":\"en-GB\",\"potentialAction\":[{\"@type\":\"ReadAction\",\"target\":[\"https:\/\/talia-fashion.pl\/produkt\/dlugi-bawelniany-trencz-damski-z-dwurzedowym-zapieciem-matilde\/\"]}]},{\"@type\":\"ImageObject\",\"inLanguage\":\"en-GB\",\"@id\":\"https:\/\/talia-fashion.pl\/produkt\/dlugi-bawelniany-trencz-damski-z-dwurzedowym-zapieciem-matilde\/#primaryimage\",\"url\":\"https:\/\/talia-fashion.pl\/wp-content\/uploads\/2026\/02\/dlugi-bawelniany-trencz-dwurzedowy-peleryna-kolnierz-rewers.jpg\",\"contentUrl\":\"https:\/\/talia-fashion.pl\/wp-content\/uploads\/2026\/02\/dlugi-bawelniany-trencz-dwurzedowy-peleryna-kolnierz-rewers.jpg\",\"width\":1200,\"height\":1600,\"caption\":\"D\u0142ugi ponadczasowy trencz damski w be\u017cowym kolorze. Uszyty z grubej, mi\u0119sistej bawe\u0142ny. Ikoniczny model.\"},{\"@type\":\"BreadcrumbList\",\"@id\":\"https:\/\/talia-fashion.pl\/produkt\/dlugi-bawelniany-trencz-damski-z-dwurzedowym-zapieciem-matilde\/#breadcrumb\",\"itemListElement\":[{\"@type\":\"ListItem\",\"position\":1,\"name\":\"Strona g\u0142\u00f3wna\",\"item\":\"https:\/\/talia-fashion.pl\/\"},{\"@type\":\"ListItem\",\"position\":2,\"name\":\"Sklep\",\"item\":\"https:\/\/talia-fashion.pl\/sklep\/\"},{\"@type\":\"ListItem\",\"position\":3,\"name\":\"D\u0142ugi bawe\u0142niany trencz damski z dwurz\u0119dowym zapi\u0119ciem Matilde\"}]},{\"@type\":\"WebSite\",\"@id\":\"https:\/\/talia-fashion.pl\/#website\",\"url\":\"https:\/\/talia-fashion.pl\/\",\"name\":\"Talia Fashion\",\"description\":\"\",\"potentialAction\":[{\"@type\":\"SearchAction\",\"target\":{\"@type\":\"EntryPoint\",\"urlTemplate\":\"https:\/\/talia-fashion.pl\/?s={search_term_string}\"},\"query-input\":{\"@type\":\"PropertyValueSpecification\",\"valueRequired\":true,\"valueName\":\"search_term_string\"}}],\"inLanguage\":\"en-GB\"}]}<\/script>\n<!-- \/ Yoast SEO plugin. -->","yoast_head_json":{"title":"D\u0142ugi bawe\u0142niany trencz damski z dwurz\u0119dowym zapi\u0119ciem Matilde - trencze","description":"D\u0142ugi bawe\u0142niany trencz damski z dwurz\u0119dowym zapi\u0119ciem to ponadczasowy trencz, w ikonicznym kolorze. Stylowy i funkcjonalny. Produkt premium.","robots":{"index":"index","follow":"follow","max-snippet":"max-snippet:-1","max-image-preview":"max-image-preview:large","max-video-preview":"max-video-preview:-1"},"canonical":"https:\/\/talia-fashion.pl\/en\/product\/dlugi-bawelniany-trencz-damski-z-dwurzedowym-zapieciem-matilde\/","og_locale":"en_GB","og_type":"article","og_title":"D\u0142ugi bawe\u0142niany trencz damski z dwurz\u0119dowym zapi\u0119ciem Matilde - trencze","og_description":"D\u0142ugi bawe\u0142niany trencz damski z dwurz\u0119dowym zapi\u0119ciem to ponadczasowy trencz, w ikonicznym kolorze. Stylowy i funkcjonalny. Produkt premium.","og_url":"https:\/\/talia-fashion.pl\/en\/product\/dlugi-bawelniany-trencz-damski-z-dwurzedowym-zapieciem-matilde\/","og_site_name":"Talia Fashion","article_modified_time":"2026-04-13T11:15:16+00:00","og_image":[{"width":1200,"height":1600,"url":"https:\/\/talia-fashion.pl\/wp-content\/uploads\/2026\/02\/dlugi-bawelniany-trencz-dwurzedowy-peleryna-kolnierz-rewers.jpg","type":"image\/jpeg"}],"twitter_card":"summary_large_image","twitter_misc":{"Estimated reading time":"4 minutes"},"schema":{"@context":"https:\/\/schema.org","@graph":[{"@type":"WebPage","@id":"https:\/\/talia-fashion.pl\/produkt\/dlugi-bawelniany-trencz-damski-z-dwurzedowym-zapieciem-matilde\/","url":"https:\/\/talia-fashion.pl\/produkt\/dlugi-bawelniany-trencz-damski-z-dwurzedowym-zapieciem-matilde\/","name":"D\u0142ugi bawe\u0142niany trencz damski z dwurz\u0119dowym zapi\u0119ciem Matilde - trencze","isPartOf":{"@id":"https:\/\/talia-fashion.pl\/#website"},"primaryImageOfPage":{"@id":"https:\/\/talia-fashion.pl\/produkt\/dlugi-bawelniany-trencz-damski-z-dwurzedowym-zapieciem-matilde\/#primaryimage"},"image":{"@id":"https:\/\/talia-fashion.pl\/produkt\/dlugi-bawelniany-trencz-damski-z-dwurzedowym-zapieciem-matilde\/#primaryimage"},"thumbnailUrl":"https:\/\/talia-fashion.pl\/wp-content\/uploads\/2026\/02\/dlugi-bawelniany-trencz-dwurzedowy-peleryna-kolnierz-rewers.jpg","datePublished":"2026-02-27T15:51:57+00:00","dateModified":"2026-04-13T11:15:16+00:00","description":"D\u0142ugi bawe\u0142niany trencz damski z dwurz\u0119dowym zapi\u0119ciem to ponadczasowy trencz, w ikonicznym kolorze. Stylowy i funkcjonalny. Produkt premium.","breadcrumb":{"@id":"https:\/\/talia-fashion.pl\/produkt\/dlugi-bawelniany-trencz-damski-z-dwurzedowym-zapieciem-matilde\/#breadcrumb"},"inLanguage":"en-GB","potentialAction":[{"@type":"ReadAction","target":["https:\/\/talia-fashion.pl\/produkt\/dlugi-bawelniany-trencz-damski-z-dwurzedowym-zapieciem-matilde\/"]}]},{"@type":"ImageObject","inLanguage":"en-GB","@id":"https:\/\/talia-fashion.pl\/produkt\/dlugi-bawelniany-trencz-damski-z-dwurzedowym-zapieciem-matilde\/#primaryimage","url":"https:\/\/talia-fashion.pl\/wp-content\/uploads\/2026\/02\/dlugi-bawelniany-trencz-dwurzedowy-peleryna-kolnierz-rewers.jpg","contentUrl":"https:\/\/talia-fashion.pl\/wp-content\/uploads\/2026\/02\/dlugi-bawelniany-trencz-dwurzedowy-peleryna-kolnierz-rewers.jpg","width":1200,"height":1600,"caption":"D\u0142ugi ponadczasowy trencz damski w be\u017cowym kolorze. Uszyty z grubej, mi\u0119sistej bawe\u0142ny. Ikoniczny model."},{"@type":"BreadcrumbList","@id":"https:\/\/talia-fashion.pl\/produkt\/dlugi-bawelniany-trencz-damski-z-dwurzedowym-zapieciem-matilde\/#breadcrumb","itemListElement":[{"@type":"ListItem","position":1,"name":"Strona g\u0142\u00f3wna","item":"https:\/\/talia-fashion.pl\/"},{"@type":"ListItem","position":2,"name":"Sklep","item":"https:\/\/talia-fashion.pl\/sklep\/"},{"@type":"ListItem","position":3,"name":"D\u0142ugi bawe\u0142niany trencz damski z dwurz\u0119dowym zapi\u0119ciem Matilde"}]},{"@type":"WebSite","@id":"https:\/\/talia-fashion.pl\/#website","url":"https:\/\/talia-fashion.pl\/","name":"Talia Fashion","description":"","potentialAction":[{"@type":"SearchAction","target":{"@type":"EntryPoint","urlTemplate":"https:\/\/talia-fashion.pl\/?s={search_term_string}"},"query-input":{"@type":"PropertyValueSpecification","valueRequired":true,"valueName":"search_term_string"}}],"inLanguage":"en-GB"}]}},"_links":{"self":[{"href":"https:\/\/talia-fashion.pl\/en\/wp-json\/wp\/v2\/product\/262145","targetHints":{"allow":["GET"]}}],"collection":[{"href":"https:\/\/talia-fashion.pl\/en\/wp-json\/wp\/v2\/product"}],"about":[{"href":"https:\/\/talia-fashion.pl\/en\/wp-json\/wp\/v2\/types\/product"}],"wp:featuredmedia":[{"embeddable":true,"href":"https:\/\/talia-fashion.pl\/en\/wp-json\/wp\/v2\/media\/262336"}],"wp:attachment":[{"href":"https:\/\/talia-fashion.pl\/en\/wp-json\/wp\/v2\/media?parent=262145"}],"wp:term":[{"taxonomy":"product_cat","embeddable":true,"href":"https:\/\/talia-fashion.pl\/en\/wp-json\/wp\/v2\/product_cat?post=262145"},{"taxonomy":"product_tag","embeddable":true,"href":"https:\/\/talia-fashion.pl\/en\/wp-json\/wp\/v2\/product_tag?post=262145"}],"curies":[{"name":"wp","href":"https:\/\/api.w.org\/{rel}","templated":true}]}}