{"id":262122,"date":"2026-02-26T12:53:04","date_gmt":"2026-02-26T11:53:04","guid":{"rendered":"https:\/\/talia-fashion.pl\/?post_type=product&#038;p=262122"},"modified":"2026-03-15T15:44:45","modified_gmt":"2026-03-15T14:44:45","slug":"krotki-welniany-plaszcz-wiazany-w-kolorze-turkusowym-wilma","status":"publish","type":"product","link":"https:\/\/talia-fashion.pl\/en\/product\/krotki-welniany-plaszcz-wiazany-w-kolorze-turkusowym-wilma\/","title":{"rendered":"Wilma turquoise short wool tie coat"},"content":{"rendered":"<p><strong>Kr\u00f3tki we\u0142niany p\u0142aszcz wi\u0105zany w kolorze turkusowym<\/strong> Wilma to nasza najnowsza propozycja<strong> na przej\u015bciowe pory roku. <\/strong>P\u0142aszczyk Wilma <span lang=\"DE\">ma <strong>klasycznie wszywany r\u0119kaw, taliowany ty\u0142<\/strong>\u00a0z <strong>rozci\u0119ciem u do\u0142u<\/strong>\u00a0i <strong>padded collar<\/strong> wyko\u0144czony na ostro. <strong>Prz\u00f3d jest profilowany<\/strong>. Tali\u0119 mo\u017cna dodatkowo jeszcze podkre\u015bli\u0107 <strong>belt<\/strong> wykonanym z tej samej tkaniny. P\u0142aszczyk jest dopasowany, podkre\u015bla sylwetk\u0119, nie opinaj\u0105c jej.\u00a0<\/span><span lang=\"DE\">Zapinany <strong>na dwa rz\u0119dy<\/strong>, r\u0119cznie przyszywanych guzik\u00f3w. <strong>Praktyczne kieszenie<\/strong> wszyte po bokach. <strong>D\u0142ugo\u015b\u0107 p\u0142aszcza do po\u0142owy uda<\/strong>. <strong>Subtelne patki na r\u0119kawach<\/strong> wyko\u0144czone guzikiem. <strong>Ozdobna peleryna<\/strong> na plecach.\u00a0<\/span><\/p>\n<p><strong>Kr\u00f3tki we\u0142niany p\u0142aszcz wi\u0105zany w kolorze turkusowym<\/strong> Wilma uszyli\u015bmy z mi\u0119kkiej tkaniny z przewag\u0105 we\u0142ny o l\u017cejszej gramaturze. <span lang=\"DE\">Wn\u0119trze<\/span> wyko\u0144czyli\u015bmy podszewk\u0105. Dzi\u0119ki czemu p\u0142aszczyk zapewnia komfort termiczny i przewiewno\u015b\u0107. Celowo zaprojektowalismy go w takiej d\u0142ugo\u015bci, aby by\u0142 jak najbardziej <strong>wszechstronny<\/strong> i dobrze prezentowa\u0142 si\u0119 na sylwetkach o r\u00f3\u017cnym wzro\u015bcie. Delikatnie swobodny kr\u00f3j nadaje mu lekko\u015bci, nie dominuje proporcji i podkre\u015bla nowoczesny charakter ca\u0142o\u015bci.<\/p>\n<p><strong>Kr\u00f3tki we\u0142niany p\u0142aszcz wi\u0105zany w kolorze turkusowym<\/strong> Wilma to <strong>niezast\u0105piony element szafy kapsu\u0142owej<\/strong>, kt\u00f3ry sprawdzi si\u0119 w niemal ka\u017cdej stylizacji. Dobrze go mie\u0107 zawsze przy sobie. Idealne okrycie wierzchnie na wiosn\u0119, ch\u0142odniejsze lato, i jesie\u0144. Jest <strong>lekki, wygodny<\/strong>\u00a0i <strong>wielofunkcyjny<\/strong>. \u015awietna alternatywa dla klasycznych, d\u0142ugich modeli. Przy tym jest <strong>bardzo stylowy<\/strong>\u00a0i \u015bwietnie dope\u0142ni codzienne looki. D<span lang=\"DE\"><span class=\"ILfuVd\" lang=\"pl\"><span class=\"hgKElc\">o d\u017cins\u00f3w i sneakers\u00f3w, do zwiewnej sukienki i kozak\u00f3w, a mo\u017ce koszula, chinosy damskie i loafersy. Stylizuj i \u0142\u0105cz jak tylko lubisz. <\/span><\/span><\/span><\/p>\n<p>Kolory w 2026 roku skupiaj\u0105 si\u0119 na spokoju i naturze, st\u0105d du\u017cy uk\u0142on w stron\u0119 r\u00f3\u017cnych odcieni niebieskiego i zieleni. Spo\u015br\u00f3d kt\u00f3rych wybrali\u015bmy kolor <strong>turkusowy. <\/strong>O\u017cywczy turkus dodaje \u015bwie\u017co\u015bci i lekko\u015bci. Kojarzony jest z morzem i pozytywn\u0105 energi\u0105. Jest niezwykle uniwersalny \u2014 \u015bwietnie wpisuje si\u0119 zar\u00f3wno w codzienne, jak i bardziej eleganckie stylizacje. Turkus doskonale \u0142\u0105czy si\u0119 z szaro\u015bciami, bordo, czerni\u0105, z\u0142otem czy srebrem, tworz\u0105c harmonijne i sp\u00f3jne zestawy. To <strong>barwa praktyczna i stylowa jednocze\u015bnie. <\/strong>Kolor idealnie dope\u0142nia nasz p\u0142aszczyk Wilma, wpisuj\u0105c go w estetyk\u0119 <em data-start=\"514\" data-end=\"530\">casual classic.\u00a0<\/em><\/p>\n<p>The model is 172cm tall and a size S.<\/p>\n<p>Zdj\u0119cie rzeczywiste: turkusowy diagonal<\/p>\n<p>P\u0142aszcz dost\u0119pny w nast\u0119puj\u0105cych kolorach: <strong>turkusowy diagonal<\/strong> (przeplataj\u0105 si\u0119 3 nitki niebieska, zielona i szara) , be\u017cowy diagonal<\/p>\n<p>Available sizes: XS, S, M, L, XL<\/p>\n<p>All available colours of materials are presented in the pictures of coats in various models and in our\u00a0<a href=\"https:\/\/talia-fashion.pl\/en\/paleta-kolorow\/\">Colour palette<\/a>. If in doubt, please contact us.<\/p>\n<p>Indicative dimensions:<br \/>\n<span lang=\"DE\">XS \u2013 biust: 86-88 \/ biodra 94-96 \/\u00a0 d\u0142ugo\u015b\u0107: 87 \/ szeroko\u015b\u0107 ramion 34,5-35 \/ r\u0119kaw 61<br \/>\nS \u2013 biust: 90-92 \/ biodra: 98-100 \/ d\u0142ugo\u015b\u0107: 88 \/ szeroko\u015b\u0107 ramion 35,5-36 \/ r\u0119kaw: 61<br \/>\nM \u2013 biust: 94-96\u00a0\u00a0\/ biodra: 102-104 \/ d\u0142ugo\u015b\u0107: 88 \/ szeroko\u015b\u0107 ramion 37,5 \/ r\u0119kaw: 62<br \/>\nL \u2013 biust: 98-100 \/ biodra: 106-108 \/ d\u0142ugo\u015b\u0107: 88 \/ szeroko\u015b\u0107 ramion 39,5-40 \/ r\u0119kaw: 63<br \/>\nXL \u2013 biust: 104-106 \/ biodra: 112-114 \/ d\u0142ugo\u015b\u0107: 88 \/ szeroko\u015b\u0107 ramion 42-42,5 \/ r\u0119kaw: 64\u00a0<\/span><\/p>\n<p>Under\u00a0<a href=\"https:\/\/talia-fashion.pl\/en\/jak-dobrac-rozmiar\/\">How to choose a size?<\/a> wyja\u015bniamy jak interpretowa\u0107 wymiary z powy\u017cszej tabeli i dodatkowo podpowiadamy, w jaki spos\u00f3b si\u0119 zmierzy\u0107. Polecamy r\u00f3wnie\u017c zajrze\u0107 do zak\u0142adki: <a href=\"https:\/\/talia-fashion.pl\/en\/jak-dobrac-plaszcz-do-sylwetki\/\">How do you choose a coat to suit your figure?\u00a0<\/a><\/p>\n<p>Materia\u0142: 70% we\u0142na,\u00a0 30% poliester<\/p>\n<p>Podszewka: 55% poliester, 45% wiskoza<\/p>\n<p>Kr\u00f3tki we\u0142niany p\u0142aszcz wi\u0105zany w kolorze turkusowym Wilma zosta\u0142 zaprojektowany i uszyty w <strong>our family workshop<\/strong>. For more than 37 years, we have believed in sustainability and promoted the work of human hands a<strong> craftsmanship is our passion<\/strong>. Wi\u0119kszo\u015b\u0107 naszych p\u0142aszczy i kurtek szyjemy na bie\u017c\u0105co. Dlatego prosimy o cierpliwo\u015b\u0107 w oczekiwaniu na zam\u00f3wienie. Dok\u0142adamy wszelkich stara\u0144, aby jak najszybciej uszy\u0107 ten p\u0142aszczyk dla Ciebie.<\/p>\n<p>P\u0142aszczyk Wilma nale\u017cy czy\u015bci\u0107 chemicznie. Do cz\u0119stego od\u015bwie\u017cania p\u0142aszcza polecamy <a href=\"https:\/\/talia-fashion.pl\/en\/product\/szczotka-do-czyszczenia-i-pielegnacji-plaszcza\/\">Brush for cleaning and care of the coat<\/a>available in our shop. \u00a0<a href=\"https:\/\/talia-fashion.pl\/en\/jak-pielegnowac-i-dbac-o-plaszcz\/\">How do you look after your coat?<\/a> &#8211; podpowiadamy w naszej zak\u0142adce. Dbanie o odzie\u017c i przed\u0142u\u017canie jej \u017cywotno\u015bci, to nie tylko oszcz\u0119dno\u015b\u0107 ale r\u00f3wnie\u017c wyraz troski o \u015brodowisko.<\/p>\n<p><strong>Individual order - <\/strong>Some modifications can be made at the client's request: shortening, lengthening of the sleeve, shortening and lengthening of the coat. Cost to be determined individually, after prior contact. <strong>An individual order is not subject to exchange or refund.<\/strong><\/p>\n<p>Czas realizacji uzale\u017cniamy od aktualnego stanu magazynowego w pracowni oraz dost\u0119pno\u015bci danego koloru materia\u0142u. Je\u015bli dana kurtka jest dost\u0119pna &#8222;od r\u0119ki&#8221; realizacja zam\u00f3wienia nast\u0105pi bardzo szybko w ciagu 2-5 dni roboczych. Je\u015bli konieczne jest uszycie kurtki albo indywidualizacja zam\u00f3wienia \u2013 wykonanie przer\u00f3bki lub uszycie kurtki wed\u0142ug specyfikacji Klienta\u2013 czas realizacji zam\u00f3wienia mo\u017ce ulec wyd\u0142u\u017ceniu, maksymalnie do 2 tygodni.<\/p>\n<p>Thank you for supporting local crafts and please follow us on<a href=\"https:\/\/www.facebook.com\/talia.plaszcze\"> Facebook<\/a> i <a href=\"https:\/\/www.instagram.com\/talia_plaszcze\/\">Instagram<\/a>.<\/p>","protected":false},"excerpt":{"rendered":"<p><strong>Kr\u00f3tki we\u0142niany p\u0142aszcz wi\u0105zany w kolorze turkusowym<\/strong> Wilma to dopasowany, klasyczny p\u0142aszczyk si\u0119gaj\u0105cy do po\u0142owy uda. Lekki, wygodny i stylowy.<\/p>","protected":false},"featured_media":262341,"template":"","meta":{"_acf_changed":false},"product_cat":[31,55],"product_tag":[372,78,33,34,392,340,40,250,90,257,376,74,378,393,388,116,41,297,42,43,46,68,83,47,59,187,49,69,60,51,421],"class_list":{"0":"post-262122","1":"product","2":"type-product","3":"status-publish","4":"has-post-thumbnail","6":"product_cat-nowosci","7":"product_cat-plaszcze-krotsze","8":"product_tag-british-core","9":"product_tag-dla-roznych-sylwetek","10":"product_tag-dwurzedowy","11":"product_tag-handmade","12":"product_tag-harrington-jacket","13":"product_tag-jesionka","14":"product_tag-kolnierz","15":"product_tag-kroj-cropped","16":"product_tag-krotki-plaszcz","17":"product_tag-krotki-trencz-damski","18":"product_tag-kurtka-bomberka","19":"product_tag-kurtka-damska","20":"product_tag-kurtka-jesienna","21":"product_tag-kurtka-khaki","22":"product_tag-kurtka-na-wiosne","23":"product_tag-marynarka","24":"product_tag-na-podszewce","25":"product_tag-niebieski-plaszcz","26":"product_tag-nowosc","27":"product_tag-plaszcz-damski","28":"product_tag-plaszcz-dwurzedowy","29":"product_tag-plaszcz-jesienny","30":"product_tag-plaszcz-luzny","31":"product_tag-plaszcz-na-guziki","32":"product_tag-plaszcz-przejsciowy","33":"product_tag-plaszcz-trencz","34":"product_tag-plaszcz-wiosenny","35":"product_tag-prochowiec","36":"product_tag-producent-plaszczy-damskich","37":"product_tag-prosty","38":"product_tag-teal","40":"first","41":"instock","42":"shipping-taxable","43":"purchasable","44":"product-type-variable","45":"has-default-attributes"},"acf":[],"yoast_head":"<!-- This site is optimized with the Yoast SEO plugin v25.7 - https:\/\/yoast.com\/wordpress\/plugins\/seo\/ -->\n<title>Kr\u00f3tki we\u0142niany p\u0142aszcz wi\u0105zany w kolorze turkusowym Wilma - Talia Fashion - kurtka damska<\/title>\n<meta name=\"description\" content=\"Kr\u00f3tki we\u0142niany p\u0142aszcz wi\u0105zany w kolorze turkusowym to wygodny i dopasowany p\u0142aszczyk do po\u0142owy uda w duchu casual classic. Stylowy i praktyczny.\" \/>\n<meta name=\"robots\" content=\"index, follow, max-snippet:-1, max-image-preview:large, max-video-preview:-1\" \/>\n<link rel=\"canonical\" href=\"https:\/\/talia-fashion.pl\/en\/product\/krotki-welniany-plaszcz-wiazany-w-kolorze-turkusowym-wilma\/\" \/>\n<meta property=\"og:locale\" content=\"en_GB\" \/>\n<meta property=\"og:type\" content=\"article\" \/>\n<meta property=\"og:title\" content=\"Kr\u00f3tki we\u0142niany p\u0142aszcz wi\u0105zany w kolorze turkusowym Wilma - Talia Fashion - kurtka damska\" \/>\n<meta property=\"og:description\" content=\"Kr\u00f3tki we\u0142niany p\u0142aszcz wi\u0105zany w kolorze turkusowym to wygodny i dopasowany p\u0142aszczyk do po\u0142owy uda w duchu casual classic. Stylowy i praktyczny.\" \/>\n<meta property=\"og:url\" content=\"https:\/\/talia-fashion.pl\/en\/product\/krotki-welniany-plaszcz-wiazany-w-kolorze-turkusowym-wilma\/\" \/>\n<meta property=\"og:site_name\" content=\"Talia Fashion\" \/>\n<meta property=\"article:modified_time\" content=\"2026-03-15T14:44:45+00:00\" \/>\n<meta property=\"og:image\" content=\"https:\/\/talia-fashion.pl\/wp-content\/uploads\/2026\/02\/krotki-welniany-plaszcz-mieszanka-welny-kolor-turkusowy.jpg\" \/>\n\t<meta property=\"og:image:width\" content=\"1200\" \/>\n\t<meta property=\"og:image:height\" content=\"1600\" \/>\n\t<meta property=\"og:image:type\" content=\"image\/jpeg\" \/>\n<meta name=\"twitter:card\" content=\"summary_large_image\" \/>\n<meta name=\"twitter:label1\" content=\"Estimated reading time\" \/>\n\t<meta name=\"twitter:data1\" content=\"4 minutes\" \/>\n<script type=\"application\/ld+json\" class=\"yoast-schema-graph\">{\"@context\":\"https:\/\/schema.org\",\"@graph\":[{\"@type\":\"WebPage\",\"@id\":\"https:\/\/talia-fashion.pl\/produkt\/krotki-welniany-plaszcz-wiazany-w-kolorze-turkusowym-wilma\/\",\"url\":\"https:\/\/talia-fashion.pl\/produkt\/krotki-welniany-plaszcz-wiazany-w-kolorze-turkusowym-wilma\/\",\"name\":\"Kr\u00f3tki we\u0142niany p\u0142aszcz wi\u0105zany w kolorze turkusowym Wilma - Talia Fashion - kurtka damska\",\"isPartOf\":{\"@id\":\"https:\/\/talia-fashion.pl\/#website\"},\"primaryImageOfPage\":{\"@id\":\"https:\/\/talia-fashion.pl\/produkt\/krotki-welniany-plaszcz-wiazany-w-kolorze-turkusowym-wilma\/#primaryimage\"},\"image\":{\"@id\":\"https:\/\/talia-fashion.pl\/produkt\/krotki-welniany-plaszcz-wiazany-w-kolorze-turkusowym-wilma\/#primaryimage\"},\"thumbnailUrl\":\"https:\/\/talia-fashion.pl\/wp-content\/uploads\/2026\/02\/krotki-welniany-plaszcz-mieszanka-welny-kolor-turkusowy.jpg\",\"datePublished\":\"2026-02-26T11:53:04+00:00\",\"dateModified\":\"2026-03-15T14:44:45+00:00\",\"description\":\"Kr\u00f3tki we\u0142niany p\u0142aszcz wi\u0105zany w kolorze turkusowym to wygodny i dopasowany p\u0142aszczyk do po\u0142owy uda w duchu casual classic. Stylowy i praktyczny.\",\"breadcrumb\":{\"@id\":\"https:\/\/talia-fashion.pl\/produkt\/krotki-welniany-plaszcz-wiazany-w-kolorze-turkusowym-wilma\/#breadcrumb\"},\"inLanguage\":\"en-GB\",\"potentialAction\":[{\"@type\":\"ReadAction\",\"target\":[\"https:\/\/talia-fashion.pl\/produkt\/krotki-welniany-plaszcz-wiazany-w-kolorze-turkusowym-wilma\/\"]}]},{\"@type\":\"ImageObject\",\"inLanguage\":\"en-GB\",\"@id\":\"https:\/\/talia-fashion.pl\/produkt\/krotki-welniany-plaszcz-wiazany-w-kolorze-turkusowym-wilma\/#primaryimage\",\"url\":\"https:\/\/talia-fashion.pl\/wp-content\/uploads\/2026\/02\/krotki-welniany-plaszcz-mieszanka-welny-kolor-turkusowy.jpg\",\"contentUrl\":\"https:\/\/talia-fashion.pl\/wp-content\/uploads\/2026\/02\/krotki-welniany-plaszcz-mieszanka-welny-kolor-turkusowy.jpg\",\"width\":1200,\"height\":1600,\"caption\":\"Kr\u00f3tki dwurz\u0119dowy p\u0142aszcz z mieszanki we\u0142ny w kolorze turkusowym. Wi\u0105zany. Klasyka na lata w ciakawym wzorze.\"},{\"@type\":\"BreadcrumbList\",\"@id\":\"https:\/\/talia-fashion.pl\/produkt\/krotki-welniany-plaszcz-wiazany-w-kolorze-turkusowym-wilma\/#breadcrumb\",\"itemListElement\":[{\"@type\":\"ListItem\",\"position\":1,\"name\":\"Strona g\u0142\u00f3wna\",\"item\":\"https:\/\/talia-fashion.pl\/\"},{\"@type\":\"ListItem\",\"position\":2,\"name\":\"Sklep\",\"item\":\"https:\/\/talia-fashion.pl\/sklep\/\"},{\"@type\":\"ListItem\",\"position\":3,\"name\":\"Kr\u00f3tki we\u0142niany p\u0142aszcz wi\u0105zany w kolorze turkusowym Wilma\"}]},{\"@type\":\"WebSite\",\"@id\":\"https:\/\/talia-fashion.pl\/#website\",\"url\":\"https:\/\/talia-fashion.pl\/\",\"name\":\"Talia Fashion\",\"description\":\"\",\"potentialAction\":[{\"@type\":\"SearchAction\",\"target\":{\"@type\":\"EntryPoint\",\"urlTemplate\":\"https:\/\/talia-fashion.pl\/?s={search_term_string}\"},\"query-input\":{\"@type\":\"PropertyValueSpecification\",\"valueRequired\":true,\"valueName\":\"search_term_string\"}}],\"inLanguage\":\"en-GB\"}]}<\/script>\n<!-- \/ Yoast SEO plugin. -->","yoast_head_json":{"title":"Kr\u00f3tki we\u0142niany p\u0142aszcz wi\u0105zany w kolorze turkusowym Wilma - Talia Fashion - kurtka damska","description":"Kr\u00f3tki we\u0142niany p\u0142aszcz wi\u0105zany w kolorze turkusowym to wygodny i dopasowany p\u0142aszczyk do po\u0142owy uda w duchu casual classic. Stylowy i praktyczny.","robots":{"index":"index","follow":"follow","max-snippet":"max-snippet:-1","max-image-preview":"max-image-preview:large","max-video-preview":"max-video-preview:-1"},"canonical":"https:\/\/talia-fashion.pl\/en\/product\/krotki-welniany-plaszcz-wiazany-w-kolorze-turkusowym-wilma\/","og_locale":"en_GB","og_type":"article","og_title":"Kr\u00f3tki we\u0142niany p\u0142aszcz wi\u0105zany w kolorze turkusowym Wilma - Talia Fashion - kurtka damska","og_description":"Kr\u00f3tki we\u0142niany p\u0142aszcz wi\u0105zany w kolorze turkusowym to wygodny i dopasowany p\u0142aszczyk do po\u0142owy uda w duchu casual classic. Stylowy i praktyczny.","og_url":"https:\/\/talia-fashion.pl\/en\/product\/krotki-welniany-plaszcz-wiazany-w-kolorze-turkusowym-wilma\/","og_site_name":"Talia Fashion","article_modified_time":"2026-03-15T14:44:45+00:00","og_image":[{"width":1200,"height":1600,"url":"https:\/\/talia-fashion.pl\/wp-content\/uploads\/2026\/02\/krotki-welniany-plaszcz-mieszanka-welny-kolor-turkusowy.jpg","type":"image\/jpeg"}],"twitter_card":"summary_large_image","twitter_misc":{"Estimated reading time":"4 minutes"},"schema":{"@context":"https:\/\/schema.org","@graph":[{"@type":"WebPage","@id":"https:\/\/talia-fashion.pl\/produkt\/krotki-welniany-plaszcz-wiazany-w-kolorze-turkusowym-wilma\/","url":"https:\/\/talia-fashion.pl\/produkt\/krotki-welniany-plaszcz-wiazany-w-kolorze-turkusowym-wilma\/","name":"Kr\u00f3tki we\u0142niany p\u0142aszcz wi\u0105zany w kolorze turkusowym Wilma - Talia Fashion - kurtka damska","isPartOf":{"@id":"https:\/\/talia-fashion.pl\/#website"},"primaryImageOfPage":{"@id":"https:\/\/talia-fashion.pl\/produkt\/krotki-welniany-plaszcz-wiazany-w-kolorze-turkusowym-wilma\/#primaryimage"},"image":{"@id":"https:\/\/talia-fashion.pl\/produkt\/krotki-welniany-plaszcz-wiazany-w-kolorze-turkusowym-wilma\/#primaryimage"},"thumbnailUrl":"https:\/\/talia-fashion.pl\/wp-content\/uploads\/2026\/02\/krotki-welniany-plaszcz-mieszanka-welny-kolor-turkusowy.jpg","datePublished":"2026-02-26T11:53:04+00:00","dateModified":"2026-03-15T14:44:45+00:00","description":"Kr\u00f3tki we\u0142niany p\u0142aszcz wi\u0105zany w kolorze turkusowym to wygodny i dopasowany p\u0142aszczyk do po\u0142owy uda w duchu casual classic. Stylowy i praktyczny.","breadcrumb":{"@id":"https:\/\/talia-fashion.pl\/produkt\/krotki-welniany-plaszcz-wiazany-w-kolorze-turkusowym-wilma\/#breadcrumb"},"inLanguage":"en-GB","potentialAction":[{"@type":"ReadAction","target":["https:\/\/talia-fashion.pl\/produkt\/krotki-welniany-plaszcz-wiazany-w-kolorze-turkusowym-wilma\/"]}]},{"@type":"ImageObject","inLanguage":"en-GB","@id":"https:\/\/talia-fashion.pl\/produkt\/krotki-welniany-plaszcz-wiazany-w-kolorze-turkusowym-wilma\/#primaryimage","url":"https:\/\/talia-fashion.pl\/wp-content\/uploads\/2026\/02\/krotki-welniany-plaszcz-mieszanka-welny-kolor-turkusowy.jpg","contentUrl":"https:\/\/talia-fashion.pl\/wp-content\/uploads\/2026\/02\/krotki-welniany-plaszcz-mieszanka-welny-kolor-turkusowy.jpg","width":1200,"height":1600,"caption":"Kr\u00f3tki dwurz\u0119dowy p\u0142aszcz z mieszanki we\u0142ny w kolorze turkusowym. Wi\u0105zany. Klasyka na lata w ciakawym wzorze."},{"@type":"BreadcrumbList","@id":"https:\/\/talia-fashion.pl\/produkt\/krotki-welniany-plaszcz-wiazany-w-kolorze-turkusowym-wilma\/#breadcrumb","itemListElement":[{"@type":"ListItem","position":1,"name":"Strona g\u0142\u00f3wna","item":"https:\/\/talia-fashion.pl\/"},{"@type":"ListItem","position":2,"name":"Sklep","item":"https:\/\/talia-fashion.pl\/sklep\/"},{"@type":"ListItem","position":3,"name":"Kr\u00f3tki we\u0142niany p\u0142aszcz wi\u0105zany w kolorze turkusowym Wilma"}]},{"@type":"WebSite","@id":"https:\/\/talia-fashion.pl\/#website","url":"https:\/\/talia-fashion.pl\/","name":"Talia Fashion","description":"","potentialAction":[{"@type":"SearchAction","target":{"@type":"EntryPoint","urlTemplate":"https:\/\/talia-fashion.pl\/?s={search_term_string}"},"query-input":{"@type":"PropertyValueSpecification","valueRequired":true,"valueName":"search_term_string"}}],"inLanguage":"en-GB"}]}},"_links":{"self":[{"href":"https:\/\/talia-fashion.pl\/en\/wp-json\/wp\/v2\/product\/262122","targetHints":{"allow":["GET"]}}],"collection":[{"href":"https:\/\/talia-fashion.pl\/en\/wp-json\/wp\/v2\/product"}],"about":[{"href":"https:\/\/talia-fashion.pl\/en\/wp-json\/wp\/v2\/types\/product"}],"wp:featuredmedia":[{"embeddable":true,"href":"https:\/\/talia-fashion.pl\/en\/wp-json\/wp\/v2\/media\/262341"}],"wp:attachment":[{"href":"https:\/\/talia-fashion.pl\/en\/wp-json\/wp\/v2\/media?parent=262122"}],"wp:term":[{"taxonomy":"product_cat","embeddable":true,"href":"https:\/\/talia-fashion.pl\/en\/wp-json\/wp\/v2\/product_cat?post=262122"},{"taxonomy":"product_tag","embeddable":true,"href":"https:\/\/talia-fashion.pl\/en\/wp-json\/wp\/v2\/product_tag?post=262122"}],"curies":[{"name":"wp","href":"https:\/\/api.w.org\/{rel}","templated":true}]}}