{"id":262103,"date":"2026-02-26T05:56:55","date_gmt":"2026-02-26T04:56:55","guid":{"rendered":"https:\/\/talia-fashion.pl\/?post_type=product&#038;p=262103"},"modified":"2026-04-09T11:59:25","modified_gmt":"2026-04-09T09:59:25","slug":"dwurzedowy-krotki-plaszcz-z-welna-szary-diagonal-wilma","status":"publish","type":"product","link":"https:\/\/talia-fashion.pl\/en\/product\/dwurzedowy-krotki-plaszcz-z-welna-szary-diagonal-wilma\/","title":{"rendered":"Double-breasted short coat with wool grey twill Wilma"},"content":{"rendered":"<p><strong>Dwurz\u0119dowy kr\u00f3tki p\u0142aszcz z we\u0142n\u0105 szary diagonal<\/strong> Wilma to nasza propozycja <strong>eleganckiego i nieco kr\u00f3tszego p\u0142aszcza na przej\u015bciowe pory roku<\/strong>. Celowo uszyli\u015bmy go w takiej d\u0142ugo\u015bci, by by\u0142 bardziej uniwersalny i mog\u0142y si\u0119 nim cieszy\u0107 Panie niezale\u017cnie od wzrostu. <strong>Lekko swobodna linia <\/strong>&#8211; zachowuje dzi\u0119ki temu lekko\u015b\u0107, nie przyt\u0142acza i nadaje ca\u0142o\u015bci nowoczesny charakter. Wykonali\u015bmy go z <strong>mi\u0119sistej mieszanki we\u0142ny o l\u017cejszej gramaturze<\/strong> w ciekawym, delikatnym wzorze. <strong>Diagonal<\/strong> &#8211; <span lang=\"DE\">powstaje ze sko\u015bnych splot\u00f3w pr\u0105\u017ck\u00f3w w dw\u00f3ch odcieniach, w tym przypadku &#8211; szaro\u015bci. Dzi\u0119ki temu tworzy si\u0119, przyci\u0105gaj\u0105cy oko, dese\u0144, b\u0119d\u0105cy g\u0142\u00f3wn\u0105 ozdob\u0105 tego minimalistycznego p\u0142aszcza. Wn\u0119trze<\/span> wyko\u0144czone podszewk\u0105. P\u0142aszczyk zapewni ciep\u0142o w ch\u0142odniejsze dni i przewiewno\u015b\u0107, gdy wzro\u015bnie temperatura. Jednocze\u015bnie jest <strong>lekki, funkcjonalny i stylowy<\/strong>.<\/p>\n<p><span lang=\"DE\"><strong>Dwurz\u0119dowy kr\u00f3tki p\u0142aszcz z we\u0142n\u0105 szary diagonal<\/strong> Wilma ma <strong>klasycznie wszywany r\u0119kaw, taliowany ty\u0142<\/strong>\u00a0z <strong>rozci\u0119ciem u do\u0142u<\/strong>\u00a0i <strong>padded collar<\/strong> wyko\u0144czony na ostro. <strong>Prz\u00f3d jest profilowany<\/strong>. Tali\u0119 mo\u017cna dodatkowo jeszcze podkre\u015bli\u0107 <strong>belt<\/strong> wykonanym z tej samej tkaniny. P\u0142aszczyk jest dopasowany, podkre\u015bla sylwetk\u0119, nie opinaj\u0105c jej.\u00a0<\/span><span lang=\"DE\">Zapinany <strong>na dwa rz\u0119dy<\/strong>, r\u0119cznie przyszywanych guzik\u00f3w. <strong>Praktyczne kieszenie<\/strong> wszyte po bokach. <strong>D\u0142ugo\u015b\u0107 p\u0142aszcza do po\u0142owy uda<\/strong>. <strong>Subtelne patki na r\u0119kawach<\/strong> wyko\u0144czone guzikiem. <strong>Ozdobna peleryna<\/strong> na plecach.\u00a0<\/span><\/p>\n<p><strong>Minimalistyczny kr\u00f3j p\u0142aszczyka i brak zb\u0119dnych ozd\u00f3b<\/strong> sprawiaj\u0105, \u017ce <strong>pasuje do niemal ka\u017cdej stylizacji<\/strong>. Zak\u0142adasz go i jeste\u015b gotowa do wyj\u015bcia. Mo\u017cesz go zapi\u0105\u0107, zwi\u0105za\u0107 z przodu lub z ty\u0142u, albo nosi\u0107 rozpi\u0119ty &#8211; zawsze wygl\u0105da perfekcyjnie. Idealny dla os\u00f3b, kt\u00f3re ceni\u0105 szybkie i bezproblemowe stylizacje. Sprawdzi si\u0119 doskonale wiosn\u0105 i jesieni\u0105, zast\u0119puj\u0105c klasyczny trencz.<\/p>\n<p><span class=\"html-span xdj266r x14z9mp xat24cr x1lziwak xexx8yu xyri2b x18d9i69 x1c1uobl x1hl2dhg x16tdsg8 x1vvkbs x4k7w5x x1h91t0o x1h9r5lt x1jfb8zj xv2umb2 x1beo9mf xaigb6o x12ejxvf x3igimt xarpa2k xedcshv x1lytzrv x1t2pt76 x7ja8zs x1qrby5j\"><span class=\"x193iq5w xeuugli x13faqbe x1vvkbs x1xmvt09 x1lliihq x1s928wv xhkezso x1gmr53x x1cpjm7i x1fgarty x1943h6x xudqn12 x3x7a5m x6prxxf xvq8zen xo1l8bm x14ctfv\" dir=\"auto\">W tym sezonie <strong>stawiamy na stonowane kolory wyra\u017caj\u0105ce potrzeb\u0119 wyciszenia<\/strong> i prostoty w przebod\u017acowanym \u015bwiecie.<\/span><\/span> St\u0105d te\u017c wyb\u00f3r spokojnej szaro\u015bci, kt\u00f3ra idealnie komponuje si\u0119 z innymi neutralnymi kolorami. P\u0142aszcz Wilma w \u0142atwy spos\u00f3b zestawisz z ubraniami, kt\u00f3re masz ju\u017c w swojej szafie. Cudnie wyglada\u0107 b\u0119dzie je\u015bli po\u0142\u0105czysz go z innymi elementami garderoby w tym samym lub podobnym odcieniu tworz\u0105c efektowny Totak Look. Zapewni te\u017c r\u00f3wnowag\u0119 je\u015bli dodasz do swojego looku wyrazisty akcent.<\/p>\n<p>We have provided guidance on the choice of cut on our website, under the tab <a href=\"https:\/\/talia-fashion.pl\/en\/jak-dobrac-plaszcz-do-sylwetki\/\">How do you choose a coat to suit your figure?<\/a><\/p>\n<p>Zdj\u0119cie rzeczywiste \u2013 szary diagonal<br \/>\nAvailable colours: diagonal grey<br \/>\nThe colour of the fabric can also be seen in<a href=\"https:\/\/talia-fashion.pl\/en\/paleta-kolorow\/\"> Colour palette.<\/a><\/p>\n<p>Available sizes: XS, S, M, L, XL<\/p>\n<p>The model is 172cm and a size S.<\/p>\n<p>Indicative dimensions:<\/p>\n<p><span lang=\"DE\">XS \u2013 biust: 86-88 \/ biodra 94-96 \/\u00a0 d\u0142ugo\u015b\u0107: 87 \/ szeroko\u015b\u0107 ramion 34,5-35 \/ r\u0119kaw 61<br \/>\nS \u2013 biust: 90-92 \/ biodra: 98-100 \/ d\u0142ugo\u015b\u0107: 88 \/ szeroko\u015b\u0107 ramion 35,5-36 \/ r\u0119kaw: 61<br \/>\nM \u2013 biust: 94-96\u00a0\u00a0\/ biodra: 102-104 \/ d\u0142ugo\u015b\u0107: 88 \/ szeroko\u015b\u0107 ramion 37,5 \/ r\u0119kaw: 62<br \/>\nL \u2013 biust: 98-100 \/ biodra: 106-108 \/ d\u0142ugo\u015b\u0107: 88 \/ szeroko\u015b\u0107 ramion 39,5-40 \/ r\u0119kaw: 63<br \/>\nXL \u2013 biust: 104-106 \/ biodra: 112-114 \/ d\u0142ugo\u015b\u0107: 88 \/ szeroko\u015b\u0107 ramion 42-42,5 \/ r\u0119kaw: 64\u00a0<\/span><\/p>\n<p>Under <a href=\"https:\/\/talia-fashion.pl\/en\/jak-dobrac-rozmiar\/\">How to choose a size?<\/a> wyja\u015bniamy jak interpretowa\u0107 powy\u017csz\u0105 tabel\u0119 rozmiar\u00f3w i dodatkowo podpowiadamy w jaki spos\u00f3b si\u0119 zmierzy\u0107. W razie w\u0105tpliwo\u015bci prosimy o kontakt.<\/p>\n<p>Materia\u0142: 70% we\u0142na, 30% poliester<\/p>\n<p>Podszewka: 55% poliester, 45% acetat<\/p>\n<p>The coat should be dry-cleaned. However, you can take care of it on a day-to-day basis by using the following products offered in our shop <a href=\"https:\/\/talia-fashion.pl\/en\/product\/szczotka-do-czyszczenia-i-pielegnacji-plaszcza\/\">Brushes for cleaning and care of the coat<\/a>. Polecamy te\u017c regularne go wietrzy\u0107 i odpowiednio przechowywa\u0107. Dbaj\u0105c o sw\u00f3j p\u0142aszcz pomagasz r\u00f3wnie\u017c chroni\u0107 \u015brodowisko, dlatego te\u017c w zak\u0142adce <a href=\"https:\/\/talia-fashion.pl\/en\/jak-pielegnowac-i-dbac-o-plaszcz\/\">How to nurture and care for the coat?<\/a> we have included tips on how to extend the life of your coat.<\/p>\n<p><strong>Individual order\u00a0<\/strong>- We can carry out certain modifications at the customer's request, such as: shortening, lengthening of the sleeve, shortening and lengthening of the coat. We determine the cost individually, pricing the scope of work, after prior contact. <strong>An individual order is not subject to exchange or refund.<\/strong><\/p>\n<div>\n<div class=\"x78zum5 xdt5ytf\" data-virtualized=\"false\">\n<div class=\"x9f619 x1n2onr6 x1ja2u2z\">\n<div>\n<div>\n<div class=\"__fb-light-mode x1n2onr6\" role=\"row\">\n<div>\n<div class=\"x78zum5 xdt5ytf x1n2onr6\" tabindex=\"0\" role=\"gridcell\" data-release-focus-from=\"CLICK\" data-scope=\"messages_table\">\n<div class=\"html-div xdj266r x14z9mp xat24cr x1lziwak xexx8yu xyri2b x18d9i69 x1c1uobl x78zum5 x15zctf7\">\n<div class=\"html-div xdj266r x14z9mp xat24cr x1lziwak xexx8yu xyri2b x18d9i69 x1c1uobl xeuugli x1vjfegm\">\n<div>\n<p>Czas realizacji zam\u00f3wienia uzale\u017cniamy od aktualnego stanu magazynowego w firmie oraz dost\u0119pno\u015bci danego koloru materia\u0142u. Je\u015bli dany p\u0142aszcz jest dost\u0119pny w pracowni realizacja zam\u00f3wienia nast\u0105pi bardzo szybko 2-5 dni roboczych. Je\u015bli konieczne jest uszycie p\u0142aszcza lub indywidualizacja zam\u00f3wienia \u2013 wykonanie przer\u00f3bki lub uszycie nowego p\u0142aszcza wed\u0142ug specyfikacji Klienta \u2013 czas realizacji zam\u00f3wienia mo\u017ce ulec wyd\u0142u\u017ceniu, maksymalnie do 2 tygodni.<\/p>\n<p><span lang=\"DE\"><strong>Dwurz\u0119dowy kr\u00f3tki p\u0142aszcz z we\u0142n\u0105 szary diagonal<\/strong> Wilma<\/span> jest naszym autorskim projektem. <strong>Uszyli\u015bmy go w naszej rodzinnej pracowni<\/strong> z wielk\u0105 dba\u0142o\u015bci\u0105 o detale. To nietuzinkowy p\u0142aszcz przej\u015bciowy o dopasowanym kroju, kt\u00f3ry przykuwa uwag\u0119 i dodaje charakteru stylizacji. Od ponad 37 lat zajmujemy si\u0119 rzemios\u0142em i szyjemy nasze p\u0142aszcze wed\u0142ug tradycyjnych metod, a to wymaga czasu i precyzji. Prosimy zatem o cierpliwo\u015b\u0107 w oczekiwaniu na realizacj\u0119 zam\u00f3wienia, poniewa\u017c musimy uszy\u0107 ten p\u0142aszczyk dla Ciebie.<\/p>\n<\/div>\n<\/div>\n<\/div>\n<\/div>\n<\/div>\n<\/div>\n<\/div>\n<\/div>\n<\/div>\n<\/div>\n<\/div>\n<p>Stay with us longer and watch us on <a href=\"https:\/\/www.facebook.com\/talia.plaszcze\">Facebook<\/a>\u00a0i\u00a0<a href=\"https:\/\/www.instagram.com\/talia_plaszcze\/\">Instagram.<\/a><\/p>","protected":false},"excerpt":{"rendered":"<p><span lang=\"DE\"><strong>Dwurz\u0119dowy kr\u00f3tki p\u0142aszcz z we\u0142n\u0105 szary diagonal<\/strong> Wilma<\/span> to nasza propozycja eleganckiego i nieco kr\u00f3tszego <strong>p\u0142aszcza na wiosn\u0119 i jesie\u0144<\/strong>. Nowoczesny,<strong> fitted cut<\/strong>, <strong>ciekawy wz\u00f3r<\/strong> diagonal &#8211; must have w szafie kapsu\u0142owej.<\/p>","protected":false},"featured_media":262477,"template":"","meta":{"_acf_changed":false},"product_cat":[31,55],"product_tag":[274,78,420,33,58,34,343,40,90,224,80,344,41,81,42,43,68,83,47,291,84,137,85,49,50,123,324,260,60,404,76,63,88,110,147],"class_list":{"0":"post-262103","1":"product","2":"type-product","3":"status-publish","4":"has-post-thumbnail","6":"product_cat-nowosci","7":"product_cat-plaszcze-krotsze","8":"product_tag-deadstock","9":"product_tag-dla-roznych-sylwetek","10":"product_tag-dlugosc-do-polowy-uda","11":"product_tag-dwurzedowy","12":"product_tag-dyplomatka-dwurzedowa","13":"product_tag-handmade","14":"product_tag-klasyczny-plaszcz-damski","15":"product_tag-kolnierz","16":"product_tag-krotki-plaszcz","17":"product_tag-limited-edition","18":"product_tag-luzny-kroj","19":"product_tag-minimalistyczny-kroj","20":"product_tag-na-podszewce","21":"product_tag-naturalne-materialy","22":"product_tag-nowosc","23":"product_tag-plaszcz-damski","24":"product_tag-plaszcz-jesienny","25":"product_tag-plaszcz-luzny","26":"product_tag-plaszcz-na-guziki","27":"product_tag-plaszcz-na-jesien","28":"product_tag-plaszcz-oversizowy","29":"product_tag-plaszcz-w-kolano","30":"product_tag-plaszcz-welniany","31":"product_tag-plaszcz-wiosenny","32":"product_tag-plaszcz-z-rewersem","33":"product_tag-plaszcze-damskie","34":"product_tag-plaszcze-krotsze","35":"product_tag-plaszcze-przejsciowe","36":"product_tag-producent-plaszczy-damskich","37":"product_tag-szary-diagonal","38":"product_tag-szary-plaszcz","39":"product_tag-welniany","40":"product_tag-wiazany","41":"product_tag-z-paskiem","42":"product_tag-zrownowazona-produkcja","44":"first","45":"instock","46":"shipping-taxable","47":"purchasable","48":"product-type-variable","49":"has-default-attributes"},"acf":[],"yoast_head":"<!-- This site is optimized with the Yoast SEO plugin v25.7 - https:\/\/yoast.com\/wordpress\/plugins\/seo\/ -->\n<title>Dwurz\u0119dowy kr\u00f3tki p\u0142aszcz z we\u0142n\u0105 szary diagonal Wilma - Talia Fashion<\/title>\n<meta name=\"description\" content=\"Dwurz\u0119dowy kr\u00f3tki p\u0142aszcz z we\u0142n\u0105 szary diagonal - nowoczesny, minimalistyczny kr\u00f3j, bazowy spokojny kolor, jako\u015bciowy materia\u0142. Perfekcja w ka\u017cdym detalu.\" \/>\n<meta name=\"robots\" content=\"index, follow, max-snippet:-1, max-image-preview:large, max-video-preview:-1\" \/>\n<link rel=\"canonical\" href=\"https:\/\/talia-fashion.pl\/en\/product\/dwurzedowy-krotki-plaszcz-z-welna-szary-diagonal-wilma\/\" \/>\n<meta property=\"og:locale\" content=\"en_GB\" \/>\n<meta property=\"og:type\" content=\"article\" \/>\n<meta property=\"og:title\" content=\"Dwurz\u0119dowy kr\u00f3tki p\u0142aszcz z we\u0142n\u0105 szary diagonal Wilma - Talia Fashion\" \/>\n<meta property=\"og:description\" content=\"Dwurz\u0119dowy kr\u00f3tki p\u0142aszcz z we\u0142n\u0105 szary diagonal - nowoczesny, minimalistyczny kr\u00f3j, bazowy spokojny kolor, jako\u015bciowy materia\u0142. Perfekcja w ka\u017cdym detalu.\" \/>\n<meta property=\"og:url\" content=\"https:\/\/talia-fashion.pl\/en\/product\/dwurzedowy-krotki-plaszcz-z-welna-szary-diagonal-wilma\/\" \/>\n<meta property=\"og:site_name\" content=\"Talia Fashion\" \/>\n<meta property=\"article:modified_time\" content=\"2026-04-09T09:59:25+00:00\" \/>\n<meta property=\"og:image\" content=\"https:\/\/talia-fashion.pl\/wp-content\/uploads\/2026\/02\/dwurzedowy-krotki-plaszcz-welniany-szary-diagonal.jpg\" \/>\n\t<meta property=\"og:image:width\" content=\"1200\" \/>\n\t<meta property=\"og:image:height\" content=\"1600\" \/>\n\t<meta property=\"og:image:type\" content=\"image\/jpeg\" \/>\n<meta name=\"twitter:card\" content=\"summary_large_image\" \/>\n<meta name=\"twitter:label1\" content=\"Estimated reading time\" \/>\n\t<meta name=\"twitter:data1\" content=\"4 minutes\" \/>\n<script type=\"application\/ld+json\" class=\"yoast-schema-graph\">{\"@context\":\"https:\/\/schema.org\",\"@graph\":[{\"@type\":\"WebPage\",\"@id\":\"https:\/\/talia-fashion.pl\/produkt\/dwurzedowy-krotki-plaszcz-z-welna-szary-diagonal-wilma\/\",\"url\":\"https:\/\/talia-fashion.pl\/produkt\/dwurzedowy-krotki-plaszcz-z-welna-szary-diagonal-wilma\/\",\"name\":\"Dwurz\u0119dowy kr\u00f3tki p\u0142aszcz z we\u0142n\u0105 szary diagonal Wilma - Talia Fashion\",\"isPartOf\":{\"@id\":\"https:\/\/talia-fashion.pl\/#website\"},\"primaryImageOfPage\":{\"@id\":\"https:\/\/talia-fashion.pl\/produkt\/dwurzedowy-krotki-plaszcz-z-welna-szary-diagonal-wilma\/#primaryimage\"},\"image\":{\"@id\":\"https:\/\/talia-fashion.pl\/produkt\/dwurzedowy-krotki-plaszcz-z-welna-szary-diagonal-wilma\/#primaryimage\"},\"thumbnailUrl\":\"https:\/\/talia-fashion.pl\/wp-content\/uploads\/2026\/02\/dwurzedowy-krotki-plaszcz-welniany-szary-diagonal.jpg\",\"datePublished\":\"2026-02-26T04:56:55+00:00\",\"dateModified\":\"2026-04-09T09:59:25+00:00\",\"description\":\"Dwurz\u0119dowy kr\u00f3tki p\u0142aszcz z we\u0142n\u0105 szary diagonal - nowoczesny, minimalistyczny kr\u00f3j, bazowy spokojny kolor, jako\u015bciowy materia\u0142. Perfekcja w ka\u017cdym detalu.\",\"breadcrumb\":{\"@id\":\"https:\/\/talia-fashion.pl\/produkt\/dwurzedowy-krotki-plaszcz-z-welna-szary-diagonal-wilma\/#breadcrumb\"},\"inLanguage\":\"en-GB\",\"potentialAction\":[{\"@type\":\"ReadAction\",\"target\":[\"https:\/\/talia-fashion.pl\/produkt\/dwurzedowy-krotki-plaszcz-z-welna-szary-diagonal-wilma\/\"]}]},{\"@type\":\"ImageObject\",\"inLanguage\":\"en-GB\",\"@id\":\"https:\/\/talia-fashion.pl\/produkt\/dwurzedowy-krotki-plaszcz-z-welna-szary-diagonal-wilma\/#primaryimage\",\"url\":\"https:\/\/talia-fashion.pl\/wp-content\/uploads\/2026\/02\/dwurzedowy-krotki-plaszcz-welniany-szary-diagonal.jpg\",\"contentUrl\":\"https:\/\/talia-fashion.pl\/wp-content\/uploads\/2026\/02\/dwurzedowy-krotki-plaszcz-welniany-szary-diagonal.jpg\",\"width\":1200,\"height\":1600,\"caption\":\"Dwurz\u0119dowy, kr\u00f3tki p\u0142aszcz z we\u0142n\u0105 szary diagonal. Wi\u0105zany, dopasowany kr\u00f3j.\"},{\"@type\":\"BreadcrumbList\",\"@id\":\"https:\/\/talia-fashion.pl\/produkt\/dwurzedowy-krotki-plaszcz-z-welna-szary-diagonal-wilma\/#breadcrumb\",\"itemListElement\":[{\"@type\":\"ListItem\",\"position\":1,\"name\":\"Strona g\u0142\u00f3wna\",\"item\":\"https:\/\/talia-fashion.pl\/\"},{\"@type\":\"ListItem\",\"position\":2,\"name\":\"Sklep\",\"item\":\"https:\/\/talia-fashion.pl\/sklep\/\"},{\"@type\":\"ListItem\",\"position\":3,\"name\":\"Dwurz\u0119dowy kr\u00f3tki p\u0142aszcz z we\u0142n\u0105 szary diagonal Wilma\"}]},{\"@type\":\"WebSite\",\"@id\":\"https:\/\/talia-fashion.pl\/#website\",\"url\":\"https:\/\/talia-fashion.pl\/\",\"name\":\"Talia Fashion\",\"description\":\"\",\"potentialAction\":[{\"@type\":\"SearchAction\",\"target\":{\"@type\":\"EntryPoint\",\"urlTemplate\":\"https:\/\/talia-fashion.pl\/?s={search_term_string}\"},\"query-input\":{\"@type\":\"PropertyValueSpecification\",\"valueRequired\":true,\"valueName\":\"search_term_string\"}}],\"inLanguage\":\"en-GB\"}]}<\/script>\n<!-- \/ Yoast SEO plugin. -->","yoast_head_json":{"title":"Dwurz\u0119dowy kr\u00f3tki p\u0142aszcz z we\u0142n\u0105 szary diagonal Wilma - Talia Fashion","description":"Dwurz\u0119dowy kr\u00f3tki p\u0142aszcz z we\u0142n\u0105 szary diagonal - nowoczesny, minimalistyczny kr\u00f3j, bazowy spokojny kolor, jako\u015bciowy materia\u0142. Perfekcja w ka\u017cdym detalu.","robots":{"index":"index","follow":"follow","max-snippet":"max-snippet:-1","max-image-preview":"max-image-preview:large","max-video-preview":"max-video-preview:-1"},"canonical":"https:\/\/talia-fashion.pl\/en\/product\/dwurzedowy-krotki-plaszcz-z-welna-szary-diagonal-wilma\/","og_locale":"en_GB","og_type":"article","og_title":"Dwurz\u0119dowy kr\u00f3tki p\u0142aszcz z we\u0142n\u0105 szary diagonal Wilma - Talia Fashion","og_description":"Dwurz\u0119dowy kr\u00f3tki p\u0142aszcz z we\u0142n\u0105 szary diagonal - nowoczesny, minimalistyczny kr\u00f3j, bazowy spokojny kolor, jako\u015bciowy materia\u0142. Perfekcja w ka\u017cdym detalu.","og_url":"https:\/\/talia-fashion.pl\/en\/product\/dwurzedowy-krotki-plaszcz-z-welna-szary-diagonal-wilma\/","og_site_name":"Talia Fashion","article_modified_time":"2026-04-09T09:59:25+00:00","og_image":[{"width":1200,"height":1600,"url":"https:\/\/talia-fashion.pl\/wp-content\/uploads\/2026\/02\/dwurzedowy-krotki-plaszcz-welniany-szary-diagonal.jpg","type":"image\/jpeg"}],"twitter_card":"summary_large_image","twitter_misc":{"Estimated reading time":"4 minutes"},"schema":{"@context":"https:\/\/schema.org","@graph":[{"@type":"WebPage","@id":"https:\/\/talia-fashion.pl\/produkt\/dwurzedowy-krotki-plaszcz-z-welna-szary-diagonal-wilma\/","url":"https:\/\/talia-fashion.pl\/produkt\/dwurzedowy-krotki-plaszcz-z-welna-szary-diagonal-wilma\/","name":"Dwurz\u0119dowy kr\u00f3tki p\u0142aszcz z we\u0142n\u0105 szary diagonal Wilma - Talia Fashion","isPartOf":{"@id":"https:\/\/talia-fashion.pl\/#website"},"primaryImageOfPage":{"@id":"https:\/\/talia-fashion.pl\/produkt\/dwurzedowy-krotki-plaszcz-z-welna-szary-diagonal-wilma\/#primaryimage"},"image":{"@id":"https:\/\/talia-fashion.pl\/produkt\/dwurzedowy-krotki-plaszcz-z-welna-szary-diagonal-wilma\/#primaryimage"},"thumbnailUrl":"https:\/\/talia-fashion.pl\/wp-content\/uploads\/2026\/02\/dwurzedowy-krotki-plaszcz-welniany-szary-diagonal.jpg","datePublished":"2026-02-26T04:56:55+00:00","dateModified":"2026-04-09T09:59:25+00:00","description":"Dwurz\u0119dowy kr\u00f3tki p\u0142aszcz z we\u0142n\u0105 szary diagonal - nowoczesny, minimalistyczny kr\u00f3j, bazowy spokojny kolor, jako\u015bciowy materia\u0142. Perfekcja w ka\u017cdym detalu.","breadcrumb":{"@id":"https:\/\/talia-fashion.pl\/produkt\/dwurzedowy-krotki-plaszcz-z-welna-szary-diagonal-wilma\/#breadcrumb"},"inLanguage":"en-GB","potentialAction":[{"@type":"ReadAction","target":["https:\/\/talia-fashion.pl\/produkt\/dwurzedowy-krotki-plaszcz-z-welna-szary-diagonal-wilma\/"]}]},{"@type":"ImageObject","inLanguage":"en-GB","@id":"https:\/\/talia-fashion.pl\/produkt\/dwurzedowy-krotki-plaszcz-z-welna-szary-diagonal-wilma\/#primaryimage","url":"https:\/\/talia-fashion.pl\/wp-content\/uploads\/2026\/02\/dwurzedowy-krotki-plaszcz-welniany-szary-diagonal.jpg","contentUrl":"https:\/\/talia-fashion.pl\/wp-content\/uploads\/2026\/02\/dwurzedowy-krotki-plaszcz-welniany-szary-diagonal.jpg","width":1200,"height":1600,"caption":"Dwurz\u0119dowy, kr\u00f3tki p\u0142aszcz z we\u0142n\u0105 szary diagonal. Wi\u0105zany, dopasowany kr\u00f3j."},{"@type":"BreadcrumbList","@id":"https:\/\/talia-fashion.pl\/produkt\/dwurzedowy-krotki-plaszcz-z-welna-szary-diagonal-wilma\/#breadcrumb","itemListElement":[{"@type":"ListItem","position":1,"name":"Strona g\u0142\u00f3wna","item":"https:\/\/talia-fashion.pl\/"},{"@type":"ListItem","position":2,"name":"Sklep","item":"https:\/\/talia-fashion.pl\/sklep\/"},{"@type":"ListItem","position":3,"name":"Dwurz\u0119dowy kr\u00f3tki p\u0142aszcz z we\u0142n\u0105 szary diagonal Wilma"}]},{"@type":"WebSite","@id":"https:\/\/talia-fashion.pl\/#website","url":"https:\/\/talia-fashion.pl\/","name":"Talia Fashion","description":"","potentialAction":[{"@type":"SearchAction","target":{"@type":"EntryPoint","urlTemplate":"https:\/\/talia-fashion.pl\/?s={search_term_string}"},"query-input":{"@type":"PropertyValueSpecification","valueRequired":true,"valueName":"search_term_string"}}],"inLanguage":"en-GB"}]}},"_links":{"self":[{"href":"https:\/\/talia-fashion.pl\/en\/wp-json\/wp\/v2\/product\/262103","targetHints":{"allow":["GET"]}}],"collection":[{"href":"https:\/\/talia-fashion.pl\/en\/wp-json\/wp\/v2\/product"}],"about":[{"href":"https:\/\/talia-fashion.pl\/en\/wp-json\/wp\/v2\/types\/product"}],"wp:featuredmedia":[{"embeddable":true,"href":"https:\/\/talia-fashion.pl\/en\/wp-json\/wp\/v2\/media\/262477"}],"wp:attachment":[{"href":"https:\/\/talia-fashion.pl\/en\/wp-json\/wp\/v2\/media?parent=262103"}],"wp:term":[{"taxonomy":"product_cat","embeddable":true,"href":"https:\/\/talia-fashion.pl\/en\/wp-json\/wp\/v2\/product_cat?post=262103"},{"taxonomy":"product_tag","embeddable":true,"href":"https:\/\/talia-fashion.pl\/en\/wp-json\/wp\/v2\/product_tag?post=262103"}],"curies":[{"name":"wp","href":"https:\/\/api.w.org\/{rel}","templated":true}]}}