{"id":261976,"date":"2026-02-08T14:11:39","date_gmt":"2026-02-08T13:11:39","guid":{"rendered":"https:\/\/talia-fashion.pl\/?post_type=product&#038;p=261976"},"modified":"2026-03-29T16:12:31","modified_gmt":"2026-03-29T14:12:31","slug":"dlugi-welniany-plaszcz-w-bezowym-diagonalu-ze-stojka-lima","status":"publish","type":"product","link":"https:\/\/talia-fashion.pl\/en\/product\/dlugi-welniany-plaszcz-w-bezowym-diagonalu-ze-stojka-lima\/","title":{"rendered":"Long wool coat in beige twill with stand-up collar Lima"},"content":{"rendered":"<p><span lang=\"DE\"><strong>D\u0142ugi we\u0142niany p\u0142aszcz w be\u017cowym diagonalu ze st\u00f3jk\u0105<\/strong> Lima to <strong>przej\u015bciowy jednorz\u0119dowy p\u0142aszcz<\/strong> o lu\u017aniejszym, nowoczesnym kroju. <strong>Przedwio\u015bnie<\/strong> w Polsce potrafi zaskoczy\u0107, dlatego te\u017c coraz cz\u0119\u015bciej w naszych propozycjach pojawiaj\u0105 si\u0119 <strong>transitional coats<\/strong>. Szyjemy je z mi\u0119sistych <strong>tkanin z przewag\u0105 we\u0142ny o l\u017cejszej gramaturze<\/strong>, dzi\u0119ki czemu niestraszna kapry\u015bna aura. P\u0142aszcz Lima otuli i ogrzeje w ch\u0142odniejsze dni, a gdy zrobi si\u0119 cieplej \u2014 zapewni komfort termiczny. <strong>Ca\u0142o\u015b\u0107 wyko\u0144czona oddychaj\u0105c\u0105 podszewk\u0105<\/strong>. P<\/span><span lang=\"DE\">rzody p\u0142aszcza zosta\u0142y podklejone bardzo delikatn\u0105 klejonk\u0105 stabilizuj\u0105c\u0105 w\u0142\u00f3kna i nadaj\u0105c\u0105 szlachetno\u015bci. <strong>Produkt premium<\/strong> w wersji limitowanej.\u00a0<\/span><\/p>\n<p>We\u0142niany p\u0142aszcz Lima \u0142aczy funkcjonalno\u015b\u0107 i elegancj\u0119, <strong>sprawdzaj\u0105c si\u0119 w r\u00f3\u017cnych warunkach i stylizacjach<\/strong>. St\u0105d te\u017c <strong>r<\/strong><span lang=\"DE\"><strong>aglanowe r\u0119kawy<\/strong>, kt\u00f3re nie tylko nadaj\u0105 figurze mi\u0119kko\u015bci, ale r\u00f3wnie\u017c zapewniaj\u0105 wi\u0119ksz\u0105 swobod\u0119 ruch\u00f3w i dodatkow\u0105 przestrze\u0144 pod pachami \u2014 co jest szczeg\u00f3lnie istotne przy tworzeniu <strong data-start=\"486\" data-end=\"515\">wielowarstwowych zestaw\u00f3w<\/strong>. Bez problemu zmie\u015bci si\u0119 pod nim sweter lub marynarka do pracy.\u00a0Wyjmowany <strong>strip<\/strong>, z tej samej tkaniny, umo\u017cliwia dopasowanie p\u0142aszcza do sylwetki i podkre\u015blenie talii. <\/span><strong>Wysoki ko\u0142nierz na guziki. <\/strong>Po zpi\u0119ciu przypomina kszta\u0142tem golf, a po roz\u0142o\u017ceniu mo\u017ce by\u0107 noszony jako klasyczny rewers. <strong>Asymetryczne, jednorz\u0119dowe zapi\u0119cie, <\/strong>delikatnie przesuni\u0119te na bok, nadaj\u0105ce wsp\u00f3\u0142czesnego charakteru. Model posiada <strong data-start=\"956\" data-end=\"985\">dwie praktyczne kieszenie<\/strong> wyko\u0144czone listewk\u0105, <strong data-start=\"1016\" data-end=\"1043\">d\u0142ugo\u015b\u0107 do po\u0142owy \u0142ydki<\/strong> and <strong data-start=\"1049\" data-end=\"1069\">rozci\u0119cie z ty\u0142u<\/strong>. <strong>Ozdobna peleryna na tyle.<\/strong> Minimalistyczna forma p\u0142aszcza pozwoli\u0142a nam postawi\u0107 na tkanin\u0119 o ciekawym deseniu. <strong>Beige twill<\/strong> dyskretnie przyci\u0105ga oko i\u00a0buduje g\u0142\u0119bi\u0119 ca\u0142o\u015bci. <span class=\"html-span xdj266r x14z9mp xat24cr x1lziwak xexx8yu xyri2b x18d9i69 x1c1uobl x1hl2dhg x16tdsg8 x1vvkbs x4k7w5x x1h91t0o x1h9r5lt x1jfb8zj xv2umb2 x1beo9mf xaigb6o x12ejxvf x3igimt xarpa2k xedcshv x1lytzrv x1t2pt76 x7ja8zs x1qrby5j\"><span class=\"x193iq5w xeuugli x13faqbe x1vvkbs x1xmvt09 x1lliihq x1s928wv xhkezso x1gmr53x x1cpjm7i x1fgarty x1943h6x xudqn12 x3x7a5m x6prxxf xvq8zen xo1l8bm x14ctfv\" dir=\"auto\">Postaw na przej\u015bciowy p\u0142aszcz Lima &#8211; zachwy\u0107 si\u0119 komfortem i jako\u015bci\u0105 wykonania.<\/span><\/span><\/p>\n<p><span lang=\"DE\">Zdj\u0119cie rzeczywiste &#8211; be\u017cowy diagonal<\/span><\/p>\n<p>Dost\u0119pne kolory: be\u017cowy diagonal<\/p>\n<p><span lang=\"DE\">The colours are presented in our <a href=\"https:\/\/talia-fashion.pl\/en\/paleta-kolorow\/\">Colour palette<\/a>. If in doubt, please contact us.<\/span><\/p>\n<p>The model is 172cm and a size S.<\/p>\n<p><span lang=\"DE\">Available sizes: XS, S, M, L<\/span><\/p>\n<p><span lang=\"DE\">Indicative dimensions:<\/span><\/p>\n<p>XS - bust: 86-88 \/ hips: 94-96 \/ length: 110 \/ sleeve: 62<br \/>\nS - bust: 90-92 \/ hips: 98-100 \/ length: 110 \/ sleeve: 62<br \/>\nM - bust: 94-96 \/ hips: 102-104 \/ length: 110 \/ sleeve: 62<br \/>\nL - bust: 98-100 \/ hips: 106-108 \/ length: 111 \/ sleeve: 63<br \/>\nXL - bust: 104-106 \/ hips: 112-114 \/ length: 112 \/ sleeve: 64<\/p>\n<p><span lang=\"DE\">What size to choose and how to measure yourself are suggested in our short guide: <a href=\"https:\/\/talia-fashion.pl\/en\/jak-dobrac-rozmiar\/\">How to choose a size?<\/a><\/span><span lang=\"DE\"> If you are unsure of your size selection, please contact us. <strong>D\u0142ugi we\u0142niany p\u0142aszcz w be\u017cowym diagonalu ze st\u00f3jk\u0105<\/strong> Lima to swobodny <\/span>p\u0142aszcz o mi\u0119kkiej formie, kt\u00f3ry subtelnie otula i podkre\u015bla sylwetk\u0119. Idealny dla Pa\u0144 o szerszych ramionach lub <span lang=\"DE\">z obfitym biustem. Wskaz\u00f3wki jaki wybra\u0107 fason p\u0142aszcza, umie\u015bcili\u015bmy w zak\u0142adce: <a href=\"https:\/\/talia-fashion.pl\/en\/jak-dobrac-plaszcz-do-sylwetki\/\">How do you choose a coat to suit your figure?<\/a> Doskona\u0142a harmonia obj\u0119to\u015bci i proporcji. Je\u015bli jednak preferowany jest bardziej dopasowany p\u0142aszcz, sugerujemy wyb\u00f3r mniejszego rozmiaru. <\/span><\/p>\n<p><span lang=\"DE\">Materia\u0142:\u00a0 70% we\u0142na, 30% poliester<\/span><\/p>\n<p>Lining: 50% acetate, 50% viscose<\/p>\n<p>Like viscose, acetate is produced from cellulose. Acetate yarn can also be made from recycled cellulose such as paper. The acetate lining is excellent at absorbing moisture and allowing air to pass through. It is coated with an antistatic apprettee and is OEKOtex\u00ae Standard 100 certified.<\/p>\n<p><span lang=\"DE\"><strong>D\u0142ugi we\u0142niany p\u0142aszcz w be\u017cowym diagonalu ze st\u00f3jk\u0105<\/strong> Lima zosta\u0142 zaprojektowany i uszyty r\u0119cznie w naszej <strong>rodzinnej pracowni.<\/strong> Uprawiamy tradycyjne krawiectwo od ponad 37 lat. R\u0119czny proces &#8211; mimo, i\u017c czasoch\u0142onny &#8211; daje nam pewno\u015b\u0107, i\u017c dostarczamy p\u0142aszcz najwy\u017cszej jako\u015bci.\u00a0<\/span><\/p>\n<p><span lang=\"DE\">The coat should be dry-cleaned. Proper care, hanging and avoiding snags will ensure that your coat remains beautiful for a long time. Take a look at our tab: <a href=\"https:\/\/talia-fashion.pl\/en\/jak-pielegnowac-i-dbac-o-plaszcz\/\">How to nurture and care for the coat?<\/a>, gdzie umie\u015bcili\u015bmy proste metody na to, by d\u0142ugo cieszy\u0107 si\u0119 p\u0142aszczem. A do cz\u0119stego od\u015bwie\u017cania we\u0142ny polecamy: <a href=\"https:\/\/talia-fashion.pl\/en\/product\/szczotka-do-czyszczenia-i-pielegnacji-plaszcza\/\">Brush for cleaning and care of the coat<\/a>available in our shop.<\/span><\/p>\n<p><span lang=\"DE\">There is also the possibility of <strong>Individual orders<\/strong>, czyli z drobnymi modyfikacjami na \u017cyczenie Klienta. W p\u0142aszczyku mo\u017cemy skr\u00f3ci\u0107, b\u0105d\u017a wyd\u0142u\u017cy\u0107 r\u0119kawy, zmieni\u0107 d\u0142ugo\u015b\u0107 p\u0142aszcza. Je\u015bli nie przepadacie za pagonami na ramionach \u2013 istnieje r\u00f3wnie\u017c mo\u017cliwo\u015b\u0107 ich usuni\u0119cia. Koszt takiej us\u0142ugi ustalamy indywidualnie po uprzednim kontakcie i ustaleniu mo\u017cliwych opcji. <\/span><strong>An individual order is not subject to exchange or refund.<\/strong><\/p>\n<p><span class=\"html-span xdj266r x14z9mp xat24cr x1lziwak xexx8yu xyri2b x18d9i69 x1c1uobl x1hl2dhg x16tdsg8 x1vvkbs x4k7w5x x1h91t0o x1h9r5lt x1jfb8zj xv2umb2 x1beo9mf xaigb6o x12ejxvf x3igimt xarpa2k xedcshv x1lytzrv x1t2pt76 x7ja8zs x1qrby5j\"><span class=\"x193iq5w xeuugli x13faqbe x1vvkbs x1xmvt09 x1lliihq x1s928wv xhkezso x1gmr53x x1cpjm7i x1fgarty x1943h6x xudqn12 x3x7a5m x6prxxf xvq8zen xo1l8bm x14ctfv\" dir=\"auto\">Czas realizacji zam\u00f3wienia uzale\u017cniony jest od dost\u0119pno\u015bci danego produktu w naszej pracowni. W wi\u0119kszo\u015bci przypadk\u00f3w nie szyjemy na magazyn, a dopiero po otrzymaniu danego zam\u00f3wienia. Widniej\u0105cy w sklepie stan magazynowy nie zawsze oznacza fizycznie dost\u0119pny produkt a r\u00f3wnie\u017c dost\u0119pny materia\u0142 i gotowo\u015b\u0107 do jego uszycia. Standardowo realizacja zam\u00f3wienia nast\u0105puje w ci\u0105gu 2-5 dni roboczych. Je\u015bli jednak konieczne jest uszycie p\u0142aszcza\/marynarki b\u0105d\u017a personalizacja zam\u00f3wienia \u2013 wykonanie przer\u00f3bki lub uszycie nowego p\u0142aszcza wed\u0142ug specyfikacji Klienta \u2013 czas realizacji zam\u00f3wienia mo\u017ce ulec wyd\u0142u\u017ceniu, maksymalnie do 2 tygodni.<\/span><\/span> Prosimy o chwil\u0119 cierpliwo\u015bci &#8211; musimy uszy\u0107 ten p\u0142aszcz dla Ciebie. <strong>Dzi\u0119kujemy, \u017ce wspierasz lokaln\u0105 firm\u0119.<\/strong><\/p>\n<p><strong>Zapraszamy, zosta\u0144 z nami na d\u0142u\u017cej i obserwuj nasze profile<\/strong> on <a href=\"https:\/\/www.facebook.com\/talia.plaszcze\">Facebook<\/a>\u00a0and\u00a0<a href=\"https:\/\/www.instagram.com\/talia_plaszcze\/\">Instagram<\/a>.<\/p>","protected":false},"excerpt":{"rendered":"<p><span lang=\"DE\"><strong>D\u0142ugi we\u0142niany p\u0142aszcz w be\u017cowym diagonalu ze st\u00f3jk\u0105<\/strong> Lima to przej\u015bciowy, d\u0142ugi p\u0142aszcz o lu\u017aniejszym kroju. <\/span><strong>Szlachetna tkanina, nowoczesna, minimalistyczna forma i ciekawy dese\u0144.<\/strong> Uszyty r\u0119cznie w naszej pracowni.<\/p>","protected":false},"featured_media":262284,"template":"","meta":{"_acf_changed":false},"product_cat":[31,36],"product_tag":[294,162,78,383,33,34,39,40,224,80,121,41,43,44,45,46,83,47,84,59,85,50,165,123,173,69,87,321,61,52,258,53,88],"class_list":{"0":"post-261976","1":"product","2":"type-product","3":"status-publish","4":"has-post-thumbnail","6":"product_cat-nowosci","7":"product_cat-plaszcze-dluzsze","8":"product_tag-acetatowa-podszewka","9":"product_tag-asymetryczny-plaszcz","10":"product_tag-dla-roznych-sylwetek","11":"product_tag-dlugi-trencz-damski","12":"product_tag-dwurzedowy","13":"product_tag-handmade","14":"product_tag-klasyczny","15":"product_tag-kolnierz","16":"product_tag-limited-edition","17":"product_tag-luzny-kroj","18":"product_tag-materialy-przyjazne-dla-srodowiska","19":"product_tag-na-podszewce","20":"product_tag-plaszcz-damski","21":"product_tag-plaszcz-damski-dlugi","22":"product_tag-plaszcz-dlugi","23":"product_tag-plaszcz-dwurzedowy","24":"product_tag-plaszcz-luzny","25":"product_tag-plaszcz-na-guziki","26":"product_tag-plaszcz-oversizowy","27":"product_tag-plaszcz-przejsciowy","28":"product_tag-plaszcz-welniany","29":"product_tag-plaszcz-z-rewersem","30":"product_tag-plaszcz-ze-stojka","31":"product_tag-plaszcze-damskie","32":"product_tag-polski-producent-plaszczy","33":"product_tag-prochowiec","34":"product_tag-produkt-premium","35":"product_tag-raglanowy-rekaw","36":"product_tag-recznie-szyty","37":"product_tag-szylkretowe-guziki","38":"product_tag-trencz-damski","39":"product_tag-welna","40":"product_tag-wiazany","42":"first","43":"instock","44":"shipping-taxable","45":"purchasable","46":"product-type-variable","47":"has-default-attributes"},"acf":[],"yoast_head":"<!-- This site is optimized with the Yoast SEO plugin v25.7 - https:\/\/yoast.com\/wordpress\/plugins\/seo\/ -->\n<title>D\u0142ugi we\u0142niany p\u0142aszcz w be\u017cowym diagonalu ze st\u00f3jk\u0105 Lima - Talia Fashion<\/title>\n<meta name=\"description\" content=\"D\u0142ugi we\u0142niany p\u0142aszcz w be\u017cowym diagonalu ze st\u00f3jk\u0105 to przej\u015bciowy p\u0142aszcz o swobodnym kroju w ciekawy dese\u0144. We\u0142niany. Szyty r\u0119cznie. Produkt premium.\" \/>\n<meta name=\"robots\" content=\"index, follow, max-snippet:-1, max-image-preview:large, max-video-preview:-1\" \/>\n<link rel=\"canonical\" href=\"https:\/\/talia-fashion.pl\/en\/product\/dlugi-welniany-plaszcz-w-bezowym-diagonalu-ze-stojka-lima\/\" \/>\n<meta property=\"og:locale\" content=\"en_GB\" \/>\n<meta property=\"og:type\" content=\"article\" \/>\n<meta property=\"og:title\" content=\"D\u0142ugi we\u0142niany p\u0142aszcz w be\u017cowym diagonalu ze st\u00f3jk\u0105 Lima - Talia Fashion\" \/>\n<meta property=\"og:description\" content=\"D\u0142ugi we\u0142niany p\u0142aszcz w be\u017cowym diagonalu ze st\u00f3jk\u0105 to przej\u015bciowy p\u0142aszcz o swobodnym kroju w ciekawy dese\u0144. We\u0142niany. Szyty r\u0119cznie. Produkt premium.\" \/>\n<meta property=\"og:url\" content=\"https:\/\/talia-fashion.pl\/en\/product\/dlugi-welniany-plaszcz-w-bezowym-diagonalu-ze-stojka-lima\/\" \/>\n<meta property=\"og:site_name\" content=\"Talia Fashion\" \/>\n<meta property=\"article:modified_time\" content=\"2026-03-29T14:12:31+00:00\" \/>\n<meta property=\"og:image\" content=\"https:\/\/talia-fashion.pl\/wp-content\/uploads\/2026\/02\/dlugi-welniany-plaszcz-ze-stojka-bezowy-diagonal.jpg\" \/>\n\t<meta property=\"og:image:width\" content=\"1200\" \/>\n\t<meta property=\"og:image:height\" content=\"1600\" \/>\n\t<meta property=\"og:image:type\" content=\"image\/jpeg\" \/>\n<meta name=\"twitter:card\" content=\"summary_large_image\" \/>\n<meta name=\"twitter:label1\" content=\"Estimated reading time\" \/>\n\t<meta name=\"twitter:data1\" content=\"4 minutes\" \/>\n<script type=\"application\/ld+json\" class=\"yoast-schema-graph\">{\"@context\":\"https:\/\/schema.org\",\"@graph\":[{\"@type\":\"WebPage\",\"@id\":\"https:\/\/talia-fashion.pl\/produkt\/dlugi-welniany-plaszcz-w-bezowym-diagonalu-ze-stojka-lima\/\",\"url\":\"https:\/\/talia-fashion.pl\/produkt\/dlugi-welniany-plaszcz-w-bezowym-diagonalu-ze-stojka-lima\/\",\"name\":\"D\u0142ugi we\u0142niany p\u0142aszcz w be\u017cowym diagonalu ze st\u00f3jk\u0105 Lima - Talia Fashion\",\"isPartOf\":{\"@id\":\"https:\/\/talia-fashion.pl\/#website\"},\"primaryImageOfPage\":{\"@id\":\"https:\/\/talia-fashion.pl\/produkt\/dlugi-welniany-plaszcz-w-bezowym-diagonalu-ze-stojka-lima\/#primaryimage\"},\"image\":{\"@id\":\"https:\/\/talia-fashion.pl\/produkt\/dlugi-welniany-plaszcz-w-bezowym-diagonalu-ze-stojka-lima\/#primaryimage\"},\"thumbnailUrl\":\"https:\/\/talia-fashion.pl\/wp-content\/uploads\/2026\/02\/dlugi-welniany-plaszcz-ze-stojka-bezowy-diagonal.jpg\",\"datePublished\":\"2026-02-08T13:11:39+00:00\",\"dateModified\":\"2026-03-29T14:12:31+00:00\",\"description\":\"D\u0142ugi we\u0142niany p\u0142aszcz w be\u017cowym diagonalu ze st\u00f3jk\u0105 to przej\u015bciowy p\u0142aszcz o swobodnym kroju w ciekawy dese\u0144. We\u0142niany. Szyty r\u0119cznie. Produkt premium.\",\"breadcrumb\":{\"@id\":\"https:\/\/talia-fashion.pl\/produkt\/dlugi-welniany-plaszcz-w-bezowym-diagonalu-ze-stojka-lima\/#breadcrumb\"},\"inLanguage\":\"en-GB\",\"potentialAction\":[{\"@type\":\"ReadAction\",\"target\":[\"https:\/\/talia-fashion.pl\/produkt\/dlugi-welniany-plaszcz-w-bezowym-diagonalu-ze-stojka-lima\/\"]}]},{\"@type\":\"ImageObject\",\"inLanguage\":\"en-GB\",\"@id\":\"https:\/\/talia-fashion.pl\/produkt\/dlugi-welniany-plaszcz-w-bezowym-diagonalu-ze-stojka-lima\/#primaryimage\",\"url\":\"https:\/\/talia-fashion.pl\/wp-content\/uploads\/2026\/02\/dlugi-welniany-plaszcz-ze-stojka-bezowy-diagonal.jpg\",\"contentUrl\":\"https:\/\/talia-fashion.pl\/wp-content\/uploads\/2026\/02\/dlugi-welniany-plaszcz-ze-stojka-bezowy-diagonal.jpg\",\"width\":1200,\"height\":1600,\"caption\":\"D\u0142ugi we\u0142niany p\u0142aszcz przej\u015bciowy ze stojk\u0105 w ciep\u0142ym, be\u017cowym diagonalu. Zapinany asymetrycznie.\"},{\"@type\":\"BreadcrumbList\",\"@id\":\"https:\/\/talia-fashion.pl\/produkt\/dlugi-welniany-plaszcz-w-bezowym-diagonalu-ze-stojka-lima\/#breadcrumb\",\"itemListElement\":[{\"@type\":\"ListItem\",\"position\":1,\"name\":\"Strona g\u0142\u00f3wna\",\"item\":\"https:\/\/talia-fashion.pl\/\"},{\"@type\":\"ListItem\",\"position\":2,\"name\":\"Sklep\",\"item\":\"https:\/\/talia-fashion.pl\/sklep\/\"},{\"@type\":\"ListItem\",\"position\":3,\"name\":\"D\u0142ugi we\u0142niany p\u0142aszcz w be\u017cowym diagonalu ze st\u00f3jk\u0105 Lima\"}]},{\"@type\":\"WebSite\",\"@id\":\"https:\/\/talia-fashion.pl\/#website\",\"url\":\"https:\/\/talia-fashion.pl\/\",\"name\":\"Talia Fashion\",\"description\":\"\",\"potentialAction\":[{\"@type\":\"SearchAction\",\"target\":{\"@type\":\"EntryPoint\",\"urlTemplate\":\"https:\/\/talia-fashion.pl\/?s={search_term_string}\"},\"query-input\":{\"@type\":\"PropertyValueSpecification\",\"valueRequired\":true,\"valueName\":\"search_term_string\"}}],\"inLanguage\":\"en-GB\"}]}<\/script>\n<!-- \/ Yoast SEO plugin. -->","yoast_head_json":{"title":"D\u0142ugi we\u0142niany p\u0142aszcz w be\u017cowym diagonalu ze st\u00f3jk\u0105 Lima - Talia Fashion","description":"D\u0142ugi we\u0142niany p\u0142aszcz w be\u017cowym diagonalu ze st\u00f3jk\u0105 to przej\u015bciowy p\u0142aszcz o swobodnym kroju w ciekawy dese\u0144. We\u0142niany. Szyty r\u0119cznie. Produkt premium.","robots":{"index":"index","follow":"follow","max-snippet":"max-snippet:-1","max-image-preview":"max-image-preview:large","max-video-preview":"max-video-preview:-1"},"canonical":"https:\/\/talia-fashion.pl\/en\/product\/dlugi-welniany-plaszcz-w-bezowym-diagonalu-ze-stojka-lima\/","og_locale":"en_GB","og_type":"article","og_title":"D\u0142ugi we\u0142niany p\u0142aszcz w be\u017cowym diagonalu ze st\u00f3jk\u0105 Lima - Talia Fashion","og_description":"D\u0142ugi we\u0142niany p\u0142aszcz w be\u017cowym diagonalu ze st\u00f3jk\u0105 to przej\u015bciowy p\u0142aszcz o swobodnym kroju w ciekawy dese\u0144. We\u0142niany. Szyty r\u0119cznie. Produkt premium.","og_url":"https:\/\/talia-fashion.pl\/en\/product\/dlugi-welniany-plaszcz-w-bezowym-diagonalu-ze-stojka-lima\/","og_site_name":"Talia Fashion","article_modified_time":"2026-03-29T14:12:31+00:00","og_image":[{"width":1200,"height":1600,"url":"https:\/\/talia-fashion.pl\/wp-content\/uploads\/2026\/02\/dlugi-welniany-plaszcz-ze-stojka-bezowy-diagonal.jpg","type":"image\/jpeg"}],"twitter_card":"summary_large_image","twitter_misc":{"Estimated reading time":"4 minutes"},"schema":{"@context":"https:\/\/schema.org","@graph":[{"@type":"WebPage","@id":"https:\/\/talia-fashion.pl\/produkt\/dlugi-welniany-plaszcz-w-bezowym-diagonalu-ze-stojka-lima\/","url":"https:\/\/talia-fashion.pl\/produkt\/dlugi-welniany-plaszcz-w-bezowym-diagonalu-ze-stojka-lima\/","name":"D\u0142ugi we\u0142niany p\u0142aszcz w be\u017cowym diagonalu ze st\u00f3jk\u0105 Lima - Talia Fashion","isPartOf":{"@id":"https:\/\/talia-fashion.pl\/#website"},"primaryImageOfPage":{"@id":"https:\/\/talia-fashion.pl\/produkt\/dlugi-welniany-plaszcz-w-bezowym-diagonalu-ze-stojka-lima\/#primaryimage"},"image":{"@id":"https:\/\/talia-fashion.pl\/produkt\/dlugi-welniany-plaszcz-w-bezowym-diagonalu-ze-stojka-lima\/#primaryimage"},"thumbnailUrl":"https:\/\/talia-fashion.pl\/wp-content\/uploads\/2026\/02\/dlugi-welniany-plaszcz-ze-stojka-bezowy-diagonal.jpg","datePublished":"2026-02-08T13:11:39+00:00","dateModified":"2026-03-29T14:12:31+00:00","description":"D\u0142ugi we\u0142niany p\u0142aszcz w be\u017cowym diagonalu ze st\u00f3jk\u0105 to przej\u015bciowy p\u0142aszcz o swobodnym kroju w ciekawy dese\u0144. We\u0142niany. Szyty r\u0119cznie. Produkt premium.","breadcrumb":{"@id":"https:\/\/talia-fashion.pl\/produkt\/dlugi-welniany-plaszcz-w-bezowym-diagonalu-ze-stojka-lima\/#breadcrumb"},"inLanguage":"en-GB","potentialAction":[{"@type":"ReadAction","target":["https:\/\/talia-fashion.pl\/produkt\/dlugi-welniany-plaszcz-w-bezowym-diagonalu-ze-stojka-lima\/"]}]},{"@type":"ImageObject","inLanguage":"en-GB","@id":"https:\/\/talia-fashion.pl\/produkt\/dlugi-welniany-plaszcz-w-bezowym-diagonalu-ze-stojka-lima\/#primaryimage","url":"https:\/\/talia-fashion.pl\/wp-content\/uploads\/2026\/02\/dlugi-welniany-plaszcz-ze-stojka-bezowy-diagonal.jpg","contentUrl":"https:\/\/talia-fashion.pl\/wp-content\/uploads\/2026\/02\/dlugi-welniany-plaszcz-ze-stojka-bezowy-diagonal.jpg","width":1200,"height":1600,"caption":"D\u0142ugi we\u0142niany p\u0142aszcz przej\u015bciowy ze stojk\u0105 w ciep\u0142ym, be\u017cowym diagonalu. Zapinany asymetrycznie."},{"@type":"BreadcrumbList","@id":"https:\/\/talia-fashion.pl\/produkt\/dlugi-welniany-plaszcz-w-bezowym-diagonalu-ze-stojka-lima\/#breadcrumb","itemListElement":[{"@type":"ListItem","position":1,"name":"Strona g\u0142\u00f3wna","item":"https:\/\/talia-fashion.pl\/"},{"@type":"ListItem","position":2,"name":"Sklep","item":"https:\/\/talia-fashion.pl\/sklep\/"},{"@type":"ListItem","position":3,"name":"D\u0142ugi we\u0142niany p\u0142aszcz w be\u017cowym diagonalu ze st\u00f3jk\u0105 Lima"}]},{"@type":"WebSite","@id":"https:\/\/talia-fashion.pl\/#website","url":"https:\/\/talia-fashion.pl\/","name":"Talia Fashion","description":"","potentialAction":[{"@type":"SearchAction","target":{"@type":"EntryPoint","urlTemplate":"https:\/\/talia-fashion.pl\/?s={search_term_string}"},"query-input":{"@type":"PropertyValueSpecification","valueRequired":true,"valueName":"search_term_string"}}],"inLanguage":"en-GB"}]}},"_links":{"self":[{"href":"https:\/\/talia-fashion.pl\/en\/wp-json\/wp\/v2\/product\/261976","targetHints":{"allow":["GET"]}}],"collection":[{"href":"https:\/\/talia-fashion.pl\/en\/wp-json\/wp\/v2\/product"}],"about":[{"href":"https:\/\/talia-fashion.pl\/en\/wp-json\/wp\/v2\/types\/product"}],"wp:featuredmedia":[{"embeddable":true,"href":"https:\/\/talia-fashion.pl\/en\/wp-json\/wp\/v2\/media\/262284"}],"wp:attachment":[{"href":"https:\/\/talia-fashion.pl\/en\/wp-json\/wp\/v2\/media?parent=261976"}],"wp:term":[{"taxonomy":"product_cat","embeddable":true,"href":"https:\/\/talia-fashion.pl\/en\/wp-json\/wp\/v2\/product_cat?post=261976"},{"taxonomy":"product_tag","embeddable":true,"href":"https:\/\/talia-fashion.pl\/en\/wp-json\/wp\/v2\/product_tag?post=261976"}],"curies":[{"name":"wp","href":"https:\/\/api.w.org\/{rel}","templated":true}]}}