{"id":261959,"date":"2026-02-07T13:43:57","date_gmt":"2026-02-07T12:43:57","guid":{"rendered":"https:\/\/talia-fashion.pl\/?post_type=product&#038;p=261959"},"modified":"2026-04-17T11:38:44","modified_gmt":"2026-04-17T09:38:44","slug":"krotki-bezowy-trencz-z-hydrofobowej-bawelny-lucyna","status":"publish","type":"product","link":"https:\/\/talia-fashion.pl\/en\/product\/krotki-bezowy-trencz-z-hydrofobowej-bawelny-lucyna\/","title":{"rendered":"Short beige trench in water repellent cotton Lucyna"},"content":{"rendered":"<p><strong>Kr\u00f3tki be\u017cowy trencz z hydrofobowej bawe\u0142ny<\/strong> Lucyna to kr\u00f3tsza wersja klasycznego, <strong>dwurz\u0119dowego<\/strong> trencza damskiego. Celowo uszyli\u015bmy go <strong>w d\u0142ugo\u015bci do po\u0142owy uda<\/strong>, by by\u0142 bardziej uniwersalny i mog\u0142y si\u0119 nim cieszy\u0107 Panie niezale\u017cnie od wzrostu. Kr\u00f3tsze p\u0142aszcze s\u0105 <strong>stylowe i funkcjonalne<\/strong>. Zapewniaj\u0105 komfort i swobod\u0119 ruch\u00f3w. Zajmuj\u0105 ma\u0142o miejsca i \u0142atwo je spakowa\u0107. <strong>Idealnie sprawdzaj\u0105 si\u0119 w casualowych stylizacjach<\/strong>. Zak\u0142adasz i wychodzisz. Zapinasz, wi\u0105\u017cesz na przodzie lub z ty\u0142u, lub po prostu nosisz rozpi\u0119te \u2013 za ka\u017cdym razem b\u0119dziesz prezentowa\u0107 si\u0119 doskonale. Walor ten doceni\u0105 szczeg\u00f3lnie osoby, kt\u00f3re nie lubi\u0105 zbyt d\u0142ugo zastanawia\u0107 si\u0119 nad swoim codziennym strojem. Dlatego te\u017c w naszych propozycjach na nadchodz\u0105cy sezon nie mog\u0142o zabrakn\u0105\u0107 <strong>kr\u00f3tkiego, be\u017cowego trencza<\/strong>, oczywi\u015bcie <strong>w nowoczesnym wydaniu<\/strong>.<\/p>\n<p>Trencz Lucyna uszyli\u015bmy z mieszanki bawe\u0142ny pokrytej hydrofobow\u0105 warstw\u0105 i oddychaj\u0105cej podszewki. Dodatkowo, by nada\u0107 mu luksusowego wygl\u0105du, przody okleili\u015bmy <span lang=\"DE\">bardzo delikatn\u0105 stabilizuj\u0105c\u0105 klejonk\u0105. Zapinany dwurz\u0119dowo na r\u0119cznie przyszywane guziki. <strong>Wi\u0105zany<\/strong>. M<\/span>a <strong>wyk\u0142adane klapy<\/strong>, <strong>raglan sleeve<\/strong>, <strong>pagony<\/strong> na ramionach i <strong>ozdobne paski na r\u0119kawach<\/strong>. Na plecach i z przodu <strong>ozobne peleryny<\/strong> wyko\u0144czone guzikiem. <span lang=\"DE\">Dwie, boczne <strong>kieszenie, dodaj\u0105ce praktyczno\u015bci<\/strong>. <\/span><span lang=\"DE\"><strong>Z ty\u0142u<\/strong>, na dole p\u0142aszcza znajduje si\u0119<strong> strut<\/strong>, dzi\u0119ki kt\u00f3remu trencz jest bardzo wygodny.<\/span><\/p>\n<p><strong>Kr\u00f3tki be\u017cowy trencz z hydrofobowej bawe\u0142ny<\/strong> Lucyna to <strong>casual but not oversized<\/strong> prochowiec. Raglanowy r\u0119kaw nadaje mi\u0119kko\u015bci. \u015awietnie sprawdzi si\u0119 u os\u00f3b o szerszych i wyra\u017anie zarysowanych ramionach oraz o obfitym biu\u015bcie. Nadmiar materia\u0142u, kt\u00f3ry powstaje w tego typu kostrukcji r\u0119kawa zmniejszyli\u015bmy dodaj\u0105c modeluj\u0105ce zaszewki. Dzi\u0119ki czemu trencz podkre\u015bla sylwetk\u0119 i jednocze\u015bnie zapewnia wygod\u0119 noszenia, co jest niezwykle istotne przy tworzeniu<strong> stylizacji wielowarstowych<\/strong>.Dla lepszego dopasowania mo\u017cna <strong>wi\u0105za\u0107 trencz paskiem<\/strong> w talii.\u00a0 Je\u015bli zastanawiasz si\u0119 jaki wybra\u0107 p\u0142aszcz, proponujemy zapozna\u0107 si\u0119 z naszymi wskaz\u00f3wkami <a href=\"https:\/\/talia-fashion.pl\/en\/jak-dobrac-plaszcz-do-sylwetki\/\">How do you choose a coat to suit your figure?<\/a><\/p>\n<p>Zdj\u0119cie rzeczywiste \u2013 be\u017cowy<\/p>\n<p>Dost\u0119pne kolory &#8211; be\u017cowy, czekoladowy br\u0105z, ch\u0142odny be\u017c<\/p>\n<p>All colours are presented in our <a href=\"https:\/\/talia-fashion.pl\/en\/paleta-kolorow\/\">Colour palette,<\/a> a tak\u017ce na zdj\u0119ciach produkt\u00f3w na odr\u0119bnych aukcjach. W razie w\u0105tpliwo\u015bci, prosimy o kontakt.<\/p>\n<p>Available sizes: XS, S, M, L<\/p>\n<p>Indicative dimensions:<\/p>\n<p>XS &#8211; biust: 86-88 \/ biodra: 94-96 \/ d\u0142ugo\u015b\u0107: 87 \/ r\u0119kaw: 61<br \/>\nS &#8211; biust: 90-92 \/ biodra: 98-100 \/ d\u0142ugo\u015b\u0107: 87 \/ r\u0119kaw: 62<br \/>\nM &#8211; biust: 94-96 \/ biodra: 102-104 \/ d\u0142ugo\u015b\u0107: 88 \/ r\u0119kaw: 62<br \/>\nL &#8211; biust: 98-100 \/ biodra: 106-108 \/ d\u0142ugo\u015b\u0107: 88 \/ r\u0119kaw: 63<\/p>\n<p><span lang=\"DE\">Jak si\u0119 zmierzy\u0107 i jaki wybra\u0107 rozmiar podpowiadamy w naszym kr\u00f3tkim poradniku: <a href=\"https:\/\/talia-fashion.pl\/en\/jak-dobrac-rozmiar\/\">How to choose a size?<\/a><\/span><br \/>\nTrencz ma delikatnie lu\u017aniejszy kr\u00f3j, szczeg\u00f3lnie w g\u00f3rnych partiach, co nadaje mu lekko\u015bci. To w\u0142a\u015bnie w tym wolumenie tkwi jego urok \u2014 modele o nieco wi\u0119kszym fasonie prezentuj\u0105 si\u0119 wyj\u0105tkowo stylowo i nowocze\u015bnie. <span lang=\"DE\">If you are unsure of your size selection, please contact us.<\/span><\/p>\n<p>The model is 172cm and a size S.<\/p>\n<p>Materia\u0142: bawe\u0142na 70%, nylon 30%<\/p>\n<p>Lining: 50% acetate, 50% viscose<br \/>\nLike viscose, acetate is produced from cellulose. Acetate yarn can also be made from recycled cellulose such as paper. The acetate lining is excellent at absorbing moisture, permeable to air and comfortable to wear. It is coated with an antistatic apprettee and is OEKOtex\u00ae Standard 100 certified.<\/p>\n<p>Kr\u00f3tki be\u017cowy trencz z hydrofobowej bawe\u0142ny Lucyna zaprojektowali\u015bmy i od pocz\u0105tku do ko\u0144ca <strong>uszyli\u015bmy w naszej rodzinnej pracowni<\/strong>. To tu powstaj\u0105 nasze projekty, wykroje, p\u0142aszcze pr\u00f3bne i te, kt\u00f3re ostatecznie trafiaj\u0105 do Was. P\u0142aszcze <strong>szyjemy r\u0119cznie<\/strong> z wyselekcjonowanych materia\u0142\u00f3w. Dzi\u0119ki temu, \u017ce <strong>uprawiamy tradycyjne krawiectwo<\/strong> trafia do Ciebie produkt stworzony z najwy\u017csz\u0105 precyzj\u0105 i sercem, kt\u00f3re wk\u0142adamy w nasz\u0105 codzienn\u0105 prac\u0119.<\/p>\n<p><span lang=\"DE\">Trencz damski nale\u017cy czy\u015bci\u0107 chemicznie. Nasze kr\u00f3tkie wskaz\u00f3wki pozwol\u0105 cieszy\u0107 si\u0119 nim d\u0142ugie lata <a href=\"https:\/\/talia-fashion.pl\/en\/jak-pielegnowac-i-dbac-o-plaszcz\/\">How to nurture and care for the coat? <\/a>Odpowiednie wieszanie, wietrzenie i unikanie zahacze\u0144 sprawi, \u017ce Tw\u00f3j p\u0142aszcz d\u0142ugo pozostanie pi\u0119kny.<\/span><\/p>\n<p>Z racji tego, i\u017c wszystkie produkty szyjemy sami, oferujemy mo\u017cliwo\u015b\u0107 z\u0142o\u017cenia <strong>Individual Order<\/strong> &#8211; uwzgl\u0119dniaj\u0105cego personalizacj\u0119 i wprowadzenie pewnych modyfikacji, takich jak: skr\u00f3cenie, b\u0105d\u017a wyd\u0142u\u017cenie r\u0119kaw\u00f3w, skr\u00f3cenie b\u0105d\u017a wyd\u0142u\u017cenie marynarki. Koszt wprowadzanych zmian ustalany jest indywidualnie po uprzednim kontakcie. <strong>An individual order is not subject to refund or exchange.\u00a0<\/strong><\/p>\n<p>Czas realizacji uzale\u017cniony jest od aktualnego stanu magazynowego w firmie oraz dost\u0119pno\u015bci danego koloru materia\u0142u. Je\u015bli dany p\u0142aszcz jest dost\u0119pny &#8222;od r\u0119ki&#8221; realizacja zam\u00f3wienia nast\u0105pi bardzo szybko, w ci\u0105gu 2-5 dni roboczych. Je\u015bli konieczne jest uszycie nowego p\u0142aszcza b\u0105d\u017a indywidualizacja zam\u00f3wienia \u2013 wykonanie przer\u00f3bki lub uszycie nowego p\u0142aszcza wed\u0142u specyfikacji Klienta\u2013 czas realizacji zam\u00f3wienia mo\u017ce ulec wyd\u0142u\u017ceniu, maksymalnie do 2 tygodni. <strong>Prosimy o cierpliwo\u015b\u0107<\/strong>, w wi\u0119kszo\u015bci przypadk\u00f3w nie szyjemy na magazyn, a uszycie trencza wymaga czasu i precyzji. <strong>Przedsprzeda\u017c &#8211; termin realizacji 14dni.<\/strong><\/p>\n<p>Od ponad 37 lat pracujemy zgodnie z zasadami zr\u00f3wnowa\u017conego rozwoju, ograniczamy nadprodukcj\u0119 i <strong>promujemy polskie, tradycyjne rzemios\u0142o<\/strong>. Dzi\u0119kujemy, \u017ce jeste\u015b z nami. A w wolnej chwili zach\u0119camy do polubienia naszego fanpage\u2019a na <a href=\"https:\/\/www.facebook.com\/talia.plaszcze\">Facebook<\/a>\u00a0i\u00a0<a href=\"https:\/\/www.instagram.com\/talia_plaszcze\/\">Instagram<\/a><\/p>","protected":false},"excerpt":{"rendered":"<p><strong>Kr\u00f3tki, be\u017cowy trencz damski w nowoczesnym wydaniu<\/strong>. Doskona\u0142a tkanina i swobodny kr\u00f3j, p\u0142aszcz w ca\u0142o\u015bci na podszewce. Uniwersalny, praktyczny i subtelnie luksusowy.<\/p>","protected":false},"featured_media":262394,"template":"","meta":{"_acf_changed":false},"product_cat":[31,55,27],"product_tag":[112,163,78,37,34,340,39,256,257,80,121,41,42,413,43,46,68,47,84,49,50,324,69,60,156,258,312,88],"class_list":{"0":"post-261959","1":"product","2":"type-product","3":"status-publish","4":"has-post-thumbnail","6":"product_cat-nowosci","7":"product_cat-plaszcze-krotsze","8":"product_cat-trencze","9":"product_tag-bawelniany-trencz","10":"product_tag-bezowy-plaszcz","11":"product_tag-dla-roznych-sylwetek","12":"product_tag-dyplomatka","13":"product_tag-handmade","14":"product_tag-jesionka","15":"product_tag-klasyczny","16":"product_tag-krotki-prochowiec","17":"product_tag-krotki-trencz-damski","18":"product_tag-luzny-kroj","19":"product_tag-materialy-przyjazne-dla-srodowiska","20":"product_tag-na-podszewce","21":"product_tag-nowosc","22":"product_tag-palto","23":"product_tag-plaszcz-damski","24":"product_tag-plaszcz-dwurzedowy","25":"product_tag-plaszcz-jesienny","26":"product_tag-plaszcz-na-guziki","27":"product_tag-plaszcz-oversizowy","28":"product_tag-plaszcz-wiosenny","29":"product_tag-plaszcz-z-rewersem","30":"product_tag-plaszcze-krotsze","31":"product_tag-prochowiec","32":"product_tag-producent-plaszczy-damskich","33":"product_tag-raglan","34":"product_tag-trencz-damski","35":"product_tag-trencz-z-peleryna","36":"product_tag-wiazany","38":"first","39":"instock","40":"shipping-taxable","41":"purchasable","42":"product-type-variable","43":"has-default-attributes"},"acf":[],"yoast_head":"<!-- This site is optimized with the Yoast SEO plugin v25.7 - https:\/\/yoast.com\/wordpress\/plugins\/seo\/ -->\n<title>Kr\u00f3tki be\u017cowy trencz z hydrofobowej bawe\u0142ny Lucyna - p\u0142aszczyk<\/title>\n<meta name=\"description\" content=\"Kr\u00f3tki be\u017cowy trencz z hydrofobowej bawe\u0142ny to obowi\u0105zkowa pozycja w szafie kapsu\u0142owej. Wygodny i uniwersalny kr\u00f3j, naturalne materia\u0142y - jako\u015b\u0107 premium.\" \/>\n<meta name=\"robots\" content=\"index, follow, max-snippet:-1, max-image-preview:large, max-video-preview:-1\" \/>\n<link rel=\"canonical\" href=\"https:\/\/talia-fashion.pl\/en\/product\/krotki-bezowy-trencz-z-hydrofobowej-bawelny-lucyna\/\" \/>\n<meta property=\"og:locale\" content=\"en_GB\" \/>\n<meta property=\"og:type\" content=\"article\" \/>\n<meta property=\"og:title\" content=\"Kr\u00f3tki be\u017cowy trencz z hydrofobowej bawe\u0142ny Lucyna - p\u0142aszczyk\" \/>\n<meta property=\"og:description\" content=\"Kr\u00f3tki be\u017cowy trencz z hydrofobowej bawe\u0142ny to obowi\u0105zkowa pozycja w szafie kapsu\u0142owej. Wygodny i uniwersalny kr\u00f3j, naturalne materia\u0142y - jako\u015b\u0107 premium.\" \/>\n<meta property=\"og:url\" content=\"https:\/\/talia-fashion.pl\/en\/product\/krotki-bezowy-trencz-z-hydrofobowej-bawelny-lucyna\/\" \/>\n<meta property=\"og:site_name\" content=\"Talia Fashion\" \/>\n<meta property=\"article:modified_time\" content=\"2026-04-17T09:38:44+00:00\" \/>\n<meta property=\"og:image\" content=\"https:\/\/talia-fashion.pl\/wp-content\/uploads\/2026\/02\/krotki-bezowy-trencz-bawelna-hydrofobowa-dwurzedowy.jpg\" \/>\n\t<meta property=\"og:image:width\" content=\"1200\" \/>\n\t<meta property=\"og:image:height\" content=\"1600\" \/>\n\t<meta property=\"og:image:type\" content=\"image\/jpeg\" \/>\n<meta name=\"twitter:card\" content=\"summary_large_image\" \/>\n<meta name=\"twitter:label1\" content=\"Estimated reading time\" \/>\n\t<meta name=\"twitter:data1\" content=\"4 minutes\" \/>\n<script type=\"application\/ld+json\" class=\"yoast-schema-graph\">{\"@context\":\"https:\/\/schema.org\",\"@graph\":[{\"@type\":\"WebPage\",\"@id\":\"https:\/\/talia-fashion.pl\/produkt\/krotki-bezowy-trencz-z-hydrofobowej-bawelny-lucyna\/\",\"url\":\"https:\/\/talia-fashion.pl\/produkt\/krotki-bezowy-trencz-z-hydrofobowej-bawelny-lucyna\/\",\"name\":\"Kr\u00f3tki be\u017cowy trencz z hydrofobowej bawe\u0142ny Lucyna - p\u0142aszczyk\",\"isPartOf\":{\"@id\":\"https:\/\/talia-fashion.pl\/#website\"},\"primaryImageOfPage\":{\"@id\":\"https:\/\/talia-fashion.pl\/produkt\/krotki-bezowy-trencz-z-hydrofobowej-bawelny-lucyna\/#primaryimage\"},\"image\":{\"@id\":\"https:\/\/talia-fashion.pl\/produkt\/krotki-bezowy-trencz-z-hydrofobowej-bawelny-lucyna\/#primaryimage\"},\"thumbnailUrl\":\"https:\/\/talia-fashion.pl\/wp-content\/uploads\/2026\/02\/krotki-bezowy-trencz-bawelna-hydrofobowa-dwurzedowy.jpg\",\"datePublished\":\"2026-02-07T12:43:57+00:00\",\"dateModified\":\"2026-04-17T09:38:44+00:00\",\"description\":\"Kr\u00f3tki be\u017cowy trencz z hydrofobowej bawe\u0142ny to obowi\u0105zkowa pozycja w szafie kapsu\u0142owej. Wygodny i uniwersalny kr\u00f3j, naturalne materia\u0142y - jako\u015b\u0107 premium.\",\"breadcrumb\":{\"@id\":\"https:\/\/talia-fashion.pl\/produkt\/krotki-bezowy-trencz-z-hydrofobowej-bawelny-lucyna\/#breadcrumb\"},\"inLanguage\":\"en-GB\",\"potentialAction\":[{\"@type\":\"ReadAction\",\"target\":[\"https:\/\/talia-fashion.pl\/produkt\/krotki-bezowy-trencz-z-hydrofobowej-bawelny-lucyna\/\"]}]},{\"@type\":\"ImageObject\",\"inLanguage\":\"en-GB\",\"@id\":\"https:\/\/talia-fashion.pl\/produkt\/krotki-bezowy-trencz-z-hydrofobowej-bawelny-lucyna\/#primaryimage\",\"url\":\"https:\/\/talia-fashion.pl\/wp-content\/uploads\/2026\/02\/krotki-bezowy-trencz-bawelna-hydrofobowa-dwurzedowy.jpg\",\"contentUrl\":\"https:\/\/talia-fashion.pl\/wp-content\/uploads\/2026\/02\/krotki-bezowy-trencz-bawelna-hydrofobowa-dwurzedowy.jpg\",\"width\":1200,\"height\":1600,\"caption\":\"Kr\u00f3tki, be\u017cowy trencz damski z bawe\u0142ny hydrofobowej. Stylowy i funkcjonalny. \u015awietna alternatywa d\u017cinsowej katany czy bomberki.\"},{\"@type\":\"BreadcrumbList\",\"@id\":\"https:\/\/talia-fashion.pl\/produkt\/krotki-bezowy-trencz-z-hydrofobowej-bawelny-lucyna\/#breadcrumb\",\"itemListElement\":[{\"@type\":\"ListItem\",\"position\":1,\"name\":\"Strona g\u0142\u00f3wna\",\"item\":\"https:\/\/talia-fashion.pl\/\"},{\"@type\":\"ListItem\",\"position\":2,\"name\":\"Sklep\",\"item\":\"https:\/\/talia-fashion.pl\/sklep\/\"},{\"@type\":\"ListItem\",\"position\":3,\"name\":\"Kr\u00f3tki be\u017cowy trencz z hydrofobowej bawe\u0142ny Lucyna\"}]},{\"@type\":\"WebSite\",\"@id\":\"https:\/\/talia-fashion.pl\/#website\",\"url\":\"https:\/\/talia-fashion.pl\/\",\"name\":\"Talia Fashion\",\"description\":\"\",\"potentialAction\":[{\"@type\":\"SearchAction\",\"target\":{\"@type\":\"EntryPoint\",\"urlTemplate\":\"https:\/\/talia-fashion.pl\/?s={search_term_string}\"},\"query-input\":{\"@type\":\"PropertyValueSpecification\",\"valueRequired\":true,\"valueName\":\"search_term_string\"}}],\"inLanguage\":\"en-GB\"}]}<\/script>\n<!-- \/ Yoast SEO plugin. -->","yoast_head_json":{"title":"Kr\u00f3tki be\u017cowy trencz z hydrofobowej bawe\u0142ny Lucyna - p\u0142aszczyk","description":"Kr\u00f3tki be\u017cowy trencz z hydrofobowej bawe\u0142ny to obowi\u0105zkowa pozycja w szafie kapsu\u0142owej. Wygodny i uniwersalny kr\u00f3j, naturalne materia\u0142y - jako\u015b\u0107 premium.","robots":{"index":"index","follow":"follow","max-snippet":"max-snippet:-1","max-image-preview":"max-image-preview:large","max-video-preview":"max-video-preview:-1"},"canonical":"https:\/\/talia-fashion.pl\/en\/product\/krotki-bezowy-trencz-z-hydrofobowej-bawelny-lucyna\/","og_locale":"en_GB","og_type":"article","og_title":"Kr\u00f3tki be\u017cowy trencz z hydrofobowej bawe\u0142ny Lucyna - p\u0142aszczyk","og_description":"Kr\u00f3tki be\u017cowy trencz z hydrofobowej bawe\u0142ny to obowi\u0105zkowa pozycja w szafie kapsu\u0142owej. Wygodny i uniwersalny kr\u00f3j, naturalne materia\u0142y - jako\u015b\u0107 premium.","og_url":"https:\/\/talia-fashion.pl\/en\/product\/krotki-bezowy-trencz-z-hydrofobowej-bawelny-lucyna\/","og_site_name":"Talia Fashion","article_modified_time":"2026-04-17T09:38:44+00:00","og_image":[{"width":1200,"height":1600,"url":"https:\/\/talia-fashion.pl\/wp-content\/uploads\/2026\/02\/krotki-bezowy-trencz-bawelna-hydrofobowa-dwurzedowy.jpg","type":"image\/jpeg"}],"twitter_card":"summary_large_image","twitter_misc":{"Estimated reading time":"4 minutes"},"schema":{"@context":"https:\/\/schema.org","@graph":[{"@type":"WebPage","@id":"https:\/\/talia-fashion.pl\/produkt\/krotki-bezowy-trencz-z-hydrofobowej-bawelny-lucyna\/","url":"https:\/\/talia-fashion.pl\/produkt\/krotki-bezowy-trencz-z-hydrofobowej-bawelny-lucyna\/","name":"Kr\u00f3tki be\u017cowy trencz z hydrofobowej bawe\u0142ny Lucyna - p\u0142aszczyk","isPartOf":{"@id":"https:\/\/talia-fashion.pl\/#website"},"primaryImageOfPage":{"@id":"https:\/\/talia-fashion.pl\/produkt\/krotki-bezowy-trencz-z-hydrofobowej-bawelny-lucyna\/#primaryimage"},"image":{"@id":"https:\/\/talia-fashion.pl\/produkt\/krotki-bezowy-trencz-z-hydrofobowej-bawelny-lucyna\/#primaryimage"},"thumbnailUrl":"https:\/\/talia-fashion.pl\/wp-content\/uploads\/2026\/02\/krotki-bezowy-trencz-bawelna-hydrofobowa-dwurzedowy.jpg","datePublished":"2026-02-07T12:43:57+00:00","dateModified":"2026-04-17T09:38:44+00:00","description":"Kr\u00f3tki be\u017cowy trencz z hydrofobowej bawe\u0142ny to obowi\u0105zkowa pozycja w szafie kapsu\u0142owej. Wygodny i uniwersalny kr\u00f3j, naturalne materia\u0142y - jako\u015b\u0107 premium.","breadcrumb":{"@id":"https:\/\/talia-fashion.pl\/produkt\/krotki-bezowy-trencz-z-hydrofobowej-bawelny-lucyna\/#breadcrumb"},"inLanguage":"en-GB","potentialAction":[{"@type":"ReadAction","target":["https:\/\/talia-fashion.pl\/produkt\/krotki-bezowy-trencz-z-hydrofobowej-bawelny-lucyna\/"]}]},{"@type":"ImageObject","inLanguage":"en-GB","@id":"https:\/\/talia-fashion.pl\/produkt\/krotki-bezowy-trencz-z-hydrofobowej-bawelny-lucyna\/#primaryimage","url":"https:\/\/talia-fashion.pl\/wp-content\/uploads\/2026\/02\/krotki-bezowy-trencz-bawelna-hydrofobowa-dwurzedowy.jpg","contentUrl":"https:\/\/talia-fashion.pl\/wp-content\/uploads\/2026\/02\/krotki-bezowy-trencz-bawelna-hydrofobowa-dwurzedowy.jpg","width":1200,"height":1600,"caption":"Kr\u00f3tki, be\u017cowy trencz damski z bawe\u0142ny hydrofobowej. Stylowy i funkcjonalny. \u015awietna alternatywa d\u017cinsowej katany czy bomberki."},{"@type":"BreadcrumbList","@id":"https:\/\/talia-fashion.pl\/produkt\/krotki-bezowy-trencz-z-hydrofobowej-bawelny-lucyna\/#breadcrumb","itemListElement":[{"@type":"ListItem","position":1,"name":"Strona g\u0142\u00f3wna","item":"https:\/\/talia-fashion.pl\/"},{"@type":"ListItem","position":2,"name":"Sklep","item":"https:\/\/talia-fashion.pl\/sklep\/"},{"@type":"ListItem","position":3,"name":"Kr\u00f3tki be\u017cowy trencz z hydrofobowej bawe\u0142ny Lucyna"}]},{"@type":"WebSite","@id":"https:\/\/talia-fashion.pl\/#website","url":"https:\/\/talia-fashion.pl\/","name":"Talia Fashion","description":"","potentialAction":[{"@type":"SearchAction","target":{"@type":"EntryPoint","urlTemplate":"https:\/\/talia-fashion.pl\/?s={search_term_string}"},"query-input":{"@type":"PropertyValueSpecification","valueRequired":true,"valueName":"search_term_string"}}],"inLanguage":"en-GB"}]}},"_links":{"self":[{"href":"https:\/\/talia-fashion.pl\/en\/wp-json\/wp\/v2\/product\/261959","targetHints":{"allow":["GET"]}}],"collection":[{"href":"https:\/\/talia-fashion.pl\/en\/wp-json\/wp\/v2\/product"}],"about":[{"href":"https:\/\/talia-fashion.pl\/en\/wp-json\/wp\/v2\/types\/product"}],"wp:featuredmedia":[{"embeddable":true,"href":"https:\/\/talia-fashion.pl\/en\/wp-json\/wp\/v2\/media\/262394"}],"wp:attachment":[{"href":"https:\/\/talia-fashion.pl\/en\/wp-json\/wp\/v2\/media?parent=261959"}],"wp:term":[{"taxonomy":"product_cat","embeddable":true,"href":"https:\/\/talia-fashion.pl\/en\/wp-json\/wp\/v2\/product_cat?post=261959"},{"taxonomy":"product_tag","embeddable":true,"href":"https:\/\/talia-fashion.pl\/en\/wp-json\/wp\/v2\/product_tag?post=261959"}],"curies":[{"name":"wp","href":"https:\/\/api.w.org\/{rel}","templated":true}]}}