{"id":261946,"date":"2026-02-07T06:27:37","date_gmt":"2026-02-07T05:27:37","guid":{"rendered":"https:\/\/talia-fashion.pl\/?post_type=product&#038;p=261946"},"modified":"2026-04-14T16:58:50","modified_gmt":"2026-04-14T14:58:50","slug":"kremowy-przejsciowy-plaszczyk-z-welna-handmade-cecylia","status":"publish","type":"product","link":"https:\/\/talia-fashion.pl\/en\/product\/kremowy-przejsciowy-plaszczyk-z-welna-handmade-cecylia\/","title":{"rendered":"Cream transitional coat with handmade wool Cecilia"},"content":{"rendered":"<p><span lang=\"DE\"><strong>Kremowy przej\u015bciowy p\u0142aszczyk z we\u0142n\u0105 handmade<\/strong> Cecylia to wygodny, <strong>swobodny kr\u00f3j z raglanowymi r\u0119kawami<\/strong>, <strong>zapinany dwurz\u0119dowo<\/strong> na szylkretowe (be\u017cowo-kremowe) guziki. <\/span>Raglanowy r\u0119kaw sprawia, \u017ce p\u0142aszczyk jest lu\u017aniejszy i mniej dopasowany, szczeg\u00f3lnie w g\u00f3rnych partiach. Jednak dzi\u0119ki przemy\u015blanym zabiegom konstrukcyjnym, nie jest oversizowy i podkre\u015bla sylwetk\u0119, cho\u0107 jej nie ogranicza. Zapewnia wygod\u0119, nawet z marynark\u0105. <strong>Belt<\/strong> uszyty z tej samej tkaniny, zbuduje tali\u0119. W tym fasonie najwa\u017cniejsze, by p\u0142aszcz op\u0142ywa\u0142 bioderka, a nie si\u0119 na nich opina\u0142. Mimo to, j<span lang=\"DE\">e\u015bli preferowany jest bardziej dopasowany p\u0142aszcz, sugerujemy wyb\u00f3r mniejszego rozmiaru.<\/span><\/p>\n<p>Boczne, uko\u015bne <strong>pockets<\/strong> <span lang=\"DE\">zako\u0144czone szerok\u0105 listw\u0105. \u015awietne do przechowywania drobnych rzeczy. <\/span><strong>Ty\u0142 delikatnie taliowany, z rozci\u0119ciem u do\u0142u<\/strong>. <strong>Klasyczny, wyk\u0142adany ko\u0142nierz<\/strong> wyko\u0144czony na ostro. <strong>D\u0142ugo\u015b\u0107 si\u0119gajaca przed kolano<\/strong>, nadaj\u0105ca lekko\u015bci. D\u0142ugie r\u0119kawy z ozdobnymi patkami.<\/p>\n<p>Nasz bestsellerowy model uszyli\u015bmy <strong>z mi\u0119sistej tkaniny z przewag\u0105 we\u0142ny<\/strong> o l\u017cejszej gramaturze. Ca\u0142o\u015b\u0107 wyko\u0144czyli\u015bmy <strong>oddychaj\u0105c\u0105 podszewk\u0105<\/strong>. Materia\u0142y u\u017cyte do jego wykonania nie tylko nadaj\u0105 sylwetce wyrafinowany wygl\u0105d, ale r\u00f3wnie\u017c zapewniaj\u0105 ciep\u0142o i przewiewno\u015b\u0107. Przed\u0142u\u017caj\u0105ce si\u0119 zimy i <strong>ch\u0142odne przedwio\u015bnie<\/strong> sprawiaj\u0105, \u017ce w naszej kapsule coraz cz\u0119\u015bciej pojawiaj\u0105 si\u0119 <strong>transitional coats<\/strong> \u2014 idealne na kapry\u015bn\u0105, zmienn\u0105 aur\u0119. Do tego typu p\u0142aszczy dobieramy odpowiednio l\u017cejsze tkaniny we\u0142niane oraz kr\u00f3tsze modele, poniewa\u017c oferuj\u0105 wystarczaj\u0105c\u0105 ochron\u0119 przed ch\u0142odem, ale nie s\u0105 tak ci\u0119\u017ckie jak p\u0142aszcze zimowe. Jednocze\u015bnie \u0142\u0105cz\u0105 elegancj\u0119 d\u0142ugiego p\u0142aszcza z praktyczno\u015bci\u0105 kr\u00f3tszych modeli. Mo\u017cna je zestawia\u0107 zar\u00f3wno z eleganckimi, jak i bardziej casualowymi stylizacjami.<\/p>\n<p>I ten kolor! Wniesie on powiew \u015bwie\u017co\u015bci do Twojej garderoby. <strong>Cream and beige melange<\/strong> to jeden z najmodniejszych odcieni sezonu \u2014 szlachetny, ponadczasowy i niezwykle uniwersalny. Subtelna<strong> gra ton\u00f3w kremowych i be\u017cowych<\/strong> o\u017cywia form\u0119 i sprawia, \u017ce ca\u0142o\u015b\u0107 wygl\u0105da nowocze\u015bnie i bardzo stylowo. Doskonale komponuje si\u0119 zar\u00f3wno z jasnymi, jak i kontrastowymi dodatkami, tworz\u0105c minimalistyczne, jak i bardziej wyraziste zestawienia. Kremowy melan\u017c w <strong>Mono Look&#8217;u<\/strong> to m\u00f3j idea\u0142 &#8211; wygl\u0105da luksusowo bez wysi\u0142ku. Wystarczy sp\u00f3jna paleta barw w r\u00f3\u017cnych elementach ubioru &#8211; kremowy sweterek, be\u017cowe spodnie do kostek, sk\u00f3rzane mule i efekt gotowy.<\/p>\n<p><span lang=\"DE\">Zdj\u0119cie rzeczywiste &#8211; kremowo-be\u017cowy melan\u017c<\/span><\/p>\n<p>Dost\u0119pne kolory: kremowo-be\u017cowy melan\u017c<\/p>\n<p><span lang=\"DE\">The colours are presented in our <a href=\"https:\/\/talia-fashion.pl\/en\/paleta-kolorow\/\">Colour palette<\/a>. If in doubt, please contact us.<\/span><\/p>\n<p>The model is 172cm and a size S.<\/p>\n<p><span lang=\"DE\">Available sizes: XS, S, M, L<br \/>\n<\/span><\/p>\n<p><span lang=\"DE\">Indicative dimensions:<\/span><\/p>\n<p>XS &#8211; biust: 86-88 \/ biodra: 94-96 \/ d\u0142ugo\u015b\u0107: 98 \/ r\u0119kaw: 62<br \/>\nS - bust: 90-92 \/ hips: 98-100 \/ length: 98 \/ sleeve: 62<br \/>\nM - bust: 94-96 \/ hips: 102-104 \/ length: 98 \/ sleeve: 62<br \/>\nL &#8211; biust: 98-100 \/ biodra: 106-108 \/ d\u0142ugo\u015b\u0107: 99\/ r\u0119kaw: 63<\/p>\n<p><span lang=\"DE\"><strong>Kremowy przej\u015bciowy p\u0142aszczyk z we\u0142n\u0105 handmade<\/strong> Cecylia<\/span> jest bardzo uniwersalny i pasuje na r\u00f3\u017cne sylwetki. \u015amia\u0142o mog\u0105 po niego si\u0119gn\u0105\u0107 zar\u00f3wno osoby niskie, jak i wysokie. Jest to te\u017c \u015bwietna opcja dla Pa\u0144 z wi\u0119kszym biustem. Mi\u0119kka forma i mi\u0119kki materia\u0142 z\u0142agodz\u0105 sylwetk\u0119, gdy masz rozbudowane lub ka\u0144ciaste ramiona. Wskaz\u00f3wki jaki wybra\u0107 fason p\u0142aszcza, umie\u015bcili\u015bmy w zak\u0142adce: <a href=\"https:\/\/talia-fashion.pl\/en\/jak-dobrac-plaszcz-do-sylwetki\/\">How do you choose a coat to suit your figure?<\/a><\/p>\n<p><span lang=\"DE\">W por\u00f3wnaniu do p\u0142aszczy z klasycznie wszywanym r\u0119kawem wypada o ok. p\u00f3\u0142 rozmiaru wi\u0119kszy. W zak\u0142adce <a href=\"https:\/\/talia-fashion.pl\/en\/jak-dobrac-rozmiar\/\">How to choose a size?<\/a> wyja\u015bniamy jak interpretowa\u0107 powy\u017csz\u0105 tabel\u0119 rozmiar\u00f3w i dodatkowo podpowiadamy w jaki spos\u00f3b si\u0119 zmierzy\u0107. W razie w\u0105tpliwo\u015bci prosimy o kontakt.<\/span><\/p>\n<p>Mataria\u0142: 80% we\u0142na, 20% poliamid<\/p>\n<p>Lining: 50% acetate, 50% viscose<\/p>\n<p>Like viscose, acetate is produced from cellulose. Acetate yarn can also be made from recycled cellulose such as paper. The acetate lining is excellent at absorbing moisture and permeable to air. It is coated with an antistatic apprettee and is OEKOtex\u00ae Standard 100 certified.<\/p>\n<p><span lang=\"DE\">P\u0142aszczyk nale\u017cy czy\u015bci\u0107 chemicznie. Odpowiednia piel\u0119gnacja, wieszanie i unikanie zahacze\u0144 sprawi, \u017ce Tw\u00f3j p\u0142aszcz d\u0142ugo pozostanie pi\u0119kny. Zajrzyj do naszej zak\u0142adki: <a href=\"https:\/\/talia-fashion.pl\/en\/jak-pielegnowac-i-dbac-o-plaszcz\/\">How to nurture and care for the coat?<\/a>, where we have included simple methods for enjoying your coat for a long time. And to refresh your wool frequently, we recommend the following\u00a0<a href=\"https:\/\/talia-fashion.pl\/en\/product\/szczotka-do-czyszczenia-i-pielegnacji-plaszcza\/\">Brush for cleaning and care of the coat<\/a>which can be purchased in our shop.<\/span><\/p>\n<p><span lang=\"DE\"><strong>Kremowy przej\u015bciowy p\u0142aszczyk z we\u0142n\u0105 handmade<\/strong> Cecylia uszyli\u015bmy w naszej rodzinnej pracowni w Poznaniu. Uprawiamy tradycyjne krawiectwo od ponad 37 lat i ka\u017cdy nasz p\u0142aszcz jest szyty r\u0119cznie. Nie szyjemy p\u0142aszczy na magazyn, dlatego prosimy o cierpliwo\u015b\u0107 &#8211; musimy uszy\u0107 ten p\u0142aszcz dla Ciebie. Dzi\u0119kujemy, \u017ce wspierasz lokaln\u0105 firm\u0119.<\/span><\/p>\n<p><span lang=\"DE\">There is also the possibility of <strong>Individual orders<\/strong>, i.e. with minor modifications at the client's request. We can shorten or lengthen the sleeves, shorten or lengthen the length of the coat. The cost of such a service is determined individually after prior contact and determination of possible options. <\/span><strong>An individual order is not subject to exchange or refund.<\/strong><\/p>\n<p><span lang=\"DE\">Czas realizacji zam\u00f3wienia zale\u017cy od aktualnego stanu magazynowego w pracowni oraz dost\u0119pno\u015bci danego koloru materia\u0142u. Je\u015bli dany p\u0142aszcz jest dost\u0119pny &#8222;od r\u0119ki&#8221; realizacja zam\u00f3wienia nast\u0105pi bardzo szybko, w ci\u0105gu 2-5 dni roboczych. Je\u015bli konieczne jest uszycie p\u0142aszcza lub indywidualizacja zam\u00f3wienia \u2013 wykonanie przer\u00f3bki lub uszycie spersonalizowanego p\u0142aszcza \u2013 czas realizacji zam\u00f3wienia mo\u017ce ulec wyd\u0142u\u017ceniu, maksymalnie do 2 tygodni.<\/span><\/p>\n<p>We invite you to stay with us for longer and to follow our profiles on <a href=\"https:\/\/www.facebook.com\/talia.plaszcze\">Facebook<\/a>\u00a0and\u00a0<a href=\"https:\/\/www.instagram.com\/talia_plaszcze\/\">Instagram<\/a>.<\/p>","protected":false},"excerpt":{"rendered":"<p><span lang=\"DE\"><strong>Kremowy przej\u015bciowy p\u0142aszczyk z we\u0142n\u0105 handmade<\/strong><\/span> it's <strong>lekki, ciep\u0142y p\u0142aszczyk o d\u0142ugo\u015bci przed kolano<\/strong>. Idealny na <strong>wiosn\u0119 i jesie\u0144<\/strong>. Chroni przed ch\u0142odem i zapewnia przewiewno\u015b\u0107, gdy robi si\u0119 cieplej. Do tego jest <strong>stylowy i funkcjonalny<\/strong>.<\/p>\n<p>&nbsp;<\/p>","protected":false},"featured_media":262364,"template":"","meta":{"_acf_changed":false},"product_cat":[31,55],"product_tag":[78,119,284,34,39,40,80,41,42,43,46,251,83,47,291,84,59,49,50,173,125,69,156,207,220,52,97,53,139,88,217,147],"class_list":{"0":"post-261946","1":"product","2":"type-product","3":"status-publish","4":"has-post-thumbnail","6":"product_cat-nowosci","7":"product_cat-plaszcze-krotsze","8":"product_tag-dla-roznych-sylwetek","9":"product_tag-dlugi-plaszcz-zimowy","10":"product_tag-dlugosc-przed-kolano","11":"product_tag-handmade","12":"product_tag-klasyczny","13":"product_tag-kolnierz","14":"product_tag-luzny-kroj","15":"product_tag-na-podszewce","16":"product_tag-nowosc","17":"product_tag-plaszcz-damski","18":"product_tag-plaszcz-dwurzedowy","19":"product_tag-plaszcz-kremowy","20":"product_tag-plaszcz-luzny","21":"product_tag-plaszcz-na-guziki","22":"product_tag-plaszcz-na-jesien","23":"product_tag-plaszcz-oversizowy","24":"product_tag-plaszcz-przejsciowy","25":"product_tag-plaszcz-wiosenny","26":"product_tag-plaszcz-z-rewersem","27":"product_tag-polski-producent-plaszczy","28":"product_tag-polskie-rzemioslo","29":"product_tag-prochowiec","30":"product_tag-raglan","31":"product_tag-rodzinna-firma","32":"product_tag-styl-retro","33":"product_tag-szylkretowe-guziki","34":"product_tag-trencz","35":"product_tag-welna","36":"product_tag-welna-dziewicza","37":"product_tag-wiazany","38":"product_tag-zielony-plaszcz","39":"product_tag-zrownowazona-produkcja","41":"first","42":"instock","43":"shipping-taxable","44":"purchasable","45":"product-type-variable","46":"has-default-attributes"},"acf":[],"yoast_head":"<!-- This site is optimized with the Yoast SEO plugin v25.7 - https:\/\/yoast.com\/wordpress\/plugins\/seo\/ -->\n<title>Kremowy przej\u015bciowy p\u0142aszczyk z we\u0142n\u0105 handmade Cecylia - Talia Fashion - p\u0142aszcze damskie<\/title>\n<meta name=\"description\" content=\"Kremowy przej\u015bciowy p\u0142aszczyk z we\u0142n\u0105 handmade - ponadczasowy, swobodny kr\u00f3j, roz\u015bwietlaj\u0105cy kolor, \u015bwietnej jako\u015bci materia\u0142. Produkt premium na lata.\" \/>\n<meta name=\"robots\" content=\"index, follow, max-snippet:-1, max-image-preview:large, max-video-preview:-1\" \/>\n<link rel=\"canonical\" href=\"https:\/\/talia-fashion.pl\/en\/product\/kremowy-przejsciowy-plaszczyk-z-welna-handmade-cecylia\/\" \/>\n<meta property=\"og:locale\" content=\"en_GB\" \/>\n<meta property=\"og:type\" content=\"article\" \/>\n<meta property=\"og:title\" content=\"Kremowy przej\u015bciowy p\u0142aszczyk z we\u0142n\u0105 handmade Cecylia - Talia Fashion - p\u0142aszcze damskie\" \/>\n<meta property=\"og:description\" content=\"Kremowy przej\u015bciowy p\u0142aszczyk z we\u0142n\u0105 handmade - ponadczasowy, swobodny kr\u00f3j, roz\u015bwietlaj\u0105cy kolor, \u015bwietnej jako\u015bci materia\u0142. Produkt premium na lata.\" \/>\n<meta property=\"og:url\" content=\"https:\/\/talia-fashion.pl\/en\/product\/kremowy-przejsciowy-plaszczyk-z-welna-handmade-cecylia\/\" \/>\n<meta property=\"og:site_name\" content=\"Talia Fashion\" \/>\n<meta property=\"article:modified_time\" content=\"2026-04-14T14:58:50+00:00\" \/>\n<meta property=\"og:image\" content=\"https:\/\/talia-fashion.pl\/wp-content\/uploads\/2026\/02\/kremowy-melanzowy-przejsciowy-plaszczyk-welna-handmade.jpg\" \/>\n\t<meta property=\"og:image:width\" content=\"1200\" \/>\n\t<meta property=\"og:image:height\" content=\"1600\" \/>\n\t<meta property=\"og:image:type\" content=\"image\/jpeg\" \/>\n<meta name=\"twitter:card\" content=\"summary_large_image\" \/>\n<meta name=\"twitter:label1\" content=\"Estimated reading time\" \/>\n\t<meta name=\"twitter:data1\" content=\"4 minutes\" \/>\n<script type=\"application\/ld+json\" class=\"yoast-schema-graph\">{\"@context\":\"https:\/\/schema.org\",\"@graph\":[{\"@type\":\"WebPage\",\"@id\":\"https:\/\/talia-fashion.pl\/produkt\/kremowy-przejsciowy-plaszczyk-z-welna-handmade-cecylia\/\",\"url\":\"https:\/\/talia-fashion.pl\/produkt\/kremowy-przejsciowy-plaszczyk-z-welna-handmade-cecylia\/\",\"name\":\"Kremowy przej\u015bciowy p\u0142aszczyk z we\u0142n\u0105 handmade Cecylia - Talia Fashion - p\u0142aszcze damskie\",\"isPartOf\":{\"@id\":\"https:\/\/talia-fashion.pl\/#website\"},\"primaryImageOfPage\":{\"@id\":\"https:\/\/talia-fashion.pl\/produkt\/kremowy-przejsciowy-plaszczyk-z-welna-handmade-cecylia\/#primaryimage\"},\"image\":{\"@id\":\"https:\/\/talia-fashion.pl\/produkt\/kremowy-przejsciowy-plaszczyk-z-welna-handmade-cecylia\/#primaryimage\"},\"thumbnailUrl\":\"https:\/\/talia-fashion.pl\/wp-content\/uploads\/2026\/02\/kremowy-melanzowy-przejsciowy-plaszczyk-welna-handmade.jpg\",\"datePublished\":\"2026-02-07T05:27:37+00:00\",\"dateModified\":\"2026-04-14T14:58:50+00:00\",\"description\":\"Kremowy przej\u015bciowy p\u0142aszczyk z we\u0142n\u0105 handmade - ponadczasowy, swobodny kr\u00f3j, roz\u015bwietlaj\u0105cy kolor, \u015bwietnej jako\u015bci materia\u0142. Produkt premium na lata.\",\"breadcrumb\":{\"@id\":\"https:\/\/talia-fashion.pl\/produkt\/kremowy-przejsciowy-plaszczyk-z-welna-handmade-cecylia\/#breadcrumb\"},\"inLanguage\":\"en-GB\",\"potentialAction\":[{\"@type\":\"ReadAction\",\"target\":[\"https:\/\/talia-fashion.pl\/produkt\/kremowy-przejsciowy-plaszczyk-z-welna-handmade-cecylia\/\"]}]},{\"@type\":\"ImageObject\",\"inLanguage\":\"en-GB\",\"@id\":\"https:\/\/talia-fashion.pl\/produkt\/kremowy-przejsciowy-plaszczyk-z-welna-handmade-cecylia\/#primaryimage\",\"url\":\"https:\/\/talia-fashion.pl\/wp-content\/uploads\/2026\/02\/kremowy-melanzowy-przejsciowy-plaszczyk-welna-handmade.jpg\",\"contentUrl\":\"https:\/\/talia-fashion.pl\/wp-content\/uploads\/2026\/02\/kremowy-melanzowy-przejsciowy-plaszczyk-welna-handmade.jpg\",\"width\":1200,\"height\":1600,\"caption\":\"Kremowo-be\u017cowy p\u0142aszczyk przej\u015bciowy w kolano. Lekki, ciep\u0142y i przewiewny. Idealny na wiosn\u0119 i jesie\u0144.\"},{\"@type\":\"BreadcrumbList\",\"@id\":\"https:\/\/talia-fashion.pl\/produkt\/kremowy-przejsciowy-plaszczyk-z-welna-handmade-cecylia\/#breadcrumb\",\"itemListElement\":[{\"@type\":\"ListItem\",\"position\":1,\"name\":\"Strona g\u0142\u00f3wna\",\"item\":\"https:\/\/talia-fashion.pl\/\"},{\"@type\":\"ListItem\",\"position\":2,\"name\":\"Sklep\",\"item\":\"https:\/\/talia-fashion.pl\/sklep\/\"},{\"@type\":\"ListItem\",\"position\":3,\"name\":\"Kremowy przej\u015bciowy p\u0142aszczyk z we\u0142n\u0105 handmade Cecylia\"}]},{\"@type\":\"WebSite\",\"@id\":\"https:\/\/talia-fashion.pl\/#website\",\"url\":\"https:\/\/talia-fashion.pl\/\",\"name\":\"Talia Fashion\",\"description\":\"\",\"potentialAction\":[{\"@type\":\"SearchAction\",\"target\":{\"@type\":\"EntryPoint\",\"urlTemplate\":\"https:\/\/talia-fashion.pl\/?s={search_term_string}\"},\"query-input\":{\"@type\":\"PropertyValueSpecification\",\"valueRequired\":true,\"valueName\":\"search_term_string\"}}],\"inLanguage\":\"en-GB\"}]}<\/script>\n<!-- \/ Yoast SEO plugin. -->","yoast_head_json":{"title":"Kremowy przej\u015bciowy p\u0142aszczyk z we\u0142n\u0105 handmade Cecylia - Talia Fashion - p\u0142aszcze damskie","description":"Kremowy przej\u015bciowy p\u0142aszczyk z we\u0142n\u0105 handmade - ponadczasowy, swobodny kr\u00f3j, roz\u015bwietlaj\u0105cy kolor, \u015bwietnej jako\u015bci materia\u0142. Produkt premium na lata.","robots":{"index":"index","follow":"follow","max-snippet":"max-snippet:-1","max-image-preview":"max-image-preview:large","max-video-preview":"max-video-preview:-1"},"canonical":"https:\/\/talia-fashion.pl\/en\/product\/kremowy-przejsciowy-plaszczyk-z-welna-handmade-cecylia\/","og_locale":"en_GB","og_type":"article","og_title":"Kremowy przej\u015bciowy p\u0142aszczyk z we\u0142n\u0105 handmade Cecylia - Talia Fashion - p\u0142aszcze damskie","og_description":"Kremowy przej\u015bciowy p\u0142aszczyk z we\u0142n\u0105 handmade - ponadczasowy, swobodny kr\u00f3j, roz\u015bwietlaj\u0105cy kolor, \u015bwietnej jako\u015bci materia\u0142. Produkt premium na lata.","og_url":"https:\/\/talia-fashion.pl\/en\/product\/kremowy-przejsciowy-plaszczyk-z-welna-handmade-cecylia\/","og_site_name":"Talia Fashion","article_modified_time":"2026-04-14T14:58:50+00:00","og_image":[{"width":1200,"height":1600,"url":"https:\/\/talia-fashion.pl\/wp-content\/uploads\/2026\/02\/kremowy-melanzowy-przejsciowy-plaszczyk-welna-handmade.jpg","type":"image\/jpeg"}],"twitter_card":"summary_large_image","twitter_misc":{"Estimated reading time":"4 minutes"},"schema":{"@context":"https:\/\/schema.org","@graph":[{"@type":"WebPage","@id":"https:\/\/talia-fashion.pl\/produkt\/kremowy-przejsciowy-plaszczyk-z-welna-handmade-cecylia\/","url":"https:\/\/talia-fashion.pl\/produkt\/kremowy-przejsciowy-plaszczyk-z-welna-handmade-cecylia\/","name":"Kremowy przej\u015bciowy p\u0142aszczyk z we\u0142n\u0105 handmade Cecylia - Talia Fashion - p\u0142aszcze damskie","isPartOf":{"@id":"https:\/\/talia-fashion.pl\/#website"},"primaryImageOfPage":{"@id":"https:\/\/talia-fashion.pl\/produkt\/kremowy-przejsciowy-plaszczyk-z-welna-handmade-cecylia\/#primaryimage"},"image":{"@id":"https:\/\/talia-fashion.pl\/produkt\/kremowy-przejsciowy-plaszczyk-z-welna-handmade-cecylia\/#primaryimage"},"thumbnailUrl":"https:\/\/talia-fashion.pl\/wp-content\/uploads\/2026\/02\/kremowy-melanzowy-przejsciowy-plaszczyk-welna-handmade.jpg","datePublished":"2026-02-07T05:27:37+00:00","dateModified":"2026-04-14T14:58:50+00:00","description":"Kremowy przej\u015bciowy p\u0142aszczyk z we\u0142n\u0105 handmade - ponadczasowy, swobodny kr\u00f3j, roz\u015bwietlaj\u0105cy kolor, \u015bwietnej jako\u015bci materia\u0142. Produkt premium na lata.","breadcrumb":{"@id":"https:\/\/talia-fashion.pl\/produkt\/kremowy-przejsciowy-plaszczyk-z-welna-handmade-cecylia\/#breadcrumb"},"inLanguage":"en-GB","potentialAction":[{"@type":"ReadAction","target":["https:\/\/talia-fashion.pl\/produkt\/kremowy-przejsciowy-plaszczyk-z-welna-handmade-cecylia\/"]}]},{"@type":"ImageObject","inLanguage":"en-GB","@id":"https:\/\/talia-fashion.pl\/produkt\/kremowy-przejsciowy-plaszczyk-z-welna-handmade-cecylia\/#primaryimage","url":"https:\/\/talia-fashion.pl\/wp-content\/uploads\/2026\/02\/kremowy-melanzowy-przejsciowy-plaszczyk-welna-handmade.jpg","contentUrl":"https:\/\/talia-fashion.pl\/wp-content\/uploads\/2026\/02\/kremowy-melanzowy-przejsciowy-plaszczyk-welna-handmade.jpg","width":1200,"height":1600,"caption":"Kremowo-be\u017cowy p\u0142aszczyk przej\u015bciowy w kolano. Lekki, ciep\u0142y i przewiewny. Idealny na wiosn\u0119 i jesie\u0144."},{"@type":"BreadcrumbList","@id":"https:\/\/talia-fashion.pl\/produkt\/kremowy-przejsciowy-plaszczyk-z-welna-handmade-cecylia\/#breadcrumb","itemListElement":[{"@type":"ListItem","position":1,"name":"Strona g\u0142\u00f3wna","item":"https:\/\/talia-fashion.pl\/"},{"@type":"ListItem","position":2,"name":"Sklep","item":"https:\/\/talia-fashion.pl\/sklep\/"},{"@type":"ListItem","position":3,"name":"Kremowy przej\u015bciowy p\u0142aszczyk z we\u0142n\u0105 handmade Cecylia"}]},{"@type":"WebSite","@id":"https:\/\/talia-fashion.pl\/#website","url":"https:\/\/talia-fashion.pl\/","name":"Talia Fashion","description":"","potentialAction":[{"@type":"SearchAction","target":{"@type":"EntryPoint","urlTemplate":"https:\/\/talia-fashion.pl\/?s={search_term_string}"},"query-input":{"@type":"PropertyValueSpecification","valueRequired":true,"valueName":"search_term_string"}}],"inLanguage":"en-GB"}]}},"_links":{"self":[{"href":"https:\/\/talia-fashion.pl\/en\/wp-json\/wp\/v2\/product\/261946","targetHints":{"allow":["GET"]}}],"collection":[{"href":"https:\/\/talia-fashion.pl\/en\/wp-json\/wp\/v2\/product"}],"about":[{"href":"https:\/\/talia-fashion.pl\/en\/wp-json\/wp\/v2\/types\/product"}],"wp:featuredmedia":[{"embeddable":true,"href":"https:\/\/talia-fashion.pl\/en\/wp-json\/wp\/v2\/media\/262364"}],"wp:attachment":[{"href":"https:\/\/talia-fashion.pl\/en\/wp-json\/wp\/v2\/media?parent=261946"}],"wp:term":[{"taxonomy":"product_cat","embeddable":true,"href":"https:\/\/talia-fashion.pl\/en\/wp-json\/wp\/v2\/product_cat?post=261946"},{"taxonomy":"product_tag","embeddable":true,"href":"https:\/\/talia-fashion.pl\/en\/wp-json\/wp\/v2\/product_tag?post=261946"}],"curies":[{"name":"wp","href":"https:\/\/api.w.org\/{rel}","templated":true}]}}