{"id":261790,"date":"2026-01-18T13:06:23","date_gmt":"2026-01-18T12:06:23","guid":{"rendered":"https:\/\/talia-fashion.pl\/?post_type=product&#038;p=261790"},"modified":"2026-04-12T19:45:19","modified_gmt":"2026-04-12T17:45:19","slug":"czekoladowy-trencz-damski-o-luzym-kroju-ina","status":"publish","type":"product","link":"https:\/\/talia-fashion.pl\/en\/product\/czekoladowy-trencz-damski-o-luzym-kroju-ina\/","title":{"rendered":"Chocolate women's trench with a loose fit Ina"},"content":{"rendered":"<p><span lang=\"DE\"><strong>Czekoladowy trencz damski o lu\u017aym kroju<\/strong> Ina to<strong> nowoczesna<\/strong> ods\u0142ona klasycznego <strong>bawe\u0142nianego trencza z dwoma rz\u0119dami<\/strong>, r\u0119cznie przyszywanych, <strong>guzik\u00f3w<\/strong>. <strong>Asymetryczne zapi\u0119cie, cz\u0119\u015bciowo dwurz\u0119dowe, a cz\u0119\u015bciowo jednorz\u0119dowe<\/strong>\u00a0podkre\u015bla \u015bwie\u017co\u015b\u0107 formy i nowy wymiar klasyki.<\/span><span lang=\"DE\"> D\u0142ugo\u015b\u0107 za kolano. Z rozporkiem na tyle, kt\u00f3ry optycznie wyd\u0142u\u017ca i zapewnia komfort w chodzeniu, mimo d\u0142ugo\u015bci trencza. <strong>Wysoki, architektoniczny ko\u0142nierz<\/strong> z mo\u017cliwo\u015bci\u0105 wy\u0142o\u017cenia w formie rewersu. Wysoki ko\u0142nierz to trend, kt\u00f3ry nie tylko przyci\u0105ga uwag\u0119, ale te\u017c buduje charakter ca\u0142ej stylizacji. Do tego jest elegancki i praktyczny &#8211; chroni przed ch\u0142odem. Detal ten, mimo, iz kojarzony z zim\u0105, to jeden z najmocniejszych akcent\u00f3w nadchodz\u0105cego sezonu wiosenno-jesiennego. <\/span><\/p>\n<p><span lang=\"DE\"><strong>Czekoladowy trencz damski o lu\u017aym kroju<\/strong> Ina <\/span>ma <strong>swobodny kr\u00f3j w stylu oversize<\/strong>. <span lang=\"DE\">P\u0142aszcz jest profilowany, jednak z uwagi na raglanowe wyko\u0144czenie r\u0119kaw\u00f3w wypada lu\u017aniejszy. Dla lepszego dopasowania, tali\u0119 mo\u017cna podkre\u015bli\u0107 paskiem. <strong>Doskona\u0142a harmonia obj\u0119to\u015bci i proporcji<\/strong>. Je\u015bli preferowany jest bardziej dopasowany p\u0142aszcz, sugerujemy wyb\u00f3r mniejszego rozmiaru. Ca\u0142y urok w tej lu\u017aniejszej formie, kt\u00f3ra daje niemal nieograniczone<strong> mo\u017cliwo\u015bci tworzenia nowoczesnych, warstwowych sylwetek<\/strong>.\u00a0<\/span><\/p>\n<p><span lang=\"DE\">Trencz Ina ma <strong>dwie, boczne kieszenie<\/strong>. Ozdobne pagony naszywane na ramionach i wyko\u0144czone guzikiem oraz ozdobne paski na r\u0119kawach. Efektowna <strong>peleryna na plecach<\/strong>. <\/span><span lang=\"DE\">Uszyli\u015bmy go z mieszanki bawe\u0142ny pokrytej hydrofobow\u0105 warstw\u0105. Ca\u0142o\u015b\u0107 wyko\u0144czona <strong>oddychaj\u0105c\u0105 podszewk\u0105<\/strong>. Przody p\u0142aszcza zosta\u0142y dodatkowo podklejone bardzo delikatn\u0105 stabilizuj\u0105c\u0105 klejonk\u0105 nadaj\u0105c\u0105 trenczowi luksusowego wygl\u0105du. Odkryj nasz <strong>czekoladowy trencz damski o lu\u017aym kroju<\/strong> Ina i zachwy\u0107 si\u0119 jako\u015bci\u0105 wykonania.<\/span><\/p>\n<p><span lang=\"DE\">Idealny na wiosn\u0119 i jesie\u0144, cho\u0107 i latem ochroni Ci\u0119 przed powiewami wiatru. To minimalistyczny i ikoniczny model, prosty i elegancki w stonowanych, naturalnych kolorach (szaro\u015bci, be\u017ce, czekoladowy br\u0105z, krem), stanowi\u0107 b\u0119dzie idealn\u0105 baz\u0119 dla ka\u017cdej stylizacji. Pasuje zar\u00f3wno do casualowych, jak i formalnych stylizacji. <\/span>Mo\u017cna go po\u0142\u0105czy\u0107 z bia\u0142\u0105 koszul\u0105, be\u017cowymi chinosami i loafersami. Lub w stylizacji wielowarstowej np. z <a href=\"https:\/\/talia-fashion.pl\/en\/product\/marynarka-jednorzedowa-welniana-w-jodelke-czekoladowa-london\/\">marynark\u0105 London<\/a>. P\u0142aszcz r\u00f3wnie doskonale prezentowa\u0107 si\u0119 b\u0119dzie z T-shirtem, jeansami i bia\u0142ymi sneakersami. Czapka, kapelusz czy kaszkiet? Sk\u00f3rzana nerka, a mo\u017ce torba w rozmiarze XXL &#8211; wszystko zale\u017cy od Ciebie. <span lang=\"DE\">Z ca\u0142\u0105 pewno\u015bci\u0105 ten trencz d\u0142ugo zago\u015bci w Twojej szafie i sprawdzi si\u0119 w ka\u017cdej sytuacji.<\/span><\/p>\n<p><span lang=\"DE\">Zdj\u0119cie rzeczywiste &#8211; czekoladowy br\u0105z<\/span><\/p>\n<p><span lang=\"DE\">Kolory g\u0142adkie: czekoladowy br\u0105z, khaki<\/span><\/p>\n<p>The colours are presented in <a href=\"https:\/\/talia-fashion.pl\/en\/paleta-kolorow\/\">colour palette<\/a>. If in doubt, please contact us.<\/p>\n<p>The model is 172cm and a size S.<\/p>\n<p><span lang=\"DE\">Available sizes: XS, S, M, L<\/span><\/p>\n<p>Indicative dimensions:<\/p>\n<p>XS &#8211; biust: 86-88 \/ biodra: 94-96 \/ d\u0142ugo\u015b\u0107: 105 \/ r\u0119kaw: 62<br \/>\nS &#8211; biust: 90-92 \/ biodra: 98-100 \/ d\u0142ugo\u015b\u0107: 105 \/ r\u0119kaw: 62<br \/>\nM &#8211; biust: 94-96\u00a0\u00a0\/ biodra: 102-104 \/ d\u0142ugo\u015b\u0107: 106 \/ r\u0119kaw: 62<br \/>\nL &#8211; biust: 98-100 \/ biodra: 106-108 \/ d\u0142ugo\u015b\u0107: 106 \/ r\u0119kaw: 63<\/p>\n<p><span lang=\"DE\">If you are unsure of your size selection, please contact us.<\/span><\/p>\n<p><span lang=\"DE\">Material: 80<\/span><span lang=\"DE\">% bawe\u0142na, 20% nylon<\/span><\/p>\n<p>Lining: 50% acetate, 50% viscose<\/p>\n<p>Acetat podobnie jak wiskoza wytwarzany jest z celulozy. Prz\u0119dza acetatowa mo\u017ce by\u0107 wytworzona r\u00f3wnie\u017c z celulozy przetworzonej np. papieru. Podszewka acetatowa doskonale wch\u0142ania wilgo\u0107 i przepuszcza powietrze. Jest powlekany apretur\u0105 antystatyczn\u0105 i posiada certyfikat OEKOtex\u00ae Standard 100. Zapewnia komfort noszenia.<\/p>\n<p><span lang=\"DE\"><strong>Czekoladowy trencz damski o lu\u017aym kroju<\/strong> Ina zaprojektowali\u015bmy i uszyli\u015bmy w naszej pracowni, tradycyjnymi i pracoch\u0142onnymi metodami w spos\u00f3b przyjazny dla \u015brodowiska. Od 37 lat staramy si\u0119 piel\u0119gnowa\u0107 polskie rzemios\u0142o i dzi\u0119ki Wam ubieramy ju\u017c kolejne pokolenia. Dzi\u0119kujemy, \u017ce wybieracie lokalne produkty. <\/span><\/p>\n<p><span lang=\"DE\">Trencz Ina nale\u017cy czy\u015bci\u0107 chemicznie. Nasze kr\u00f3tkie wskaz\u00f3wki pozwol\u0105 cieszy\u0107 si\u0119 nim d\u0142ugie lata <a href=\"https:\/\/talia-fashion.pl\/en\/jak-pielegnowac-i-dbac-o-plaszcz\/\">How to nurture and care for the coat?\u00a0<\/a> Odpowiednie wieszanie, wietrzenie i unikanie zahacze\u0144 sprawi, \u017ce Tw\u00f3j p\u0142aszcz d\u0142ugo pozostanie pi\u0119kny.<\/span><\/p>\n<p><span lang=\"DE\">Wszystkie trencze szyjemy sami dlatego istnieje mo\u017cliwo\u015b\u0107 spersonalizowania p\u0142aszcza &#8211; np. skr\u00f3cenie, b\u0105d\u017a wyd\u0142u\u017cenie r\u0119kaw\u00f3w, wyd\u0142u\u017cenie i skr\u00f3cenie p\u0142aszcza. Koszt ustalany jest indywidualnie po uprzednim kontakcie i zale\u017cy od ilo\u015bci wprowadzanych modyfikacji. Je\u015bli nie przepadacie za pagonami na ramionach &#8211; r\u00f3wnie\u017c istnieje mo\u017cliwo\u015b\u0107 ich usuni\u0119cia. <\/span><strong>Zam\u00f3wienie indywidualne, personalizowane nie podlega wymianie, ani zwrotowi.<\/strong><\/p>\n<p><span lang=\"DE\">Czas realizacji zam\u00f3wienia uzale\u017cniamy od aktualnego stanu magazynowego w pracowni oraz dost\u0119pno\u015bci danego koloru materia\u0142u. Je\u015bli dany p\u0142aszcz jest dost\u0119pny &#8222;od r\u0119ki&#8221; realizacja zam\u00f3wienia nast\u0105pi bardzo szybko w ci\u0105gu 2-5 dni roboczych. Je\u015bli konieczne jest uszycie p\u0142aszcza b\u0105d\u017a indywidualizacja zam\u00f3wienia \u2013 wykonanie przer\u00f3bki lub uszycie nowego p\u0142aszcza wed\u0142ug specyfikacji Klienta \u2013 czas realizacji zam\u00f3wienia mo\u017ce ulec wyd\u0142u\u017ceniu, maksymalnie do 2 tygodni.<\/span><\/p>\n<p>Prosimy o cierpliwo\u015b\u0107, musimy uszy\u0107 p\u0142aszcz dla Ciebie. Wi\u0119kszo\u015b\u0107 naszych p\u0142aszczy nie szyjemy na magazyn, postaramy si\u0119 jednak jak najszybciej zrealizowa\u0107 Twoje zam\u00f3wienie.<\/p>\n<p>Zach\u0119camy do polubienia naszego fanpage&#8217;a na <a href=\"https:\/\/www.facebook.com\/talia.plaszcze\">Facebook<\/a>.<\/p>","protected":false},"excerpt":{"rendered":"<p><span lang=\"DE\"><strong>Czekoladowy trencz damski o lu\u017aym kroju<\/strong> Ina to<strong> nowoczesna<\/strong> ods\u0142ona klasycznego <strong>bawe\u0142nianego trencza<\/strong><\/span>. Styl oversize, wysoki architektoniczny ko\u0142nierz, asymetryczne zapi\u0119cie i czysta forma.<\/p>","protected":false},"featured_media":262398,"template":"","meta":{"_acf_changed":false},"product_cat":[31,36,27],"product_tag":[112,396,56,153,384,78,33,412,39,80,116,41,42,299,43,44,46,68,47,84,187,49,410,69,156,409,408,258,292,88,395],"class_list":{"0":"post-261790","1":"product","2":"type-product","3":"status-publish","4":"has-post-thumbnail","6":"product_cat-nowosci","7":"product_cat-plaszcze-dluzsze","8":"product_cat-trencze","9":"product_tag-bawelniany-trencz","10":"product_tag-bawelniany-trencz-damski","11":"product_tag-bestseller","12":"product_tag-blazer","13":"product_tag-czekoladowy-trencz-damski","14":"product_tag-dla-roznych-sylwetek","15":"product_tag-dwurzedowy","16":"product_tag-jedznorzedowy-trencz","17":"product_tag-klasyczny","18":"product_tag-luzny-kroj","19":"product_tag-marynarka","20":"product_tag-na-podszewce","21":"product_tag-nowosc","22":"product_tag-plaszcz-czekoladowy","23":"product_tag-plaszcz-damski","24":"product_tag-plaszcz-damski-dlugi","25":"product_tag-plaszcz-dwurzedowy","26":"product_tag-plaszcz-jesienny","27":"product_tag-plaszcz-na-guziki","28":"product_tag-plaszcz-oversizowy","29":"product_tag-plaszcz-trencz","30":"product_tag-plaszcz-wiosenny","31":"product_tag-poet-core","32":"product_tag-prochowiec","33":"product_tag-raglan","34":"product_tag-recznie-szyte","35":"product_tag-szyte-w-polsce","36":"product_tag-trencz-damski","37":"product_tag-trencz-dwurzedowy","38":"product_tag-wiazany","39":"product_tag-wysoki-kolnierz","41":"first","42":"instock","43":"shipping-taxable","44":"purchasable","45":"product-type-variable","46":"has-default-attributes"},"acf":[],"yoast_head":"<!-- This site is optimized with the Yoast SEO plugin v25.7 - https:\/\/yoast.com\/wordpress\/plugins\/seo\/ -->\n<title>Czekoladowy trencz damski o lu\u017aym kroju Ina - Talia Fashion<\/title>\n<meta name=\"description\" content=\"Czekoladowy trencz damski o lu\u017aym kroju - to dwurz\u0119dowy trencz o oversizowym kroju z wysokim ko\u0142nierzem i d\u0142ugo\u015bci midi. Produkt premium.\" \/>\n<meta name=\"robots\" content=\"index, follow, max-snippet:-1, max-image-preview:large, max-video-preview:-1\" \/>\n<link rel=\"canonical\" href=\"https:\/\/talia-fashion.pl\/en\/product\/czekoladowy-trencz-damski-o-luzym-kroju-ina\/\" \/>\n<meta property=\"og:locale\" content=\"en_GB\" \/>\n<meta property=\"og:type\" content=\"article\" \/>\n<meta property=\"og:title\" content=\"Czekoladowy trencz damski o lu\u017aym kroju Ina - Talia Fashion\" \/>\n<meta property=\"og:description\" content=\"Czekoladowy trencz damski o lu\u017aym kroju - to dwurz\u0119dowy trencz o oversizowym kroju z wysokim ko\u0142nierzem i d\u0142ugo\u015bci midi. Produkt premium.\" \/>\n<meta property=\"og:url\" content=\"https:\/\/talia-fashion.pl\/en\/product\/czekoladowy-trencz-damski-o-luzym-kroju-ina\/\" \/>\n<meta property=\"og:site_name\" content=\"Talia Fashion\" \/>\n<meta property=\"article:modified_time\" content=\"2026-04-12T17:45:19+00:00\" \/>\n<meta property=\"og:image\" content=\"https:\/\/talia-fashion.pl\/wp-content\/uploads\/2026\/01\/czekoladowy-trencz-damski-luzny-kroj-dwurzedowy-wysoki-kolnierz.jpg\" \/>\n\t<meta property=\"og:image:width\" content=\"1200\" \/>\n\t<meta property=\"og:image:height\" content=\"1600\" \/>\n\t<meta property=\"og:image:type\" content=\"image\/jpeg\" \/>\n<meta name=\"twitter:card\" content=\"summary_large_image\" \/>\n<meta name=\"twitter:label1\" content=\"Estimated reading time\" \/>\n\t<meta name=\"twitter:data1\" content=\"4 minutes\" \/>\n<script type=\"application\/ld+json\" class=\"yoast-schema-graph\">{\"@context\":\"https:\/\/schema.org\",\"@graph\":[{\"@type\":\"WebPage\",\"@id\":\"https:\/\/talia-fashion.pl\/produkt\/czekoladowy-trencz-damski-o-luzym-kroju-ina\/\",\"url\":\"https:\/\/talia-fashion.pl\/produkt\/czekoladowy-trencz-damski-o-luzym-kroju-ina\/\",\"name\":\"Czekoladowy trencz damski o lu\u017aym kroju Ina - Talia Fashion\",\"isPartOf\":{\"@id\":\"https:\/\/talia-fashion.pl\/#website\"},\"primaryImageOfPage\":{\"@id\":\"https:\/\/talia-fashion.pl\/produkt\/czekoladowy-trencz-damski-o-luzym-kroju-ina\/#primaryimage\"},\"image\":{\"@id\":\"https:\/\/talia-fashion.pl\/produkt\/czekoladowy-trencz-damski-o-luzym-kroju-ina\/#primaryimage\"},\"thumbnailUrl\":\"https:\/\/talia-fashion.pl\/wp-content\/uploads\/2026\/01\/czekoladowy-trencz-damski-luzny-kroj-dwurzedowy-wysoki-kolnierz.jpg\",\"datePublished\":\"2026-01-18T12:06:23+00:00\",\"dateModified\":\"2026-04-12T17:45:19+00:00\",\"description\":\"Czekoladowy trencz damski o lu\u017aym kroju - to dwurz\u0119dowy trencz o oversizowym kroju z wysokim ko\u0142nierzem i d\u0142ugo\u015bci midi. Produkt premium.\",\"breadcrumb\":{\"@id\":\"https:\/\/talia-fashion.pl\/produkt\/czekoladowy-trencz-damski-o-luzym-kroju-ina\/#breadcrumb\"},\"inLanguage\":\"en-GB\",\"potentialAction\":[{\"@type\":\"ReadAction\",\"target\":[\"https:\/\/talia-fashion.pl\/produkt\/czekoladowy-trencz-damski-o-luzym-kroju-ina\/\"]}]},{\"@type\":\"ImageObject\",\"inLanguage\":\"en-GB\",\"@id\":\"https:\/\/talia-fashion.pl\/produkt\/czekoladowy-trencz-damski-o-luzym-kroju-ina\/#primaryimage\",\"url\":\"https:\/\/talia-fashion.pl\/wp-content\/uploads\/2026\/01\/czekoladowy-trencz-damski-luzny-kroj-dwurzedowy-wysoki-kolnierz.jpg\",\"contentUrl\":\"https:\/\/talia-fashion.pl\/wp-content\/uploads\/2026\/01\/czekoladowy-trencz-damski-luzny-kroj-dwurzedowy-wysoki-kolnierz.jpg\",\"width\":1200,\"height\":1600,\"caption\":\"Czekoladowy trencz damski o lu\u017anym kroju z wysokim ko\u0142nierzem. Styl oversize.\"},{\"@type\":\"BreadcrumbList\",\"@id\":\"https:\/\/talia-fashion.pl\/produkt\/czekoladowy-trencz-damski-o-luzym-kroju-ina\/#breadcrumb\",\"itemListElement\":[{\"@type\":\"ListItem\",\"position\":1,\"name\":\"Strona g\u0142\u00f3wna\",\"item\":\"https:\/\/talia-fashion.pl\/\"},{\"@type\":\"ListItem\",\"position\":2,\"name\":\"Sklep\",\"item\":\"https:\/\/talia-fashion.pl\/sklep\/\"},{\"@type\":\"ListItem\",\"position\":3,\"name\":\"Czekoladowy trencz damski o lu\u017aym kroju Ina\"}]},{\"@type\":\"WebSite\",\"@id\":\"https:\/\/talia-fashion.pl\/#website\",\"url\":\"https:\/\/talia-fashion.pl\/\",\"name\":\"Talia Fashion\",\"description\":\"\",\"potentialAction\":[{\"@type\":\"SearchAction\",\"target\":{\"@type\":\"EntryPoint\",\"urlTemplate\":\"https:\/\/talia-fashion.pl\/?s={search_term_string}\"},\"query-input\":{\"@type\":\"PropertyValueSpecification\",\"valueRequired\":true,\"valueName\":\"search_term_string\"}}],\"inLanguage\":\"en-GB\"}]}<\/script>\n<!-- \/ Yoast SEO plugin. -->","yoast_head_json":{"title":"Czekoladowy trencz damski o lu\u017aym kroju Ina - Talia Fashion","description":"Czekoladowy trencz damski o lu\u017aym kroju - to dwurz\u0119dowy trencz o oversizowym kroju z wysokim ko\u0142nierzem i d\u0142ugo\u015bci midi. Produkt premium.","robots":{"index":"index","follow":"follow","max-snippet":"max-snippet:-1","max-image-preview":"max-image-preview:large","max-video-preview":"max-video-preview:-1"},"canonical":"https:\/\/talia-fashion.pl\/en\/product\/czekoladowy-trencz-damski-o-luzym-kroju-ina\/","og_locale":"en_GB","og_type":"article","og_title":"Czekoladowy trencz damski o lu\u017aym kroju Ina - Talia Fashion","og_description":"Czekoladowy trencz damski o lu\u017aym kroju - to dwurz\u0119dowy trencz o oversizowym kroju z wysokim ko\u0142nierzem i d\u0142ugo\u015bci midi. Produkt premium.","og_url":"https:\/\/talia-fashion.pl\/en\/product\/czekoladowy-trencz-damski-o-luzym-kroju-ina\/","og_site_name":"Talia Fashion","article_modified_time":"2026-04-12T17:45:19+00:00","og_image":[{"width":1200,"height":1600,"url":"https:\/\/talia-fashion.pl\/wp-content\/uploads\/2026\/01\/czekoladowy-trencz-damski-luzny-kroj-dwurzedowy-wysoki-kolnierz.jpg","type":"image\/jpeg"}],"twitter_card":"summary_large_image","twitter_misc":{"Estimated reading time":"4 minutes"},"schema":{"@context":"https:\/\/schema.org","@graph":[{"@type":"WebPage","@id":"https:\/\/talia-fashion.pl\/produkt\/czekoladowy-trencz-damski-o-luzym-kroju-ina\/","url":"https:\/\/talia-fashion.pl\/produkt\/czekoladowy-trencz-damski-o-luzym-kroju-ina\/","name":"Czekoladowy trencz damski o lu\u017aym kroju Ina - Talia Fashion","isPartOf":{"@id":"https:\/\/talia-fashion.pl\/#website"},"primaryImageOfPage":{"@id":"https:\/\/talia-fashion.pl\/produkt\/czekoladowy-trencz-damski-o-luzym-kroju-ina\/#primaryimage"},"image":{"@id":"https:\/\/talia-fashion.pl\/produkt\/czekoladowy-trencz-damski-o-luzym-kroju-ina\/#primaryimage"},"thumbnailUrl":"https:\/\/talia-fashion.pl\/wp-content\/uploads\/2026\/01\/czekoladowy-trencz-damski-luzny-kroj-dwurzedowy-wysoki-kolnierz.jpg","datePublished":"2026-01-18T12:06:23+00:00","dateModified":"2026-04-12T17:45:19+00:00","description":"Czekoladowy trencz damski o lu\u017aym kroju - to dwurz\u0119dowy trencz o oversizowym kroju z wysokim ko\u0142nierzem i d\u0142ugo\u015bci midi. Produkt premium.","breadcrumb":{"@id":"https:\/\/talia-fashion.pl\/produkt\/czekoladowy-trencz-damski-o-luzym-kroju-ina\/#breadcrumb"},"inLanguage":"en-GB","potentialAction":[{"@type":"ReadAction","target":["https:\/\/talia-fashion.pl\/produkt\/czekoladowy-trencz-damski-o-luzym-kroju-ina\/"]}]},{"@type":"ImageObject","inLanguage":"en-GB","@id":"https:\/\/talia-fashion.pl\/produkt\/czekoladowy-trencz-damski-o-luzym-kroju-ina\/#primaryimage","url":"https:\/\/talia-fashion.pl\/wp-content\/uploads\/2026\/01\/czekoladowy-trencz-damski-luzny-kroj-dwurzedowy-wysoki-kolnierz.jpg","contentUrl":"https:\/\/talia-fashion.pl\/wp-content\/uploads\/2026\/01\/czekoladowy-trencz-damski-luzny-kroj-dwurzedowy-wysoki-kolnierz.jpg","width":1200,"height":1600,"caption":"Czekoladowy trencz damski o lu\u017anym kroju z wysokim ko\u0142nierzem. Styl oversize."},{"@type":"BreadcrumbList","@id":"https:\/\/talia-fashion.pl\/produkt\/czekoladowy-trencz-damski-o-luzym-kroju-ina\/#breadcrumb","itemListElement":[{"@type":"ListItem","position":1,"name":"Strona g\u0142\u00f3wna","item":"https:\/\/talia-fashion.pl\/"},{"@type":"ListItem","position":2,"name":"Sklep","item":"https:\/\/talia-fashion.pl\/sklep\/"},{"@type":"ListItem","position":3,"name":"Czekoladowy trencz damski o lu\u017aym kroju Ina"}]},{"@type":"WebSite","@id":"https:\/\/talia-fashion.pl\/#website","url":"https:\/\/talia-fashion.pl\/","name":"Talia Fashion","description":"","potentialAction":[{"@type":"SearchAction","target":{"@type":"EntryPoint","urlTemplate":"https:\/\/talia-fashion.pl\/?s={search_term_string}"},"query-input":{"@type":"PropertyValueSpecification","valueRequired":true,"valueName":"search_term_string"}}],"inLanguage":"en-GB"}]}},"_links":{"self":[{"href":"https:\/\/talia-fashion.pl\/en\/wp-json\/wp\/v2\/product\/261790","targetHints":{"allow":["GET"]}}],"collection":[{"href":"https:\/\/talia-fashion.pl\/en\/wp-json\/wp\/v2\/product"}],"about":[{"href":"https:\/\/talia-fashion.pl\/en\/wp-json\/wp\/v2\/types\/product"}],"wp:featuredmedia":[{"embeddable":true,"href":"https:\/\/talia-fashion.pl\/en\/wp-json\/wp\/v2\/media\/262398"}],"wp:attachment":[{"href":"https:\/\/talia-fashion.pl\/en\/wp-json\/wp\/v2\/media?parent=261790"}],"wp:term":[{"taxonomy":"product_cat","embeddable":true,"href":"https:\/\/talia-fashion.pl\/en\/wp-json\/wp\/v2\/product_cat?post=261790"},{"taxonomy":"product_tag","embeddable":true,"href":"https:\/\/talia-fashion.pl\/en\/wp-json\/wp\/v2\/product_tag?post=261790"}],"curies":[{"name":"wp","href":"https:\/\/api.w.org\/{rel}","templated":true}]}}