{"id":261783,"date":"2026-01-18T11:25:52","date_gmt":"2026-01-18T10:25:52","guid":{"rendered":"https:\/\/talia-fashion.pl\/?post_type=product&#038;p=261783"},"modified":"2026-03-07T06:56:11","modified_gmt":"2026-03-07T05:56:11","slug":"czekoladowy-welniany-plaszczyk-do-polowy-uda-soho","status":"publish","type":"product","link":"https:\/\/talia-fashion.pl\/en\/product\/czekoladowy-welniany-plaszczyk-do-polowy-uda-soho\/","title":{"rendered":"Chocolate wool mid-thigh coat from Soho"},"content":{"rendered":"<p>Czekoladowy we\u0142niany p\u0142aszczyk do po\u0142owy uda Soho to <strong>kr\u00f3tki p\u0142aszcz damski <\/strong>o pude\u0142kowym fasonie z delikatnie zaokr\u0105glon\u0105 lini\u0105 ramion. To propozycja w <strong>lekko oversizowym stylu, <\/strong>idealna <strong>for transitional seasons<\/strong>. Znajdzie si\u0119 miejsce na grubszy sweterek, we\u0142nian\u0105 kamizelk\u0119 b\u0105d\u017a tweedow\u0105 marynark\u0119. <strong>Warstwowe stylizacje<\/strong>, <strong>lu\u017aniejsze, mi\u0119kkie fasony<\/strong> i <strong>stonowana paleta barw<\/strong> to jeden z najmocniejszych trend\u00f3w sezonu. Nasz p\u0142aszczyk doskonale wpisuje si\u0119 w t\u0119 estetyk\u0119, nadaj\u0105c ca\u0142o\u015bci charakteru.<\/p>\n<p><strong>Zapinany dwurz\u0119dowo na guziki<\/strong>. <strong>Wi\u0105zany w pasie<\/strong>, dla lepszego dopasowania. <strong>Dwie, boczne funkcjonalne kieszenie<\/strong>, wyko\u0144czone listewk\u0105. <strong>Klasyczny ko\u0142nierz z klapami<\/strong>, kt\u00f3ry pozwala na r\u00f3\u017cne stylizacje \u2014 elegancko wy\u0142o\u017cony, nonszalancko wywini\u0119ty lub podniesiony w ch\u0142odniejsze dni. <strong>Mid-thigh length<\/strong> &#8211; przy kt\u00f3rej poczujesz si\u0119 lekko i wygodnie. Rozporek z ty\u0142u. <strong>Raglanowy r\u0119kaw<\/strong>.<\/p>\n<p><strong>Czekoladowy we\u0142niany p\u0142aszczyk do po\u0142owy uda<\/strong> Soho to lekkie, wygodne i stylowe okrycie wierzchnie. <strong>Prosta i czysta forma<\/strong>, bez zb\u0119dnych ozd\u00f3b, <strong>l\u017cejszej gramatury we\u0142na<\/strong> and <strong>oddychaj\u0105ca podszewka<\/strong> sprawi\u0105, i\u017c ch\u0119tnie si\u0119gniesz po niego zar\u00f3wno wiosn\u0105 i jak i jesieni\u0105. \u015awietnie zast\u0119pi klasyczny p\u0142aszcz lub bawe\u0142niany trencz. Pasuje do codziennych stylizacji \u2014 zar\u00f3wno z jeansami i sneakersami, jak i z sukienk\u0105 czy loafersami. <strong>Chocolate brown<\/strong> prze\u0142amuje wiosenn\u0105 oczywisto\u015b\u0107 pasteli, dodaj\u0105c stylizacjom g\u0142\u0119bi i ponadczasowej elegancji.<\/p>\n<p>The model is 172cm tall and a size S.<\/p>\n<p>Zdj\u0119cie rzeczywiste: czekoladowy<\/p>\n<p>P\u0142aszcz dost\u0119pny w nast\u0119puj\u0105cych kolorach: czekoladowy, jasny be\u017c<\/p>\n<p>Available sizes: XS, S, M, L<\/p>\n<p>All available colours of materials are presented in the pictures of coats in various models and in our\u00a0<a href=\"https:\/\/talia-fashion.pl\/en\/paleta-kolorow\/\">Colour palette<\/a>. If in doubt, please contact us.<\/p>\n<p>Indicative dimensions:<br \/>\nXS \u2013 biust: 86-88 \/ biodra: 94-96 \/ d\u0142ugo\u015b\u0107: 88\/ r\u0119kaw 61<br \/>\nS \u2013 biust: 90-92 \/ biodra: 98-100 \/ d\u0142ugo\u015b\u0107: 88 \/ r\u0119kaw: 61<br \/>\nM \u2013 biust: 94-96 \/ biodra: 102-104 \/ d\u0142ugo\u015b\u0107: 89 \/ r\u0119kaw: 62<br \/>\nL \u2013 biust: 98-100 \/ biodra: 106-108 \/ d\u0142ugo\u015b\u0107: 89 \/ r\u0119kaw: 63<\/p>\n<p><strong>Czekoladowy we\u0142niany p\u0142aszczyk do po\u0142owy uda<\/strong> Soho to model delikatnie lu\u017aniejszy z uwagi na raglanow\u0105 konstrukcj\u0119 r\u0119kawa. To ona w\u0142a\u015bnie nadaje mi\u0119kko\u015bci i zapewnia komfort poruszania. Jednocze\u015bnie sprawiaj\u0105c, i\u017c p\u0142aszcz jest mniej dopasowany w g\u00f3rnych partiach. Dla uchwycenia proporcji oraz podkre\u015blenia sylwetki zastosowali\u015bmy dodatkowe zaszewki modeluj\u0105ce. Dlatego p\u0142aszcz jest swobodny, ale nie oversizowy. W tym modelu wa\u017cne jest by, op\u0142ywa\u0142 bioderka a nie si\u0119 na nich opina\u0142. <span lang=\"DE\">Idealny dla Pa\u0144 o mocno zaznaczonej linii ramion.<\/span> We have provided guidance on the choice of cut on our website, under the tab <a href=\"https:\/\/talia-fashion.pl\/en\/jak-dobrac-plaszcz-do-sylwetki\/\">How do you choose a coat to suit your figure?<\/a><\/p>\n<p><span lang=\"DE\">Je\u015bli preferowany jest bardziej dopasowany p\u0142aszcz, sugerujemy wyb\u00f3r mniejszego rozmiaru. <\/span>W por\u00f3wnaniu do p\u0142aszczy z klasycznie wszywanym r\u0119kawem wypada o ok. p\u00f3\u0142 rozmiaru wi\u0119kszy. W zak\u0142adce\u00a0<a href=\"https:\/\/talia-fashion.pl\/en\/jak-dobrac-rozmiar\/\">How to choose a size?<\/a> wyja\u015bniamy jak interpretowa\u0107 powy\u017csz\u0105 tabel\u0119 rozmiar\u00f3w i dodatkowo podpowiadamy w jaki spos\u00f3b si\u0119 zmierzy\u0107. W razie w\u0105tpliwo\u015bci prosimy o kontakt.<\/p>\n<p>Materia\u0142 czekoladowy: 80% we\u0142na,\u00a0 20% poliamid<\/p>\n<p>Jasny be\u017c: 97% we\u0142na dziewicza, 3% kaszmir<\/p>\n<p>Lining: 50% acetate, 50% viscose<\/p>\n<p>Like viscose, acetate is produced from cellulose. Acetate yarn can also be made from recycled cellulose such as paper. The acetate lining is excellent at absorbing moisture and allowing air to pass through. It is coated with an antistatic apprettee and is OEKOtex\u00ae Standard 100 certified.<\/p>\n<p><strong>Czekoladowy we\u0142niany p\u0142aszczyk do po\u0142owy uda<\/strong> Soho zosta\u0142 zaprojektowany i uszyty w <strong>our family workshop<\/strong>. For more than 37 years, we have believed in sustainability and promoted the work of human hands a<strong> craftsmanship is our passion<\/strong>. Wi\u0119kszo\u015b\u0107 naszych p\u0142aszczy i kurtek szyjemy na bie\u017c\u0105co. Dlatego prosimy o cierpliwo\u015b\u0107 w oczekiwaniu na zam\u00f3wienie. Dok\u0142adamy wszelkich stara\u0144, aby jak najszybciej uszy\u0107 ten p\u0142aszczyk dla Ciebie.<\/p>\n<p>P\u0142aszczyk Soho nale\u017cy czy\u015bci\u0107 chemicznie. <a href=\"https:\/\/talia-fashion.pl\/en\/jak-pielegnowac-i-dbac-o-plaszcz\/\">How do you look after your coat?<\/a> &#8211; podpowiadamy w naszej zak\u0142adce. Dbanie o odzie\u017c i przed\u0142u\u017canie jej \u017cywotno\u015bci, to nie tylko oszcz\u0119dno\u015b\u0107 ale r\u00f3wnie\u017c wyraz troski o \u015brodowisko. <span lang=\"DE\">And for frequent refreshing of the wool we recommend\u00a0<a href=\"https:\/\/talia-fashion.pl\/en\/product\/szczotka-do-czyszczenia-i-pielegnacji-plaszcza\/\">Brush for cleaning and care of the coat<\/a>which can be purchased in our shop.<\/span><\/p>\n<p><strong>Individual order - <\/strong>Some modifications can be made at the client's request: shortening, lengthening of the sleeve, shortening and lengthening of the coat. Cost to be determined individually, after prior contact. <strong>An individual order is not subject to exchange or refund.<\/strong><\/p>\n<p>Czas realizacji uzale\u017cniamy od aktualnego stanu magazynowego w pracowni oraz dost\u0119pno\u015bci danego koloru materia\u0142u. Je\u015bli dana kurtka jest dost\u0119pna &#8222;od r\u0119ki&#8221; realizacja zam\u00f3wienia nast\u0105pi bardzo szybko w ciagu 2-5 dni roboczych. Je\u015bli konieczne jest uszycie kurtki albo indywidualizacja zam\u00f3wienia \u2013 wykonanie przer\u00f3bki lub uszycie kurtki wed\u0142ug specyfikacji Klienta\u2013 czas realizacji zam\u00f3wienia mo\u017ce ulec wyd\u0142u\u017ceniu, maksymalnie do 2 tygodni.<\/p>\n<p>Dzi\u0119kujemy, ze wspierasz lokalne rzemios\u0142o!\u00a0 Zapraszamy do \u015bledzenia nas na<a href=\"https:\/\/www.facebook.com\/talia.plaszcze\"> Facebook<\/a> i <a href=\"https:\/\/www.instagram.com\/talia_plaszcze\/\">Instagram<\/a>.<\/p>","protected":false},"excerpt":{"rendered":"<p><strong>Czekoladowy we\u0142niany p\u0142aszczyk do po\u0142owy uda<\/strong> to lekkie, wygodne i praktyczne okrycie wierzchnie. <strong>Stworzony do noszenia na grubsze warstwy<\/strong>. Czysta, minimalistyczna forma, we\u0142niana tkanina i nowoczesny vibe.<\/p>","protected":false},"featured_media":262368,"template":"","meta":{"_acf_changed":false},"product_cat":[31,55],"product_tag":[372,377,244,78,33,34,392,340,40,250,90,376,74,378,388,80,116,41,42,413,43,46,68,83,47,84,143,418,69,60,51,53,88,395],"class_list":{"0":"post-261783","1":"product","2":"type-product","3":"status-publish","4":"has-post-thumbnail","6":"product_cat-nowosci","7":"product_cat-plaszcze-krotsze","8":"product_tag-british-core","9":"product_tag-czekoladowa-kurtka","10":"product_tag-czekoladowy-plaszcz","11":"product_tag-dla-roznych-sylwetek","12":"product_tag-dwurzedowy","13":"product_tag-handmade","14":"product_tag-harrington-jacket","15":"product_tag-jesionka","16":"product_tag-kolnierz","17":"product_tag-kroj-cropped","18":"product_tag-krotki-plaszcz","19":"product_tag-kurtka-bomberka","20":"product_tag-kurtka-damska","21":"product_tag-kurtka-jesienna","22":"product_tag-kurtka-na-wiosne","23":"product_tag-luzny-kroj","24":"product_tag-marynarka","25":"product_tag-na-podszewce","26":"product_tag-nowosc","27":"product_tag-palto","28":"product_tag-plaszcz-damski","29":"product_tag-plaszcz-dwurzedowy","30":"product_tag-plaszcz-jesienny","31":"product_tag-plaszcz-luzny","32":"product_tag-plaszcz-na-guziki","33":"product_tag-plaszcz-oversizowy","34":"product_tag-plaszczyk-damski","35":"product_tag-podszewka-acetatowa","36":"product_tag-prochowiec","37":"product_tag-producent-plaszczy-damskich","38":"product_tag-prosty","39":"product_tag-welna","40":"product_tag-wiazany","41":"product_tag-wysoki-kolnierz","43":"first","44":"instock","45":"shipping-taxable","46":"purchasable","47":"product-type-variable","48":"has-default-attributes"},"acf":[],"yoast_head":"<!-- This site is optimized with the Yoast SEO plugin v25.7 - https:\/\/yoast.com\/wordpress\/plugins\/seo\/ -->\n<title>Czekoladowy we\u0142niany p\u0142aszczyk do po\u0142owy uda Soho - Talia Fashion - p\u0142aszczyk<\/title>\n<meta name=\"description\" content=\"Czekoladowy we\u0142niany p\u0142aszczyk do po\u0142owy uda to nowoczesny w kroju, przej\u015bciowy, kr\u00f3tszy p\u0142aszczyk. Stylowy i ciep\u0142y. Uszyty w Polsce.\" \/>\n<meta name=\"robots\" content=\"index, follow, max-snippet:-1, max-image-preview:large, max-video-preview:-1\" \/>\n<link rel=\"canonical\" href=\"https:\/\/talia-fashion.pl\/en\/product\/czekoladowy-welniany-plaszczyk-do-polowy-uda-soho\/\" \/>\n<meta property=\"og:locale\" content=\"en_GB\" \/>\n<meta property=\"og:type\" content=\"article\" \/>\n<meta property=\"og:title\" content=\"Czekoladowy we\u0142niany p\u0142aszczyk do po\u0142owy uda Soho - Talia Fashion - p\u0142aszczyk\" \/>\n<meta property=\"og:description\" content=\"Czekoladowy we\u0142niany p\u0142aszczyk do po\u0142owy uda to nowoczesny w kroju, przej\u015bciowy, kr\u00f3tszy p\u0142aszczyk. Stylowy i ciep\u0142y. Uszyty w Polsce.\" \/>\n<meta property=\"og:url\" content=\"https:\/\/talia-fashion.pl\/en\/product\/czekoladowy-welniany-plaszczyk-do-polowy-uda-soho\/\" \/>\n<meta property=\"og:site_name\" content=\"Talia Fashion\" \/>\n<meta property=\"article:modified_time\" content=\"2026-03-07T05:56:11+00:00\" \/>\n<meta property=\"og:image\" content=\"https:\/\/talia-fashion.pl\/wp-content\/uploads\/2026\/03\/czekoladowy-welniany-plaszcz-dlugosc-do-polowy-uda.jpg\" \/>\n\t<meta property=\"og:image:width\" content=\"1200\" \/>\n\t<meta property=\"og:image:height\" content=\"1600\" \/>\n\t<meta property=\"og:image:type\" content=\"image\/jpeg\" \/>\n<meta name=\"twitter:card\" content=\"summary_large_image\" \/>\n<meta name=\"twitter:label1\" content=\"Estimated reading time\" \/>\n\t<meta name=\"twitter:data1\" content=\"4 minutes\" \/>\n<script type=\"application\/ld+json\" class=\"yoast-schema-graph\">{\"@context\":\"https:\/\/schema.org\",\"@graph\":[{\"@type\":\"WebPage\",\"@id\":\"https:\/\/talia-fashion.pl\/produkt\/czekoladowy-welniany-plaszczyk-do-polowy-uda-soho\/\",\"url\":\"https:\/\/talia-fashion.pl\/produkt\/czekoladowy-welniany-plaszczyk-do-polowy-uda-soho\/\",\"name\":\"Czekoladowy we\u0142niany p\u0142aszczyk do po\u0142owy uda Soho - Talia Fashion - p\u0142aszczyk\",\"isPartOf\":{\"@id\":\"https:\/\/talia-fashion.pl\/#website\"},\"primaryImageOfPage\":{\"@id\":\"https:\/\/talia-fashion.pl\/produkt\/czekoladowy-welniany-plaszczyk-do-polowy-uda-soho\/#primaryimage\"},\"image\":{\"@id\":\"https:\/\/talia-fashion.pl\/produkt\/czekoladowy-welniany-plaszczyk-do-polowy-uda-soho\/#primaryimage\"},\"thumbnailUrl\":\"https:\/\/talia-fashion.pl\/wp-content\/uploads\/2026\/03\/czekoladowy-welniany-plaszcz-dlugosc-do-polowy-uda.jpg\",\"datePublished\":\"2026-01-18T10:25:52+00:00\",\"dateModified\":\"2026-03-07T05:56:11+00:00\",\"description\":\"Czekoladowy we\u0142niany p\u0142aszczyk do po\u0142owy uda to nowoczesny w kroju, przej\u015bciowy, kr\u00f3tszy p\u0142aszczyk. Stylowy i ciep\u0142y. Uszyty w Polsce.\",\"breadcrumb\":{\"@id\":\"https:\/\/talia-fashion.pl\/produkt\/czekoladowy-welniany-plaszczyk-do-polowy-uda-soho\/#breadcrumb\"},\"inLanguage\":\"en-GB\",\"potentialAction\":[{\"@type\":\"ReadAction\",\"target\":[\"https:\/\/talia-fashion.pl\/produkt\/czekoladowy-welniany-plaszczyk-do-polowy-uda-soho\/\"]}]},{\"@type\":\"ImageObject\",\"inLanguage\":\"en-GB\",\"@id\":\"https:\/\/talia-fashion.pl\/produkt\/czekoladowy-welniany-plaszczyk-do-polowy-uda-soho\/#primaryimage\",\"url\":\"https:\/\/talia-fashion.pl\/wp-content\/uploads\/2026\/03\/czekoladowy-welniany-plaszcz-dlugosc-do-polowy-uda.jpg\",\"contentUrl\":\"https:\/\/talia-fashion.pl\/wp-content\/uploads\/2026\/03\/czekoladowy-welniany-plaszcz-dlugosc-do-polowy-uda.jpg\",\"width\":1200,\"height\":1600,\"caption\":\"Czekoladowy przej\u015bciowy p\u0142aszczyk o nowoczesnym, swobodnym kroju. Wygodny, ciep\u0142y i funkcjonalny.\"},{\"@type\":\"BreadcrumbList\",\"@id\":\"https:\/\/talia-fashion.pl\/produkt\/czekoladowy-welniany-plaszczyk-do-polowy-uda-soho\/#breadcrumb\",\"itemListElement\":[{\"@type\":\"ListItem\",\"position\":1,\"name\":\"Strona g\u0142\u00f3wna\",\"item\":\"https:\/\/talia-fashion.pl\/\"},{\"@type\":\"ListItem\",\"position\":2,\"name\":\"Sklep\",\"item\":\"https:\/\/talia-fashion.pl\/sklep\/\"},{\"@type\":\"ListItem\",\"position\":3,\"name\":\"Czekoladowy we\u0142niany p\u0142aszczyk do po\u0142owy uda Soho\"}]},{\"@type\":\"WebSite\",\"@id\":\"https:\/\/talia-fashion.pl\/#website\",\"url\":\"https:\/\/talia-fashion.pl\/\",\"name\":\"Talia Fashion\",\"description\":\"\",\"potentialAction\":[{\"@type\":\"SearchAction\",\"target\":{\"@type\":\"EntryPoint\",\"urlTemplate\":\"https:\/\/talia-fashion.pl\/?s={search_term_string}\"},\"query-input\":{\"@type\":\"PropertyValueSpecification\",\"valueRequired\":true,\"valueName\":\"search_term_string\"}}],\"inLanguage\":\"en-GB\"}]}<\/script>\n<!-- \/ Yoast SEO plugin. -->","yoast_head_json":{"title":"Czekoladowy we\u0142niany p\u0142aszczyk do po\u0142owy uda Soho - Talia Fashion - p\u0142aszczyk","description":"Czekoladowy we\u0142niany p\u0142aszczyk do po\u0142owy uda to nowoczesny w kroju, przej\u015bciowy, kr\u00f3tszy p\u0142aszczyk. Stylowy i ciep\u0142y. Uszyty w Polsce.","robots":{"index":"index","follow":"follow","max-snippet":"max-snippet:-1","max-image-preview":"max-image-preview:large","max-video-preview":"max-video-preview:-1"},"canonical":"https:\/\/talia-fashion.pl\/en\/product\/czekoladowy-welniany-plaszczyk-do-polowy-uda-soho\/","og_locale":"en_GB","og_type":"article","og_title":"Czekoladowy we\u0142niany p\u0142aszczyk do po\u0142owy uda Soho - Talia Fashion - p\u0142aszczyk","og_description":"Czekoladowy we\u0142niany p\u0142aszczyk do po\u0142owy uda to nowoczesny w kroju, przej\u015bciowy, kr\u00f3tszy p\u0142aszczyk. Stylowy i ciep\u0142y. Uszyty w Polsce.","og_url":"https:\/\/talia-fashion.pl\/en\/product\/czekoladowy-welniany-plaszczyk-do-polowy-uda-soho\/","og_site_name":"Talia Fashion","article_modified_time":"2026-03-07T05:56:11+00:00","og_image":[{"width":1200,"height":1600,"url":"https:\/\/talia-fashion.pl\/wp-content\/uploads\/2026\/03\/czekoladowy-welniany-plaszcz-dlugosc-do-polowy-uda.jpg","type":"image\/jpeg"}],"twitter_card":"summary_large_image","twitter_misc":{"Estimated reading time":"4 minutes"},"schema":{"@context":"https:\/\/schema.org","@graph":[{"@type":"WebPage","@id":"https:\/\/talia-fashion.pl\/produkt\/czekoladowy-welniany-plaszczyk-do-polowy-uda-soho\/","url":"https:\/\/talia-fashion.pl\/produkt\/czekoladowy-welniany-plaszczyk-do-polowy-uda-soho\/","name":"Czekoladowy we\u0142niany p\u0142aszczyk do po\u0142owy uda Soho - Talia Fashion - p\u0142aszczyk","isPartOf":{"@id":"https:\/\/talia-fashion.pl\/#website"},"primaryImageOfPage":{"@id":"https:\/\/talia-fashion.pl\/produkt\/czekoladowy-welniany-plaszczyk-do-polowy-uda-soho\/#primaryimage"},"image":{"@id":"https:\/\/talia-fashion.pl\/produkt\/czekoladowy-welniany-plaszczyk-do-polowy-uda-soho\/#primaryimage"},"thumbnailUrl":"https:\/\/talia-fashion.pl\/wp-content\/uploads\/2026\/03\/czekoladowy-welniany-plaszcz-dlugosc-do-polowy-uda.jpg","datePublished":"2026-01-18T10:25:52+00:00","dateModified":"2026-03-07T05:56:11+00:00","description":"Czekoladowy we\u0142niany p\u0142aszczyk do po\u0142owy uda to nowoczesny w kroju, przej\u015bciowy, kr\u00f3tszy p\u0142aszczyk. Stylowy i ciep\u0142y. Uszyty w Polsce.","breadcrumb":{"@id":"https:\/\/talia-fashion.pl\/produkt\/czekoladowy-welniany-plaszczyk-do-polowy-uda-soho\/#breadcrumb"},"inLanguage":"en-GB","potentialAction":[{"@type":"ReadAction","target":["https:\/\/talia-fashion.pl\/produkt\/czekoladowy-welniany-plaszczyk-do-polowy-uda-soho\/"]}]},{"@type":"ImageObject","inLanguage":"en-GB","@id":"https:\/\/talia-fashion.pl\/produkt\/czekoladowy-welniany-plaszczyk-do-polowy-uda-soho\/#primaryimage","url":"https:\/\/talia-fashion.pl\/wp-content\/uploads\/2026\/03\/czekoladowy-welniany-plaszcz-dlugosc-do-polowy-uda.jpg","contentUrl":"https:\/\/talia-fashion.pl\/wp-content\/uploads\/2026\/03\/czekoladowy-welniany-plaszcz-dlugosc-do-polowy-uda.jpg","width":1200,"height":1600,"caption":"Czekoladowy przej\u015bciowy p\u0142aszczyk o nowoczesnym, swobodnym kroju. Wygodny, ciep\u0142y i funkcjonalny."},{"@type":"BreadcrumbList","@id":"https:\/\/talia-fashion.pl\/produkt\/czekoladowy-welniany-plaszczyk-do-polowy-uda-soho\/#breadcrumb","itemListElement":[{"@type":"ListItem","position":1,"name":"Strona g\u0142\u00f3wna","item":"https:\/\/talia-fashion.pl\/"},{"@type":"ListItem","position":2,"name":"Sklep","item":"https:\/\/talia-fashion.pl\/sklep\/"},{"@type":"ListItem","position":3,"name":"Czekoladowy we\u0142niany p\u0142aszczyk do po\u0142owy uda Soho"}]},{"@type":"WebSite","@id":"https:\/\/talia-fashion.pl\/#website","url":"https:\/\/talia-fashion.pl\/","name":"Talia Fashion","description":"","potentialAction":[{"@type":"SearchAction","target":{"@type":"EntryPoint","urlTemplate":"https:\/\/talia-fashion.pl\/?s={search_term_string}"},"query-input":{"@type":"PropertyValueSpecification","valueRequired":true,"valueName":"search_term_string"}}],"inLanguage":"en-GB"}]}},"_links":{"self":[{"href":"https:\/\/talia-fashion.pl\/en\/wp-json\/wp\/v2\/product\/261783","targetHints":{"allow":["GET"]}}],"collection":[{"href":"https:\/\/talia-fashion.pl\/en\/wp-json\/wp\/v2\/product"}],"about":[{"href":"https:\/\/talia-fashion.pl\/en\/wp-json\/wp\/v2\/types\/product"}],"wp:featuredmedia":[{"embeddable":true,"href":"https:\/\/talia-fashion.pl\/en\/wp-json\/wp\/v2\/media\/262368"}],"wp:attachment":[{"href":"https:\/\/talia-fashion.pl\/en\/wp-json\/wp\/v2\/media?parent=261783"}],"wp:term":[{"taxonomy":"product_cat","embeddable":true,"href":"https:\/\/talia-fashion.pl\/en\/wp-json\/wp\/v2\/product_cat?post=261783"},{"taxonomy":"product_tag","embeddable":true,"href":"https:\/\/talia-fashion.pl\/en\/wp-json\/wp\/v2\/product_tag?post=261783"}],"curies":[{"name":"wp","href":"https:\/\/api.w.org\/{rel}","templated":true}]}}