{"id":261755,"date":"2026-01-16T12:26:51","date_gmt":"2026-01-16T11:26:51","guid":{"rendered":"https:\/\/talia-fashion.pl\/?post_type=product&#038;p=261755"},"modified":"2026-04-09T10:25:14","modified_gmt":"2026-04-09T08:25:14","slug":"plaszcz-o-krotszym-kroju-szary-z-welny-szetlandzkiej-soho","status":"publish","type":"product","link":"https:\/\/talia-fashion.pl\/en\/product\/plaszcz-o-krotszym-kroju-szary-z-welny-szetlandzkiej-soho\/","title":{"rendered":"Shorter cut grey Shetland wool coat from Soho"},"content":{"rendered":"<p><strong>P\u0142aszcz o kr\u00f3tszym kroju szary z we\u0142ny szetlandzkiej<\/strong> Soho to nasza najnowsza propozycja <strong>przej\u015bciowego okrycia wierzchniego o nowoczesnym, minimalistycznym kroju. <\/strong><strong>Delikatnie lu\u017aniejszy fason<\/strong>, niewielkie detale, mi\u0119kka tkanina oraz \u0142agodna linia ramion. Uszyli\u015bmy go ze <strong>szlachetnej we\u0142ny szetlandzkiej o l\u017cejszej gramaturze. <\/strong>Dodatkowo, by nada\u0107 mu luksusowego wygl\u0105du, przody okleili\u015bmy <span lang=\"DE\">bardzo delikatn\u0105 stabilizuj\u0105c\u0105 klejonk\u0105. Ca\u0142o\u015b\u0107 zosta\u0142a wyko\u0144czona <strong>oddychaj\u0105c\u0105 podszewk\u0105<\/strong>. <\/span>We\u0142na szetlandzka ma bardzo dobre w\u0142a\u015bciwo\u015bci grzewcze przy zachowaniu lekko\u015bci. Dlatego p\u0142aszczyk Soho doskonale sprawdzi si\u0119 w zmiennej aurze, charakterystycznej dla wiosny i jesieni w Polsce.<\/p>\n<p><strong>P\u0142aszcz o kr\u00f3tszym kroju szary z we\u0142ny szetlandzkiej<\/strong> Soho zapinany jest na <strong>dwa rz\u0119dy guzik\u00f3w<\/strong>. <strong>Wi\u0105zany w pasie<\/strong>, dla lepszego dopasowania. <strong>Dwie, boczne funkcjonalne kieszenie<\/strong>, wyko\u0144czone listewk\u0105. <strong>Reverse flange<\/strong> z klapami u\u0142o\u017conymi w liter\u0119 V. <strong>Mid-thigh length<\/strong> &#8211; przy kt\u00f3rej poczujesz si\u0119 lekko i wygodnie. Rozporek z ty\u0142u. <strong>Raglanowy r\u0119kaw<\/strong>. To fason o swobodnym (ale nie overisozwym) kroju, nadaj\u0105cym sylwetce zrelaksowanego wygl\u0105du. P\u0142aszczyk Soho \u0142\u0105czy <strong>funkcjonalno\u015b\u0107 z ponadczasow\u0105 estetyk\u0105 inspirowan\u0105 natur\u0105<\/strong>. Efekt wzmocniony zosta\u0142 lekko surow\u0105 faktur\u0105 materia\u0142u i jej jasnoszarym naturalnym wybarwieniem.<\/p>\n<p>Wybieraj\u0105c p\u0142aszcz o kr\u00f3tszym kroju szary z we\u0142ny szetlandzkiej Soho, mo\u017cesz by\u0107 pewna, \u017ce fason ten b\u0119dzie doskonale komponowa\u0142 si\u0119 z rozmaitymi elementami Twojej garderoby. I w prosty spos\u00f3b stworzysz z nim eleganckie, uniwersalne i jednocze\u015bnie wygodne stylizacje. Perfekcyjnie skrojony p\u0142aszcz, w bazowym kolorze oraz tkanina klasy premium to nie sezonowy dodatek lecz pewnik, kt\u00f3ry podkre\u015bli pi\u0119kno Twojego outfitu.<\/p>\n<p>Zdj\u0119cie rzeczywiste \u2013 jasnoszary (srebrzysto-szary)<br \/>\nDost\u0119pne kolory: jasnoszary (naturalna barwa we\u0142ny, zwana Shaela)<br \/>\nAvailable sizes: XS, S, M, L<\/p>\n<p>The model is 172cm and a size S.<\/p>\n<p>Indicative dimensions:<\/p>\n<p>XS \u2013 biust: 86-88 \/ biodra: 94-96 \/ d\u0142ugo\u015b\u0107: 88\/ r\u0119kaw 61<br \/>\nS \u2013 biust: 90-92 \/ biodra: 98-100 \/ d\u0142ugo\u015b\u0107: 88 \/ r\u0119kaw: 61<br \/>\nM \u2013 biust: 94-96 \/ biodra: 102-104 \/ d\u0142ugo\u015b\u0107: 89 \/ r\u0119kaw: 62<br \/>\nL \u2013 biust: 98-100 \/ biodra: 106-108 \/ d\u0142ugo\u015b\u0107: 89 \/ r\u0119kaw: 63<\/p>\n<p><strong>P\u0142aszcz o kr\u00f3tszym kroju szary z we\u0142ny szetlandzkiej<\/strong> Soho to model delikatnie lu\u017aniejszy z uwagi na raglanow\u0105 konstrukcj\u0119 r\u0119kawa.To ona w\u0142a\u015bnie nadaje mi\u0119kko\u015bci i zapewnia komfort poruszania. Jednocze\u015bnie sprawiaj\u0105c, i\u017c p\u0142aszcz jest mniej dopasowany w g\u00f3rnych partiach. Dla uchwycenia proporcji oraz podkre\u015blenia sylwetki zastosowali\u015bmy dodatkowe zaszewki modeluj\u0105ce. Dlatego p\u0142aszcz jest swobodny, ale nie oversizowy. W tym modelu wa\u017cne jest by, op\u0142ywa\u0142 bioderka a nie si\u0119 na nich opina\u0142. <span lang=\"DE\">Idealny dla Pa\u0144 o mocno zaznaczonej linii ramion.<\/span> We have provided guidance on the choice of cut on our website, under the tab <a href=\"https:\/\/talia-fashion.pl\/en\/jak-dobrac-plaszcz-do-sylwetki\/\">How do you choose a coat to suit your figure?<\/a><\/p>\n<p><span lang=\"DE\">Je\u015bli preferowany jest bardziej dopasowany p\u0142aszcz, sugerujemy wyb\u00f3r mniejszego rozmiaru. <\/span>W por\u00f3wnaniu do p\u0142aszczy z klasycznie wszywanym r\u0119kawem wypada o ok. p\u00f3\u0142 rozmiaru wi\u0119kszy. W zak\u0142adce\u00a0<a href=\"https:\/\/talia-fashion.pl\/en\/jak-dobrac-rozmiar\/\">How to choose a size?<\/a> wyja\u015bniamy jak interpretowa\u0107 powy\u017csz\u0105 tabel\u0119 rozmiar\u00f3w i dodatkowo podpowiadamy w jaki spos\u00f3b si\u0119 zmierzy\u0107. W razie w\u0105tpliwo\u015bci prosimy o kontakt.<\/p>\n<p>Materia\u0142: 80% we\u0142na szetlandzka, 20% poliamid<\/p>\n<p>Lining: 100% acetate<\/p>\n<p>Acetat podobnie jak wiskoza wytwarzany jest z celulozy. Prz\u0119dza acetatowa mo\u017ce by\u0107 wytworzona r\u00f3wnie\u017c z celulozy przetworzonej np. papieru. Podszewka acetatowa doskonale wch\u0142ania wilgo\u0107 i przepuszcza powietrze. Jest powlekana apretur\u0105 antystatyczn\u0105 i posiada certyfikat OEKOtex\u00ae Standard 100. Zapewnia komfort termiczny i dobrze si\u0119 nosi.<\/p>\n<p>The coat should be dry-cleaned. However, you can take care of it on a day-to-day basis by using the following products offered in our shop <a href=\"https:\/\/talia-fashion.pl\/en\/product\/szczotka-do-czyszczenia-i-pielegnacji-plaszcza\/\">Brushes for cleaning and care of the coat<\/a>. Polecamy te\u017c regularne wietrzenie i wieszanie p\u0142aszcza na specjalnie wyprofilowanym wieszaku. Dbaj\u0105c o sw\u00f3j p\u0142aszcz pomagasz r\u00f3wnie\u017c chroni\u0107 \u015brodowisko, dlatego te\u017c w zak\u0142adce <a href=\"https:\/\/talia-fashion.pl\/en\/jak-pielegnowac-i-dbac-o-plaszcz\/\">How to nurture and care for the coat?<\/a> we have included tips on how to extend the life of your coat.<\/p>\n<p><strong>Individual order\u00a0<\/strong>\u2013 wszystkie nasze p\u0142aszcze szyjemy <strong>in our family workshop<\/strong>, dlatego mo\u017cemy wykona\u0107 pewne modyfikacje na \u017cyczenie Klienta, takie jak: skr\u00f3cenie, wyd\u0142u\u017cenie r\u0119kawa, skr\u00f3cenie i wyd\u0142u\u017cenie p\u0142aszcza. Koszt ustalamy indywidualnie, wyceniaj\u0105c zakres prac, po uprzednim kontakcie. <strong>An individual order is not subject to exchange or refund.<\/strong><\/p>\n<p>Czas realizacji zam\u00f3wienia uzale\u017cniamy od aktualnego stanu magazynowego w firmie oraz dost\u0119pno\u015bci danego koloru materia\u0142u. Je\u015bli dany p\u0142aszcz jest dost\u0119pny &#8222;od r\u0119ki&#8221; realizacja zam\u00f3wienia nast\u0105pi bardzo szybko, w ci\u0105gu 2-5 dni roboczych. Je\u015bli konieczne jest uszycie p\u0142aszcza lub indywidualizacja zam\u00f3wienia \u2013 wykonanie przer\u00f3bki lub uszycie nowego p\u0142aszcza wed\u0142ug specyfikacji Klienta \u2013 czas realizacji zam\u00f3wienia mo\u017ce ulec wyd\u0142u\u017ceniu, maksymalnie do 2 tygodni.<\/p>\n<p>Od ponad 37 lat zajmujemy si\u0119 rzemios\u0142em i szyjemy nasze p\u0142aszcze wed\u0142ug tradycyjnych, czasoch\u0142onnych metod. Nie uznajemy nadprodukcji i p\u0142aszcze szyjemy na bie\u017c\u0105co. Dok\u0142adamy wszelkich stara\u0144, by jak najszybciej zrealizowa\u0107 Twoje zam\u00f3wienie. Prosimy jednak o cierpliwo\u015b\u0107 w oczekiwaniu na jego realizacj\u0119, poniewa\u017c musimy uszy\u0107 ten p\u0142aszczyk dla Ciebie.<\/p>\n<p>Zakochaj si\u0119 w p\u0142aszczach tak, jak my! Zosta\u0144 z nami na d\u0142u\u017cej i obserwuj nas na <a href=\"https:\/\/www.facebook.com\/talia.plaszcze\">Facebook<\/a>\u00a0i\u00a0<a href=\"https:\/\/www.instagram.com\/talia_plaszcze\/\">Instagram.<\/a><\/p>","protected":false},"excerpt":{"rendered":"<p><strong>P\u0142aszcz o kr\u00f3tszym kroju szary z we\u0142ny szetlandzkiej<\/strong> Soho to okrycie wierzchnie \u0142\u0105cz\u0105ce <strong>funkcjonalno\u015b\u0107<\/strong> i estetyk\u0119 inspirowan\u0105 natur\u0105. Szlachetna tkanina, perfekcyjny kr\u00f3j i bazowy kolor. Idealny na wiosn\u0119 i jesie\u0144.<\/p>","protected":false},"featured_media":262370,"template":"","meta":{"_acf_changed":false},"product_cat":[31,55],"product_tag":[78,33,58,34,40,257,74,224,80,41,42,43,91,46,68,83,47,84,181,85,49,50,321,76,258,53,311,63,88,110,147],"class_list":{"0":"post-261755","1":"product","2":"type-product","3":"status-publish","4":"has-post-thumbnail","6":"product_cat-nowosci","7":"product_cat-plaszcze-krotsze","8":"product_tag-dla-roznych-sylwetek","9":"product_tag-dwurzedowy","10":"product_tag-dyplomatka-dwurzedowa","11":"product_tag-handmade","12":"product_tag-kolnierz","13":"product_tag-krotki-trencz-damski","14":"product_tag-kurtka-damska","15":"product_tag-limited-edition","16":"product_tag-luzny-kroj","17":"product_tag-na-podszewce","18":"product_tag-nowosc","19":"product_tag-plaszcz-damski","20":"product_tag-plaszcz-damski-zimowy","21":"product_tag-plaszcz-dwurzedowy","22":"product_tag-plaszcz-jesienny","23":"product_tag-plaszcz-luzny","24":"product_tag-plaszcz-na-guziki","25":"product_tag-plaszcz-oversizowy","26":"product_tag-plaszcz-w-jodelke","27":"product_tag-plaszcz-welniany","28":"product_tag-plaszcz-wiosenny","29":"product_tag-plaszcz-z-rewersem","30":"product_tag-raglanowy-rekaw","31":"product_tag-szary-plaszcz","32":"product_tag-trencz-damski","33":"product_tag-welna","34":"product_tag-welna-szetlandzka","35":"product_tag-welniany","36":"product_tag-wiazany","37":"product_tag-z-paskiem","38":"product_tag-zrownowazona-produkcja","40":"first","41":"instock","42":"shipping-taxable","43":"purchasable","44":"product-type-variable","45":"has-default-attributes"},"acf":[],"yoast_head":"<!-- This site is optimized with the Yoast SEO plugin v25.7 - https:\/\/yoast.com\/wordpress\/plugins\/seo\/ -->\n<title>P\u0142aszcz o kr\u00f3tszym kroju szary z we\u0142ny szetlandzkiej Soho - Talia Fashion kr\u00f3tkie p\u0142aszcze<\/title>\n<meta name=\"description\" content=\"P\u0142aszcz o kr\u00f3tszym kroju szary z we\u0142ny szetlandzkiej - funkcjonalny i elegancki. Bardzo ma\u0142a seria. Szyty r\u0119cznie w Polsce, z dba\u0142o\u015bci\u0105 o ka\u017cdy szczeg\u00f3\u0142.\" \/>\n<meta name=\"robots\" content=\"index, follow, max-snippet:-1, max-image-preview:large, max-video-preview:-1\" \/>\n<link rel=\"canonical\" href=\"https:\/\/talia-fashion.pl\/en\/product\/plaszcz-o-krotszym-kroju-szary-z-welny-szetlandzkiej-soho\/\" \/>\n<meta property=\"og:locale\" content=\"en_GB\" \/>\n<meta property=\"og:type\" content=\"article\" \/>\n<meta property=\"og:title\" content=\"P\u0142aszcz o kr\u00f3tszym kroju szary z we\u0142ny szetlandzkiej Soho - Talia Fashion kr\u00f3tkie p\u0142aszcze\" \/>\n<meta property=\"og:description\" content=\"P\u0142aszcz o kr\u00f3tszym kroju szary z we\u0142ny szetlandzkiej - funkcjonalny i elegancki. Bardzo ma\u0142a seria. Szyty r\u0119cznie w Polsce, z dba\u0142o\u015bci\u0105 o ka\u017cdy szczeg\u00f3\u0142.\" \/>\n<meta property=\"og:url\" content=\"https:\/\/talia-fashion.pl\/en\/product\/plaszcz-o-krotszym-kroju-szary-z-welny-szetlandzkiej-soho\/\" \/>\n<meta property=\"og:site_name\" content=\"Talia Fashion\" \/>\n<meta property=\"article:modified_time\" content=\"2026-04-09T08:25:14+00:00\" \/>\n<meta property=\"og:image\" content=\"https:\/\/talia-fashion.pl\/wp-content\/uploads\/2026\/01\/szary-plaszcz-o-krotszym-kroju-welna-szetlandzka.jpg\" \/>\n\t<meta property=\"og:image:width\" content=\"1200\" \/>\n\t<meta property=\"og:image:height\" content=\"1600\" \/>\n\t<meta property=\"og:image:type\" content=\"image\/jpeg\" \/>\n<meta name=\"twitter:card\" content=\"summary_large_image\" \/>\n<meta name=\"twitter:label1\" content=\"Estimated reading time\" \/>\n\t<meta name=\"twitter:data1\" content=\"4 minutes\" \/>\n<script type=\"application\/ld+json\" class=\"yoast-schema-graph\">{\"@context\":\"https:\/\/schema.org\",\"@graph\":[{\"@type\":\"WebPage\",\"@id\":\"https:\/\/talia-fashion.pl\/produkt\/plaszcz-o-krotszym-kroju-szary-z-welny-szetlandzkiej-soho\/\",\"url\":\"https:\/\/talia-fashion.pl\/produkt\/plaszcz-o-krotszym-kroju-szary-z-welny-szetlandzkiej-soho\/\",\"name\":\"P\u0142aszcz o kr\u00f3tszym kroju szary z we\u0142ny szetlandzkiej Soho - Talia Fashion kr\u00f3tkie p\u0142aszcze\",\"isPartOf\":{\"@id\":\"https:\/\/talia-fashion.pl\/#website\"},\"primaryImageOfPage\":{\"@id\":\"https:\/\/talia-fashion.pl\/produkt\/plaszcz-o-krotszym-kroju-szary-z-welny-szetlandzkiej-soho\/#primaryimage\"},\"image\":{\"@id\":\"https:\/\/talia-fashion.pl\/produkt\/plaszcz-o-krotszym-kroju-szary-z-welny-szetlandzkiej-soho\/#primaryimage\"},\"thumbnailUrl\":\"https:\/\/talia-fashion.pl\/wp-content\/uploads\/2026\/01\/szary-plaszcz-o-krotszym-kroju-welna-szetlandzka.jpg\",\"datePublished\":\"2026-01-16T11:26:51+00:00\",\"dateModified\":\"2026-04-09T08:25:14+00:00\",\"description\":\"P\u0142aszcz o kr\u00f3tszym kroju szary z we\u0142ny szetlandzkiej - funkcjonalny i elegancki. Bardzo ma\u0142a seria. Szyty r\u0119cznie w Polsce, z dba\u0142o\u015bci\u0105 o ka\u017cdy szczeg\u00f3\u0142.\",\"breadcrumb\":{\"@id\":\"https:\/\/talia-fashion.pl\/produkt\/plaszcz-o-krotszym-kroju-szary-z-welny-szetlandzkiej-soho\/#breadcrumb\"},\"inLanguage\":\"en-GB\",\"potentialAction\":[{\"@type\":\"ReadAction\",\"target\":[\"https:\/\/talia-fashion.pl\/produkt\/plaszcz-o-krotszym-kroju-szary-z-welny-szetlandzkiej-soho\/\"]}]},{\"@type\":\"ImageObject\",\"inLanguage\":\"en-GB\",\"@id\":\"https:\/\/talia-fashion.pl\/produkt\/plaszcz-o-krotszym-kroju-szary-z-welny-szetlandzkiej-soho\/#primaryimage\",\"url\":\"https:\/\/talia-fashion.pl\/wp-content\/uploads\/2026\/01\/szary-plaszcz-o-krotszym-kroju-welna-szetlandzka.jpg\",\"contentUrl\":\"https:\/\/talia-fashion.pl\/wp-content\/uploads\/2026\/01\/szary-plaszcz-o-krotszym-kroju-welna-szetlandzka.jpg\",\"width\":1200,\"height\":1600,\"caption\":\"Szary p\u0142aszcz o kr\u00f3tszym kroju ze szlachetnej we\u0142ny szetlandzkiej. Idelany na wiosn\u0119 i jesie\u0144.\"},{\"@type\":\"BreadcrumbList\",\"@id\":\"https:\/\/talia-fashion.pl\/produkt\/plaszcz-o-krotszym-kroju-szary-z-welny-szetlandzkiej-soho\/#breadcrumb\",\"itemListElement\":[{\"@type\":\"ListItem\",\"position\":1,\"name\":\"Strona g\u0142\u00f3wna\",\"item\":\"https:\/\/talia-fashion.pl\/\"},{\"@type\":\"ListItem\",\"position\":2,\"name\":\"Sklep\",\"item\":\"https:\/\/talia-fashion.pl\/sklep\/\"},{\"@type\":\"ListItem\",\"position\":3,\"name\":\"P\u0142aszcz o kr\u00f3tszym kroju szary z we\u0142ny szetlandzkiej Soho\"}]},{\"@type\":\"WebSite\",\"@id\":\"https:\/\/talia-fashion.pl\/#website\",\"url\":\"https:\/\/talia-fashion.pl\/\",\"name\":\"Talia Fashion\",\"description\":\"\",\"potentialAction\":[{\"@type\":\"SearchAction\",\"target\":{\"@type\":\"EntryPoint\",\"urlTemplate\":\"https:\/\/talia-fashion.pl\/?s={search_term_string}\"},\"query-input\":{\"@type\":\"PropertyValueSpecification\",\"valueRequired\":true,\"valueName\":\"search_term_string\"}}],\"inLanguage\":\"en-GB\"}]}<\/script>\n<!-- \/ Yoast SEO plugin. -->","yoast_head_json":{"title":"P\u0142aszcz o kr\u00f3tszym kroju szary z we\u0142ny szetlandzkiej Soho - Talia Fashion kr\u00f3tkie p\u0142aszcze","description":"P\u0142aszcz o kr\u00f3tszym kroju szary z we\u0142ny szetlandzkiej - funkcjonalny i elegancki. Bardzo ma\u0142a seria. Szyty r\u0119cznie w Polsce, z dba\u0142o\u015bci\u0105 o ka\u017cdy szczeg\u00f3\u0142.","robots":{"index":"index","follow":"follow","max-snippet":"max-snippet:-1","max-image-preview":"max-image-preview:large","max-video-preview":"max-video-preview:-1"},"canonical":"https:\/\/talia-fashion.pl\/en\/product\/plaszcz-o-krotszym-kroju-szary-z-welny-szetlandzkiej-soho\/","og_locale":"en_GB","og_type":"article","og_title":"P\u0142aszcz o kr\u00f3tszym kroju szary z we\u0142ny szetlandzkiej Soho - Talia Fashion kr\u00f3tkie p\u0142aszcze","og_description":"P\u0142aszcz o kr\u00f3tszym kroju szary z we\u0142ny szetlandzkiej - funkcjonalny i elegancki. Bardzo ma\u0142a seria. Szyty r\u0119cznie w Polsce, z dba\u0142o\u015bci\u0105 o ka\u017cdy szczeg\u00f3\u0142.","og_url":"https:\/\/talia-fashion.pl\/en\/product\/plaszcz-o-krotszym-kroju-szary-z-welny-szetlandzkiej-soho\/","og_site_name":"Talia Fashion","article_modified_time":"2026-04-09T08:25:14+00:00","og_image":[{"width":1200,"height":1600,"url":"https:\/\/talia-fashion.pl\/wp-content\/uploads\/2026\/01\/szary-plaszcz-o-krotszym-kroju-welna-szetlandzka.jpg","type":"image\/jpeg"}],"twitter_card":"summary_large_image","twitter_misc":{"Estimated reading time":"4 minutes"},"schema":{"@context":"https:\/\/schema.org","@graph":[{"@type":"WebPage","@id":"https:\/\/talia-fashion.pl\/produkt\/plaszcz-o-krotszym-kroju-szary-z-welny-szetlandzkiej-soho\/","url":"https:\/\/talia-fashion.pl\/produkt\/plaszcz-o-krotszym-kroju-szary-z-welny-szetlandzkiej-soho\/","name":"P\u0142aszcz o kr\u00f3tszym kroju szary z we\u0142ny szetlandzkiej Soho - Talia Fashion kr\u00f3tkie p\u0142aszcze","isPartOf":{"@id":"https:\/\/talia-fashion.pl\/#website"},"primaryImageOfPage":{"@id":"https:\/\/talia-fashion.pl\/produkt\/plaszcz-o-krotszym-kroju-szary-z-welny-szetlandzkiej-soho\/#primaryimage"},"image":{"@id":"https:\/\/talia-fashion.pl\/produkt\/plaszcz-o-krotszym-kroju-szary-z-welny-szetlandzkiej-soho\/#primaryimage"},"thumbnailUrl":"https:\/\/talia-fashion.pl\/wp-content\/uploads\/2026\/01\/szary-plaszcz-o-krotszym-kroju-welna-szetlandzka.jpg","datePublished":"2026-01-16T11:26:51+00:00","dateModified":"2026-04-09T08:25:14+00:00","description":"P\u0142aszcz o kr\u00f3tszym kroju szary z we\u0142ny szetlandzkiej - funkcjonalny i elegancki. Bardzo ma\u0142a seria. Szyty r\u0119cznie w Polsce, z dba\u0142o\u015bci\u0105 o ka\u017cdy szczeg\u00f3\u0142.","breadcrumb":{"@id":"https:\/\/talia-fashion.pl\/produkt\/plaszcz-o-krotszym-kroju-szary-z-welny-szetlandzkiej-soho\/#breadcrumb"},"inLanguage":"en-GB","potentialAction":[{"@type":"ReadAction","target":["https:\/\/talia-fashion.pl\/produkt\/plaszcz-o-krotszym-kroju-szary-z-welny-szetlandzkiej-soho\/"]}]},{"@type":"ImageObject","inLanguage":"en-GB","@id":"https:\/\/talia-fashion.pl\/produkt\/plaszcz-o-krotszym-kroju-szary-z-welny-szetlandzkiej-soho\/#primaryimage","url":"https:\/\/talia-fashion.pl\/wp-content\/uploads\/2026\/01\/szary-plaszcz-o-krotszym-kroju-welna-szetlandzka.jpg","contentUrl":"https:\/\/talia-fashion.pl\/wp-content\/uploads\/2026\/01\/szary-plaszcz-o-krotszym-kroju-welna-szetlandzka.jpg","width":1200,"height":1600,"caption":"Szary p\u0142aszcz o kr\u00f3tszym kroju ze szlachetnej we\u0142ny szetlandzkiej. Idelany na wiosn\u0119 i jesie\u0144."},{"@type":"BreadcrumbList","@id":"https:\/\/talia-fashion.pl\/produkt\/plaszcz-o-krotszym-kroju-szary-z-welny-szetlandzkiej-soho\/#breadcrumb","itemListElement":[{"@type":"ListItem","position":1,"name":"Strona g\u0142\u00f3wna","item":"https:\/\/talia-fashion.pl\/"},{"@type":"ListItem","position":2,"name":"Sklep","item":"https:\/\/talia-fashion.pl\/sklep\/"},{"@type":"ListItem","position":3,"name":"P\u0142aszcz o kr\u00f3tszym kroju szary z we\u0142ny szetlandzkiej Soho"}]},{"@type":"WebSite","@id":"https:\/\/talia-fashion.pl\/#website","url":"https:\/\/talia-fashion.pl\/","name":"Talia Fashion","description":"","potentialAction":[{"@type":"SearchAction","target":{"@type":"EntryPoint","urlTemplate":"https:\/\/talia-fashion.pl\/?s={search_term_string}"},"query-input":{"@type":"PropertyValueSpecification","valueRequired":true,"valueName":"search_term_string"}}],"inLanguage":"en-GB"}]}},"_links":{"self":[{"href":"https:\/\/talia-fashion.pl\/en\/wp-json\/wp\/v2\/product\/261755","targetHints":{"allow":["GET"]}}],"collection":[{"href":"https:\/\/talia-fashion.pl\/en\/wp-json\/wp\/v2\/product"}],"about":[{"href":"https:\/\/talia-fashion.pl\/en\/wp-json\/wp\/v2\/types\/product"}],"wp:featuredmedia":[{"embeddable":true,"href":"https:\/\/talia-fashion.pl\/en\/wp-json\/wp\/v2\/media\/262370"}],"wp:attachment":[{"href":"https:\/\/talia-fashion.pl\/en\/wp-json\/wp\/v2\/media?parent=261755"}],"wp:term":[{"taxonomy":"product_cat","embeddable":true,"href":"https:\/\/talia-fashion.pl\/en\/wp-json\/wp\/v2\/product_cat?post=261755"},{"taxonomy":"product_tag","embeddable":true,"href":"https:\/\/talia-fashion.pl\/en\/wp-json\/wp\/v2\/product_tag?post=261755"}],"curies":[{"name":"wp","href":"https:\/\/api.w.org\/{rel}","templated":true}]}}