{"id":261724,"date":"2026-01-15T14:59:13","date_gmt":"2026-01-15T13:59:13","guid":{"rendered":"https:\/\/talia-fashion.pl\/?post_type=product&#038;p=261724"},"modified":"2026-04-03T10:42:43","modified_gmt":"2026-04-03T08:42:43","slug":"tweedowa-marynarka-jednorzedowa-brazowy-melanz-brooklyn","status":"publish","type":"product","link":"https:\/\/talia-fashion.pl\/en\/product\/tweedowa-marynarka-jednorzedowa-brazowy-melanz-brooklyn\/","title":{"rendered":"Tweed single-breasted blazer brown melange Brooklyn"},"content":{"rendered":"<p><strong>Tweedowa marynarka jednorz\u0119dowa br\u0105zowy melan\u017c<\/strong> Brooklyn to <strong>lu\u017ana marynarka<\/strong> <span lang=\"DE\">uszyta z przepi\u0119knej <strong>tweedowej tkaniny<\/strong> z przewag\u0105 we\u0142ny, w bazowym, a jednocze\u015bnie charakternym wybarwieniu. <strong>Melanges<\/strong> uzyskuje si\u0119 przez prz\u0119dzenie razem w\u0142\u00f3kien o r\u00f3\u017cnych odcieniach jednego koloru. Wskutek czego powstaje prz\u0119dza, a potem tkanina o charakterystycznym wygl\u0105dzie \u2013 jakby by\u0142a cieniowana lub przypr\u00f3szona. <strong>Melan\u017ce s\u0105 bardzo ciekawe i unikatowe oraz praktyczne<\/strong>. Dobrze maskuj\u0105 zabrudzenia i zagniecenia. Nie ma dw\u00f3ch takich samych marynarek.\u00a0<\/span><\/p>\n<p><strong>Tweedowa marynarka jednorz\u0119dowa br\u0105zowy melan\u017c<\/strong> Brooklyn ma najmodniejszy w tym sezonie kr\u00f3j o zr\u00f3wnowa\u017conych proporcjach &#8211; <strong>wysmuklaj\u0105cy ko\u0142nierz z otwartymi klapami<\/strong> wyko\u0144czonymi na ostro, <strong>gently curved back<\/strong> and profiling <strong>darts on the front<\/strong>. Model <strong>jednorz\u0119dowy zapinany na dwa guziki<\/strong>. Dwie kieszenie na przodzie wyko\u0144czone patkami oraz kryta kieszonka na wysoko\u015bci ramion. D\u0142ugi r\u0119kaw ozdobiony r\u0119cznie przyszywanymi guzikami. Blezer bez rozci\u0119cia z ty\u0142u o bardzo wygodnej i swobodnej linii. W ca\u0142o\u015bci <strong>na oddychaj\u0105cej podszewce<\/strong>. Mocny, m\u0119ski styl.<\/p>\n<p><strong>Tweedowa marynarka jednorz\u0119dowa br\u0105zowy melan\u017c<\/strong> Brooklyn to ca\u0142oroczny klasyk, kt\u00f3ry pos\u0142u\u017cy Tobie na lata. Wy\u015bmienity na ka\u017cd\u0105 por\u0119 roku &#8211; czy to <strong>w roli marynarki<\/strong> or <strong>outer garments<\/strong>. We\u0142niany materia\u0142 idealnie sprawdzi si\u0119 na wiosenne i jesienne ch\u0142ody, z powodzeniem zast\u0119puj\u0105c trencz czy przej\u015bciowy p\u0142aszczyk. Ponadczasowy, melan\u017cowy kolor po\u0142\u0105czony z wygodn\u0105 lini\u0105 marynarki sprawi, i\u017c z \u0142atwo\u015bci\u0105 zestawisz j\u0105 z bluz\u0105, d\u017cinsami i bia\u0142ymi sneakersami tworz\u0105c sportowy look. Blazer Brooklyn pi\u0119knie nosi si\u0119 te\u017c z we\u0142nianym golfem i szerokimi spodniami. Nic nie stoi r\u00f3wnie\u017c na przeszkodzie, by zestawi\u0107 go z dopasowan\u0105 sukienk\u0105, kowbojkami i sk\u00f3rzan\u0105 torebk\u0105. Podkre\u015bl tali\u0119 paskiem &#8211; a Tw\u00f3j look nabierze modowego pazura. Stylizuj, tak jak lubisz najbardziej.<\/p>\n<p>If you're wondering which coat to choose, we suggest you take a look at our tips <a href=\"https:\/\/talia-fashion.pl\/en\/jak-dobrac-plaszcz-do-sylwetki\/\">How do you choose a coat to suit your figure?<\/a><\/p>\n<p>Zdj\u0119cie rzeczywiste \u2013 br\u0105zowy melan\u017c<\/p>\n<p>Dost\u0119pne kolory &#8211; br\u0105zowy melan\u017c<\/p>\n<p>The colours are shown in the pictures of the coats in different cuts, in the other auctions and in the <a href=\"https:\/\/talia-fashion.pl\/en\/paleta-kolorow\/\">colour palette<\/a>. If in doubt, please contact us.<\/p>\n<p>Available sizes: XS, S, M, L<\/p>\n<p>Indicative dimensions:<\/p>\n<p>XS &#8211; biust: 86-88 \/ biodra: 94-96 \/ d\u0142ugo\u015b\u0107: 75 \/ r\u0119kaw: 61<br \/>\nS &#8211; biust: 90-92 \/ biodra: 98-100 \/ d\u0142ugo\u015b\u0107: 75\/ r\u0119kaw: 62<br \/>\nM &#8211; biust: 94-96 \/ biodra: 102-104 \/ d\u0142ugo\u015b\u0107: 75 \/ r\u0119kaw: 62<br \/>\nL &#8211; biust: 98-100 \/ biodra: 106-108 \/ d\u0142ugo\u015b\u0107: 75 \/ r\u0119kaw: 63<\/p>\n<p>If you are unsure about the size, please contact us.<\/p>\n<p>The model is 172cm and a size S.<\/p>\n<p>Materia\u0142: 70% we\u0142na, 20% jedwab, 10% poliamid<\/p>\n<p>Lining: 50% acetate, 50% viscose<\/p>\n<p>Like viscose, acetate is produced from cellulose. Acetate yarn can also be made from recycled cellulose such as paper. The acetate lining is excellent at absorbing moisture and permeable to air. It is coated with an antistatic apprettee and is OEKOtex\u00ae Standard 100 certified. It ideally provides thermal comfort and is comfortable to wear.<\/p>\n<p>Tweedowa marynarka jednorz\u0119dowa br\u0105zowy melan\u017c Brooklyn, <span lang=\"DE\">tak jak pozosta\u0142e modele z naszej kolekcji, zosta\u0142a zaprojektowana i uszyta <strong>in our family workshop <\/strong><\/span>w Poznaniu. Od 37 lat pracujemy <strong>zgodnie z zasadami zr\u00f3wnowa\u017conego rozwoju<\/strong> a tak\u017ce promujemy polskie, tradycyjne rzemios\u0142o. Dlatego n<span lang=\"DE\">ie znajdziesz u nas ta\u015bmowej produkcji a ka\u017cdy nasz guzik jest przyszyty r\u0119cznie. Od wielu lat d\u0105\u017cymy do ograniczenia nadprodukcji, w tym celu wyszukujemy ciekawe materia\u0142y, ju\u017c wyprodukowane, cz\u0119sto dla znanych marek i przekszta\u0142camy je w <strong>p\u0142aszcze w limitowanej ilo\u015bci.<\/strong><\/span><\/p>\n<p>Blezer nale\u017cy czy\u015bci\u0107 chemicznie. Do cz\u0119stego od\u015bwie\u017cania we\u0142ny polecamy <a href=\"https:\/\/talia-fashion.pl\/en\/product\/szczotka-do-czyszczenia-i-pielegnacji-plaszcza\/\">Brush for cleaning and care of the coat<\/a><a href=\"https:\/\/talia-fashion.pl\/en\/product\/szczotka-do-czyszczenia-i-pielegnacji-plaszcza\/\">, <\/a>which you can buy in our shop. Caring for clothing is caring for the environment.<\/p>\n<p><strong>Individual order - <\/strong>Some modifications can be made at the client's request: shortening, lengthening of sleeves, shortening and lengthening of the jacket. Cost to be determined individually, after prior contact. <strong>An individual order is not subject to exchange or refund.<\/strong><\/p>\n<p>The lead time depends on the availability of a given product in our workshop. We avoid overproduction, which is why in most cases we do not sew to stock, but only after we have received your order. The stock status visible in the shop does not always mean that the product is physically available, but also that the fabric is available and ready to be sewn. Normally, orders are processed within 2-5 working days. However, if it is necessary to sew a coat\/ jacket or personalise an order - making alterations or sewing a new coat according to the customer's specifications - the lead time may be extended to a maximum of 2 weeks.<\/p>\n<p>Sewing a coat, jacket or trench takes time and precision, so please be patient. We make every effort to process your order as quickly as possible.<\/p>\n<p>Thank you for supporting local crafts. Stay with us for longer and like our fanpage on <a href=\"https:\/\/www.facebook.com\/talia.plaszcze\">Facebook<\/a>\u00a0i\u00a0<a href=\"https:\/\/www.instagram.com\/talia_plaszcze\/\">Instagram<\/a><\/p>","protected":false},"excerpt":{"rendered":"<p><strong>Tweedowa marynarka jednorz\u0119dowa br\u0105zowy melan\u017c<\/strong> Brooklyn to minimalistyczna marynarka o ponadczasowym kroju. Uszyta ze szlachetnej tkaniny o melan\u017cowym, unikatowym wybarwieniu. <strong>Ca\u0142oroczny klasyk, kt\u00f3ry pos\u0142u\u017cy Tobie na lata.\u00a0<\/strong><\/p>","protected":false},"featured_media":262571,"template":"","meta":{"_acf_changed":false},"product_cat":[28,31,55],"product_tag":[153,397,398,89,78,37,34,90,256,257,74,80,116,387,295,303,121,342,41,42,43,44,45,68,47,84,181,49,50,69,310,53,63,399,88,117,400],"class_list":{"0":"post-261724","1":"product","2":"type-product","3":"status-publish","4":"has-post-thumbnail","6":"product_cat-marynarki-damskie","7":"product_cat-nowosci","8":"product_cat-plaszcze-krotsze","9":"product_tag-blazer","10":"product_tag-blezer-damski","11":"product_tag-brazowy-melanz","12":"product_tag-cieply","13":"product_tag-dla-roznych-sylwetek","14":"product_tag-dyplomatka","15":"product_tag-handmade","16":"product_tag-krotki-plaszcz","17":"product_tag-krotki-prochowiec","18":"product_tag-krotki-trencz-damski","19":"product_tag-kurtka-damska","20":"product_tag-luzny-kroj","21":"product_tag-marynarka","22":"product_tag-marynarka-damska","23":"product_tag-marynarka-jednorzedowa","24":"product_tag-marynarka-welniana","25":"product_tag-materialy-przyjazne-dla-srodowiska","26":"product_tag-materialy-z-deadstocku","27":"product_tag-na-podszewce","28":"product_tag-nowosc","29":"product_tag-plaszcz-damski","30":"product_tag-plaszcz-damski-dlugi","31":"product_tag-plaszcz-dlugi","32":"product_tag-plaszcz-jesienny","33":"product_tag-plaszcz-na-guziki","34":"product_tag-plaszcz-oversizowy","35":"product_tag-plaszcz-w-jodelke","36":"product_tag-plaszcz-wiosenny","37":"product_tag-plaszcz-z-rewersem","38":"product_tag-prochowiec","39":"product_tag-tweed","40":"product_tag-welna","41":"product_tag-welniany","42":"product_tag-welniany-tweed","43":"product_tag-wiazany","44":"product_tag-zakiet","45":"product_tag-zrownowazona-moda","47":"first","48":"instock","49":"shipping-taxable","50":"purchasable","51":"product-type-variable","52":"has-default-attributes"},"acf":[],"yoast_head":"<!-- This site is optimized with the Yoast SEO plugin v25.7 - https:\/\/yoast.com\/wordpress\/plugins\/seo\/ -->\n<title>Tweedowa marynarka jednorz\u0119dowa br\u0105zowy melan\u017c Brooklyn - produkt premium<\/title>\n<meta name=\"description\" content=\"Tweedowa marynarka jednorz\u0119dowa br\u0105zowy melan\u017c to ca\u0142oroczny klasyk. Wygodny, klasyczny kr\u00f3j, bazowy kolor. Inwestycja na lata. Produkt premium.\" \/>\n<meta name=\"robots\" content=\"index, follow, max-snippet:-1, max-image-preview:large, max-video-preview:-1\" \/>\n<link rel=\"canonical\" href=\"https:\/\/talia-fashion.pl\/en\/product\/tweedowa-marynarka-jednorzedowa-brazowy-melanz-brooklyn\/\" \/>\n<meta property=\"og:locale\" content=\"en_GB\" \/>\n<meta property=\"og:type\" content=\"article\" \/>\n<meta property=\"og:title\" content=\"Tweedowa marynarka jednorz\u0119dowa br\u0105zowy melan\u017c Brooklyn - produkt premium\" \/>\n<meta property=\"og:description\" content=\"Tweedowa marynarka jednorz\u0119dowa br\u0105zowy melan\u017c to ca\u0142oroczny klasyk. Wygodny, klasyczny kr\u00f3j, bazowy kolor. Inwestycja na lata. Produkt premium.\" \/>\n<meta property=\"og:url\" content=\"https:\/\/talia-fashion.pl\/en\/product\/tweedowa-marynarka-jednorzedowa-brazowy-melanz-brooklyn\/\" \/>\n<meta property=\"og:site_name\" content=\"Talia Fashion\" \/>\n<meta property=\"article:modified_time\" content=\"2026-04-03T08:42:43+00:00\" \/>\n<meta property=\"og:image\" content=\"https:\/\/talia-fashion.pl\/wp-content\/uploads\/2026\/03\/tweedowa-marynarka-jednorzedowa-brazowy-melanz-welna-jedwab.jpg\" \/>\n\t<meta property=\"og:image:width\" content=\"1200\" \/>\n\t<meta property=\"og:image:height\" content=\"1600\" \/>\n\t<meta property=\"og:image:type\" content=\"image\/jpeg\" \/>\n<meta name=\"twitter:card\" content=\"summary_large_image\" \/>\n<meta name=\"twitter:label1\" content=\"Estimated reading time\" \/>\n\t<meta name=\"twitter:data1\" content=\"4 minutes\" \/>\n<script type=\"application\/ld+json\" class=\"yoast-schema-graph\">{\"@context\":\"https:\/\/schema.org\",\"@graph\":[{\"@type\":\"WebPage\",\"@id\":\"https:\/\/talia-fashion.pl\/produkt\/tweedowa-marynarka-jednorzedowa-brazowy-melanz-brooklyn\/\",\"url\":\"https:\/\/talia-fashion.pl\/produkt\/tweedowa-marynarka-jednorzedowa-brazowy-melanz-brooklyn\/\",\"name\":\"Tweedowa marynarka jednorz\u0119dowa br\u0105zowy melan\u017c Brooklyn - produkt premium\",\"isPartOf\":{\"@id\":\"https:\/\/talia-fashion.pl\/#website\"},\"primaryImageOfPage\":{\"@id\":\"https:\/\/talia-fashion.pl\/produkt\/tweedowa-marynarka-jednorzedowa-brazowy-melanz-brooklyn\/#primaryimage\"},\"image\":{\"@id\":\"https:\/\/talia-fashion.pl\/produkt\/tweedowa-marynarka-jednorzedowa-brazowy-melanz-brooklyn\/#primaryimage\"},\"thumbnailUrl\":\"https:\/\/talia-fashion.pl\/wp-content\/uploads\/2026\/03\/tweedowa-marynarka-jednorzedowa-brazowy-melanz-welna-jedwab.jpg\",\"datePublished\":\"2026-01-15T13:59:13+00:00\",\"dateModified\":\"2026-04-03T08:42:43+00:00\",\"description\":\"Tweedowa marynarka jednorz\u0119dowa br\u0105zowy melan\u017c to ca\u0142oroczny klasyk. Wygodny, klasyczny kr\u00f3j, bazowy kolor. Inwestycja na lata. Produkt premium.\",\"breadcrumb\":{\"@id\":\"https:\/\/talia-fashion.pl\/produkt\/tweedowa-marynarka-jednorzedowa-brazowy-melanz-brooklyn\/#breadcrumb\"},\"inLanguage\":\"en-GB\",\"potentialAction\":[{\"@type\":\"ReadAction\",\"target\":[\"https:\/\/talia-fashion.pl\/produkt\/tweedowa-marynarka-jednorzedowa-brazowy-melanz-brooklyn\/\"]}]},{\"@type\":\"ImageObject\",\"inLanguage\":\"en-GB\",\"@id\":\"https:\/\/talia-fashion.pl\/produkt\/tweedowa-marynarka-jednorzedowa-brazowy-melanz-brooklyn\/#primaryimage\",\"url\":\"https:\/\/talia-fashion.pl\/wp-content\/uploads\/2026\/03\/tweedowa-marynarka-jednorzedowa-brazowy-melanz-welna-jedwab.jpg\",\"contentUrl\":\"https:\/\/talia-fashion.pl\/wp-content\/uploads\/2026\/03\/tweedowa-marynarka-jednorzedowa-brazowy-melanz-welna-jedwab.jpg\",\"width\":1200,\"height\":1600,\"caption\":\"Tweedowa marynarka jednorz\u0119dowa w br\u0105zowym melan\u017cu ze szlachetnej tkaniny. Produkt premium.\"},{\"@type\":\"BreadcrumbList\",\"@id\":\"https:\/\/talia-fashion.pl\/produkt\/tweedowa-marynarka-jednorzedowa-brazowy-melanz-brooklyn\/#breadcrumb\",\"itemListElement\":[{\"@type\":\"ListItem\",\"position\":1,\"name\":\"Strona g\u0142\u00f3wna\",\"item\":\"https:\/\/talia-fashion.pl\/\"},{\"@type\":\"ListItem\",\"position\":2,\"name\":\"Sklep\",\"item\":\"https:\/\/talia-fashion.pl\/sklep\/\"},{\"@type\":\"ListItem\",\"position\":3,\"name\":\"Tweedowa marynarka jednorz\u0119dowa br\u0105zowy melan\u017c Brooklyn\"}]},{\"@type\":\"WebSite\",\"@id\":\"https:\/\/talia-fashion.pl\/#website\",\"url\":\"https:\/\/talia-fashion.pl\/\",\"name\":\"Talia Fashion\",\"description\":\"\",\"potentialAction\":[{\"@type\":\"SearchAction\",\"target\":{\"@type\":\"EntryPoint\",\"urlTemplate\":\"https:\/\/talia-fashion.pl\/?s={search_term_string}\"},\"query-input\":{\"@type\":\"PropertyValueSpecification\",\"valueRequired\":true,\"valueName\":\"search_term_string\"}}],\"inLanguage\":\"en-GB\"}]}<\/script>\n<!-- \/ Yoast SEO plugin. -->","yoast_head_json":{"title":"Tweedowa marynarka jednorz\u0119dowa br\u0105zowy melan\u017c Brooklyn - produkt premium","description":"Tweedowa marynarka jednorz\u0119dowa br\u0105zowy melan\u017c to ca\u0142oroczny klasyk. Wygodny, klasyczny kr\u00f3j, bazowy kolor. Inwestycja na lata. Produkt premium.","robots":{"index":"index","follow":"follow","max-snippet":"max-snippet:-1","max-image-preview":"max-image-preview:large","max-video-preview":"max-video-preview:-1"},"canonical":"https:\/\/talia-fashion.pl\/en\/product\/tweedowa-marynarka-jednorzedowa-brazowy-melanz-brooklyn\/","og_locale":"en_GB","og_type":"article","og_title":"Tweedowa marynarka jednorz\u0119dowa br\u0105zowy melan\u017c Brooklyn - produkt premium","og_description":"Tweedowa marynarka jednorz\u0119dowa br\u0105zowy melan\u017c to ca\u0142oroczny klasyk. Wygodny, klasyczny kr\u00f3j, bazowy kolor. Inwestycja na lata. Produkt premium.","og_url":"https:\/\/talia-fashion.pl\/en\/product\/tweedowa-marynarka-jednorzedowa-brazowy-melanz-brooklyn\/","og_site_name":"Talia Fashion","article_modified_time":"2026-04-03T08:42:43+00:00","og_image":[{"width":1200,"height":1600,"url":"https:\/\/talia-fashion.pl\/wp-content\/uploads\/2026\/03\/tweedowa-marynarka-jednorzedowa-brazowy-melanz-welna-jedwab.jpg","type":"image\/jpeg"}],"twitter_card":"summary_large_image","twitter_misc":{"Estimated reading time":"4 minutes"},"schema":{"@context":"https:\/\/schema.org","@graph":[{"@type":"WebPage","@id":"https:\/\/talia-fashion.pl\/produkt\/tweedowa-marynarka-jednorzedowa-brazowy-melanz-brooklyn\/","url":"https:\/\/talia-fashion.pl\/produkt\/tweedowa-marynarka-jednorzedowa-brazowy-melanz-brooklyn\/","name":"Tweedowa marynarka jednorz\u0119dowa br\u0105zowy melan\u017c Brooklyn - produkt premium","isPartOf":{"@id":"https:\/\/talia-fashion.pl\/#website"},"primaryImageOfPage":{"@id":"https:\/\/talia-fashion.pl\/produkt\/tweedowa-marynarka-jednorzedowa-brazowy-melanz-brooklyn\/#primaryimage"},"image":{"@id":"https:\/\/talia-fashion.pl\/produkt\/tweedowa-marynarka-jednorzedowa-brazowy-melanz-brooklyn\/#primaryimage"},"thumbnailUrl":"https:\/\/talia-fashion.pl\/wp-content\/uploads\/2026\/03\/tweedowa-marynarka-jednorzedowa-brazowy-melanz-welna-jedwab.jpg","datePublished":"2026-01-15T13:59:13+00:00","dateModified":"2026-04-03T08:42:43+00:00","description":"Tweedowa marynarka jednorz\u0119dowa br\u0105zowy melan\u017c to ca\u0142oroczny klasyk. Wygodny, klasyczny kr\u00f3j, bazowy kolor. Inwestycja na lata. Produkt premium.","breadcrumb":{"@id":"https:\/\/talia-fashion.pl\/produkt\/tweedowa-marynarka-jednorzedowa-brazowy-melanz-brooklyn\/#breadcrumb"},"inLanguage":"en-GB","potentialAction":[{"@type":"ReadAction","target":["https:\/\/talia-fashion.pl\/produkt\/tweedowa-marynarka-jednorzedowa-brazowy-melanz-brooklyn\/"]}]},{"@type":"ImageObject","inLanguage":"en-GB","@id":"https:\/\/talia-fashion.pl\/produkt\/tweedowa-marynarka-jednorzedowa-brazowy-melanz-brooklyn\/#primaryimage","url":"https:\/\/talia-fashion.pl\/wp-content\/uploads\/2026\/03\/tweedowa-marynarka-jednorzedowa-brazowy-melanz-welna-jedwab.jpg","contentUrl":"https:\/\/talia-fashion.pl\/wp-content\/uploads\/2026\/03\/tweedowa-marynarka-jednorzedowa-brazowy-melanz-welna-jedwab.jpg","width":1200,"height":1600,"caption":"Tweedowa marynarka jednorz\u0119dowa w br\u0105zowym melan\u017cu ze szlachetnej tkaniny. Produkt premium."},{"@type":"BreadcrumbList","@id":"https:\/\/talia-fashion.pl\/produkt\/tweedowa-marynarka-jednorzedowa-brazowy-melanz-brooklyn\/#breadcrumb","itemListElement":[{"@type":"ListItem","position":1,"name":"Strona g\u0142\u00f3wna","item":"https:\/\/talia-fashion.pl\/"},{"@type":"ListItem","position":2,"name":"Sklep","item":"https:\/\/talia-fashion.pl\/sklep\/"},{"@type":"ListItem","position":3,"name":"Tweedowa marynarka jednorz\u0119dowa br\u0105zowy melan\u017c Brooklyn"}]},{"@type":"WebSite","@id":"https:\/\/talia-fashion.pl\/#website","url":"https:\/\/talia-fashion.pl\/","name":"Talia Fashion","description":"","potentialAction":[{"@type":"SearchAction","target":{"@type":"EntryPoint","urlTemplate":"https:\/\/talia-fashion.pl\/?s={search_term_string}"},"query-input":{"@type":"PropertyValueSpecification","valueRequired":true,"valueName":"search_term_string"}}],"inLanguage":"en-GB"}]}},"_links":{"self":[{"href":"https:\/\/talia-fashion.pl\/en\/wp-json\/wp\/v2\/product\/261724","targetHints":{"allow":["GET"]}}],"collection":[{"href":"https:\/\/talia-fashion.pl\/en\/wp-json\/wp\/v2\/product"}],"about":[{"href":"https:\/\/talia-fashion.pl\/en\/wp-json\/wp\/v2\/types\/product"}],"wp:featuredmedia":[{"embeddable":true,"href":"https:\/\/talia-fashion.pl\/en\/wp-json\/wp\/v2\/media\/262571"}],"wp:attachment":[{"href":"https:\/\/talia-fashion.pl\/en\/wp-json\/wp\/v2\/media?parent=261724"}],"wp:term":[{"taxonomy":"product_cat","embeddable":true,"href":"https:\/\/talia-fashion.pl\/en\/wp-json\/wp\/v2\/product_cat?post=261724"},{"taxonomy":"product_tag","embeddable":true,"href":"https:\/\/talia-fashion.pl\/en\/wp-json\/wp\/v2\/product_tag?post=261724"}],"curies":[{"name":"wp","href":"https:\/\/api.w.org\/{rel}","templated":true}]}}