{"id":261712,"date":"2026-01-14T16:48:59","date_gmt":"2026-01-14T15:48:59","guid":{"rendered":"https:\/\/talia-fashion.pl\/?post_type=product&#038;p=261712"},"modified":"2026-04-10T09:06:26","modified_gmt":"2026-04-10T07:06:26","slug":"dlugi-welniany-plaszcz-przejsciowy-czekoladowy-braz-sky","status":"publish","type":"product","link":"https:\/\/talia-fashion.pl\/en\/product\/dlugi-welniany-plaszcz-przejsciowy-czekoladowy-braz-sky\/","title":{"rendered":"Long wool transitional coat chocolate brown Sky"},"content":{"rendered":"<div id=\"tabs-list-description\" class=\"tab-pane active in\">\n<div class=\"description\">\n<p><strong>D\u0142ugi we\u0142niany p\u0142aszcz przej\u015bciowy czekoladowy br\u0105z<\/strong> Sky to <strong>l\u017cejsza<\/strong>\u00a0wersja naszego ikonicznego modelu w ponadczasowym kroju i kolorze. <span lang=\"DE\">Uszyli\u015bmy go z mi\u0119sistego tweedu z przewag\u0105 we\u0142ny o ni\u017cszej gramaturze, w najmodniejszym czekoladowym br\u0105zie. Ca\u0142o\u015b\u0107 wyko\u0144czona <strong>oddychaj\u0105c\u0105 podszewk\u0105<\/strong>. <\/span>To doskona\u0142a opcja <strong>on <\/strong><span lang=\"DE\"><strong>wiosn\u0119 i jesie\u0144<\/strong>, kiedy pogoda jest nieprzewidywalna. We\u0142niana tkanina nie tylko doda klasy, ale przede wszystkim <strong>zapewni komfort termiczny<\/strong>. P\u0142aszcz ogrzeje i otuli w ch\u0142odniejsze dni i jednocze\u015bnie pozostanie przewiewny, gdy przygrzeje s\u0142o\u0144ce. <\/span><\/p>\n<p>D\u0142ugi we\u0142niany p\u0142aszcz przej\u015bciowy czekoladowy br\u0105z Sky ma starannie <strong>dopasowany z ty\u0142u<\/strong>, <strong>prz\u00f3d profilowany<\/strong>, dzi\u0119ki czemu p\u0142aszczyk jest bardzo wygodny. Podkre\u015bla sylwetk\u0119, nie opinaj\u0105c jej. <strong data-start=\"481\" data-end=\"500\">Tkaninowy pasek<\/strong>, wykonany z tej samej we\u0142nianej mieszanki co p\u0142aszcz, umo\u017cliwia lepsze dopasowanie i zaznaczenie talii. Z boku <strong>dwie <\/strong>wpuszczane <strong>pockets<\/strong>, kt\u00f3re zwi\u0119kszaj\u0105 praktyczno\u015b\u0107 bez zaburzania minimalistycznego fasonu p\u0142aszcza. Wyk\u0142adany <strong>ko\u0142nierz typu rewers. <\/strong><strong>Dwa rozporki na tyle<\/strong> \u2013 subtelnie zdobi\u0105, jednocze\u015bnie zapewniaj\u0105c komfort noszenia. D\u0142ugo\u015b\u0107 p\u0142aszcza do po\u0142owy \u0142ydki. Zapinany <strong>dwurz\u0119dowo na, <\/strong>r\u0119cznie przyszywane<strong>, guziki<\/strong>.<\/p>\n<\/div>\n<p>Projektuj\u0105c d\u0142ugi we\u0142niany p\u0142aszcz przej\u015bciowy czekoladowy br\u0105z Sky nawi\u0105zali\u015bmy do estetyki modowej zwanej <strong>Quiet Luxury, <\/strong>opartej na dyskretnej elegancji i jako\u015bci. Licz\u0105 si\u0119 tu:<strong> czyste, klasyczne formy<\/strong><strong data-start=\"126\" data-end=\"190\" data-is-only-node=\"\">, szlachetne materia\u0142y i stonowana kolorystyka,\u00a0<\/strong>a nie sezonowe trendy. To styl dla os\u00f3b, kt\u00f3re ceni\u0105 <strong data-start=\"395\" data-end=\"434\">\u015bwiadome wybory oraz rzemios\u0142o<\/strong>. Szukaj\u0105 r\u00f3wnowagi i spokoju &#8211; \u0142\u0105cz\u0105c z namys\u0142em bazowe elementy garderoby. Przej\u015bciowy p\u0142aszcz Sky idealnie wpisuje si\u0119 w t\u0119 stylistyk\u0119. Niezale\u017cnie od tego czy zestawisz go z bia\u0142ym t-shirtem i d\u017cinsowymi spodniami, z we\u0142nianym garniturem a mo\u017ce z jedwabn\u0105 sukienk\u0105 &#8211; za ka\u017cdym razem wypadniesz \u015bwietnie, luksusowo ale w subtelny spos\u00f3b.<\/p>\n<div>If you're wondering which coat to choose, we suggest you take a look at our tips\u00a0<a href=\"https:\/\/talia-fashion.pl\/en\/jak-dobrac-plaszcz-do-sylwetki\/\">How do you choose a coat to suit your figure?<\/a><\/div>\n<div class=\"description\">\n<p><span lang=\"DE\">Zdj\u0119cie rzeczywiste \u2013 czekolada<\/span><\/p>\n<p>Available colours<span lang=\"DE\">: czekolada<\/span><\/p>\n<p><span lang=\"DE\">Available sizes: XS, S, M, L, XL<br \/>\n<\/span><\/p>\n<p>The model is 172 cm and a size S.<\/p>\n<p><span lang=\"DE\">Orientacyjne <strong>wymiary<\/strong>:<\/span><\/p>\n<p><span lang=\"DE\">XS - bust: 86-88 \/ hips 94-96 \/ length: 117 \/ sleeve 61<br \/>\nS - bust: 90-92 \/ hips: 98-100 \/ length: 118\/ sleeve: 62<br \/>\nM - bust: 94-96 \/ hips: 102-104 \/ length: 118 \/ sleeve: 62<br \/>\nL \u2013 biust: 98-100 \/ biodra: 106-108 \/ d\u0142ugo\u015b\u0107: 118 \/ r\u0119kaw: 63<br \/>\nXL - bust: 104-106 \/ hips: 112-114 \/ length: 119 \/ sleeve: 64<\/span><\/p>\n<p><span lang=\"DE\">If you are unsure of your size selection, please contact us.<\/span><\/p>\n<p><span lang=\"DE\">Material: 80<\/span><span lang=\"DE\">% virgin wool, 20% polyamide<br \/>\n<\/span><\/p>\n<p>Lining: 50% viscose, 50% acetate<br \/>\nAcetat podobnie jak wiskoza wytwarzany jest z celulozy. Prz\u0119dza acetatowa mo\u017ce by\u0107 wytworzona r\u00f3wnie\u017c z celulozy przetworzonej np. papieru. Podszewka acetatowa doskonale wch\u0142ania wilgo\u0107, przepuszcza powietrze i dobrze si\u0119 nosi. Jest powlekana apretur\u0105 antystatyczn\u0105 i posiada certyfikat OEKOtex\u00ae Standard 100.<\/p>\n<p data-start=\"149\" data-end=\"376\">D\u0142ugi we\u0142niany p\u0142aszcz przej\u015bciowy czekoladowy br\u0105z Sky zosta\u0142 <strong data-start=\"1256\" data-end=\"1289\">precyzyjnie zaprojektowany, skrojony i uszyty<\/strong> <strong>w naszym rodzinnym zak\u0142adzie krawieckim<\/strong> w Poznaniu. Uszyty zosta\u0142 z wysokogatunkowej tkaniny z du\u017c\u0105 zawarto\u015bci\u0105 we\u0142ny, co gwarantuje trwa\u0142o\u015b\u0107, komfort i naturalne ciep\u0142o. To model z limitowanej kolekcji \u2013 <strong data-start=\"1362\" data-end=\"1381\">premium product<\/strong>, kt\u00f3ry wyr\u00f3\u017cnia si\u0119 nie tylko stylem, ale i jako\u015bci\u0105 wykonania.<\/p>\n<p data-start=\"378\" data-end=\"745\">Kultywujemy tradycyjne, rzemie\u015blnicze krawiectwo \u2013 pracoch\u0142onne i czasoch\u0142onne. Takie podej\u015bcie pozwala nam nie tylko uzyska\u0107 idealne wyko\u0144czenie, ale r\u00f3wnie\u017c ograniczy\u0107 zu\u017cycie materia\u0142u i zmniejszy\u0107 ilo\u015b\u0107 odpad\u00f3w, co przek\u0142ada si\u0119 na mniejsze obci\u0105\u017cenie dla \u015brodowiska.<\/p>\n<p>The coat should be dry-cleaned. For frequent refreshing of the wool we recommend the following\u00a0<a href=\"https:\/\/talia-fashion.pl\/en\/product\/szczotka-do-czyszczenia-i-pielegnacji-plaszcza\/\">Brush for cleaning and care of the coat<\/a>, dost\u0119pn\u0105 w naszym sklepie. Aby utrzyma\u0107 p\u0142aszcz w czysto\u015bci cz\u0119sto wystarczy wietrzy\u0107 go i regularnie szczotkowa\u0107. Ten proces jest delikatniejszy dla tkanin i pozwala ograniczy\u0107 zu\u017cycie wody i energii w procesach prania. Zach\u0119camy do zapoznania si\u0119 z naszym poradnikiem: <a href=\"https:\/\/talia-fashion.pl\/en\/jak-pielegnowac-i-dbac-o-plaszcz\/\">How to care for and maintain coats?<\/a><\/p>\n<p>It is possible to make some modifications in the <strong>Individual orders<\/strong> \u2013 na \u017cyczenie Klienta: skr\u00f3cenie, wyd\u0142u\u017cenie r\u0119kawa, skr\u00f3cenie i wyd\u0142u\u017cenie p\u0142aszcza. Zakres zmian i ich koszt ustalany jest oddzielnie dla ka\u017cdego zam\u00f3wienia. <strong>An individual order is not subject to exchange or refund.<\/strong><\/p>\n<p><span lang=\"DE\">Czas realizacji zam\u00f3wienia uzale\u017cniamy od aktualnego stanu magazynowego w pracowni oraz dost\u0119pno\u015bci danego koloru materia\u0142u. Je\u015bli dany p\u0142aszcz jest dost\u0119pny &#8222;od r\u0119ki&#8221; realizacja zam\u00f3wienia nast\u0105pi bardzo szybko 2-5 dni roboczych. Je\u015bli konieczne jest uszycie nowego p\u0142aszcza lub indywidualizacja zam\u00f3wienia \u2013 wykonanie przer\u00f3bki lub uszycie nowego p\u0142aszcza wed\u0142ug specyfikacji Klienta \u2013 czas realizacji zam\u00f3wienia mo\u017ce ulec wyd\u0142u\u017ceniu, maksymalnie do 2 tygodni.<\/span><\/p>\n<p>Nie uznajemy nadprodukcji i wi\u0119kszo\u015b\u0107 naszych p\u0142aszczy szyjemy na bie\u017c\u0105co. I cho\u0107 dok\u0142adamy wszelkich stara\u0144, aby czas oczekiwania by\u0142 jak najkr\u00f3tszy, prosimy o cierpliwo\u015b\u0107 i zrozumienie.<\/p>\n<p>We encourage you to like our fanpage on\u00a0<a href=\"https:\/\/www.facebook.com\/talia.plaszcze\">Facebook<\/a>\u00a0i\u00a0<a href=\"https:\/\/www.instagram.com\/talia_plaszcze\/\">Instagram<\/a><\/p>\n<\/div>\n<\/div>","protected":false},"excerpt":{"rendered":"<p>D\u0142ugi we\u0142niany p\u0142aszcz przej\u015bciowy czekoladowy br\u0105z &#8211; <strong>ponadczasowy szyk<\/strong>, <strong>bazowy kolor<\/strong> and <strong>wysoka jako\u015b\u0107 wykonania<\/strong>.<\/p>","protected":false},"featured_media":262187,"template":"","meta":{"_acf_changed":false},"product_cat":[31,36],"product_tag":[294,244,384,78,32,340,39,347,224,121,41,81,42,305,44,47,291,259,59,122,379,85,50,60,87,139,362,63,88],"class_list":{"0":"post-261712","1":"product","2":"type-product","3":"status-publish","4":"has-post-thumbnail","6":"product_cat-nowosci","7":"product_cat-plaszcze-dluzsze","8":"product_tag-acetatowa-podszewka","9":"product_tag-czekoladowy-plaszcz","10":"product_tag-czekoladowy-trencz-damski","11":"product_tag-dla-roznych-sylwetek","12":"product_tag-dopasowany-kroj","13":"product_tag-jesionka","14":"product_tag-klasyczny","15":"product_tag-lama","16":"product_tag-limited-edition","17":"product_tag-materialy-przyjazne-dla-srodowiska","18":"product_tag-na-podszewce","19":"product_tag-naturalne-materialy","20":"product_tag-nowosc","21":"product_tag-plaszcz-bezowy","22":"product_tag-plaszcz-damski-dlugi","23":"product_tag-plaszcz-na-guziki","24":"product_tag-plaszcz-na-jesien","25":"product_tag-plaszcz-na-wiosne","26":"product_tag-plaszcz-przejsciowy","27":"product_tag-plaszcz-szlafrokowy","28":"product_tag-plaszcz-tweedowy","29":"product_tag-plaszcz-welniany","30":"product_tag-plaszcz-z-rewersem","31":"product_tag-producent-plaszczy-damskich","32":"product_tag-produkt-premium","33":"product_tag-welna-dziewicza","34":"product_tag-welna-tweed","35":"product_tag-welniany","36":"product_tag-wiazany","38":"first","39":"instock","40":"shipping-taxable","41":"purchasable","42":"product-type-variable","43":"has-default-attributes"},"acf":[],"yoast_head":"<!-- This site is optimized with the Yoast SEO plugin v25.7 - https:\/\/yoast.com\/wordpress\/plugins\/seo\/ -->\n<title>D\u0142ugi we\u0142niany p\u0142aszcz przej\u015bciowy czekoladowy br\u0105z Sky - Talia Fashion - p\u0142aszcze damskie<\/title>\n<meta name=\"description\" content=\"D\u0142ugi we\u0142niany p\u0142aszcz przej\u015bciowy czekoladowy br\u0105z - doskona\u0142y, minimalistyczny kr\u00f3j, szlachetna, we\u0142niana tkanina, perfekcyjne wykonanie. Produkt premium.\" \/>\n<meta name=\"robots\" content=\"index, follow, max-snippet:-1, max-image-preview:large, max-video-preview:-1\" \/>\n<link rel=\"canonical\" href=\"https:\/\/talia-fashion.pl\/en\/product\/dlugi-welniany-plaszcz-przejsciowy-czekoladowy-braz-sky\/\" \/>\n<meta property=\"og:locale\" content=\"en_GB\" \/>\n<meta property=\"og:type\" content=\"article\" \/>\n<meta property=\"og:title\" content=\"D\u0142ugi we\u0142niany p\u0142aszcz przej\u015bciowy czekoladowy br\u0105z Sky - Talia Fashion - p\u0142aszcze damskie\" \/>\n<meta property=\"og:description\" content=\"D\u0142ugi we\u0142niany p\u0142aszcz przej\u015bciowy czekoladowy br\u0105z - doskona\u0142y, minimalistyczny kr\u00f3j, szlachetna, we\u0142niana tkanina, perfekcyjne wykonanie. Produkt premium.\" \/>\n<meta property=\"og:url\" content=\"https:\/\/talia-fashion.pl\/en\/product\/dlugi-welniany-plaszcz-przejsciowy-czekoladowy-braz-sky\/\" \/>\n<meta property=\"og:site_name\" content=\"Talia Fashion\" \/>\n<meta property=\"article:modified_time\" content=\"2026-04-10T07:06:26+00:00\" \/>\n<meta property=\"og:image\" content=\"https:\/\/talia-fashion.pl\/wp-content\/uploads\/2026\/01\/dlugi-welniany-plaszcz-przejsciowy-czekoladowy-braz.jpg\" \/>\n\t<meta property=\"og:image:width\" content=\"1067\" \/>\n\t<meta property=\"og:image:height\" content=\"1600\" \/>\n\t<meta property=\"og:image:type\" content=\"image\/jpeg\" \/>\n<meta name=\"twitter:card\" content=\"summary_large_image\" \/>\n<meta name=\"twitter:label1\" content=\"Estimated reading time\" \/>\n\t<meta name=\"twitter:data1\" content=\"4 minutes\" \/>\n<script type=\"application\/ld+json\" class=\"yoast-schema-graph\">{\"@context\":\"https:\/\/schema.org\",\"@graph\":[{\"@type\":\"WebPage\",\"@id\":\"https:\/\/talia-fashion.pl\/produkt\/dlugi-welniany-plaszcz-przejsciowy-czekoladowy-braz-sky\/\",\"url\":\"https:\/\/talia-fashion.pl\/produkt\/dlugi-welniany-plaszcz-przejsciowy-czekoladowy-braz-sky\/\",\"name\":\"D\u0142ugi we\u0142niany p\u0142aszcz przej\u015bciowy czekoladowy br\u0105z Sky - Talia Fashion - p\u0142aszcze damskie\",\"isPartOf\":{\"@id\":\"https:\/\/talia-fashion.pl\/#website\"},\"primaryImageOfPage\":{\"@id\":\"https:\/\/talia-fashion.pl\/produkt\/dlugi-welniany-plaszcz-przejsciowy-czekoladowy-braz-sky\/#primaryimage\"},\"image\":{\"@id\":\"https:\/\/talia-fashion.pl\/produkt\/dlugi-welniany-plaszcz-przejsciowy-czekoladowy-braz-sky\/#primaryimage\"},\"thumbnailUrl\":\"https:\/\/talia-fashion.pl\/wp-content\/uploads\/2026\/01\/dlugi-welniany-plaszcz-przejsciowy-czekoladowy-braz.jpg\",\"datePublished\":\"2026-01-14T15:48:59+00:00\",\"dateModified\":\"2026-04-10T07:06:26+00:00\",\"description\":\"D\u0142ugi we\u0142niany p\u0142aszcz przej\u015bciowy czekoladowy br\u0105z - doskona\u0142y, minimalistyczny kr\u00f3j, szlachetna, we\u0142niana tkanina, perfekcyjne wykonanie. Produkt premium.\",\"breadcrumb\":{\"@id\":\"https:\/\/talia-fashion.pl\/produkt\/dlugi-welniany-plaszcz-przejsciowy-czekoladowy-braz-sky\/#breadcrumb\"},\"inLanguage\":\"en-GB\",\"potentialAction\":[{\"@type\":\"ReadAction\",\"target\":[\"https:\/\/talia-fashion.pl\/produkt\/dlugi-welniany-plaszcz-przejsciowy-czekoladowy-braz-sky\/\"]}]},{\"@type\":\"ImageObject\",\"inLanguage\":\"en-GB\",\"@id\":\"https:\/\/talia-fashion.pl\/produkt\/dlugi-welniany-plaszcz-przejsciowy-czekoladowy-braz-sky\/#primaryimage\",\"url\":\"https:\/\/talia-fashion.pl\/wp-content\/uploads\/2026\/01\/dlugi-welniany-plaszcz-przejsciowy-czekoladowy-braz.jpg\",\"contentUrl\":\"https:\/\/talia-fashion.pl\/wp-content\/uploads\/2026\/01\/dlugi-welniany-plaszcz-przejsciowy-czekoladowy-braz.jpg\",\"width\":1067,\"height\":1600,\"caption\":\"D\u0142ugi, we\u0142niany p\u0142aszcz przej\u015bciowy w czekoladowym kolorze. D\u0142ugo\u015b\u0107 maxi. Jako\u015b\u0107 premium na lata.\"},{\"@type\":\"BreadcrumbList\",\"@id\":\"https:\/\/talia-fashion.pl\/produkt\/dlugi-welniany-plaszcz-przejsciowy-czekoladowy-braz-sky\/#breadcrumb\",\"itemListElement\":[{\"@type\":\"ListItem\",\"position\":1,\"name\":\"Strona g\u0142\u00f3wna\",\"item\":\"https:\/\/talia-fashion.pl\/\"},{\"@type\":\"ListItem\",\"position\":2,\"name\":\"Sklep\",\"item\":\"https:\/\/talia-fashion.pl\/sklep\/\"},{\"@type\":\"ListItem\",\"position\":3,\"name\":\"D\u0142ugi we\u0142niany p\u0142aszcz przej\u015bciowy czekoladowy br\u0105z Sky\"}]},{\"@type\":\"WebSite\",\"@id\":\"https:\/\/talia-fashion.pl\/#website\",\"url\":\"https:\/\/talia-fashion.pl\/\",\"name\":\"Talia Fashion\",\"description\":\"\",\"potentialAction\":[{\"@type\":\"SearchAction\",\"target\":{\"@type\":\"EntryPoint\",\"urlTemplate\":\"https:\/\/talia-fashion.pl\/?s={search_term_string}\"},\"query-input\":{\"@type\":\"PropertyValueSpecification\",\"valueRequired\":true,\"valueName\":\"search_term_string\"}}],\"inLanguage\":\"en-GB\"}]}<\/script>\n<!-- \/ Yoast SEO plugin. -->","yoast_head_json":{"title":"D\u0142ugi we\u0142niany p\u0142aszcz przej\u015bciowy czekoladowy br\u0105z Sky - Talia Fashion - p\u0142aszcze damskie","description":"D\u0142ugi we\u0142niany p\u0142aszcz przej\u015bciowy czekoladowy br\u0105z - doskona\u0142y, minimalistyczny kr\u00f3j, szlachetna, we\u0142niana tkanina, perfekcyjne wykonanie. Produkt premium.","robots":{"index":"index","follow":"follow","max-snippet":"max-snippet:-1","max-image-preview":"max-image-preview:large","max-video-preview":"max-video-preview:-1"},"canonical":"https:\/\/talia-fashion.pl\/en\/product\/dlugi-welniany-plaszcz-przejsciowy-czekoladowy-braz-sky\/","og_locale":"en_GB","og_type":"article","og_title":"D\u0142ugi we\u0142niany p\u0142aszcz przej\u015bciowy czekoladowy br\u0105z Sky - Talia Fashion - p\u0142aszcze damskie","og_description":"D\u0142ugi we\u0142niany p\u0142aszcz przej\u015bciowy czekoladowy br\u0105z - doskona\u0142y, minimalistyczny kr\u00f3j, szlachetna, we\u0142niana tkanina, perfekcyjne wykonanie. Produkt premium.","og_url":"https:\/\/talia-fashion.pl\/en\/product\/dlugi-welniany-plaszcz-przejsciowy-czekoladowy-braz-sky\/","og_site_name":"Talia Fashion","article_modified_time":"2026-04-10T07:06:26+00:00","og_image":[{"width":1067,"height":1600,"url":"https:\/\/talia-fashion.pl\/wp-content\/uploads\/2026\/01\/dlugi-welniany-plaszcz-przejsciowy-czekoladowy-braz.jpg","type":"image\/jpeg"}],"twitter_card":"summary_large_image","twitter_misc":{"Estimated reading time":"4 minutes"},"schema":{"@context":"https:\/\/schema.org","@graph":[{"@type":"WebPage","@id":"https:\/\/talia-fashion.pl\/produkt\/dlugi-welniany-plaszcz-przejsciowy-czekoladowy-braz-sky\/","url":"https:\/\/talia-fashion.pl\/produkt\/dlugi-welniany-plaszcz-przejsciowy-czekoladowy-braz-sky\/","name":"D\u0142ugi we\u0142niany p\u0142aszcz przej\u015bciowy czekoladowy br\u0105z Sky - Talia Fashion - p\u0142aszcze damskie","isPartOf":{"@id":"https:\/\/talia-fashion.pl\/#website"},"primaryImageOfPage":{"@id":"https:\/\/talia-fashion.pl\/produkt\/dlugi-welniany-plaszcz-przejsciowy-czekoladowy-braz-sky\/#primaryimage"},"image":{"@id":"https:\/\/talia-fashion.pl\/produkt\/dlugi-welniany-plaszcz-przejsciowy-czekoladowy-braz-sky\/#primaryimage"},"thumbnailUrl":"https:\/\/talia-fashion.pl\/wp-content\/uploads\/2026\/01\/dlugi-welniany-plaszcz-przejsciowy-czekoladowy-braz.jpg","datePublished":"2026-01-14T15:48:59+00:00","dateModified":"2026-04-10T07:06:26+00:00","description":"D\u0142ugi we\u0142niany p\u0142aszcz przej\u015bciowy czekoladowy br\u0105z - doskona\u0142y, minimalistyczny kr\u00f3j, szlachetna, we\u0142niana tkanina, perfekcyjne wykonanie. Produkt premium.","breadcrumb":{"@id":"https:\/\/talia-fashion.pl\/produkt\/dlugi-welniany-plaszcz-przejsciowy-czekoladowy-braz-sky\/#breadcrumb"},"inLanguage":"en-GB","potentialAction":[{"@type":"ReadAction","target":["https:\/\/talia-fashion.pl\/produkt\/dlugi-welniany-plaszcz-przejsciowy-czekoladowy-braz-sky\/"]}]},{"@type":"ImageObject","inLanguage":"en-GB","@id":"https:\/\/talia-fashion.pl\/produkt\/dlugi-welniany-plaszcz-przejsciowy-czekoladowy-braz-sky\/#primaryimage","url":"https:\/\/talia-fashion.pl\/wp-content\/uploads\/2026\/01\/dlugi-welniany-plaszcz-przejsciowy-czekoladowy-braz.jpg","contentUrl":"https:\/\/talia-fashion.pl\/wp-content\/uploads\/2026\/01\/dlugi-welniany-plaszcz-przejsciowy-czekoladowy-braz.jpg","width":1067,"height":1600,"caption":"D\u0142ugi, we\u0142niany p\u0142aszcz przej\u015bciowy w czekoladowym kolorze. D\u0142ugo\u015b\u0107 maxi. Jako\u015b\u0107 premium na lata."},{"@type":"BreadcrumbList","@id":"https:\/\/talia-fashion.pl\/produkt\/dlugi-welniany-plaszcz-przejsciowy-czekoladowy-braz-sky\/#breadcrumb","itemListElement":[{"@type":"ListItem","position":1,"name":"Strona g\u0142\u00f3wna","item":"https:\/\/talia-fashion.pl\/"},{"@type":"ListItem","position":2,"name":"Sklep","item":"https:\/\/talia-fashion.pl\/sklep\/"},{"@type":"ListItem","position":3,"name":"D\u0142ugi we\u0142niany p\u0142aszcz przej\u015bciowy czekoladowy br\u0105z Sky"}]},{"@type":"WebSite","@id":"https:\/\/talia-fashion.pl\/#website","url":"https:\/\/talia-fashion.pl\/","name":"Talia Fashion","description":"","potentialAction":[{"@type":"SearchAction","target":{"@type":"EntryPoint","urlTemplate":"https:\/\/talia-fashion.pl\/?s={search_term_string}"},"query-input":{"@type":"PropertyValueSpecification","valueRequired":true,"valueName":"search_term_string"}}],"inLanguage":"en-GB"}]}},"_links":{"self":[{"href":"https:\/\/talia-fashion.pl\/en\/wp-json\/wp\/v2\/product\/261712","targetHints":{"allow":["GET"]}}],"collection":[{"href":"https:\/\/talia-fashion.pl\/en\/wp-json\/wp\/v2\/product"}],"about":[{"href":"https:\/\/talia-fashion.pl\/en\/wp-json\/wp\/v2\/types\/product"}],"wp:featuredmedia":[{"embeddable":true,"href":"https:\/\/talia-fashion.pl\/en\/wp-json\/wp\/v2\/media\/262187"}],"wp:attachment":[{"href":"https:\/\/talia-fashion.pl\/en\/wp-json\/wp\/v2\/media?parent=261712"}],"wp:term":[{"taxonomy":"product_cat","embeddable":true,"href":"https:\/\/talia-fashion.pl\/en\/wp-json\/wp\/v2\/product_cat?post=261712"},{"taxonomy":"product_tag","embeddable":true,"href":"https:\/\/talia-fashion.pl\/en\/wp-json\/wp\/v2\/product_tag?post=261712"}],"curies":[{"name":"wp","href":"https:\/\/api.w.org\/{rel}","templated":true}]}}