{"id":261657,"date":"2026-01-11T11:57:43","date_gmt":"2026-01-11T10:57:43","guid":{"rendered":"https:\/\/talia-fashion.pl\/?post_type=product&#038;p=261657"},"modified":"2026-03-30T09:52:16","modified_gmt":"2026-03-30T07:52:16","slug":"bezowy-trencz-midi-z-wysokim-kolnierzem-ina","status":"publish","type":"product","link":"https:\/\/talia-fashion.pl\/en\/product\/bezowy-trencz-midi-z-wysokim-kolnierzem-ina\/","title":{"rendered":"Beige midi trench with high collar Ina"},"content":{"rendered":"<p><strong>Be\u017cowy trencz midi z wysokim ko\u0142nierzem<\/strong> Ina to nasza najnowsza ods\u0142ona klasycznego<strong> prochowca o swobodnym kroju<\/strong>. Trend <strong>high collar<\/strong> nie ko\u0144czy si\u0119 tylko na p\u0142aszczach zimowych \u2014 coraz cz\u0119\u015bciej pojawia si\u0119 w przej\u015bciowych wersjach p\u0142aszczy i kurtek. Modele z wysokim ko\u0142nierzem nie tylko otulaj\u0105 i chroni\u0105 przed zimnem, ale r\u00f3wnie\u017c nadaj\u0105 sylwetce <strong>nowoczesny i minimalistyczny<\/strong> charakter. Dlatego architektoniczne ko\u0142nierze coraz cz\u0119\u015bciej pojawiaj\u0105 si\u0119 w l\u017cejszych stylizacjach. W naszym trenczu Ina efekt wysokiego ko\u0142nierza uzyskali\u015bmy poprzez dodanie zapinanej <strong>na guziki st\u00f3jki<\/strong>, kt\u00f3ra podpi\u0119ta &#8211; przypomina kszta\u0142tem golf. Po rozpi\u0119ciu &#8211; tworzy tradycyjny, wyk\u0142adany ko\u0142nierz. To w\u0142a\u015bnie finezyjna konstrukcja ko\u0142nierza oraz <strong>asymetryczne<\/strong>, delikatnie przesuni\u0119te na bok, <strong>zapi\u0119cie (cz\u0119\u015bciwo jednorz\u0119dowe, a cz\u0119\u015bciowo dwurz\u0119dowe)<\/strong>\u00a0pozwoli\u0142o nam na subtelne prze\u0142amanie klasyki i nadanie ca\u0142o\u015bci wsp\u00f3\u0142czesnego charakteru.<\/p>\n<p>Model ten ma <strong>d\u0142ugo\u015b\u0107 za kolano<\/strong> z optycznie wysmuklaj\u0105cym <strong>rozporkiem na tyle<\/strong>. Mo\u017cna go <strong>wi\u0105za\u0107 paskiem<\/strong> dla lepszego dopasowania i podkre\u015blenia talii. <span lang=\"DE\">Dobrane kolorystycznie szylkretowe guziki na froncie p\u0142aszcza. Posiada d\u0142ugie r\u0119kawy wyko\u0144czone ozdobnym paskiem i guzikiem. Na ramionach <strong>decorative epaulettes<\/strong>. Po bokach, dwie praktyczne kieszenie. Ozdobna peleryna na tyle. Model ten <\/span>uszyli\u015bmy z <strong>bawe\u0142nianej mieszanki<\/strong> pokrytej warstw\u0105 <strong>hydrofobow\u0105<\/strong>. Ca\u0142o\u015b\u0107 na wysokiej jako\u015bci oddychaj\u0105cej podszewce.<\/p>\n<p><span lang=\"DE\"><strong>Be\u017cowy trencz midi z wysokim ko\u0142nierzem<\/strong> Ina ma <strong>raglanowe r\u0119kawy<\/strong>, kt\u00f3re nadaj\u0105 figurze mi\u0119kko\u015bci i zapewniaj\u0105 <strong>du\u017cy komfort noszenia<\/strong>. Idealny do tworzenia <strong>wielowarstowych stylizacji<\/strong>, zmie\u015bci si\u0119 <a href=\"https:\/\/talia-fashion.pl\/en\/product\/marynarka-jednorzedowa-welniana-w-jodelke-czekoladowa-london\/\">marynarka London<\/a>, czy we\u0142niany sweterek o grubym splocie. To propozycja<strong> w stylu oversize<\/strong>, dlatego je\u015bli preferowany jest bardziej dopasowany p\u0142aszcz, sugerujemy wyb\u00f3r mniejszego rozmiaru. Ca\u0142y jednak urok w tej lu\u017aniejszej formie. Be\u017cowy trencz Ina z wysokim ko\u0142nierzem z dopasowan\u0105 sukienk\u0105 i p\u0142askimi butami &#8211; elegancka prostota w nurcie &#8222;work to dinner&#8221;. Z jeansami i botkami w estetyce &#8222;cool girl&#8221;. A mo\u017ce zwyczajnie z bluz\u0105 z kapturem i dresowymi spodniami na spacer z psem. Wszystko zale\u017cy dok\u0105d si\u0119 w\u0142a\u015bnie wybierasz i jaki masz dzisiaj humor. Z ca\u0142\u0105 pewno\u015bci\u0105 ten trencz d\u0142ugo zago\u015bci w Twojej szafie.<\/span><\/p>\n<p><span lang=\"DE\">Zdj\u0119cie rzeczywiste &#8211; be\u017cowy<\/span><\/p>\n<p>Dost\u0119pne kolory: be\u017cowy<\/p>\n<p><span lang=\"DE\">The colours are presented in our <a href=\"https:\/\/talia-fashion.pl\/en\/paleta-kolorow\/\">Colour palette<\/a>. If in doubt, please contact us.<\/span><\/p>\n<p>The model is 172cm and a size XS.<\/p>\n<p><span lang=\"DE\">Available sizes: XS, S, M, L<\/span><\/p>\n<p><span lang=\"DE\">Indicative dimensions:<\/span><\/p>\n<p>XS &#8211; biust: 86-88 \/ biodra: 94-96 \/ d\u0142ugo\u015b\u0107: 105 \/ r\u0119kaw: 62<br \/>\nS &#8211; biust: 90-92 \/ biodra: 98-100 \/ d\u0142ugo\u015b\u0107: 105 \/ r\u0119kaw: 62<br \/>\nM &#8211; biust: 94-96\u00a0\u00a0\/ biodra: 102-104 \/ d\u0142ugo\u015b\u0107: 106 \/ r\u0119kaw: 62<br \/>\nL &#8211; biust: 98-100 \/ biodra: 106-108 \/ d\u0142ugo\u015b\u0107: 106 \/ r\u0119kaw: 63<\/p>\n<p><span lang=\"DE\"><strong>Be\u017cowy trencz midi z wysokim ko\u0142nierzem<\/strong> Ina jest <strong>odpowiedni dla ka\u017cdej sylwetki<\/strong>. Zobacz nasze wskaz\u00f3wki <a href=\"https:\/\/talia-fashion.pl\/en\/jak-dobrac-plaszcz-do-sylwetki\/\">How do you choose a coat to suit your figure?<\/a> \u00a0Jak si\u0119 zmierzy\u0107 i jaki wybra\u0107 rozmiar podpowiadamy w naszym kr\u00f3tkim poradniku: <a href=\"https:\/\/talia-fashion.pl\/en\/jak-dobrac-rozmiar\/\">How to choose a size?<\/a><\/span><br \/>\n<span lang=\"DE\">If you are unsure of your size selection, please contact us.<\/span><\/p>\n<p><span lang=\"DE\">Materia\u0142:\u00a0 80% bawe\u0142na, 20% nylon<\/span><br \/>\nLining: 50% acetate, 50% viscose<\/p>\n<p>Acetat podobnie jak wiskoza wytwarzany jest z celulozy. Prz\u0119dza acetatowa mo\u017ce by\u0107 wytworzona r\u00f3wnie\u017c z celulozy przetworzonej np. papieru. Podszewka acetatowa doskonale wch\u0142ania wilgo\u0107 i przepuszcza powietrze, dzi\u0119ki czemu dobrze si\u0119 nosi i zapewnia komfort termiczny. Jest powlekana apretur\u0105 antystatyczn\u0105 i posiada certyfikat OEKOtex\u00ae Standard 100.<\/p>\n<p><span lang=\"DE\">W naszej <strong>family workshop<\/strong> projektujemy i szyjemy wszystkie modele p\u0142aszczy znajduj\u0105ce si\u0119 w naszej ofercie, w tym tak\u017ce <strong>be\u017cowy trencz midi z wysokim ko\u0142nierzem<\/strong> Ina. Od 37 lat zajmujemy si\u0119 okryciami wierzchnimi. P\u0142aszcze i kurtki to nasza pasja.\u00a0<\/span><\/p>\n<p><span lang=\"DE\">Trencz Ina nale\u017cy czy\u015bci\u0107 chemicznie. Kilka prostych zasad piel\u0119gnacji pomo\u017ce zachowa\u0107 jego form\u0119 i estetyk\u0119 na lata. Zach\u0119camy do zapoznania si\u0119 z nimi na stronie: <a href=\"https:\/\/talia-fashion.pl\/en\/jak-pielegnowac-i-dbac-o-plaszcz\/\">How to nurture and care for the coat? <\/a>Odpowiednie wieszanie, wietrzenie i unikanie zahacze\u0144 sprawi, \u017ce Tw\u00f3j p\u0142aszcz d\u0142ugo pozostanie pi\u0119kny.<\/span><\/p>\n<p><span lang=\"DE\">Oferujemy mo\u017cliwo\u015b\u0107 <strong>Individual orders<\/strong>, czyli z drobnymi modyfikacjami na \u017cyczenie Klienta. W p\u0142aszczyku mo\u017cemy skr\u00f3ci\u0107, b\u0105d\u017a wyd\u0142u\u017cy\u0107 r\u0119kawy, skr\u00f3ci\u0107 lub wyd\u0142u\u017cy\u0107 d\u0142ugo\u015b\u0107 p\u0142aszcza. Koszt takiej us\u0142ugi ustalamy indywidualnie po uprzednim kontakcie. Je\u015bli nie przepadacie za pagonami na ramionach &#8211; istnieje rownie\u017c mo\u017cliwo\u015b\u0107 ich usuni\u0119cia, przy indywidualnym zam\u00f3wieniu. <\/span><strong>An individual order is not subject to exchange or refund.<\/strong><\/p>\n<p><span lang=\"DE\">Czas realizacji zam\u00f3wienia zale\u017cy od aktualnego stanu magazynowego w pracowni oraz dost\u0119pno\u015bci danego koloru materia\u0142u. Je\u015bli dany p\u0142aszcz jest dost\u0119pny &#8222;od r\u0119ki&#8221; realizacja zam\u00f3wienia nast\u0105pi bardzo szybko 2-5 dni roboczych. Je\u015bli konieczne jest uszycie p\u0142aszcza lub indywidualizacja zam\u00f3wienia \u2013 wykonanie przer\u00f3bki lub uszycie p\u0142aszcza wed\u0142ug specyfikacji Klienta \u2013 czas realizacji zam\u00f3wienia mo\u017ce ulec wyd\u0142u\u017ceniu, maksymalnie do 2 tygodni.<\/span><\/p>\n<p><strong>Uprawiamy tradycyjne rzemios\u0142o<\/strong> and every one of our <strong>the coat is hand-sewn<\/strong>, a to wymaga czasu i precyzji. Nie uznajemy nadprodukcji i dlatego wi\u0119kszo\u015b\u0107 naszych p\u0142aszczy szyjemy na bie\u017c\u0105co, wi\u0119c czas realizacji mo\u017ce potrwa\u0107 do 14 dni. Postaramy si\u0119 jednak jak najszybciej zrealizowa\u0107 Twoje zam\u00f3wienie.<\/p>\n<p>Zosta\u0144 z nami d\u0142u\u017cej i zaobserwuj nasze profile na <a href=\"https:\/\/www.facebook.com\/talia.plaszcze\">Facebook<\/a>\u00a0and\u00a0<a href=\"https:\/\/www.instagram.com\/talia_plaszcze\/\">Instagram<\/a>.<\/p>","protected":false},"excerpt":{"rendered":"<p><strong>Be\u017cowy trencz midi z wysokim ko\u0142nierzem<\/strong> &#8211; nowoczesny, <strong>swobodny kr\u00f3j z wysokim ko\u0142nierzem<\/strong> i peleryn\u0105. Zapinany na guziki i wi\u0105zany w pasie. Minimalistyczna elegancja i ponadczasowa estetyka.<\/p>","protected":false},"featured_media":262479,"template":"","meta":{"_acf_changed":false},"product_cat":[31,36,27],"product_tag":[294,396,391,78,180,33,394,34,39,40,80,41,42,43,44,45,46,83,47,84,356,49,50,69,321,52,114,97,312,88,395],"class_list":{"0":"post-261657","1":"product","2":"type-product","3":"status-publish","4":"has-post-thumbnail","6":"product_cat-nowosci","7":"product_cat-plaszcze-dluzsze","8":"product_cat-trencze","9":"product_tag-acetatowa-podszewka","10":"product_tag-bawelniany-trencz-damski","11":"product_tag-bezowy-trencz-damski","12":"product_tag-dla-roznych-sylwetek","13":"product_tag-dlugosc-midi","14":"product_tag-dwurzedowy","15":"product_tag-funnel-neck","16":"product_tag-handmade","17":"product_tag-klasyczny","18":"product_tag-kolnierz","19":"product_tag-luzny-kroj","20":"product_tag-na-podszewce","21":"product_tag-nowosc","22":"product_tag-plaszcz-damski","23":"product_tag-plaszcz-damski-dlugi","24":"product_tag-plaszcz-dlugi","25":"product_tag-plaszcz-dwurzedowy","26":"product_tag-plaszcz-luzny","27":"product_tag-plaszcz-na-guziki","28":"product_tag-plaszcz-oversizowy","29":"product_tag-plaszcz-sredniej-dlugosci","30":"product_tag-plaszcz-wiosenny","31":"product_tag-plaszcz-z-rewersem","32":"product_tag-prochowiec","33":"product_tag-raglanowy-rekaw","34":"product_tag-szylkretowe-guziki","35":"product_tag-tencel","36":"product_tag-trencz","37":"product_tag-trencz-z-peleryna","38":"product_tag-wiazany","39":"product_tag-wysoki-kolnierz","41":"first","42":"instock","43":"shipping-taxable","44":"purchasable","45":"product-type-variable","46":"has-default-attributes"},"acf":[],"yoast_head":"<!-- This site is optimized with the Yoast SEO plugin v25.7 - https:\/\/yoast.com\/wordpress\/plugins\/seo\/ -->\n<title>Be\u017cowy trencz midi z wysokim ko\u0142nierzem Ina - Talia Fashion - trencze damskie<\/title>\n<meta name=\"description\" content=\"Be\u017cowy trencz midi z wysokim ko\u0142nierzem - nowoczesny, swobodny kr\u00f3j z wysokim ko\u0142nierzem i peleryn\u0105. Zapinany dwurz\u0119dowo i wi\u0105zany w pasie. Francuski szyk.\" \/>\n<meta name=\"robots\" content=\"index, follow, max-snippet:-1, max-image-preview:large, max-video-preview:-1\" \/>\n<link rel=\"canonical\" href=\"https:\/\/talia-fashion.pl\/en\/product\/bezowy-trencz-midi-z-wysokim-kolnierzem-ina\/\" \/>\n<meta property=\"og:locale\" content=\"en_GB\" \/>\n<meta property=\"og:type\" content=\"article\" \/>\n<meta property=\"og:title\" content=\"Be\u017cowy trencz midi z wysokim ko\u0142nierzem Ina - Talia Fashion - trencze damskie\" \/>\n<meta property=\"og:description\" content=\"Be\u017cowy trencz midi z wysokim ko\u0142nierzem - nowoczesny, swobodny kr\u00f3j z wysokim ko\u0142nierzem i peleryn\u0105. Zapinany dwurz\u0119dowo i wi\u0105zany w pasie. Francuski szyk.\" \/>\n<meta property=\"og:url\" content=\"https:\/\/talia-fashion.pl\/en\/product\/bezowy-trencz-midi-z-wysokim-kolnierzem-ina\/\" \/>\n<meta property=\"og:site_name\" content=\"Talia Fashion\" \/>\n<meta property=\"article:modified_time\" content=\"2026-03-30T07:52:16+00:00\" \/>\n<meta property=\"og:image\" content=\"https:\/\/talia-fashion.pl\/wp-content\/uploads\/2026\/01\/bezowy-trencz-midi-wysoki-kolnierz-bawelna-hydrofobowa-scaled.jpg\" \/>\n\t<meta property=\"og:image:width\" content=\"2241\" \/>\n\t<meta property=\"og:image:height\" content=\"3360\" \/>\n\t<meta property=\"og:image:type\" content=\"image\/jpeg\" \/>\n<meta name=\"twitter:card\" content=\"summary_large_image\" \/>\n<meta name=\"twitter:label1\" content=\"Estimated reading time\" \/>\n\t<meta name=\"twitter:data1\" content=\"4 minutes\" \/>\n<script type=\"application\/ld+json\" class=\"yoast-schema-graph\">{\"@context\":\"https:\/\/schema.org\",\"@graph\":[{\"@type\":\"WebPage\",\"@id\":\"https:\/\/talia-fashion.pl\/produkt\/bezowy-trencz-midi-z-wysokim-kolnierzem-ina\/\",\"url\":\"https:\/\/talia-fashion.pl\/produkt\/bezowy-trencz-midi-z-wysokim-kolnierzem-ina\/\",\"name\":\"Be\u017cowy trencz midi z wysokim ko\u0142nierzem Ina - Talia Fashion - trencze damskie\",\"isPartOf\":{\"@id\":\"https:\/\/talia-fashion.pl\/#website\"},\"primaryImageOfPage\":{\"@id\":\"https:\/\/talia-fashion.pl\/produkt\/bezowy-trencz-midi-z-wysokim-kolnierzem-ina\/#primaryimage\"},\"image\":{\"@id\":\"https:\/\/talia-fashion.pl\/produkt\/bezowy-trencz-midi-z-wysokim-kolnierzem-ina\/#primaryimage\"},\"thumbnailUrl\":\"https:\/\/talia-fashion.pl\/wp-content\/uploads\/2026\/01\/bezowy-trencz-midi-wysoki-kolnierz-bawelna-hydrofobowa-scaled.jpg\",\"datePublished\":\"2026-01-11T10:57:43+00:00\",\"dateModified\":\"2026-03-30T07:52:16+00:00\",\"description\":\"Be\u017cowy trencz midi z wysokim ko\u0142nierzem - nowoczesny, swobodny kr\u00f3j z wysokim ko\u0142nierzem i peleryn\u0105. Zapinany dwurz\u0119dowo i wi\u0105zany w pasie. Francuski szyk.\",\"breadcrumb\":{\"@id\":\"https:\/\/talia-fashion.pl\/produkt\/bezowy-trencz-midi-z-wysokim-kolnierzem-ina\/#breadcrumb\"},\"inLanguage\":\"en-GB\",\"potentialAction\":[{\"@type\":\"ReadAction\",\"target\":[\"https:\/\/talia-fashion.pl\/produkt\/bezowy-trencz-midi-z-wysokim-kolnierzem-ina\/\"]}]},{\"@type\":\"ImageObject\",\"inLanguage\":\"en-GB\",\"@id\":\"https:\/\/talia-fashion.pl\/produkt\/bezowy-trencz-midi-z-wysokim-kolnierzem-ina\/#primaryimage\",\"url\":\"https:\/\/talia-fashion.pl\/wp-content\/uploads\/2026\/01\/bezowy-trencz-midi-wysoki-kolnierz-bawelna-hydrofobowa-scaled.jpg\",\"contentUrl\":\"https:\/\/talia-fashion.pl\/wp-content\/uploads\/2026\/01\/bezowy-trencz-midi-wysoki-kolnierz-bawelna-hydrofobowa-scaled.jpg\",\"width\":2241,\"height\":3360,\"caption\":\"Be\u017cowy trencz damski d\u0142ugo\u015b\u0107 midi z wysokim ko\u0142nierzem z hydrofobowej bawe\u0142ny.\"},{\"@type\":\"BreadcrumbList\",\"@id\":\"https:\/\/talia-fashion.pl\/produkt\/bezowy-trencz-midi-z-wysokim-kolnierzem-ina\/#breadcrumb\",\"itemListElement\":[{\"@type\":\"ListItem\",\"position\":1,\"name\":\"Strona g\u0142\u00f3wna\",\"item\":\"https:\/\/talia-fashion.pl\/\"},{\"@type\":\"ListItem\",\"position\":2,\"name\":\"Sklep\",\"item\":\"https:\/\/talia-fashion.pl\/sklep\/\"},{\"@type\":\"ListItem\",\"position\":3,\"name\":\"Be\u017cowy trencz midi z wysokim ko\u0142nierzem Ina\"}]},{\"@type\":\"WebSite\",\"@id\":\"https:\/\/talia-fashion.pl\/#website\",\"url\":\"https:\/\/talia-fashion.pl\/\",\"name\":\"Talia Fashion\",\"description\":\"\",\"potentialAction\":[{\"@type\":\"SearchAction\",\"target\":{\"@type\":\"EntryPoint\",\"urlTemplate\":\"https:\/\/talia-fashion.pl\/?s={search_term_string}\"},\"query-input\":{\"@type\":\"PropertyValueSpecification\",\"valueRequired\":true,\"valueName\":\"search_term_string\"}}],\"inLanguage\":\"en-GB\"}]}<\/script>\n<!-- \/ Yoast SEO plugin. -->","yoast_head_json":{"title":"Be\u017cowy trencz midi z wysokim ko\u0142nierzem Ina - Talia Fashion - trencze damskie","description":"Be\u017cowy trencz midi z wysokim ko\u0142nierzem - nowoczesny, swobodny kr\u00f3j z wysokim ko\u0142nierzem i peleryn\u0105. Zapinany dwurz\u0119dowo i wi\u0105zany w pasie. Francuski szyk.","robots":{"index":"index","follow":"follow","max-snippet":"max-snippet:-1","max-image-preview":"max-image-preview:large","max-video-preview":"max-video-preview:-1"},"canonical":"https:\/\/talia-fashion.pl\/en\/product\/bezowy-trencz-midi-z-wysokim-kolnierzem-ina\/","og_locale":"en_GB","og_type":"article","og_title":"Be\u017cowy trencz midi z wysokim ko\u0142nierzem Ina - Talia Fashion - trencze damskie","og_description":"Be\u017cowy trencz midi z wysokim ko\u0142nierzem - nowoczesny, swobodny kr\u00f3j z wysokim ko\u0142nierzem i peleryn\u0105. Zapinany dwurz\u0119dowo i wi\u0105zany w pasie. Francuski szyk.","og_url":"https:\/\/talia-fashion.pl\/en\/product\/bezowy-trencz-midi-z-wysokim-kolnierzem-ina\/","og_site_name":"Talia Fashion","article_modified_time":"2026-03-30T07:52:16+00:00","og_image":[{"width":2241,"height":3360,"url":"https:\/\/talia-fashion.pl\/wp-content\/uploads\/2026\/01\/bezowy-trencz-midi-wysoki-kolnierz-bawelna-hydrofobowa-scaled.jpg","type":"image\/jpeg"}],"twitter_card":"summary_large_image","twitter_misc":{"Estimated reading time":"4 minutes"},"schema":{"@context":"https:\/\/schema.org","@graph":[{"@type":"WebPage","@id":"https:\/\/talia-fashion.pl\/produkt\/bezowy-trencz-midi-z-wysokim-kolnierzem-ina\/","url":"https:\/\/talia-fashion.pl\/produkt\/bezowy-trencz-midi-z-wysokim-kolnierzem-ina\/","name":"Be\u017cowy trencz midi z wysokim ko\u0142nierzem Ina - Talia Fashion - trencze damskie","isPartOf":{"@id":"https:\/\/talia-fashion.pl\/#website"},"primaryImageOfPage":{"@id":"https:\/\/talia-fashion.pl\/produkt\/bezowy-trencz-midi-z-wysokim-kolnierzem-ina\/#primaryimage"},"image":{"@id":"https:\/\/talia-fashion.pl\/produkt\/bezowy-trencz-midi-z-wysokim-kolnierzem-ina\/#primaryimage"},"thumbnailUrl":"https:\/\/talia-fashion.pl\/wp-content\/uploads\/2026\/01\/bezowy-trencz-midi-wysoki-kolnierz-bawelna-hydrofobowa-scaled.jpg","datePublished":"2026-01-11T10:57:43+00:00","dateModified":"2026-03-30T07:52:16+00:00","description":"Be\u017cowy trencz midi z wysokim ko\u0142nierzem - nowoczesny, swobodny kr\u00f3j z wysokim ko\u0142nierzem i peleryn\u0105. Zapinany dwurz\u0119dowo i wi\u0105zany w pasie. Francuski szyk.","breadcrumb":{"@id":"https:\/\/talia-fashion.pl\/produkt\/bezowy-trencz-midi-z-wysokim-kolnierzem-ina\/#breadcrumb"},"inLanguage":"en-GB","potentialAction":[{"@type":"ReadAction","target":["https:\/\/talia-fashion.pl\/produkt\/bezowy-trencz-midi-z-wysokim-kolnierzem-ina\/"]}]},{"@type":"ImageObject","inLanguage":"en-GB","@id":"https:\/\/talia-fashion.pl\/produkt\/bezowy-trencz-midi-z-wysokim-kolnierzem-ina\/#primaryimage","url":"https:\/\/talia-fashion.pl\/wp-content\/uploads\/2026\/01\/bezowy-trencz-midi-wysoki-kolnierz-bawelna-hydrofobowa-scaled.jpg","contentUrl":"https:\/\/talia-fashion.pl\/wp-content\/uploads\/2026\/01\/bezowy-trencz-midi-wysoki-kolnierz-bawelna-hydrofobowa-scaled.jpg","width":2241,"height":3360,"caption":"Be\u017cowy trencz damski d\u0142ugo\u015b\u0107 midi z wysokim ko\u0142nierzem z hydrofobowej bawe\u0142ny."},{"@type":"BreadcrumbList","@id":"https:\/\/talia-fashion.pl\/produkt\/bezowy-trencz-midi-z-wysokim-kolnierzem-ina\/#breadcrumb","itemListElement":[{"@type":"ListItem","position":1,"name":"Strona g\u0142\u00f3wna","item":"https:\/\/talia-fashion.pl\/"},{"@type":"ListItem","position":2,"name":"Sklep","item":"https:\/\/talia-fashion.pl\/sklep\/"},{"@type":"ListItem","position":3,"name":"Be\u017cowy trencz midi z wysokim ko\u0142nierzem Ina"}]},{"@type":"WebSite","@id":"https:\/\/talia-fashion.pl\/#website","url":"https:\/\/talia-fashion.pl\/","name":"Talia Fashion","description":"","potentialAction":[{"@type":"SearchAction","target":{"@type":"EntryPoint","urlTemplate":"https:\/\/talia-fashion.pl\/?s={search_term_string}"},"query-input":{"@type":"PropertyValueSpecification","valueRequired":true,"valueName":"search_term_string"}}],"inLanguage":"en-GB"}]}},"_links":{"self":[{"href":"https:\/\/talia-fashion.pl\/en\/wp-json\/wp\/v2\/product\/261657","targetHints":{"allow":["GET"]}}],"collection":[{"href":"https:\/\/talia-fashion.pl\/en\/wp-json\/wp\/v2\/product"}],"about":[{"href":"https:\/\/talia-fashion.pl\/en\/wp-json\/wp\/v2\/types\/product"}],"wp:featuredmedia":[{"embeddable":true,"href":"https:\/\/talia-fashion.pl\/en\/wp-json\/wp\/v2\/media\/262479"}],"wp:attachment":[{"href":"https:\/\/talia-fashion.pl\/en\/wp-json\/wp\/v2\/media?parent=261657"}],"wp:term":[{"taxonomy":"product_cat","embeddable":true,"href":"https:\/\/talia-fashion.pl\/en\/wp-json\/wp\/v2\/product_cat?post=261657"},{"taxonomy":"product_tag","embeddable":true,"href":"https:\/\/talia-fashion.pl\/en\/wp-json\/wp\/v2\/product_tag?post=261657"}],"curies":[{"name":"wp","href":"https:\/\/api.w.org\/{rel}","templated":true}]}}