{"id":261589,"date":"2026-01-08T15:55:55","date_gmt":"2026-01-08T14:55:55","guid":{"rendered":"https:\/\/talia-fashion.pl\/?post_type=product&#038;p=261589"},"modified":"2026-04-29T13:20:30","modified_gmt":"2026-04-29T11:20:30","slug":"czekoladowy-trencz-damski-z-hydrofobowej-bawelny-marcela","status":"publish","type":"product","link":"https:\/\/talia-fashion.pl\/en\/product\/czekoladowy-trencz-damski-z-hydrofobowej-bawelny-marcela\/","title":{"rendered":"Chocolate women's trench in water repellent cotton by Marcela"},"content":{"rendered":"<p><strong>Czekoladowy trencz damski z hydrofobowej bawe\u0142ny<\/strong> Marcela to <strong>swobodny<\/strong> w kroju trencz \u0142acz\u0105cy klasyk\u0119 i nowoczesno\u015b\u0107. Uszyli\u015bmy go z g\u0142adkiej mieszanki bawe\u0142ny pokrytej warstw\u0105 hydrofobow\u0105 i oddychaj\u0105cej podszewki. Dodatkowo, by nada\u0107 mu luksusowego wygl\u0105du, przody okleili\u015bmy <span lang=\"DE\">bardzo delikatn\u0105 stabilizuj\u0105c\u0105 klejonk\u0105. <strong>Zapinany dwurz\u0119dowo<\/strong> na r\u0119cznie przyszywane guziki. <strong>Wi\u0105zany<\/strong>. M<\/span>a du\u017ce klapy, <strong>raglan sleeve<\/strong>, <strong>pagony na ramionach<\/strong> i <strong>ozdobne paski na r\u0119kawach<\/strong>. Na plecach i z przodu <strong>ozobne peleryny<\/strong> wyko\u0144czone guzikiem. <span lang=\"DE\">Dwie, boczne kieszenie, dodaj\u0105ce praktyczno\u015bci. <\/span><span lang=\"DE\">Z ty\u0142u, na dole p\u0142aszcza znajduje si\u0119 rozporek wyd\u0142u\u017caj\u0105cy optycznie sylwetk\u0119, dzi\u0119ki kt\u00f3remu trencz jest komfortowy w noszeniu, mimo jego <strong>d\u0142ugo\u015bci midi<\/strong>. <\/span><\/p>\n<p>Ten elegancki trencz damski jest odpowiedni <strong>dla ka\u017cdej sylwetki<\/strong> i doskonale pasuje <strong>do r\u00f3\u017cnych stylizacji<\/strong>. Ma <strong>lu\u017any,<\/strong> ale nie oversizowy <strong>kr\u00f3j<\/strong>, a raglanowy r\u0119kaw nadaje mu mi\u0119kko\u015bci. Nadmiar materia\u0142u, kt\u00f3ry powstaje w tego typu kostrukcji r\u0119kawa zmniejszyli\u015bmy dodaj\u0105c modeluj\u0105ce zaszewki. Dzi\u0119ki czemu <strong>trencz podkre\u015bla sylwetk\u0119<\/strong> and at the same time <strong>zapewnia wygod\u0119 noszenia<\/strong>. Dla lepszego dopasowania i zaakcentowania talii mo\u017cna wi\u0105za\u0107 go paskiem. Czy to na przodzie, czy na tyle &#8211; wszystko zale\u017cy od preferencji.<\/p>\n<p><strong>Czekoladowy trencz damski z hydrofobowej bawe\u0142ny<\/strong> Marcela to niezwykle <strong>stylowy i ponadczasowy element garderoby<\/strong>, kt\u00f3ry podkre\u015bli Tw\u00f3j wyj\u0105tkowy styl. \u015awietnie sprawdzi si\u0119 zar\u00f3wno w formalnych, jak i bardziej casualowych stylizacjach. Jego <strong>minimalistyczny i uniwersalny fason<\/strong> pozwala \u0142\u0105czy\u0107 go zar\u00f3wno z sukienkami i sp\u00f3dnicami, jak i z jeansami czy spodniami. Idealnie nadaje si\u0119 do tworzenia <strong>wielowarstwowych zestaw\u00f3w<\/strong>. Z \u0142atwo\u015bci\u0105 mo\u017cna dostosowa\u0107 go do zmieniaj\u0105cych si\u0119 trend\u00f3w, dlatego to inwestycja na lata. Dodatkowo, trencz ma w sobie co\u015b subtelnie luksusowego, a zarazem praktycznego. I mo\u017ce by\u0107 noszony w\u0142a\u015bciwie przez wi\u0119kszo\u015b\u0107 roku \u2014 wiosn\u0105 i jesieni\u0105, latem w ch\u0142odniejsze dni i \u0142agodn\u0105 zim\u0105, w po\u0142\u0105czeniu z ciep\u0142ymi warstwami.<\/p>\n<p>If you're wondering which coat to choose, we suggest you take a look at our tips <a href=\"https:\/\/talia-fashion.pl\/en\/jak-dobrac-plaszcz-do-sylwetki\/\">How do you choose a coat to suit your figure?<\/a><\/p>\n<p>Zdj\u0119cie rzeczywiste \u2013 czekoladowy br\u0105z<\/p>\n<p>Dost\u0119pne kolory &#8211; czekoladowy br\u0105z<\/p>\n<p>All colours are presented in our <a href=\"https:\/\/talia-fashion.pl\/en\/paleta-kolorow\/\">Colour palette,<\/a> a tak\u017ce na zdj\u0119ciach produkt\u00f3w na odr\u0119bnych aukcjach. W razie w\u0105tpliwo\u015bci, prosimy o kontakt.<\/p>\n<p>Available sizes: XS, S, M, L<\/p>\n<p>Indicative dimensions:<\/p>\n<p>XS &#8211; biust: 86-88 \/ biodra: 94-96 \/ d\u0142ugo\u015b\u0107: 106 \/ r\u0119kaw: 61<br \/>\nS - bust: 90-92 \/ hips: 98-100 \/ length: 106 \/ sleeve: 62<br \/>\nM - bust: 94-96 \/ hips: 102-104 \/ length: 107 \/ sleeve: 62<br \/>\nL - bust: 98-100 \/ hips: 106-108 \/ length: 107 \/ sleeve: 63<\/p>\n<p><span lang=\"DE\">Jak si\u0119 zmierzy\u0107 i jaki wybra\u0107 rozmiar podpowiadamy w naszym kr\u00f3tkim poradniku: <a href=\"https:\/\/talia-fashion.pl\/en\/jak-dobrac-rozmiar\/\">How to choose a size?<\/a><\/span><br \/>\n<span lang=\"DE\">Je\u015bli preferowany jest dopasowany p\u0142aszcz, sugerujemy wyb\u00f3r mniejszego rozmiaru. Trencz jest delikatnie lu\u017aniejszy. W razie w\u0105tpliwo\u015bci odno\u015bnie wyboru rozmiaru, prosimy o kontakt.<\/span><\/p>\n<p>The model is 172cm and a size S.<\/p>\n<p>Materia\u0142: bawe\u0142na 80%, nylon 20%<\/p>\n<p>Lining: 50% acetate, 50% viscose<br \/>\nLike viscose, acetate is produced from cellulose. Acetate yarn can also be made from recycled cellulose such as paper. The acetate lining is excellent at absorbing moisture, permeable to air and comfortable to wear. It is coated with an antistatic apprettee and is OEKOtex\u00ae Standard 100 certified.<\/p>\n<p>Czekoladowy trencz damski <strong data-start=\"60\" data-end=\"71\">Marcela<\/strong> z hydrofobowej bawe\u0142ny zosta\u0142 w ca\u0142o\u015bci uszyty w naszej <strong>family workshop<\/strong>. Ka\u017cdy egzemplarz powstaje r\u0119cznie z najwy\u017cszej jako\u015bci materia\u0142\u00f3w, z dba\u0142o\u015bci\u0105 o detale i pasj\u0105, kt\u00f3r\u0105 wk\u0142adamy w ka\u017cdy p\u0142aszcz. To klasyka, kt\u00f3ra \u0142\u0105czy elegancj\u0119 z precyzyjnym rzemios\u0142em.<\/p>\n<p><span lang=\"DE\">Trencz damski nale\u017cy czy\u015bci\u0107 chemicznie. Nasze kr\u00f3tkie wskaz\u00f3wki pozwol\u0105 cieszy\u0107 si\u0119 nim d\u0142ugie lata <a href=\"https:\/\/talia-fashion.pl\/en\/jak-pielegnowac-i-dbac-o-plaszcz\/\">How to nurture and care for the coat? <\/a>Odpowiednie wieszanie, wietrzenie i unikanie zahacze\u0144 sprawi, \u017ce Tw\u00f3j p\u0142aszcz d\u0142ugo pozostanie pi\u0119kny.<\/span><\/p>\n<p>As we sew all the products ourselves, we offer the possibility of\u00a0 <strong>Individual Order<\/strong> with minor modifications, such as shortening or lengthening the sleeves, shortening or lengthening the jacket. The cost of modifications is determined individually after prior contact. <strong>An individual order is not subject to refund or exchange.\u00a0<\/strong><\/p>\n<p>Czas realizacji uzale\u017cniony jest od aktualnego stanu magazynowego w firmie oraz dost\u0119pno\u015bci danego koloru materia\u0142u. Je\u015bli dany p\u0142aszcz jest dost\u0119pny w pracowni realizacja zam\u00f3wienia nast\u0105pi bardzo szybko w ci\u0105gu 2-5 dni roboczych. Je\u015bli konieczne jest uszycie nowego p\u0142aszcza b\u0105d\u017a indywidualizacja zam\u00f3wienia \u2013 wykonanie przer\u00f3bki lub uszycie nowego p\u0142aszcza wed\u0142u specyfikacji Klienta\u2013 czas realizacji zam\u00f3wienia mo\u017ce ulec wyd\u0142u\u017ceniu, maksymalnie do 2 tygodni.<\/p>\n<p>Prosimy o cierpliwo\u015b\u0107, w wi\u0119kszo\u015bci przypadk\u00f3w nie szyjemy na magazyn, a uszycie trencza wymaga czasu i precyzji. Od ponad 37 lat pracujemy zgodnie z zasadami zr\u00f3wnowa\u017conego rozwoju a tak\u017ce promujemy polskie, tradycyjne rzemios\u0142o. Dzi\u0119kujemy, \u017ce jeste\u015b z nami. A w wolnej chwili zach\u0119camy do polubienia naszego fanpage\u2019a na <a href=\"https:\/\/www.facebook.com\/talia.plaszcze\">Facebook<\/a>\u00a0i\u00a0<a href=\"https:\/\/www.instagram.com\/talia_plaszcze\/\">Instagram<\/a><\/p>","protected":false},"excerpt":{"rendered":"<p><strong>Klasyczny bawe\u0142niany trencz damski w nowoczesnym wydaniu<\/strong>. Swobodny i uniwersalny kr\u00f3j, <strong>czekoladowy<\/strong> kolor. P\u0142aszcz w ca\u0142o\u015bci na podszewce. Elegancki i praktyczny jednocze\u015bnie.<\/p>","protected":false},"featured_media":262207,"template":"","meta":{"_acf_changed":false},"product_cat":[31,36,27],"product_tag":[112,163,89,244,384,78,37,34,39,80,387,121,41,42,43,44,45,46,68,47,84,49,50,69,156,258,312,88],"class_list":{"0":"post-261589","1":"product","2":"type-product","3":"status-publish","4":"has-post-thumbnail","6":"product_cat-nowosci","7":"product_cat-plaszcze-dluzsze","8":"product_cat-trencze","9":"product_tag-bawelniany-trencz","10":"product_tag-bezowy-plaszcz","11":"product_tag-cieply","12":"product_tag-czekoladowy-plaszcz","13":"product_tag-czekoladowy-trencz-damski","14":"product_tag-dla-roznych-sylwetek","15":"product_tag-dyplomatka","16":"product_tag-handmade","17":"product_tag-klasyczny","18":"product_tag-luzny-kroj","19":"product_tag-marynarka-damska","20":"product_tag-materialy-przyjazne-dla-srodowiska","21":"product_tag-na-podszewce","22":"product_tag-nowosc","23":"product_tag-plaszcz-damski","24":"product_tag-plaszcz-damski-dlugi","25":"product_tag-plaszcz-dlugi","26":"product_tag-plaszcz-dwurzedowy","27":"product_tag-plaszcz-jesienny","28":"product_tag-plaszcz-na-guziki","29":"product_tag-plaszcz-oversizowy","30":"product_tag-plaszcz-wiosenny","31":"product_tag-plaszcz-z-rewersem","32":"product_tag-prochowiec","33":"product_tag-raglan","34":"product_tag-trencz-damski","35":"product_tag-trencz-z-peleryna","36":"product_tag-wiazany","38":"first","39":"instock","40":"shipping-taxable","41":"purchasable","42":"product-type-variable","43":"has-default-attributes"},"acf":[],"yoast_head":"<!-- This site is optimized with the Yoast SEO plugin v25.7 - https:\/\/yoast.com\/wordpress\/plugins\/seo\/ -->\n<title>Czekoladowy trencz damski z hydrofobowej bawe\u0142ny Marcela - trencz damski<\/title>\n<meta name=\"description\" content=\"Czekoladowy trencz damski z hydrofobowej bawe\u0142ny to obowi\u0105zkowa pozycja w szafie kapsu\u0142owej. Klasyka w nowoczesnym wydaniu. Produkt premium.\" \/>\n<meta name=\"robots\" content=\"index, follow, max-snippet:-1, max-image-preview:large, max-video-preview:-1\" \/>\n<link rel=\"canonical\" href=\"https:\/\/talia-fashion.pl\/en\/product\/czekoladowy-trencz-damski-z-hydrofobowej-bawelny-marcela\/\" \/>\n<meta property=\"og:locale\" content=\"en_GB\" \/>\n<meta property=\"og:type\" content=\"article\" \/>\n<meta property=\"og:title\" content=\"Czekoladowy trencz damski z hydrofobowej bawe\u0142ny Marcela - trencz damski\" \/>\n<meta property=\"og:description\" content=\"Czekoladowy trencz damski z hydrofobowej bawe\u0142ny to obowi\u0105zkowa pozycja w szafie kapsu\u0142owej. Klasyka w nowoczesnym wydaniu. Produkt premium.\" \/>\n<meta property=\"og:url\" content=\"https:\/\/talia-fashion.pl\/en\/product\/czekoladowy-trencz-damski-z-hydrofobowej-bawelny-marcela\/\" \/>\n<meta property=\"og:site_name\" content=\"Talia Fashion\" \/>\n<meta property=\"article:modified_time\" content=\"2026-04-29T11:20:30+00:00\" \/>\n<meta property=\"og:image\" content=\"https:\/\/talia-fashion.pl\/wp-content\/uploads\/2026\/03\/czekoladowy-trencz-damski-hydrofobowa-bawelna-plaszcz-wiosenny-scaled.jpg\" \/>\n\t<meta property=\"og:image:width\" content=\"2240\" \/>\n\t<meta property=\"og:image:height\" content=\"3360\" \/>\n\t<meta property=\"og:image:type\" content=\"image\/jpeg\" \/>\n<meta name=\"twitter:card\" content=\"summary_large_image\" \/>\n<meta name=\"twitter:label1\" content=\"Estimated reading time\" \/>\n\t<meta name=\"twitter:data1\" content=\"4 minutes\" \/>\n<script type=\"application\/ld+json\" class=\"yoast-schema-graph\">{\"@context\":\"https:\/\/schema.org\",\"@graph\":[{\"@type\":\"WebPage\",\"@id\":\"https:\/\/talia-fashion.pl\/produkt\/czekoladowy-trencz-damski-z-hydrofobowej-bawelny-marcela\/\",\"url\":\"https:\/\/talia-fashion.pl\/produkt\/czekoladowy-trencz-damski-z-hydrofobowej-bawelny-marcela\/\",\"name\":\"Czekoladowy trencz damski z hydrofobowej bawe\u0142ny Marcela - trencz damski\",\"isPartOf\":{\"@id\":\"https:\/\/talia-fashion.pl\/#website\"},\"primaryImageOfPage\":{\"@id\":\"https:\/\/talia-fashion.pl\/produkt\/czekoladowy-trencz-damski-z-hydrofobowej-bawelny-marcela\/#primaryimage\"},\"image\":{\"@id\":\"https:\/\/talia-fashion.pl\/produkt\/czekoladowy-trencz-damski-z-hydrofobowej-bawelny-marcela\/#primaryimage\"},\"thumbnailUrl\":\"https:\/\/talia-fashion.pl\/wp-content\/uploads\/2026\/03\/czekoladowy-trencz-damski-hydrofobowa-bawelna-plaszcz-wiosenny-scaled.jpg\",\"datePublished\":\"2026-01-08T14:55:55+00:00\",\"dateModified\":\"2026-04-29T11:20:30+00:00\",\"description\":\"Czekoladowy trencz damski z hydrofobowej bawe\u0142ny to obowi\u0105zkowa pozycja w szafie kapsu\u0142owej. Klasyka w nowoczesnym wydaniu. Produkt premium.\",\"breadcrumb\":{\"@id\":\"https:\/\/talia-fashion.pl\/produkt\/czekoladowy-trencz-damski-z-hydrofobowej-bawelny-marcela\/#breadcrumb\"},\"inLanguage\":\"en-GB\",\"potentialAction\":[{\"@type\":\"ReadAction\",\"target\":[\"https:\/\/talia-fashion.pl\/produkt\/czekoladowy-trencz-damski-z-hydrofobowej-bawelny-marcela\/\"]}]},{\"@type\":\"ImageObject\",\"inLanguage\":\"en-GB\",\"@id\":\"https:\/\/talia-fashion.pl\/produkt\/czekoladowy-trencz-damski-z-hydrofobowej-bawelny-marcela\/#primaryimage\",\"url\":\"https:\/\/talia-fashion.pl\/wp-content\/uploads\/2026\/03\/czekoladowy-trencz-damski-hydrofobowa-bawelna-plaszcz-wiosenny-scaled.jpg\",\"contentUrl\":\"https:\/\/talia-fashion.pl\/wp-content\/uploads\/2026\/03\/czekoladowy-trencz-damski-hydrofobowa-bawelna-plaszcz-wiosenny-scaled.jpg\",\"width\":2240,\"height\":3360,\"caption\":\"Czekoladowy trencz damski z hydrofobowej bawe\u0142ny w stylu oversize z peleryn\u0105 na tyle.\"},{\"@type\":\"BreadcrumbList\",\"@id\":\"https:\/\/talia-fashion.pl\/produkt\/czekoladowy-trencz-damski-z-hydrofobowej-bawelny-marcela\/#breadcrumb\",\"itemListElement\":[{\"@type\":\"ListItem\",\"position\":1,\"name\":\"Strona g\u0142\u00f3wna\",\"item\":\"https:\/\/talia-fashion.pl\/\"},{\"@type\":\"ListItem\",\"position\":2,\"name\":\"Sklep\",\"item\":\"https:\/\/talia-fashion.pl\/sklep\/\"},{\"@type\":\"ListItem\",\"position\":3,\"name\":\"Czekoladowy trencz damski z hydrofobowej bawe\u0142ny Marcela\"}]},{\"@type\":\"WebSite\",\"@id\":\"https:\/\/talia-fashion.pl\/#website\",\"url\":\"https:\/\/talia-fashion.pl\/\",\"name\":\"Talia Fashion\",\"description\":\"\",\"potentialAction\":[{\"@type\":\"SearchAction\",\"target\":{\"@type\":\"EntryPoint\",\"urlTemplate\":\"https:\/\/talia-fashion.pl\/?s={search_term_string}\"},\"query-input\":{\"@type\":\"PropertyValueSpecification\",\"valueRequired\":true,\"valueName\":\"search_term_string\"}}],\"inLanguage\":\"en-GB\"}]}<\/script>\n<!-- \/ Yoast SEO plugin. -->","yoast_head_json":{"title":"Czekoladowy trencz damski z hydrofobowej bawe\u0142ny Marcela - trencz damski","description":"Czekoladowy trencz damski z hydrofobowej bawe\u0142ny to obowi\u0105zkowa pozycja w szafie kapsu\u0142owej. Klasyka w nowoczesnym wydaniu. Produkt premium.","robots":{"index":"index","follow":"follow","max-snippet":"max-snippet:-1","max-image-preview":"max-image-preview:large","max-video-preview":"max-video-preview:-1"},"canonical":"https:\/\/talia-fashion.pl\/en\/product\/czekoladowy-trencz-damski-z-hydrofobowej-bawelny-marcela\/","og_locale":"en_GB","og_type":"article","og_title":"Czekoladowy trencz damski z hydrofobowej bawe\u0142ny Marcela - trencz damski","og_description":"Czekoladowy trencz damski z hydrofobowej bawe\u0142ny to obowi\u0105zkowa pozycja w szafie kapsu\u0142owej. Klasyka w nowoczesnym wydaniu. Produkt premium.","og_url":"https:\/\/talia-fashion.pl\/en\/product\/czekoladowy-trencz-damski-z-hydrofobowej-bawelny-marcela\/","og_site_name":"Talia Fashion","article_modified_time":"2026-04-29T11:20:30+00:00","og_image":[{"width":2240,"height":3360,"url":"https:\/\/talia-fashion.pl\/wp-content\/uploads\/2026\/03\/czekoladowy-trencz-damski-hydrofobowa-bawelna-plaszcz-wiosenny-scaled.jpg","type":"image\/jpeg"}],"twitter_card":"summary_large_image","twitter_misc":{"Estimated reading time":"4 minutes"},"schema":{"@context":"https:\/\/schema.org","@graph":[{"@type":"WebPage","@id":"https:\/\/talia-fashion.pl\/produkt\/czekoladowy-trencz-damski-z-hydrofobowej-bawelny-marcela\/","url":"https:\/\/talia-fashion.pl\/produkt\/czekoladowy-trencz-damski-z-hydrofobowej-bawelny-marcela\/","name":"Czekoladowy trencz damski z hydrofobowej bawe\u0142ny Marcela - trencz damski","isPartOf":{"@id":"https:\/\/talia-fashion.pl\/#website"},"primaryImageOfPage":{"@id":"https:\/\/talia-fashion.pl\/produkt\/czekoladowy-trencz-damski-z-hydrofobowej-bawelny-marcela\/#primaryimage"},"image":{"@id":"https:\/\/talia-fashion.pl\/produkt\/czekoladowy-trencz-damski-z-hydrofobowej-bawelny-marcela\/#primaryimage"},"thumbnailUrl":"https:\/\/talia-fashion.pl\/wp-content\/uploads\/2026\/03\/czekoladowy-trencz-damski-hydrofobowa-bawelna-plaszcz-wiosenny-scaled.jpg","datePublished":"2026-01-08T14:55:55+00:00","dateModified":"2026-04-29T11:20:30+00:00","description":"Czekoladowy trencz damski z hydrofobowej bawe\u0142ny to obowi\u0105zkowa pozycja w szafie kapsu\u0142owej. Klasyka w nowoczesnym wydaniu. Produkt premium.","breadcrumb":{"@id":"https:\/\/talia-fashion.pl\/produkt\/czekoladowy-trencz-damski-z-hydrofobowej-bawelny-marcela\/#breadcrumb"},"inLanguage":"en-GB","potentialAction":[{"@type":"ReadAction","target":["https:\/\/talia-fashion.pl\/produkt\/czekoladowy-trencz-damski-z-hydrofobowej-bawelny-marcela\/"]}]},{"@type":"ImageObject","inLanguage":"en-GB","@id":"https:\/\/talia-fashion.pl\/produkt\/czekoladowy-trencz-damski-z-hydrofobowej-bawelny-marcela\/#primaryimage","url":"https:\/\/talia-fashion.pl\/wp-content\/uploads\/2026\/03\/czekoladowy-trencz-damski-hydrofobowa-bawelna-plaszcz-wiosenny-scaled.jpg","contentUrl":"https:\/\/talia-fashion.pl\/wp-content\/uploads\/2026\/03\/czekoladowy-trencz-damski-hydrofobowa-bawelna-plaszcz-wiosenny-scaled.jpg","width":2240,"height":3360,"caption":"Czekoladowy trencz damski z hydrofobowej bawe\u0142ny w stylu oversize z peleryn\u0105 na tyle."},{"@type":"BreadcrumbList","@id":"https:\/\/talia-fashion.pl\/produkt\/czekoladowy-trencz-damski-z-hydrofobowej-bawelny-marcela\/#breadcrumb","itemListElement":[{"@type":"ListItem","position":1,"name":"Strona g\u0142\u00f3wna","item":"https:\/\/talia-fashion.pl\/"},{"@type":"ListItem","position":2,"name":"Sklep","item":"https:\/\/talia-fashion.pl\/sklep\/"},{"@type":"ListItem","position":3,"name":"Czekoladowy trencz damski z hydrofobowej bawe\u0142ny Marcela"}]},{"@type":"WebSite","@id":"https:\/\/talia-fashion.pl\/#website","url":"https:\/\/talia-fashion.pl\/","name":"Talia Fashion","description":"","potentialAction":[{"@type":"SearchAction","target":{"@type":"EntryPoint","urlTemplate":"https:\/\/talia-fashion.pl\/?s={search_term_string}"},"query-input":{"@type":"PropertyValueSpecification","valueRequired":true,"valueName":"search_term_string"}}],"inLanguage":"en-GB"}]}},"_links":{"self":[{"href":"https:\/\/talia-fashion.pl\/en\/wp-json\/wp\/v2\/product\/261589","targetHints":{"allow":["GET"]}}],"collection":[{"href":"https:\/\/talia-fashion.pl\/en\/wp-json\/wp\/v2\/product"}],"about":[{"href":"https:\/\/talia-fashion.pl\/en\/wp-json\/wp\/v2\/types\/product"}],"wp:featuredmedia":[{"embeddable":true,"href":"https:\/\/talia-fashion.pl\/en\/wp-json\/wp\/v2\/media\/262207"}],"wp:attachment":[{"href":"https:\/\/talia-fashion.pl\/en\/wp-json\/wp\/v2\/media?parent=261589"}],"wp:term":[{"taxonomy":"product_cat","embeddable":true,"href":"https:\/\/talia-fashion.pl\/en\/wp-json\/wp\/v2\/product_cat?post=261589"},{"taxonomy":"product_tag","embeddable":true,"href":"https:\/\/talia-fashion.pl\/en\/wp-json\/wp\/v2\/product_tag?post=261589"}],"curies":[{"name":"wp","href":"https:\/\/api.w.org\/{rel}","templated":true}]}}