{"id":261570,"date":"2026-01-07T14:55:09","date_gmt":"2026-01-07T13:55:09","guid":{"rendered":"https:\/\/talia-fashion.pl\/?post_type=product&#038;p=261570"},"modified":"2026-03-29T21:16:46","modified_gmt":"2026-03-29T19:16:46","slug":"czekoladowy-blezer-jednorzedowy-z-mieszanki-welny-oslo","status":"publish","type":"product","link":"https:\/\/talia-fashion.pl\/en\/product\/czekoladowy-blezer-jednorzedowy-z-mieszanki-welny-oslo\/","title":{"rendered":"Chocolate single-breasted blazer in Oslo wool blend"},"content":{"rendered":"<p><span lang=\"DE\"><strong>Czekoladowy blezer jednorz\u0119dowy<\/strong> z mieszanki we\u0142ny Oslo to nasza propozycja <strong>ponadczasowej marynarki damskiej<\/strong> o delikatnie wyd\u0142u\u017conej linii. Fason charakteryzuje si\u0119 <strong>nowoczesnym, prostym wygl\u0105dem<\/strong>, bez zb\u0119dnych ozd\u00f3b, dzi\u0119ki czemu pasuje zar\u00f3wno do formalnych, jak i casualowych stylizacji. Surowa elegancja pozostawiaj\u0105ca du\u017ce pole do popisu. <strong>Doskona\u0142a baza<\/strong> zar\u00f3wno dla mi\u0142o\u015bnik\u00f3w minimalizmu, jak i wielbicieli przepychu. I ten przepi\u0119kny czekoladowy kolor, kt\u00f3ry doda ka\u017cdej stylizacji wyrafinowania i g\u0142\u0119bi. Niezale\u017cnie czy po\u0142\u0105czysz go klasycznie z be\u017cem, kremem a mo\u017ce bardziej odwa\u017cniej z b\u0142ekitem, burgundem i z\u0142otem &#8211; za ka\u017cdym razem poczujesz si\u0119 wyj\u0105tkowo.\u00a0 \u00a0<\/span><\/p>\n<p><span lang=\"DE\">Chocolate single-breasted blazer in Oslo wool blend<\/span> ma <span lang=\"DE\">bardzo przemy\u015blany kr\u00f3j. <strong>Zaprojektowali\u015bmy go tak, by subtelnie podkre\u015bla\u0142 sylwetk\u0119<\/strong>, nie kr\u0119powa\u0142 ruch\u00f3w i by\u0142 wygodny do noszenia. Czekoladowa marynarka Oslo ma <strong>fitted back<\/strong>, <strong>darts on the front<\/strong> i wyd\u0142u\u017con\u0105, <strong>wysmuklaj\u0105c\u0105 lini\u0119<\/strong>. <strong>Wi\u0105zana finezyjnie z boku<\/strong>. Klasyczny, <strong>marynarkowy ko\u0142nierz<\/strong> modeluj\u0105cy dekolt w szpic. <strong>Two front pockets<\/strong> wyko\u0144czone patkami. Rozporek na tyle.\u00a0<\/span><\/p>\n<p><span lang=\"DE\">Czekoladowy blezer jednorz\u0119dowy Oslo zosta\u0142 uszyty z<strong> mi\u0119kkiej tkaniny z przewag\u0105 we\u0142ny<\/strong>. W <strong>ca\u0142o\u015bci na oddychaj\u0105cej podszewce<\/strong>. Dzi\u0119ki czemu z powodzeniem zast\u0105pi kurtk\u0119, katan\u0119 czy prochowiec. Zapewniaj\u0105c komfort termiczny w ch\u0142odniejsze dni. To model, kt\u00f3ry odnajdzie si\u0119 zar\u00f3wno w biurowej stylizacji z bia\u0142\u0105 koszul\u0105 i materia\u0142owymi spodniami, jaki i w codziennym zestawie z d\u017cinsami i sneakersami. Je\u015bli dodasz sukienk\u0119 boho, kowbojki i sk\u00f3rzan\u0105 torebk\u0119 &#8211; wyj\u015bciowa stylizacja gotowa. Wszystko zale\u017cy od Twoich preferencji.<\/span><\/p>\n<p><span lang=\"DE\">Zdj\u0119cie rzeczywiste &#8211; czekoladowy<\/span><br \/>\nDost\u0119pne kolory &#8211; czekoladowy<\/p>\n<p><span lang=\"DE\">Dost\u0119pne kolory prezentujemy w naszej <a href=\"https:\/\/talia-fashion.pl\/en\/paleta-kolorow\/\">Colour palette<\/a> a tak\u017ce w innych fasonach p\u0142aszczy, na pozosta\u0142ych aukcjach. W razie w\u0105tpliwo\u015bci odno\u015bnie koloru, prosimy o kontakt.<\/span><\/p>\n<p><span lang=\"DE\">Available sizes: XS, S, M, L<\/span><\/p>\n<p><span lang=\"DE\">Indicative dimensions:<\/span><br \/>\nXS \u2013 biust: 86-88 \/ biodra: 94-96 \/ d\u0142ugo\u015b\u0107: 71 \/ szeroko\u015b\u0107 ramion 34,5-35 \/ r\u0119kaw: 61<br \/>\nS \u2013 biust: 90-92 \/ biodra: 98-100 \/ d\u0142ugo\u015b\u0107: 71 \/ szeroko\u015b\u0107 ramion 35,5-36 \/ r\u0119kaw: 62<br \/>\nM \u2013 biust: 94-96 \/ biodra: 102-104 \/ d\u0142ugo\u015b\u0107: 71 \/ szeroko\u015b\u0107 ramion 37-37,5 \/ r\u0119kaw: 62<br \/>\nL \u2013 biust: 98-100 \/ biodra: 106-108 \/ d\u0142ugo\u015b\u0107:72 \/ szeroko\u015b\u0107 ramion 39,5-40 \/ r\u0119kaw: 63<\/p>\n<p><span lang=\"DE\">Jak interpretowa\u0107 powy\u017csz\u0105 tabel\u0119 przedstawiamy w naszej zak\u0142adce <a href=\"https:\/\/talia-fashion.pl\/en\/jak-dobrac-rozmiar\/\">How to choose a size?<\/a>, znajdziesz tam r\u00f3wnie\u017c wskaz\u00f3wki jak si\u0119 zmierzy\u0107.<\/span><\/p>\n<p><span lang=\"DE\">Material: 80% wool, 20% polyamide<\/span><br \/>\nLining: 50% acetate, 50% viscose<br \/>\nLike viscose, acetate is produced from cellulose. Acetate yarn can also be made from recycled cellulose such as paper. The acetate lining is excellent at absorbing moisture and allowing air to pass through, so it wears well. It is coated with an antistatic apprettee and is OEKOtex\u00ae Standard 100 certified.<\/p>\n<p>Marynark\u0119 Oslo nale\u017cy czy\u015bci\u0107 chemicznie. W naszej zak\u0142adce <a href=\"https:\/\/talia-fashion.pl\/en\/jak-pielegnowac-i-dbac-o-plaszcz\/\">How to nurture and care for the coat?<\/a> podpowiadamy jak w prosty spos\u00f3b przed\u0142u\u017cy\u0107 \u017cycie p\u0142aszcza, aby cieszy\u0107 si\u0119 nim latami. Odpowiednie wieszanie, wietrzenie i unikanie zahacze\u0144 sprawi, \u017ce Tw\u00f3j p\u0142aszczyk d\u0142ugo pozostanie pi\u0119kny. Przed\u0142u\u017caj\u0105c \u017cycie swojej garderoby pomagasz r\u00f3wnie\u017c chroni\u0107 \u015brodowisko.<\/p>\n<p><span lang=\"DE\">Czekoladowy blezer jednorz\u0119dowy z mieszanki we\u0142ny Oslo, tak jak pozosta\u0142e modele z naszej kolekcji, zosta\u0142 <strong>zaprojektowany i uszyty w naszej rodzinnej pracowni<\/strong> w Poznaniu. Od wielu lat zajmujemy si\u0119 projektowaniem oraz szyciem p\u0142aszczy i kurtek damskich. <strong>Uprawiamy tradycyjne krawiectwo<\/strong>, dlatego nie znajdziesz u nas ta\u015bmowej produkcji a ka\u017cdy nasz guzik jest przyszyty r\u0119cznie.\u00a0<\/span><\/p>\n<p><span lang=\"DE\">Istnieje mo\u017cliwo\u015b\u0107 <strong>Individual orders<\/strong>, czyli z drobnymi modyfikacjami na \u017cyczenie Klienta. W marynarce mo\u017cemy skr\u00f3ci\u0107, b\u0105d\u017a wyd\u0142u\u017cy\u0107 r\u0119kawy, skr\u00f3ci\u0107 lub wyd\u0142u\u017cy\u0107 jej d\u0142ugo\u015b\u0107. Koszt takiej us\u0142ugi ustalamy indywidualnie po uprzednim kontakcie i ocenie mo\u017cliwo\u015bci wprowadzenia oczekiwanych zmian.<\/span><\/p>\n<p><span lang=\"DE\">Czas realizacji uzale\u017cniamy od aktualnego stanu magazynowego w pracowni oraz dost\u0119pno\u015bci danego koloru materia\u0142u. Je\u015bli dany p\u0142aszcz jest uszyty, realizacja zam\u00f3wienia nast\u0105pi bardzo szybko 2-5 dni roboczych. Je\u015bli konieczne jest uszycie p\u0142aszcza lub personalizacja zam\u00f3wienia wed\u0142ug specyfikacji Klienta\u2013 czas realizacji zam\u00f3wienia mo\u017ce ulec wyd\u0142u\u017ceniu, maksymalnie do 2 tygodni.<\/span><\/p>\n<p>Prosimy o cierpliwo\u015b\u0107, musimy uszy\u0107 t\u0119 marynark\u0119 dla Ciebie.<\/p>\n<p>You are welcome, stay with us and watch us on\u00a0<a href=\"https:\/\/www.facebook.com\/talia.plaszcze\">Facebook<\/a>\u00a0and\u00a0<a href=\"https:\/\/www.instagram.com\/talia_plaszcze\/\">Instagram<\/a>.<\/p>","protected":false},"excerpt":{"rendered":"<p><strong>Czekoladowy blezer jednorz\u0119dowy z mieszanki we\u0142ny<\/strong> Oslo to fundament nowoczesnej garderoby, kt\u00f3ry daje nieograniczone mo\u017cliwo\u015bci stylizacyjne. <strong>Uniwersalny kolor, minimalistyczny styl i ponadczasowa elegancja.<\/strong><\/p>","protected":false},"featured_media":262531,"template":"","meta":{"_acf_changed":false},"product_cat":[28,31,55],"product_tag":[294,153,235,289,377,78,34,39,40,90,74,80,116,387,295,303,41,42,43,164,47,84,49,50,60,51,62,53,117,147],"class_list":{"0":"post-261570","1":"product","2":"type-product","3":"status-publish","4":"has-post-thumbnail","6":"product_cat-marynarki-damskie","7":"product_cat-nowosci","8":"product_cat-plaszcze-krotsze","9":"product_tag-acetatowa-podszewka","10":"product_tag-blazer","11":"product_tag-brustasza","12":"product_tag-czarny-trencz-damski","13":"product_tag-czekoladowa-kurtka","14":"product_tag-dla-roznych-sylwetek","15":"product_tag-handmade","16":"product_tag-klasyczny","17":"product_tag-kolnierz","18":"product_tag-krotki-plaszcz","19":"product_tag-kurtka-damska","20":"product_tag-luzny-kroj","21":"product_tag-marynarka","22":"product_tag-marynarka-damska","23":"product_tag-marynarka-jednorzedowa","24":"product_tag-marynarka-welniana","25":"product_tag-na-podszewce","26":"product_tag-nowosc","27":"product_tag-plaszcz-damski","28":"product_tag-plaszcz-jednorzedowy","29":"product_tag-plaszcz-na-guziki","30":"product_tag-plaszcz-oversizowy","31":"product_tag-plaszcz-wiosenny","32":"product_tag-plaszcz-z-rewersem","33":"product_tag-producent-plaszczy-damskich","34":"product_tag-prosty","35":"product_tag-uszyty-w-polsce","36":"product_tag-welna","37":"product_tag-zakiet","38":"product_tag-zrownowazona-produkcja","40":"first","41":"instock","42":"shipping-taxable","43":"purchasable","44":"product-type-variable","45":"has-default-attributes"},"acf":[],"yoast_head":"<!-- This site is optimized with the Yoast SEO plugin v25.7 - https:\/\/yoast.com\/wordpress\/plugins\/seo\/ -->\n<title>Czekoladowy blezer jednorz\u0119dowy z mieszanki we\u0142ny Oslo - Talia Fashion - kurtka<\/title>\n<meta name=\"description\" content=\"Czekoladowy blezer jednorz\u0119dowy z mieszanki we\u0142ny - minimalistyczny styl, nowoczesny kr\u00f3j i uniwersalny kolor. Marynarki szyjemy r\u0119cznie w naszej pracowni.\" \/>\n<meta name=\"robots\" content=\"index, follow, max-snippet:-1, max-image-preview:large, max-video-preview:-1\" \/>\n<link rel=\"canonical\" href=\"https:\/\/talia-fashion.pl\/en\/product\/czekoladowy-blezer-jednorzedowy-z-mieszanki-welny-oslo\/\" \/>\n<meta property=\"og:locale\" content=\"en_GB\" \/>\n<meta property=\"og:type\" content=\"article\" \/>\n<meta property=\"og:title\" content=\"Czekoladowy blezer jednorz\u0119dowy z mieszanki we\u0142ny Oslo - Talia Fashion - kurtka\" \/>\n<meta property=\"og:description\" content=\"Czekoladowy blezer jednorz\u0119dowy z mieszanki we\u0142ny - minimalistyczny styl, nowoczesny kr\u00f3j i uniwersalny kolor. Marynarki szyjemy r\u0119cznie w naszej pracowni.\" \/>\n<meta property=\"og:url\" content=\"https:\/\/talia-fashion.pl\/en\/product\/czekoladowy-blezer-jednorzedowy-z-mieszanki-welny-oslo\/\" \/>\n<meta property=\"og:site_name\" content=\"Talia Fashion\" \/>\n<meta property=\"article:modified_time\" content=\"2026-03-29T19:16:46+00:00\" \/>\n<meta property=\"og:image\" content=\"https:\/\/talia-fashion.pl\/wp-content\/uploads\/2026\/03\/marynarka-welniana-recznie-szyta-zrownowazona-moda.jpg\" \/>\n\t<meta property=\"og:image:width\" content=\"1200\" \/>\n\t<meta property=\"og:image:height\" content=\"1600\" \/>\n\t<meta property=\"og:image:type\" content=\"image\/jpeg\" \/>\n<meta name=\"twitter:card\" content=\"summary_large_image\" \/>\n<meta name=\"twitter:label1\" content=\"Estimated reading time\" \/>\n\t<meta name=\"twitter:data1\" content=\"3 minutes\" \/>\n<script type=\"application\/ld+json\" class=\"yoast-schema-graph\">{\"@context\":\"https:\/\/schema.org\",\"@graph\":[{\"@type\":\"WebPage\",\"@id\":\"https:\/\/talia-fashion.pl\/produkt\/czekoladowy-blezer-jednorzedowy-z-mieszanki-welny-oslo\/\",\"url\":\"https:\/\/talia-fashion.pl\/produkt\/czekoladowy-blezer-jednorzedowy-z-mieszanki-welny-oslo\/\",\"name\":\"Czekoladowy blezer jednorz\u0119dowy z mieszanki we\u0142ny Oslo - Talia Fashion - kurtka\",\"isPartOf\":{\"@id\":\"https:\/\/talia-fashion.pl\/#website\"},\"primaryImageOfPage\":{\"@id\":\"https:\/\/talia-fashion.pl\/produkt\/czekoladowy-blezer-jednorzedowy-z-mieszanki-welny-oslo\/#primaryimage\"},\"image\":{\"@id\":\"https:\/\/talia-fashion.pl\/produkt\/czekoladowy-blezer-jednorzedowy-z-mieszanki-welny-oslo\/#primaryimage\"},\"thumbnailUrl\":\"https:\/\/talia-fashion.pl\/wp-content\/uploads\/2026\/03\/marynarka-welniana-recznie-szyta-zrownowazona-moda.jpg\",\"datePublished\":\"2026-01-07T13:55:09+00:00\",\"dateModified\":\"2026-03-29T19:16:46+00:00\",\"description\":\"Czekoladowy blezer jednorz\u0119dowy z mieszanki we\u0142ny - minimalistyczny styl, nowoczesny kr\u00f3j i uniwersalny kolor. Marynarki szyjemy r\u0119cznie w naszej pracowni.\",\"breadcrumb\":{\"@id\":\"https:\/\/talia-fashion.pl\/produkt\/czekoladowy-blezer-jednorzedowy-z-mieszanki-welny-oslo\/#breadcrumb\"},\"inLanguage\":\"en-GB\",\"potentialAction\":[{\"@type\":\"ReadAction\",\"target\":[\"https:\/\/talia-fashion.pl\/produkt\/czekoladowy-blezer-jednorzedowy-z-mieszanki-welny-oslo\/\"]}]},{\"@type\":\"ImageObject\",\"inLanguage\":\"en-GB\",\"@id\":\"https:\/\/talia-fashion.pl\/produkt\/czekoladowy-blezer-jednorzedowy-z-mieszanki-welny-oslo\/#primaryimage\",\"url\":\"https:\/\/talia-fashion.pl\/wp-content\/uploads\/2026\/03\/marynarka-welniana-recznie-szyta-zrownowazona-moda.jpg\",\"contentUrl\":\"https:\/\/talia-fashion.pl\/wp-content\/uploads\/2026\/03\/marynarka-welniana-recznie-szyta-zrownowazona-moda.jpg\",\"width\":1200,\"height\":1600,\"caption\":\"Marynarka we\u0142niana r\u0119cznie szyta. Zr\u00f3wnowa\u017cona moda od 1988r.\"},{\"@type\":\"BreadcrumbList\",\"@id\":\"https:\/\/talia-fashion.pl\/produkt\/czekoladowy-blezer-jednorzedowy-z-mieszanki-welny-oslo\/#breadcrumb\",\"itemListElement\":[{\"@type\":\"ListItem\",\"position\":1,\"name\":\"Strona g\u0142\u00f3wna\",\"item\":\"https:\/\/talia-fashion.pl\/\"},{\"@type\":\"ListItem\",\"position\":2,\"name\":\"Sklep\",\"item\":\"https:\/\/talia-fashion.pl\/sklep\/\"},{\"@type\":\"ListItem\",\"position\":3,\"name\":\"Czekoladowy blezer jednorz\u0119dowy z mieszanki we\u0142ny Oslo\"}]},{\"@type\":\"WebSite\",\"@id\":\"https:\/\/talia-fashion.pl\/#website\",\"url\":\"https:\/\/talia-fashion.pl\/\",\"name\":\"Talia Fashion\",\"description\":\"\",\"potentialAction\":[{\"@type\":\"SearchAction\",\"target\":{\"@type\":\"EntryPoint\",\"urlTemplate\":\"https:\/\/talia-fashion.pl\/?s={search_term_string}\"},\"query-input\":{\"@type\":\"PropertyValueSpecification\",\"valueRequired\":true,\"valueName\":\"search_term_string\"}}],\"inLanguage\":\"en-GB\"}]}<\/script>\n<!-- \/ Yoast SEO plugin. -->","yoast_head_json":{"title":"Czekoladowy blezer jednorz\u0119dowy z mieszanki we\u0142ny Oslo - Talia Fashion - kurtka","description":"Czekoladowy blezer jednorz\u0119dowy z mieszanki we\u0142ny - minimalistyczny styl, nowoczesny kr\u00f3j i uniwersalny kolor. Marynarki szyjemy r\u0119cznie w naszej pracowni.","robots":{"index":"index","follow":"follow","max-snippet":"max-snippet:-1","max-image-preview":"max-image-preview:large","max-video-preview":"max-video-preview:-1"},"canonical":"https:\/\/talia-fashion.pl\/en\/product\/czekoladowy-blezer-jednorzedowy-z-mieszanki-welny-oslo\/","og_locale":"en_GB","og_type":"article","og_title":"Czekoladowy blezer jednorz\u0119dowy z mieszanki we\u0142ny Oslo - Talia Fashion - kurtka","og_description":"Czekoladowy blezer jednorz\u0119dowy z mieszanki we\u0142ny - minimalistyczny styl, nowoczesny kr\u00f3j i uniwersalny kolor. Marynarki szyjemy r\u0119cznie w naszej pracowni.","og_url":"https:\/\/talia-fashion.pl\/en\/product\/czekoladowy-blezer-jednorzedowy-z-mieszanki-welny-oslo\/","og_site_name":"Talia Fashion","article_modified_time":"2026-03-29T19:16:46+00:00","og_image":[{"width":1200,"height":1600,"url":"https:\/\/talia-fashion.pl\/wp-content\/uploads\/2026\/03\/marynarka-welniana-recznie-szyta-zrownowazona-moda.jpg","type":"image\/jpeg"}],"twitter_card":"summary_large_image","twitter_misc":{"Estimated reading time":"3 minutes"},"schema":{"@context":"https:\/\/schema.org","@graph":[{"@type":"WebPage","@id":"https:\/\/talia-fashion.pl\/produkt\/czekoladowy-blezer-jednorzedowy-z-mieszanki-welny-oslo\/","url":"https:\/\/talia-fashion.pl\/produkt\/czekoladowy-blezer-jednorzedowy-z-mieszanki-welny-oslo\/","name":"Czekoladowy blezer jednorz\u0119dowy z mieszanki we\u0142ny Oslo - Talia Fashion - kurtka","isPartOf":{"@id":"https:\/\/talia-fashion.pl\/#website"},"primaryImageOfPage":{"@id":"https:\/\/talia-fashion.pl\/produkt\/czekoladowy-blezer-jednorzedowy-z-mieszanki-welny-oslo\/#primaryimage"},"image":{"@id":"https:\/\/talia-fashion.pl\/produkt\/czekoladowy-blezer-jednorzedowy-z-mieszanki-welny-oslo\/#primaryimage"},"thumbnailUrl":"https:\/\/talia-fashion.pl\/wp-content\/uploads\/2026\/03\/marynarka-welniana-recznie-szyta-zrownowazona-moda.jpg","datePublished":"2026-01-07T13:55:09+00:00","dateModified":"2026-03-29T19:16:46+00:00","description":"Czekoladowy blezer jednorz\u0119dowy z mieszanki we\u0142ny - minimalistyczny styl, nowoczesny kr\u00f3j i uniwersalny kolor. Marynarki szyjemy r\u0119cznie w naszej pracowni.","breadcrumb":{"@id":"https:\/\/talia-fashion.pl\/produkt\/czekoladowy-blezer-jednorzedowy-z-mieszanki-welny-oslo\/#breadcrumb"},"inLanguage":"en-GB","potentialAction":[{"@type":"ReadAction","target":["https:\/\/talia-fashion.pl\/produkt\/czekoladowy-blezer-jednorzedowy-z-mieszanki-welny-oslo\/"]}]},{"@type":"ImageObject","inLanguage":"en-GB","@id":"https:\/\/talia-fashion.pl\/produkt\/czekoladowy-blezer-jednorzedowy-z-mieszanki-welny-oslo\/#primaryimage","url":"https:\/\/talia-fashion.pl\/wp-content\/uploads\/2026\/03\/marynarka-welniana-recznie-szyta-zrownowazona-moda.jpg","contentUrl":"https:\/\/talia-fashion.pl\/wp-content\/uploads\/2026\/03\/marynarka-welniana-recznie-szyta-zrownowazona-moda.jpg","width":1200,"height":1600,"caption":"Marynarka we\u0142niana r\u0119cznie szyta. Zr\u00f3wnowa\u017cona moda od 1988r."},{"@type":"BreadcrumbList","@id":"https:\/\/talia-fashion.pl\/produkt\/czekoladowy-blezer-jednorzedowy-z-mieszanki-welny-oslo\/#breadcrumb","itemListElement":[{"@type":"ListItem","position":1,"name":"Strona g\u0142\u00f3wna","item":"https:\/\/talia-fashion.pl\/"},{"@type":"ListItem","position":2,"name":"Sklep","item":"https:\/\/talia-fashion.pl\/sklep\/"},{"@type":"ListItem","position":3,"name":"Czekoladowy blezer jednorz\u0119dowy z mieszanki we\u0142ny Oslo"}]},{"@type":"WebSite","@id":"https:\/\/talia-fashion.pl\/#website","url":"https:\/\/talia-fashion.pl\/","name":"Talia Fashion","description":"","potentialAction":[{"@type":"SearchAction","target":{"@type":"EntryPoint","urlTemplate":"https:\/\/talia-fashion.pl\/?s={search_term_string}"},"query-input":{"@type":"PropertyValueSpecification","valueRequired":true,"valueName":"search_term_string"}}],"inLanguage":"en-GB"}]}},"_links":{"self":[{"href":"https:\/\/talia-fashion.pl\/en\/wp-json\/wp\/v2\/product\/261570","targetHints":{"allow":["GET"]}}],"collection":[{"href":"https:\/\/talia-fashion.pl\/en\/wp-json\/wp\/v2\/product"}],"about":[{"href":"https:\/\/talia-fashion.pl\/en\/wp-json\/wp\/v2\/types\/product"}],"wp:featuredmedia":[{"embeddable":true,"href":"https:\/\/talia-fashion.pl\/en\/wp-json\/wp\/v2\/media\/262531"}],"wp:attachment":[{"href":"https:\/\/talia-fashion.pl\/en\/wp-json\/wp\/v2\/media?parent=261570"}],"wp:term":[{"taxonomy":"product_cat","embeddable":true,"href":"https:\/\/talia-fashion.pl\/en\/wp-json\/wp\/v2\/product_cat?post=261570"},{"taxonomy":"product_tag","embeddable":true,"href":"https:\/\/talia-fashion.pl\/en\/wp-json\/wp\/v2\/product_tag?post=261570"}],"curies":[{"name":"wp","href":"https:\/\/api.w.org\/{rel}","templated":true}]}}