{"id":261557,"date":"2026-01-06T07:13:14","date_gmt":"2026-01-06T06:13:14","guid":{"rendered":"https:\/\/talia-fashion.pl\/?post_type=product&#038;p=261557"},"modified":"2026-03-31T13:38:48","modified_gmt":"2026-03-31T11:38:48","slug":"jednorzedowa-marynarka-premium-z-welny-szetlandzkiej-oslo","status":"publish","type":"product","link":"https:\/\/talia-fashion.pl\/en\/product\/jednorzedowa-marynarka-premium-z-welny-szetlandzkiej-oslo\/","title":{"rendered":"Oslo premium single-breasted Shetland wool blazer"},"content":{"rendered":"<p><strong>Single-breasted premium jacket<\/strong> z <strong>shetland wool<\/strong> Oslo is <strong>classic, tailored jacket<\/strong> o gently <strong>extended line<\/strong>It has been designed to be comfortable to wear and to emphasise your figure. It has been designed to be comfortable to wear and to bring out the assets of the figure at the same time. Hence <strong>modern, minimalist form<\/strong>a, without unnecessary adornment. <strong>Wrap-around back<\/strong> with an opening, modelling darts at the front and a subtle elongation. <span lang=\"DE\"><strong>Navy collar<\/strong> giving a slender, elongating neckline. <strong>Two front pockets<\/strong> Finished with patches. Long sleeves. And a fine fastening - <strong>Tying on the side<\/strong>. In keeping with the latest trends, where <strong>stripes and bows are a key accent<\/strong>. This type of binding allows for a better fit and emphasises the waist. The jacket has been tailored in a soft fabric with a predominance of wool. Fully lined with a breathable lining. <\/span><\/p>\n<div class=\"mb-2 flex gap-3 empty:hidden -ml-2\">\n<div class=\"items-center justify-start rounded-xl p-1 flex\">\n<div class=\"flex items-center\">The entire cut of the premium single-breasted jacket in Oslo Shetland wool is kept elegantly simple. In the foreground is the <strong>noble material with a beautiful colour<\/strong> - blue grey. Shetland wool <span class=\"ILfuVd\" lang=\"pl\"><span class=\"hgKElc\">is sourced from sheep living on the Shetland Islands. <\/span><\/span>Its interesting feature is the wide range of colours available - and without colouring. <span class=\"T286Pc\" data-sfc-cp=\"\" data-processed=\"true\">Shetland sheep have naturally bicoloured hair, which creates a distinctive melange texture when spun.<\/span> The Oslo jacket is made from a blue-grey fabric (a blue colour interspersed with beige and grey - reminiscent of denim). <span class=\"ILfuVd\" lang=\"pl\"><span class=\"hgKElc\">It is <\/span><\/span><strong>soft yet robust<\/strong>. Slightly tweedy. Subtly raw. Provides warmth and comfort. So it will also work well as an outer garment on colder days.<\/div>\n<\/div>\n<\/div>\n<p data-start=\"55\" data-end=\"691\">All this makes the premium Oslo single-breasted jacket in Shetland wool an extremely <strong>versatile wardrobe item<\/strong>A piece that can be easily matched to any outfit in any season, changing its character with accessories. It can be used as a lightweight <strong>outer garments<\/strong>It replaces the classic trench coat or catana. Paired with a turtleneck and wide-leg trousers or a shirt and tailored trousers, it takes on an elegant, navy feel, subtly elevating the entire look. Perfectly <strong>also finds its way into layered combinations<\/strong> - worn under a coat or trench coat (recommended with <a href=\"https:\/\/talia-fashion.pl\/en\/product\/trencz-damski-bawelniany-midi-w-chlodnym-bezu-marcela\/\">Marcel's trench<\/a>). Paired with jeans and sneakers, it gets a casual, everyday feel while maintaining a sophisticated style.<\/p>\n<p>Actual photo - denim blue<\/p>\n<p>Available colours: denim blue, beige grey<\/p>\n<p>The model is 172cm and a size S.<\/p>\n<p>Available sizes: XS, S, M, L<\/p>\n<p>Indicative dimensions:<\/p>\n<p>XS - bust: 86-88 \/ hips: 94-96 \/ length: 71 \/ shoulder width 34.5-35 \/ sleeve: 61<br \/>\nS - bust: 90-92 \/ hips: 98-100 \/ length: 71 \/ shoulder width 35.5-36 \/ sleeve: 62<br \/>\nM - bust: 94-96 \/ hips: 102-104 \/ length: 71 \/ shoulder width 37-37.5 \/ sleeve: 62<br \/>\nL - bust: 98-100 \/ hips: 106-108 \/ length:72 \/ shoulder width 39.5-40 \/ sleeve: 63<\/p>\n<p>We will tell you how to measure your silhouette correctly in the tab\u00a0<a href=\"https:\/\/talia-fashion.pl\/en\/jak-dobrac-rozmiar\/\">How do you choose the right size?<\/a>\u00a0Current trends give us a lot of freedom, and the bigger the jacket the better. If in doubt about your size, please contact us.<\/p>\n<p>Tweed material: 80% Shetland wool, 20% polyamide<\/p>\n<p>Lining: 100% acetate<\/p>\n<p>Colour beige grey: Lining: 50% acetate, 50% viscose<\/p>\n<p>Like viscose, acetate is produced from cellulose. Acetate yarn can also be made from recycled cellulose such as paper. The acetate lining is excellent at absorbing moisture and allowing air to pass through, so it wears well. It is coated with an antistatic apprettee and is OEKOtex\u00ae Standard 100 certified.<\/p>\n<p>Oslo premium single-breasted shetland wool blazer we designed and sewed <strong>in our family workshop<\/strong> in Pozna\u0144. It is here that our designs, blanks, trial coats and those that finally reach you are created. The coats in our atelier are sewn by hand from selected materials. Often culled from deadstock to reduce overproduction and its negative impact on the environment. The process of making a coat begins with hand layering the fabric so that each piece of the coat fits together both structurally and in terms of pattern. Then the coat is sewn and the buttons are sewn on by hand. The whole process is labour-intensive. However, we are confident that we are delivering garments made with attention to the smallest detail.<\/p>\n<p>As we sew all the products ourselves, we offer the possibility of\u00a0 <strong>Individual Order<\/strong> with minor modifications, such as shortening or lengthening the sleeves, shortening or lengthening the jacket. The cost of modifications is determined individually after prior contact. <strong>An individual order is not subject to refund or exchange.\u00a0<\/strong><\/p>\n<p><span style=\"font-family: 'Helvetica','sans-serif'; color: #858585; background: white;\">The jacket should be dry-cleaned. However, you can take care of it on a day-to-day basis by using the <a href=\"https:\/\/talia-fashion.pl\/en\/product\/szczotka-do-czyszczenia-i-pielegnacji-plaszcza\/\">Brushes for cleaning and care of the coat<\/a>. It is also advisable to air the jacket regularly, hang it on a shaped hanger (included in the purchase), unbutton it while driving and watch out for snags, and it will last for years. For more information on how to take care of coats, please see our short guide at the following link <a href=\"https:\/\/talia-fashion.pl\/en\/jak-pielegnowac-i-dbac-o-plaszcz\/\">How to care for and maintain coats?<\/a><\/span><\/p>\n<p>The lead time depends on the current stock in the atelier and the availability of the fabric colour. If a particular jacket is available in the studio, the order will be processed very quickly, within 2-5 working days. If it is necessary to sew the jacket or customise the order - making alterations or sewing a new jacket according to the customer's specifications - the lead time can be extended, up to a maximum of 2 weeks.<\/p>\n<p>We encourage you to like our profile on <a href=\"https:\/\/www.instagram.com\/talia_plaszcze\/\">Instagram<\/a> and <a href=\"https:\/\/www.facebook.com\/talia.plaszcze\">Facebook<\/a>.<\/p>\n<p>Thank you for being with us for so many years and supporting native, local crafts.<\/p>","protected":false},"excerpt":{"rendered":"<p><strong>Single-breasted premium jacket in Shetland wool<\/strong> Oslo is <strong>classic, tailored jacket<\/strong> o gently <strong>extended line<\/strong>which harmoniously shapes the silhouette. The sateen fabric is beautifully coloured.<\/p>","protected":false},"featured_media":262173,"template":"","meta":{"_acf_changed":false},"product_cat":[28,31,55],"product_tag":[153,411,405,389,78,37,58,34,90,74,80,116,406,303,41,42,43,47,181,49,50,125,69,60,51,61,97,258,310,311,117,147],"class_list":{"0":"post-261557","1":"product","2":"type-product","3":"status-publish","4":"has-post-thumbnail","6":"product_cat-marynarki-damskie","7":"product_cat-nowosci","8":"product_cat-plaszcze-krotsze","9":"product_tag-blazer","10":"product_tag-blezer","11":"product_tag-blezer-tweedowy","12":"product_tag-capri-blue","13":"product_tag-dla-roznych-sylwetek","14":"product_tag-dyplomatka","15":"product_tag-dyplomatka-dwurzedowa","16":"product_tag-handmade","17":"product_tag-krotki-plaszcz","18":"product_tag-kurtka-damska","19":"product_tag-luzny-kroj","20":"product_tag-marynarka","21":"product_tag-marynarka-tweedowa","22":"product_tag-marynarka-welniana","23":"product_tag-na-podszewce","24":"product_tag-nowosc","25":"product_tag-plaszcz-damski","26":"product_tag-plaszcz-na-guziki","27":"product_tag-plaszcz-w-jodelke","28":"product_tag-plaszcz-wiosenny","29":"product_tag-plaszcz-z-rewersem","30":"product_tag-polskie-rzemioslo","31":"product_tag-prochowiec","32":"product_tag-producent-plaszczy-damskich","33":"product_tag-prosty","34":"product_tag-recznie-szyty","35":"product_tag-trencz","36":"product_tag-trencz-damski","37":"product_tag-tweed","38":"product_tag-welna-szetlandzka","39":"product_tag-zakiet","40":"product_tag-zrownowazona-produkcja","42":"first","43":"instock","44":"shipping-taxable","45":"purchasable","46":"product-type-variable","47":"has-default-attributes"},"acf":[],"yoast_head":"<!-- This site is optimized with the Yoast SEO plugin v25.7 - https:\/\/yoast.com\/wordpress\/plugins\/seo\/ -->\n<title>Jednorz\u0119dowa marynarka premium z we\u0142ny szetlandzkiej Oslo - marynarka damska<\/title>\n<meta name=\"description\" content=\"Jednorz\u0119dowa marynarka premium z we\u0142ny szetlandzkiej to nasza najnowsza propozycja na wiosn\u0119. Perfekcyjny kr\u00f3j, szlachetny materia\u0142 i elegancka prostota.\" \/>\n<meta name=\"robots\" content=\"index, follow, max-snippet:-1, max-image-preview:large, max-video-preview:-1\" \/>\n<link rel=\"canonical\" href=\"https:\/\/talia-fashion.pl\/en\/product\/jednorzedowa-marynarka-premium-z-welny-szetlandzkiej-oslo\/\" \/>\n<meta property=\"og:locale\" content=\"en_GB\" \/>\n<meta property=\"og:type\" content=\"article\" \/>\n<meta property=\"og:title\" content=\"Jednorz\u0119dowa marynarka premium z we\u0142ny szetlandzkiej Oslo - marynarka damska\" \/>\n<meta property=\"og:description\" content=\"Jednorz\u0119dowa marynarka premium z we\u0142ny szetlandzkiej to nasza najnowsza propozycja na wiosn\u0119. Perfekcyjny kr\u00f3j, szlachetny materia\u0142 i elegancka prostota.\" \/>\n<meta property=\"og:url\" content=\"https:\/\/talia-fashion.pl\/en\/product\/jednorzedowa-marynarka-premium-z-welny-szetlandzkiej-oslo\/\" \/>\n<meta property=\"og:site_name\" content=\"Talia Fashion\" \/>\n<meta property=\"article:modified_time\" content=\"2026-03-31T11:38:48+00:00\" \/>\n<meta property=\"og:image\" content=\"https:\/\/talia-fashion.pl\/wp-content\/uploads\/2026\/01\/jednorzedowa-marynarka-premium-welna-szetlandzka.jpg\" \/>\n\t<meta property=\"og:image:width\" content=\"1067\" \/>\n\t<meta property=\"og:image:height\" content=\"1600\" \/>\n\t<meta property=\"og:image:type\" content=\"image\/jpeg\" \/>\n<meta name=\"twitter:card\" content=\"summary_large_image\" \/>\n<meta name=\"twitter:label1\" content=\"Estimated reading time\" \/>\n\t<meta name=\"twitter:data1\" content=\"4 minutes\" \/>\n<script type=\"application\/ld+json\" class=\"yoast-schema-graph\">{\"@context\":\"https:\/\/schema.org\",\"@graph\":[{\"@type\":\"WebPage\",\"@id\":\"https:\/\/talia-fashion.pl\/produkt\/jednorzedowa-marynarka-premium-z-welny-szetlandzkiej-oslo\/\",\"url\":\"https:\/\/talia-fashion.pl\/produkt\/jednorzedowa-marynarka-premium-z-welny-szetlandzkiej-oslo\/\",\"name\":\"Jednorz\u0119dowa marynarka premium z we\u0142ny szetlandzkiej Oslo - marynarka damska\",\"isPartOf\":{\"@id\":\"https:\/\/talia-fashion.pl\/#website\"},\"primaryImageOfPage\":{\"@id\":\"https:\/\/talia-fashion.pl\/produkt\/jednorzedowa-marynarka-premium-z-welny-szetlandzkiej-oslo\/#primaryimage\"},\"image\":{\"@id\":\"https:\/\/talia-fashion.pl\/produkt\/jednorzedowa-marynarka-premium-z-welny-szetlandzkiej-oslo\/#primaryimage\"},\"thumbnailUrl\":\"https:\/\/talia-fashion.pl\/wp-content\/uploads\/2026\/01\/jednorzedowa-marynarka-premium-welna-szetlandzka.jpg\",\"datePublished\":\"2026-01-06T06:13:14+00:00\",\"dateModified\":\"2026-03-31T11:38:48+00:00\",\"description\":\"Jednorz\u0119dowa marynarka premium z we\u0142ny szetlandzkiej to nasza najnowsza propozycja na wiosn\u0119. Perfekcyjny kr\u00f3j, szlachetny materia\u0142 i elegancka prostota.\",\"breadcrumb\":{\"@id\":\"https:\/\/talia-fashion.pl\/produkt\/jednorzedowa-marynarka-premium-z-welny-szetlandzkiej-oslo\/#breadcrumb\"},\"inLanguage\":\"en-GB\",\"potentialAction\":[{\"@type\":\"ReadAction\",\"target\":[\"https:\/\/talia-fashion.pl\/produkt\/jednorzedowa-marynarka-premium-z-welny-szetlandzkiej-oslo\/\"]}]},{\"@type\":\"ImageObject\",\"inLanguage\":\"en-GB\",\"@id\":\"https:\/\/talia-fashion.pl\/produkt\/jednorzedowa-marynarka-premium-z-welny-szetlandzkiej-oslo\/#primaryimage\",\"url\":\"https:\/\/talia-fashion.pl\/wp-content\/uploads\/2026\/01\/jednorzedowa-marynarka-premium-welna-szetlandzka.jpg\",\"contentUrl\":\"https:\/\/talia-fashion.pl\/wp-content\/uploads\/2026\/01\/jednorzedowa-marynarka-premium-welna-szetlandzka.jpg\",\"width\":1067,\"height\":1600,\"caption\":\"Jednorz\u0119dowa marynarka premium z wysokiej jako\u015bci we\u0142ny szetlandzkiej.\"},{\"@type\":\"BreadcrumbList\",\"@id\":\"https:\/\/talia-fashion.pl\/produkt\/jednorzedowa-marynarka-premium-z-welny-szetlandzkiej-oslo\/#breadcrumb\",\"itemListElement\":[{\"@type\":\"ListItem\",\"position\":1,\"name\":\"Strona g\u0142\u00f3wna\",\"item\":\"https:\/\/talia-fashion.pl\/\"},{\"@type\":\"ListItem\",\"position\":2,\"name\":\"Sklep\",\"item\":\"https:\/\/talia-fashion.pl\/sklep\/\"},{\"@type\":\"ListItem\",\"position\":3,\"name\":\"Jednorz\u0119dowa marynarka premium z we\u0142ny szetlandzkiej Oslo\"}]},{\"@type\":\"WebSite\",\"@id\":\"https:\/\/talia-fashion.pl\/#website\",\"url\":\"https:\/\/talia-fashion.pl\/\",\"name\":\"Talia Fashion\",\"description\":\"\",\"potentialAction\":[{\"@type\":\"SearchAction\",\"target\":{\"@type\":\"EntryPoint\",\"urlTemplate\":\"https:\/\/talia-fashion.pl\/?s={search_term_string}\"},\"query-input\":{\"@type\":\"PropertyValueSpecification\",\"valueRequired\":true,\"valueName\":\"search_term_string\"}}],\"inLanguage\":\"en-GB\"}]}<\/script>\n<!-- \/ Yoast SEO plugin. -->","yoast_head_json":{"title":"Jednorz\u0119dowa marynarka premium z we\u0142ny szetlandzkiej Oslo - marynarka damska","description":"Jednorz\u0119dowa marynarka premium z we\u0142ny szetlandzkiej to nasza najnowsza propozycja na wiosn\u0119. Perfekcyjny kr\u00f3j, szlachetny materia\u0142 i elegancka prostota.","robots":{"index":"index","follow":"follow","max-snippet":"max-snippet:-1","max-image-preview":"max-image-preview:large","max-video-preview":"max-video-preview:-1"},"canonical":"https:\/\/talia-fashion.pl\/en\/product\/jednorzedowa-marynarka-premium-z-welny-szetlandzkiej-oslo\/","og_locale":"en_GB","og_type":"article","og_title":"Jednorz\u0119dowa marynarka premium z we\u0142ny szetlandzkiej Oslo - marynarka damska","og_description":"Jednorz\u0119dowa marynarka premium z we\u0142ny szetlandzkiej to nasza najnowsza propozycja na wiosn\u0119. Perfekcyjny kr\u00f3j, szlachetny materia\u0142 i elegancka prostota.","og_url":"https:\/\/talia-fashion.pl\/en\/product\/jednorzedowa-marynarka-premium-z-welny-szetlandzkiej-oslo\/","og_site_name":"Talia Fashion","article_modified_time":"2026-03-31T11:38:48+00:00","og_image":[{"width":1067,"height":1600,"url":"https:\/\/talia-fashion.pl\/wp-content\/uploads\/2026\/01\/jednorzedowa-marynarka-premium-welna-szetlandzka.jpg","type":"image\/jpeg"}],"twitter_card":"summary_large_image","twitter_misc":{"Estimated reading time":"4 minutes"},"schema":{"@context":"https:\/\/schema.org","@graph":[{"@type":"WebPage","@id":"https:\/\/talia-fashion.pl\/produkt\/jednorzedowa-marynarka-premium-z-welny-szetlandzkiej-oslo\/","url":"https:\/\/talia-fashion.pl\/produkt\/jednorzedowa-marynarka-premium-z-welny-szetlandzkiej-oslo\/","name":"Jednorz\u0119dowa marynarka premium z we\u0142ny szetlandzkiej Oslo - marynarka damska","isPartOf":{"@id":"https:\/\/talia-fashion.pl\/#website"},"primaryImageOfPage":{"@id":"https:\/\/talia-fashion.pl\/produkt\/jednorzedowa-marynarka-premium-z-welny-szetlandzkiej-oslo\/#primaryimage"},"image":{"@id":"https:\/\/talia-fashion.pl\/produkt\/jednorzedowa-marynarka-premium-z-welny-szetlandzkiej-oslo\/#primaryimage"},"thumbnailUrl":"https:\/\/talia-fashion.pl\/wp-content\/uploads\/2026\/01\/jednorzedowa-marynarka-premium-welna-szetlandzka.jpg","datePublished":"2026-01-06T06:13:14+00:00","dateModified":"2026-03-31T11:38:48+00:00","description":"Jednorz\u0119dowa marynarka premium z we\u0142ny szetlandzkiej to nasza najnowsza propozycja na wiosn\u0119. Perfekcyjny kr\u00f3j, szlachetny materia\u0142 i elegancka prostota.","breadcrumb":{"@id":"https:\/\/talia-fashion.pl\/produkt\/jednorzedowa-marynarka-premium-z-welny-szetlandzkiej-oslo\/#breadcrumb"},"inLanguage":"en-GB","potentialAction":[{"@type":"ReadAction","target":["https:\/\/talia-fashion.pl\/produkt\/jednorzedowa-marynarka-premium-z-welny-szetlandzkiej-oslo\/"]}]},{"@type":"ImageObject","inLanguage":"en-GB","@id":"https:\/\/talia-fashion.pl\/produkt\/jednorzedowa-marynarka-premium-z-welny-szetlandzkiej-oslo\/#primaryimage","url":"https:\/\/talia-fashion.pl\/wp-content\/uploads\/2026\/01\/jednorzedowa-marynarka-premium-welna-szetlandzka.jpg","contentUrl":"https:\/\/talia-fashion.pl\/wp-content\/uploads\/2026\/01\/jednorzedowa-marynarka-premium-welna-szetlandzka.jpg","width":1067,"height":1600,"caption":"Jednorz\u0119dowa marynarka premium z wysokiej jako\u015bci we\u0142ny szetlandzkiej."},{"@type":"BreadcrumbList","@id":"https:\/\/talia-fashion.pl\/produkt\/jednorzedowa-marynarka-premium-z-welny-szetlandzkiej-oslo\/#breadcrumb","itemListElement":[{"@type":"ListItem","position":1,"name":"Strona g\u0142\u00f3wna","item":"https:\/\/talia-fashion.pl\/"},{"@type":"ListItem","position":2,"name":"Sklep","item":"https:\/\/talia-fashion.pl\/sklep\/"},{"@type":"ListItem","position":3,"name":"Jednorz\u0119dowa marynarka premium z we\u0142ny szetlandzkiej Oslo"}]},{"@type":"WebSite","@id":"https:\/\/talia-fashion.pl\/#website","url":"https:\/\/talia-fashion.pl\/","name":"Talia Fashion","description":"","potentialAction":[{"@type":"SearchAction","target":{"@type":"EntryPoint","urlTemplate":"https:\/\/talia-fashion.pl\/?s={search_term_string}"},"query-input":{"@type":"PropertyValueSpecification","valueRequired":true,"valueName":"search_term_string"}}],"inLanguage":"en-GB"}]}},"_links":{"self":[{"href":"https:\/\/talia-fashion.pl\/en\/wp-json\/wp\/v2\/product\/261557","targetHints":{"allow":["GET"]}}],"collection":[{"href":"https:\/\/talia-fashion.pl\/en\/wp-json\/wp\/v2\/product"}],"about":[{"href":"https:\/\/talia-fashion.pl\/en\/wp-json\/wp\/v2\/types\/product"}],"wp:featuredmedia":[{"embeddable":true,"href":"https:\/\/talia-fashion.pl\/en\/wp-json\/wp\/v2\/media\/262173"}],"wp:attachment":[{"href":"https:\/\/talia-fashion.pl\/en\/wp-json\/wp\/v2\/media?parent=261557"}],"wp:term":[{"taxonomy":"product_cat","embeddable":true,"href":"https:\/\/talia-fashion.pl\/en\/wp-json\/wp\/v2\/product_cat?post=261557"},{"taxonomy":"product_tag","embeddable":true,"href":"https:\/\/talia-fashion.pl\/en\/wp-json\/wp\/v2\/product_tag?post=261557"}],"curies":[{"name":"wp","href":"https:\/\/api.w.org\/{rel}","templated":true}]}}