{"id":261512,"date":"2026-01-04T11:44:28","date_gmt":"2026-01-04T10:44:28","guid":{"rendered":"https:\/\/talia-fashion.pl\/?post_type=product&#038;p=261512"},"modified":"2026-05-04T17:57:18","modified_gmt":"2026-05-04T15:57:18","slug":"dlugi-szlafrokowy-trencz-damski-zlamana-biel-nela","status":"publish","type":"product","link":"https:\/\/talia-fashion.pl\/en\/product\/dlugi-szlafrokowy-trencz-damski-zlamana-biel-nela\/","title":{"rendered":"Women's long dressing gown trench broken white Nela"},"content":{"rendered":"<p>D\u0142ugi szlafrokowy trencz damski <strong>z\u0142amana bie<\/strong>l Nela to nasza propozycja <strong>wiosennego trencza o nowoczesnym kroju<\/strong> w najmodniejszym odcieniu Cloud Dancer. Tego wygodnego w kroju i ponadczasowego fasonu nie mog\u0142o zabrakn\u0105\u0107 po\u015br\u00f3d okry\u0107 wierzchnich na przej\u015bciowe pory roku. Uszyli\u015bmy go z <strong>mieszanki bawe\u0142ny wyko\u0144czonej pow\u0142ok\u0105 hydrofobow\u0105<\/strong> i <strong>oddychaj\u0105cej podszewki<\/strong>. Dodatkowo, by nada\u0107 mu luksusowego wygl\u0105du, przody okleili\u015bmy <span lang=\"DE\">bardzo delikatn\u0105 stabilizuj\u0105c\u0105 klejonk\u0105.<\/span><\/p>\n<p><span lang=\"DE\">The coat has <strong>classic sewn-in sleeves<\/strong> and wide, lined, pointed lapels. <strong>Wyk\u0142adany ko\u0142nierz<\/strong> mo\u017cna postawi\u0107 na sztorc w ch\u0142odniejsze, wietrzne dni. <strong>Waisted back with two slits<\/strong>adding lightness and style. <strong>Profiled front<\/strong>, <strong>double-breasted buttoned closure<\/strong>. <strong>Two practical pockets<\/strong>. Ca\u0142o\u015b\u0107 wi\u0105zana <strong>belt<\/strong>, uszytym z tego samego materia\u0142u. <\/span><span lang=\"DE\"><strong>D\u0142ugo\u015b\u0107 maxi<\/strong> nadaje mu wyrafinowanego charakteru, a dopasowany kr\u00f3j wysmukla sylwetk\u0119. <\/span><\/p>\n<p>Ten d\u0142ugi trencz o klasycznej linii <strong>pi\u0119knie modeluje sylwetk\u0119<\/strong>, a pasek w talii pozwala dopasowa\u0107 go do w\u0142asnych potrzeb. Mo\u017cesz nosi\u0107 go na wiele sposob\u00f3w \u2013 zapi\u0119ty dla eleganckiego efektu lub rozpi\u0119ty w bardziej swobodnej wersji. To <strong>wszechstronny model<\/strong>, kt\u00f3ry sprawdzi si\u0119 w ka\u017cdej stylizacji: od sukienki i szpilek, przez garnitur z loafersami, po jeansy i trampki.<\/p>\n<p>Ka\u017cdy detal tego d\u0142ugiego szlafrokowego trencza damskiego zosta\u0142 przez nas <strong>starannie dopracowny<\/strong>, by przykuwa\u0107 uwag\u0119 i by podkre\u015bli\u0107 Tw\u00f3j wyj\u0105tkowy styl. T<span lang=\"DE\">rencz nie tylko ma by\u0107 <strong>modny<\/strong>, ale przede wszystkim <strong>funkcjonalny<\/strong>. Must-have w wiosennej i jesiennej szafie kapsu\u0142owej.<\/span><\/p>\n<p>If you're wondering which coat to choose, we suggest you take a look at our tips\u00a0<a href=\"https:\/\/talia-fashion.pl\/en\/jak-dobrac-plaszcz-do-sylwetki\/\">How do you choose a coat to suit your figure?<\/a><\/p>\n<p><span lang=\"DE\">Zdj\u0119cie rzeczywiste &#8211;\u00a0 z\u0142amana biel z nut\u0105 szaro\u015bci (<strong>ch\u0142odny krem<\/strong>)\u00a0<\/span><br \/>\n<span lang=\"DE\">Je\u015bli planujesz rozja\u015bni\u0107 si\u0119 na wiosn\u0119 d\u0142ugi szlafrokowy trencz damski z\u0142amana biel Nela to idealny wyb\u00f3r. Dost\u0119pny jest r\u00f3wnie\u017c w takich bazowych kolorach jak: <strong>be\u017cowy<\/strong> i czekoladowy br\u0105z.\u00a0<\/span><\/p>\n<p><span lang=\"DE\">Zdj\u0119cia prezentuj\u0105ce kolory umie\u015bcili\u015bmy pogl\u0105dowo w <a href=\"https:\/\/talia-fashion.pl\/en\/paleta-kolorow\/\">colour palette<\/a>. If in doubt, please contact us.<\/span><\/p>\n<p><span lang=\"DE\">Available sizes: XS, S, M, L<\/span><\/p>\n<p><span lang=\"DE\">Indicative dimensions:<\/span><\/p>\n<p><span lang=\"DE\">XS &#8211; biust: 86-88 \/ biodra: 92-94 \/ d\u0142ugo\u015b\u0107: 122 \/ r\u0119kaw: 61<\/span><br \/>\n<span lang=\"DE\">S &#8211; biust: 90-92 \/ biodra: 96-98 \/ d\u0142ugo\u015b\u0107: 122 \/ r\u0119kaw: 61,5<br \/>\nM &#8211; biust: 94-96\u00a0\u00a0\/ biodra: 100-102 \/ d\u0142ugo\u015b\u0107: 122 \/ r\u0119kaw: 62<br \/>\nL &#8211; biust: 98-100 \/ biodra: 104-106 \/ d\u0142ugo\u015b\u0107: 122 \/ r\u0119kaw: 63<br \/>\nXL &#8211; biust: 104-106 \/ biodra: 110-112 \/ d\u0142ugo\u015b\u0107: 122 \/ r\u0119kaw: 64<\/span><\/p>\n<p>Modelka ma wzrost: 174cm i rozmiar S<\/p>\n<p><span lang=\"DE\">If you are unsure of your size selection, please contact us.<\/span><\/p>\n<p><span lang=\"DE\">Materia\u0142: 80% bawe\u0142na, 20% nylon<\/span><\/p>\n<p>Lining: 50% acetate, 50% viscose<\/p>\n<p>Like viscose, acetate is produced from cellulose. Acetate yarn can also be made from recycled cellulose such as paper. The acetate lining is excellent at absorbing moisture and permeable to air. It is coated with an antistatic apprettee and is OEKOtex\u00ae Standard 100 certified. It ideally provides thermal comfort and is comfortable to wear.<\/p>\n<p><span lang=\"DE\">D\u0142ugi szlafrokowy trencz damski z\u0142amana biel Nela z<\/span>aprojektowali\u015bmy i uszyli\u015bmy <strong>w naszej pracowni,<\/strong> tradycyjnymi i pracoch\u0142onnymi metodami w spos\u00f3b przyjazny dla \u015brodowiska. Od ponad 37 lat staramy si\u0119 piel\u0119gnowa\u0107 polskie rzemios\u0142o i dzi\u0119ki Wam ubieramy kolejne pokolenia. Dzi\u0119kujemy, \u017ce wybieracie lokalne produkty i cenicie prac\u0119 naszych r\u0105k.<\/p>\n<p>Rekomendujemy czyszczenie chemiczne. Codzienna piel\u0119gnacja trencza oparta na prostych zasadach \u2013 w\u0142a\u015bciwe wieszanie, wietrzenie i unikanie zahacze\u0144 \u2013 pozwoli zachowa\u0107 jego doskona\u0142y wygl\u0105d na d\u0142u\u017cej. Szczeg\u00f3\u0142owe porady znajdziesz w zak\u0142adce: <a href=\"https:\/\/talia-fashion.pl\/en\/jak-pielegnowac-i-dbac-o-plaszcz\/\">How to nurture and care for the coat?<\/a>. Dzi\u0119ki takim nawykom w prosty spos\u00f3b zadbasz nie tylko o ubranie, ale tak\u017ce o \u015brodowisko.<\/p>\n<p><span lang=\"DE\">Istnieje mo\u017cliwo\u015b\u0107 skr\u00f3cenia, b\u0105d\u017a wyd\u0142u\u017cenia r\u0119kaw\u00f3w, wyd\u0142u\u017cenia lub\u00a0 skr\u00f3cenia p\u0142aszcza \u2013 tak\u0105 us\u0142ug\u0119 wykonamy na specjalne <strong>Indywidualne Zam\u00f3wienie. <\/strong>Je\u015bli chcesz zam\u00f3wi\u0107 tak\u0105 us\u0142ug\u0119, skontaktuj si\u0119 z nami (najlepiej mailowo), wtedy ustalimy czy oczekiwana modyfikacja jest mo\u017cliwa i jaki b\u0119dzie jej koszt. <\/span><strong>An individual order is not subject to exchange or refund.<\/strong><\/p>\n<p><span lang=\"DE\">Czas realizacji zam\u00f3wienia uzale\u017cniamy od aktualnego stanu magazynowego w pracowni. Je\u015bli dany p\u0142aszcz jest uszyty realizacja zam\u00f3wienia nast\u0105pi w ci\u0105gu 2-5 dni roboczych. Je\u015bli konieczne jest uszycie p\u0142aszcza b\u0105d\u017a indywidualizacja zam\u00f3wienia \u2013 wykonanie przer\u00f3bki lub uszycie nowego p\u0142aszcza wed\u0142ug specyfikacji Klienta\u2013 czas realizacji zam\u00f3wienia mo\u017ce ulec wyd\u0142u\u017ceniu, maksymalnie do 2 tygodni. <\/span><\/p>\n<p>Wi\u0119kszo\u015b\u0107 naszych p\u0142aszczy nie szyjemy na magazyn, dlatego<strong>\u00a0czas realizacji mo\u017ce potrwa\u0107 do 14 dni. <\/strong>Prosimy o cierpliwo\u015b\u0107, musimy uszy\u0107 p\u0142aszcz dla Ciebie. Postaramy si\u0119 jednak jak najszybciej zrealizowa\u0107 zam\u00f3wienie.<\/p>\n<p>We encourage you to like our fanpage on <a href=\"https:\/\/www.facebook.com\/talia.plaszcze\">Facebook<\/a> i <a href=\"https:\/\/www.instagram.com\/talia_plaszcze\/\">Instagram<\/a><\/p>","protected":false},"excerpt":{"rendered":"<p>D\u0142ugi szlafrokowy trencz damski <strong>z\u0142amana bie<\/strong>l Nela to\u00a0<strong>szykowny, elegancki trencz o d\u0142ugo\u015bci maxi <\/strong>w najmodniejszym odcieniu Cloud Dancer. Idealne po\u0142\u0105czenie funkcjonalno\u015bci i stylu. Produkt premium.<\/p>\n<p>&nbsp;<\/p>","protected":false},"featured_media":262176,"template":"","meta":{"_acf_changed":false},"product_cat":[31,36,27],"product_tag":[112,390,78,383,385,32,33,34,285,39,121,41,42,43,44,46,68,47,259,122,150,187,49,50,260,161,69,60,61,52,114,97,258,88,386],"class_list":{"0":"post-261512","1":"product","2":"type-product","3":"status-publish","4":"has-post-thumbnail","6":"product_cat-nowosci","7":"product_cat-plaszcze-dluzsze","8":"product_cat-trencze","9":"product_tag-bawelniany-trencz","10":"product_tag-cloud-dancer","11":"product_tag-dla-roznych-sylwetek","12":"product_tag-dlugi-trencz-damski","13":"product_tag-dlugosc-maxi","14":"product_tag-dopasowany-kroj","15":"product_tag-dwurzedowy","16":"product_tag-handmade","17":"product_tag-hydrofobowa-bawelna","18":"product_tag-klasyczny","19":"product_tag-materialy-przyjazne-dla-srodowiska","20":"product_tag-na-podszewce","21":"product_tag-nowosc","22":"product_tag-plaszcz-damski","23":"product_tag-plaszcz-damski-dlugi","24":"product_tag-plaszcz-dwurzedowy","25":"product_tag-plaszcz-jesienny","26":"product_tag-plaszcz-na-guziki","27":"product_tag-plaszcz-na-wiosne","28":"product_tag-plaszcz-szlafrokowy","29":"product_tag-plaszcz-taliowany","30":"product_tag-plaszcz-trencz","31":"product_tag-plaszcz-wiosenny","32":"product_tag-plaszcz-z-rewersem","33":"product_tag-plaszcze-przejsciowe","34":"product_tag-polski-producent","35":"product_tag-prochowiec","36":"product_tag-producent-plaszczy-damskich","37":"product_tag-recznie-szyty","38":"product_tag-szylkretowe-guziki","39":"product_tag-tencel","40":"product_tag-trencz","41":"product_tag-trencz-damski","42":"product_tag-wiazany","43":"product_tag-zlamana-biel","45":"first","46":"instock","47":"shipping-taxable","48":"purchasable","49":"product-type-variable","50":"has-default-attributes"},"acf":[],"yoast_head":"<!-- This site is optimized with the Yoast SEO plugin v25.7 - https:\/\/yoast.com\/wordpress\/plugins\/seo\/ -->\n<title>D\u0142ugi szlafrokowy trencz damski z\u0142amana biel Nela - jako\u015b\u0107 premium<\/title>\n<meta name=\"description\" content=\"D\u0142ugi szlafrokowy trencz damski z\u0142amana biel to propozycja klasycznego trencza w nowoczesnym wydaniu. Modny i funkcjonalny. Must have na wiosn\u0119 i jesie\u0144.\" \/>\n<meta name=\"robots\" content=\"index, follow, max-snippet:-1, max-image-preview:large, max-video-preview:-1\" \/>\n<link rel=\"canonical\" href=\"https:\/\/talia-fashion.pl\/en\/product\/dlugi-szlafrokowy-trencz-damski-zlamana-biel-nela\/\" \/>\n<meta property=\"og:locale\" content=\"en_GB\" \/>\n<meta property=\"og:type\" content=\"article\" \/>\n<meta property=\"og:title\" content=\"D\u0142ugi szlafrokowy trencz damski z\u0142amana biel Nela - jako\u015b\u0107 premium\" \/>\n<meta property=\"og:description\" content=\"D\u0142ugi szlafrokowy trencz damski z\u0142amana biel to propozycja klasycznego trencza w nowoczesnym wydaniu. Modny i funkcjonalny. Must have na wiosn\u0119 i jesie\u0144.\" \/>\n<meta property=\"og:url\" content=\"https:\/\/talia-fashion.pl\/en\/product\/dlugi-szlafrokowy-trencz-damski-zlamana-biel-nela\/\" \/>\n<meta property=\"og:site_name\" content=\"Talia Fashion\" \/>\n<meta property=\"article:modified_time\" content=\"2026-05-04T15:57:18+00:00\" \/>\n<meta property=\"og:image\" content=\"https:\/\/talia-fashion.pl\/wp-content\/uploads\/2026\/01\/dlugi-szlafrokowy-trencz-damski-zlamana-biel-dwa-rozporki.jpg\" \/>\n\t<meta property=\"og:image:width\" content=\"1067\" \/>\n\t<meta property=\"og:image:height\" content=\"1600\" \/>\n\t<meta property=\"og:image:type\" content=\"image\/jpeg\" \/>\n<meta name=\"twitter:card\" content=\"summary_large_image\" \/>\n<meta name=\"twitter:label1\" content=\"Estimated reading time\" \/>\n\t<meta name=\"twitter:data1\" content=\"4 minutes\" \/>\n<script type=\"application\/ld+json\" class=\"yoast-schema-graph\">{\"@context\":\"https:\/\/schema.org\",\"@graph\":[{\"@type\":\"WebPage\",\"@id\":\"https:\/\/talia-fashion.pl\/produkt\/dlugi-szlafrokowy-trencz-damski-zlamana-biel-nela\/\",\"url\":\"https:\/\/talia-fashion.pl\/produkt\/dlugi-szlafrokowy-trencz-damski-zlamana-biel-nela\/\",\"name\":\"D\u0142ugi szlafrokowy trencz damski z\u0142amana biel Nela - jako\u015b\u0107 premium\",\"isPartOf\":{\"@id\":\"https:\/\/talia-fashion.pl\/#website\"},\"primaryImageOfPage\":{\"@id\":\"https:\/\/talia-fashion.pl\/produkt\/dlugi-szlafrokowy-trencz-damski-zlamana-biel-nela\/#primaryimage\"},\"image\":{\"@id\":\"https:\/\/talia-fashion.pl\/produkt\/dlugi-szlafrokowy-trencz-damski-zlamana-biel-nela\/#primaryimage\"},\"thumbnailUrl\":\"https:\/\/talia-fashion.pl\/wp-content\/uploads\/2026\/01\/dlugi-szlafrokowy-trencz-damski-zlamana-biel-dwa-rozporki.jpg\",\"datePublished\":\"2026-01-04T10:44:28+00:00\",\"dateModified\":\"2026-05-04T15:57:18+00:00\",\"description\":\"D\u0142ugi szlafrokowy trencz damski z\u0142amana biel to propozycja klasycznego trencza w nowoczesnym wydaniu. Modny i funkcjonalny. Must have na wiosn\u0119 i jesie\u0144.\",\"breadcrumb\":{\"@id\":\"https:\/\/talia-fashion.pl\/produkt\/dlugi-szlafrokowy-trencz-damski-zlamana-biel-nela\/#breadcrumb\"},\"inLanguage\":\"en-GB\",\"potentialAction\":[{\"@type\":\"ReadAction\",\"target\":[\"https:\/\/talia-fashion.pl\/produkt\/dlugi-szlafrokowy-trencz-damski-zlamana-biel-nela\/\"]}]},{\"@type\":\"ImageObject\",\"inLanguage\":\"en-GB\",\"@id\":\"https:\/\/talia-fashion.pl\/produkt\/dlugi-szlafrokowy-trencz-damski-zlamana-biel-nela\/#primaryimage\",\"url\":\"https:\/\/talia-fashion.pl\/wp-content\/uploads\/2026\/01\/dlugi-szlafrokowy-trencz-damski-zlamana-biel-dwa-rozporki.jpg\",\"contentUrl\":\"https:\/\/talia-fashion.pl\/wp-content\/uploads\/2026\/01\/dlugi-szlafrokowy-trencz-damski-zlamana-biel-dwa-rozporki.jpg\",\"width\":1067,\"height\":1600,\"caption\":\"D\u0142ugi szlafrokowy trencz damski w z\u0142amanej bieli. Bawe\u0142niany na oddychaj\u0105cej podszewce.\"},{\"@type\":\"BreadcrumbList\",\"@id\":\"https:\/\/talia-fashion.pl\/produkt\/dlugi-szlafrokowy-trencz-damski-zlamana-biel-nela\/#breadcrumb\",\"itemListElement\":[{\"@type\":\"ListItem\",\"position\":1,\"name\":\"Strona g\u0142\u00f3wna\",\"item\":\"https:\/\/talia-fashion.pl\/\"},{\"@type\":\"ListItem\",\"position\":2,\"name\":\"Sklep\",\"item\":\"https:\/\/talia-fashion.pl\/sklep\/\"},{\"@type\":\"ListItem\",\"position\":3,\"name\":\"D\u0142ugi szlafrokowy trencz damski z\u0142amana biel Nela\"}]},{\"@type\":\"WebSite\",\"@id\":\"https:\/\/talia-fashion.pl\/#website\",\"url\":\"https:\/\/talia-fashion.pl\/\",\"name\":\"Talia Fashion\",\"description\":\"\",\"potentialAction\":[{\"@type\":\"SearchAction\",\"target\":{\"@type\":\"EntryPoint\",\"urlTemplate\":\"https:\/\/talia-fashion.pl\/?s={search_term_string}\"},\"query-input\":{\"@type\":\"PropertyValueSpecification\",\"valueRequired\":true,\"valueName\":\"search_term_string\"}}],\"inLanguage\":\"en-GB\"}]}<\/script>\n<!-- \/ Yoast SEO plugin. -->","yoast_head_json":{"title":"D\u0142ugi szlafrokowy trencz damski z\u0142amana biel Nela - jako\u015b\u0107 premium","description":"D\u0142ugi szlafrokowy trencz damski z\u0142amana biel to propozycja klasycznego trencza w nowoczesnym wydaniu. Modny i funkcjonalny. Must have na wiosn\u0119 i jesie\u0144.","robots":{"index":"index","follow":"follow","max-snippet":"max-snippet:-1","max-image-preview":"max-image-preview:large","max-video-preview":"max-video-preview:-1"},"canonical":"https:\/\/talia-fashion.pl\/en\/product\/dlugi-szlafrokowy-trencz-damski-zlamana-biel-nela\/","og_locale":"en_GB","og_type":"article","og_title":"D\u0142ugi szlafrokowy trencz damski z\u0142amana biel Nela - jako\u015b\u0107 premium","og_description":"D\u0142ugi szlafrokowy trencz damski z\u0142amana biel to propozycja klasycznego trencza w nowoczesnym wydaniu. Modny i funkcjonalny. Must have na wiosn\u0119 i jesie\u0144.","og_url":"https:\/\/talia-fashion.pl\/en\/product\/dlugi-szlafrokowy-trencz-damski-zlamana-biel-nela\/","og_site_name":"Talia Fashion","article_modified_time":"2026-05-04T15:57:18+00:00","og_image":[{"width":1067,"height":1600,"url":"https:\/\/talia-fashion.pl\/wp-content\/uploads\/2026\/01\/dlugi-szlafrokowy-trencz-damski-zlamana-biel-dwa-rozporki.jpg","type":"image\/jpeg"}],"twitter_card":"summary_large_image","twitter_misc":{"Estimated reading time":"4 minutes"},"schema":{"@context":"https:\/\/schema.org","@graph":[{"@type":"WebPage","@id":"https:\/\/talia-fashion.pl\/produkt\/dlugi-szlafrokowy-trencz-damski-zlamana-biel-nela\/","url":"https:\/\/talia-fashion.pl\/produkt\/dlugi-szlafrokowy-trencz-damski-zlamana-biel-nela\/","name":"D\u0142ugi szlafrokowy trencz damski z\u0142amana biel Nela - jako\u015b\u0107 premium","isPartOf":{"@id":"https:\/\/talia-fashion.pl\/#website"},"primaryImageOfPage":{"@id":"https:\/\/talia-fashion.pl\/produkt\/dlugi-szlafrokowy-trencz-damski-zlamana-biel-nela\/#primaryimage"},"image":{"@id":"https:\/\/talia-fashion.pl\/produkt\/dlugi-szlafrokowy-trencz-damski-zlamana-biel-nela\/#primaryimage"},"thumbnailUrl":"https:\/\/talia-fashion.pl\/wp-content\/uploads\/2026\/01\/dlugi-szlafrokowy-trencz-damski-zlamana-biel-dwa-rozporki.jpg","datePublished":"2026-01-04T10:44:28+00:00","dateModified":"2026-05-04T15:57:18+00:00","description":"D\u0142ugi szlafrokowy trencz damski z\u0142amana biel to propozycja klasycznego trencza w nowoczesnym wydaniu. Modny i funkcjonalny. Must have na wiosn\u0119 i jesie\u0144.","breadcrumb":{"@id":"https:\/\/talia-fashion.pl\/produkt\/dlugi-szlafrokowy-trencz-damski-zlamana-biel-nela\/#breadcrumb"},"inLanguage":"en-GB","potentialAction":[{"@type":"ReadAction","target":["https:\/\/talia-fashion.pl\/produkt\/dlugi-szlafrokowy-trencz-damski-zlamana-biel-nela\/"]}]},{"@type":"ImageObject","inLanguage":"en-GB","@id":"https:\/\/talia-fashion.pl\/produkt\/dlugi-szlafrokowy-trencz-damski-zlamana-biel-nela\/#primaryimage","url":"https:\/\/talia-fashion.pl\/wp-content\/uploads\/2026\/01\/dlugi-szlafrokowy-trencz-damski-zlamana-biel-dwa-rozporki.jpg","contentUrl":"https:\/\/talia-fashion.pl\/wp-content\/uploads\/2026\/01\/dlugi-szlafrokowy-trencz-damski-zlamana-biel-dwa-rozporki.jpg","width":1067,"height":1600,"caption":"D\u0142ugi szlafrokowy trencz damski w z\u0142amanej bieli. Bawe\u0142niany na oddychaj\u0105cej podszewce."},{"@type":"BreadcrumbList","@id":"https:\/\/talia-fashion.pl\/produkt\/dlugi-szlafrokowy-trencz-damski-zlamana-biel-nela\/#breadcrumb","itemListElement":[{"@type":"ListItem","position":1,"name":"Strona g\u0142\u00f3wna","item":"https:\/\/talia-fashion.pl\/"},{"@type":"ListItem","position":2,"name":"Sklep","item":"https:\/\/talia-fashion.pl\/sklep\/"},{"@type":"ListItem","position":3,"name":"D\u0142ugi szlafrokowy trencz damski z\u0142amana biel Nela"}]},{"@type":"WebSite","@id":"https:\/\/talia-fashion.pl\/#website","url":"https:\/\/talia-fashion.pl\/","name":"Talia Fashion","description":"","potentialAction":[{"@type":"SearchAction","target":{"@type":"EntryPoint","urlTemplate":"https:\/\/talia-fashion.pl\/?s={search_term_string}"},"query-input":{"@type":"PropertyValueSpecification","valueRequired":true,"valueName":"search_term_string"}}],"inLanguage":"en-GB"}]}},"_links":{"self":[{"href":"https:\/\/talia-fashion.pl\/en\/wp-json\/wp\/v2\/product\/261512","targetHints":{"allow":["GET"]}}],"collection":[{"href":"https:\/\/talia-fashion.pl\/en\/wp-json\/wp\/v2\/product"}],"about":[{"href":"https:\/\/talia-fashion.pl\/en\/wp-json\/wp\/v2\/types\/product"}],"wp:featuredmedia":[{"embeddable":true,"href":"https:\/\/talia-fashion.pl\/en\/wp-json\/wp\/v2\/media\/262176"}],"wp:attachment":[{"href":"https:\/\/talia-fashion.pl\/en\/wp-json\/wp\/v2\/media?parent=261512"}],"wp:term":[{"taxonomy":"product_cat","embeddable":true,"href":"https:\/\/talia-fashion.pl\/en\/wp-json\/wp\/v2\/product_cat?post=261512"},{"taxonomy":"product_tag","embeddable":true,"href":"https:\/\/talia-fashion.pl\/en\/wp-json\/wp\/v2\/product_tag?post=261512"}],"curies":[{"name":"wp","href":"https:\/\/api.w.org\/{rel}","templated":true}]}}