{"id":261506,"date":"2026-01-04T06:37:16","date_gmt":"2026-01-04T05:37:16","guid":{"rendered":"https:\/\/talia-fashion.pl\/?post_type=product&#038;p=261506"},"modified":"2026-04-09T09:58:27","modified_gmt":"2026-04-09T07:58:27","slug":"dlugi-czekoladowy-trencz-damski-z-bawelny-nela","status":"publish","type":"product","link":"https:\/\/talia-fashion.pl\/en\/product\/dlugi-czekoladowy-trencz-damski-z-bawelny-nela\/","title":{"rendered":"Nela long chocolate cotton women's trench"},"content":{"rendered":"<div id=\"tabs-list-description\" class=\"tab-pane active in\">\n<div class=\"description\">\n<p>D\u0142ugi czekoladowy trencz damski z bawe\u0142ny Nela to <strong>szykowny, elegancki trencz o d\u0142ugo\u015bci maxi<\/strong>.\u00a0Starannie <strong>dopasowany z ty\u0142u<\/strong>, <strong>prz\u00f3d profilowany<\/strong>, dzi\u0119ki czemu p\u0142aszcz podkre\u015bla sylwetk\u0119, nie opinaj\u0105c jej. <strong data-start=\"481\" data-end=\"500\">Tkaninowy pasek<\/strong>, wykonany z tej samej bawe\u0142nianej mieszanki co p\u0142aszcz, umo\u017cliwia delikatne zaznaczenie talii. Z boku <strong>dwie <\/strong>wpuszczane <strong>kieszenie &#8211; <\/strong>praktyczne i sp\u00f3jne z minimalistycznym fasonem p\u0142aszcza. Wyk\u0142adany <strong>reverse flange<\/strong> &#8211; podniesiony &#8211; idelanie otula i chroni przed wiatrem. Dzi\u0119ki temu trencz jest i funkcjonalny i modny. <strong>Dwa rozporki na tyle<\/strong> \u2013 subtelnie zdobi\u0105, optycznie wysmuklaj\u0105 i zapewniaj\u0105 wygod\u0119. D\u0142ugo\u015b\u0107 p\u0142aszcza do po\u0142owy \u0142ydki. Zapinany <strong>double-breasted with buttons<\/strong>. Model <strong>w ca\u0142o\u015bci na podszewce<\/strong>. <strong>Idealny wyb\u00f3r na przej\u015bciowe pory roku<\/strong>.<\/p>\n<\/div>\n<p>Projektuj\u0105c d\u0142ugi czekoladowy trencz damski z bawe\u0142ny Nela nawi\u0105zali\u015bmy do estetyki modowej zwanej <strong>Quiet Luxury<\/strong>. Styl ten stawia na: minimalne formy, stonowane kolory, perfekcyjne krawiectwo oraz jako\u015bciowe materia\u0142y. To styl, kt\u00f3ry nie podlega szybkim trendom. Dlatego trencz Nela daje nieograniczone mo\u017cliwo\u015bci w tworzeniu stylizacji. Tym bardziej, i\u017c <strong>ziemiste barwy, jak: be\u017cowy, piaskowy, camelowy, czekoladowy, z\u0142amana biel, khaki <\/strong>pasuj\u0105 do siebie nawzajem i do wi\u0119kszo\u015bci kolor\u00f3w bazowych. \u0141atwo je te\u017c \u0142\u0105czy\u0107 warstwowo tworz\u0105c elegancki, ale nienachalny look.<\/p>\n<p>Czekoladowy trencz to niesamowicie uniwersalny element garderoby. Mo\u017cna go wystylizowa\u0107 na wiele okazji, zar\u00f3wno codziennych, jak i bardziej formalnych. Kaszmirowy sweter, spodnie typu culottes, botki na kaczuszce i luksusowy, lecz subtelny look gotowy. Bia\u0142a koszula, kamizelka, szerokie spodnie i loafersy &#8211; gotowa do pracy? Trencz narzucony na bordow\u0105 sukienk\u0119 midi, do tego szpilki i kobieca, wieczorowa stylizacja robi si\u0119 sama. Za ka\u017cdym razem wypadniesz \u015bwietnie.<\/p>\n<div>If you're wondering which coat to choose, we suggest you take a look at our tips\u00a0<a href=\"https:\/\/talia-fashion.pl\/en\/jak-dobrac-plaszcz-do-sylwetki\/\">How do you choose a coat to suit your figure?<\/a><\/div>\n<div class=\"description\">\n<p><span lang=\"DE\">Zdj\u0119cie rzeczywiste \u2013 czekoladowy\u00a0<\/span><\/p>\n<p>Available colours<span lang=\"DE\">:\u00a0<\/span><\/p>\n<p><span lang=\"DE\">Available sizes: XS, S, M, L<\/span><\/p>\n<p>The model is 172 cm and a size S.<\/p>\n<p><span lang=\"DE\">Orientacyjne <strong>wymiary<\/strong>:<\/span><\/p>\n<p><span lang=\"DE\">XS \u2013 biust: 86-88 \/ biodra 94-96 \/ d\u0142ugo\u015b\u0107: 122 \/ r\u0119kaw 61<br \/>\nS \u2013 biust: 90-92 \/ biodra: 98-100 \/ d\u0142ugo\u015b\u0107: 122\/ r\u0119kaw: 62<br \/>\nM \u2013 biust: 94-96\u00a0\u00a0\/ biodra: 102-104 \/ d\u0142ugo\u015b\u0107: 122 \/ r\u0119kaw: 62<br \/>\nL \u2013 biust: 98-100 \/ biodra: 106-108 \/ d\u0142ugo\u015b\u0107: 122 \/ r\u0119kaw: 63<br \/>\nXL \u2013 biust: 104-106 \/ biodra: 112-114 \/ d\u0142ugo\u015b\u0107: 122 \/ r\u0119kaw: 64<\/span><\/p>\n<p><span lang=\"DE\">If you are unsure of your size selection, please contact us.<\/span><\/p>\n<p><span lang=\"DE\">Material: 80<\/span><span lang=\"DE\">% bawe\u0142na, 20% nylon<\/span><\/p>\n<p>Lining: 50% acetate, 50% viscose<br \/>\nAcetat podobnie jak wiskoza wytwarzany jest z celulozy. Prz\u0119dza acetatowa mo\u017ce by\u0107 wytworzona r\u00f3wnie\u017c z celulozy przetworzonej np. papieru. Podszewka acetatowa doskonale wch\u0142ania wilgo\u0107, przepuszcza powietrze i dobrze si\u0119 nosi. Jest powlekana apretur\u0105 antystatyczn\u0105 i posiada certyfikat OEKOtex\u00ae Standard 100.<\/p>\n<p data-start=\"149\" data-end=\"376\">D\u0142ugi czekoladowy trencz damski z bawe\u0142ny Nela powsta\u0142 <strong>w naszym rodzinnym zak\u0142adzie krawieckim<\/strong> w Poznaniu. Uszyty z g\u0142adkiej <strong>hydrofobowej mieszanki bawe\u0142ny<\/strong> i oddychaj\u0105cej podszewki z acetatu i wiskozy. Ka\u017cdy egzemplarz p\u0142aszcza zosta\u0142 <strong data-start=\"1256\" data-end=\"1289\">precyzyjnie skrojony i uszyty<\/strong>, z dba\u0142o\u015bci\u0105 o najdrobniejsze detale. To model z limitowanej kolekcji \u2013 <strong data-start=\"1362\" data-end=\"1381\">premium product<\/strong>, kt\u00f3ry wyr\u00f3\u017cnia si\u0119 nie tylko stylem, ale i jako\u015bci\u0105 wykonania.<\/p>\n<p data-start=\"378\" data-end=\"745\">Kultywujemy tradycyjne, rzemie\u015blnicze krawiectwo \u2013 takie podej\u015bcie pozwala nam nie tylko uzyska\u0107 idealne wyko\u0144czenie, ale r\u00f3wnie\u017c ograniczy\u0107 zu\u017cycie materia\u0142u i zmniejszy\u0107 ilo\u015b\u0107 odpad\u00f3w, co przek\u0142ada si\u0119 na mniejsze obci\u0105\u017cenie dla \u015brodowiska.<\/p>\n<p>Zalecamy chemiczne czyszczenie p\u0142aszcza. Dodatkowo, aby zadba\u0107 o jego kondycj\u0119 wystarczy kilka prostych nawyk\u00f3w \u2013 jakich? podpowiadamy w naszej zak\u0142adce: <a href=\"https:\/\/talia-fashion.pl\/en\/jak-pielegnowac-i-dbac-o-plaszcz\/\">How to nurture and care for the coat?<\/a> Zupe\u0142nie podstawowe czynno\u015bci jak: odpowiednie wieszanie, wietrzenie i unikanie zahacze\u0144 sprawi, \u017ce Tw\u00f3j p\u0142aszcz d\u0142ugo pozostanie pi\u0119kny. Jest to delikatniejsze dla tkaniny i ogranicza zu\u017cycie wody w procesach prania.<\/p>\n<p>It is possible to make some modifications in the <strong>Individual orders<\/strong> \u2013 na \u017cyczenie Klienta: skr\u00f3cenie, wyd\u0142u\u017cenie r\u0119kawa, skr\u00f3cenie i wyd\u0142u\u017cenie p\u0142aszcza. Zakres zmian i ich koszt ustalany jest oddzielnie dla ka\u017cdego zam\u00f3wienia. <strong>An individual order is not subject to exchange or refund.<\/strong><\/p>\n<p><span lang=\"DE\">Czas realizacji zam\u00f3wienia uzale\u017cniamy od aktualnego stanu magazynowego w pracowni oraz dost\u0119pno\u015bci danego koloru materia\u0142u. Je\u015bli dany p\u0142aszcz jest dost\u0119pny w firmie realizacja zam\u00f3wienia nast\u0105pi bardzo szybko 2-5 dni roboczych. Je\u015bli konieczne jest uszycie nowego p\u0142aszcza lub indywidualizacja zam\u00f3wienia \u2013 wykonanie przer\u00f3bki lub uszycie nowego p\u0142aszcza wed\u0142ug specyfikacji Klienta \u2013 czas realizacji zam\u00f3wienia mo\u017ce ulec wyd\u0142u\u017ceniu, maksymalnie do 2 tygodni.<\/span><\/p>\n<p>We do our best to keep the waiting time as short as possible, but our coats are sewn by hand using traditional methods, so please be patient.<\/p>\n<p>Pokochaj p\u0142aszcze tak, jak my. Zach\u0119camy do polubienia naszego fanpage\u2019a na <a href=\"https:\/\/www.facebook.com\/talia.plaszcze\">Facebook<\/a>\u00a0i\u00a0<a href=\"https:\/\/www.instagram.com\/talia_plaszcze\/\">Instagram<\/a><\/p>\n<\/div>\n<\/div>","protected":false},"excerpt":{"rendered":"<p><strong>D\u0142ugi, czekoladowy trencz damski<\/strong> &#8211; minimalistyczny kr\u00f3j, ponadczasowy szyk, stonowane kolory oraz wysoka jako\u015b\u0107 wykonania. Produkt premium.<\/p>","protected":false},"featured_media":262332,"template":"","meta":{"_acf_changed":false},"product_cat":[31,36,27],"product_tag":[112,372,244,384,78,383,32,285,39,224,121,41,81,42,305,45,68,96,47,259,59,122,187,379,181,94,49,50,60,87,258,139,362,88],"class_list":{"0":"post-261506","1":"product","2":"type-product","3":"status-publish","4":"has-post-thumbnail","6":"product_cat-nowosci","7":"product_cat-plaszcze-dluzsze","8":"product_cat-trencze","9":"product_tag-bawelniany-trencz","10":"product_tag-british-core","11":"product_tag-czekoladowy-plaszcz","12":"product_tag-czekoladowy-trencz-damski","13":"product_tag-dla-roznych-sylwetek","14":"product_tag-dlugi-trencz-damski","15":"product_tag-dopasowany-kroj","16":"product_tag-hydrofobowa-bawelna","17":"product_tag-klasyczny","18":"product_tag-limited-edition","19":"product_tag-materialy-przyjazne-dla-srodowiska","20":"product_tag-na-podszewce","21":"product_tag-naturalne-materialy","22":"product_tag-nowosc","23":"product_tag-plaszcz-bezowy","24":"product_tag-plaszcz-dlugi","25":"product_tag-plaszcz-jesienny","26":"product_tag-plaszcz-na-chlodne-dni","27":"product_tag-plaszcz-na-guziki","28":"product_tag-plaszcz-na-wiosne","29":"product_tag-plaszcz-przejsciowy","30":"product_tag-plaszcz-szlafrokowy","31":"product_tag-plaszcz-trencz","32":"product_tag-plaszcz-tweedowy","33":"product_tag-plaszcz-w-jodelke","34":"product_tag-plaszcz-w-krate","35":"product_tag-plaszcz-wiosenny","36":"product_tag-plaszcz-z-rewersem","37":"product_tag-producent-plaszczy-damskich","38":"product_tag-produkt-premium","39":"product_tag-trencz-damski","40":"product_tag-welna-dziewicza","41":"product_tag-welna-tweed","42":"product_tag-wiazany","44":"first","45":"instock","46":"shipping-taxable","47":"purchasable","48":"product-type-variable","49":"has-default-attributes"},"acf":[],"yoast_head":"<!-- This site is optimized with the Yoast SEO plugin v25.7 - https:\/\/yoast.com\/wordpress\/plugins\/seo\/ -->\n<title>D\u0142ugi czekoladowy trencz damski z bawe\u0142ny Nela - Talia Fashion - trencze damskie<\/title>\n<meta name=\"description\" content=\"D\u0142ugi czekoladowy trencz damski z bawe\u0142ny - uszyty z wysokiej jako\u015bci materia\u0142u. Na podszewce. Ponadczasowy kr\u00f3j nawi\u0105zuj\u0105cy do stylu Quiet Luxury.\" \/>\n<meta name=\"robots\" content=\"index, follow, max-snippet:-1, max-image-preview:large, max-video-preview:-1\" \/>\n<link rel=\"canonical\" href=\"https:\/\/talia-fashion.pl\/en\/product\/dlugi-czekoladowy-trencz-damski-z-bawelny-nela\/\" \/>\n<meta property=\"og:locale\" content=\"en_GB\" \/>\n<meta property=\"og:type\" content=\"article\" \/>\n<meta property=\"og:title\" content=\"D\u0142ugi czekoladowy trencz damski z bawe\u0142ny Nela - Talia Fashion - trencze damskie\" \/>\n<meta property=\"og:description\" content=\"D\u0142ugi czekoladowy trencz damski z bawe\u0142ny - uszyty z wysokiej jako\u015bci materia\u0142u. Na podszewce. Ponadczasowy kr\u00f3j nawi\u0105zuj\u0105cy do stylu Quiet Luxury.\" \/>\n<meta property=\"og:url\" content=\"https:\/\/talia-fashion.pl\/en\/product\/dlugi-czekoladowy-trencz-damski-z-bawelny-nela\/\" \/>\n<meta property=\"og:site_name\" content=\"Talia Fashion\" \/>\n<meta property=\"article:modified_time\" content=\"2026-04-09T07:58:27+00:00\" \/>\n<meta property=\"og:image\" content=\"https:\/\/talia-fashion.pl\/wp-content\/uploads\/2026\/01\/dlugi-czekoladowy-minimalistyczny-trencz-damski-z-bawelny.jpg\" \/>\n\t<meta property=\"og:image:width\" content=\"1200\" \/>\n\t<meta property=\"og:image:height\" content=\"1600\" \/>\n\t<meta property=\"og:image:type\" content=\"image\/jpeg\" \/>\n<meta name=\"twitter:card\" content=\"summary_large_image\" \/>\n<meta name=\"twitter:label1\" content=\"Estimated reading time\" \/>\n\t<meta name=\"twitter:data1\" content=\"4 minutes\" \/>\n<script type=\"application\/ld+json\" class=\"yoast-schema-graph\">{\"@context\":\"https:\/\/schema.org\",\"@graph\":[{\"@type\":\"WebPage\",\"@id\":\"https:\/\/talia-fashion.pl\/produkt\/dlugi-czekoladowy-trencz-damski-z-bawelny-nela\/\",\"url\":\"https:\/\/talia-fashion.pl\/produkt\/dlugi-czekoladowy-trencz-damski-z-bawelny-nela\/\",\"name\":\"D\u0142ugi czekoladowy trencz damski z bawe\u0142ny Nela - Talia Fashion - trencze damskie\",\"isPartOf\":{\"@id\":\"https:\/\/talia-fashion.pl\/#website\"},\"primaryImageOfPage\":{\"@id\":\"https:\/\/talia-fashion.pl\/produkt\/dlugi-czekoladowy-trencz-damski-z-bawelny-nela\/#primaryimage\"},\"image\":{\"@id\":\"https:\/\/talia-fashion.pl\/produkt\/dlugi-czekoladowy-trencz-damski-z-bawelny-nela\/#primaryimage\"},\"thumbnailUrl\":\"https:\/\/talia-fashion.pl\/wp-content\/uploads\/2026\/01\/dlugi-czekoladowy-minimalistyczny-trencz-damski-z-bawelny.jpg\",\"datePublished\":\"2026-01-04T05:37:16+00:00\",\"dateModified\":\"2026-04-09T07:58:27+00:00\",\"description\":\"D\u0142ugi czekoladowy trencz damski z bawe\u0142ny - uszyty z wysokiej jako\u015bci materia\u0142u. Na podszewce. Ponadczasowy kr\u00f3j nawi\u0105zuj\u0105cy do stylu Quiet Luxury.\",\"breadcrumb\":{\"@id\":\"https:\/\/talia-fashion.pl\/produkt\/dlugi-czekoladowy-trencz-damski-z-bawelny-nela\/#breadcrumb\"},\"inLanguage\":\"en-GB\",\"potentialAction\":[{\"@type\":\"ReadAction\",\"target\":[\"https:\/\/talia-fashion.pl\/produkt\/dlugi-czekoladowy-trencz-damski-z-bawelny-nela\/\"]}]},{\"@type\":\"ImageObject\",\"inLanguage\":\"en-GB\",\"@id\":\"https:\/\/talia-fashion.pl\/produkt\/dlugi-czekoladowy-trencz-damski-z-bawelny-nela\/#primaryimage\",\"url\":\"https:\/\/talia-fashion.pl\/wp-content\/uploads\/2026\/01\/dlugi-czekoladowy-minimalistyczny-trencz-damski-z-bawelny.jpg\",\"contentUrl\":\"https:\/\/talia-fashion.pl\/wp-content\/uploads\/2026\/01\/dlugi-czekoladowy-minimalistyczny-trencz-damski-z-bawelny.jpg\",\"width\":1200,\"height\":1600,\"caption\":\"D\u0142ugi bawe\u0142niany trencz damski o minimalistycznym kroju w br\u0105zowym br\u0105zie. Produkt premium.\"},{\"@type\":\"BreadcrumbList\",\"@id\":\"https:\/\/talia-fashion.pl\/produkt\/dlugi-czekoladowy-trencz-damski-z-bawelny-nela\/#breadcrumb\",\"itemListElement\":[{\"@type\":\"ListItem\",\"position\":1,\"name\":\"Strona g\u0142\u00f3wna\",\"item\":\"https:\/\/talia-fashion.pl\/\"},{\"@type\":\"ListItem\",\"position\":2,\"name\":\"Sklep\",\"item\":\"https:\/\/talia-fashion.pl\/sklep\/\"},{\"@type\":\"ListItem\",\"position\":3,\"name\":\"D\u0142ugi czekoladowy trencz damski z bawe\u0142ny Nela\"}]},{\"@type\":\"WebSite\",\"@id\":\"https:\/\/talia-fashion.pl\/#website\",\"url\":\"https:\/\/talia-fashion.pl\/\",\"name\":\"Talia Fashion\",\"description\":\"\",\"potentialAction\":[{\"@type\":\"SearchAction\",\"target\":{\"@type\":\"EntryPoint\",\"urlTemplate\":\"https:\/\/talia-fashion.pl\/?s={search_term_string}\"},\"query-input\":{\"@type\":\"PropertyValueSpecification\",\"valueRequired\":true,\"valueName\":\"search_term_string\"}}],\"inLanguage\":\"en-GB\"}]}<\/script>\n<!-- \/ Yoast SEO plugin. -->","yoast_head_json":{"title":"D\u0142ugi czekoladowy trencz damski z bawe\u0142ny Nela - Talia Fashion - trencze damskie","description":"D\u0142ugi czekoladowy trencz damski z bawe\u0142ny - uszyty z wysokiej jako\u015bci materia\u0142u. Na podszewce. Ponadczasowy kr\u00f3j nawi\u0105zuj\u0105cy do stylu Quiet Luxury.","robots":{"index":"index","follow":"follow","max-snippet":"max-snippet:-1","max-image-preview":"max-image-preview:large","max-video-preview":"max-video-preview:-1"},"canonical":"https:\/\/talia-fashion.pl\/en\/product\/dlugi-czekoladowy-trencz-damski-z-bawelny-nela\/","og_locale":"en_GB","og_type":"article","og_title":"D\u0142ugi czekoladowy trencz damski z bawe\u0142ny Nela - Talia Fashion - trencze damskie","og_description":"D\u0142ugi czekoladowy trencz damski z bawe\u0142ny - uszyty z wysokiej jako\u015bci materia\u0142u. Na podszewce. Ponadczasowy kr\u00f3j nawi\u0105zuj\u0105cy do stylu Quiet Luxury.","og_url":"https:\/\/talia-fashion.pl\/en\/product\/dlugi-czekoladowy-trencz-damski-z-bawelny-nela\/","og_site_name":"Talia Fashion","article_modified_time":"2026-04-09T07:58:27+00:00","og_image":[{"width":1200,"height":1600,"url":"https:\/\/talia-fashion.pl\/wp-content\/uploads\/2026\/01\/dlugi-czekoladowy-minimalistyczny-trencz-damski-z-bawelny.jpg","type":"image\/jpeg"}],"twitter_card":"summary_large_image","twitter_misc":{"Estimated reading time":"4 minutes"},"schema":{"@context":"https:\/\/schema.org","@graph":[{"@type":"WebPage","@id":"https:\/\/talia-fashion.pl\/produkt\/dlugi-czekoladowy-trencz-damski-z-bawelny-nela\/","url":"https:\/\/talia-fashion.pl\/produkt\/dlugi-czekoladowy-trencz-damski-z-bawelny-nela\/","name":"D\u0142ugi czekoladowy trencz damski z bawe\u0142ny Nela - Talia Fashion - trencze damskie","isPartOf":{"@id":"https:\/\/talia-fashion.pl\/#website"},"primaryImageOfPage":{"@id":"https:\/\/talia-fashion.pl\/produkt\/dlugi-czekoladowy-trencz-damski-z-bawelny-nela\/#primaryimage"},"image":{"@id":"https:\/\/talia-fashion.pl\/produkt\/dlugi-czekoladowy-trencz-damski-z-bawelny-nela\/#primaryimage"},"thumbnailUrl":"https:\/\/talia-fashion.pl\/wp-content\/uploads\/2026\/01\/dlugi-czekoladowy-minimalistyczny-trencz-damski-z-bawelny.jpg","datePublished":"2026-01-04T05:37:16+00:00","dateModified":"2026-04-09T07:58:27+00:00","description":"D\u0142ugi czekoladowy trencz damski z bawe\u0142ny - uszyty z wysokiej jako\u015bci materia\u0142u. Na podszewce. Ponadczasowy kr\u00f3j nawi\u0105zuj\u0105cy do stylu Quiet Luxury.","breadcrumb":{"@id":"https:\/\/talia-fashion.pl\/produkt\/dlugi-czekoladowy-trencz-damski-z-bawelny-nela\/#breadcrumb"},"inLanguage":"en-GB","potentialAction":[{"@type":"ReadAction","target":["https:\/\/talia-fashion.pl\/produkt\/dlugi-czekoladowy-trencz-damski-z-bawelny-nela\/"]}]},{"@type":"ImageObject","inLanguage":"en-GB","@id":"https:\/\/talia-fashion.pl\/produkt\/dlugi-czekoladowy-trencz-damski-z-bawelny-nela\/#primaryimage","url":"https:\/\/talia-fashion.pl\/wp-content\/uploads\/2026\/01\/dlugi-czekoladowy-minimalistyczny-trencz-damski-z-bawelny.jpg","contentUrl":"https:\/\/talia-fashion.pl\/wp-content\/uploads\/2026\/01\/dlugi-czekoladowy-minimalistyczny-trencz-damski-z-bawelny.jpg","width":1200,"height":1600,"caption":"D\u0142ugi bawe\u0142niany trencz damski o minimalistycznym kroju w br\u0105zowym br\u0105zie. Produkt premium."},{"@type":"BreadcrumbList","@id":"https:\/\/talia-fashion.pl\/produkt\/dlugi-czekoladowy-trencz-damski-z-bawelny-nela\/#breadcrumb","itemListElement":[{"@type":"ListItem","position":1,"name":"Strona g\u0142\u00f3wna","item":"https:\/\/talia-fashion.pl\/"},{"@type":"ListItem","position":2,"name":"Sklep","item":"https:\/\/talia-fashion.pl\/sklep\/"},{"@type":"ListItem","position":3,"name":"D\u0142ugi czekoladowy trencz damski z bawe\u0142ny Nela"}]},{"@type":"WebSite","@id":"https:\/\/talia-fashion.pl\/#website","url":"https:\/\/talia-fashion.pl\/","name":"Talia Fashion","description":"","potentialAction":[{"@type":"SearchAction","target":{"@type":"EntryPoint","urlTemplate":"https:\/\/talia-fashion.pl\/?s={search_term_string}"},"query-input":{"@type":"PropertyValueSpecification","valueRequired":true,"valueName":"search_term_string"}}],"inLanguage":"en-GB"}]}},"_links":{"self":[{"href":"https:\/\/talia-fashion.pl\/en\/wp-json\/wp\/v2\/product\/261506","targetHints":{"allow":["GET"]}}],"collection":[{"href":"https:\/\/talia-fashion.pl\/en\/wp-json\/wp\/v2\/product"}],"about":[{"href":"https:\/\/talia-fashion.pl\/en\/wp-json\/wp\/v2\/types\/product"}],"wp:featuredmedia":[{"embeddable":true,"href":"https:\/\/talia-fashion.pl\/en\/wp-json\/wp\/v2\/media\/262332"}],"wp:attachment":[{"href":"https:\/\/talia-fashion.pl\/en\/wp-json\/wp\/v2\/media?parent=261506"}],"wp:term":[{"taxonomy":"product_cat","embeddable":true,"href":"https:\/\/talia-fashion.pl\/en\/wp-json\/wp\/v2\/product_cat?post=261506"},{"taxonomy":"product_tag","embeddable":true,"href":"https:\/\/talia-fashion.pl\/en\/wp-json\/wp\/v2\/product_tag?post=261506"}],"curies":[{"name":"wp","href":"https:\/\/api.w.org\/{rel}","templated":true}]}}