{"id":259092,"date":"2025-09-19T16:24:36","date_gmt":"2025-09-19T14:24:36","guid":{"rendered":"https:\/\/talia-fashion.pl\/?post_type=product&#038;p=259092"},"modified":"2026-03-04T16:48:13","modified_gmt":"2026-03-04T15:48:13","slug":"dlugi-plaszcz-damski-z-welnianego-tweedu-sky","status":"publish","type":"product","link":"https:\/\/talia-fashion.pl\/en\/product\/dlugi-plaszcz-damski-z-welnianego-tweedu-sky\/","title":{"rendered":"Women's long coat in wool tweed Sky"},"content":{"rendered":"<div id=\"tabs-list-description\" class=\"tab-pane active in\">\n<div class=\"description\">\n<p>D\u0142ugi p\u0142aszcz damski z we\u0142nianego tweedu Sky to <strong>przej\u015bciowy p\u0142aszcz <\/strong>\u0142\u0105cz\u0105cy klasyczny kr\u00f3j z elegancj\u0105 brytyjskiego stylu. Uszyli\u015bmy go z mi\u0119sistej tkaniny o sko\u015bnym splocie tworz\u0105cym pr\u0105\u017ckowany wz\u00f3r &#8211; zwany <strong>diagonal<\/strong>. Dese\u0144 ten jest delikatny, mimo to przyci\u0105ga oko i nadaje ca\u0142o\u015bci <strong>nowoczesnego wygl\u0105du<\/strong>.\u00a0<strong>L\u017cejsza gramatura materia\u0142u<\/strong> czyni ten p\u0142aszcz doskona\u0142ym <strong>wyborem na wiosn\u0119 i jesie\u0144<\/strong>. Zapewnia przyjemne ciep\u0142o, gdy robi si\u0119 ch\u0142odniej, oraz lekko\u015b\u0107 i przewiewno\u015b\u0107 w cieplejsze dni.<\/p>\n<p>P\u0142aszcz Sky ma starannie <strong>fitted back<\/strong>, <strong>prz\u00f3d profilowany<\/strong>, dzi\u0119ki czemu jest bardzo wygodny. Podkre\u015bla sylwetk\u0119, nie opinaj\u0105c jej. <strong data-start=\"481\" data-end=\"500\">Tkaninowy pasek<\/strong>, wykonany z tej samej we\u0142nianej mieszanki co p\u0142aszcz, umo\u017cliwia delikatne zaznaczenie talii. Z boku <strong>dwie <\/strong>wpuszczane <strong>pockets<\/strong>, kt\u00f3re zwi\u0119kszaj\u0105 praktyczno\u015b\u0107 bez zaburzania minimalistycznego fasonu p\u0142aszcza. Wyk\u0142adany <strong>reverse flange<\/strong> &#8211; podniesiony idelanie otula i chorni przed wiatrem. <strong>Dwa rozporki na tyle<\/strong> \u2013 subtelnie zdobi\u0105, jednocze\u015bnie zapewniaj\u0105c komfort noszenia. D\u0142ugo\u015b\u0107 p\u0142aszcza do po\u0142owy \u0142ydki. Zapinany <strong>double-breasted with buttons<\/strong>. Model w ca\u0142o\u015bci na oddychaj\u0105cej podszewce.<\/p>\n<\/div>\n<p>Projektuj\u0105c d\u0142ugi p\u0142aszcz damski z we\u0142nianego tweedu Sky nawi\u0105zali\u015bmy do estetyki modowej zwanej <strong>British Core<\/strong>. Jest to styl, kt\u00f3ry \u0142\u0105czy <strong>elegancj\u0119, ponadczasowy szyk z wp\u0142ywami vintage i old money<\/strong>. To styl, kt\u00f3ry stawia na \u015bwietne jako\u015bciowo materia\u0142y, klasyczne fasony i stonowane wzory i kolory. Dlatego p\u0142aszcz Sky daje nieograniczone mo\u017cliwo\u015bci w tworzeniu stylizacji. Tym bardziej, i\u017c <strong>diagonal<\/strong> \u0142atwo po\u0142\u0105czy\u0107 z kolorami ziemi: szaro\u015bciami, be\u017cami i br\u0105zami.<\/p>\n<p>Na sportowo, czy bardziej casual do pracy a mo\u017ce na specjaln\u0105 okazj\u0119. Wystarczy kaszmirowy sweterek, szerokie we\u0142niane spodnie \u2013 stylizacja zrobi si\u0119 sama. Chcesz doda\u0107 jej charakteru? Dodaj tweedow\u0105 marynark\u0119 i za\u0142\u00f3\u017c oxfordy. A mo\u017ce wolisz co\u015b bardziej kobiecego? Postaw na kremow\u0105 koszul\u0119, bordow\u0105 sp\u00f3dniczk\u0119, rajstopy w zbli\u017conym kolorze i zamszowe botki. Za ka\u017cdym razem wypadniesz \u015bwietnie, luksusowo ale w subtelny spos\u00f3b.<\/p>\n<div>If you're wondering which coat to choose, we suggest you take a look at our tips\u00a0<a href=\"https:\/\/talia-fashion.pl\/en\/jak-dobrac-plaszcz-do-sylwetki\/\">How do you choose a coat to suit your figure?<\/a><\/div>\n<div class=\"description\">\n<p><span lang=\"DE\">Zdj\u0119cie rzeczywiste \u2013 jasnoszary diagonal<\/span><\/p>\n<p>Available colours<span lang=\"DE\">: jasnoszary diagonal (jasny odcie\u0144 szaro\u015bci wpadaj\u0105cy w biel)<\/span><\/p>\n<p><strong>Jasny odcie\u0144 to idealny wyb\u00f3r<\/strong> \u2014 roz\u015bwietla stylizacje, dodaj\u0105c im \u015bwie\u017co\u015bci i lekko\u015bci. Wnosi do garderoby \u015bwiat\u0142o i subteln\u0105 elegancj\u0119, pi\u0119knie od\u015bwie\u017caj\u0105c codzienne looki.<\/p>\n<p><span lang=\"DE\">Available sizes: XS, S, M, L<\/span><\/p>\n<p>The model is 172 cm and a size S.<\/p>\n<p><span lang=\"DE\">Orientacyjne <strong>wymiary<\/strong>:<\/span><\/p>\n<p><span lang=\"DE\">XS - bust: 86-88 \/ hips 94-96 \/ length: 120 \/ sleeve 61<br \/>\nS \u2013 biust: 90-92 \/ biodra: 98-100 \/ d\u0142ugo\u015b\u0107: 121 \/ r\u0119kaw: 62<br \/>\nM \u2013 biust: 94-96\u00a0\u00a0\/ biodra: 102-104 \/ d\u0142ugo\u015b\u0107: 122\/ r\u0119kaw: 62<br \/>\nL \u2013 biust: 98-100 \/ biodra: 106-108 \/ d\u0142ugo\u015b\u0107: 122 \/ r\u0119kaw: 63<br \/>\n<\/span><span lang=\"DE\">If you are unsure of your size selection, please contact us.<\/span><\/p>\n<p><span lang=\"DE\">Materia\u0142: 70<\/span><span lang=\"DE\">% we\u0142na, 20% jedwab, 10% poliamid<\/span><\/p>\n<p>Lining: 50% viscose, 50% acetate<br \/>\nAcetat podobnie jak wiskoza wytwarzany jest z celulozy. Prz\u0119dza acetatowa mo\u017ce by\u0107 wytworzona r\u00f3wnie\u017c z celulozy przetworzonej np. papieru. Podszewka acetatowa doskonale wch\u0142ania wilgo\u0107, przepuszcza powietrze i dobrze si\u0119 nosi. Jest powlekana apretur\u0105 antystatyczn\u0105 i posiada certyfikat OEKOtex\u00ae Standard 100.<\/p>\n<p data-start=\"149\" data-end=\"376\">D\u0142ugi p\u0142aszcz damski z we\u0142nianego tweedu Sky powsta\u0142 <strong>w naszym rodzinnym zak\u0142adzie krawieckim<\/strong> w Poznaniu. Uszyty zosta\u0142 z wysokogatunkowej tkaniny z du\u017c\u0105 zawarto\u015bci\u0105 we\u0142ny, co gwarantuje trwa\u0142o\u015b\u0107, komfort i naturalne ciep\u0142o. Ka\u017cdy egzemplarz p\u0142aszcza zosta\u0142 <strong data-start=\"1256\" data-end=\"1289\">precyzyjnie skrojony i uszyty<\/strong>, z dba\u0142o\u015bci\u0105 o najdrobniejsze detale. To model z limitowanej kolekcji \u2013 <strong data-start=\"1362\" data-end=\"1381\">premium product<\/strong>, kt\u00f3ry wyr\u00f3\u017cnia si\u0119 nie tylko stylem, ale i jako\u015bci\u0105 wykonania.<\/p>\n<p data-start=\"378\" data-end=\"745\"><strong>Kultywujemy tradycyjne, rzemie\u015blnicze krawiectwo<\/strong> \u2013 dzi\u0119ki czemu mo\u017cemy precyzyjnie dopasowa\u0107 wz\u00f3r jode\u0142ki lub diagonalu na wszystkich elementach p\u0142aszcza. Takie podej\u015bcie pozwala nam nie tylko uzyska\u0107 idealne wyko\u0144czenie, ale r\u00f3wnie\u017c ograniczy\u0107 zu\u017cycie materia\u0142u i zmniejszy\u0107 ilo\u015b\u0107 odpad\u00f3w, co przek\u0142ada si\u0119 na mniejsze obci\u0105\u017cenie dla \u015brodowiska.<\/p>\n<p>The coat should be dry-cleaned. For frequent refreshing of the wool we recommend the following\u00a0<a href=\"https:\/\/talia-fashion.pl\/en\/product\/szczotka-do-czyszczenia-i-pielegnacji-plaszcza\/\">Brush for cleaning and care of the coat<\/a>, dost\u0119pn\u0105 w naszym sklepie. Aby utrzyma\u0107 p\u0142aszcz w czysto\u015bci cz\u0119sto wystarczy wietrzy\u0107 go i regularnie szczotkowa\u0107. Ten proces jest delikatniejszy dla tkanin i pozwala ograniczy\u0107 zu\u017cycie wody i energii w procesach prania. Zach\u0119camy do zapoznania si\u0119 z naszym poradnikiem: <a href=\"https:\/\/talia-fashion.pl\/en\/jak-pielegnowac-i-dbac-o-plaszcz\/\">How to care for and maintain coats?<\/a><\/p>\n<p>It is possible to make some modifications in the <strong>Individual orders<\/strong> \u2013 na \u017cyczenie Klienta: skr\u00f3cenie, wyd\u0142u\u017cenie r\u0119kawa, skr\u00f3cenie i wyd\u0142u\u017cenie p\u0142aszcza. Zakres zmian i ich koszt ustalany jest oddzielnie dla ka\u017cdego zam\u00f3wienia. <strong>An individual order is not subject to exchange or refund.<\/strong><\/p>\n<p><span lang=\"DE\">Czas realizacji zam\u00f3wienia uzale\u017cniamy od aktualnego stanu magazynowego w pracowni oraz dost\u0119pno\u015bci danego koloru materia\u0142u. Je\u015bli dany p\u0142aszcz jest dost\u0119pny &#8222;od r\u0119ki&#8221; realizacja zam\u00f3wienia nast\u0105pi bardzo szybko w ci\u0105gu 2-5 dni roboczych. Je\u015bli konieczne jest uszycie nowego p\u0142aszcza lub indywidualizacja zam\u00f3wienia \u2013 wykonanie przer\u00f3bki lub uszycie nowego p\u0142aszcza wed\u0142ug specyfikacji Klienta \u2013 czas realizacji zam\u00f3wienia mo\u017ce ulec wyd\u0142u\u017ceniu, maksymalnie do 2 tygodni.<\/span><\/p>\n<p>We do our best to keep the waiting time as short as possible, but our coats are sewn by hand using traditional methods, so please be patient.<\/p>\n<p>We encourage you to like our fanpage on\u00a0<a href=\"https:\/\/www.facebook.com\/talia.plaszcze\">Facebook<\/a>\u00a0i\u00a0<a href=\"https:\/\/www.instagram.com\/talia_plaszcze\/\">Instagram<\/a><\/p>\n<\/div>\n<\/div>","protected":false},"excerpt":{"rendered":"<p><strong>D\u0142ugi, ocieplany p\u0142aszcz zimowy<\/strong> \u0142\u0105cz\u0105cy klasyczny kr\u00f3j z elegancj\u0105 brytyjskiego stylu. Ponadczasowy szyk, stonowane kolory i wzory oraz wysoka jako\u015b\u0107 wykonania.<\/p>","protected":false},"featured_media":262281,"template":"","meta":{"_acf_changed":false},"product_cat":[31,36],"product_tag":[339,244,318,78,383,32,39,347,224,121,41,81,42,305,43,44,46,68,47,59,122,379,181,94,85,50,60,87,139,362,63,88],"class_list":{"0":"post-259092","1":"product","2":"type-product","3":"status-publish","4":"has-post-thumbnail","6":"product_cat-nowosci","7":"product_cat-plaszcze-dluzsze","8":"product_tag-bezowo-szary-diagonal","9":"product_tag-czekoladowy-plaszcz","10":"product_tag-diagonal","11":"product_tag-dla-roznych-sylwetek","12":"product_tag-dlugi-trencz-damski","13":"product_tag-dopasowany-kroj","14":"product_tag-klasyczny","15":"product_tag-lama","16":"product_tag-limited-edition","17":"product_tag-materialy-przyjazne-dla-srodowiska","18":"product_tag-na-podszewce","19":"product_tag-naturalne-materialy","20":"product_tag-nowosc","21":"product_tag-plaszcz-bezowy","22":"product_tag-plaszcz-damski","23":"product_tag-plaszcz-damski-dlugi","24":"product_tag-plaszcz-dwurzedowy","25":"product_tag-plaszcz-jesienny","26":"product_tag-plaszcz-na-guziki","27":"product_tag-plaszcz-przejsciowy","28":"product_tag-plaszcz-szlafrokowy","29":"product_tag-plaszcz-tweedowy","30":"product_tag-plaszcz-w-jodelke","31":"product_tag-plaszcz-w-krate","32":"product_tag-plaszcz-welniany","33":"product_tag-plaszcz-z-rewersem","34":"product_tag-producent-plaszczy-damskich","35":"product_tag-produkt-premium","36":"product_tag-welna-dziewicza","37":"product_tag-welna-tweed","38":"product_tag-welniany","39":"product_tag-wiazany","41":"first","42":"instock","43":"shipping-taxable","44":"purchasable","45":"product-type-variable","46":"has-default-attributes"},"acf":[],"yoast_head":"<!-- This site is optimized with the Yoast SEO plugin v25.7 - https:\/\/yoast.com\/wordpress\/plugins\/seo\/ -->\n<title>D\u0142ugi p\u0142aszcz damski z we\u0142nianego tweedu Sky - Talia Fashion - p\u0142aszcze damskie<\/title>\n<meta name=\"description\" content=\"D\u0142ugi p\u0142aszcz damski z we\u0142nianego tweedu - uszyty z wysokiej jako\u015bci materia\u0142u, sko\u015bny splot diagonal. Ponadczasowy kr\u00f3j nawi\u0105zuj\u0105cy do stylu British Core.\" \/>\n<meta name=\"robots\" content=\"index, follow, max-snippet:-1, max-image-preview:large, max-video-preview:-1\" \/>\n<link rel=\"canonical\" href=\"https:\/\/talia-fashion.pl\/en\/product\/dlugi-plaszcz-damski-z-welnianego-tweedu-sky\/\" \/>\n<meta property=\"og:locale\" content=\"en_GB\" \/>\n<meta property=\"og:type\" content=\"article\" \/>\n<meta property=\"og:title\" content=\"D\u0142ugi p\u0142aszcz damski z we\u0142nianego tweedu Sky - Talia Fashion - p\u0142aszcze damskie\" \/>\n<meta property=\"og:description\" content=\"D\u0142ugi p\u0142aszcz damski z we\u0142nianego tweedu - uszyty z wysokiej jako\u015bci materia\u0142u, sko\u015bny splot diagonal. Ponadczasowy kr\u00f3j nawi\u0105zuj\u0105cy do stylu British Core.\" \/>\n<meta property=\"og:url\" content=\"https:\/\/talia-fashion.pl\/en\/product\/dlugi-plaszcz-damski-z-welnianego-tweedu-sky\/\" \/>\n<meta property=\"og:site_name\" content=\"Talia Fashion\" \/>\n<meta property=\"article:modified_time\" content=\"2026-03-04T15:48:13+00:00\" \/>\n<meta property=\"og:image\" content=\"https:\/\/talia-fashion.pl\/wp-content\/uploads\/2025\/09\/dlugi-plaszcz-damski-welniany-tweed-wiazany-dwa-rozporki.jpg\" \/>\n\t<meta property=\"og:image:width\" content=\"1200\" \/>\n\t<meta property=\"og:image:height\" content=\"1600\" \/>\n\t<meta property=\"og:image:type\" content=\"image\/jpeg\" \/>\n<meta name=\"twitter:card\" content=\"summary_large_image\" \/>\n<meta name=\"twitter:label1\" content=\"Estimated reading time\" \/>\n\t<meta name=\"twitter:data1\" content=\"4 minutes\" \/>\n<script type=\"application\/ld+json\" class=\"yoast-schema-graph\">{\"@context\":\"https:\/\/schema.org\",\"@graph\":[{\"@type\":\"WebPage\",\"@id\":\"https:\/\/talia-fashion.pl\/produkt\/dlugi-plaszcz-damski-z-welnianego-tweedu-sky\/\",\"url\":\"https:\/\/talia-fashion.pl\/produkt\/dlugi-plaszcz-damski-z-welnianego-tweedu-sky\/\",\"name\":\"D\u0142ugi p\u0142aszcz damski z we\u0142nianego tweedu Sky - Talia Fashion - p\u0142aszcze damskie\",\"isPartOf\":{\"@id\":\"https:\/\/talia-fashion.pl\/#website\"},\"primaryImageOfPage\":{\"@id\":\"https:\/\/talia-fashion.pl\/produkt\/dlugi-plaszcz-damski-z-welnianego-tweedu-sky\/#primaryimage\"},\"image\":{\"@id\":\"https:\/\/talia-fashion.pl\/produkt\/dlugi-plaszcz-damski-z-welnianego-tweedu-sky\/#primaryimage\"},\"thumbnailUrl\":\"https:\/\/talia-fashion.pl\/wp-content\/uploads\/2025\/09\/dlugi-plaszcz-damski-welniany-tweed-wiazany-dwa-rozporki.jpg\",\"datePublished\":\"2025-09-19T14:24:36+00:00\",\"dateModified\":\"2026-03-04T15:48:13+00:00\",\"description\":\"D\u0142ugi p\u0142aszcz damski z we\u0142nianego tweedu - uszyty z wysokiej jako\u015bci materia\u0142u, sko\u015bny splot diagonal. Ponadczasowy kr\u00f3j nawi\u0105zuj\u0105cy do stylu British Core.\",\"breadcrumb\":{\"@id\":\"https:\/\/talia-fashion.pl\/produkt\/dlugi-plaszcz-damski-z-welnianego-tweedu-sky\/#breadcrumb\"},\"inLanguage\":\"en-GB\",\"potentialAction\":[{\"@type\":\"ReadAction\",\"target\":[\"https:\/\/talia-fashion.pl\/produkt\/dlugi-plaszcz-damski-z-welnianego-tweedu-sky\/\"]}]},{\"@type\":\"ImageObject\",\"inLanguage\":\"en-GB\",\"@id\":\"https:\/\/talia-fashion.pl\/produkt\/dlugi-plaszcz-damski-z-welnianego-tweedu-sky\/#primaryimage\",\"url\":\"https:\/\/talia-fashion.pl\/wp-content\/uploads\/2025\/09\/dlugi-plaszcz-damski-welniany-tweed-wiazany-dwa-rozporki.jpg\",\"contentUrl\":\"https:\/\/talia-fashion.pl\/wp-content\/uploads\/2025\/09\/dlugi-plaszcz-damski-welniany-tweed-wiazany-dwa-rozporki.jpg\",\"width\":1200,\"height\":1600,\"caption\":\"D\u0142ugi p\u0142aszcz damski z we\u0142nianego tweedu w jasnoszarym odcieniu wpadajacym w biel. Dopasowany kr\u00f3j z dwoma rozporkami.\"},{\"@type\":\"BreadcrumbList\",\"@id\":\"https:\/\/talia-fashion.pl\/produkt\/dlugi-plaszcz-damski-z-welnianego-tweedu-sky\/#breadcrumb\",\"itemListElement\":[{\"@type\":\"ListItem\",\"position\":1,\"name\":\"Strona g\u0142\u00f3wna\",\"item\":\"https:\/\/talia-fashion.pl\/\"},{\"@type\":\"ListItem\",\"position\":2,\"name\":\"Sklep\",\"item\":\"https:\/\/talia-fashion.pl\/sklep\/\"},{\"@type\":\"ListItem\",\"position\":3,\"name\":\"D\u0142ugi p\u0142aszcz damski z we\u0142nianego tweedu Sky\"}]},{\"@type\":\"WebSite\",\"@id\":\"https:\/\/talia-fashion.pl\/#website\",\"url\":\"https:\/\/talia-fashion.pl\/\",\"name\":\"Talia Fashion\",\"description\":\"\",\"potentialAction\":[{\"@type\":\"SearchAction\",\"target\":{\"@type\":\"EntryPoint\",\"urlTemplate\":\"https:\/\/talia-fashion.pl\/?s={search_term_string}\"},\"query-input\":{\"@type\":\"PropertyValueSpecification\",\"valueRequired\":true,\"valueName\":\"search_term_string\"}}],\"inLanguage\":\"en-GB\"}]}<\/script>\n<!-- \/ Yoast SEO plugin. -->","yoast_head_json":{"title":"D\u0142ugi p\u0142aszcz damski z we\u0142nianego tweedu Sky - Talia Fashion - p\u0142aszcze damskie","description":"D\u0142ugi p\u0142aszcz damski z we\u0142nianego tweedu - uszyty z wysokiej jako\u015bci materia\u0142u, sko\u015bny splot diagonal. Ponadczasowy kr\u00f3j nawi\u0105zuj\u0105cy do stylu British Core.","robots":{"index":"index","follow":"follow","max-snippet":"max-snippet:-1","max-image-preview":"max-image-preview:large","max-video-preview":"max-video-preview:-1"},"canonical":"https:\/\/talia-fashion.pl\/en\/product\/dlugi-plaszcz-damski-z-welnianego-tweedu-sky\/","og_locale":"en_GB","og_type":"article","og_title":"D\u0142ugi p\u0142aszcz damski z we\u0142nianego tweedu Sky - Talia Fashion - p\u0142aszcze damskie","og_description":"D\u0142ugi p\u0142aszcz damski z we\u0142nianego tweedu - uszyty z wysokiej jako\u015bci materia\u0142u, sko\u015bny splot diagonal. Ponadczasowy kr\u00f3j nawi\u0105zuj\u0105cy do stylu British Core.","og_url":"https:\/\/talia-fashion.pl\/en\/product\/dlugi-plaszcz-damski-z-welnianego-tweedu-sky\/","og_site_name":"Talia Fashion","article_modified_time":"2026-03-04T15:48:13+00:00","og_image":[{"width":1200,"height":1600,"url":"https:\/\/talia-fashion.pl\/wp-content\/uploads\/2025\/09\/dlugi-plaszcz-damski-welniany-tweed-wiazany-dwa-rozporki.jpg","type":"image\/jpeg"}],"twitter_card":"summary_large_image","twitter_misc":{"Estimated reading time":"4 minutes"},"schema":{"@context":"https:\/\/schema.org","@graph":[{"@type":"WebPage","@id":"https:\/\/talia-fashion.pl\/produkt\/dlugi-plaszcz-damski-z-welnianego-tweedu-sky\/","url":"https:\/\/talia-fashion.pl\/produkt\/dlugi-plaszcz-damski-z-welnianego-tweedu-sky\/","name":"D\u0142ugi p\u0142aszcz damski z we\u0142nianego tweedu Sky - Talia Fashion - p\u0142aszcze damskie","isPartOf":{"@id":"https:\/\/talia-fashion.pl\/#website"},"primaryImageOfPage":{"@id":"https:\/\/talia-fashion.pl\/produkt\/dlugi-plaszcz-damski-z-welnianego-tweedu-sky\/#primaryimage"},"image":{"@id":"https:\/\/talia-fashion.pl\/produkt\/dlugi-plaszcz-damski-z-welnianego-tweedu-sky\/#primaryimage"},"thumbnailUrl":"https:\/\/talia-fashion.pl\/wp-content\/uploads\/2025\/09\/dlugi-plaszcz-damski-welniany-tweed-wiazany-dwa-rozporki.jpg","datePublished":"2025-09-19T14:24:36+00:00","dateModified":"2026-03-04T15:48:13+00:00","description":"D\u0142ugi p\u0142aszcz damski z we\u0142nianego tweedu - uszyty z wysokiej jako\u015bci materia\u0142u, sko\u015bny splot diagonal. Ponadczasowy kr\u00f3j nawi\u0105zuj\u0105cy do stylu British Core.","breadcrumb":{"@id":"https:\/\/talia-fashion.pl\/produkt\/dlugi-plaszcz-damski-z-welnianego-tweedu-sky\/#breadcrumb"},"inLanguage":"en-GB","potentialAction":[{"@type":"ReadAction","target":["https:\/\/talia-fashion.pl\/produkt\/dlugi-plaszcz-damski-z-welnianego-tweedu-sky\/"]}]},{"@type":"ImageObject","inLanguage":"en-GB","@id":"https:\/\/talia-fashion.pl\/produkt\/dlugi-plaszcz-damski-z-welnianego-tweedu-sky\/#primaryimage","url":"https:\/\/talia-fashion.pl\/wp-content\/uploads\/2025\/09\/dlugi-plaszcz-damski-welniany-tweed-wiazany-dwa-rozporki.jpg","contentUrl":"https:\/\/talia-fashion.pl\/wp-content\/uploads\/2025\/09\/dlugi-plaszcz-damski-welniany-tweed-wiazany-dwa-rozporki.jpg","width":1200,"height":1600,"caption":"D\u0142ugi p\u0142aszcz damski z we\u0142nianego tweedu w jasnoszarym odcieniu wpadajacym w biel. Dopasowany kr\u00f3j z dwoma rozporkami."},{"@type":"BreadcrumbList","@id":"https:\/\/talia-fashion.pl\/produkt\/dlugi-plaszcz-damski-z-welnianego-tweedu-sky\/#breadcrumb","itemListElement":[{"@type":"ListItem","position":1,"name":"Strona g\u0142\u00f3wna","item":"https:\/\/talia-fashion.pl\/"},{"@type":"ListItem","position":2,"name":"Sklep","item":"https:\/\/talia-fashion.pl\/sklep\/"},{"@type":"ListItem","position":3,"name":"D\u0142ugi p\u0142aszcz damski z we\u0142nianego tweedu Sky"}]},{"@type":"WebSite","@id":"https:\/\/talia-fashion.pl\/#website","url":"https:\/\/talia-fashion.pl\/","name":"Talia Fashion","description":"","potentialAction":[{"@type":"SearchAction","target":{"@type":"EntryPoint","urlTemplate":"https:\/\/talia-fashion.pl\/?s={search_term_string}"},"query-input":{"@type":"PropertyValueSpecification","valueRequired":true,"valueName":"search_term_string"}}],"inLanguage":"en-GB"}]}},"_links":{"self":[{"href":"https:\/\/talia-fashion.pl\/en\/wp-json\/wp\/v2\/product\/259092","targetHints":{"allow":["GET"]}}],"collection":[{"href":"https:\/\/talia-fashion.pl\/en\/wp-json\/wp\/v2\/product"}],"about":[{"href":"https:\/\/talia-fashion.pl\/en\/wp-json\/wp\/v2\/types\/product"}],"wp:featuredmedia":[{"embeddable":true,"href":"https:\/\/talia-fashion.pl\/en\/wp-json\/wp\/v2\/media\/262281"}],"wp:attachment":[{"href":"https:\/\/talia-fashion.pl\/en\/wp-json\/wp\/v2\/media?parent=259092"}],"wp:term":[{"taxonomy":"product_cat","embeddable":true,"href":"https:\/\/talia-fashion.pl\/en\/wp-json\/wp\/v2\/product_cat?post=259092"},{"taxonomy":"product_tag","embeddable":true,"href":"https:\/\/talia-fashion.pl\/en\/wp-json\/wp\/v2\/product_tag?post=259092"}],"curies":[{"name":"wp","href":"https:\/\/api.w.org\/{rel}","templated":true}]}}