{"id":259041,"date":"2025-09-18T14:45:50","date_gmt":"2025-09-18T12:45:50","guid":{"rendered":"https:\/\/talia-fashion.pl\/?post_type=product&#038;p=259041"},"modified":"2026-04-01T13:51:22","modified_gmt":"2026-04-01T11:51:22","slug":"burgundowy-dlugi-plaszcz-zimowy-z-welna-helena","status":"publish","type":"product","link":"https:\/\/talia-fashion.pl\/en\/product\/burgundowy-dlugi-plaszcz-zimowy-z-welna-helena\/","title":{"rendered":"Burgundy long winter coat with wool Helena"},"content":{"rendered":"<p data-start=\"151\" data-end=\"469\"><strong data-start=\"151\" data-end=\"290\">Helena's burgundy wool winter coat is a<\/strong> <span lang=\"DE\">carefully designed coat<\/span><strong data-start=\"151\" data-end=\"290\">in which modern form meets functionality.<\/strong> Its refined cut subtly <strong>emphasises the silhouette<\/strong>while maintaining <strong>comfort and freedom<\/strong> <strong>traffic<\/strong>. The cut is loose, but <strong>not overly oversized<\/strong> - maintains proportions and lightness.<\/p>\n<p data-start=\"471\" data-end=\"730\"><strong>Soft shoulder line thanks to raglan construction<\/strong> adds fluidity and natural ease, making it easy to wear the coat with thicker layers - from wool jumpers to blazers. It's an excellent choice <strong>for layering<\/strong>which work well on cold days. <strong>Dressing gown cut<\/strong> wraps the silhouette, providing a warm and comfortable feeling. <strong>Belt<\/strong> helps to emphasise the waist. Worn loosely - it creates a relaxed, casual look. Helena is a coat that combines classic with everyday practicality - timeless and versatile.<\/p>\n<p><span lang=\"DE\"><strong data-start=\"151\" data-end=\"290\">Burgundy winter coat with wool Helena<\/strong> We have sewn it from a fine fabric with a predominance of wool, on a breathable lining. It has been additionally <strong data-start=\"905\" data-end=\"928\">insulated<\/strong>, including in the sleeves, to increase thermal comfort in the cold months. <\/span><span lang=\"DE\">Helena<\/span> it's <strong>long coat<\/strong>which m<span lang=\"DE\">and classic, slimming <strong>reverse-type flaps<\/strong>, <strong>decorative epaulettes<\/strong> on the shoulders, <strong>back zip<\/strong> and two, side <strong>pockets<\/strong> trimmed with batting. To give it a luxurious look, the fronts of the coat have been lined with a very fine bonding, stabilising the fibres and accentuating the properties of the fabric.<\/span><\/p>\n<p>When designing the coat, we went for a colour that adds character to the styling without overwhelming it. It is also ideal for creating <strong>picturesque styling<\/strong> or <strong>mono looks<\/strong>.\u00a0<strong>Burgundy in colour<\/strong> is a refined variation of <strong>reds<\/strong> - with touches of violet and brown. It evokes associations with opulence, wine, velour and classic beauty. It brings depth, tranquillity and grace to a composition. It goes well with both neutral colours (beige, grey, black) and more expressive accents (bottle green, navy blue, gold).<\/p>\n<p>The colour burgundy is associated with romance, but in a modern way. This is also the modern woman, orderly and untamed at the same time. Strong, free and unbridled. And the outfit is her manifesto.<\/p>\n<p><span lang=\"DE\">Actual photo - burgundy<\/span><\/p>\n<p>Available colours: burgundy, graphite melange<\/p>\n<p><span lang=\"DE\">The colours are presented in our <a href=\"https:\/\/talia-fashion.pl\/en\/paleta-kolorow\/\">Colour palette<\/a>. If in doubt, please contact us.<\/span><\/p>\n<p>The model is a size S and 168cm.<\/p>\n<p><span lang=\"DE\">Available sizes: XS, S, M, L<\/span><\/p>\n<p><span lang=\"DE\">Indicative dimensions:<\/span><\/p>\n<p>XS - bust: 86-88 \/ hips: 94-96 \/ length: 116 \/ sleeve: 62<br \/>\nS - bust: 90-92 \/ hips: 98-100 \/ length: 116 \/ sleeve: 62<br \/>\nM - bust: 94-96 \/ hips: 102-104 \/ length: 117 \/ sleeve: 62<br \/>\nL - bust: 98-100 \/ hips: 106-108 \/ length: 118 \/ sleeve: 63<br \/>\nXL - bust: 104-106 \/ hips: 112-114 \/ length: 118 \/ sleeve: 64<\/p>\n<p><span lang=\"DE\">What size to choose and how to measure yourself are suggested in our short guide: <a href=\"https:\/\/talia-fashion.pl\/en\/jak-dobrac-rozmiar\/\">How to choose a size?<\/a><\/span><br \/>\n<span lang=\"DE\">The coat has a relaxed but not oversized fit. Due to the sleeve construction, it falls slightly looser, especially in the upper parts. It has a belt with which you can tie to adjust the coat to your silhouette and accentuate your waist. If you are unsure of your size choice, please contact us.<\/span><\/p>\n<p><span lang=\"DE\">Material:<\/span><span lang=\"DE\">\u00a0<\/span><\/p>\n<p><span lang=\"DE\">Burgundy: 80% wool, 20% polyamide<\/span><\/p>\n<p>Graphite melange: 85% virgin wool, 10% polyamide, 5% cashmere<\/p>\n<p>Lining: 100% acetate<\/p>\n<p>Like viscose, acetate is produced from cellulose. Acetate yarn can also be made from recycled cellulose such as paper. The acetate lining is excellent at absorbing moisture and allowing air to pass through, so it wears well. It is coated with an antistatic apprettee and is OEKOtex\u00ae Standard 100 certified.<\/p>\n<p>Insulation: 100% non-woven recycled polyester<br \/>\nOur coats are insulated with a compressed thermo-insulating quilted fleece on the lining. The fleece is made from recycled polyester fibres. The material is lightweight, thin and at the same time perfectly insulating. The insulating fleece we use is resistant to moisture (it retains its insulating properties and warming effect even in damp conditions), stops the wind, is hypoallergenic and breathable. It is OEKOtex\u00ae Standard 100 certified.<\/p>\n<p>Helena's burgundy wool winter coat was created in <strong>our family tailor shop<\/strong> in Pozna\u0144, in an environmentally friendly and Fair Trade manner<span lang=\"DE\">. Our coats are the result of careful craftsmanship, from the precise layout of the blanks to the hand sewing of the buttons. As a result, we can guarantee that you receive <strong>a top-quality product.<\/strong><\/span><\/p>\n<p><span lang=\"DE\">Helena's burgundy wool winter coat should be dry-cleaned. Proper care, hanging and avoiding snags will keep your coat beautiful for a long time. Take a look at our tab: <a href=\"https:\/\/talia-fashion.pl\/en\/jak-pielegnowac-i-dbac-o-plaszcz\/\">How to nurture and care for the coat?<\/a>where we have included simple tips to make caring for your coat easier. And to refresh your wool frequently, we recommend the following <a href=\"https:\/\/talia-fashion.pl\/en\/product\/szczotka-do-czyszczenia-i-pielegnacji-plaszcza\/\">Brush for cleaning and care of the coat<\/a>available in our shop.<\/span><\/p>\n<p><span lang=\"DE\">There is also the possibility of <strong>Individual orders<\/strong>, i.e. with minor modifications at the client's request. We can shorten or lengthen the sleeves, shorten or lengthen the coat, remove decorative epaulettes. The cost of such a service is determined individually after prior contact and determination of possible options. <\/span><strong>An individual order is not subject to exchange or refund.<\/strong><\/p>\n<p><span lang=\"DE\">The lead time depends on the current stock in the atelier and the availability of the fabric colour in question. If the given coat is available in the atelier, the order will be fulfilled very quickly - 2-5 working days. If it is necessary to sew the coat or individualise the order - making alterations or sewing a new coat - the lead time may be extended, up to a maximum of 2 weeks.<\/span><\/p>\n<p>Growing <strong>traditional crafts<\/strong> and every one of our <strong>the coat is hand-sewn<\/strong>and this takes time and precision. We sew most of our coats on the fly, not in stock. That's why we ask for your patience - we need to sew this coat for you. Thank you for supporting a local company.<\/p>\n<p>We invite you to stay with us for longer and to follow our profiles on <a href=\"https:\/\/www.facebook.com\/talia.plaszcze\">Facebook<\/a>\u00a0and\u00a0<a href=\"https:\/\/www.instagram.com\/talia_plaszcze\/\">Instagram<\/a>.<\/p>","protected":false},"excerpt":{"rendered":"<p>A long winter coat with a modern cut in a romantic style. A relaxed, comfortable form, refined fabric with a predominance of wool and a sophisticated burgundy colour.<\/p>","protected":false},"featured_media":259790,"template":"","meta":{"_acf_changed":false},"product_cat":[31,36],"product_tag":[294,78,119,34,39,40,80,323,41,42,67,299,43,44,45,46,68,83,47,59,122,195,85,50,86,173,60,374,375,52,258,53,88,147],"class_list":{"0":"post-259041","1":"product","2":"type-product","3":"status-publish","4":"has-post-thumbnail","6":"product_cat-nowosci","7":"product_cat-plaszcze-dluzsze","8":"product_tag-acetatowa-podszewka","9":"product_tag-dla-roznych-sylwetek","10":"product_tag-dlugi-plaszcz-zimowy","11":"product_tag-handmade","12":"product_tag-klasyczny","13":"product_tag-kolnierz","14":"product_tag-luzny-kroj","15":"product_tag-mokka","16":"product_tag-na-podszewce","17":"product_tag-nowosc","18":"product_tag-ocieplany","19":"product_tag-plaszcz-czekoladowy","20":"product_tag-plaszcz-damski","21":"product_tag-plaszcz-damski-dlugi","22":"product_tag-plaszcz-dlugi","23":"product_tag-plaszcz-dwurzedowy","24":"product_tag-plaszcz-jesienny","25":"product_tag-plaszcz-luzny","26":"product_tag-plaszcz-na-guziki","27":"product_tag-plaszcz-przejsciowy","28":"product_tag-plaszcz-szlafrokowy","29":"product_tag-plaszcz-typu-basic","30":"product_tag-plaszcz-welniany","31":"product_tag-plaszcz-z-rewersem","32":"product_tag-plaszcz-zimowy-ocieplany","33":"product_tag-polski-producent-plaszczy","34":"product_tag-producent-plaszczy-damskich","35":"product_tag-styl-romantyczny","36":"product_tag-stylizacje-wielowarstwowe","37":"product_tag-szylkretowe-guziki","38":"product_tag-trencz-damski","39":"product_tag-welna","40":"product_tag-wiazany","41":"product_tag-zrownowazona-produkcja","43":"first","44":"instock","45":"shipping-taxable","46":"purchasable","47":"product-type-variable","48":"has-default-attributes"},"acf":[],"yoast_head":"<!-- This site is optimized with the Yoast SEO plugin v25.7 - https:\/\/yoast.com\/wordpress\/plugins\/seo\/ -->\n<title>Burgundowy d\u0142ugi p\u0142aszcz zimowy z we\u0142n\u0105 Helena - Talia Fashion - p\u0142aszcz damski<\/title>\n<meta name=\"description\" content=\"Burgundowy p\u0142aszcz zimowy z we\u0142n\u0105 - wygodny, nowoczesny kr\u00f3j. Uniwersalny kolor. Uszyty w naszej rodzinnej pracowni. Ponadczasowy model. Styl romantyczny.\" \/>\n<meta name=\"robots\" content=\"index, follow, max-snippet:-1, max-image-preview:large, max-video-preview:-1\" \/>\n<link rel=\"canonical\" href=\"https:\/\/talia-fashion.pl\/en\/product\/burgundowy-dlugi-plaszcz-zimowy-z-welna-helena\/\" \/>\n<meta property=\"og:locale\" content=\"en_GB\" \/>\n<meta property=\"og:type\" content=\"article\" \/>\n<meta property=\"og:title\" content=\"Burgundowy d\u0142ugi p\u0142aszcz zimowy z we\u0142n\u0105 Helena - Talia Fashion - p\u0142aszcz damski\" \/>\n<meta property=\"og:description\" content=\"Burgundowy p\u0142aszcz zimowy z we\u0142n\u0105 - wygodny, nowoczesny kr\u00f3j. Uniwersalny kolor. Uszyty w naszej rodzinnej pracowni. Ponadczasowy model. Styl romantyczny.\" \/>\n<meta property=\"og:url\" content=\"https:\/\/talia-fashion.pl\/en\/product\/burgundowy-dlugi-plaszcz-zimowy-z-welna-helena\/\" \/>\n<meta property=\"og:site_name\" content=\"Talia Fashion\" \/>\n<meta property=\"article:modified_time\" content=\"2026-04-01T11:51:22+00:00\" \/>\n<meta property=\"og:image\" content=\"https:\/\/talia-fashion.pl\/wp-content\/uploads\/2025\/09\/burgundowy-dlugi-plaszcz-zimowy-welna-pagony.jpg\" \/>\n\t<meta property=\"og:image:width\" content=\"1334\" \/>\n\t<meta property=\"og:image:height\" content=\"2000\" \/>\n\t<meta property=\"og:image:type\" content=\"image\/jpeg\" \/>\n<meta name=\"twitter:card\" content=\"summary_large_image\" \/>\n<meta name=\"twitter:label1\" content=\"Estimated reading time\" \/>\n\t<meta name=\"twitter:data1\" content=\"4 minutes\" \/>\n<script type=\"application\/ld+json\" class=\"yoast-schema-graph\">{\"@context\":\"https:\/\/schema.org\",\"@graph\":[{\"@type\":\"WebPage\",\"@id\":\"https:\/\/talia-fashion.pl\/produkt\/burgundowy-dlugi-plaszcz-zimowy-z-welna-helena\/\",\"url\":\"https:\/\/talia-fashion.pl\/produkt\/burgundowy-dlugi-plaszcz-zimowy-z-welna-helena\/\",\"name\":\"Burgundowy d\u0142ugi p\u0142aszcz zimowy z we\u0142n\u0105 Helena - Talia Fashion - p\u0142aszcz damski\",\"isPartOf\":{\"@id\":\"https:\/\/talia-fashion.pl\/#website\"},\"primaryImageOfPage\":{\"@id\":\"https:\/\/talia-fashion.pl\/produkt\/burgundowy-dlugi-plaszcz-zimowy-z-welna-helena\/#primaryimage\"},\"image\":{\"@id\":\"https:\/\/talia-fashion.pl\/produkt\/burgundowy-dlugi-plaszcz-zimowy-z-welna-helena\/#primaryimage\"},\"thumbnailUrl\":\"https:\/\/talia-fashion.pl\/wp-content\/uploads\/2025\/09\/burgundowy-dlugi-plaszcz-zimowy-welna-pagony.jpg\",\"datePublished\":\"2025-09-18T12:45:50+00:00\",\"dateModified\":\"2026-04-01T11:51:22+00:00\",\"description\":\"Burgundowy p\u0142aszcz zimowy z we\u0142n\u0105 - wygodny, nowoczesny kr\u00f3j. Uniwersalny kolor. Uszyty w naszej rodzinnej pracowni. Ponadczasowy model. Styl romantyczny.\",\"breadcrumb\":{\"@id\":\"https:\/\/talia-fashion.pl\/produkt\/burgundowy-dlugi-plaszcz-zimowy-z-welna-helena\/#breadcrumb\"},\"inLanguage\":\"en-GB\",\"potentialAction\":[{\"@type\":\"ReadAction\",\"target\":[\"https:\/\/talia-fashion.pl\/produkt\/burgundowy-dlugi-plaszcz-zimowy-z-welna-helena\/\"]}]},{\"@type\":\"ImageObject\",\"inLanguage\":\"en-GB\",\"@id\":\"https:\/\/talia-fashion.pl\/produkt\/burgundowy-dlugi-plaszcz-zimowy-z-welna-helena\/#primaryimage\",\"url\":\"https:\/\/talia-fashion.pl\/wp-content\/uploads\/2025\/09\/burgundowy-dlugi-plaszcz-zimowy-welna-pagony.jpg\",\"contentUrl\":\"https:\/\/talia-fashion.pl\/wp-content\/uploads\/2025\/09\/burgundowy-dlugi-plaszcz-zimowy-welna-pagony.jpg\",\"width\":1334,\"height\":2000,\"caption\":\"Burgundowy d\u0142ugi p\u0142aszcz damski zimowy z we\u0142n\u0105. Swobodny kr\u00f3j o raglanowym r\u0119kawie. Wi\u0105zany.\"},{\"@type\":\"BreadcrumbList\",\"@id\":\"https:\/\/talia-fashion.pl\/produkt\/burgundowy-dlugi-plaszcz-zimowy-z-welna-helena\/#breadcrumb\",\"itemListElement\":[{\"@type\":\"ListItem\",\"position\":1,\"name\":\"Strona g\u0142\u00f3wna\",\"item\":\"https:\/\/talia-fashion.pl\/\"},{\"@type\":\"ListItem\",\"position\":2,\"name\":\"Sklep\",\"item\":\"https:\/\/talia-fashion.pl\/sklep\/\"},{\"@type\":\"ListItem\",\"position\":3,\"name\":\"Burgundowy d\u0142ugi p\u0142aszcz zimowy z we\u0142n\u0105 Helena\"}]},{\"@type\":\"WebSite\",\"@id\":\"https:\/\/talia-fashion.pl\/#website\",\"url\":\"https:\/\/talia-fashion.pl\/\",\"name\":\"Talia Fashion\",\"description\":\"\",\"potentialAction\":[{\"@type\":\"SearchAction\",\"target\":{\"@type\":\"EntryPoint\",\"urlTemplate\":\"https:\/\/talia-fashion.pl\/?s={search_term_string}\"},\"query-input\":{\"@type\":\"PropertyValueSpecification\",\"valueRequired\":true,\"valueName\":\"search_term_string\"}}],\"inLanguage\":\"en-GB\"}]}<\/script>\n<!-- \/ Yoast SEO plugin. -->","yoast_head_json":{"title":"Burgundowy d\u0142ugi p\u0142aszcz zimowy z we\u0142n\u0105 Helena - Talia Fashion - p\u0142aszcz damski","description":"Burgundowy p\u0142aszcz zimowy z we\u0142n\u0105 - wygodny, nowoczesny kr\u00f3j. Uniwersalny kolor. Uszyty w naszej rodzinnej pracowni. Ponadczasowy model. Styl romantyczny.","robots":{"index":"index","follow":"follow","max-snippet":"max-snippet:-1","max-image-preview":"max-image-preview:large","max-video-preview":"max-video-preview:-1"},"canonical":"https:\/\/talia-fashion.pl\/en\/product\/burgundowy-dlugi-plaszcz-zimowy-z-welna-helena\/","og_locale":"en_GB","og_type":"article","og_title":"Burgundowy d\u0142ugi p\u0142aszcz zimowy z we\u0142n\u0105 Helena - Talia Fashion - p\u0142aszcz damski","og_description":"Burgundowy p\u0142aszcz zimowy z we\u0142n\u0105 - wygodny, nowoczesny kr\u00f3j. Uniwersalny kolor. Uszyty w naszej rodzinnej pracowni. Ponadczasowy model. Styl romantyczny.","og_url":"https:\/\/talia-fashion.pl\/en\/product\/burgundowy-dlugi-plaszcz-zimowy-z-welna-helena\/","og_site_name":"Talia Fashion","article_modified_time":"2026-04-01T11:51:22+00:00","og_image":[{"width":1334,"height":2000,"url":"https:\/\/talia-fashion.pl\/wp-content\/uploads\/2025\/09\/burgundowy-dlugi-plaszcz-zimowy-welna-pagony.jpg","type":"image\/jpeg"}],"twitter_card":"summary_large_image","twitter_misc":{"Estimated reading time":"4 minutes"},"schema":{"@context":"https:\/\/schema.org","@graph":[{"@type":"WebPage","@id":"https:\/\/talia-fashion.pl\/produkt\/burgundowy-dlugi-plaszcz-zimowy-z-welna-helena\/","url":"https:\/\/talia-fashion.pl\/produkt\/burgundowy-dlugi-plaszcz-zimowy-z-welna-helena\/","name":"Burgundowy d\u0142ugi p\u0142aszcz zimowy z we\u0142n\u0105 Helena - Talia Fashion - p\u0142aszcz damski","isPartOf":{"@id":"https:\/\/talia-fashion.pl\/#website"},"primaryImageOfPage":{"@id":"https:\/\/talia-fashion.pl\/produkt\/burgundowy-dlugi-plaszcz-zimowy-z-welna-helena\/#primaryimage"},"image":{"@id":"https:\/\/talia-fashion.pl\/produkt\/burgundowy-dlugi-plaszcz-zimowy-z-welna-helena\/#primaryimage"},"thumbnailUrl":"https:\/\/talia-fashion.pl\/wp-content\/uploads\/2025\/09\/burgundowy-dlugi-plaszcz-zimowy-welna-pagony.jpg","datePublished":"2025-09-18T12:45:50+00:00","dateModified":"2026-04-01T11:51:22+00:00","description":"Burgundowy p\u0142aszcz zimowy z we\u0142n\u0105 - wygodny, nowoczesny kr\u00f3j. Uniwersalny kolor. Uszyty w naszej rodzinnej pracowni. Ponadczasowy model. Styl romantyczny.","breadcrumb":{"@id":"https:\/\/talia-fashion.pl\/produkt\/burgundowy-dlugi-plaszcz-zimowy-z-welna-helena\/#breadcrumb"},"inLanguage":"en-GB","potentialAction":[{"@type":"ReadAction","target":["https:\/\/talia-fashion.pl\/produkt\/burgundowy-dlugi-plaszcz-zimowy-z-welna-helena\/"]}]},{"@type":"ImageObject","inLanguage":"en-GB","@id":"https:\/\/talia-fashion.pl\/produkt\/burgundowy-dlugi-plaszcz-zimowy-z-welna-helena\/#primaryimage","url":"https:\/\/talia-fashion.pl\/wp-content\/uploads\/2025\/09\/burgundowy-dlugi-plaszcz-zimowy-welna-pagony.jpg","contentUrl":"https:\/\/talia-fashion.pl\/wp-content\/uploads\/2025\/09\/burgundowy-dlugi-plaszcz-zimowy-welna-pagony.jpg","width":1334,"height":2000,"caption":"Burgundowy d\u0142ugi p\u0142aszcz damski zimowy z we\u0142n\u0105. Swobodny kr\u00f3j o raglanowym r\u0119kawie. Wi\u0105zany."},{"@type":"BreadcrumbList","@id":"https:\/\/talia-fashion.pl\/produkt\/burgundowy-dlugi-plaszcz-zimowy-z-welna-helena\/#breadcrumb","itemListElement":[{"@type":"ListItem","position":1,"name":"Strona g\u0142\u00f3wna","item":"https:\/\/talia-fashion.pl\/"},{"@type":"ListItem","position":2,"name":"Sklep","item":"https:\/\/talia-fashion.pl\/sklep\/"},{"@type":"ListItem","position":3,"name":"Burgundowy d\u0142ugi p\u0142aszcz zimowy z we\u0142n\u0105 Helena"}]},{"@type":"WebSite","@id":"https:\/\/talia-fashion.pl\/#website","url":"https:\/\/talia-fashion.pl\/","name":"Talia Fashion","description":"","potentialAction":[{"@type":"SearchAction","target":{"@type":"EntryPoint","urlTemplate":"https:\/\/talia-fashion.pl\/?s={search_term_string}"},"query-input":{"@type":"PropertyValueSpecification","valueRequired":true,"valueName":"search_term_string"}}],"inLanguage":"en-GB"}]}},"_links":{"self":[{"href":"https:\/\/talia-fashion.pl\/en\/wp-json\/wp\/v2\/product\/259041","targetHints":{"allow":["GET"]}}],"collection":[{"href":"https:\/\/talia-fashion.pl\/en\/wp-json\/wp\/v2\/product"}],"about":[{"href":"https:\/\/talia-fashion.pl\/en\/wp-json\/wp\/v2\/types\/product"}],"wp:featuredmedia":[{"embeddable":true,"href":"https:\/\/talia-fashion.pl\/en\/wp-json\/wp\/v2\/media\/259790"}],"wp:attachment":[{"href":"https:\/\/talia-fashion.pl\/en\/wp-json\/wp\/v2\/media?parent=259041"}],"wp:term":[{"taxonomy":"product_cat","embeddable":true,"href":"https:\/\/talia-fashion.pl\/en\/wp-json\/wp\/v2\/product_cat?post=259041"},{"taxonomy":"product_tag","embeddable":true,"href":"https:\/\/talia-fashion.pl\/en\/wp-json\/wp\/v2\/product_tag?post=259041"}],"curies":[{"name":"wp","href":"https:\/\/api.w.org\/{rel}","templated":true}]}}