{"id":258953,"date":"2025-09-16T15:01:54","date_gmt":"2025-09-16T13:01:54","guid":{"rendered":"https:\/\/talia-fashion.pl\/?post_type=product&#038;p=258953"},"modified":"2026-04-08T12:25:55","modified_gmt":"2026-04-08T10:25:55","slug":"dlugi-plaszcz-damski-w-jodelke-z-welny-dziewiczej-lukka","status":"publish","type":"product","link":"https:\/\/talia-fashion.pl\/en\/product\/dlugi-plaszcz-damski-w-jodelke-z-welny-dziewiczej-lukka\/","title":{"rendered":"Ladies' long herringbone coat in virgin wool Lucca"},"content":{"rendered":"<p><strong>Ladies' long herringbone coat<\/strong> virgin wool Lucca is a <strong>insulated winter coat<\/strong> with a classic, timeless cut and pattern. Fitted to the silhouette at the back, the front is profiled, making the coat very comfortable and, although fitted, does not drape over the silhouette. <strong>Belt<\/strong> Made from the same fabric as the coat, it helps to further emphasise the waist. <strong>Two sides<\/strong>, recessed <strong>pockets<\/strong>adding functionality. Decorative <strong>reverse flange<\/strong>which, when raised, perfectly envelops and protects from the wind. <strong>Rear opening<\/strong> - Slimmer and more comfortable. Coat length to mid-calf. Fastened <strong>double-breasted with buttons<\/strong>. Fully lined model. Additionally insulated, also in the sleeves. Ideal for autumn and winter chills. Carefully tailored and sewn. Refined to the smallest detail. <strong>Premium product in limited quantities<\/strong>.<\/p>\n<p><strong>Minimalist cut<\/strong> It blends perfectly with the herringbone patterned fabric. The muted combination of beige and grey emphasises the luxurious character of the coat. Everything about this coat is on trend. <strong>quiet luxury<\/strong> and old money. Great quality, natural material with a predominance of wool, a classic cut and a timeless herringbone pattern prove that going back to the origins is a good thing. The coat offers unlimited styling possibilities. Especially since <strong>herringbone<\/strong> Easy to combine with earthy colours: greys, beiges and browns. Whether sporty or more casual for work or perhaps for a special occasion. All you need is a beige turtleneck and wide woollen trousers - the styling will do itself. You'll look great every time, luxurious but subtle.<\/p>\n<p>We invite you to take a look at our guidelines <a href=\"https:\/\/talia-fashion.pl\/en\/jak-dobrac-plaszcz-do-sylwetki\/\">How do you choose a coat to suit your figure?<\/a><\/p>\n<p><span lang=\"DE\">Actual photo - herringbone grey and beige<\/span><\/p>\n<p>Available colours<span lang=\"DE\">: herringbone grey-beige, herringbone chocolate black<\/span><\/p>\n<p><span lang=\"DE\">Regarding herringbone, please contact me by email.<br \/>\n<\/span><\/p>\n<p>The colours are shown in the pictures of the coats in the various cuts, in the other auctions and in the <a href=\"https:\/\/talia-fashion.pl\/en\/paleta-kolorow\/\">colour palette<\/a>. If in doubt, please contact us.<\/p>\n<p><span lang=\"DE\">Available sizes: XS, S, M, L<br \/>\n<\/span><\/p>\n<p><span lang=\"DE\">Indicative dimensions:<\/span><\/p>\n<p><span lang=\"DE\">XS - bust: 86-88 \/ hips 94-96 \/ length: 118 \/ arms 34.5-35 \/ sleeve 61<br \/>\nS - bust: 90-92 \/ hips: 98-100 \/ length: 118\/ shoulders 35.5-36 \/ sleeve: 62<br \/>\nM - bust: 94-96 \/ hips: 102-104 \/ length: 118 \/ shoulders 37.5 \/ sleeve: 62<br \/>\nL - bust: 98-100 \/ hips: 106-108 \/ length: 119 \/ shoulders 39.5-40 \/ sleeve: 63<br \/>\nXL - bust: 104-106 \/ hips: 112-114 \/ length: 119 \/ shoulders 42-42.5 \/ sleeve: 64<\/span><\/p>\n<p><span lang=\"DE\">If you are unsure of your size selection, please contact us.<\/span><\/p>\n<p>Herringbone material: 80% virgin wool, 20% polyamide<\/p>\n<p>Chocolate black herringbone: 90% virgin wool, 10% polyamide<\/p>\n<p>Lining: 100% acetate<\/p>\n<p>Like viscose, acetate is produced from cellulose. Acetate yarn can also be made from recycled cellulose such as paper. The acetate lining is excellent at absorbing moisture and permeable to air. It is coated with an antistatic apprettee and is OEKOtex\u00ae Standard 100 certified.<\/p>\n<p>Insulation: 100% non-woven recycled polyester<br \/>\nOur coats are insulated with a compressed thermo-insulating quilted fleece on the lining. The fleece is made from recycled polyester fibres. The material is lightweight, thin and at the same time perfectly insulating. The insulating fleece we use is resistant to moisture (it retains its insulating properties and warming effect even in damp conditions), stops the wind, is hypoallergenic and breathable. It is OEKOtex\u00ae Standard 100 certified.<\/p>\n<p>Ladies' long herringbone coat in virgin wool Lucca should be dry-cleaned. For home wool cleaning we recommend <a href=\"https:\/\/talia-fashion.pl\/en\/product\/szczotka-do-czyszczenia-i-pielegnacji-plaszcza\/\">Brush for cleaning and care of the coat,<\/a> which can be purchased in our shop. What to do to enjoy your coat indefinitely is suggested under <a href=\"https:\/\/talia-fashion.pl\/en\/jak-pielegnowac-i-dbac-o-plaszcz\/\">How to care for and maintain coats<\/a>. <strong>By taking care of your clothing you are at the same time taking care of the environment. <\/strong><\/p>\n<p>On special request, we can make small modifications, such as shortening or lengthening the sleeves, shortening or lengthening the coat, sewing a coat with an opening at the back. Such modifications give the order a status of <strong>Individual order. <\/strong>Individual order<strong> is not exchangeable or refundable. <\/strong>All personalisations are agreed and priced separately. Please contact us by email.<\/p>\n<p><span lang=\"DE\">The lead time depends on the company's current stock and the availability of a given fabric colour. If a given coat is available in the company, the order will be realised very quickly - 2-5 working days. If individualisation of the order is necessary - making alterations or sewing a new coat - the lead time may be extended to a maximum of 2 weeks.<\/span><\/p>\n<p>We are <strong>family workshop<\/strong>where we practise traditional tailoring. <strong>We minimise waste and avoid overproduction<\/strong>, which is why we do not sew coats in stock. So please be patient as we need to sew this coat for you. Due to a very limited amount of material, for this model we are running a <strong>pre-sale<\/strong> - implementation within 14 days.<\/p>\n<p>We encourage you to like our fanpage on <a href=\"https:\/\/www.facebook.com\/talia.plaszcze\">Facebook<\/a>.<\/p>","protected":false},"excerpt":{"rendered":"<p>Women's long coat in grey and beige herringbone in a soft fabric with a predominance of wool. An insulated winter coat with a classic, timeless cut and pattern.<\/p>","protected":false},"featured_media":259203,"template":"","meta":{"_acf_changed":false},"product_cat":[36],"product_tag":[89,119,209,32,33,37,34,39,41,42,67,43,44,91,45,68,47,75,50,95,86,87,52,53,139,210],"class_list":{"0":"post-258953","1":"product","2":"type-product","3":"status-publish","4":"has-post-thumbnail","6":"product_cat-plaszcze-dluzsze","7":"product_tag-cieply","8":"product_tag-dlugi-plaszcz-zimowy","9":"product_tag-do-polowy-lydki","10":"product_tag-dopasowany-kroj","11":"product_tag-dwurzedowy","12":"product_tag-dyplomatka","13":"product_tag-handmade","14":"product_tag-klasyczny","15":"product_tag-na-podszewce","16":"product_tag-nowosc","17":"product_tag-ocieplany","18":"product_tag-plaszcz-damski","19":"product_tag-plaszcz-damski-dlugi","20":"product_tag-plaszcz-damski-zimowy","21":"product_tag-plaszcz-dlugi","22":"product_tag-plaszcz-jesienny","23":"product_tag-plaszcz-na-guziki","24":"product_tag-plaszcz-ocieplany","25":"product_tag-plaszcz-z-rewersem","26":"product_tag-plaszcz-zimowy","27":"product_tag-plaszcz-zimowy-ocieplany","28":"product_tag-produkt-premium","29":"product_tag-szylkretowe-guziki","30":"product_tag-welna","31":"product_tag-welna-dziewicza","32":"product_tag-za-kolano","34":"first","35":"instock","36":"shipping-taxable","37":"purchasable","38":"product-type-variable","39":"has-default-attributes"},"acf":[],"yoast_head":"<!-- This site is optimized with the Yoast SEO plugin v25.7 - https:\/\/yoast.com\/wordpress\/plugins\/seo\/ -->\n<title>D\u0142ugi p\u0142aszcz damski w jode\u0142k\u0119 z we\u0142ny dziewiczej Lukka - Talia Fashion<\/title>\n<meta name=\"description\" content=\"D\u0142ugi p\u0142aszcz damski w jode\u0142k\u0119 z we\u0142ny dziewiczej, to naturalna elegancja w klasycznym kroju i w ponadczasowy wz\u00f3r jode\u0142ki. Ekskluzywne p\u0142aszcze damskie.\" \/>\n<meta name=\"robots\" content=\"index, follow, max-snippet:-1, max-image-preview:large, max-video-preview:-1\" \/>\n<link rel=\"canonical\" href=\"https:\/\/talia-fashion.pl\/en\/product\/dlugi-plaszcz-damski-w-jodelke-z-welny-dziewiczej-lukka\/\" \/>\n<meta property=\"og:locale\" content=\"en_GB\" \/>\n<meta property=\"og:type\" content=\"article\" \/>\n<meta property=\"og:title\" content=\"D\u0142ugi p\u0142aszcz damski w jode\u0142k\u0119 z we\u0142ny dziewiczej Lukka - Talia Fashion\" \/>\n<meta property=\"og:description\" content=\"D\u0142ugi p\u0142aszcz damski w jode\u0142k\u0119 z we\u0142ny dziewiczej, to naturalna elegancja w klasycznym kroju i w ponadczasowy wz\u00f3r jode\u0142ki. Ekskluzywne p\u0142aszcze damskie.\" \/>\n<meta property=\"og:url\" content=\"https:\/\/talia-fashion.pl\/en\/product\/dlugi-plaszcz-damski-w-jodelke-z-welny-dziewiczej-lukka\/\" \/>\n<meta property=\"og:site_name\" content=\"Talia Fashion\" \/>\n<meta property=\"article:modified_time\" content=\"2026-04-08T10:25:55+00:00\" \/>\n<meta property=\"og:image\" content=\"https:\/\/talia-fashion.pl\/wp-content\/uploads\/2025\/09\/plaszcz-damski-dlugi-welna-dziewicza-w-jodelke-szary-bezowy-scaled.jpg\" \/>\n\t<meta property=\"og:image:width\" content=\"2239\" \/>\n\t<meta property=\"og:image:height\" content=\"3360\" \/>\n\t<meta property=\"og:image:type\" content=\"image\/jpeg\" \/>\n<meta name=\"twitter:card\" content=\"summary_large_image\" \/>\n<meta name=\"twitter:label1\" content=\"Estimated reading time\" \/>\n\t<meta name=\"twitter:data1\" content=\"4 minutes\" \/>\n<script type=\"application\/ld+json\" class=\"yoast-schema-graph\">{\"@context\":\"https:\/\/schema.org\",\"@graph\":[{\"@type\":\"WebPage\",\"@id\":\"https:\/\/talia-fashion.pl\/produkt\/dlugi-plaszcz-damski-w-jodelke-z-welny-dziewiczej-lukka\/\",\"url\":\"https:\/\/talia-fashion.pl\/produkt\/dlugi-plaszcz-damski-w-jodelke-z-welny-dziewiczej-lukka\/\",\"name\":\"D\u0142ugi p\u0142aszcz damski w jode\u0142k\u0119 z we\u0142ny dziewiczej Lukka - Talia Fashion\",\"isPartOf\":{\"@id\":\"https:\/\/talia-fashion.pl\/#website\"},\"primaryImageOfPage\":{\"@id\":\"https:\/\/talia-fashion.pl\/produkt\/dlugi-plaszcz-damski-w-jodelke-z-welny-dziewiczej-lukka\/#primaryimage\"},\"image\":{\"@id\":\"https:\/\/talia-fashion.pl\/produkt\/dlugi-plaszcz-damski-w-jodelke-z-welny-dziewiczej-lukka\/#primaryimage\"},\"thumbnailUrl\":\"https:\/\/talia-fashion.pl\/wp-content\/uploads\/2025\/09\/plaszcz-damski-dlugi-welna-dziewicza-w-jodelke-szary-bezowy-scaled.jpg\",\"datePublished\":\"2025-09-16T13:01:54+00:00\",\"dateModified\":\"2026-04-08T10:25:55+00:00\",\"description\":\"D\u0142ugi p\u0142aszcz damski w jode\u0142k\u0119 z we\u0142ny dziewiczej, to naturalna elegancja w klasycznym kroju i w ponadczasowy wz\u00f3r jode\u0142ki. Ekskluzywne p\u0142aszcze damskie.\",\"breadcrumb\":{\"@id\":\"https:\/\/talia-fashion.pl\/produkt\/dlugi-plaszcz-damski-w-jodelke-z-welny-dziewiczej-lukka\/#breadcrumb\"},\"inLanguage\":\"en-GB\",\"potentialAction\":[{\"@type\":\"ReadAction\",\"target\":[\"https:\/\/talia-fashion.pl\/produkt\/dlugi-plaszcz-damski-w-jodelke-z-welny-dziewiczej-lukka\/\"]}]},{\"@type\":\"ImageObject\",\"inLanguage\":\"en-GB\",\"@id\":\"https:\/\/talia-fashion.pl\/produkt\/dlugi-plaszcz-damski-w-jodelke-z-welny-dziewiczej-lukka\/#primaryimage\",\"url\":\"https:\/\/talia-fashion.pl\/wp-content\/uploads\/2025\/09\/plaszcz-damski-dlugi-welna-dziewicza-w-jodelke-szary-bezowy-scaled.jpg\",\"contentUrl\":\"https:\/\/talia-fashion.pl\/wp-content\/uploads\/2025\/09\/plaszcz-damski-dlugi-welna-dziewicza-w-jodelke-szary-bezowy-scaled.jpg\",\"width\":2239,\"height\":3360,\"caption\":\"P\u0142aszcz damski d\u0142ugi z we\u0142ny dziewiczej w jode\u0142k\u0119 szaro-be\u017cow\u0105. Ponadczasowy klasyk.\"},{\"@type\":\"BreadcrumbList\",\"@id\":\"https:\/\/talia-fashion.pl\/produkt\/dlugi-plaszcz-damski-w-jodelke-z-welny-dziewiczej-lukka\/#breadcrumb\",\"itemListElement\":[{\"@type\":\"ListItem\",\"position\":1,\"name\":\"Strona g\u0142\u00f3wna\",\"item\":\"https:\/\/talia-fashion.pl\/\"},{\"@type\":\"ListItem\",\"position\":2,\"name\":\"Sklep\",\"item\":\"https:\/\/talia-fashion.pl\/sklep\/\"},{\"@type\":\"ListItem\",\"position\":3,\"name\":\"D\u0142ugi p\u0142aszcz damski w jode\u0142k\u0119 z we\u0142ny dziewiczej Lukka\"}]},{\"@type\":\"WebSite\",\"@id\":\"https:\/\/talia-fashion.pl\/#website\",\"url\":\"https:\/\/talia-fashion.pl\/\",\"name\":\"Talia Fashion\",\"description\":\"\",\"potentialAction\":[{\"@type\":\"SearchAction\",\"target\":{\"@type\":\"EntryPoint\",\"urlTemplate\":\"https:\/\/talia-fashion.pl\/?s={search_term_string}\"},\"query-input\":{\"@type\":\"PropertyValueSpecification\",\"valueRequired\":true,\"valueName\":\"search_term_string\"}}],\"inLanguage\":\"en-GB\"}]}<\/script>\n<!-- \/ Yoast SEO plugin. -->","yoast_head_json":{"title":"D\u0142ugi p\u0142aszcz damski w jode\u0142k\u0119 z we\u0142ny dziewiczej Lukka - Talia Fashion","description":"D\u0142ugi p\u0142aszcz damski w jode\u0142k\u0119 z we\u0142ny dziewiczej, to naturalna elegancja w klasycznym kroju i w ponadczasowy wz\u00f3r jode\u0142ki. Ekskluzywne p\u0142aszcze damskie.","robots":{"index":"index","follow":"follow","max-snippet":"max-snippet:-1","max-image-preview":"max-image-preview:large","max-video-preview":"max-video-preview:-1"},"canonical":"https:\/\/talia-fashion.pl\/en\/product\/dlugi-plaszcz-damski-w-jodelke-z-welny-dziewiczej-lukka\/","og_locale":"en_GB","og_type":"article","og_title":"D\u0142ugi p\u0142aszcz damski w jode\u0142k\u0119 z we\u0142ny dziewiczej Lukka - Talia Fashion","og_description":"D\u0142ugi p\u0142aszcz damski w jode\u0142k\u0119 z we\u0142ny dziewiczej, to naturalna elegancja w klasycznym kroju i w ponadczasowy wz\u00f3r jode\u0142ki. Ekskluzywne p\u0142aszcze damskie.","og_url":"https:\/\/talia-fashion.pl\/en\/product\/dlugi-plaszcz-damski-w-jodelke-z-welny-dziewiczej-lukka\/","og_site_name":"Talia Fashion","article_modified_time":"2026-04-08T10:25:55+00:00","og_image":[{"width":2239,"height":3360,"url":"https:\/\/talia-fashion.pl\/wp-content\/uploads\/2025\/09\/plaszcz-damski-dlugi-welna-dziewicza-w-jodelke-szary-bezowy-scaled.jpg","type":"image\/jpeg"}],"twitter_card":"summary_large_image","twitter_misc":{"Estimated reading time":"4 minutes"},"schema":{"@context":"https:\/\/schema.org","@graph":[{"@type":"WebPage","@id":"https:\/\/talia-fashion.pl\/produkt\/dlugi-plaszcz-damski-w-jodelke-z-welny-dziewiczej-lukka\/","url":"https:\/\/talia-fashion.pl\/produkt\/dlugi-plaszcz-damski-w-jodelke-z-welny-dziewiczej-lukka\/","name":"D\u0142ugi p\u0142aszcz damski w jode\u0142k\u0119 z we\u0142ny dziewiczej Lukka - Talia Fashion","isPartOf":{"@id":"https:\/\/talia-fashion.pl\/#website"},"primaryImageOfPage":{"@id":"https:\/\/talia-fashion.pl\/produkt\/dlugi-plaszcz-damski-w-jodelke-z-welny-dziewiczej-lukka\/#primaryimage"},"image":{"@id":"https:\/\/talia-fashion.pl\/produkt\/dlugi-plaszcz-damski-w-jodelke-z-welny-dziewiczej-lukka\/#primaryimage"},"thumbnailUrl":"https:\/\/talia-fashion.pl\/wp-content\/uploads\/2025\/09\/plaszcz-damski-dlugi-welna-dziewicza-w-jodelke-szary-bezowy-scaled.jpg","datePublished":"2025-09-16T13:01:54+00:00","dateModified":"2026-04-08T10:25:55+00:00","description":"D\u0142ugi p\u0142aszcz damski w jode\u0142k\u0119 z we\u0142ny dziewiczej, to naturalna elegancja w klasycznym kroju i w ponadczasowy wz\u00f3r jode\u0142ki. Ekskluzywne p\u0142aszcze damskie.","breadcrumb":{"@id":"https:\/\/talia-fashion.pl\/produkt\/dlugi-plaszcz-damski-w-jodelke-z-welny-dziewiczej-lukka\/#breadcrumb"},"inLanguage":"en-GB","potentialAction":[{"@type":"ReadAction","target":["https:\/\/talia-fashion.pl\/produkt\/dlugi-plaszcz-damski-w-jodelke-z-welny-dziewiczej-lukka\/"]}]},{"@type":"ImageObject","inLanguage":"en-GB","@id":"https:\/\/talia-fashion.pl\/produkt\/dlugi-plaszcz-damski-w-jodelke-z-welny-dziewiczej-lukka\/#primaryimage","url":"https:\/\/talia-fashion.pl\/wp-content\/uploads\/2025\/09\/plaszcz-damski-dlugi-welna-dziewicza-w-jodelke-szary-bezowy-scaled.jpg","contentUrl":"https:\/\/talia-fashion.pl\/wp-content\/uploads\/2025\/09\/plaszcz-damski-dlugi-welna-dziewicza-w-jodelke-szary-bezowy-scaled.jpg","width":2239,"height":3360,"caption":"P\u0142aszcz damski d\u0142ugi z we\u0142ny dziewiczej w jode\u0142k\u0119 szaro-be\u017cow\u0105. Ponadczasowy klasyk."},{"@type":"BreadcrumbList","@id":"https:\/\/talia-fashion.pl\/produkt\/dlugi-plaszcz-damski-w-jodelke-z-welny-dziewiczej-lukka\/#breadcrumb","itemListElement":[{"@type":"ListItem","position":1,"name":"Strona g\u0142\u00f3wna","item":"https:\/\/talia-fashion.pl\/"},{"@type":"ListItem","position":2,"name":"Sklep","item":"https:\/\/talia-fashion.pl\/sklep\/"},{"@type":"ListItem","position":3,"name":"D\u0142ugi p\u0142aszcz damski w jode\u0142k\u0119 z we\u0142ny dziewiczej Lukka"}]},{"@type":"WebSite","@id":"https:\/\/talia-fashion.pl\/#website","url":"https:\/\/talia-fashion.pl\/","name":"Talia Fashion","description":"","potentialAction":[{"@type":"SearchAction","target":{"@type":"EntryPoint","urlTemplate":"https:\/\/talia-fashion.pl\/?s={search_term_string}"},"query-input":{"@type":"PropertyValueSpecification","valueRequired":true,"valueName":"search_term_string"}}],"inLanguage":"en-GB"}]}},"_links":{"self":[{"href":"https:\/\/talia-fashion.pl\/en\/wp-json\/wp\/v2\/product\/258953","targetHints":{"allow":["GET"]}}],"collection":[{"href":"https:\/\/talia-fashion.pl\/en\/wp-json\/wp\/v2\/product"}],"about":[{"href":"https:\/\/talia-fashion.pl\/en\/wp-json\/wp\/v2\/types\/product"}],"wp:featuredmedia":[{"embeddable":true,"href":"https:\/\/talia-fashion.pl\/en\/wp-json\/wp\/v2\/media\/259203"}],"wp:attachment":[{"href":"https:\/\/talia-fashion.pl\/en\/wp-json\/wp\/v2\/media?parent=258953"}],"wp:term":[{"taxonomy":"product_cat","embeddable":true,"href":"https:\/\/talia-fashion.pl\/en\/wp-json\/wp\/v2\/product_cat?post=258953"},{"taxonomy":"product_tag","embeddable":true,"href":"https:\/\/talia-fashion.pl\/en\/wp-json\/wp\/v2\/product_tag?post=258953"}],"curies":[{"name":"wp","href":"https:\/\/api.w.org\/{rel}","templated":true}]}}