{"id":258917,"date":"2025-09-15T17:15:07","date_gmt":"2025-09-15T15:15:07","guid":{"rendered":"https:\/\/talia-fashion.pl\/?post_type=product&#038;p=258917"},"modified":"2026-04-08T01:07:12","modified_gmt":"2026-04-07T23:07:12","slug":"czekoladowy-plaszcz-o-luznym-kroju-kenya","status":"publish","type":"product","link":"https:\/\/talia-fashion.pl\/en\/product\/czekoladowy-plaszcz-o-luznym-kroju-kenya\/","title":{"rendered":"Chocolate loose-fit coat by Kenya"},"content":{"rendered":"<p><strong>Chocolate coat in a loose fit<\/strong> Kenya in an elegant colour that is associated with the <strong>warmth, comfort and cosiness<\/strong>but also with <strong>naturalness<\/strong>. The chocolate colour works well for autumn styling. It pairs well with beige, gold, green, blue, burgundy and ecru. It also pairs well with earthy colours, making it a great alternative to the classic camel coat, as it will just as easily become the base for many looks.<\/p>\n<p>Model <strong>double-breasted, with button fastening<\/strong>. <strong>Oversized style<\/strong>. Low sewn-in sleeves and two front pockets finished with decorative trim add functionality. A widened collar with a cut-out, beautifully modelling neckline in a slimming pointed shape. Fully lined coat with additional <strong>insulated<\/strong>. Due to <strong>reduced shoulder line<\/strong> The coat falls slightly wider especially in the upper part. If you prefer a more fitted coat - we recommend choosing a smaller size. Complete with a belt, sewn from the same fabric. <strong>Belt<\/strong> Builds the waist perfectly and breaks up the oversized shape. The coat looks equally good without a belt or with one tied at the back. Thanks to its high content <strong>wools<\/strong> The coat provides thermal comfort on colder days and the raised collar protects against the wind.<\/p>\n<p><strong>Chocolate coat in a loose fit<\/strong> Kenya will make you feel comfortable and stylish in it. Paired with a dress and heeled boots, it will look stunning, but you can also wear it with comfortable wool trousers, the famous Mary Jane platform shoes and a casual look is ready. Thanks to the oversized freedom of the cut, a woollen jumper will also fit under the coat, add denim trousers, trainers, a scarf and you're good to go. Ideal for multi-strand styling, with a blazer. <a href=\"https:\/\/talia-fashion.pl\/en\/product\/marynarka-jednorzedowa-welniana-w-jodelke-czekoladowa-london\/\">London<\/a>, you will create the perfect set.<\/p>\n<p>Actual photo - chocolate<\/p>\n<p>Coat available in: chocolate (S, M, L only), black, stone brown (XS, S, L only)<\/p>\n<p>You can check the available colours in our <a href=\"https:\/\/talia-fashion.pl\/en\/paleta-kolorow\/\">Colour palette.<\/a> In addition, if you want to see how a particular fabric looks in a coat, check out the other items in our shop. All available fabric colours are shown in the pictures of the coats in the different models. If in doubt, please do not hesitate to contact us.<\/p>\n<p>The model is 172 cm with a size XS<\/p>\n<p>Available sizes: XS, S, M, L<\/p>\n<p>Indicative dimensions:<\/p>\n<p>XS - bust: 86-88 \/ hips: 94-96 \/ length: 106 \/ sleeve: 61<br \/>\nS - bust: 90-92 \/ hips: 98-100 \/ length: 106 \/ sleeve: 62<br \/>\nM - bust: 94-96 \/ hips: 102-104 \/ length: 106 \/ sleeve: 62<br \/>\nL - bust: 98-100 \/ hips: 106-108 \/ length: 107 \/ sleeve: 63<\/p>\n<p>If you are unsure about the size, please contact us.<\/p>\n<p><span lang=\"DE\">Material: <\/span><\/p>\n<p><span lang=\"DE\">Chocolate: 80% virgin wool, 2o% poly<\/span><span lang=\"DE\">amid<\/span><\/p>\n<p>Stony bronze: <span lang=\"DE\">80% wool, 2o% poly<\/span><span lang=\"DE\">amid<\/span><\/p>\n<p>Black: 85% virgin wool, 10% polyamide, 5shmere<\/p>\n<p>Lining: 100% acetate<br \/>\nLike viscose, acetate is produced from cellulose. Acetate yarn can also be made from recycled cellulose such as paper. The acetate lining is excellent at absorbing moisture and permeable to air. It is coated with an antistatic apprettee and is OEKOtex\u00ae Standard 100 certified.<br \/>\nInsulation: 100% non-woven recycled polyester<br \/>\nOur coats are insulated with a compressed thermo-insulating quilted fleece on the lining. The fleece is made from recycled polyester fibres. The material is lightweight, thin and at the same time perfectly insulating. The insulating fleece we use is resistant to moisture (it retains its insulating properties and warming effect even in damp conditions), stops the wind, is hypoallergenic and breathable. It is OEKOtex\u00ae Standard 100 certified.<\/p>\n<p>Kenya's loose-fitting chocolate coat was created in our <strong>family workshop<\/strong> in Pozna\u0144. For more than 37 years, coats have been our passion, which is why we put our whole heart into every product we sew. We practise traditional craftsmanship and <strong>we create coats by hand<\/strong>with attention to every detail. We take an individual approach to each product, starting with the handmade cut so that there is as little waste as possible, and finishing with the final touching up of the product by hand sewing on buttons or applications.<\/p>\n<p>The coat should be dry-cleaned, but to keep it looking great for longer we recommend the following <a href=\"https:\/\/talia-fashion.pl\/en\/product\/szczotka-do-czyszczenia-i-pielegnacji-plaszcza\/\">Brush for cleaning and care of the coat<\/a>, which is ideal for frequent refreshing of wool. We also encourage you to take a look at our simple tips <a href=\"https:\/\/talia-fashion.pl\/en\/jak-pielegnowac-i-dbac-o-plaszcz\/\">How to care for and maintain coats?<\/a> With simple measures, you can extend the life of your coat and thus contribute to protecting the environment.<\/p>\n<p><strong>Individual order <\/strong>- if you need us to make some modifications to the coat for you, such as: shortening, lengthening the sleeve, shortening and lengthening the coat. Contact us, the cost of making the modifications is priced individually depending on the scope of work. <strong>An individual order is not subject to exchange or refund.<\/strong><\/p>\n<p>The lead time depends on the company's current stock and the availability of the fabric colour in question. If the coat is sewn, the order will be processed very quickly within 2-5 working days. If the coat still needs to be sewn or if the order needs to be personalised, i.e. the coat needs to be altered or a new coat needs to be sewn, the lead time may be extended to a maximum of 2 weeks.<\/p>\n<p>We sew our coats by hand, using traditional methods, and so please be patient while we wait for your order to be processed - we need to sew that coat for you ? Thank you for being with us and supporting local craftsmanship.<\/p>\n<p>We encourage you to like our fanpage on\u00a0<a href=\"https:\/\/www.facebook.com\/talia.plaszcze\">Facebook<\/a>\u00a0i\u00a0<a href=\"https:\/\/www.instagram.com\/talia_plaszcze\/\">Instagram<\/a><\/p>","protected":false},"excerpt":{"rendered":"<p><strong>Chocolate coat in a loose fit<\/strong> Kenya is a winter coat that combines functionality and elegance. A modern and comfortable model sewn from a soft wool blend. Oversize style.<\/p>","protected":false},"featured_media":258930,"template":"","meta":{"_acf_changed":false},"product_cat":[31,36],"product_tag":[244,78,33,34,40,80,41,42,67,373,82,43,44,45,46,68,83,96,47,84,102,50,95,86,125,60,51,53,63],"class_list":{"0":"post-258917","1":"product","2":"type-product","3":"status-publish","4":"has-post-thumbnail","6":"product_cat-nowosci","7":"product_cat-plaszcze-dluzsze","8":"product_tag-czekoladowy-plaszcz","9":"product_tag-dla-roznych-sylwetek","10":"product_tag-dwurzedowy","11":"product_tag-handmade","12":"product_tag-kolnierz","13":"product_tag-luzny-kroj","14":"product_tag-na-podszewce","15":"product_tag-nowosc","16":"product_tag-ocieplany","17":"product_tag-opuszczona-linia-ramion","18":"product_tag-oversize","19":"product_tag-plaszcz-damski","20":"product_tag-plaszcz-damski-dlugi","21":"product_tag-plaszcz-dlugi","22":"product_tag-plaszcz-dwurzedowy","23":"product_tag-plaszcz-jesienny","24":"product_tag-plaszcz-luzny","25":"product_tag-plaszcz-na-chlodne-dni","26":"product_tag-plaszcz-na-guziki","27":"product_tag-plaszcz-oversizowy","28":"product_tag-plaszcz-z-alpaki","29":"product_tag-plaszcz-z-rewersem","30":"product_tag-plaszcz-zimowy","31":"product_tag-plaszcz-zimowy-ocieplany","32":"product_tag-polskie-rzemioslo","33":"product_tag-producent-plaszczy-damskich","34":"product_tag-prosty","35":"product_tag-welna","36":"product_tag-welniany","38":"first","39":"instock","40":"shipping-taxable","41":"purchasable","42":"product-type-variable","43":"has-default-attributes"},"acf":[],"yoast_head":"<!-- This site is optimized with the Yoast SEO plugin v25.7 - https:\/\/yoast.com\/wordpress\/plugins\/seo\/ -->\n<title>Czekoladowy p\u0142aszcz o lu\u017anym kroju Kenya - Talia Fashion - p\u0142aszcze damskie<\/title>\n<meta name=\"description\" content=\"Czekoladowy p\u0142aszcz o lu\u017anym kroju z mieszanki we\u0142ny - p\u0142aszcz z doskonale wywa\u017conymi proporcjami to komfort i wygoda u\u017cytkowania. Szyty r\u0119cznie w Polsce.\" \/>\n<meta name=\"robots\" content=\"index, follow, max-snippet:-1, max-image-preview:large, max-video-preview:-1\" \/>\n<link rel=\"canonical\" href=\"https:\/\/talia-fashion.pl\/en\/product\/czekoladowy-plaszcz-o-luznym-kroju-kenya\/\" \/>\n<meta property=\"og:locale\" content=\"en_GB\" \/>\n<meta property=\"og:type\" content=\"article\" \/>\n<meta property=\"og:title\" content=\"Czekoladowy p\u0142aszcz o lu\u017anym kroju Kenya - Talia Fashion - p\u0142aszcze damskie\" \/>\n<meta property=\"og:description\" content=\"Czekoladowy p\u0142aszcz o lu\u017anym kroju z mieszanki we\u0142ny - p\u0142aszcz z doskonale wywa\u017conymi proporcjami to komfort i wygoda u\u017cytkowania. Szyty r\u0119cznie w Polsce.\" \/>\n<meta property=\"og:url\" content=\"https:\/\/talia-fashion.pl\/en\/product\/czekoladowy-plaszcz-o-luznym-kroju-kenya\/\" \/>\n<meta property=\"og:site_name\" content=\"Talia Fashion\" \/>\n<meta property=\"article:modified_time\" content=\"2026-04-07T23:07:12+00:00\" \/>\n<meta property=\"og:image\" content=\"https:\/\/talia-fashion.pl\/wp-content\/uploads\/2025\/09\/czekoladowy-plaszcz-luzny-kroj-welna-ocieplany.jpg\" \/>\n\t<meta property=\"og:image:width\" content=\"1500\" \/>\n\t<meta property=\"og:image:height\" content=\"2000\" \/>\n\t<meta property=\"og:image:type\" content=\"image\/jpeg\" \/>\n<meta name=\"twitter:card\" content=\"summary_large_image\" \/>\n<meta name=\"twitter:label1\" content=\"Estimated reading time\" \/>\n\t<meta name=\"twitter:data1\" content=\"4 minutes\" \/>\n<script type=\"application\/ld+json\" class=\"yoast-schema-graph\">{\"@context\":\"https:\/\/schema.org\",\"@graph\":[{\"@type\":\"WebPage\",\"@id\":\"https:\/\/talia-fashion.pl\/produkt\/czekoladowy-plaszcz-o-luznym-kroju-kenya\/\",\"url\":\"https:\/\/talia-fashion.pl\/produkt\/czekoladowy-plaszcz-o-luznym-kroju-kenya\/\",\"name\":\"Czekoladowy p\u0142aszcz o lu\u017anym kroju Kenya - Talia Fashion - p\u0142aszcze damskie\",\"isPartOf\":{\"@id\":\"https:\/\/talia-fashion.pl\/#website\"},\"primaryImageOfPage\":{\"@id\":\"https:\/\/talia-fashion.pl\/produkt\/czekoladowy-plaszcz-o-luznym-kroju-kenya\/#primaryimage\"},\"image\":{\"@id\":\"https:\/\/talia-fashion.pl\/produkt\/czekoladowy-plaszcz-o-luznym-kroju-kenya\/#primaryimage\"},\"thumbnailUrl\":\"https:\/\/talia-fashion.pl\/wp-content\/uploads\/2025\/09\/czekoladowy-plaszcz-luzny-kroj-welna-ocieplany.jpg\",\"datePublished\":\"2025-09-15T15:15:07+00:00\",\"dateModified\":\"2026-04-07T23:07:12+00:00\",\"description\":\"Czekoladowy p\u0142aszcz o lu\u017anym kroju z mieszanki we\u0142ny - p\u0142aszcz z doskonale wywa\u017conymi proporcjami to komfort i wygoda u\u017cytkowania. Szyty r\u0119cznie w Polsce.\",\"breadcrumb\":{\"@id\":\"https:\/\/talia-fashion.pl\/produkt\/czekoladowy-plaszcz-o-luznym-kroju-kenya\/#breadcrumb\"},\"inLanguage\":\"en-GB\",\"potentialAction\":[{\"@type\":\"ReadAction\",\"target\":[\"https:\/\/talia-fashion.pl\/produkt\/czekoladowy-plaszcz-o-luznym-kroju-kenya\/\"]}]},{\"@type\":\"ImageObject\",\"inLanguage\":\"en-GB\",\"@id\":\"https:\/\/talia-fashion.pl\/produkt\/czekoladowy-plaszcz-o-luznym-kroju-kenya\/#primaryimage\",\"url\":\"https:\/\/talia-fashion.pl\/wp-content\/uploads\/2025\/09\/czekoladowy-plaszcz-luzny-kroj-welna-ocieplany.jpg\",\"contentUrl\":\"https:\/\/talia-fashion.pl\/wp-content\/uploads\/2025\/09\/czekoladowy-plaszcz-luzny-kroj-welna-ocieplany.jpg\",\"width\":1500,\"height\":2000,\"caption\":\"Czekoladowy p\u0142aszcz o lu\u017anym kroju z obni\u017con\u0105 lini\u0105 ramion. Wi\u0105zany. Nowoczesny i klasyczny.\"},{\"@type\":\"BreadcrumbList\",\"@id\":\"https:\/\/talia-fashion.pl\/produkt\/czekoladowy-plaszcz-o-luznym-kroju-kenya\/#breadcrumb\",\"itemListElement\":[{\"@type\":\"ListItem\",\"position\":1,\"name\":\"Strona g\u0142\u00f3wna\",\"item\":\"https:\/\/talia-fashion.pl\/\"},{\"@type\":\"ListItem\",\"position\":2,\"name\":\"Sklep\",\"item\":\"https:\/\/talia-fashion.pl\/sklep\/\"},{\"@type\":\"ListItem\",\"position\":3,\"name\":\"Czekoladowy p\u0142aszcz o lu\u017anym kroju Kenya\"}]},{\"@type\":\"WebSite\",\"@id\":\"https:\/\/talia-fashion.pl\/#website\",\"url\":\"https:\/\/talia-fashion.pl\/\",\"name\":\"Talia Fashion\",\"description\":\"\",\"potentialAction\":[{\"@type\":\"SearchAction\",\"target\":{\"@type\":\"EntryPoint\",\"urlTemplate\":\"https:\/\/talia-fashion.pl\/?s={search_term_string}\"},\"query-input\":{\"@type\":\"PropertyValueSpecification\",\"valueRequired\":true,\"valueName\":\"search_term_string\"}}],\"inLanguage\":\"en-GB\"}]}<\/script>\n<!-- \/ Yoast SEO plugin. -->","yoast_head_json":{"title":"Czekoladowy p\u0142aszcz o lu\u017anym kroju Kenya - Talia Fashion - p\u0142aszcze damskie","description":"Czekoladowy p\u0142aszcz o lu\u017anym kroju z mieszanki we\u0142ny - p\u0142aszcz z doskonale wywa\u017conymi proporcjami to komfort i wygoda u\u017cytkowania. Szyty r\u0119cznie w Polsce.","robots":{"index":"index","follow":"follow","max-snippet":"max-snippet:-1","max-image-preview":"max-image-preview:large","max-video-preview":"max-video-preview:-1"},"canonical":"https:\/\/talia-fashion.pl\/en\/product\/czekoladowy-plaszcz-o-luznym-kroju-kenya\/","og_locale":"en_GB","og_type":"article","og_title":"Czekoladowy p\u0142aszcz o lu\u017anym kroju Kenya - Talia Fashion - p\u0142aszcze damskie","og_description":"Czekoladowy p\u0142aszcz o lu\u017anym kroju z mieszanki we\u0142ny - p\u0142aszcz z doskonale wywa\u017conymi proporcjami to komfort i wygoda u\u017cytkowania. Szyty r\u0119cznie w Polsce.","og_url":"https:\/\/talia-fashion.pl\/en\/product\/czekoladowy-plaszcz-o-luznym-kroju-kenya\/","og_site_name":"Talia Fashion","article_modified_time":"2026-04-07T23:07:12+00:00","og_image":[{"width":1500,"height":2000,"url":"https:\/\/talia-fashion.pl\/wp-content\/uploads\/2025\/09\/czekoladowy-plaszcz-luzny-kroj-welna-ocieplany.jpg","type":"image\/jpeg"}],"twitter_card":"summary_large_image","twitter_misc":{"Estimated reading time":"4 minutes"},"schema":{"@context":"https:\/\/schema.org","@graph":[{"@type":"WebPage","@id":"https:\/\/talia-fashion.pl\/produkt\/czekoladowy-plaszcz-o-luznym-kroju-kenya\/","url":"https:\/\/talia-fashion.pl\/produkt\/czekoladowy-plaszcz-o-luznym-kroju-kenya\/","name":"Czekoladowy p\u0142aszcz o lu\u017anym kroju Kenya - Talia Fashion - p\u0142aszcze damskie","isPartOf":{"@id":"https:\/\/talia-fashion.pl\/#website"},"primaryImageOfPage":{"@id":"https:\/\/talia-fashion.pl\/produkt\/czekoladowy-plaszcz-o-luznym-kroju-kenya\/#primaryimage"},"image":{"@id":"https:\/\/talia-fashion.pl\/produkt\/czekoladowy-plaszcz-o-luznym-kroju-kenya\/#primaryimage"},"thumbnailUrl":"https:\/\/talia-fashion.pl\/wp-content\/uploads\/2025\/09\/czekoladowy-plaszcz-luzny-kroj-welna-ocieplany.jpg","datePublished":"2025-09-15T15:15:07+00:00","dateModified":"2026-04-07T23:07:12+00:00","description":"Czekoladowy p\u0142aszcz o lu\u017anym kroju z mieszanki we\u0142ny - p\u0142aszcz z doskonale wywa\u017conymi proporcjami to komfort i wygoda u\u017cytkowania. Szyty r\u0119cznie w Polsce.","breadcrumb":{"@id":"https:\/\/talia-fashion.pl\/produkt\/czekoladowy-plaszcz-o-luznym-kroju-kenya\/#breadcrumb"},"inLanguage":"en-GB","potentialAction":[{"@type":"ReadAction","target":["https:\/\/talia-fashion.pl\/produkt\/czekoladowy-plaszcz-o-luznym-kroju-kenya\/"]}]},{"@type":"ImageObject","inLanguage":"en-GB","@id":"https:\/\/talia-fashion.pl\/produkt\/czekoladowy-plaszcz-o-luznym-kroju-kenya\/#primaryimage","url":"https:\/\/talia-fashion.pl\/wp-content\/uploads\/2025\/09\/czekoladowy-plaszcz-luzny-kroj-welna-ocieplany.jpg","contentUrl":"https:\/\/talia-fashion.pl\/wp-content\/uploads\/2025\/09\/czekoladowy-plaszcz-luzny-kroj-welna-ocieplany.jpg","width":1500,"height":2000,"caption":"Czekoladowy p\u0142aszcz o lu\u017anym kroju z obni\u017con\u0105 lini\u0105 ramion. Wi\u0105zany. Nowoczesny i klasyczny."},{"@type":"BreadcrumbList","@id":"https:\/\/talia-fashion.pl\/produkt\/czekoladowy-plaszcz-o-luznym-kroju-kenya\/#breadcrumb","itemListElement":[{"@type":"ListItem","position":1,"name":"Strona g\u0142\u00f3wna","item":"https:\/\/talia-fashion.pl\/"},{"@type":"ListItem","position":2,"name":"Sklep","item":"https:\/\/talia-fashion.pl\/sklep\/"},{"@type":"ListItem","position":3,"name":"Czekoladowy p\u0142aszcz o lu\u017anym kroju Kenya"}]},{"@type":"WebSite","@id":"https:\/\/talia-fashion.pl\/#website","url":"https:\/\/talia-fashion.pl\/","name":"Talia Fashion","description":"","potentialAction":[{"@type":"SearchAction","target":{"@type":"EntryPoint","urlTemplate":"https:\/\/talia-fashion.pl\/?s={search_term_string}"},"query-input":{"@type":"PropertyValueSpecification","valueRequired":true,"valueName":"search_term_string"}}],"inLanguage":"en-GB"}]}},"_links":{"self":[{"href":"https:\/\/talia-fashion.pl\/en\/wp-json\/wp\/v2\/product\/258917","targetHints":{"allow":["GET"]}}],"collection":[{"href":"https:\/\/talia-fashion.pl\/en\/wp-json\/wp\/v2\/product"}],"about":[{"href":"https:\/\/talia-fashion.pl\/en\/wp-json\/wp\/v2\/types\/product"}],"wp:featuredmedia":[{"embeddable":true,"href":"https:\/\/talia-fashion.pl\/en\/wp-json\/wp\/v2\/media\/258930"}],"wp:attachment":[{"href":"https:\/\/talia-fashion.pl\/en\/wp-json\/wp\/v2\/media?parent=258917"}],"wp:term":[{"taxonomy":"product_cat","embeddable":true,"href":"https:\/\/talia-fashion.pl\/en\/wp-json\/wp\/v2\/product_cat?post=258917"},{"taxonomy":"product_tag","embeddable":true,"href":"https:\/\/talia-fashion.pl\/en\/wp-json\/wp\/v2\/product_tag?post=258917"}],"curies":[{"name":"wp","href":"https:\/\/api.w.org\/{rel}","templated":true}]}}