{"id":258583,"date":"2025-09-05T15:01:55","date_gmt":"2025-09-05T13:01:55","guid":{"rendered":"https:\/\/talia-fashion.pl\/?post_type=product&#038;p=258583"},"modified":"2026-03-20T21:25:35","modified_gmt":"2026-03-20T20:25:35","slug":"dlugi-welniany-plaszcz-z-rozporkiem-mokka-como","status":"publish","type":"product","link":"https:\/\/talia-fashion.pl\/en\/product\/dlugi-welniany-plaszcz-z-rozporkiem-mokka-como\/","title":{"rendered":"Long wool coat with mocha stripe Como"},"content":{"rendered":"<p>Long wool coat with mocha stripe Como is a winter coat inspired by the <strong>hygge style<\/strong> - warmth, comfort and simplicity. Made of high-quality materials, soft to the touch, comfortable and maximally functional. The coat is <strong>buttoned and tied<\/strong> with a belt made of the same fabric. Which allows you to build up the waist and better fit the cut to your figure. Padded<span lang=\"DE\"><strong> collar with reverse flaps<\/strong>The dress is optically slimming. Designed to emphasise the neckline and make it slimmer, and raised - to wrap around and protect from the cold. The back of the coat is perfectly <strong>cut to fit<\/strong>Slim-fit. The front is profiled, without additional darts, which gives comfort even with warmer layers. The coat will accommodate this season's fashionable knitted dresses and woollen waistcoats. There are practical pockets sewn into the sides. At the back, there is a<strong> strut<\/strong>which adds to the freedom of movement. The entire piece is finished with an elegant acetate lining and <strong>additional insulation<\/strong> - making Como perfect for cold days.<\/span><\/p>\n<p data-start=\"248\" data-end=\"563\">When designing the long wool coat with mocha Como strut, we opted for: <strong data-start=\"352\" data-end=\"405\">quality, understated elegance and wearing comfort<\/strong>. It's a model that combines timeless form with modern casualness - making it perfect for any wardrobe and almost any styling. It can play the main role or form a neutral background - it all depends on your imagination. It will work equally well in <strong data-start=\"689\" data-end=\"721\">the classic Old Money<\/strong> - It can be paired with high-waisted trousers and a soft woollen jumper - as well as a more casual version, such as layered over a hoodie, jeans and sneakers. Combine it with retro elements for a nostalgic look.<\/p>\n<p data-start=\"966\" data-end=\"1195\">With its classic cut and base colour of mocha (grey-brown), Como is a <strong data-start=\"1009\" data-end=\"1042\">a must-have in your capsule wardrobe<\/strong> - versatile, practical and easy to style. Always on trend. If you are just starting out with coats, this model will be the perfect first choice.<\/p>\n<p>Available colours<span lang=\"DE\">: mocha melange<\/span><\/p>\n<p><span lang=\"DE\">Available sizes: XS, S, M, L, XL<\/span><\/p>\n<p>The model is 172 cm and a size S.<\/p>\n<p><span lang=\"DE\">Indicative dimensions:<\/span><\/p>\n<p><span lang=\"DE\">XS - bust: 86-88 \/ hips 94-96 \/ length: 117 \/ sleeve 61<br \/>\nS - bust: 90-92 \/ hips: 98-100 \/ length: 118\/ sleeve: 62<br \/>\nM - bust: 94-96 \/ hips: 102-104 \/ length: 118 \/ sleeve: 62<br \/>\nL - bust: 98-100 \/ hips: 106-108 \/ length: 119 \/ sleeve: 63<br \/>\nXL - bust: 104-106 \/ hips: 112-114 \/ length: 119 \/ sleeve: 64<\/span><\/p>\n<p><span lang=\"DE\">If you are unsure about your size choice, please contact us. If you are wondering which coat to choose, we suggest you read our tips\u00a0<a href=\"https:\/\/talia-fashion.pl\/en\/jak-dobrac-plaszcz-do-sylwetki\/\">How do you choose a coat to suit your figure?<\/a><br \/>\n<\/span><\/p>\n<p><span lang=\"DE\">Material: 80<\/span><span lang=\"DE\">% wool, 20% polyamide\u00a0<\/span><\/p>\n<p>Lining: acetate 100%<\/p>\n<p>Like viscose, acetate is produced from cellulose. Acetate yarn can also be made from recycled cellulose such as paper. The acetate lining is excellent at absorbing moisture and allowing air to pass through, so it provides thermal comfort and wears well. It is coated with an antistatic apprette and is OEKOtex\u00ae Standard 100 certified.<\/p>\n<p>Insulation: 100% non-woven recycled polyester<br \/>\nOur coats are insulated with a compressed thermo-insulating quilted fleece on the lining. The fleece is made from recycled polyester fibres. The material is lightweight, thin and at the same time perfectly insulating. The insulating fleece we use is resistant to moisture (it retains its insulating properties and warming effect even in damp conditions), stops the wind, is hypoallergenic and breathable. It is OEKOtex\u00ae Standard 100 certified.<\/p>\n<p>We created the long woolen coat with mocha stripe Como in our family workshop in Pozna\u0144 <span lang=\"DE\">with both comfort and aesthetics in mind. For us, the most important thing is that you feel beautiful, comfortable and that our coats make you feel better.<\/span><\/p>\n<p>The coat should be dry-cleaned. For frequent refreshing of the wool we recommend the following\u00a0<a href=\"https:\/\/talia-fashion.pl\/en\/product\/szczotka-do-czyszczenia-i-pielegnacji-plaszcza\/\">Brush for cleaning and care of the coat<\/a>which can be purchased in our shop. We also recommend that you air your woollen coats regularly, which makes it easier to keep them fresh and extends their life considerably. By taking care of your clothes, you protect the environment.<\/p>\n<p><strong>Individual order - <\/strong>All coats are sewn by ourselves, therefore it is possible to carry out certain modifications at the client's request. For example: shortening, lengthening of sleeves, shortening and lengthening of the coat. All modifications are agreed by email. <strong>An individual order is not subject to exchange or refund.<\/strong><\/p>\n<p><span lang=\"DE\">The lead time depends on the current stock in the atelier and the availability of a given colour of fabric. If a given coat is sewn, the order will be realised very quickly - 2-5 working days. If it is necessary to sew the coat or to individualise the order - making alterations or sewing a new coat according to the customer's specifications - the order processing time may be prolonged, up to a maximum of 2 weeks.<\/span><\/p>\n<p>We do our best to keep the waiting time as short as possible, but our coats are sewn by hand using traditional methods, so please be patient.<\/p>\n<p>We encourage you to like our fanpage on\u00a0<a href=\"https:\/\/www.facebook.com\/talia.plaszcze\">Facebook<\/a>\u00a0i\u00a0<a href=\"https:\/\/www.instagram.com\/talia_plaszcze\/\">Instagram<\/a><\/p>","protected":false},"excerpt":{"rendered":"<p>Como women's coat - a premium winter hygge. In this season's most fashionable mocha colour. Comfortable and functional.<\/p>","protected":false},"featured_media":260052,"template":"","meta":{"_acf_changed":false},"product_cat":[31,36],"product_tag":[163,89,78,119,37,34,39,40,41,42,67,43,44,91,45,46,68,47,75,50,86,60,87,53,63,88],"class_list":{"0":"post-258583","1":"product","2":"type-product","3":"status-publish","4":"has-post-thumbnail","6":"product_cat-nowosci","7":"product_cat-plaszcze-dluzsze","8":"product_tag-bezowy-plaszcz","9":"product_tag-cieply","10":"product_tag-dla-roznych-sylwetek","11":"product_tag-dlugi-plaszcz-zimowy","12":"product_tag-dyplomatka","13":"product_tag-handmade","14":"product_tag-klasyczny","15":"product_tag-kolnierz","16":"product_tag-na-podszewce","17":"product_tag-nowosc","18":"product_tag-ocieplany","19":"product_tag-plaszcz-damski","20":"product_tag-plaszcz-damski-dlugi","21":"product_tag-plaszcz-damski-zimowy","22":"product_tag-plaszcz-dlugi","23":"product_tag-plaszcz-dwurzedowy","24":"product_tag-plaszcz-jesienny","25":"product_tag-plaszcz-na-guziki","26":"product_tag-plaszcz-ocieplany","27":"product_tag-plaszcz-z-rewersem","28":"product_tag-plaszcz-zimowy-ocieplany","29":"product_tag-producent-plaszczy-damskich","30":"product_tag-produkt-premium","31":"product_tag-welna","32":"product_tag-welniany","33":"product_tag-wiazany","35":"first","36":"instock","37":"shipping-taxable","38":"purchasable","39":"product-type-variable","40":"has-default-attributes"},"acf":[],"yoast_head":"<!-- This site is optimized with the Yoast SEO plugin v25.7 - https:\/\/yoast.com\/wordpress\/plugins\/seo\/ -->\n<title>D\u0142ugi we\u0142niany p\u0142aszcz z rozporkiem mokka Como - Talia Fashion - p\u0142aszcz zimowy<\/title>\n<meta name=\"description\" content=\"D\u0142ugi we\u0142niany p\u0142aszcz z rozporkiem mokka - stylowe i funkcjonalne okrycie wierzchnie. Must have w szafie kapsu\u0142owej. Ciep\u0142y p\u0142aszcz zimowy w kolorze mokka.\" \/>\n<meta name=\"robots\" content=\"index, follow, max-snippet:-1, max-image-preview:large, max-video-preview:-1\" \/>\n<link rel=\"canonical\" href=\"https:\/\/talia-fashion.pl\/en\/product\/dlugi-welniany-plaszcz-z-rozporkiem-mokka-como\/\" \/>\n<meta property=\"og:locale\" content=\"en_GB\" \/>\n<meta property=\"og:type\" content=\"article\" \/>\n<meta property=\"og:title\" content=\"D\u0142ugi we\u0142niany p\u0142aszcz z rozporkiem mokka Como - Talia Fashion - p\u0142aszcz zimowy\" \/>\n<meta property=\"og:description\" content=\"D\u0142ugi we\u0142niany p\u0142aszcz z rozporkiem mokka - stylowe i funkcjonalne okrycie wierzchnie. Must have w szafie kapsu\u0142owej. Ciep\u0142y p\u0142aszcz zimowy w kolorze mokka.\" \/>\n<meta property=\"og:url\" content=\"https:\/\/talia-fashion.pl\/en\/product\/dlugi-welniany-plaszcz-z-rozporkiem-mokka-como\/\" \/>\n<meta property=\"og:site_name\" content=\"Talia Fashion\" \/>\n<meta property=\"article:modified_time\" content=\"2026-03-20T20:25:35+00:00\" \/>\n<meta property=\"og:image\" content=\"https:\/\/talia-fashion.pl\/wp-content\/uploads\/2025\/09\/dlugi-welniany-plaszcz-z-rozporkiem-mokka.jpg\" \/>\n\t<meta property=\"og:image:width\" content=\"1334\" \/>\n\t<meta property=\"og:image:height\" content=\"2000\" \/>\n\t<meta property=\"og:image:type\" content=\"image\/jpeg\" \/>\n<meta name=\"twitter:card\" content=\"summary_large_image\" \/>\n<meta name=\"twitter:label1\" content=\"Estimated reading time\" \/>\n\t<meta name=\"twitter:data1\" content=\"4 minutes\" \/>\n<script type=\"application\/ld+json\" class=\"yoast-schema-graph\">{\"@context\":\"https:\/\/schema.org\",\"@graph\":[{\"@type\":\"WebPage\",\"@id\":\"https:\/\/talia-fashion.pl\/produkt\/dlugi-welniany-plaszcz-z-rozporkiem-mokka-como\/\",\"url\":\"https:\/\/talia-fashion.pl\/produkt\/dlugi-welniany-plaszcz-z-rozporkiem-mokka-como\/\",\"name\":\"D\u0142ugi we\u0142niany p\u0142aszcz z rozporkiem mokka Como - Talia Fashion - p\u0142aszcz zimowy\",\"isPartOf\":{\"@id\":\"https:\/\/talia-fashion.pl\/#website\"},\"primaryImageOfPage\":{\"@id\":\"https:\/\/talia-fashion.pl\/produkt\/dlugi-welniany-plaszcz-z-rozporkiem-mokka-como\/#primaryimage\"},\"image\":{\"@id\":\"https:\/\/talia-fashion.pl\/produkt\/dlugi-welniany-plaszcz-z-rozporkiem-mokka-como\/#primaryimage\"},\"thumbnailUrl\":\"https:\/\/talia-fashion.pl\/wp-content\/uploads\/2025\/09\/dlugi-welniany-plaszcz-z-rozporkiem-mokka.jpg\",\"datePublished\":\"2025-09-05T13:01:55+00:00\",\"dateModified\":\"2026-03-20T20:25:35+00:00\",\"description\":\"D\u0142ugi we\u0142niany p\u0142aszcz z rozporkiem mokka - stylowe i funkcjonalne okrycie wierzchnie. Must have w szafie kapsu\u0142owej. Ciep\u0142y p\u0142aszcz zimowy w kolorze mokka.\",\"breadcrumb\":{\"@id\":\"https:\/\/talia-fashion.pl\/produkt\/dlugi-welniany-plaszcz-z-rozporkiem-mokka-como\/#breadcrumb\"},\"inLanguage\":\"en-GB\",\"potentialAction\":[{\"@type\":\"ReadAction\",\"target\":[\"https:\/\/talia-fashion.pl\/produkt\/dlugi-welniany-plaszcz-z-rozporkiem-mokka-como\/\"]}]},{\"@type\":\"ImageObject\",\"inLanguage\":\"en-GB\",\"@id\":\"https:\/\/talia-fashion.pl\/produkt\/dlugi-welniany-plaszcz-z-rozporkiem-mokka-como\/#primaryimage\",\"url\":\"https:\/\/talia-fashion.pl\/wp-content\/uploads\/2025\/09\/dlugi-welniany-plaszcz-z-rozporkiem-mokka.jpg\",\"contentUrl\":\"https:\/\/talia-fashion.pl\/wp-content\/uploads\/2025\/09\/dlugi-welniany-plaszcz-z-rozporkiem-mokka.jpg\",\"width\":1334,\"height\":2000,\"caption\":\"D\u0142ugi we\u0142niany p\u0142aszcz z rozporkiem w kolorze mokka melan\u017c. Ciep\u0142y, stylowy i ponaczasowy.\"},{\"@type\":\"BreadcrumbList\",\"@id\":\"https:\/\/talia-fashion.pl\/produkt\/dlugi-welniany-plaszcz-z-rozporkiem-mokka-como\/#breadcrumb\",\"itemListElement\":[{\"@type\":\"ListItem\",\"position\":1,\"name\":\"Strona g\u0142\u00f3wna\",\"item\":\"https:\/\/talia-fashion.pl\/\"},{\"@type\":\"ListItem\",\"position\":2,\"name\":\"Sklep\",\"item\":\"https:\/\/talia-fashion.pl\/sklep\/\"},{\"@type\":\"ListItem\",\"position\":3,\"name\":\"D\u0142ugi we\u0142niany p\u0142aszcz z rozporkiem mokka Como\"}]},{\"@type\":\"WebSite\",\"@id\":\"https:\/\/talia-fashion.pl\/#website\",\"url\":\"https:\/\/talia-fashion.pl\/\",\"name\":\"Talia Fashion\",\"description\":\"\",\"potentialAction\":[{\"@type\":\"SearchAction\",\"target\":{\"@type\":\"EntryPoint\",\"urlTemplate\":\"https:\/\/talia-fashion.pl\/?s={search_term_string}\"},\"query-input\":{\"@type\":\"PropertyValueSpecification\",\"valueRequired\":true,\"valueName\":\"search_term_string\"}}],\"inLanguage\":\"en-GB\"}]}<\/script>\n<!-- \/ Yoast SEO plugin. -->","yoast_head_json":{"title":"D\u0142ugi we\u0142niany p\u0142aszcz z rozporkiem mokka Como - Talia Fashion - p\u0142aszcz zimowy","description":"D\u0142ugi we\u0142niany p\u0142aszcz z rozporkiem mokka - stylowe i funkcjonalne okrycie wierzchnie. Must have w szafie kapsu\u0142owej. Ciep\u0142y p\u0142aszcz zimowy w kolorze mokka.","robots":{"index":"index","follow":"follow","max-snippet":"max-snippet:-1","max-image-preview":"max-image-preview:large","max-video-preview":"max-video-preview:-1"},"canonical":"https:\/\/talia-fashion.pl\/en\/product\/dlugi-welniany-plaszcz-z-rozporkiem-mokka-como\/","og_locale":"en_GB","og_type":"article","og_title":"D\u0142ugi we\u0142niany p\u0142aszcz z rozporkiem mokka Como - Talia Fashion - p\u0142aszcz zimowy","og_description":"D\u0142ugi we\u0142niany p\u0142aszcz z rozporkiem mokka - stylowe i funkcjonalne okrycie wierzchnie. Must have w szafie kapsu\u0142owej. Ciep\u0142y p\u0142aszcz zimowy w kolorze mokka.","og_url":"https:\/\/talia-fashion.pl\/en\/product\/dlugi-welniany-plaszcz-z-rozporkiem-mokka-como\/","og_site_name":"Talia Fashion","article_modified_time":"2026-03-20T20:25:35+00:00","og_image":[{"width":1334,"height":2000,"url":"https:\/\/talia-fashion.pl\/wp-content\/uploads\/2025\/09\/dlugi-welniany-plaszcz-z-rozporkiem-mokka.jpg","type":"image\/jpeg"}],"twitter_card":"summary_large_image","twitter_misc":{"Estimated reading time":"4 minutes"},"schema":{"@context":"https:\/\/schema.org","@graph":[{"@type":"WebPage","@id":"https:\/\/talia-fashion.pl\/produkt\/dlugi-welniany-plaszcz-z-rozporkiem-mokka-como\/","url":"https:\/\/talia-fashion.pl\/produkt\/dlugi-welniany-plaszcz-z-rozporkiem-mokka-como\/","name":"D\u0142ugi we\u0142niany p\u0142aszcz z rozporkiem mokka Como - Talia Fashion - p\u0142aszcz zimowy","isPartOf":{"@id":"https:\/\/talia-fashion.pl\/#website"},"primaryImageOfPage":{"@id":"https:\/\/talia-fashion.pl\/produkt\/dlugi-welniany-plaszcz-z-rozporkiem-mokka-como\/#primaryimage"},"image":{"@id":"https:\/\/talia-fashion.pl\/produkt\/dlugi-welniany-plaszcz-z-rozporkiem-mokka-como\/#primaryimage"},"thumbnailUrl":"https:\/\/talia-fashion.pl\/wp-content\/uploads\/2025\/09\/dlugi-welniany-plaszcz-z-rozporkiem-mokka.jpg","datePublished":"2025-09-05T13:01:55+00:00","dateModified":"2026-03-20T20:25:35+00:00","description":"D\u0142ugi we\u0142niany p\u0142aszcz z rozporkiem mokka - stylowe i funkcjonalne okrycie wierzchnie. Must have w szafie kapsu\u0142owej. Ciep\u0142y p\u0142aszcz zimowy w kolorze mokka.","breadcrumb":{"@id":"https:\/\/talia-fashion.pl\/produkt\/dlugi-welniany-plaszcz-z-rozporkiem-mokka-como\/#breadcrumb"},"inLanguage":"en-GB","potentialAction":[{"@type":"ReadAction","target":["https:\/\/talia-fashion.pl\/produkt\/dlugi-welniany-plaszcz-z-rozporkiem-mokka-como\/"]}]},{"@type":"ImageObject","inLanguage":"en-GB","@id":"https:\/\/talia-fashion.pl\/produkt\/dlugi-welniany-plaszcz-z-rozporkiem-mokka-como\/#primaryimage","url":"https:\/\/talia-fashion.pl\/wp-content\/uploads\/2025\/09\/dlugi-welniany-plaszcz-z-rozporkiem-mokka.jpg","contentUrl":"https:\/\/talia-fashion.pl\/wp-content\/uploads\/2025\/09\/dlugi-welniany-plaszcz-z-rozporkiem-mokka.jpg","width":1334,"height":2000,"caption":"D\u0142ugi we\u0142niany p\u0142aszcz z rozporkiem w kolorze mokka melan\u017c. Ciep\u0142y, stylowy i ponaczasowy."},{"@type":"BreadcrumbList","@id":"https:\/\/talia-fashion.pl\/produkt\/dlugi-welniany-plaszcz-z-rozporkiem-mokka-como\/#breadcrumb","itemListElement":[{"@type":"ListItem","position":1,"name":"Strona g\u0142\u00f3wna","item":"https:\/\/talia-fashion.pl\/"},{"@type":"ListItem","position":2,"name":"Sklep","item":"https:\/\/talia-fashion.pl\/sklep\/"},{"@type":"ListItem","position":3,"name":"D\u0142ugi we\u0142niany p\u0142aszcz z rozporkiem mokka Como"}]},{"@type":"WebSite","@id":"https:\/\/talia-fashion.pl\/#website","url":"https:\/\/talia-fashion.pl\/","name":"Talia Fashion","description":"","potentialAction":[{"@type":"SearchAction","target":{"@type":"EntryPoint","urlTemplate":"https:\/\/talia-fashion.pl\/?s={search_term_string}"},"query-input":{"@type":"PropertyValueSpecification","valueRequired":true,"valueName":"search_term_string"}}],"inLanguage":"en-GB"}]}},"_links":{"self":[{"href":"https:\/\/talia-fashion.pl\/en\/wp-json\/wp\/v2\/product\/258583","targetHints":{"allow":["GET"]}}],"collection":[{"href":"https:\/\/talia-fashion.pl\/en\/wp-json\/wp\/v2\/product"}],"about":[{"href":"https:\/\/talia-fashion.pl\/en\/wp-json\/wp\/v2\/types\/product"}],"wp:featuredmedia":[{"embeddable":true,"href":"https:\/\/talia-fashion.pl\/en\/wp-json\/wp\/v2\/media\/260052"}],"wp:attachment":[{"href":"https:\/\/talia-fashion.pl\/en\/wp-json\/wp\/v2\/media?parent=258583"}],"wp:term":[{"taxonomy":"product_cat","embeddable":true,"href":"https:\/\/talia-fashion.pl\/en\/wp-json\/wp\/v2\/product_cat?post=258583"},{"taxonomy":"product_tag","embeddable":true,"href":"https:\/\/talia-fashion.pl\/en\/wp-json\/wp\/v2\/product_tag?post=258583"}],"curies":[{"name":"wp","href":"https:\/\/api.w.org\/{rel}","templated":true}]}}