{"id":258561,"date":"2025-09-05T11:20:02","date_gmt":"2025-09-05T09:20:02","guid":{"rendered":"https:\/\/talia-fashion.pl\/?post_type=product&#038;p=258561"},"modified":"2026-02-12T17:54:36","modified_gmt":"2026-02-12T16:54:36","slug":"klasyczny-plaszcz-welniany-w-wezowy-print-praga","status":"publish","type":"product","link":"https:\/\/talia-fashion.pl\/en\/product\/klasyczny-plaszcz-welniany-w-wezowy-print-praga\/","title":{"rendered":"Classic wool coat in snakeskin print Prague"},"content":{"rendered":"<p><span lang=\"DE\">Classic wool coat in snakeskin print Prague is a slim-fit women's coat with a <strong>timeless cut<\/strong>. We have sewn it in a soft fabric with a very good quality wool blend. The entire garment is finished with a lining. The wool fabric and acetate lining will ensure optimum thermal comfort whatever the changing weather. Ideal <strong>for transitional seasons<\/strong> i <strong>winter chills<\/strong>. <\/span><span lang=\"DE\">The coat is fastened <strong>double-breasted, with buttons<\/strong>. It has <strong>strip<\/strong>which we have sewn from the same fabric. Thanks to the belt, the waist can be beautifully emphasised, giving the figure harmonious proportions. And the tie at the back (similar to a trench coat) optically slims you down. The coat has a fitted back and shaped front, which makes it very comfortable and, although fitted, it does not hug the figure. <strong>Two side pockets<\/strong> finished with a decorative trim to add practicality. <\/span>The coat has <strong>Knee length<\/strong>, with an opening at the back. Great <strong data-start=\"590\" data-end=\"612\">elongates the silhouette<\/strong> and emphasise its verticality - regardless of height or figure.<\/p>\n<p><span lang=\"DE\">Noteworthy <strong>beautifully shaped lined collar<\/strong>. We've designed it to accentuate the neckline and slim it down, and raised it to protect it from the wind. We have additionally lined the front of the coat with very fine glue, stabilising the fibres, emphasising the properties of the fabric and giving the coat a luxurious look.<\/span><\/p>\n<p><strong data-start=\"2523\" data-end=\"2562\"><span lang=\"DE\">Classic wool coat in snakeskin print Prague<\/span> is an investment in style<\/strong>that never goes away. It is not only fashionable but also practical - it stands out without being overdone. The snake print appears in cycles, and returns with renewed vigour in the 2025 season as a symbol of the <strong data-start=\"414\" data-end=\"464\">elegance, independence and rebellion against boredom<\/strong>.<\/p>\n<p>The snake in culture has many meanings - it is associated with the <strong data-start=\"1480\" data-end=\"1528\">transformation, power, mystery and sensuality<\/strong>. In fashion, these associations work perfectly with feminine energy - especially now that styling is increasingly expressing the <strong data-start=\"1653\" data-end=\"1688\">personality<\/strong>. In a world of solid, muted colours, fashionistas are looking for something <strong data-start=\"577\" data-end=\"627\">more expressive, but not over-elaborate<\/strong>. Snake print fits in perfectly with this vibe, as it is bold but not flashy. It's natural but has a hint of luxury. And it is versatile - suiting glam, boho, urban and sporty styles. Whether you wear it with cowboy boots and high-waisted jeans or with a black total look and heeled boots, it gives you plenty of scope for experimentation.<\/p>\n<p><span lang=\"DE\">Actual photo - snake print<\/span><\/p>\n<p>Available colours<span lang=\"DE\">: snake print<\/span><\/p>\n<p><span lang=\"DE\">Available sizes: XS, S, M, L, XL<\/span><\/p>\n<p>The model is 172cm and a size S.<\/p>\n<p><span lang=\"DE\">Indicative dimensions:<\/span><\/p>\n<p><span lang=\"DE\">XS - bust: 86-88 \/ hips 94-96 \/ length: 97 \/ shoulder width 34.5-35 \/ sleeve 61<br \/>\nS - bust: 90-92 \/ hips: 98-100 \/ length: 98 \/ shoulder width 35.5-36 \/ sleeve: 62<br \/>\nM - bust: 94-96 \/ hips: 102-104 \/ length: 98 \/ shoulder width 37-37.5 \/ sleeve: 62<br \/>\nL - bust: 98-100 \/ hips: 106-108 \/ length: 98 \/ shoulder width 39.5-40 \/ sleeve: 63<br \/>\nXL - bust: 104-106 \/ hips: 112-114 \/ length: 98 \/ shoulder width 42-42.5 \/ sleeve: 64<\/span><\/p>\n<p>We encourage you to read our advice on choosing the right size (\u00a0<a href=\"https:\/\/talia-fashion.pl\/en\/jak-dobrac-rozmiar\/\">How to choose a size?<\/a>\u00a0) and the cut of the coat (\u00a0<a href=\"https:\/\/talia-fashion.pl\/en\/jak-dobrac-plaszcz-do-sylwetki\/\">How do you choose a coat to suit your figure?<\/a>\u00a0).  If in doubt, please contact us.<\/p>\n<p><span lang=\"DE\">Material: 80<\/span><span lang=\"DE\">% wool, 20% polyamide<br \/>\n<\/span><\/p>\n<p>Lining: 100% acetate<\/p>\n<p>Like viscose, acetate is produced from cellulose. Acetate yarn can also be made from recycled cellulose such as paper. The acetate lining is excellent at absorbing moisture and permeable to air. It is coated with an antistatic apprettee and is OEKOtex\u00ae Standard 100 certified. It ideally provides thermal comfort and is comfortable to wear.<\/p>\n<p><span lang=\"DE\">We designed the classic wool coat in the snakeskin print Praga keeping in mind both the <strong>convenience as well as aesthetics<\/strong>. It is important to us that you feel beautiful and comfortable. We sewed the coat in <strong>our family workshop<\/strong> in Pozna\u0144, with traditional, labour-intensive methods and a lot of heart put into it, yet in an environmentally friendly way. Every element of the coat has been thought out and refined by us so that it impresses with its quality.\u00a0<\/span><\/p>\n<p><strong>Individual order - <\/strong>It is possible to make certain modifications at the customer's request: shortening, lengthening of the sleeves, shortening and lengthening of the coat. Sewing an additionally insulated version. Cost to be determined individually, after prior contact. <strong>An individual order is not subject to exchange or refund.<\/strong><\/p>\n<p>The classic wool coat in snakeskin print Praga should be dry-cleaned. For regular refreshing of the coat we recommend <a href=\"https:\/\/talia-fashion.pl\/en\/product\/szczotka-do-czyszczenia-i-pielegnacji-plaszcza\/\">Brush for cleaning and care<\/a>, which can be purchased in our shop. How to simply look after your coat and enjoy it for years to come is explained in our short guide: <a href=\"https:\/\/talia-fashion.pl\/en\/jak-pielegnowac-i-dbac-o-plaszcz\/\">How to nurture and care for the coat?<\/a> Proper care of garments not only prolongs their lifespan but also contributes to environmental protection.<\/p>\n<p><span lang=\"DE\">The lead time depends on the current stock in the atelier and the availability of the given fabric colour. If the given coat is available in the atelier, the order will be realised within 2-5 working days. If it is necessary to sew the coat or individualise the order - making alterations or sewing a new coat according to the customer's specifications - the order processing time may be extended, up to a maximum of 2 weeks.<\/span><\/p>\n<p>We avoid overproduction and do not sew for stock, so we have to sew this coat for you. And although we try to process orders quickly, sewing a coat takes time and precision. <span lang=\"DE\">It is the manual and time-consuming layering of the fabric that enables the snake pattern on the elements of the coat to fit perfectly. <\/span>Thank you for supporting Polish crafts.<\/p>\n<p>We encourage you to like our <a href=\"https:\/\/www.instagram.com\/talia_plaszcze\/\">Fanpage on Instagram<\/a>.<\/p>","protected":false},"excerpt":{"rendered":"<p>The classic wool coat in snakeskin print is an investment in style. A warm and original outer garment.<\/p>","protected":false},"featured_media":258747,"template":"","meta":{"_acf_changed":false},"product_cat":[31,36],"product_tag":[366,163,89,78,355,32,176,34,340,39,41,42,109,43,68,96,181,85,50,95,125,69,60,315,354,177,262,263,97,53,353,352,88],"class_list":{"0":"post-258561","1":"product","2":"type-product","3":"status-publish","4":"has-post-thumbnail","6":"product_cat-nowosci","7":"product_cat-plaszcze-dluzsze","8":"product_tag-animal-print","9":"product_tag-bezowy-plaszcz","10":"product_tag-cieply","11":"product_tag-dla-roznych-sylwetek","12":"product_tag-dlugosc-w-kolano","13":"product_tag-dopasowany-kroj","14":"product_tag-flausz","15":"product_tag-handmade","16":"product_tag-jesionka","17":"product_tag-klasyczny","18":"product_tag-na-podszewce","19":"product_tag-nowosc","20":"product_tag-plaszcz-camel","21":"product_tag-plaszcz-damski","22":"product_tag-plaszcz-jesienny","23":"product_tag-plaszcz-na-chlodne-dni","24":"product_tag-plaszcz-w-jodelke","25":"product_tag-plaszcz-welniany","26":"product_tag-plaszcz-z-rewersem","27":"product_tag-plaszcz-zimowy","28":"product_tag-polskie-rzemioslo","29":"product_tag-prochowiec","30":"product_tag-producent-plaszczy-damskich","31":"product_tag-rozowy-plaszcz","32":"product_tag-snake-print","33":"product_tag-szlafrokowy-kroj","34":"product_tag-taliowany","35":"product_tag-taliowany-plaszcz","36":"product_tag-trencz","37":"product_tag-welna","38":"product_tag-wezowy-print","39":"product_tag-wezowy-wzor","40":"product_tag-wiazany","42":"first","43":"instock","44":"shipping-taxable","45":"purchasable","46":"product-type-variable","47":"has-default-attributes"},"acf":[],"yoast_head":"<!-- This site is optimized with the Yoast SEO plugin v25.7 - https:\/\/yoast.com\/wordpress\/plugins\/seo\/ -->\n<title>Klasyczny p\u0142aszcz we\u0142niany w w\u0119\u017cowy print Praga - Talia Fashion - p\u0142aszcz damski<\/title>\n<meta name=\"description\" content=\"Klasyczny p\u0142aszcz we\u0142niany w w\u0119\u017cowy print to stylowy p\u0142aszcz damski na ch\u0142odne pory roku. Niebanalny wz\u00f3r, ciep\u0142y materia\u0142 i ponadczasowy kr\u00f3j. Must have.\" \/>\n<meta name=\"robots\" content=\"index, follow, max-snippet:-1, max-image-preview:large, max-video-preview:-1\" \/>\n<link rel=\"canonical\" href=\"https:\/\/talia-fashion.pl\/en\/product\/klasyczny-plaszcz-welniany-w-wezowy-print-praga\/\" \/>\n<meta property=\"og:locale\" content=\"en_GB\" \/>\n<meta property=\"og:type\" content=\"article\" \/>\n<meta property=\"og:title\" content=\"Klasyczny p\u0142aszcz we\u0142niany w w\u0119\u017cowy print Praga - Talia Fashion - p\u0142aszcz damski\" \/>\n<meta property=\"og:description\" content=\"Klasyczny p\u0142aszcz we\u0142niany w w\u0119\u017cowy print to stylowy p\u0142aszcz damski na ch\u0142odne pory roku. Niebanalny wz\u00f3r, ciep\u0142y materia\u0142 i ponadczasowy kr\u00f3j. Must have.\" \/>\n<meta property=\"og:url\" content=\"https:\/\/talia-fashion.pl\/en\/product\/klasyczny-plaszcz-welniany-w-wezowy-print-praga\/\" \/>\n<meta property=\"og:site_name\" content=\"Talia Fashion\" \/>\n<meta property=\"article:modified_time\" content=\"2026-02-12T16:54:36+00:00\" \/>\n<meta property=\"og:image\" content=\"https:\/\/talia-fashion.pl\/wp-content\/uploads\/2025\/09\/klasyczny-plaszcz-welniany-wezowy-print.jpg\" \/>\n\t<meta property=\"og:image:width\" content=\"2000\" \/>\n\t<meta property=\"og:image:height\" content=\"2667\" \/>\n\t<meta property=\"og:image:type\" content=\"image\/jpeg\" \/>\n<meta name=\"twitter:card\" content=\"summary_large_image\" \/>\n<meta name=\"twitter:label1\" content=\"Estimated reading time\" \/>\n\t<meta name=\"twitter:data1\" content=\"4 minutes\" \/>\n<script type=\"application\/ld+json\" class=\"yoast-schema-graph\">{\"@context\":\"https:\/\/schema.org\",\"@graph\":[{\"@type\":\"WebPage\",\"@id\":\"https:\/\/talia-fashion.pl\/produkt\/klasyczny-plaszcz-welniany-w-wezowy-print-praga\/\",\"url\":\"https:\/\/talia-fashion.pl\/produkt\/klasyczny-plaszcz-welniany-w-wezowy-print-praga\/\",\"name\":\"Klasyczny p\u0142aszcz we\u0142niany w w\u0119\u017cowy print Praga - Talia Fashion - p\u0142aszcz damski\",\"isPartOf\":{\"@id\":\"https:\/\/talia-fashion.pl\/#website\"},\"primaryImageOfPage\":{\"@id\":\"https:\/\/talia-fashion.pl\/produkt\/klasyczny-plaszcz-welniany-w-wezowy-print-praga\/#primaryimage\"},\"image\":{\"@id\":\"https:\/\/talia-fashion.pl\/produkt\/klasyczny-plaszcz-welniany-w-wezowy-print-praga\/#primaryimage\"},\"thumbnailUrl\":\"https:\/\/talia-fashion.pl\/wp-content\/uploads\/2025\/09\/klasyczny-plaszcz-welniany-wezowy-print.jpg\",\"datePublished\":\"2025-09-05T09:20:02+00:00\",\"dateModified\":\"2026-02-12T16:54:36+00:00\",\"description\":\"Klasyczny p\u0142aszcz we\u0142niany w w\u0119\u017cowy print to stylowy p\u0142aszcz damski na ch\u0142odne pory roku. Niebanalny wz\u00f3r, ciep\u0142y materia\u0142 i ponadczasowy kr\u00f3j. Must have.\",\"breadcrumb\":{\"@id\":\"https:\/\/talia-fashion.pl\/produkt\/klasyczny-plaszcz-welniany-w-wezowy-print-praga\/#breadcrumb\"},\"inLanguage\":\"en-GB\",\"potentialAction\":[{\"@type\":\"ReadAction\",\"target\":[\"https:\/\/talia-fashion.pl\/produkt\/klasyczny-plaszcz-welniany-w-wezowy-print-praga\/\"]}]},{\"@type\":\"ImageObject\",\"inLanguage\":\"en-GB\",\"@id\":\"https:\/\/talia-fashion.pl\/produkt\/klasyczny-plaszcz-welniany-w-wezowy-print-praga\/#primaryimage\",\"url\":\"https:\/\/talia-fashion.pl\/wp-content\/uploads\/2025\/09\/klasyczny-plaszcz-welniany-wezowy-print.jpg\",\"contentUrl\":\"https:\/\/talia-fashion.pl\/wp-content\/uploads\/2025\/09\/klasyczny-plaszcz-welniany-wezowy-print.jpg\",\"width\":2000,\"height\":2667,\"caption\":\"Klasyczny p\u0142aszcz damski z tkaniny z przewag\u0105 we\u0142ny w w\u0119\u017cowy print. Ponadczasowy kr\u00f3j, szlachetna tkanina i unikatowy wz\u00f3r.\"},{\"@type\":\"BreadcrumbList\",\"@id\":\"https:\/\/talia-fashion.pl\/produkt\/klasyczny-plaszcz-welniany-w-wezowy-print-praga\/#breadcrumb\",\"itemListElement\":[{\"@type\":\"ListItem\",\"position\":1,\"name\":\"Strona g\u0142\u00f3wna\",\"item\":\"https:\/\/talia-fashion.pl\/\"},{\"@type\":\"ListItem\",\"position\":2,\"name\":\"Sklep\",\"item\":\"https:\/\/talia-fashion.pl\/sklep\/\"},{\"@type\":\"ListItem\",\"position\":3,\"name\":\"Klasyczny p\u0142aszcz we\u0142niany w w\u0119\u017cowy print Praga\"}]},{\"@type\":\"WebSite\",\"@id\":\"https:\/\/talia-fashion.pl\/#website\",\"url\":\"https:\/\/talia-fashion.pl\/\",\"name\":\"Talia Fashion\",\"description\":\"\",\"potentialAction\":[{\"@type\":\"SearchAction\",\"target\":{\"@type\":\"EntryPoint\",\"urlTemplate\":\"https:\/\/talia-fashion.pl\/?s={search_term_string}\"},\"query-input\":{\"@type\":\"PropertyValueSpecification\",\"valueRequired\":true,\"valueName\":\"search_term_string\"}}],\"inLanguage\":\"en-GB\"}]}<\/script>\n<!-- \/ Yoast SEO plugin. -->","yoast_head_json":{"title":"Klasyczny p\u0142aszcz we\u0142niany w w\u0119\u017cowy print Praga - Talia Fashion - p\u0142aszcz damski","description":"Klasyczny p\u0142aszcz we\u0142niany w w\u0119\u017cowy print to stylowy p\u0142aszcz damski na ch\u0142odne pory roku. Niebanalny wz\u00f3r, ciep\u0142y materia\u0142 i ponadczasowy kr\u00f3j. Must have.","robots":{"index":"index","follow":"follow","max-snippet":"max-snippet:-1","max-image-preview":"max-image-preview:large","max-video-preview":"max-video-preview:-1"},"canonical":"https:\/\/talia-fashion.pl\/en\/product\/klasyczny-plaszcz-welniany-w-wezowy-print-praga\/","og_locale":"en_GB","og_type":"article","og_title":"Klasyczny p\u0142aszcz we\u0142niany w w\u0119\u017cowy print Praga - Talia Fashion - p\u0142aszcz damski","og_description":"Klasyczny p\u0142aszcz we\u0142niany w w\u0119\u017cowy print to stylowy p\u0142aszcz damski na ch\u0142odne pory roku. Niebanalny wz\u00f3r, ciep\u0142y materia\u0142 i ponadczasowy kr\u00f3j. Must have.","og_url":"https:\/\/talia-fashion.pl\/en\/product\/klasyczny-plaszcz-welniany-w-wezowy-print-praga\/","og_site_name":"Talia Fashion","article_modified_time":"2026-02-12T16:54:36+00:00","og_image":[{"width":2000,"height":2667,"url":"https:\/\/talia-fashion.pl\/wp-content\/uploads\/2025\/09\/klasyczny-plaszcz-welniany-wezowy-print.jpg","type":"image\/jpeg"}],"twitter_card":"summary_large_image","twitter_misc":{"Estimated reading time":"4 minutes"},"schema":{"@context":"https:\/\/schema.org","@graph":[{"@type":"WebPage","@id":"https:\/\/talia-fashion.pl\/produkt\/klasyczny-plaszcz-welniany-w-wezowy-print-praga\/","url":"https:\/\/talia-fashion.pl\/produkt\/klasyczny-plaszcz-welniany-w-wezowy-print-praga\/","name":"Klasyczny p\u0142aszcz we\u0142niany w w\u0119\u017cowy print Praga - Talia Fashion - p\u0142aszcz damski","isPartOf":{"@id":"https:\/\/talia-fashion.pl\/#website"},"primaryImageOfPage":{"@id":"https:\/\/talia-fashion.pl\/produkt\/klasyczny-plaszcz-welniany-w-wezowy-print-praga\/#primaryimage"},"image":{"@id":"https:\/\/talia-fashion.pl\/produkt\/klasyczny-plaszcz-welniany-w-wezowy-print-praga\/#primaryimage"},"thumbnailUrl":"https:\/\/talia-fashion.pl\/wp-content\/uploads\/2025\/09\/klasyczny-plaszcz-welniany-wezowy-print.jpg","datePublished":"2025-09-05T09:20:02+00:00","dateModified":"2026-02-12T16:54:36+00:00","description":"Klasyczny p\u0142aszcz we\u0142niany w w\u0119\u017cowy print to stylowy p\u0142aszcz damski na ch\u0142odne pory roku. Niebanalny wz\u00f3r, ciep\u0142y materia\u0142 i ponadczasowy kr\u00f3j. Must have.","breadcrumb":{"@id":"https:\/\/talia-fashion.pl\/produkt\/klasyczny-plaszcz-welniany-w-wezowy-print-praga\/#breadcrumb"},"inLanguage":"en-GB","potentialAction":[{"@type":"ReadAction","target":["https:\/\/talia-fashion.pl\/produkt\/klasyczny-plaszcz-welniany-w-wezowy-print-praga\/"]}]},{"@type":"ImageObject","inLanguage":"en-GB","@id":"https:\/\/talia-fashion.pl\/produkt\/klasyczny-plaszcz-welniany-w-wezowy-print-praga\/#primaryimage","url":"https:\/\/talia-fashion.pl\/wp-content\/uploads\/2025\/09\/klasyczny-plaszcz-welniany-wezowy-print.jpg","contentUrl":"https:\/\/talia-fashion.pl\/wp-content\/uploads\/2025\/09\/klasyczny-plaszcz-welniany-wezowy-print.jpg","width":2000,"height":2667,"caption":"Klasyczny p\u0142aszcz damski z tkaniny z przewag\u0105 we\u0142ny w w\u0119\u017cowy print. Ponadczasowy kr\u00f3j, szlachetna tkanina i unikatowy wz\u00f3r."},{"@type":"BreadcrumbList","@id":"https:\/\/talia-fashion.pl\/produkt\/klasyczny-plaszcz-welniany-w-wezowy-print-praga\/#breadcrumb","itemListElement":[{"@type":"ListItem","position":1,"name":"Strona g\u0142\u00f3wna","item":"https:\/\/talia-fashion.pl\/"},{"@type":"ListItem","position":2,"name":"Sklep","item":"https:\/\/talia-fashion.pl\/sklep\/"},{"@type":"ListItem","position":3,"name":"Klasyczny p\u0142aszcz we\u0142niany w w\u0119\u017cowy print Praga"}]},{"@type":"WebSite","@id":"https:\/\/talia-fashion.pl\/#website","url":"https:\/\/talia-fashion.pl\/","name":"Talia Fashion","description":"","potentialAction":[{"@type":"SearchAction","target":{"@type":"EntryPoint","urlTemplate":"https:\/\/talia-fashion.pl\/?s={search_term_string}"},"query-input":{"@type":"PropertyValueSpecification","valueRequired":true,"valueName":"search_term_string"}}],"inLanguage":"en-GB"}]}},"_links":{"self":[{"href":"https:\/\/talia-fashion.pl\/en\/wp-json\/wp\/v2\/product\/258561","targetHints":{"allow":["GET"]}}],"collection":[{"href":"https:\/\/talia-fashion.pl\/en\/wp-json\/wp\/v2\/product"}],"about":[{"href":"https:\/\/talia-fashion.pl\/en\/wp-json\/wp\/v2\/types\/product"}],"wp:featuredmedia":[{"embeddable":true,"href":"https:\/\/talia-fashion.pl\/en\/wp-json\/wp\/v2\/media\/258747"}],"wp:attachment":[{"href":"https:\/\/talia-fashion.pl\/en\/wp-json\/wp\/v2\/media?parent=258561"}],"wp:term":[{"taxonomy":"product_cat","embeddable":true,"href":"https:\/\/talia-fashion.pl\/en\/wp-json\/wp\/v2\/product_cat?post=258561"},{"taxonomy":"product_tag","embeddable":true,"href":"https:\/\/talia-fashion.pl\/en\/wp-json\/wp\/v2\/product_tag?post=258561"}],"curies":[{"name":"wp","href":"https:\/\/api.w.org\/{rel}","templated":true}]}}