{"id":258536,"date":"2025-09-04T13:53:35","date_gmt":"2025-09-04T11:53:35","guid":{"rendered":"https:\/\/talia-fashion.pl\/?post_type=product&#038;p=258536"},"modified":"2026-02-12T17:06:08","modified_gmt":"2026-02-12T16:06:08","slug":"ocieplany-jednorzedowy-plaszcz-w-szaro-bezowa-jodelke-celine","status":"publish","type":"product","link":"https:\/\/talia-fashion.pl\/en\/product\/ocieplany-jednorzedowy-plaszcz-w-szaro-bezowa-jodelke-celine\/","title":{"rendered":"Celine insulated single-breasted grey and beige herringbone coat"},"content":{"rendered":"<p>Celine's grey and beige herringbone insulated single-breasted coat is our latest offering for the autumn and winter seson. It is an ideal choice for those who appreciate classics in a modern edition. The design is inspired by the style of past decades - the <strong>delights with its subtle retro character<\/strong>and, at the same time, fits in perfectly with current trends. <strong>Straight, relaxed cut<\/strong> provides a comfortable fit, while the gently waisted back accentuates the silhouette. The lack of a back slit gives the overall look a clean, minimalist line and keeps you warm.<\/p>\n<p data-start=\"753\" data-end=\"1004\">The coat stands out <strong>wide lapels<\/strong> with rounded edges, <strong>raglan sleeves<\/strong> and emphasising the waist <strong>belt<\/strong>which can be freely removed or tied at the back. <strong>Single-row fastening<\/strong> with colour-matched buttons and wide diagonal piping. <strong>pockets<\/strong> complete the picture.<\/p>\n<p data-start=\"1006\" data-end=\"1248\">Celine envelops you with warmth - thanks to the material and the <strong>additional insulation<\/strong> (also in the sleeves) will be perfect for colder days. <strong>Soft fabric<\/strong> predominantly wool, in <strong>classic herringbone pattern<\/strong> adds to its refinement and character. The herringbone pattern is not very pronounced and the different shades of grey and beige intermingle interestingly. It is a coat that combines <strong>functionality with remarkable style.<\/strong><\/p>\n<p data-start=\"1006\" data-end=\"1248\">Celine's insulated single-breasted grey and beige herringbone coat is an essential piece for your wardrobe that is sure to stay with you for years to come. <strong>Timelessness of coat cut, pattern and fabric colour<\/strong> are its greatest strengths. The relaxed lines of this coat go perfectly with sporty or hipster styles. Sporty shoes, shopper bag, oversized beanie - and you're set! However, there's nothing stopping you from dressing up in a little black, high heeled boots and a leather handbag. Style it the way you like it best.<\/p>\n<p data-start=\"1250\" data-end=\"1286\">Model available as a limited edition.<\/p>\n<p>Actual photo - herringbone ash and beige<\/p>\n<p>Available colours - herringbone ash and beige<\/p>\n<p>The colours are shown in the pictures of the coats in different cuts, in the other auctions and in the <a href=\"https:\/\/talia-fashion.pl\/en\/paleta-kolorow\/\">colour palette<\/a>. If in doubt, please contact us.<\/p>\n<p>Available sizes: XS, S, M, L<\/p>\n<p>Raglan sleeves give a feminine line and round off the shoulders. It is therefore a great option for ladies with broader shoulders.  The design of the sleeves also makes the coat looser, especially in the upper parts. When choosing a coat size, be guided by your hip circumference. It is most important that the coat wraps around them rather than skimming over them. If a more fitted coat is preferred, we suggest choosing a smaller size. The waist can easily be built up by tying yourself tighter with a belt . If you are wondering which coat to choose, we suggest you read our tips <a href=\"https:\/\/talia-fashion.pl\/en\/jak-dobrac-plaszcz-do-sylwetki\/\">How do you choose a coat to suit your figure?<\/a><\/p>\n<p>Indicative dimensions:<\/p>\n<p>XS - bust: 86-88 \/ hips: 94-96 \/ length: 107 \/ sleeve: 61<br \/>\nS - bust: 90-92 \/ hips: 98-100 \/ length: 107 \/ sleeve: 62<br \/>\nM - bust: 94-96 \/ hips: 102-104 \/ length: 107 \/ sleeve: 62<br \/>\nL - bust: 98-100 \/ hips: 106-108 \/ length: 108 \/ sleeve: 63<\/p>\n<p>If you are unsure about the size, please contact us.<\/p>\n<p>Material: 80% wool, 20% polyamide<\/p>\n<p>Lining: 100% acetate<br \/>\nLike viscose, acetate is produced from cellulose. Acetate yarn can also be made from recycled cellulose such as paper. The acetate lining is excellent at absorbing moisture and permeable to air. It is coated with an antistatic apprettee and is OEKOtex\u00ae Standard 100 certified.<\/p>\n<p>Insulation: 100% non-woven recycled polyester<br \/>\nOur coats are insulated with a compressed thermo-insulating quilted fleece on the lining. The fleece is made from polyester fibres produced from recycled materials. The material is light, thin and at the same time perfectly insulating. The fleece we use is resistant to moisture (it retains its insulating properties and warming effect even in damp conditions), stops the wind, is hypoallergenic and breathable. It is OEKOtex\u00ae Standard 100 certified.<\/p>\n<p>Celine's grey and beige herringbone insulated single-breasted coat was designed and sewn from start to finish <strong>In our family workshop. All our coats are handmade. <\/strong>It is the hand layering of the fabric that allows us to perfect the herringbone pattern on the elements of the coat. Thanks to the fact that we grow<strong> traditional tailoring <\/strong>gets to you<strong> a product created with the utmost precision.\u00a0<\/strong>Sewing a coat using traditional methods takes time and precision, so please be patient while waiting for your order to be completed. Thank you for being with us and supporting local craftsmanship.<\/p>\n<p>The coat should be dry-cleaned. For frequent refreshing of the wool we recommend the following <a href=\"https:\/\/talia-fashion.pl\/en\/product\/szczotka-do-czyszczenia-i-pielegnacji-plaszcza\/\">Brush for cleaning and care of the coat<\/a><a href=\"https:\/\/talia-fashion.pl\/en\/product\/szczotka-do-czyszczenia-i-pielegnacji-plaszcza\/\">, <\/a>available in our shop. We also encourage you to read about additional ways to care for your coat - we have put together all the tips in our guide. <a href=\"https:\/\/talia-fashion.pl\/en\/jak-pielegnowac-i-dbac-o-plaszcz\/\">How to nurture and care for the coat?<\/a><\/p>\n<p><strong>Individual order - <\/strong>Some modifications can be made at the client's request: shortening, lengthening of the sleeve, shortening and lengthening of the coat. Cost to be determined individually, after prior contact. <strong>An individual order is not subject to exchange or refund.<\/strong><\/p>\n<p>The lead time depends on the company's current stock and the availability of the fabric colour in question. If the coat is sewn, the order will be processed very quickly within 2-5 working days. If it is necessary to sew the coat or to individualise the order, i.e. to make alterations or sew a new coat according to the customer's specifications, the lead time may be extended to a maximum of 2 weeks.<\/p>\n<p>We encourage you to like our fanpage on <a href=\"https:\/\/www.facebook.com\/talia.plaszcze\">Facebook<\/a>\u00a0i\u00a0<a href=\"https:\/\/www.instagram.com\/talia_plaszcze\/\">Instagram<\/a><\/p>","protected":false},"excerpt":{"rendered":"<p>Loose winter coat in grey and beige toned herringbone combines a classic pattern with a modern cut line. Excellent fabric and a relaxed fit, the coat is fully insulated.<\/p>","protected":false},"featured_media":258815,"template":"","meta":{"_acf_changed":false},"product_cat":[31,36],"product_tag":[89,78,119,37,34,80,121,41,42,67,43,44,91,45,68,47,75,84,181,50,86,173,321,53,63,88,147],"class_list":{"0":"post-258536","1":"product","2":"type-product","3":"status-publish","4":"has-post-thumbnail","6":"product_cat-nowosci","7":"product_cat-plaszcze-dluzsze","8":"product_tag-cieply","9":"product_tag-dla-roznych-sylwetek","10":"product_tag-dlugi-plaszcz-zimowy","11":"product_tag-dyplomatka","12":"product_tag-handmade","13":"product_tag-luzny-kroj","14":"product_tag-materialy-przyjazne-dla-srodowiska","15":"product_tag-na-podszewce","16":"product_tag-nowosc","17":"product_tag-ocieplany","18":"product_tag-plaszcz-damski","19":"product_tag-plaszcz-damski-dlugi","20":"product_tag-plaszcz-damski-zimowy","21":"product_tag-plaszcz-dlugi","22":"product_tag-plaszcz-jesienny","23":"product_tag-plaszcz-na-guziki","24":"product_tag-plaszcz-ocieplany","25":"product_tag-plaszcz-oversizowy","26":"product_tag-plaszcz-w-jodelke","27":"product_tag-plaszcz-z-rewersem","28":"product_tag-plaszcz-zimowy-ocieplany","29":"product_tag-polski-producent-plaszczy","30":"product_tag-raglanowy-rekaw","31":"product_tag-welna","32":"product_tag-welniany","33":"product_tag-wiazany","34":"product_tag-zrownowazona-produkcja","36":"first","37":"instock","38":"shipping-taxable","39":"purchasable","40":"product-type-variable","41":"has-default-attributes"},"acf":[],"yoast_head":"<!-- This site is optimized with the Yoast SEO plugin v25.7 - https:\/\/yoast.com\/wordpress\/plugins\/seo\/ -->\n<title>Ocieplany jednorz\u0119dowy p\u0142aszcz w szaro-be\u017cow\u0105 jode\u0142k\u0119 Celine<\/title>\n<meta name=\"description\" content=\"Ocieplany jednorz\u0119dowy p\u0142aszcz w szaro-be\u017cow\u0105 jode\u0142k\u0119 - ponadczasowy wz\u00f3r i kr\u00f3j. Zaprojektowany i uszyty w naszej pracowni, z dba\u0142o\u015bci\u0105 o ka\u017cdy szczeg\u00f3\u0142 .\" \/>\n<meta name=\"robots\" content=\"index, follow, max-snippet:-1, max-image-preview:large, max-video-preview:-1\" \/>\n<link rel=\"canonical\" href=\"https:\/\/talia-fashion.pl\/en\/product\/ocieplany-jednorzedowy-plaszcz-w-szaro-bezowa-jodelke-celine\/\" \/>\n<meta property=\"og:locale\" content=\"en_GB\" \/>\n<meta property=\"og:type\" content=\"article\" \/>\n<meta property=\"og:title\" content=\"Ocieplany jednorz\u0119dowy p\u0142aszcz w szaro-be\u017cow\u0105 jode\u0142k\u0119 Celine\" \/>\n<meta property=\"og:description\" content=\"Ocieplany jednorz\u0119dowy p\u0142aszcz w szaro-be\u017cow\u0105 jode\u0142k\u0119 - ponadczasowy wz\u00f3r i kr\u00f3j. Zaprojektowany i uszyty w naszej pracowni, z dba\u0142o\u015bci\u0105 o ka\u017cdy szczeg\u00f3\u0142 .\" \/>\n<meta property=\"og:url\" content=\"https:\/\/talia-fashion.pl\/en\/product\/ocieplany-jednorzedowy-plaszcz-w-szaro-bezowa-jodelke-celine\/\" \/>\n<meta property=\"og:site_name\" content=\"Talia Fashion\" \/>\n<meta property=\"article:modified_time\" content=\"2026-02-12T16:06:08+00:00\" \/>\n<meta property=\"og:image\" content=\"https:\/\/talia-fashion.pl\/wp-content\/uploads\/2025\/09\/luzny-plaszcz-zimowy-w-jodelke-szaro-bezowy-midi-ocieplany.jpg\" \/>\n\t<meta property=\"og:image:width\" content=\"1300\" \/>\n\t<meta property=\"og:image:height\" content=\"1733\" \/>\n\t<meta property=\"og:image:type\" content=\"image\/jpeg\" \/>\n<meta name=\"twitter:card\" content=\"summary_large_image\" \/>\n<meta name=\"twitter:label1\" content=\"Estimated reading time\" \/>\n\t<meta name=\"twitter:data1\" content=\"4 minutes\" \/>\n<script type=\"application\/ld+json\" class=\"yoast-schema-graph\">{\"@context\":\"https:\/\/schema.org\",\"@graph\":[{\"@type\":\"WebPage\",\"@id\":\"https:\/\/talia-fashion.pl\/produkt\/ocieplany-jednorzedowy-plaszcz-w-szaro-bezowa-jodelke-celine\/\",\"url\":\"https:\/\/talia-fashion.pl\/produkt\/ocieplany-jednorzedowy-plaszcz-w-szaro-bezowa-jodelke-celine\/\",\"name\":\"Ocieplany jednorz\u0119dowy p\u0142aszcz w szaro-be\u017cow\u0105 jode\u0142k\u0119 Celine\",\"isPartOf\":{\"@id\":\"https:\/\/talia-fashion.pl\/#website\"},\"primaryImageOfPage\":{\"@id\":\"https:\/\/talia-fashion.pl\/produkt\/ocieplany-jednorzedowy-plaszcz-w-szaro-bezowa-jodelke-celine\/#primaryimage\"},\"image\":{\"@id\":\"https:\/\/talia-fashion.pl\/produkt\/ocieplany-jednorzedowy-plaszcz-w-szaro-bezowa-jodelke-celine\/#primaryimage\"},\"thumbnailUrl\":\"https:\/\/talia-fashion.pl\/wp-content\/uploads\/2025\/09\/luzny-plaszcz-zimowy-w-jodelke-szaro-bezowy-midi-ocieplany.jpg\",\"datePublished\":\"2025-09-04T11:53:35+00:00\",\"dateModified\":\"2026-02-12T16:06:08+00:00\",\"description\":\"Ocieplany jednorz\u0119dowy p\u0142aszcz w szaro-be\u017cow\u0105 jode\u0142k\u0119 - ponadczasowy wz\u00f3r i kr\u00f3j. Zaprojektowany i uszyty w naszej pracowni, z dba\u0142o\u015bci\u0105 o ka\u017cdy szczeg\u00f3\u0142 .\",\"breadcrumb\":{\"@id\":\"https:\/\/talia-fashion.pl\/produkt\/ocieplany-jednorzedowy-plaszcz-w-szaro-bezowa-jodelke-celine\/#breadcrumb\"},\"inLanguage\":\"en-GB\",\"potentialAction\":[{\"@type\":\"ReadAction\",\"target\":[\"https:\/\/talia-fashion.pl\/produkt\/ocieplany-jednorzedowy-plaszcz-w-szaro-bezowa-jodelke-celine\/\"]}]},{\"@type\":\"ImageObject\",\"inLanguage\":\"en-GB\",\"@id\":\"https:\/\/talia-fashion.pl\/produkt\/ocieplany-jednorzedowy-plaszcz-w-szaro-bezowa-jodelke-celine\/#primaryimage\",\"url\":\"https:\/\/talia-fashion.pl\/wp-content\/uploads\/2025\/09\/luzny-plaszcz-zimowy-w-jodelke-szaro-bezowy-midi-ocieplany.jpg\",\"contentUrl\":\"https:\/\/talia-fashion.pl\/wp-content\/uploads\/2025\/09\/luzny-plaszcz-zimowy-w-jodelke-szaro-bezowy-midi-ocieplany.jpg\",\"width\":1300,\"height\":1733,\"caption\":\"Lu\u017cny p\u0142aszcz zimowy w szaro-be\u017cow\u0105 jode\u0142k\u0119. D\u0142ugo\u015b\u0107 midi, raglanowy r\u0119kaw, wi\u0105zany. Ocieplany.\"},{\"@type\":\"BreadcrumbList\",\"@id\":\"https:\/\/talia-fashion.pl\/produkt\/ocieplany-jednorzedowy-plaszcz-w-szaro-bezowa-jodelke-celine\/#breadcrumb\",\"itemListElement\":[{\"@type\":\"ListItem\",\"position\":1,\"name\":\"Strona g\u0142\u00f3wna\",\"item\":\"https:\/\/talia-fashion.pl\/\"},{\"@type\":\"ListItem\",\"position\":2,\"name\":\"Sklep\",\"item\":\"https:\/\/talia-fashion.pl\/sklep\/\"},{\"@type\":\"ListItem\",\"position\":3,\"name\":\"Ocieplany jednorz\u0119dowy p\u0142aszcz w szaro-be\u017cow\u0105 jode\u0142k\u0119 Celine\"}]},{\"@type\":\"WebSite\",\"@id\":\"https:\/\/talia-fashion.pl\/#website\",\"url\":\"https:\/\/talia-fashion.pl\/\",\"name\":\"Talia Fashion\",\"description\":\"\",\"potentialAction\":[{\"@type\":\"SearchAction\",\"target\":{\"@type\":\"EntryPoint\",\"urlTemplate\":\"https:\/\/talia-fashion.pl\/?s={search_term_string}\"},\"query-input\":{\"@type\":\"PropertyValueSpecification\",\"valueRequired\":true,\"valueName\":\"search_term_string\"}}],\"inLanguage\":\"en-GB\"}]}<\/script>\n<!-- \/ Yoast SEO plugin. -->","yoast_head_json":{"title":"Celine insulated single-breasted grey and beige herringbone coat","description":"Ocieplany jednorz\u0119dowy p\u0142aszcz w szaro-be\u017cow\u0105 jode\u0142k\u0119 - ponadczasowy wz\u00f3r i kr\u00f3j. Zaprojektowany i uszyty w naszej pracowni, z dba\u0142o\u015bci\u0105 o ka\u017cdy szczeg\u00f3\u0142 .","robots":{"index":"index","follow":"follow","max-snippet":"max-snippet:-1","max-image-preview":"max-image-preview:large","max-video-preview":"max-video-preview:-1"},"canonical":"https:\/\/talia-fashion.pl\/en\/product\/ocieplany-jednorzedowy-plaszcz-w-szaro-bezowa-jodelke-celine\/","og_locale":"en_GB","og_type":"article","og_title":"Ocieplany jednorz\u0119dowy p\u0142aszcz w szaro-be\u017cow\u0105 jode\u0142k\u0119 Celine","og_description":"Ocieplany jednorz\u0119dowy p\u0142aszcz w szaro-be\u017cow\u0105 jode\u0142k\u0119 - ponadczasowy wz\u00f3r i kr\u00f3j. Zaprojektowany i uszyty w naszej pracowni, z dba\u0142o\u015bci\u0105 o ka\u017cdy szczeg\u00f3\u0142 .","og_url":"https:\/\/talia-fashion.pl\/en\/product\/ocieplany-jednorzedowy-plaszcz-w-szaro-bezowa-jodelke-celine\/","og_site_name":"Talia Fashion","article_modified_time":"2026-02-12T16:06:08+00:00","og_image":[{"width":1300,"height":1733,"url":"https:\/\/talia-fashion.pl\/wp-content\/uploads\/2025\/09\/luzny-plaszcz-zimowy-w-jodelke-szaro-bezowy-midi-ocieplany.jpg","type":"image\/jpeg"}],"twitter_card":"summary_large_image","twitter_misc":{"Estimated reading time":"4 minutes"},"schema":{"@context":"https:\/\/schema.org","@graph":[{"@type":"WebPage","@id":"https:\/\/talia-fashion.pl\/produkt\/ocieplany-jednorzedowy-plaszcz-w-szaro-bezowa-jodelke-celine\/","url":"https:\/\/talia-fashion.pl\/produkt\/ocieplany-jednorzedowy-plaszcz-w-szaro-bezowa-jodelke-celine\/","name":"Celine insulated single-breasted grey and beige herringbone coat","isPartOf":{"@id":"https:\/\/talia-fashion.pl\/#website"},"primaryImageOfPage":{"@id":"https:\/\/talia-fashion.pl\/produkt\/ocieplany-jednorzedowy-plaszcz-w-szaro-bezowa-jodelke-celine\/#primaryimage"},"image":{"@id":"https:\/\/talia-fashion.pl\/produkt\/ocieplany-jednorzedowy-plaszcz-w-szaro-bezowa-jodelke-celine\/#primaryimage"},"thumbnailUrl":"https:\/\/talia-fashion.pl\/wp-content\/uploads\/2025\/09\/luzny-plaszcz-zimowy-w-jodelke-szaro-bezowy-midi-ocieplany.jpg","datePublished":"2025-09-04T11:53:35+00:00","dateModified":"2026-02-12T16:06:08+00:00","description":"Ocieplany jednorz\u0119dowy p\u0142aszcz w szaro-be\u017cow\u0105 jode\u0142k\u0119 - ponadczasowy wz\u00f3r i kr\u00f3j. Zaprojektowany i uszyty w naszej pracowni, z dba\u0142o\u015bci\u0105 o ka\u017cdy szczeg\u00f3\u0142 .","breadcrumb":{"@id":"https:\/\/talia-fashion.pl\/produkt\/ocieplany-jednorzedowy-plaszcz-w-szaro-bezowa-jodelke-celine\/#breadcrumb"},"inLanguage":"en-GB","potentialAction":[{"@type":"ReadAction","target":["https:\/\/talia-fashion.pl\/produkt\/ocieplany-jednorzedowy-plaszcz-w-szaro-bezowa-jodelke-celine\/"]}]},{"@type":"ImageObject","inLanguage":"en-GB","@id":"https:\/\/talia-fashion.pl\/produkt\/ocieplany-jednorzedowy-plaszcz-w-szaro-bezowa-jodelke-celine\/#primaryimage","url":"https:\/\/talia-fashion.pl\/wp-content\/uploads\/2025\/09\/luzny-plaszcz-zimowy-w-jodelke-szaro-bezowy-midi-ocieplany.jpg","contentUrl":"https:\/\/talia-fashion.pl\/wp-content\/uploads\/2025\/09\/luzny-plaszcz-zimowy-w-jodelke-szaro-bezowy-midi-ocieplany.jpg","width":1300,"height":1733,"caption":"Lu\u017cny p\u0142aszcz zimowy w szaro-be\u017cow\u0105 jode\u0142k\u0119. D\u0142ugo\u015b\u0107 midi, raglanowy r\u0119kaw, wi\u0105zany. Ocieplany."},{"@type":"BreadcrumbList","@id":"https:\/\/talia-fashion.pl\/produkt\/ocieplany-jednorzedowy-plaszcz-w-szaro-bezowa-jodelke-celine\/#breadcrumb","itemListElement":[{"@type":"ListItem","position":1,"name":"Strona g\u0142\u00f3wna","item":"https:\/\/talia-fashion.pl\/"},{"@type":"ListItem","position":2,"name":"Sklep","item":"https:\/\/talia-fashion.pl\/sklep\/"},{"@type":"ListItem","position":3,"name":"Ocieplany jednorz\u0119dowy p\u0142aszcz w szaro-be\u017cow\u0105 jode\u0142k\u0119 Celine"}]},{"@type":"WebSite","@id":"https:\/\/talia-fashion.pl\/#website","url":"https:\/\/talia-fashion.pl\/","name":"Talia Fashion","description":"","potentialAction":[{"@type":"SearchAction","target":{"@type":"EntryPoint","urlTemplate":"https:\/\/talia-fashion.pl\/?s={search_term_string}"},"query-input":{"@type":"PropertyValueSpecification","valueRequired":true,"valueName":"search_term_string"}}],"inLanguage":"en-GB"}]}},"_links":{"self":[{"href":"https:\/\/talia-fashion.pl\/en\/wp-json\/wp\/v2\/product\/258536","targetHints":{"allow":["GET"]}}],"collection":[{"href":"https:\/\/talia-fashion.pl\/en\/wp-json\/wp\/v2\/product"}],"about":[{"href":"https:\/\/talia-fashion.pl\/en\/wp-json\/wp\/v2\/types\/product"}],"wp:featuredmedia":[{"embeddable":true,"href":"https:\/\/talia-fashion.pl\/en\/wp-json\/wp\/v2\/media\/258815"}],"wp:attachment":[{"href":"https:\/\/talia-fashion.pl\/en\/wp-json\/wp\/v2\/media?parent=258536"}],"wp:term":[{"taxonomy":"product_cat","embeddable":true,"href":"https:\/\/talia-fashion.pl\/en\/wp-json\/wp\/v2\/product_cat?post=258536"},{"taxonomy":"product_tag","embeddable":true,"href":"https:\/\/talia-fashion.pl\/en\/wp-json\/wp\/v2\/product_tag?post=258536"}],"curies":[{"name":"wp","href":"https:\/\/api.w.org\/{rel}","templated":true}]}}