{"id":258494,"date":"2025-09-01T16:08:04","date_gmt":"2025-09-01T14:08:04","guid":{"rendered":"https:\/\/talia-fashion.pl\/?post_type=product&#038;p=258494"},"modified":"2026-02-12T16:49:36","modified_gmt":"2026-02-12T15:49:36","slug":"bezowy-plaszcz-z-welny-boucle-baranek-miko","status":"publish","type":"product","link":"https:\/\/talia-fashion.pl\/en\/product\/bezowy-plaszcz-z-welny-boucle-baranek-miko\/","title":{"rendered":"Beige boucle wool lambskin coat Miko"},"content":{"rendered":"<div id=\"tabs-list-description\" class=\"tab-pane active in\">\n<div class=\"description\">\n<p><strong>Be\u017cowy p\u0142aszcz z we\u0142ny<\/strong> boucle baranek Miko zosta\u0142 wykonany z wysokiej jako\u015bci mi\u0119sistej tkaniny z przewag\u0105 <strong>wools<\/strong>. <span class=\"ILfuVd\" lang=\"pl\"><span class=\"hgKElc\">Tkanina <strong>boucle<\/strong> posiada nieregularn\u0105 faktur\u0119 sk\u0142adaj\u0105c\u0105 si\u0119 z p\u0119telek i supe\u0142k\u00f3w prz\u0119dzy. Nadaje to materia\u0142owi g\u0142\u0119bi i luksusowego wygl\u0105du. Tkanina jest mi\u0119kka, puszysta i przyjemna w dotyku, niczym futerko baranka. I r\u00f3wnie ciep\u0142a. <\/span><\/span>Aby podkre\u015bli\u0107 walory tkaniny oraz zaakcentowa\u0107 jej wyj\u0105tkowy charakter, przody p\u0142aszcza zosta\u0142y podklejone bardzo delikatn\u0105 klejonk\u0105, kt\u00f3ra subtelnie stabilizuje w\u0142\u00f3kna, nie odbieraj\u0105c naturalnej mi\u0119kko\u015bci.<\/p>\n<p>Model ten jest bardzo <strong>minimalist<\/strong>, bez zb\u0119dnych ozdobnik\u00f3w. W przypadku tego p\u0142aszcza mniej znaczy wi\u0119cej.\u00a0<strong>Bazowy, uniwersalny kolor, nowoczesny kr\u00f3j i ciekawa faktura materia\u0142u &#8211;<\/strong> ponadczasowo i elegancko. Kr\u00f3j p\u0142aszcza dopasowany z ty\u0142u, z przodu profilowany, bez dodatkowych ci\u0119\u0107. Klasyczna linia ramion oraz wyk\u0142adany ko\u0142nierz z klapami podkre\u015blaj\u0105cy dekolt. Podniesiony ko\u0142nierz dodatkowo ochroni przed wiatrem. Zapinany dwurz\u0119dowo na r\u0119cznie przyszywane, szylkretowe guziki.\u00a0 Wyjmowany pasek, uszyty z tej samej tkaniny, do podkre\u015blenia talii i dopasowania do sylwetki. Dwie praktyczne, boczne kieszenie zako\u0144czone listewk\u0105. D\u0142ugo\u015b\u0107 do po\u0142owy \u0142ydki, z rozporkiem z ty\u0142u. P\u0142aszcz w ca\u0142o\u015bci <strong>insulated<\/strong>, w\u0142\u0105cznie z r\u0119kawami. To projekt z naszej <strong data-start=\"1155\" data-end=\"1178\">kapsu\u0142owej kolekcji<\/strong> \u2013 limitowanej serii uszytej z ekskluzywnych tkanin.<\/p>\n<p><strong>Dopracowany w najmniejszym detalu<\/strong>, idealnie sprawdzi si\u0119 w <strong>sezonie zimowym, <\/strong>oferuj\u0105c komfort termiczny i oryginalny look. Z \u0142atwo\u015bci\u0105 dopasujesz go do wielu r\u00f3\u017cnych stylizacji \u2013 wszystko zale\u017cy od Twojej kreatywno\u015bci i nastroju. Zestaw go z sukienk\u0105 boho, zamszowymi kozakami i kapeluszem, a otrzymasz gotowy look z nut\u0105 nonszalancji. Je\u015bli jednak preferujesz bardziej casualowy klimat \u2013 wystarczy za\u0142o\u017cy\u0107 ocieplane sneakersy, mi\u0119kki szalik i ruszy\u0107 na d\u0142ugi zimowy spacer. Ten p\u0142aszcz odnajdzie si\u0119 w ka\u017cdej ods\u0142onie.<\/p>\n<p>If you're wondering which coat to choose, we suggest you take a look at our tips\u00a0<a href=\"https:\/\/talia-fashion.pl\/en\/jak-dobrac-plaszcz-do-sylwetki\/\">How do you choose a coat to suit your figure?<\/a><\/p>\n<p><span lang=\"DE\">Zdj\u0119cie rzeczywiste \u2013 be\u017cowy<\/span><\/p>\n<p>Available colours<span lang=\"DE\">: be\u017cowy boucle<\/span><\/p>\n<p><span lang=\"DE\">Available sizes: XS, S, M, L, XL<br \/>\n<\/span><\/p>\n<p>The model is 172 cm and a size S.<\/p>\n<p><span lang=\"DE\">Orientacyjne <strong>wymiary<\/strong>:<\/span><\/p>\n<p><span lang=\"DE\">XS - bust: 86-88 \/ hips 94-96 \/ length: 117 \/ sleeve 61<br \/>\nS - bust: 90-92 \/ hips: 98-100 \/ length: 118\/ sleeve: 62<br \/>\nM - bust: 94-96 \/ hips: 102-104 \/ length: 118 \/ sleeve: 62<br \/>\nL \u2013 biust: 98-100 \/ biodra: 106-108 \/ d\u0142ugo\u015b\u0107: 118 \/ r\u0119kaw: 63<br \/>\nXL - bust: 104-106 \/ hips: 112-114 \/ length: 119 \/ sleeve: 64<\/span><\/p>\n<p><span lang=\"DE\">If you are unsure of your size selection, please contact us.<\/span><\/p>\n<p><span lang=\"DE\">Materia\u0142: 90<\/span><span lang=\"DE\">% we\u0142na dziewicza, 10% poliamid<br \/>\n<\/span><\/p>\n<p>Lining: 50% viscose, 50% acetate<br \/>\nAcetat podobnie jak wiskoza wytwarzany jest z celulozy. Prz\u0119dza acetatowa mo\u017ce by\u0107 wytworzona r\u00f3wnie\u017c z celulozy przetworzonej np. papieru. Podszewka acetatowa doskonale wch\u0142ania wilgo\u0107, przepuszcza powietrze i dobrze si\u0119 nosi. Jest powlekana apretur\u0105 antystatyczn\u0105 i posiada certyfikat OEKOtex\u00ae Standard 100.<\/p>\n<p>Insulation: 100% non-woven recycled polyester<br \/>\nOur coats are insulated with a compressed thermo-insulating quilted fleece on the lining. The fleece is made from recycled polyester fibres. The material is lightweight, thin and at the same time perfectly insulating. The insulating fleece we use is resistant to moisture (it retains its insulating properties and warming effect even in damp conditions), stops the wind, is hypoallergenic and breathable. It is OEKOtex\u00ae Standard 100 certified.<\/p>\n<p><strong>Be\u017cowy p\u0142aszcz z we\u0142ny<\/strong> boucle baranek Miko powsta\u0142 w <strong>our family tailor shop<\/strong> in Pozna\u0144. We sewed it<span lang=\"DE\">\u00a0z <strong data-start=\"103\" data-end=\"164\">high quality deadstock material<\/strong> - surplus production of a renowned brand. Although <strong data-start=\"214\" data-end=\"273\">sourcing such fabrics takes time and commitment<\/strong>allows us to offer premium materials at a favourable price, while at the same time <strong data-start=\"353\" data-end=\"398\">reducing the scale of global overproduction<\/strong>. We believe that fashion can and should go hand in hand with <strong data-start=\"448\" data-end=\"476\">a balanced approach<\/strong>, which is why we carefully select each fabric before it comes into your hands.<\/span><\/p>\n<p>The coat should be dry-cleaned. For frequent refreshing of the wool we recommend the following\u00a0<a href=\"https:\/\/talia-fashion.pl\/en\/product\/szczotka-do-czyszczenia-i-pielegnacji-plaszcza\/\">Brush for cleaning and care of the coat<\/a>, dost\u0119pn\u0105 w naszym sklepie. Aby utrzyma\u0107 p\u0142aszcz w czysto\u015bci cz\u0119sto wystarczy wietrzy\u0107 go i regularnie szczotkowa\u0107. Ten proces jest delikatniejszy dla tkanin i pozwala ograniczy\u0107 zu\u017cycie wody i energii w procesach prania. Dla zachowania idealnego wygl\u0105du materia\u0142u warto r\u00f3wnie\u017c uwa\u017ca\u0107 na elementy mog\u0105ce go zaci\u0105gn\u0105\u0107. Zach\u0119camy do zapoznania si\u0119 z naszym poradnikiem: <a href=\"https:\/\/talia-fashion.pl\/en\/jak-pielegnowac-i-dbac-o-plaszcz\/\">How to care for and maintain coats?<\/a><\/p>\n<p>It is possible to make some modifications in the <strong>Individual orders<\/strong> \u2013 na \u017cyczenie Klienta: skr\u00f3cenie, wyd\u0142u\u017cenie r\u0119kawa, skr\u00f3cenie i wyd\u0142u\u017cenie p\u0142aszcza. Zakres zmian i ich koszt ustalany jest oddzielnie dla ka\u017cdego zam\u00f3wienia. <strong>An individual order is not subject to exchange or refund.<\/strong><\/p>\n<p><span lang=\"DE\">Czas realizacji zam\u00f3wienia uzale\u017cniamy od aktualnego stanu magazynowego w pracowni oraz dost\u0119pno\u015bci danego koloru materia\u0142u. Je\u015bli dany p\u0142aszcz jest dost\u0119pny w firmie realizacja zam\u00f3wienia nast\u0105pi bardzo szybko 2-5 dni roboczych. Je\u015bli konieczne jest uszycie nowego p\u0142aszcza lub indywidualizacja zam\u00f3wienia \u2013 wykonanie przer\u00f3bki lub uszycie nowego p\u0142aszcza wed\u0142ug specyfikacji Klienta \u2013 czas realizacji zam\u00f3wienia mo\u017ce ulec wyd\u0142u\u017ceniu, maksymalnie do 2 tygodni.<\/span><\/p>\n<p>We do our best to keep the waiting time as short as possible, but our coats are sewn by hand using traditional methods, so please be patient.<\/p>\n<p>We encourage you to like our fanpage on\u00a0<a href=\"https:\/\/www.facebook.com\/talia.plaszcze\">Facebook<\/a>\u00a0i\u00a0<a href=\"https:\/\/www.instagram.com\/talia_plaszcze\/\">Instagram<\/a><\/p>\n<\/div>\n<\/div>","protected":false},"excerpt":{"rendered":"<p>Be\u017cowy p\u0142aszcz z we\u0142ny boucle baranek &#8211; starannie wyko\u0144czony w ka\u017cdym detalu, doskonale sprawdzi si\u0119 zim\u0105, \u0142\u0105cz\u0105c komfort cieplny z niebanalnym stylem.<\/p>","protected":false},"featured_media":258662,"template":"","meta":{"_acf_changed":false},"product_cat":[31,36],"product_tag":[346,244,78,119,32,39,347,224,348,121,41,81,42,67,305,47,122,85,102,50,95,86,60,87,157,139,63,88],"class_list":{"0":"post-258494","1":"product","2":"type-product","3":"status-publish","4":"has-post-thumbnail","6":"product_cat-nowosci","7":"product_cat-plaszcze-dluzsze","8":"product_tag-baranek","9":"product_tag-czekoladowy-plaszcz","10":"product_tag-dla-roznych-sylwetek","11":"product_tag-dlugi-plaszcz-zimowy","12":"product_tag-dopasowany-kroj","13":"product_tag-klasyczny","14":"product_tag-lama","15":"product_tag-limited-edition","16":"product_tag-material-boucle","17":"product_tag-materialy-przyjazne-dla-srodowiska","18":"product_tag-na-podszewce","19":"product_tag-naturalne-materialy","20":"product_tag-nowosc","21":"product_tag-ocieplany","22":"product_tag-plaszcz-bezowy","23":"product_tag-plaszcz-na-guziki","24":"product_tag-plaszcz-szlafrokowy","25":"product_tag-plaszcz-welniany","26":"product_tag-plaszcz-z-alpaki","27":"product_tag-plaszcz-z-rewersem","28":"product_tag-plaszcz-zimowy","29":"product_tag-plaszcz-zimowy-ocieplany","30":"product_tag-producent-plaszczy-damskich","31":"product_tag-produkt-premium","32":"product_tag-teddy-bear","33":"product_tag-welna-dziewicza","34":"product_tag-welniany","35":"product_tag-wiazany","37":"first","38":"instock","39":"shipping-taxable","40":"purchasable","41":"product-type-variable","42":"has-default-attributes"},"acf":[],"yoast_head":"<!-- This site is optimized with the Yoast SEO plugin v25.7 - https:\/\/yoast.com\/wordpress\/plugins\/seo\/ -->\n<title>Be\u017cowy p\u0142aszcz z we\u0142ny boucle baranek Miko - Talia Fashion - p\u0142aszcze damskie<\/title>\n<meta name=\"description\" content=\"Be\u017cowy p\u0142aszcz z we\u0142ny boucle baranek - uszyty z wysokiej jako\u015bci mi\u0119kkiego materia\u0142u. Ocieplany. Ponadczasowy kr\u00f3j, bazowy kolor, luksusowy wygl\u0105d. Premium\" \/>\n<meta name=\"robots\" content=\"index, follow, max-snippet:-1, max-image-preview:large, max-video-preview:-1\" \/>\n<link rel=\"canonical\" href=\"https:\/\/talia-fashion.pl\/en\/product\/bezowy-plaszcz-z-welny-boucle-baranek-miko\/\" \/>\n<meta property=\"og:locale\" content=\"en_GB\" \/>\n<meta property=\"og:type\" content=\"article\" \/>\n<meta property=\"og:title\" content=\"Be\u017cowy p\u0142aszcz z we\u0142ny boucle baranek Miko - Talia Fashion - p\u0142aszcze damskie\" \/>\n<meta property=\"og:description\" content=\"Be\u017cowy p\u0142aszcz z we\u0142ny boucle baranek - uszyty z wysokiej jako\u015bci mi\u0119kkiego materia\u0142u. Ocieplany. Ponadczasowy kr\u00f3j, bazowy kolor, luksusowy wygl\u0105d. Premium\" \/>\n<meta property=\"og:url\" content=\"https:\/\/talia-fashion.pl\/en\/product\/bezowy-plaszcz-z-welny-boucle-baranek-miko\/\" \/>\n<meta property=\"og:site_name\" content=\"Talia Fashion\" \/>\n<meta property=\"article:modified_time\" content=\"2026-02-12T15:49:36+00:00\" \/>\n<meta property=\"og:image\" content=\"https:\/\/talia-fashion.pl\/wp-content\/uploads\/2025\/09\/bezowy-plaszcz-welna-boucle-baranek.jpg\" \/>\n\t<meta property=\"og:image:width\" content=\"1300\" \/>\n\t<meta property=\"og:image:height\" content=\"1733\" \/>\n\t<meta property=\"og:image:type\" content=\"image\/jpeg\" \/>\n<meta name=\"twitter:card\" content=\"summary_large_image\" \/>\n<meta name=\"twitter:label1\" content=\"Estimated reading time\" \/>\n\t<meta name=\"twitter:data1\" content=\"4 minutes\" \/>\n<script type=\"application\/ld+json\" class=\"yoast-schema-graph\">{\"@context\":\"https:\/\/schema.org\",\"@graph\":[{\"@type\":\"WebPage\",\"@id\":\"https:\/\/talia-fashion.pl\/produkt\/bezowy-plaszcz-z-welny-boucle-baranek-miko\/\",\"url\":\"https:\/\/talia-fashion.pl\/produkt\/bezowy-plaszcz-z-welny-boucle-baranek-miko\/\",\"name\":\"Be\u017cowy p\u0142aszcz z we\u0142ny boucle baranek Miko - Talia Fashion - p\u0142aszcze damskie\",\"isPartOf\":{\"@id\":\"https:\/\/talia-fashion.pl\/#website\"},\"primaryImageOfPage\":{\"@id\":\"https:\/\/talia-fashion.pl\/produkt\/bezowy-plaszcz-z-welny-boucle-baranek-miko\/#primaryimage\"},\"image\":{\"@id\":\"https:\/\/talia-fashion.pl\/produkt\/bezowy-plaszcz-z-welny-boucle-baranek-miko\/#primaryimage\"},\"thumbnailUrl\":\"https:\/\/talia-fashion.pl\/wp-content\/uploads\/2025\/09\/bezowy-plaszcz-welna-boucle-baranek.jpg\",\"datePublished\":\"2025-09-01T14:08:04+00:00\",\"dateModified\":\"2026-02-12T15:49:36+00:00\",\"description\":\"Be\u017cowy p\u0142aszcz z we\u0142ny boucle baranek - uszyty z wysokiej jako\u015bci mi\u0119kkiego materia\u0142u. Ocieplany. Ponadczasowy kr\u00f3j, bazowy kolor, luksusowy wygl\u0105d. Premium\",\"breadcrumb\":{\"@id\":\"https:\/\/talia-fashion.pl\/produkt\/bezowy-plaszcz-z-welny-boucle-baranek-miko\/#breadcrumb\"},\"inLanguage\":\"en-GB\",\"potentialAction\":[{\"@type\":\"ReadAction\",\"target\":[\"https:\/\/talia-fashion.pl\/produkt\/bezowy-plaszcz-z-welny-boucle-baranek-miko\/\"]}]},{\"@type\":\"ImageObject\",\"inLanguage\":\"en-GB\",\"@id\":\"https:\/\/talia-fashion.pl\/produkt\/bezowy-plaszcz-z-welny-boucle-baranek-miko\/#primaryimage\",\"url\":\"https:\/\/talia-fashion.pl\/wp-content\/uploads\/2025\/09\/bezowy-plaszcz-welna-boucle-baranek.jpg\",\"contentUrl\":\"https:\/\/talia-fashion.pl\/wp-content\/uploads\/2025\/09\/bezowy-plaszcz-welna-boucle-baranek.jpg\",\"width\":1300,\"height\":1733,\"caption\":\"Be\u017cowy p\u0142aszcz zimowy z we\u0142ny boucle. Nowoczesna klasyka. D\u0142ugi, ciep\u0142y i wyrafinowany.\"},{\"@type\":\"BreadcrumbList\",\"@id\":\"https:\/\/talia-fashion.pl\/produkt\/bezowy-plaszcz-z-welny-boucle-baranek-miko\/#breadcrumb\",\"itemListElement\":[{\"@type\":\"ListItem\",\"position\":1,\"name\":\"Strona g\u0142\u00f3wna\",\"item\":\"https:\/\/talia-fashion.pl\/\"},{\"@type\":\"ListItem\",\"position\":2,\"name\":\"Sklep\",\"item\":\"https:\/\/talia-fashion.pl\/sklep\/\"},{\"@type\":\"ListItem\",\"position\":3,\"name\":\"Be\u017cowy p\u0142aszcz z we\u0142ny boucle baranek Miko\"}]},{\"@type\":\"WebSite\",\"@id\":\"https:\/\/talia-fashion.pl\/#website\",\"url\":\"https:\/\/talia-fashion.pl\/\",\"name\":\"Talia Fashion\",\"description\":\"\",\"potentialAction\":[{\"@type\":\"SearchAction\",\"target\":{\"@type\":\"EntryPoint\",\"urlTemplate\":\"https:\/\/talia-fashion.pl\/?s={search_term_string}\"},\"query-input\":{\"@type\":\"PropertyValueSpecification\",\"valueRequired\":true,\"valueName\":\"search_term_string\"}}],\"inLanguage\":\"en-GB\"}]}<\/script>\n<!-- \/ Yoast SEO plugin. -->","yoast_head_json":{"title":"Be\u017cowy p\u0142aszcz z we\u0142ny boucle baranek Miko - Talia Fashion - p\u0142aszcze damskie","description":"Be\u017cowy p\u0142aszcz z we\u0142ny boucle baranek - uszyty z wysokiej jako\u015bci mi\u0119kkiego materia\u0142u. Ocieplany. Ponadczasowy kr\u00f3j, bazowy kolor, luksusowy wygl\u0105d. Premium","robots":{"index":"index","follow":"follow","max-snippet":"max-snippet:-1","max-image-preview":"max-image-preview:large","max-video-preview":"max-video-preview:-1"},"canonical":"https:\/\/talia-fashion.pl\/en\/product\/bezowy-plaszcz-z-welny-boucle-baranek-miko\/","og_locale":"en_GB","og_type":"article","og_title":"Be\u017cowy p\u0142aszcz z we\u0142ny boucle baranek Miko - Talia Fashion - p\u0142aszcze damskie","og_description":"Be\u017cowy p\u0142aszcz z we\u0142ny boucle baranek - uszyty z wysokiej jako\u015bci mi\u0119kkiego materia\u0142u. Ocieplany. Ponadczasowy kr\u00f3j, bazowy kolor, luksusowy wygl\u0105d. Premium","og_url":"https:\/\/talia-fashion.pl\/en\/product\/bezowy-plaszcz-z-welny-boucle-baranek-miko\/","og_site_name":"Talia Fashion","article_modified_time":"2026-02-12T15:49:36+00:00","og_image":[{"width":1300,"height":1733,"url":"https:\/\/talia-fashion.pl\/wp-content\/uploads\/2025\/09\/bezowy-plaszcz-welna-boucle-baranek.jpg","type":"image\/jpeg"}],"twitter_card":"summary_large_image","twitter_misc":{"Estimated reading time":"4 minutes"},"schema":{"@context":"https:\/\/schema.org","@graph":[{"@type":"WebPage","@id":"https:\/\/talia-fashion.pl\/produkt\/bezowy-plaszcz-z-welny-boucle-baranek-miko\/","url":"https:\/\/talia-fashion.pl\/produkt\/bezowy-plaszcz-z-welny-boucle-baranek-miko\/","name":"Be\u017cowy p\u0142aszcz z we\u0142ny boucle baranek Miko - Talia Fashion - p\u0142aszcze damskie","isPartOf":{"@id":"https:\/\/talia-fashion.pl\/#website"},"primaryImageOfPage":{"@id":"https:\/\/talia-fashion.pl\/produkt\/bezowy-plaszcz-z-welny-boucle-baranek-miko\/#primaryimage"},"image":{"@id":"https:\/\/talia-fashion.pl\/produkt\/bezowy-plaszcz-z-welny-boucle-baranek-miko\/#primaryimage"},"thumbnailUrl":"https:\/\/talia-fashion.pl\/wp-content\/uploads\/2025\/09\/bezowy-plaszcz-welna-boucle-baranek.jpg","datePublished":"2025-09-01T14:08:04+00:00","dateModified":"2026-02-12T15:49:36+00:00","description":"Be\u017cowy p\u0142aszcz z we\u0142ny boucle baranek - uszyty z wysokiej jako\u015bci mi\u0119kkiego materia\u0142u. Ocieplany. Ponadczasowy kr\u00f3j, bazowy kolor, luksusowy wygl\u0105d. Premium","breadcrumb":{"@id":"https:\/\/talia-fashion.pl\/produkt\/bezowy-plaszcz-z-welny-boucle-baranek-miko\/#breadcrumb"},"inLanguage":"en-GB","potentialAction":[{"@type":"ReadAction","target":["https:\/\/talia-fashion.pl\/produkt\/bezowy-plaszcz-z-welny-boucle-baranek-miko\/"]}]},{"@type":"ImageObject","inLanguage":"en-GB","@id":"https:\/\/talia-fashion.pl\/produkt\/bezowy-plaszcz-z-welny-boucle-baranek-miko\/#primaryimage","url":"https:\/\/talia-fashion.pl\/wp-content\/uploads\/2025\/09\/bezowy-plaszcz-welna-boucle-baranek.jpg","contentUrl":"https:\/\/talia-fashion.pl\/wp-content\/uploads\/2025\/09\/bezowy-plaszcz-welna-boucle-baranek.jpg","width":1300,"height":1733,"caption":"Be\u017cowy p\u0142aszcz zimowy z we\u0142ny boucle. Nowoczesna klasyka. D\u0142ugi, ciep\u0142y i wyrafinowany."},{"@type":"BreadcrumbList","@id":"https:\/\/talia-fashion.pl\/produkt\/bezowy-plaszcz-z-welny-boucle-baranek-miko\/#breadcrumb","itemListElement":[{"@type":"ListItem","position":1,"name":"Strona g\u0142\u00f3wna","item":"https:\/\/talia-fashion.pl\/"},{"@type":"ListItem","position":2,"name":"Sklep","item":"https:\/\/talia-fashion.pl\/sklep\/"},{"@type":"ListItem","position":3,"name":"Be\u017cowy p\u0142aszcz z we\u0142ny boucle baranek Miko"}]},{"@type":"WebSite","@id":"https:\/\/talia-fashion.pl\/#website","url":"https:\/\/talia-fashion.pl\/","name":"Talia Fashion","description":"","potentialAction":[{"@type":"SearchAction","target":{"@type":"EntryPoint","urlTemplate":"https:\/\/talia-fashion.pl\/?s={search_term_string}"},"query-input":{"@type":"PropertyValueSpecification","valueRequired":true,"valueName":"search_term_string"}}],"inLanguage":"en-GB"}]}},"_links":{"self":[{"href":"https:\/\/talia-fashion.pl\/en\/wp-json\/wp\/v2\/product\/258494","targetHints":{"allow":["GET"]}}],"collection":[{"href":"https:\/\/talia-fashion.pl\/en\/wp-json\/wp\/v2\/product"}],"about":[{"href":"https:\/\/talia-fashion.pl\/en\/wp-json\/wp\/v2\/types\/product"}],"wp:featuredmedia":[{"embeddable":true,"href":"https:\/\/talia-fashion.pl\/en\/wp-json\/wp\/v2\/media\/258662"}],"wp:attachment":[{"href":"https:\/\/talia-fashion.pl\/en\/wp-json\/wp\/v2\/media?parent=258494"}],"wp:term":[{"taxonomy":"product_cat","embeddable":true,"href":"https:\/\/talia-fashion.pl\/en\/wp-json\/wp\/v2\/product_cat?post=258494"},{"taxonomy":"product_tag","embeddable":true,"href":"https:\/\/talia-fashion.pl\/en\/wp-json\/wp\/v2\/product_tag?post=258494"}],"curies":[{"name":"wp","href":"https:\/\/api.w.org\/{rel}","templated":true}]}}