{"id":258460,"date":"2025-08-31T12:44:05","date_gmt":"2025-08-31T10:44:05","guid":{"rendered":"https:\/\/talia-fashion.pl\/?post_type=product&#038;p=258460"},"modified":"2026-04-10T12:52:19","modified_gmt":"2026-04-10T10:52:19","slug":"bezowy-welniany-plaszcz-ocieplany-w-kolano-ada","status":"publish","type":"product","link":"https:\/\/talia-fashion.pl\/en\/product\/bezowy-welniany-plaszcz-ocieplany-w-kolano-ada\/","title":{"rendered":"Beige wool insulated knee-length coat Ada"},"content":{"rendered":"<p data-start=\"170\" data-end=\"423\"><span lang=\"DE\">Nowy sezon oznacza powr\u00f3t zimowych okry\u0107 wierzchnich.<\/span> <span lang=\"DE\"><strong>Beige<\/strong> we\u0142niany p\u0142aszcz ocieplany w kolano Ada<\/span>\u00a0to \u015bwie\u017ce spojrzenie na nasz bestsellerowy model w duchu <strong>skandynawskiego minimalizmu<\/strong>. P\u0142aszczyk jest n<span lang=\"DE\">ie tylko <strong>stylowy<\/strong>, ale te\u017c <strong>praktyczny<\/strong>. <\/span>Uszyty z wysokiej jako\u015bci, <strong>mi\u0119kkiej tkaniny z przewag\u0105 we\u0142ny<\/strong>. W<span lang=\"DE\"> ca\u0142o\u015bci na oddychaj\u0105cej podszewce i dodatkowo <strong>insulated<\/strong>. Dzi\u0119ki czemu zapewnia ciep\u0142o i komfort jesieni\u0105 i zim\u0105. <strong>D\u0142ugo\u015b\u0107 do kolan<\/strong> natomiast tworzy poczucie wi\u0119kszej swobody ruch\u00f3w oraz daje nieograniczone mo\u017cliwo\u015bci stylizacji. Taka d\u0142ugo\u015b\u0107 \u015bwietnie wygl\u0105da zar\u00f3wno z sukienkami dzianinowymi, jak i ze spodniami materia\u0142owymi czy jeansowymi. Pasuje do kozak\u00f3w na obcasie, p\u0142askich but\u00f3w typu Emu, jak i do sportowych sneakers\u00f3w. Kr\u00f3j do kolan jest elegancki, ale nie formalny \u2013 sprawdza si\u0119 na co dzie\u0144 i na bardziej oficjalne okazje. Ni\u017csze osoby wygl\u0105daj\u0105 w nim bardzo korzystnie.<\/span><\/p>\n<p data-start=\"425\" data-end=\"746\">P\u0142aszcz ma klasycznie wszywane r\u0119kawy, dopasowany ty\u0142, profilowany prz\u00f3d, dwurz\u0119dowe zapi\u0119cie, oraz wi\u0105zanie w talii, kt\u00f3re subtelnie podkre\u015bla sylwetk\u0119. <span lang=\"DE\">Ciekawie skonstruowany wyk\u0142adany ko\u0142nierz z delikatnymi klapami, kt\u00f3ry optycznie wysmukla sylwetk\u0119 a wywini\u0119ty i podniesiony \u2013 zapewnia ciep\u0142o i ochron\u0119 przed wiatrem.<\/span> P\u0142aszcz posiada dwie boczne kieszenie wyko\u0144czone ozdobn\u0105 listw\u0105. <strong>Profilowany prz\u00f3d, dopasowany ty\u0142<\/strong> with strut<strong> oraz praktyczna d\u0142ugo\u015b\u0107 w kolano<\/strong> gwarantuj\u0105 wygod\u0119 noszenia i idealne uk\u0142adanie si\u0119 materia\u0142u. <span lang=\"DE\">Szlafrokowemu krojowi p\u0142aszcza nadali\u015bmy luksusowy charakter podklejaj\u0105c jego przody bardzo delikatn\u0105 klejonk\u0105, kt\u00f3ra stabilizuje w\u0142\u00f3kna i podkre\u015bla w\u0142a\u015bciwo\u015bci tkaniny.<\/span><\/p>\n<p>Be\u017c to jeden z najbardziej <strong data-start=\"27\" data-end=\"52\">uniwersalnych kolor\u00f3w<\/strong> w modzie. Dzia\u0142a jak <strong data-start=\"87\" data-end=\"105\">neutralna baza <\/strong>dla ubra\u0144, torebek czy but\u00f3w. \u015awietnie \u0142\u0105czy si\u0119 z wieloma odcieniami, zar\u00f3wno stonowanymi, jak i wyrazistymi. Be\u017cowy p\u0142aszcz to<span lang=\"DE\"> ponadczasowe damskie okrycie wierzchnie, pasuj\u0105ce niemal na ka\u017cd\u0105 osob\u0119 i okazj\u0119. <\/span><strong data-start=\"1056\" data-end=\"1094\">Minimalizm, kt\u00f3ry zostaje na lata.<\/strong><\/p>\n<p><span lang=\"DE\">Zdj\u0119cie rzeczywiste \u2013 be\u017c<\/span><\/p>\n<p>Available colours<span lang=\"DE\">: be\u017c, czarny, czekolada<\/span><\/p>\n<p><span lang=\"DE\">Other colours are shown on other coat models and in the <a href=\"https:\/\/talia-fashion.pl\/en\/paleta-kolorow\/\">Colour palette<\/a>. If in doubt, we will be happy to help.\u00a0<\/span><\/p>\n<p><span lang=\"DE\">Available sizes: XS, S, M, L, XL<\/span><\/p>\n<p>The model is 172cm and a size S.<\/p>\n<p><span lang=\"DE\">Indicative dimensions:<\/span><\/p>\n<p><span lang=\"DE\">XS - bust: 86-88 \/ hips 94-96 \/ length: 97 \/ shoulder width 34.5-35 \/ sleeve 61<br \/>\nS - bust: 90-92 \/ hips: 98-100 \/ length: 98 \/ shoulder width 35.5-36 \/ sleeve: 62<br \/>\nM - bust: 94-96 \/ hips: 102-104 \/ length: 98 \/ shoulder width 37-37.5 \/ sleeve: 62<br \/>\nL - bust: 98-100 \/ hips: 106-108 \/ length: 98 \/ shoulder width 39.5-40 \/ sleeve: 63<br \/>\nXL - bust: 104-106 \/ hips: 112-114 \/ length: 98 \/ shoulder width 42-42.5 \/ sleeve: 64<\/span><\/p>\n<p>We encourage you to read our advice on choosing the right size (\u00a0<a href=\"https:\/\/talia-fashion.pl\/en\/jak-dobrac-rozmiar\/\">How to choose a size?<\/a>\u00a0) and the cut of the coat (\u00a0<a href=\"https:\/\/talia-fashion.pl\/en\/jak-dobrac-plaszcz-do-sylwetki\/\">How do you choose a coat to suit your figure?<\/a>\u00a0).  If in doubt, please contact us.<\/p>\n<p><span lang=\"DE\">Material: 8<\/span><span lang=\"DE\">0% wool, 20% polyamide<br \/>\n<\/span><\/p>\n<p>Lining: 100% acetate<\/p>\n<p>Like viscose, acetate is produced from cellulose. Acetate yarn can also be made from recycled cellulose such as paper. The acetate lining is excellent at absorbing moisture and permeable to air. It is coated with an antistatic apprettee and is OEKOtex\u00ae Standard 100 certified. It provides comfort and wears well.<\/p>\n<p>Insulation: 100% non-woven recycled polyester<br \/>\nOur coats are insulated with a compressed thermo-insulating quilted fleece on the lining. The fleece is made from recycled polyester fibres. The material is lightweight, thin and at the same time perfectly insulating. The insulating fleece we use is resistant to moisture (it retains its insulating properties and warming effect even in damp conditions), stops the wind, is hypoallergenic and breathable. It is OEKOtex\u00ae Standard 100 certified.<\/p>\n<p data-start=\"147\" data-end=\"415\"><span lang=\"DE\"><strong>Beige<\/strong> we\u0142niany p\u0142aszcz ocieplany w kolano Ada<\/span>\u00a0originated in <strong>our family workshop<\/strong> \u2013 uszyty tradycyjnymi, czasoch\u0142onnymi metodami, z dba\u0142o\u015bci\u0105 o ka\u017cdy detal i ogromnym zaanga\u017cowaniem. To <strong>rzemios\u0142o z sercem<\/strong>, tworzone w duchu poszanowania \u015brodowiska i lokalnej produkcji.<\/p>\n<p data-start=\"417\" data-end=\"686\">Na \u017cyczenie Klienta w ramach <strong>Individual orders<\/strong> istnieje mo\u017cliwo\u015b\u0107 wprowadzenia modygfikacji, takich jak: skr\u00f3cenie lub wyd\u0142u\u017cenie r\u0119kaw\u00f3w, czy dopasowanie d\u0142ugo\u015bci p\u0142aszcza. Koszt zmian ustalany jest indywidualnie \u2013 zapraszamy do kontaktu w celu om\u00f3wienia szczeg\u00f3\u0142\u00f3w. <strong>An individual order is not subject to exchange or refund.<\/strong><\/p>\n<p><span lang=\"DE\"><strong>Beige<\/strong> we\u0142niany p\u0142aszcz ocieplany w kolano Ada<\/span> should be dry-cleaned. For regular refreshing of the coat we recommend the following <a href=\"https:\/\/talia-fashion.pl\/en\/product\/szczotka-do-czyszczenia-i-pielegnacji-plaszcza\/\">Brush for cleaning and care<\/a>, dost\u0119pn\u0105 w naszym sklepie. Jak prosto dba\u0107 o p\u0142aszcz i cieszy\u0107 si\u0119 nim latami, podpowiadamy r\u00f3wnie\u017c w naszym kr\u00f3tkim poradniku: <a href=\"https:\/\/talia-fashion.pl\/en\/jak-pielegnowac-i-dbac-o-plaszcz\/\">How to nurture and care for the coat?<\/a> Mi\u0142ej lektury.<\/p>\n<p><span lang=\"DE\">Czas realizacji zam\u00f3wienia uzale\u017cniamy od aktualnego stanu magazynowego w pracowni oraz dost\u0119pno\u015bci danego koloru materia\u0142u. Je\u015bli dany p\u0142aszcz jest dost\u0119pny w pracowni realizacja zam\u00f3wienia nast\u0105pi bardzo szybko 2-5 dni roboczych. Je\u015bli konieczne jest uszycie p\u0142aszcza lub personalizacja zam\u00f3wienia \u2013 wykonanie przer\u00f3bki lub uszycie nowego p\u0142aszcza wed\u0142ug specyfikacji Klienta \u2013 czas realizacji zam\u00f3wienia mo\u017ce ulec wyd\u0142u\u017ceniu, maksymalnie do 2 tygodni.<\/span><\/p>\n<p>Unikamy nadprodukcji i nie szyjemy na zapas, lecz na bie\u017c\u0105co. Dlatego nie si\u0119gamy po gotowy produkt z magazynu \u2014 dopiero go dla Ciebie szyjemy. Staramy si\u0119 realizowa\u0107 zam\u00f3wienia bardzo szybko, ale poniewa\u017c uszycie p\u0142aszcza wymaga czasu, prosimy o chwil\u0119 cierpliwo\u015bci.\u00a0 <strong>Thank you for supporting Polish crafts.<\/strong><\/p>\n<p>Zach\u0119camy do pozostania z nami na d\u0142u\u017cej i polubienia naszego <a href=\"https:\/\/www.instagram.com\/talia_plaszcze\/\">Fanpage on Instagram<\/a>.<\/p>","protected":false},"excerpt":{"rendered":"<p>Be\u017cowy we\u0142niany p\u0142aszcz ocieplany w kolano &#8211; minimalizm, kt\u00f3ry zostaje na lata.<\/p>","protected":false},"featured_media":258915,"template":"","meta":{"_acf_changed":false},"product_cat":[31,36],"product_tag":[163,89,78,32,176,34,39,343,344,41,42,67,43,68,96,75,137,85,50,86,69,60,345,177,97,53,88],"class_list":{"0":"post-258460","1":"product","2":"type-product","3":"status-publish","4":"has-post-thumbnail","6":"product_cat-nowosci","7":"product_cat-plaszcze-dluzsze","8":"product_tag-bezowy-plaszcz","9":"product_tag-cieply","10":"product_tag-dla-roznych-sylwetek","11":"product_tag-dopasowany-kroj","12":"product_tag-flausz","13":"product_tag-handmade","14":"product_tag-klasyczny","15":"product_tag-klasyczny-plaszcz-damski","16":"product_tag-minimalistyczny-kroj","17":"product_tag-na-podszewce","18":"product_tag-nowosc","19":"product_tag-ocieplany","20":"product_tag-plaszcz-damski","21":"product_tag-plaszcz-jesienny","22":"product_tag-plaszcz-na-chlodne-dni","23":"product_tag-plaszcz-ocieplany","24":"product_tag-plaszcz-w-kolano","25":"product_tag-plaszcz-welniany","26":"product_tag-plaszcz-z-rewersem","27":"product_tag-plaszcz-zimowy-ocieplany","28":"product_tag-prochowiec","29":"product_tag-producent-plaszczy-damskich","30":"product_tag-quiet-luxury","31":"product_tag-szlafrokowy-kroj","32":"product_tag-trencz","33":"product_tag-welna","34":"product_tag-wiazany","36":"first","37":"instock","38":"shipping-taxable","39":"purchasable","40":"product-type-variable","41":"has-default-attributes"},"acf":[],"yoast_head":"<!-- This site is optimized with the Yoast SEO plugin v25.7 - https:\/\/yoast.com\/wordpress\/plugins\/seo\/ -->\n<title>Be\u017cowy we\u0142niany p\u0142aszcz ocieplany w kolano Ada - Talia Fashion - p\u0142aszcz damski<\/title>\n<meta name=\"description\" content=\"Be\u017cowy we\u0142niany p\u0142aszcz ocieplany w kolano. Minimalistyczny kr\u00f3j, wysokiej jako\u015bci materia\u0142 i uniwersalny kolor. P\u0142aszcz r\u0119cznie szyty w Polsce.\" \/>\n<meta name=\"robots\" content=\"index, follow, max-snippet:-1, max-image-preview:large, max-video-preview:-1\" \/>\n<link rel=\"canonical\" href=\"https:\/\/talia-fashion.pl\/en\/product\/bezowy-welniany-plaszcz-ocieplany-w-kolano-ada\/\" \/>\n<meta property=\"og:locale\" content=\"en_GB\" \/>\n<meta property=\"og:type\" content=\"article\" \/>\n<meta property=\"og:title\" content=\"Be\u017cowy we\u0142niany p\u0142aszcz ocieplany w kolano Ada - Talia Fashion - p\u0142aszcz damski\" \/>\n<meta property=\"og:description\" content=\"Be\u017cowy we\u0142niany p\u0142aszcz ocieplany w kolano. Minimalistyczny kr\u00f3j, wysokiej jako\u015bci materia\u0142 i uniwersalny kolor. P\u0142aszcz r\u0119cznie szyty w Polsce.\" \/>\n<meta property=\"og:url\" content=\"https:\/\/talia-fashion.pl\/en\/product\/bezowy-welniany-plaszcz-ocieplany-w-kolano-ada\/\" \/>\n<meta property=\"og:site_name\" content=\"Talia Fashion\" \/>\n<meta property=\"article:modified_time\" content=\"2026-04-10T10:52:19+00:00\" \/>\n<meta property=\"og:image\" content=\"https:\/\/talia-fashion.pl\/wp-content\/uploads\/2025\/08\/bezowy-plaszcz-zimowy-w-kolano-dopasowany-wiazany.jpg\" \/>\n\t<meta property=\"og:image:width\" content=\"1300\" \/>\n\t<meta property=\"og:image:height\" content=\"1733\" \/>\n\t<meta property=\"og:image:type\" content=\"image\/jpeg\" \/>\n<meta name=\"twitter:card\" content=\"summary_large_image\" \/>\n<meta name=\"twitter:label1\" content=\"Estimated reading time\" \/>\n\t<meta name=\"twitter:data1\" content=\"4 minutes\" \/>\n<script type=\"application\/ld+json\" class=\"yoast-schema-graph\">{\"@context\":\"https:\/\/schema.org\",\"@graph\":[{\"@type\":\"WebPage\",\"@id\":\"https:\/\/talia-fashion.pl\/produkt\/bezowy-welniany-plaszcz-ocieplany-w-kolano-ada\/\",\"url\":\"https:\/\/talia-fashion.pl\/produkt\/bezowy-welniany-plaszcz-ocieplany-w-kolano-ada\/\",\"name\":\"Be\u017cowy we\u0142niany p\u0142aszcz ocieplany w kolano Ada - Talia Fashion - p\u0142aszcz damski\",\"isPartOf\":{\"@id\":\"https:\/\/talia-fashion.pl\/#website\"},\"primaryImageOfPage\":{\"@id\":\"https:\/\/talia-fashion.pl\/produkt\/bezowy-welniany-plaszcz-ocieplany-w-kolano-ada\/#primaryimage\"},\"image\":{\"@id\":\"https:\/\/talia-fashion.pl\/produkt\/bezowy-welniany-plaszcz-ocieplany-w-kolano-ada\/#primaryimage\"},\"thumbnailUrl\":\"https:\/\/talia-fashion.pl\/wp-content\/uploads\/2025\/08\/bezowy-plaszcz-zimowy-w-kolano-dopasowany-wiazany.jpg\",\"datePublished\":\"2025-08-31T10:44:05+00:00\",\"dateModified\":\"2026-04-10T10:52:19+00:00\",\"description\":\"Be\u017cowy we\u0142niany p\u0142aszcz ocieplany w kolano. Minimalistyczny kr\u00f3j, wysokiej jako\u015bci materia\u0142 i uniwersalny kolor. P\u0142aszcz r\u0119cznie szyty w Polsce.\",\"breadcrumb\":{\"@id\":\"https:\/\/talia-fashion.pl\/produkt\/bezowy-welniany-plaszcz-ocieplany-w-kolano-ada\/#breadcrumb\"},\"inLanguage\":\"en-GB\",\"potentialAction\":[{\"@type\":\"ReadAction\",\"target\":[\"https:\/\/talia-fashion.pl\/produkt\/bezowy-welniany-plaszcz-ocieplany-w-kolano-ada\/\"]}]},{\"@type\":\"ImageObject\",\"inLanguage\":\"en-GB\",\"@id\":\"https:\/\/talia-fashion.pl\/produkt\/bezowy-welniany-plaszcz-ocieplany-w-kolano-ada\/#primaryimage\",\"url\":\"https:\/\/talia-fashion.pl\/wp-content\/uploads\/2025\/08\/bezowy-plaszcz-zimowy-w-kolano-dopasowany-wiazany.jpg\",\"contentUrl\":\"https:\/\/talia-fashion.pl\/wp-content\/uploads\/2025\/08\/bezowy-plaszcz-zimowy-w-kolano-dopasowany-wiazany.jpg\",\"width\":1300,\"height\":1733,\"caption\":\"Be\u017cowy p\u0142aszcz zimowy d\u0142ugo\u015b\u0107 w kolano. Dopasowany, zapinany na guziki i wi\u0105zany. Idealny dla ni\u017cszych os\u00f3b.\"},{\"@type\":\"BreadcrumbList\",\"@id\":\"https:\/\/talia-fashion.pl\/produkt\/bezowy-welniany-plaszcz-ocieplany-w-kolano-ada\/#breadcrumb\",\"itemListElement\":[{\"@type\":\"ListItem\",\"position\":1,\"name\":\"Strona g\u0142\u00f3wna\",\"item\":\"https:\/\/talia-fashion.pl\/\"},{\"@type\":\"ListItem\",\"position\":2,\"name\":\"Sklep\",\"item\":\"https:\/\/talia-fashion.pl\/sklep\/\"},{\"@type\":\"ListItem\",\"position\":3,\"name\":\"Be\u017cowy we\u0142niany p\u0142aszcz ocieplany w kolano Ada\"}]},{\"@type\":\"WebSite\",\"@id\":\"https:\/\/talia-fashion.pl\/#website\",\"url\":\"https:\/\/talia-fashion.pl\/\",\"name\":\"Talia Fashion\",\"description\":\"\",\"potentialAction\":[{\"@type\":\"SearchAction\",\"target\":{\"@type\":\"EntryPoint\",\"urlTemplate\":\"https:\/\/talia-fashion.pl\/?s={search_term_string}\"},\"query-input\":{\"@type\":\"PropertyValueSpecification\",\"valueRequired\":true,\"valueName\":\"search_term_string\"}}],\"inLanguage\":\"en-GB\"}]}<\/script>\n<!-- \/ Yoast SEO plugin. -->","yoast_head_json":{"title":"Be\u017cowy we\u0142niany p\u0142aszcz ocieplany w kolano Ada - Talia Fashion - p\u0142aszcz damski","description":"Be\u017cowy we\u0142niany p\u0142aszcz ocieplany w kolano. Minimalistyczny kr\u00f3j, wysokiej jako\u015bci materia\u0142 i uniwersalny kolor. P\u0142aszcz r\u0119cznie szyty w Polsce.","robots":{"index":"index","follow":"follow","max-snippet":"max-snippet:-1","max-image-preview":"max-image-preview:large","max-video-preview":"max-video-preview:-1"},"canonical":"https:\/\/talia-fashion.pl\/en\/product\/bezowy-welniany-plaszcz-ocieplany-w-kolano-ada\/","og_locale":"en_GB","og_type":"article","og_title":"Be\u017cowy we\u0142niany p\u0142aszcz ocieplany w kolano Ada - Talia Fashion - p\u0142aszcz damski","og_description":"Be\u017cowy we\u0142niany p\u0142aszcz ocieplany w kolano. Minimalistyczny kr\u00f3j, wysokiej jako\u015bci materia\u0142 i uniwersalny kolor. P\u0142aszcz r\u0119cznie szyty w Polsce.","og_url":"https:\/\/talia-fashion.pl\/en\/product\/bezowy-welniany-plaszcz-ocieplany-w-kolano-ada\/","og_site_name":"Talia Fashion","article_modified_time":"2026-04-10T10:52:19+00:00","og_image":[{"width":1300,"height":1733,"url":"https:\/\/talia-fashion.pl\/wp-content\/uploads\/2025\/08\/bezowy-plaszcz-zimowy-w-kolano-dopasowany-wiazany.jpg","type":"image\/jpeg"}],"twitter_card":"summary_large_image","twitter_misc":{"Estimated reading time":"4 minutes"},"schema":{"@context":"https:\/\/schema.org","@graph":[{"@type":"WebPage","@id":"https:\/\/talia-fashion.pl\/produkt\/bezowy-welniany-plaszcz-ocieplany-w-kolano-ada\/","url":"https:\/\/talia-fashion.pl\/produkt\/bezowy-welniany-plaszcz-ocieplany-w-kolano-ada\/","name":"Be\u017cowy we\u0142niany p\u0142aszcz ocieplany w kolano Ada - Talia Fashion - p\u0142aszcz damski","isPartOf":{"@id":"https:\/\/talia-fashion.pl\/#website"},"primaryImageOfPage":{"@id":"https:\/\/talia-fashion.pl\/produkt\/bezowy-welniany-plaszcz-ocieplany-w-kolano-ada\/#primaryimage"},"image":{"@id":"https:\/\/talia-fashion.pl\/produkt\/bezowy-welniany-plaszcz-ocieplany-w-kolano-ada\/#primaryimage"},"thumbnailUrl":"https:\/\/talia-fashion.pl\/wp-content\/uploads\/2025\/08\/bezowy-plaszcz-zimowy-w-kolano-dopasowany-wiazany.jpg","datePublished":"2025-08-31T10:44:05+00:00","dateModified":"2026-04-10T10:52:19+00:00","description":"Be\u017cowy we\u0142niany p\u0142aszcz ocieplany w kolano. Minimalistyczny kr\u00f3j, wysokiej jako\u015bci materia\u0142 i uniwersalny kolor. P\u0142aszcz r\u0119cznie szyty w Polsce.","breadcrumb":{"@id":"https:\/\/talia-fashion.pl\/produkt\/bezowy-welniany-plaszcz-ocieplany-w-kolano-ada\/#breadcrumb"},"inLanguage":"en-GB","potentialAction":[{"@type":"ReadAction","target":["https:\/\/talia-fashion.pl\/produkt\/bezowy-welniany-plaszcz-ocieplany-w-kolano-ada\/"]}]},{"@type":"ImageObject","inLanguage":"en-GB","@id":"https:\/\/talia-fashion.pl\/produkt\/bezowy-welniany-plaszcz-ocieplany-w-kolano-ada\/#primaryimage","url":"https:\/\/talia-fashion.pl\/wp-content\/uploads\/2025\/08\/bezowy-plaszcz-zimowy-w-kolano-dopasowany-wiazany.jpg","contentUrl":"https:\/\/talia-fashion.pl\/wp-content\/uploads\/2025\/08\/bezowy-plaszcz-zimowy-w-kolano-dopasowany-wiazany.jpg","width":1300,"height":1733,"caption":"Be\u017cowy p\u0142aszcz zimowy d\u0142ugo\u015b\u0107 w kolano. Dopasowany, zapinany na guziki i wi\u0105zany. Idealny dla ni\u017cszych os\u00f3b."},{"@type":"BreadcrumbList","@id":"https:\/\/talia-fashion.pl\/produkt\/bezowy-welniany-plaszcz-ocieplany-w-kolano-ada\/#breadcrumb","itemListElement":[{"@type":"ListItem","position":1,"name":"Strona g\u0142\u00f3wna","item":"https:\/\/talia-fashion.pl\/"},{"@type":"ListItem","position":2,"name":"Sklep","item":"https:\/\/talia-fashion.pl\/sklep\/"},{"@type":"ListItem","position":3,"name":"Be\u017cowy we\u0142niany p\u0142aszcz ocieplany w kolano Ada"}]},{"@type":"WebSite","@id":"https:\/\/talia-fashion.pl\/#website","url":"https:\/\/talia-fashion.pl\/","name":"Talia Fashion","description":"","potentialAction":[{"@type":"SearchAction","target":{"@type":"EntryPoint","urlTemplate":"https:\/\/talia-fashion.pl\/?s={search_term_string}"},"query-input":{"@type":"PropertyValueSpecification","valueRequired":true,"valueName":"search_term_string"}}],"inLanguage":"en-GB"}]}},"_links":{"self":[{"href":"https:\/\/talia-fashion.pl\/en\/wp-json\/wp\/v2\/product\/258460","targetHints":{"allow":["GET"]}}],"collection":[{"href":"https:\/\/talia-fashion.pl\/en\/wp-json\/wp\/v2\/product"}],"about":[{"href":"https:\/\/talia-fashion.pl\/en\/wp-json\/wp\/v2\/types\/product"}],"wp:featuredmedia":[{"embeddable":true,"href":"https:\/\/talia-fashion.pl\/en\/wp-json\/wp\/v2\/media\/258915"}],"wp:attachment":[{"href":"https:\/\/talia-fashion.pl\/en\/wp-json\/wp\/v2\/media?parent=258460"}],"wp:term":[{"taxonomy":"product_cat","embeddable":true,"href":"https:\/\/talia-fashion.pl\/en\/wp-json\/wp\/v2\/product_cat?post=258460"},{"taxonomy":"product_tag","embeddable":true,"href":"https:\/\/talia-fashion.pl\/en\/wp-json\/wp\/v2\/product_tag?post=258460"}],"curies":[{"name":"wp","href":"https:\/\/api.w.org\/{rel}","templated":true}]}}