{"id":258450,"date":"2025-08-30T16:26:59","date_gmt":"2025-08-30T14:26:59","guid":{"rendered":"https:\/\/talia-fashion.pl\/?post_type=product&#038;p=258450"},"modified":"2026-02-12T16:56:00","modified_gmt":"2026-02-12T15:56:00","slug":"burgundowy-plaszcz-z-welny-boucle-miko","status":"publish","type":"product","link":"https:\/\/talia-fashion.pl\/en\/product\/burgundowy-plaszcz-z-welny-boucle-miko\/","title":{"rendered":"Burgundy boucle wool Miko coat"},"content":{"rendered":"<div id=\"tabs-list-description\" class=\"tab-pane active in\">\n<div class=\"description\">\n<p><strong>Burgundowy p\u0142aszcz z we\u0142ny<\/strong> boucle Miko zosta\u0142 wykonany z wysokiej jako\u015bci mi\u0119sistej tkaniny z przewag\u0105 we\u0142ny. Powierzchnia tkaniny <span class=\"ILfuVd\" lang=\"pl\"><span class=\"hgKElc\"><strong>boucle <\/strong>jest nieregularna, z wyczuwalnymi p\u0119telkami i supe\u0142kami prz\u0119dzy, kt\u00f3re wzbogacaj\u0105 p\u0142aszcz o g\u0142\u0119bi\u0119 i tr\u00f3jwymiarowy efekt. <strong>Przyci\u0105ga to wzrok i dodaje wyrazisto\u015bci<\/strong>. Tkanina jest <strong>mi\u0119kka<\/strong>, puszysta i przyjemna w dotyku niczym futerko baranka. I r\u00f3wnie <strong>ciep\u0142a<\/strong>. <\/span><\/span><\/p>\n<p>Ekskluzywno\u015b\u0107 p\u0142aszcza Miko podkre\u015blilismy r\u00f3wnie\u017c odpowiednim doborem koloru tkaniny. Nie mog\u0142o zabrakn\u0105\u0107 eleganckiego i wyrafinowanego <strong>koloru burgundowego<\/strong>. Burgund to ciemny, zgaszony czerwony odcie\u0144 z podtonem fioletu i odrobin\u0105 br\u0105zu, cz\u0119sto kojarzony z luksusem i klasyk\u0105. Kolor burgundowy <strong>doskonale komponuje si\u0119 <\/strong><b>z szaro\u015bci\u0105, granatem, be\u017cem, br\u0105zem, khaki, czarnym czy butelkow\u0105 zieleni\u0105. <\/b>Dlatego \u0142atwo wprowadzisz go do swoich stylizacji, tych codziennych i bardziej oficjalnych, tworz\u0105c r\u00f3\u017cnorodne zestawienia. Od stonowanych i subtelnych, na przyk\u0142ad z be\u017cow\u0105 dzianinow\u0105 sukienk\u0105, po wyraziste, z charakterem: z szarym golfem i szerokimi spodniami albo w zestawie z khaki i butelkow\u0105 zieleni\u0105. Wszystko zale\u017cy od Twojego stylu, upodoba\u0144 i pomys\u0142u.<\/p>\n<p>Wszystko w tym p\u0142aszczu przyci\u0105ga wzrok &#8211; <strong>faktura materia\u0142u i wytworny kolor<\/strong>, dlatego te\u017c projektuj\u0105c go postawili\u015bmy na bardzo <strong>minimalistyczny kr\u00f3j, <\/strong>bez zb\u0119dnych ozdobnik\u00f3w. Dzi\u0119ki czemu zyskuje <strong>ponadczasowo\u015b\u0107<\/strong>. Linia ekskluzywna. Kr\u00f3j p\u0142aszcza dopasowany z ty\u0142u, z przodu profilowany, bez dodatkowych ci\u0119\u0107. Klasyczna linia ramion oraz wyk\u0142adany ko\u0142nierz z klapami podkre\u015blaj\u0105cy dekolt. Podniesiony ko\u0142nierz dodatkowo ochroni przed wiatrem. Zapinany dwurz\u0119dowo na guziki.\u00a0 Wyjmowany pasek, uszyty z tej samej tkaniny, do wi\u0105zania i podkre\u015blenia talii. Dwie, boczne kieszenie zako\u0144czone listewk\u0105. D\u0142ugo\u015b\u0107 do po\u0142owy \u0142ydki, z rozporkiem z ty\u0142u. P\u0142aszcz w ca\u0142o\u015bci ocieplany, w\u0142\u0105cznie z r\u0119kawami.<\/p>\n<p>If you're wondering which coat to choose, we suggest you take a look at our tips\u00a0<a href=\"https:\/\/talia-fashion.pl\/en\/jak-dobrac-plaszcz-do-sylwetki\/\">How do you choose a coat to suit your figure?<\/a><\/p>\n<p><span lang=\"DE\">Zdj\u0119cie rzeczywiste \u2013 burgund<\/span><\/p>\n<p>Available colours<span lang=\"DE\">: burgund<\/span><\/p>\n<p><span lang=\"DE\">Available sizes: XS, S, M, L, XL<br \/>\n<\/span><\/p>\n<p>The model is 172 cm and a size S.<\/p>\n<p><span lang=\"DE\">Orientacyjne <strong>wymiary<\/strong>:<\/span><\/p>\n<p><span lang=\"DE\">XS - bust: 86-88 \/ hips 94-96 \/ length: 117 \/ sleeve 61<br \/>\nS - bust: 90-92 \/ hips: 98-100 \/ length: 118\/ sleeve: 62<br \/>\nM - bust: 94-96 \/ hips: 102-104 \/ length: 118 \/ sleeve: 62<br \/>\nL \u2013 biust: 98-100 \/ biodra: 106-108 \/ d\u0142ugo\u015b\u0107: 118 \/ r\u0119kaw: 63<br \/>\nXL - bust: 104-106 \/ hips: 112-114 \/ length: 119 \/ sleeve: 64<\/span><\/p>\n<p><span lang=\"DE\">If you are unsure of your size selection, please contact us.<\/span><\/p>\n<p><span lang=\"DE\">Materia\u0142: 90<\/span><span lang=\"DE\">% we\u0142na dziewicza, 10% poliamid<br \/>\n<\/span><\/p>\n<p>Lining: 50% viscose, 50% acetate<br \/>\nAcetat podobnie jak wiskoza wytwarzany jest z celulozy. Prz\u0119dza acetatowa mo\u017ce by\u0107 wytworzona r\u00f3wnie\u017c z celulozy przetworzonej np. papieru. Podszewka acetatowa doskonale wch\u0142ania wilgo\u0107, przepuszcza powietrze i dobrze si\u0119 nosi. Jest powlekana apretur\u0105 antystatyczn\u0105 i posiada certyfikat OEKOtex\u00ae Standard 100.<\/p>\n<p>Insulation: 100% non-woven recycled polyester<br \/>\nOur coats are insulated with a compressed thermo-insulating quilted fleece on the lining. The fleece is made from recycled polyester fibres. The material is lightweight, thin and at the same time perfectly insulating. The insulating fleece we use is resistant to moisture (it retains its insulating properties and warming effect even in damp conditions), stops the wind, is hypoallergenic and breathable. It is OEKOtex\u00ae Standard 100 certified.<\/p>\n<p><strong>Burgundowy p\u0142aszcz z we\u0142ny<\/strong> boucle Miko powsta\u0142 w <strong>our family tailor shop<\/strong> in Pozna\u0144. We sewed it<span lang=\"DE\">\u00a0z <strong data-start=\"103\" data-end=\"164\">wysokiej jako\u015bci materia\u0142u,<\/strong> w spos\u00f3b przyjazny dla \u015brodowiska. Uprawiamy tradycyjne rzemios\u0142o i<strong> ka\u017cdy nasz p\u0142aszcz jest szyty r\u0119cznie. Dzi\u0119kujemy, \u017ce wspieracie polskie rzemios\u0142o.<\/strong><\/span><\/p>\n<p>The coat should be dry-cleaned. For frequent refreshing of the wool we recommend the following\u00a0<a href=\"https:\/\/talia-fashion.pl\/en\/product\/szczotka-do-czyszczenia-i-pielegnacji-plaszcza\/\">Brush for cleaning and care of the coat<\/a>, kt\u00f3r\u0105 mo\u017cna kupi\u0107 w naszym sklepie. Aby utrzyma\u0107 p\u0142aszcz w czysto\u015bci cz\u0119sto wystarczy wietrzy\u0107 go i regularnie szczotkowa\u0107. Ten proces jest delikatniejszy dla tkanin i pozwala ograniczy\u0107 zu\u017cycie wody i energii w procesach prania. Dla zachowania idealnego wygl\u0105du materia\u0142u warto r\u00f3wnie\u017c uwa\u017ca\u0107 na elementy mog\u0105ce go zaci\u0105gn\u0105\u0107. Zach\u0119camy do zapoznania si\u0119 z naszym poradnikiem: <a href=\"https:\/\/talia-fashion.pl\/en\/jak-pielegnowac-i-dbac-o-plaszcz\/\">How to care for and maintain coats?<\/a><\/p>\n<p>It is possible to make some modifications in the <strong>Individual orders<\/strong> \u2013 na \u017cyczenie Klienta: skr\u00f3cenie, wyd\u0142u\u017cenie r\u0119kawa, skr\u00f3cenie i wyd\u0142u\u017cenie p\u0142aszcza. <strong>An individual order is not subject to exchange or refund.<\/strong><\/p>\n<p><span lang=\"DE\">Czas realizacji zam\u00f3wienia uzale\u017cniamy od aktualnego stanu magazynowego w pracowni oraz dost\u0119pno\u015bci danego koloru materia\u0142u. Je\u015bli dany p\u0142aszcz jest dost\u0119pny w firmie realizacja zam\u00f3wienia nast\u0105pi bardzo szybko 2-5 dni roboczych. Je\u015bli konieczne jest uszycie nowego p\u0142aszcza lub indywidualizacja zam\u00f3wienia \u2013 wykonanie przer\u00f3bki lub uszycie nowego p\u0142aszcza wed\u0142ug specyfikacji Klienta \u2013 czas realizacji zam\u00f3wienia mo\u017ce ulec wyd\u0142u\u017ceniu, maksymalnie do 2 tygodni.<\/span><\/p>\n<p>We do our best to keep the waiting time as short as possible, but our coats are sewn by hand using traditional methods, so please be patient.<\/p>\n<p>We encourage you to like our fanpage on\u00a0<a href=\"https:\/\/www.facebook.com\/talia.plaszcze\">Facebook<\/a>\u00a0i\u00a0<a href=\"https:\/\/www.instagram.com\/talia_plaszcze\/\">Instagram<\/a><\/p>\n<\/div>\n<\/div>","protected":false},"excerpt":{"rendered":"<p>Burgundowy p\u0142aszcz z we\u0142ny boucle &#8211; ekskluzywny d\u0142ugi p\u0142aszcz damski w jako\u015bci premium. Wersja limitowana.<\/p>","protected":false},"featured_media":258701,"template":"","meta":{"_acf_changed":false},"product_cat":[31,36],"product_tag":[341,78,119,32,340,39,224,121,342,81,42,67,47,75,122,85,102,50,95,86,60,87,157,139,63,88],"class_list":{"0":"post-258450","1":"product","2":"type-product","3":"status-publish","4":"has-post-thumbnail","6":"product_cat-nowosci","7":"product_cat-plaszcze-dluzsze","8":"product_tag-burgundowy-plaszcz-damski","9":"product_tag-dla-roznych-sylwetek","10":"product_tag-dlugi-plaszcz-zimowy","11":"product_tag-dopasowany-kroj","12":"product_tag-jesionka","13":"product_tag-klasyczny","14":"product_tag-limited-edition","15":"product_tag-materialy-przyjazne-dla-srodowiska","16":"product_tag-materialy-z-deadstocku","17":"product_tag-naturalne-materialy","18":"product_tag-nowosc","19":"product_tag-ocieplany","20":"product_tag-plaszcz-na-guziki","21":"product_tag-plaszcz-ocieplany","22":"product_tag-plaszcz-szlafrokowy","23":"product_tag-plaszcz-welniany","24":"product_tag-plaszcz-z-alpaki","25":"product_tag-plaszcz-z-rewersem","26":"product_tag-plaszcz-zimowy","27":"product_tag-plaszcz-zimowy-ocieplany","28":"product_tag-producent-plaszczy-damskich","29":"product_tag-produkt-premium","30":"product_tag-teddy-bear","31":"product_tag-welna-dziewicza","32":"product_tag-welniany","33":"product_tag-wiazany","35":"first","36":"instock","37":"shipping-taxable","38":"purchasable","39":"product-type-variable","40":"has-default-attributes"},"acf":[],"yoast_head":"<!-- This site is optimized with the Yoast SEO plugin v25.7 - https:\/\/yoast.com\/wordpress\/plugins\/seo\/ -->\n<title>Burgundowy p\u0142aszcz z we\u0142ny boucle Miko - Talia Fashion - p\u0142aszcze damskie<\/title>\n<meta name=\"description\" content=\"Burgundowy p\u0142aszcz z we\u0142ny boucle - ekskluzywny d\u0142ugi p\u0142aszcz damski w jako\u015bci premium. Uszyty w rodzinnej pracowni w Poznaniu. Ocieplany. Ponadczasowy.\" \/>\n<meta name=\"robots\" content=\"index, follow, max-snippet:-1, max-image-preview:large, max-video-preview:-1\" \/>\n<link rel=\"canonical\" href=\"https:\/\/talia-fashion.pl\/en\/product\/burgundowy-plaszcz-z-welny-boucle-miko\/\" \/>\n<meta property=\"og:locale\" content=\"en_GB\" \/>\n<meta property=\"og:type\" content=\"article\" \/>\n<meta property=\"og:title\" content=\"Burgundowy p\u0142aszcz z we\u0142ny boucle Miko - Talia Fashion - p\u0142aszcze damskie\" \/>\n<meta property=\"og:description\" content=\"Burgundowy p\u0142aszcz z we\u0142ny boucle - ekskluzywny d\u0142ugi p\u0142aszcz damski w jako\u015bci premium. Uszyty w rodzinnej pracowni w Poznaniu. Ocieplany. Ponadczasowy.\" \/>\n<meta property=\"og:url\" content=\"https:\/\/talia-fashion.pl\/en\/product\/burgundowy-plaszcz-z-welny-boucle-miko\/\" \/>\n<meta property=\"og:site_name\" content=\"Talia Fashion\" \/>\n<meta property=\"article:modified_time\" content=\"2026-02-12T15:56:00+00:00\" \/>\n<meta property=\"og:image\" content=\"https:\/\/talia-fashion.pl\/wp-content\/uploads\/2025\/08\/burgundowy-plaszcz-zimowy-welna-boucle-teady.jpg\" \/>\n\t<meta property=\"og:image:width\" content=\"1300\" \/>\n\t<meta property=\"og:image:height\" content=\"1733\" \/>\n\t<meta property=\"og:image:type\" content=\"image\/jpeg\" \/>\n<meta name=\"twitter:card\" content=\"summary_large_image\" \/>\n<meta name=\"twitter:label1\" content=\"Estimated reading time\" \/>\n\t<meta name=\"twitter:data1\" content=\"4 minutes\" \/>\n<script type=\"application\/ld+json\" class=\"yoast-schema-graph\">{\"@context\":\"https:\/\/schema.org\",\"@graph\":[{\"@type\":\"WebPage\",\"@id\":\"https:\/\/talia-fashion.pl\/produkt\/burgundowy-plaszcz-z-welny-boucle-miko\/\",\"url\":\"https:\/\/talia-fashion.pl\/produkt\/burgundowy-plaszcz-z-welny-boucle-miko\/\",\"name\":\"Burgundowy p\u0142aszcz z we\u0142ny boucle Miko - Talia Fashion - p\u0142aszcze damskie\",\"isPartOf\":{\"@id\":\"https:\/\/talia-fashion.pl\/#website\"},\"primaryImageOfPage\":{\"@id\":\"https:\/\/talia-fashion.pl\/produkt\/burgundowy-plaszcz-z-welny-boucle-miko\/#primaryimage\"},\"image\":{\"@id\":\"https:\/\/talia-fashion.pl\/produkt\/burgundowy-plaszcz-z-welny-boucle-miko\/#primaryimage\"},\"thumbnailUrl\":\"https:\/\/talia-fashion.pl\/wp-content\/uploads\/2025\/08\/burgundowy-plaszcz-zimowy-welna-boucle-teady.jpg\",\"datePublished\":\"2025-08-30T14:26:59+00:00\",\"dateModified\":\"2026-02-12T15:56:00+00:00\",\"description\":\"Burgundowy p\u0142aszcz z we\u0142ny boucle - ekskluzywny d\u0142ugi p\u0142aszcz damski w jako\u015bci premium. Uszyty w rodzinnej pracowni w Poznaniu. Ocieplany. Ponadczasowy.\",\"breadcrumb\":{\"@id\":\"https:\/\/talia-fashion.pl\/produkt\/burgundowy-plaszcz-z-welny-boucle-miko\/#breadcrumb\"},\"inLanguage\":\"en-GB\",\"potentialAction\":[{\"@type\":\"ReadAction\",\"target\":[\"https:\/\/talia-fashion.pl\/produkt\/burgundowy-plaszcz-z-welny-boucle-miko\/\"]}]},{\"@type\":\"ImageObject\",\"inLanguage\":\"en-GB\",\"@id\":\"https:\/\/talia-fashion.pl\/produkt\/burgundowy-plaszcz-z-welny-boucle-miko\/#primaryimage\",\"url\":\"https:\/\/talia-fashion.pl\/wp-content\/uploads\/2025\/08\/burgundowy-plaszcz-zimowy-welna-boucle-teady.jpg\",\"contentUrl\":\"https:\/\/talia-fashion.pl\/wp-content\/uploads\/2025\/08\/burgundowy-plaszcz-zimowy-welna-boucle-teady.jpg\",\"width\":1300,\"height\":1733,\"caption\":\"Burgundowy p\u0142aszcz zimowy z we\u0142ny boucle. Ciep\u0142y i wyrafinowany. Jako\u015b\u0107 premium.\"},{\"@type\":\"BreadcrumbList\",\"@id\":\"https:\/\/talia-fashion.pl\/produkt\/burgundowy-plaszcz-z-welny-boucle-miko\/#breadcrumb\",\"itemListElement\":[{\"@type\":\"ListItem\",\"position\":1,\"name\":\"Strona g\u0142\u00f3wna\",\"item\":\"https:\/\/talia-fashion.pl\/\"},{\"@type\":\"ListItem\",\"position\":2,\"name\":\"Sklep\",\"item\":\"https:\/\/talia-fashion.pl\/sklep\/\"},{\"@type\":\"ListItem\",\"position\":3,\"name\":\"Burgundowy p\u0142aszcz z we\u0142ny boucle Miko\"}]},{\"@type\":\"WebSite\",\"@id\":\"https:\/\/talia-fashion.pl\/#website\",\"url\":\"https:\/\/talia-fashion.pl\/\",\"name\":\"Talia Fashion\",\"description\":\"\",\"potentialAction\":[{\"@type\":\"SearchAction\",\"target\":{\"@type\":\"EntryPoint\",\"urlTemplate\":\"https:\/\/talia-fashion.pl\/?s={search_term_string}\"},\"query-input\":{\"@type\":\"PropertyValueSpecification\",\"valueRequired\":true,\"valueName\":\"search_term_string\"}}],\"inLanguage\":\"en-GB\"}]}<\/script>\n<!-- \/ Yoast SEO plugin. -->","yoast_head_json":{"title":"Burgundowy p\u0142aszcz z we\u0142ny boucle Miko - Talia Fashion - p\u0142aszcze damskie","description":"Burgundowy p\u0142aszcz z we\u0142ny boucle - ekskluzywny d\u0142ugi p\u0142aszcz damski w jako\u015bci premium. Uszyty w rodzinnej pracowni w Poznaniu. Ocieplany. Ponadczasowy.","robots":{"index":"index","follow":"follow","max-snippet":"max-snippet:-1","max-image-preview":"max-image-preview:large","max-video-preview":"max-video-preview:-1"},"canonical":"https:\/\/talia-fashion.pl\/en\/product\/burgundowy-plaszcz-z-welny-boucle-miko\/","og_locale":"en_GB","og_type":"article","og_title":"Burgundowy p\u0142aszcz z we\u0142ny boucle Miko - Talia Fashion - p\u0142aszcze damskie","og_description":"Burgundowy p\u0142aszcz z we\u0142ny boucle - ekskluzywny d\u0142ugi p\u0142aszcz damski w jako\u015bci premium. Uszyty w rodzinnej pracowni w Poznaniu. Ocieplany. Ponadczasowy.","og_url":"https:\/\/talia-fashion.pl\/en\/product\/burgundowy-plaszcz-z-welny-boucle-miko\/","og_site_name":"Talia Fashion","article_modified_time":"2026-02-12T15:56:00+00:00","og_image":[{"width":1300,"height":1733,"url":"https:\/\/talia-fashion.pl\/wp-content\/uploads\/2025\/08\/burgundowy-plaszcz-zimowy-welna-boucle-teady.jpg","type":"image\/jpeg"}],"twitter_card":"summary_large_image","twitter_misc":{"Estimated reading time":"4 minutes"},"schema":{"@context":"https:\/\/schema.org","@graph":[{"@type":"WebPage","@id":"https:\/\/talia-fashion.pl\/produkt\/burgundowy-plaszcz-z-welny-boucle-miko\/","url":"https:\/\/talia-fashion.pl\/produkt\/burgundowy-plaszcz-z-welny-boucle-miko\/","name":"Burgundowy p\u0142aszcz z we\u0142ny boucle Miko - Talia Fashion - p\u0142aszcze damskie","isPartOf":{"@id":"https:\/\/talia-fashion.pl\/#website"},"primaryImageOfPage":{"@id":"https:\/\/talia-fashion.pl\/produkt\/burgundowy-plaszcz-z-welny-boucle-miko\/#primaryimage"},"image":{"@id":"https:\/\/talia-fashion.pl\/produkt\/burgundowy-plaszcz-z-welny-boucle-miko\/#primaryimage"},"thumbnailUrl":"https:\/\/talia-fashion.pl\/wp-content\/uploads\/2025\/08\/burgundowy-plaszcz-zimowy-welna-boucle-teady.jpg","datePublished":"2025-08-30T14:26:59+00:00","dateModified":"2026-02-12T15:56:00+00:00","description":"Burgundowy p\u0142aszcz z we\u0142ny boucle - ekskluzywny d\u0142ugi p\u0142aszcz damski w jako\u015bci premium. Uszyty w rodzinnej pracowni w Poznaniu. Ocieplany. Ponadczasowy.","breadcrumb":{"@id":"https:\/\/talia-fashion.pl\/produkt\/burgundowy-plaszcz-z-welny-boucle-miko\/#breadcrumb"},"inLanguage":"en-GB","potentialAction":[{"@type":"ReadAction","target":["https:\/\/talia-fashion.pl\/produkt\/burgundowy-plaszcz-z-welny-boucle-miko\/"]}]},{"@type":"ImageObject","inLanguage":"en-GB","@id":"https:\/\/talia-fashion.pl\/produkt\/burgundowy-plaszcz-z-welny-boucle-miko\/#primaryimage","url":"https:\/\/talia-fashion.pl\/wp-content\/uploads\/2025\/08\/burgundowy-plaszcz-zimowy-welna-boucle-teady.jpg","contentUrl":"https:\/\/talia-fashion.pl\/wp-content\/uploads\/2025\/08\/burgundowy-plaszcz-zimowy-welna-boucle-teady.jpg","width":1300,"height":1733,"caption":"Burgundowy p\u0142aszcz zimowy z we\u0142ny boucle. Ciep\u0142y i wyrafinowany. Jako\u015b\u0107 premium."},{"@type":"BreadcrumbList","@id":"https:\/\/talia-fashion.pl\/produkt\/burgundowy-plaszcz-z-welny-boucle-miko\/#breadcrumb","itemListElement":[{"@type":"ListItem","position":1,"name":"Strona g\u0142\u00f3wna","item":"https:\/\/talia-fashion.pl\/"},{"@type":"ListItem","position":2,"name":"Sklep","item":"https:\/\/talia-fashion.pl\/sklep\/"},{"@type":"ListItem","position":3,"name":"Burgundowy p\u0142aszcz z we\u0142ny boucle Miko"}]},{"@type":"WebSite","@id":"https:\/\/talia-fashion.pl\/#website","url":"https:\/\/talia-fashion.pl\/","name":"Talia Fashion","description":"","potentialAction":[{"@type":"SearchAction","target":{"@type":"EntryPoint","urlTemplate":"https:\/\/talia-fashion.pl\/?s={search_term_string}"},"query-input":{"@type":"PropertyValueSpecification","valueRequired":true,"valueName":"search_term_string"}}],"inLanguage":"en-GB"}]}},"_links":{"self":[{"href":"https:\/\/talia-fashion.pl\/en\/wp-json\/wp\/v2\/product\/258450","targetHints":{"allow":["GET"]}}],"collection":[{"href":"https:\/\/talia-fashion.pl\/en\/wp-json\/wp\/v2\/product"}],"about":[{"href":"https:\/\/talia-fashion.pl\/en\/wp-json\/wp\/v2\/types\/product"}],"wp:featuredmedia":[{"embeddable":true,"href":"https:\/\/talia-fashion.pl\/en\/wp-json\/wp\/v2\/media\/258701"}],"wp:attachment":[{"href":"https:\/\/talia-fashion.pl\/en\/wp-json\/wp\/v2\/media?parent=258450"}],"wp:term":[{"taxonomy":"product_cat","embeddable":true,"href":"https:\/\/talia-fashion.pl\/en\/wp-json\/wp\/v2\/product_cat?post=258450"},{"taxonomy":"product_tag","embeddable":true,"href":"https:\/\/talia-fashion.pl\/en\/wp-json\/wp\/v2\/product_tag?post=258450"}],"curies":[{"name":"wp","href":"https:\/\/api.w.org\/{rel}","templated":true}]}}