{"id":258433,"date":"2025-08-29T16:28:59","date_gmt":"2025-08-29T14:28:59","guid":{"rendered":"https:\/\/talia-fashion.pl\/?post_type=product&#038;p=258433"},"modified":"2026-04-17T09:15:50","modified_gmt":"2026-04-17T07:15:50","slug":"dlugi-camelowy-plaszcz-w-szkocka-krate-z-welny-dziewiczej-hunter","status":"publish","type":"product","link":"https:\/\/talia-fashion.pl\/en\/product\/dlugi-camelowy-plaszcz-w-szkocka-krate-z-welny-dziewiczej-hunter\/","title":{"rendered":"Hunter long camel virgin wool scotch check coat"},"content":{"rendered":"<p>Long camel coat in Scottish check<strong> virgin wool<\/strong> Hunter is our latest offering of outerwear inspired by the fashion of decades past. It is the perfect choice for those who appreciate <strong>modern classics<\/strong>.<\/p>\n<p><strong>Minimalist, modern design<\/strong>j we contrasted with <strong>distinctive fabric pattern<\/strong>that evokes retro style and a coat was created that is a contemporary interpretation of timeless elegance and style. <strong>Universal lattice colours<\/strong> - Warm beige combined with burgundy, olive and black threads makes the coat easy to match <strong>for many styles<\/strong> - From urban casual to office chic. Wear it with a wool turtleneck and tailored trousers, or break up the style with a sporty sweatshirt and sneakers. Made from high-quality wool fabric, it provides a <strong>warmth and comfort<\/strong> for cooler days. Ideal for both casual and more formal occasions.<\/p>\n<p><span lang=\"DE\">Hunter's long camel virgin wool Scottish check coat is a coat with a very considered cut. Designed to both accentuate the silhouette and provide a comfortable fit. <strong>Back of coat fitted<\/strong>The front of the coat is profiled, which means it sits beautifully on the body without hugging it. Back of coat with <strong>strut<\/strong>. Model <strong>single row<\/strong>with a high neck fastening and an elegant<strong> Pointed collar<\/strong> - A detail that adds a noble touch to the overall look. Classically stitched long sleeves topped with a cuff with an offbeat stripe. <strong>Sewn on <\/strong><strong>pockets<\/strong>. Removable <strong>strip<\/strong>, in the same fabric, allows you to adjust the coat to your silhouette and accentuate your waist. The woollen belt can be successfully replaced with a leather one to add a touch of claw.<\/span><\/p>\n<p>If you're wondering which coat to choose, we suggest you take a look at our tips <a href=\"https:\/\/talia-fashion.pl\/en\/jak-dobrac-plaszcz-do-sylwetki\/\">How do you choose a coat to suit your figure?<\/a><\/p>\n<p>Actual photo - warm beige with a fine check pattern<\/p>\n<p>Available colours - warm beige with a fine check (burgundy, olive and black)<\/p>\n<p><span lang=\"DE\">The colours are presented in our <a href=\"https:\/\/talia-fashion.pl\/en\/paleta-kolorow\/\">Colour palette<\/a>. If in doubt, please contact us.<\/span><\/p>\n<p>The model is 172cm and a size S.<\/p>\n<p><span lang=\"DE\">Available sizes: XS, S, M, L<\/span><\/p>\n<p><span lang=\"DE\">Indicative dimensions:<\/span><\/p>\n<p>XS - bust: 86-88 \/ hips: 94-96 \/ length: 115 \/ sleeve: 61<br \/>\nS - bust: 90-92 \/ hips: 98-100 \/ length: 115 \/ sleeve: 62<br \/>\nM - bust: 94-96 \/ hips: 102-104 \/ length: 116 \/ sleeve: 62<br \/>\nL - bust: 98-100 \/ hips: 106-108 \/ length: 116 \/ sleeve: 63<br \/>\n<span lang=\"DE\">What size to choose and how to measure yourself are suggested in our short guide: <a href=\"https:\/\/talia-fashion.pl\/en\/jak-dobrac-rozmiar\/\">How to choose a size?<\/a><\/span><br \/>\n<span lang=\"DE\">If you are unsure of your size selection, please contact us.<\/span><\/p>\n<p><span lang=\"DE\">Material: 100% virgin wool<\/span><\/p>\n<p>Lining: 100% acetate<\/p>\n<p>Like viscose, acetate is produced from cellulose. Acetate yarn can also be made from recycled cellulose such as paper. The acetate lining is excellent at absorbing moisture and permeable to air. It is coated with an antistatic apprettee and is OEKOtex\u00ae Standard 100 certified.<\/p>\n<p><span lang=\"DE\">Hunter's long camel virgin wool Scottish check coat has been tailored from <\/span>a unique virgin wool fabric that we found in a carefully selected deadstock. W <strong>our workshop<\/strong> for years, we have followed the principle of conscious design - reducing overproduction and reducing the use of raw materials, water and energy. Instead of creating new material, we give a second life to those that have already been created - transforming them into limited series of unique coats.<\/p>\n<p><strong>Laying the fabric by hand<\/strong> allows us to <strong>perfect fit of the grid pattern<\/strong> on the elements of the coat. Because we practice traditional tailoring, you get a product created with the utmost precision and heart that we put into our daily work. Thank you for supporting a local company and please be patient - we need time to sew the coat for you.<\/p>\n<p><span lang=\"DE\">The coat should be dry-cleaned. Proper care, hanging and avoiding snags will ensure that your coat remains beautiful for a long time. Take a look at our tab: <a href=\"https:\/\/talia-fashion.pl\/en\/jak-pielegnowac-i-dbac-o-plaszcz\/\">How to nurture and care for the coat?<\/a>, where we have included simple methods for enjoying your coat for a long time. And to refresh your wool frequently, we recommend the following\u00a0<a href=\"https:\/\/talia-fashion.pl\/en\/product\/szczotka-do-czyszczenia-i-pielegnacji-plaszcza\/\">Brush for cleaning and care of the coat<\/a>which can be purchased in our shop.<\/span><\/p>\n<p><span lang=\"DE\">There is also the possibility of <strong>Individual orders<\/strong>, i.e. with minor modifications at the client's request. We can shorten or lengthen the sleeves, shorten or lengthen the length of the coat. Sew a version of the coat with additional warming. The cost of such a service is determined individually after contacting us and determining possible options. <\/span><strong>An individual order is not subject to exchange or refund.<\/strong><\/p>\n<p><span lang=\"DE\">The lead time depends on the current stock in the atelier and the availability of the fabric colour in question. If the coat is sewn, the order will be processed very quickly within 2-5 working days. If the coat needs to be sewn or the order needs to be individualised - making alterations or sewing a new coat - the lead time may be extended, up to a maximum of 2 weeks.<\/span><\/p>\n<p>We invite you to stay with us for longer and to follow our profiles on <a href=\"https:\/\/www.facebook.com\/talia.plaszcze\">Facebook<\/a>\u00a0and\u00a0<a href=\"https:\/\/www.instagram.com\/talia_plaszcze\/\">Instagram<\/a>.<\/p>","protected":false},"excerpt":{"rendered":"<p>Classic cut, checkered, fine material.<\/p>","protected":false},"featured_media":258680,"template":"","meta":{"_acf_changed":false},"product_cat":[31,36],"product_tag":[78,32,34,340,39,40,186,41,42,43,44,45,46,164,68,47,181,94,85,50,123,260,69,60,87,61,361,52,97,53,139,362,88,147],"class_list":{"0":"post-258433","1":"product","2":"type-product","3":"status-publish","4":"has-post-thumbnail","6":"product_cat-nowosci","7":"product_cat-plaszcze-dluzsze","8":"product_tag-dla-roznych-sylwetek","9":"product_tag-dopasowany-kroj","10":"product_tag-handmade","11":"product_tag-jesionka","12":"product_tag-klasyczny","13":"product_tag-kolnierz","14":"product_tag-krata","15":"product_tag-na-podszewce","16":"product_tag-nowosc","17":"product_tag-plaszcz-damski","18":"product_tag-plaszcz-damski-dlugi","19":"product_tag-plaszcz-dlugi","20":"product_tag-plaszcz-dwurzedowy","21":"product_tag-plaszcz-jednorzedowy","22":"product_tag-plaszcz-jesienny","23":"product_tag-plaszcz-na-guziki","24":"product_tag-plaszcz-w-jodelke","25":"product_tag-plaszcz-w-krate","26":"product_tag-plaszcz-welniany","27":"product_tag-plaszcz-z-rewersem","28":"product_tag-plaszcze-damskie","29":"product_tag-plaszcze-przejsciowe","30":"product_tag-prochowiec","31":"product_tag-producent-plaszczy-damskich","32":"product_tag-produkt-premium","33":"product_tag-recznie-szyty","34":"product_tag-szkocki-tartan","35":"product_tag-szylkretowe-guziki","36":"product_tag-trencz","37":"product_tag-welna","38":"product_tag-welna-dziewicza","39":"product_tag-welna-tweed","40":"product_tag-wiazany","41":"product_tag-zrownowazona-produkcja","43":"first","44":"instock","45":"shipping-taxable","46":"purchasable","47":"product-type-variable","48":"has-default-attributes"},"acf":[],"yoast_head":"<!-- This site is optimized with the Yoast SEO plugin v25.7 - https:\/\/yoast.com\/wordpress\/plugins\/seo\/ -->\n<title>D\u0142ugi camelowy p\u0142aszcz w szkock\u0105 krat\u0119 z we\u0142ny dziewiczej Hunter -<\/title>\n<meta name=\"description\" content=\"D\u0142ugi camelowy p\u0142aszcz w szkock\u0105 krat\u0119 z we\u0142ny dziewiczej - klasyczny jednorz\u0119dowy p\u0142aszcz w ponadczasowy wz\u00f3r. Szlachetny materia\u0142. Jako\u015b\u0107 premium.\" \/>\n<meta name=\"robots\" content=\"index, follow, max-snippet:-1, max-image-preview:large, max-video-preview:-1\" \/>\n<link rel=\"canonical\" href=\"https:\/\/talia-fashion.pl\/en\/product\/dlugi-camelowy-plaszcz-w-szkocka-krate-z-welny-dziewiczej-hunter\/\" \/>\n<meta property=\"og:locale\" content=\"en_GB\" \/>\n<meta property=\"og:type\" content=\"article\" \/>\n<meta property=\"og:title\" content=\"D\u0142ugi camelowy p\u0142aszcz w szkock\u0105 krat\u0119 z we\u0142ny dziewiczej Hunter -\" \/>\n<meta property=\"og:description\" content=\"D\u0142ugi camelowy p\u0142aszcz w szkock\u0105 krat\u0119 z we\u0142ny dziewiczej - klasyczny jednorz\u0119dowy p\u0142aszcz w ponadczasowy wz\u00f3r. Szlachetny materia\u0142. Jako\u015b\u0107 premium.\" \/>\n<meta property=\"og:url\" content=\"https:\/\/talia-fashion.pl\/en\/product\/dlugi-camelowy-plaszcz-w-szkocka-krate-z-welny-dziewiczej-hunter\/\" \/>\n<meta property=\"og:site_name\" content=\"Talia Fashion\" \/>\n<meta property=\"article:modified_time\" content=\"2026-04-17T07:15:50+00:00\" \/>\n<meta property=\"og:image\" content=\"https:\/\/talia-fashion.pl\/wp-content\/uploads\/2025\/08\/dlugi-camelowy-plaszcz-welniany-szkocka-krata.jpg\" \/>\n\t<meta property=\"og:image:width\" content=\"1300\" \/>\n\t<meta property=\"og:image:height\" content=\"1733\" \/>\n\t<meta property=\"og:image:type\" content=\"image\/jpeg\" \/>\n<meta name=\"twitter:card\" content=\"summary_large_image\" \/>\n<meta name=\"twitter:label1\" content=\"Estimated reading time\" \/>\n\t<meta name=\"twitter:data1\" content=\"4 minutes\" \/>\n<script type=\"application\/ld+json\" class=\"yoast-schema-graph\">{\"@context\":\"https:\/\/schema.org\",\"@graph\":[{\"@type\":\"WebPage\",\"@id\":\"https:\/\/talia-fashion.pl\/produkt\/dlugi-camelowy-plaszcz-w-szkocka-krate-z-welny-dziewiczej-hunter\/\",\"url\":\"https:\/\/talia-fashion.pl\/produkt\/dlugi-camelowy-plaszcz-w-szkocka-krate-z-welny-dziewiczej-hunter\/\",\"name\":\"D\u0142ugi camelowy p\u0142aszcz w szkock\u0105 krat\u0119 z we\u0142ny dziewiczej Hunter -\",\"isPartOf\":{\"@id\":\"https:\/\/talia-fashion.pl\/#website\"},\"primaryImageOfPage\":{\"@id\":\"https:\/\/talia-fashion.pl\/produkt\/dlugi-camelowy-plaszcz-w-szkocka-krate-z-welny-dziewiczej-hunter\/#primaryimage\"},\"image\":{\"@id\":\"https:\/\/talia-fashion.pl\/produkt\/dlugi-camelowy-plaszcz-w-szkocka-krate-z-welny-dziewiczej-hunter\/#primaryimage\"},\"thumbnailUrl\":\"https:\/\/talia-fashion.pl\/wp-content\/uploads\/2025\/08\/dlugi-camelowy-plaszcz-welniany-szkocka-krata.jpg\",\"datePublished\":\"2025-08-29T14:28:59+00:00\",\"dateModified\":\"2026-04-17T07:15:50+00:00\",\"description\":\"D\u0142ugi camelowy p\u0142aszcz w szkock\u0105 krat\u0119 z we\u0142ny dziewiczej - klasyczny jednorz\u0119dowy p\u0142aszcz w ponadczasowy wz\u00f3r. Szlachetny materia\u0142. Jako\u015b\u0107 premium.\",\"breadcrumb\":{\"@id\":\"https:\/\/talia-fashion.pl\/produkt\/dlugi-camelowy-plaszcz-w-szkocka-krate-z-welny-dziewiczej-hunter\/#breadcrumb\"},\"inLanguage\":\"en-GB\",\"potentialAction\":[{\"@type\":\"ReadAction\",\"target\":[\"https:\/\/talia-fashion.pl\/produkt\/dlugi-camelowy-plaszcz-w-szkocka-krate-z-welny-dziewiczej-hunter\/\"]}]},{\"@type\":\"ImageObject\",\"inLanguage\":\"en-GB\",\"@id\":\"https:\/\/talia-fashion.pl\/produkt\/dlugi-camelowy-plaszcz-w-szkocka-krate-z-welny-dziewiczej-hunter\/#primaryimage\",\"url\":\"https:\/\/talia-fashion.pl\/wp-content\/uploads\/2025\/08\/dlugi-camelowy-plaszcz-welniany-szkocka-krata.jpg\",\"contentUrl\":\"https:\/\/talia-fashion.pl\/wp-content\/uploads\/2025\/08\/dlugi-camelowy-plaszcz-welniany-szkocka-krata.jpg\",\"width\":1300,\"height\":1733,\"caption\":\"D\u0142ugi camelowy p\u0142aszcz damski z we\u0142ny dziewiczej w szkock\u0105 krat\u0119. Produkt premium, w kt\u00f3rym wszystko jest r\u0119cznie robione.\"},{\"@type\":\"BreadcrumbList\",\"@id\":\"https:\/\/talia-fashion.pl\/produkt\/dlugi-camelowy-plaszcz-w-szkocka-krate-z-welny-dziewiczej-hunter\/#breadcrumb\",\"itemListElement\":[{\"@type\":\"ListItem\",\"position\":1,\"name\":\"Strona g\u0142\u00f3wna\",\"item\":\"https:\/\/talia-fashion.pl\/\"},{\"@type\":\"ListItem\",\"position\":2,\"name\":\"Sklep\",\"item\":\"https:\/\/talia-fashion.pl\/sklep\/\"},{\"@type\":\"ListItem\",\"position\":3,\"name\":\"D\u0142ugi camelowy p\u0142aszcz w szkock\u0105 krat\u0119 z we\u0142ny dziewiczej Hunter\"}]},{\"@type\":\"WebSite\",\"@id\":\"https:\/\/talia-fashion.pl\/#website\",\"url\":\"https:\/\/talia-fashion.pl\/\",\"name\":\"Talia Fashion\",\"description\":\"\",\"potentialAction\":[{\"@type\":\"SearchAction\",\"target\":{\"@type\":\"EntryPoint\",\"urlTemplate\":\"https:\/\/talia-fashion.pl\/?s={search_term_string}\"},\"query-input\":{\"@type\":\"PropertyValueSpecification\",\"valueRequired\":true,\"valueName\":\"search_term_string\"}}],\"inLanguage\":\"en-GB\"}]}<\/script>\n<!-- \/ Yoast SEO plugin. -->","yoast_head_json":{"title":"D\u0142ugi camelowy p\u0142aszcz w szkock\u0105 krat\u0119 z we\u0142ny dziewiczej Hunter -","description":"D\u0142ugi camelowy p\u0142aszcz w szkock\u0105 krat\u0119 z we\u0142ny dziewiczej - klasyczny jednorz\u0119dowy p\u0142aszcz w ponadczasowy wz\u00f3r. Szlachetny materia\u0142. Jako\u015b\u0107 premium.","robots":{"index":"index","follow":"follow","max-snippet":"max-snippet:-1","max-image-preview":"max-image-preview:large","max-video-preview":"max-video-preview:-1"},"canonical":"https:\/\/talia-fashion.pl\/en\/product\/dlugi-camelowy-plaszcz-w-szkocka-krate-z-welny-dziewiczej-hunter\/","og_locale":"en_GB","og_type":"article","og_title":"D\u0142ugi camelowy p\u0142aszcz w szkock\u0105 krat\u0119 z we\u0142ny dziewiczej Hunter -","og_description":"D\u0142ugi camelowy p\u0142aszcz w szkock\u0105 krat\u0119 z we\u0142ny dziewiczej - klasyczny jednorz\u0119dowy p\u0142aszcz w ponadczasowy wz\u00f3r. Szlachetny materia\u0142. Jako\u015b\u0107 premium.","og_url":"https:\/\/talia-fashion.pl\/en\/product\/dlugi-camelowy-plaszcz-w-szkocka-krate-z-welny-dziewiczej-hunter\/","og_site_name":"Talia Fashion","article_modified_time":"2026-04-17T07:15:50+00:00","og_image":[{"width":1300,"height":1733,"url":"https:\/\/talia-fashion.pl\/wp-content\/uploads\/2025\/08\/dlugi-camelowy-plaszcz-welniany-szkocka-krata.jpg","type":"image\/jpeg"}],"twitter_card":"summary_large_image","twitter_misc":{"Estimated reading time":"4 minutes"},"schema":{"@context":"https:\/\/schema.org","@graph":[{"@type":"WebPage","@id":"https:\/\/talia-fashion.pl\/produkt\/dlugi-camelowy-plaszcz-w-szkocka-krate-z-welny-dziewiczej-hunter\/","url":"https:\/\/talia-fashion.pl\/produkt\/dlugi-camelowy-plaszcz-w-szkocka-krate-z-welny-dziewiczej-hunter\/","name":"D\u0142ugi camelowy p\u0142aszcz w szkock\u0105 krat\u0119 z we\u0142ny dziewiczej Hunter -","isPartOf":{"@id":"https:\/\/talia-fashion.pl\/#website"},"primaryImageOfPage":{"@id":"https:\/\/talia-fashion.pl\/produkt\/dlugi-camelowy-plaszcz-w-szkocka-krate-z-welny-dziewiczej-hunter\/#primaryimage"},"image":{"@id":"https:\/\/talia-fashion.pl\/produkt\/dlugi-camelowy-plaszcz-w-szkocka-krate-z-welny-dziewiczej-hunter\/#primaryimage"},"thumbnailUrl":"https:\/\/talia-fashion.pl\/wp-content\/uploads\/2025\/08\/dlugi-camelowy-plaszcz-welniany-szkocka-krata.jpg","datePublished":"2025-08-29T14:28:59+00:00","dateModified":"2026-04-17T07:15:50+00:00","description":"D\u0142ugi camelowy p\u0142aszcz w szkock\u0105 krat\u0119 z we\u0142ny dziewiczej - klasyczny jednorz\u0119dowy p\u0142aszcz w ponadczasowy wz\u00f3r. Szlachetny materia\u0142. Jako\u015b\u0107 premium.","breadcrumb":{"@id":"https:\/\/talia-fashion.pl\/produkt\/dlugi-camelowy-plaszcz-w-szkocka-krate-z-welny-dziewiczej-hunter\/#breadcrumb"},"inLanguage":"en-GB","potentialAction":[{"@type":"ReadAction","target":["https:\/\/talia-fashion.pl\/produkt\/dlugi-camelowy-plaszcz-w-szkocka-krate-z-welny-dziewiczej-hunter\/"]}]},{"@type":"ImageObject","inLanguage":"en-GB","@id":"https:\/\/talia-fashion.pl\/produkt\/dlugi-camelowy-plaszcz-w-szkocka-krate-z-welny-dziewiczej-hunter\/#primaryimage","url":"https:\/\/talia-fashion.pl\/wp-content\/uploads\/2025\/08\/dlugi-camelowy-plaszcz-welniany-szkocka-krata.jpg","contentUrl":"https:\/\/talia-fashion.pl\/wp-content\/uploads\/2025\/08\/dlugi-camelowy-plaszcz-welniany-szkocka-krata.jpg","width":1300,"height":1733,"caption":"D\u0142ugi camelowy p\u0142aszcz damski z we\u0142ny dziewiczej w szkock\u0105 krat\u0119. Produkt premium, w kt\u00f3rym wszystko jest r\u0119cznie robione."},{"@type":"BreadcrumbList","@id":"https:\/\/talia-fashion.pl\/produkt\/dlugi-camelowy-plaszcz-w-szkocka-krate-z-welny-dziewiczej-hunter\/#breadcrumb","itemListElement":[{"@type":"ListItem","position":1,"name":"Strona g\u0142\u00f3wna","item":"https:\/\/talia-fashion.pl\/"},{"@type":"ListItem","position":2,"name":"Sklep","item":"https:\/\/talia-fashion.pl\/sklep\/"},{"@type":"ListItem","position":3,"name":"D\u0142ugi camelowy p\u0142aszcz w szkock\u0105 krat\u0119 z we\u0142ny dziewiczej Hunter"}]},{"@type":"WebSite","@id":"https:\/\/talia-fashion.pl\/#website","url":"https:\/\/talia-fashion.pl\/","name":"Talia Fashion","description":"","potentialAction":[{"@type":"SearchAction","target":{"@type":"EntryPoint","urlTemplate":"https:\/\/talia-fashion.pl\/?s={search_term_string}"},"query-input":{"@type":"PropertyValueSpecification","valueRequired":true,"valueName":"search_term_string"}}],"inLanguage":"en-GB"}]}},"_links":{"self":[{"href":"https:\/\/talia-fashion.pl\/en\/wp-json\/wp\/v2\/product\/258433","targetHints":{"allow":["GET"]}}],"collection":[{"href":"https:\/\/talia-fashion.pl\/en\/wp-json\/wp\/v2\/product"}],"about":[{"href":"https:\/\/talia-fashion.pl\/en\/wp-json\/wp\/v2\/types\/product"}],"wp:featuredmedia":[{"embeddable":true,"href":"https:\/\/talia-fashion.pl\/en\/wp-json\/wp\/v2\/media\/258680"}],"wp:attachment":[{"href":"https:\/\/talia-fashion.pl\/en\/wp-json\/wp\/v2\/media?parent=258433"}],"wp:term":[{"taxonomy":"product_cat","embeddable":true,"href":"https:\/\/talia-fashion.pl\/en\/wp-json\/wp\/v2\/product_cat?post=258433"},{"taxonomy":"product_tag","embeddable":true,"href":"https:\/\/talia-fashion.pl\/en\/wp-json\/wp\/v2\/product_tag?post=258433"}],"curies":[{"name":"wp","href":"https:\/\/api.w.org\/{rel}","templated":true}]}}