{"id":258420,"date":"2025-08-29T15:00:34","date_gmt":"2025-08-29T13:00:34","guid":{"rendered":"https:\/\/talia-fashion.pl\/?post_type=product&#038;p=258420"},"modified":"2026-03-18T09:37:52","modified_gmt":"2026-03-18T08:37:52","slug":"plaszcz-damski-z-bezowo-szarego-diagonalu-z-welny-i-jedwabiu-lukka","status":"publish","type":"product","link":"https:\/\/talia-fashion.pl\/en\/product\/plaszcz-damski-z-bezowo-szarego-diagonalu-z-welny-i-jedwabiu-lukka\/","title":{"rendered":"Ladies' beige-grey wool-silk twill coat from Lucca"},"content":{"rendered":"<p>P\u0142aszcz damski z be\u017cowo-szarego diagonalu z we\u0142ny i jedwabiu Lukka to nasza najnowsza ods\u0142ona <strong>d\u0142ugiego, klasycznego p\u0142aszcza zimowego<\/strong>. <strong>Minimalist cut<\/strong> p\u0142aszczyka \u015bwietnie komponuje si\u0119 z ciekawym wzorem tkaniny<span lang=\"DE\">, kt\u00f3ry powsta\u0142 ze sko\u015bnych splot\u00f3w pr\u0105\u017ck\u00f3w w dw\u00f3ch kolorach \u2013 <strong>beige and grey<\/strong>, zwany <strong>diagonal<\/strong>. Wz\u00f3r jest delikatny, a mimo to dodaje tkaninie g\u0142\u0119bi i struktury, a subtelne po\u0142\u0105czenie odcieni be\u017cu i szaro\u015bci sprawia, \u017ce p\u0142aszcz zachowuje ponadczasowy, wyrafinowany charakter. Taki dese\u0144 przyciaga oko. <\/span><\/p>\n<p>P\u0142aszcz damski z be\u017cowo-szarego diagonalu z we\u0142ny i jedwabiu Lukka ma <strong>bardzo wygodny kr\u00f3j<\/strong>. Dopasowany ty\u0142 i modelowany prz\u00f3d sprawiaj\u0105, \u017ce p\u0142aszcz pi\u0119knie uk\u0142ada si\u0119 na sylwetce, nie kr\u0119puj\u0105c ruch\u00f3w. Pasek wykonany z tej samej tkaniny co p\u0142aszcz, pozwala dodatkowo podkre\u015bli\u0107 tali\u0119.<strong> Two practical pockets<\/strong> wpuszczane po bokach oraz ozdobny <strong>reverse flange<\/strong>which, when raised, perfectly envelops and protects from the wind. <strong>Rozporek na tyle.<\/strong> <strong>D\u0142ugo\u015b\u0107<\/strong> p\u0142aszcza <strong>to the mid-calf<\/strong>. Zapinany dwurz\u0119dowo, na r\u0119cznie przyszywane guziki. Model w ca\u0142o\u015bci <strong>on the lining<\/strong>. Dodatkowo <strong>insulated<\/strong>, r\u00f3wnie\u017c w r\u0119kawach.<\/p>\n<p data-start=\"164\" data-end=\"423\"><span lang=\"DE\">W tym p\u0142aszczu wszystko wpisuje si\u0119 w estetyk\u0119 <strong data-start=\"211\" data-end=\"227\">quiet luxury<\/strong> i <strong data-start=\"230\" data-end=\"243\">old money<\/strong>: doskona\u0142ej jako\u015bci tkanina, klasyczna forma oraz ponadczasowy, delikatny wz\u00f3r. To \u015bwiadomy powr\u00f3t do elegancji opartej na prostocie.\u00a0<\/span><\/p>\n<p data-start=\"425\" data-end=\"733\">Ten model otwiera przed Tob\u0105 szerokie mo\u017cliwo\u015bci stylizacyjne \u2013 doskonale odnajdzie si\u0119 zar\u00f3wno w codziennych zestawach, do biura, jak na bardziej specjalne okazje. Be\u017cowo-szary diagonal \u0142atwo po\u0142\u0105czy\u0107 z kolorami ziemi: br\u0105zami, karmelami, zgaszonymi szaro\u015bciami czy oliwkow\u0105 zieleni\u0105. Za\u0142\u00f3\u017c go do sportowej bluzy, dzianinowej sukienki albo biurowych klasyk\u00f3w \u2013 efekt zawsze b\u0119dzie ten sam: <strong data-start=\"840\" data-end=\"920\">nienachalna elegancja i luksus, kt\u00f3ry nie potrzebuje logo, by robi\u0107 wra\u017cenie<\/strong>.<\/p>\n<p data-start=\"425\" data-end=\"733\">Odkryj nasz p\u0142aszcz damski z be\u017cowo-szarego diagonalu z we\u0142ny i jedwabiu Lukka i ciesz si\u0119 ciep\u0142em, nie rezygnuj\u0105c ze stylu, nawet gdy robi si\u0119 ch\u0142odno.<\/p>\n<p>We invite you to take a look at our guidelines <a href=\"https:\/\/talia-fashion.pl\/en\/jak-dobrac-plaszcz-do-sylwetki\/\">How do you choose a coat to suit your figure?<\/a><\/p>\n<p><span lang=\"DE\">Zdj\u0119cie rzeczywiste \u2013 czekoladowo-be\u017cowy diagonal<\/span><\/p>\n<p>Available colours<span lang=\"DE\">: be\u017cowo-szary diagonal, czekoladowo-be\u017cowy diagonal<\/span><\/p>\n<p>The colours are shown in the pictures of the coats in the various cuts, in the other auctions and in the <a href=\"https:\/\/talia-fashion.pl\/en\/paleta-kolorow\/\">colour palette<\/a>. If in doubt, please contact us.<\/p>\n<p>The model is 172 cm and a size S.<\/p>\n<p><span lang=\"DE\">Available sizes: XS, S, M, L, XL<\/span><\/p>\n<p><span lang=\"DE\">Indicative dimensions:<\/span><\/p>\n<p><span lang=\"DE\">XS \u2013 biust: 86-88 \/ biodra 94-96 \/ d\u0142ugo\u015b\u0107: 117 \/ramiona 34,5-35 \/ r\u0119kaw 61<br \/>\nS - bust: 90-92 \/ hips: 98-100 \/ length: 118\/ shoulders 35.5-36 \/ sleeve: 62<br \/>\nM - bust: 94-96 \/ hips: 102-104 \/ length: 118 \/ shoulders 37.5 \/ sleeve: 62<br \/>\nL - bust: 98-100 \/ hips: 106-108 \/ length: 119 \/ shoulders 39.5-40 \/ sleeve: 63<br \/>\nXL - bust: 104-106 \/ hips: 112-114 \/ length: 119 \/ shoulders 42-42.5 \/ sleeve: 64<\/span><\/p>\n<p><span lang=\"DE\">If you are unsure of your size selection, please contact us.<\/span><\/p>\n<p>Materia\u0142: 70% we\u0142na, 20% jedwab, 10% poliamid<\/p>\n<p>Czekoladowo-be\u017cowy diagonal: 80% we\u0142na dziewicza, 20% poliamid<\/p>\n<p>Lining: 100% acetate<\/p>\n<p>Like viscose, acetate is produced from cellulose. Acetate yarn can also be made from recycled cellulose such as paper. The acetate lining is excellent at absorbing moisture and permeable to air. It is coated with an antistatic apprettee and is OEKOtex\u00ae Standard 100 certified.<\/p>\n<p>Insulation: 100% non-woven recycled polyester<br \/>\nOur coats are insulated with a compressed thermo-insulating quilted fleece on the lining. The fleece is made from recycled polyester fibres. The material is lightweight, thin and at the same time perfectly insulating. The insulating fleece we use is resistant to moisture (it retains its insulating properties and warming effect even in damp conditions), stops the wind, is hypoallergenic and breathable. It is OEKOtex\u00ae Standard 100 certified.<\/p>\n<p>D\u0142ugi p\u0142aszcz damski w jode\u0142k\u0119 z we\u0142ny dziewiczej Lukka nale\u017cy czy\u015bci\u0107 chemicznie. Do codziennej piel\u0119gnacji w warunkach domowych polecamy <a href=\"https:\/\/talia-fashion.pl\/en\/product\/szczotka-do-czyszczenia-i-pielegnacji-plaszcza\/\">Brush for cleaning and care of the coat,<\/a> kt\u00f3r\u0105 mo\u017cna kupi\u0107 w naszym sklepie. Co robi\u0107, aby cieszy\u0107 si\u0119 p\u0142aszczem jak najd\u0142u\u017cej, podpowiadamy w zak\u0142adce <a href=\"https:\/\/talia-fashion.pl\/en\/jak-pielegnowac-i-dbac-o-plaszcz\/\">How to care for and maintain coats<\/a>. <strong>By taking care of your clothing you are at the same time taking care of the environment. <\/strong><\/p>\n<p>On special request, we can make small modifications, such as shortening or lengthening the sleeve, shortening or lengthening the coat. Such modifications give the order a status of <strong>Individual order. <\/strong>Individual order<strong> is not exchangeable or refundable. <\/strong>All personalisations are agreed and priced separately. Please contact us by email.<\/p>\n<p><span lang=\"DE\">Czas realizacji zam\u00f3wienia uzale\u017cniamy od aktualnego stanu magazynowego w pracowni oraz dost\u0119pno\u015bci danego koloru materia\u0142u. Je\u015bli dany p\u0142aszcz jest uszyty realizacja zam\u00f3wienia nast\u0105pi bardzo szybko 2-5 dni roboczych. Je\u015bli konieczna jest uszycie p\u0142aszcza lub personalizacja zam\u00f3wienia \u2013 wykonanie przer\u00f3bki lub uszycie nowego p\u0142aszcza \u2013 czas realizacji zam\u00f3wienia mo\u017ce ulec wyd\u0142u\u017ceniu, maksymalnie do 2 tygodni.<\/span><\/p>\n<p>We are <strong>family workshop<\/strong>, w kt\u00f3rej uprawiamy tradycyjne krawiectwo. Minimalizujemy odpady i unikamy nadprodukcji, dlatego nie szyjemy p\u0142aszczy na magazyn. Prosimy zatem o cierpliwo\u015b\u0107, poniewa\u017c musimy uszy\u0107 ten p\u0142aszcz dla Ciebie.<\/p>\n<p>We encourage you to like our fanpage on <a href=\"https:\/\/www.facebook.com\/talia.plaszcze\">Facebook<\/a>.<\/p>","protected":false},"excerpt":{"rendered":"<p>Zimowy p\u0142aszcz o minimalistycznym kroju i ciekawym wzorze w be\u017cowo-szarej tonacji.<\/p>","protected":false},"featured_media":260822,"template":"","meta":{"_acf_changed":false},"product_cat":[31,36],"product_tag":[339,89,119,209,32,33,37,34,39,41,42,67,43,44,91,45,68,47,75,181,50,95,86,173,87,52,53,139,210],"class_list":{"0":"post-258420","1":"product","2":"type-product","3":"status-publish","4":"has-post-thumbnail","6":"product_cat-nowosci","7":"product_cat-plaszcze-dluzsze","8":"product_tag-bezowo-szary-diagonal","9":"product_tag-cieply","10":"product_tag-dlugi-plaszcz-zimowy","11":"product_tag-do-polowy-lydki","12":"product_tag-dopasowany-kroj","13":"product_tag-dwurzedowy","14":"product_tag-dyplomatka","15":"product_tag-handmade","16":"product_tag-klasyczny","17":"product_tag-na-podszewce","18":"product_tag-nowosc","19":"product_tag-ocieplany","20":"product_tag-plaszcz-damski","21":"product_tag-plaszcz-damski-dlugi","22":"product_tag-plaszcz-damski-zimowy","23":"product_tag-plaszcz-dlugi","24":"product_tag-plaszcz-jesienny","25":"product_tag-plaszcz-na-guziki","26":"product_tag-plaszcz-ocieplany","27":"product_tag-plaszcz-w-jodelke","28":"product_tag-plaszcz-z-rewersem","29":"product_tag-plaszcz-zimowy","30":"product_tag-plaszcz-zimowy-ocieplany","31":"product_tag-polski-producent-plaszczy","32":"product_tag-produkt-premium","33":"product_tag-szylkretowe-guziki","34":"product_tag-welna","35":"product_tag-welna-dziewicza","36":"product_tag-za-kolano","38":"first","39":"instock","40":"shipping-taxable","41":"purchasable","42":"product-type-variable","43":"has-default-attributes"},"acf":[],"yoast_head":"<!-- This site is optimized with the Yoast SEO plugin v25.7 - https:\/\/yoast.com\/wordpress\/plugins\/seo\/ -->\n<title>P\u0142aszcz damski z be\u017cowo-szarego diagonalu z we\u0142ny i jedwabiu Lukka - Talia Fashion<\/title>\n<meta name=\"description\" content=\"P\u0142aszcz damski z be\u017cowo-szarego diagonalu z we\u0142ny i jedwabiu - szlachetne materia\u0142y, doskona\u0142e krawiectwo, ponadczasowy design. Zimowy p\u0142aszcz damski.\" \/>\n<meta name=\"robots\" content=\"index, follow, max-snippet:-1, max-image-preview:large, max-video-preview:-1\" \/>\n<link rel=\"canonical\" href=\"https:\/\/talia-fashion.pl\/en\/product\/plaszcz-damski-z-bezowo-szarego-diagonalu-z-welny-i-jedwabiu-lukka\/\" \/>\n<meta property=\"og:locale\" content=\"en_GB\" \/>\n<meta property=\"og:type\" content=\"article\" \/>\n<meta property=\"og:title\" content=\"P\u0142aszcz damski z be\u017cowo-szarego diagonalu z we\u0142ny i jedwabiu Lukka - Talia Fashion\" \/>\n<meta property=\"og:description\" content=\"P\u0142aszcz damski z be\u017cowo-szarego diagonalu z we\u0142ny i jedwabiu - szlachetne materia\u0142y, doskona\u0142e krawiectwo, ponadczasowy design. Zimowy p\u0142aszcz damski.\" \/>\n<meta property=\"og:url\" content=\"https:\/\/talia-fashion.pl\/en\/product\/plaszcz-damski-z-bezowo-szarego-diagonalu-z-welny-i-jedwabiu-lukka\/\" \/>\n<meta property=\"og:site_name\" content=\"Talia Fashion\" \/>\n<meta property=\"article:modified_time\" content=\"2026-03-18T08:37:52+00:00\" \/>\n<meta property=\"og:image\" content=\"https:\/\/talia-fashion.pl\/wp-content\/uploads\/2025\/11\/zimowy-dlugi-plaszcz-czekoladowy-diagonal.jpeg\" \/>\n\t<meta property=\"og:image:width\" content=\"1200\" \/>\n\t<meta property=\"og:image:height\" content=\"1600\" \/>\n\t<meta property=\"og:image:type\" content=\"image\/jpeg\" \/>\n<meta name=\"twitter:card\" content=\"summary_large_image\" \/>\n<meta name=\"twitter:label1\" content=\"Estimated reading time\" \/>\n\t<meta name=\"twitter:data1\" content=\"4 minutes\" \/>\n<script type=\"application\/ld+json\" class=\"yoast-schema-graph\">{\"@context\":\"https:\/\/schema.org\",\"@graph\":[{\"@type\":\"WebPage\",\"@id\":\"https:\/\/talia-fashion.pl\/produkt\/plaszcz-damski-z-bezowo-szarego-diagonalu-z-welny-i-jedwabiu-lukka\/\",\"url\":\"https:\/\/talia-fashion.pl\/produkt\/plaszcz-damski-z-bezowo-szarego-diagonalu-z-welny-i-jedwabiu-lukka\/\",\"name\":\"P\u0142aszcz damski z be\u017cowo-szarego diagonalu z we\u0142ny i jedwabiu Lukka - Talia Fashion\",\"isPartOf\":{\"@id\":\"https:\/\/talia-fashion.pl\/#website\"},\"primaryImageOfPage\":{\"@id\":\"https:\/\/talia-fashion.pl\/produkt\/plaszcz-damski-z-bezowo-szarego-diagonalu-z-welny-i-jedwabiu-lukka\/#primaryimage\"},\"image\":{\"@id\":\"https:\/\/talia-fashion.pl\/produkt\/plaszcz-damski-z-bezowo-szarego-diagonalu-z-welny-i-jedwabiu-lukka\/#primaryimage\"},\"thumbnailUrl\":\"https:\/\/talia-fashion.pl\/wp-content\/uploads\/2025\/11\/zimowy-dlugi-plaszcz-czekoladowy-diagonal.jpeg\",\"datePublished\":\"2025-08-29T13:00:34+00:00\",\"dateModified\":\"2026-03-18T08:37:52+00:00\",\"description\":\"P\u0142aszcz damski z be\u017cowo-szarego diagonalu z we\u0142ny i jedwabiu - szlachetne materia\u0142y, doskona\u0142e krawiectwo, ponadczasowy design. Zimowy p\u0142aszcz damski.\",\"breadcrumb\":{\"@id\":\"https:\/\/talia-fashion.pl\/produkt\/plaszcz-damski-z-bezowo-szarego-diagonalu-z-welny-i-jedwabiu-lukka\/#breadcrumb\"},\"inLanguage\":\"en-GB\",\"potentialAction\":[{\"@type\":\"ReadAction\",\"target\":[\"https:\/\/talia-fashion.pl\/produkt\/plaszcz-damski-z-bezowo-szarego-diagonalu-z-welny-i-jedwabiu-lukka\/\"]}]},{\"@type\":\"ImageObject\",\"inLanguage\":\"en-GB\",\"@id\":\"https:\/\/talia-fashion.pl\/produkt\/plaszcz-damski-z-bezowo-szarego-diagonalu-z-welny-i-jedwabiu-lukka\/#primaryimage\",\"url\":\"https:\/\/talia-fashion.pl\/wp-content\/uploads\/2025\/11\/zimowy-dlugi-plaszcz-czekoladowy-diagonal.jpeg\",\"contentUrl\":\"https:\/\/talia-fashion.pl\/wp-content\/uploads\/2025\/11\/zimowy-dlugi-plaszcz-czekoladowy-diagonal.jpeg\",\"width\":1200,\"height\":1600,\"caption\":\"Zimowy d\u0142ugi p\u0142aszcz z czekoladowego diagonalu. Klasyczny kr\u00f3j w nowoczesnej ods\u0142onie.\"},{\"@type\":\"BreadcrumbList\",\"@id\":\"https:\/\/talia-fashion.pl\/produkt\/plaszcz-damski-z-bezowo-szarego-diagonalu-z-welny-i-jedwabiu-lukka\/#breadcrumb\",\"itemListElement\":[{\"@type\":\"ListItem\",\"position\":1,\"name\":\"Strona g\u0142\u00f3wna\",\"item\":\"https:\/\/talia-fashion.pl\/\"},{\"@type\":\"ListItem\",\"position\":2,\"name\":\"Sklep\",\"item\":\"https:\/\/talia-fashion.pl\/sklep\/\"},{\"@type\":\"ListItem\",\"position\":3,\"name\":\"P\u0142aszcz damski z be\u017cowo-szarego diagonalu z we\u0142ny i jedwabiu Lukka\"}]},{\"@type\":\"WebSite\",\"@id\":\"https:\/\/talia-fashion.pl\/#website\",\"url\":\"https:\/\/talia-fashion.pl\/\",\"name\":\"Talia Fashion\",\"description\":\"\",\"potentialAction\":[{\"@type\":\"SearchAction\",\"target\":{\"@type\":\"EntryPoint\",\"urlTemplate\":\"https:\/\/talia-fashion.pl\/?s={search_term_string}\"},\"query-input\":{\"@type\":\"PropertyValueSpecification\",\"valueRequired\":true,\"valueName\":\"search_term_string\"}}],\"inLanguage\":\"en-GB\"}]}<\/script>\n<!-- \/ Yoast SEO plugin. -->","yoast_head_json":{"title":"P\u0142aszcz damski z be\u017cowo-szarego diagonalu z we\u0142ny i jedwabiu Lukka - Talia Fashion","description":"P\u0142aszcz damski z be\u017cowo-szarego diagonalu z we\u0142ny i jedwabiu - szlachetne materia\u0142y, doskona\u0142e krawiectwo, ponadczasowy design. Zimowy p\u0142aszcz damski.","robots":{"index":"index","follow":"follow","max-snippet":"max-snippet:-1","max-image-preview":"max-image-preview:large","max-video-preview":"max-video-preview:-1"},"canonical":"https:\/\/talia-fashion.pl\/en\/product\/plaszcz-damski-z-bezowo-szarego-diagonalu-z-welny-i-jedwabiu-lukka\/","og_locale":"en_GB","og_type":"article","og_title":"P\u0142aszcz damski z be\u017cowo-szarego diagonalu z we\u0142ny i jedwabiu Lukka - Talia Fashion","og_description":"P\u0142aszcz damski z be\u017cowo-szarego diagonalu z we\u0142ny i jedwabiu - szlachetne materia\u0142y, doskona\u0142e krawiectwo, ponadczasowy design. Zimowy p\u0142aszcz damski.","og_url":"https:\/\/talia-fashion.pl\/en\/product\/plaszcz-damski-z-bezowo-szarego-diagonalu-z-welny-i-jedwabiu-lukka\/","og_site_name":"Talia Fashion","article_modified_time":"2026-03-18T08:37:52+00:00","og_image":[{"width":1200,"height":1600,"url":"https:\/\/talia-fashion.pl\/wp-content\/uploads\/2025\/11\/zimowy-dlugi-plaszcz-czekoladowy-diagonal.jpeg","type":"image\/jpeg"}],"twitter_card":"summary_large_image","twitter_misc":{"Estimated reading time":"4 minutes"},"schema":{"@context":"https:\/\/schema.org","@graph":[{"@type":"WebPage","@id":"https:\/\/talia-fashion.pl\/produkt\/plaszcz-damski-z-bezowo-szarego-diagonalu-z-welny-i-jedwabiu-lukka\/","url":"https:\/\/talia-fashion.pl\/produkt\/plaszcz-damski-z-bezowo-szarego-diagonalu-z-welny-i-jedwabiu-lukka\/","name":"P\u0142aszcz damski z be\u017cowo-szarego diagonalu z we\u0142ny i jedwabiu Lukka - Talia Fashion","isPartOf":{"@id":"https:\/\/talia-fashion.pl\/#website"},"primaryImageOfPage":{"@id":"https:\/\/talia-fashion.pl\/produkt\/plaszcz-damski-z-bezowo-szarego-diagonalu-z-welny-i-jedwabiu-lukka\/#primaryimage"},"image":{"@id":"https:\/\/talia-fashion.pl\/produkt\/plaszcz-damski-z-bezowo-szarego-diagonalu-z-welny-i-jedwabiu-lukka\/#primaryimage"},"thumbnailUrl":"https:\/\/talia-fashion.pl\/wp-content\/uploads\/2025\/11\/zimowy-dlugi-plaszcz-czekoladowy-diagonal.jpeg","datePublished":"2025-08-29T13:00:34+00:00","dateModified":"2026-03-18T08:37:52+00:00","description":"P\u0142aszcz damski z be\u017cowo-szarego diagonalu z we\u0142ny i jedwabiu - szlachetne materia\u0142y, doskona\u0142e krawiectwo, ponadczasowy design. Zimowy p\u0142aszcz damski.","breadcrumb":{"@id":"https:\/\/talia-fashion.pl\/produkt\/plaszcz-damski-z-bezowo-szarego-diagonalu-z-welny-i-jedwabiu-lukka\/#breadcrumb"},"inLanguage":"en-GB","potentialAction":[{"@type":"ReadAction","target":["https:\/\/talia-fashion.pl\/produkt\/plaszcz-damski-z-bezowo-szarego-diagonalu-z-welny-i-jedwabiu-lukka\/"]}]},{"@type":"ImageObject","inLanguage":"en-GB","@id":"https:\/\/talia-fashion.pl\/produkt\/plaszcz-damski-z-bezowo-szarego-diagonalu-z-welny-i-jedwabiu-lukka\/#primaryimage","url":"https:\/\/talia-fashion.pl\/wp-content\/uploads\/2025\/11\/zimowy-dlugi-plaszcz-czekoladowy-diagonal.jpeg","contentUrl":"https:\/\/talia-fashion.pl\/wp-content\/uploads\/2025\/11\/zimowy-dlugi-plaszcz-czekoladowy-diagonal.jpeg","width":1200,"height":1600,"caption":"Zimowy d\u0142ugi p\u0142aszcz z czekoladowego diagonalu. Klasyczny kr\u00f3j w nowoczesnej ods\u0142onie."},{"@type":"BreadcrumbList","@id":"https:\/\/talia-fashion.pl\/produkt\/plaszcz-damski-z-bezowo-szarego-diagonalu-z-welny-i-jedwabiu-lukka\/#breadcrumb","itemListElement":[{"@type":"ListItem","position":1,"name":"Strona g\u0142\u00f3wna","item":"https:\/\/talia-fashion.pl\/"},{"@type":"ListItem","position":2,"name":"Sklep","item":"https:\/\/talia-fashion.pl\/sklep\/"},{"@type":"ListItem","position":3,"name":"P\u0142aszcz damski z be\u017cowo-szarego diagonalu z we\u0142ny i jedwabiu Lukka"}]},{"@type":"WebSite","@id":"https:\/\/talia-fashion.pl\/#website","url":"https:\/\/talia-fashion.pl\/","name":"Talia Fashion","description":"","potentialAction":[{"@type":"SearchAction","target":{"@type":"EntryPoint","urlTemplate":"https:\/\/talia-fashion.pl\/?s={search_term_string}"},"query-input":{"@type":"PropertyValueSpecification","valueRequired":true,"valueName":"search_term_string"}}],"inLanguage":"en-GB"}]}},"_links":{"self":[{"href":"https:\/\/talia-fashion.pl\/en\/wp-json\/wp\/v2\/product\/258420","targetHints":{"allow":["GET"]}}],"collection":[{"href":"https:\/\/talia-fashion.pl\/en\/wp-json\/wp\/v2\/product"}],"about":[{"href":"https:\/\/talia-fashion.pl\/en\/wp-json\/wp\/v2\/types\/product"}],"wp:featuredmedia":[{"embeddable":true,"href":"https:\/\/talia-fashion.pl\/en\/wp-json\/wp\/v2\/media\/260822"}],"wp:attachment":[{"href":"https:\/\/talia-fashion.pl\/en\/wp-json\/wp\/v2\/media?parent=258420"}],"wp:term":[{"taxonomy":"product_cat","embeddable":true,"href":"https:\/\/talia-fashion.pl\/en\/wp-json\/wp\/v2\/product_cat?post=258420"},{"taxonomy":"product_tag","embeddable":true,"href":"https:\/\/talia-fashion.pl\/en\/wp-json\/wp\/v2\/product_tag?post=258420"}],"curies":[{"name":"wp","href":"https:\/\/api.w.org\/{rel}","templated":true}]}}