{"id":258411,"date":"2025-08-29T13:34:22","date_gmt":"2025-08-29T11:34:22","guid":{"rendered":"https:\/\/talia-fashion.pl\/?post_type=product&#038;p=258411"},"modified":"2026-02-27T13:14:30","modified_gmt":"2026-02-27T12:14:30","slug":"dlugi-welniany-plaszcz-damski-w-delikatna-jodelke-lukka","status":"publish","type":"product","link":"https:\/\/talia-fashion.pl\/en\/product\/dlugi-welniany-plaszcz-damski-w-delikatna-jodelke-lukka\/","title":{"rendered":"Ladies' long woollen coat in fine herringbone Lucca"},"content":{"rendered":"<p>Ladies' long woollen coat in a delicate herringbone pattern Lucca is an insulated <strong>winter coat with a classic, timeless cut and pattern<\/strong>. It is waisted at the back and the front is profiled, making the coat very comfortable and although fitted, it does not drape over the silhouette. <strong>Belt<\/strong> Made from the same fabric as the coat, it allows you to further accentuate your waist. Tied at the back, like a trench coat, it will show off the sheer form of the coat. Two side drop-in pockets for added functionality. Slightly widened<strong> reverse flange<\/strong>. Raised - ideally wraps and protects from the wind and looks very stylish. <strong>Rear opening<\/strong>. <strong>Coat length to mid-calf<\/strong>. Double-breasted with buttons. Fully lined model. Additionally <strong>insulated<\/strong>Also in the sleeves. Ideal for autumn and winter chills.<\/p>\n<p><span lang=\"DE\">We have designed the ladies' long wool coat in a delicate herringbone Lucca to <strong>adds chic and character<\/strong>while allowing easy <strong>matching it with more casual outfits<\/strong>. Simply swapping a white shirt, wide fabric trousers for a sporty hoodie, jeans or a knitted dress can give it a metamorphosis.\u00a0<\/span><\/p>\n<p>Noteworthy <strong>herringbone pattern<\/strong>which ensures that the coat will never go out of fashion. We also deliberately chose the colour of the<strong> grey<\/strong>which has been insulated <strong>beige<\/strong> thread, and in some places woven in such a way that the pattern blurs. Some also see silver and blue there. The irregularity of the pattern makes each coat unique and no two are the same.<\/p>\n<p>Premium product. Made from the highest quality materials, using traditional tailoring techniques. Refined in every detail - from cut to finish to functionality. Available in limited quantities only.<\/p>\n<p>We invite you to take a look at our guidelines <a href=\"https:\/\/talia-fashion.pl\/en\/jak-dobrac-plaszcz-do-sylwetki\/\">How do you choose a coat to suit your figure?<\/a><\/p>\n<p><span lang=\"DE\">Actual photo - herringbone grey and beige delicate<\/span><\/p>\n<p>Available colours<span lang=\"DE\">grey-beige fine herringbone, graphite fine herringbone<\/span><\/p>\n<p><span lang=\"DE\">Available sizes: XS, S, M, L, XL<br \/>\n<\/span><\/p>\n<p><span lang=\"DE\">Indicative dimensions:<\/span><\/p>\n<p><span lang=\"DE\">XS - bust: 86-88 \/ hips 94-96 \/ length: 118 \/ arms 34.5-35 \/ sleeve 61<br \/>\nS - bust: 90-92 \/ hips: 98-100 \/ length: 118\/ shoulders 35.5-36 \/ sleeve: 62<br \/>\nM - bust: 94-96 \/ hips: 102-104 \/ length: 118 \/ shoulders 37.5 \/ sleeve: 62<br \/>\nL - bust: 98-100 \/ hips: 106-108 \/ length: 119 \/ shoulders 39.5-40 \/ sleeve: 63<br \/>\nXL - bust: 104-106 \/ hips: 112-114 \/ length: 119 \/ shoulders 42-42.5 \/ sleeve: 64<\/span><\/p>\n<p><span lang=\"DE\">If you are unsure of your size selection, please contact us.<\/span><\/p>\n<p>Herringbone material: 80% virgin wool, 20% polyamide<\/p>\n<p>Lining: 50% viscose, 50% acetate<\/p>\n<p>Like viscose, acetate is produced from cellulose. Acetate yarn can also be made from recycled cellulose such as paper. The acetate lining is excellent at absorbing moisture and allowing air to pass through, so it wears well. It is coated with an antistatic apprettee and is OEKOtex\u00ae Standard 100 certified.<\/p>\n<p>Insulation: 100% non-woven recycled polyester<br \/>\nOur coats are insulated with a compressed thermo-insulating quilted fleece on the lining. The fleece is made from recycled polyester fibres. The material is lightweight, thin and at the same time perfectly insulating. The insulating fleece we use is resistant to moisture (it retains its insulating properties and warming effect even in damp conditions), stops the wind, is hypoallergenic and breathable. It is OEKOtex\u00ae Standard 100 certified.<\/p>\n<p>Ladies' long wool coat in delicate herringbone Lucca should be dry-cleaned. For home wool cleaning we recommend <a href=\"https:\/\/talia-fashion.pl\/en\/product\/szczotka-do-czyszczenia-i-pielegnacji-plaszcza\/\">Brush for cleaning and care of the coat,<\/a> which can be purchased in our shop. What to do to enjoy your coat indefinitely is suggested under <a href=\"https:\/\/talia-fashion.pl\/en\/jak-pielegnowac-i-dbac-o-plaszcz\/\">How to care for and maintain coats<\/a>. <strong>By taking care of your clothing you are at the same time taking care of the environment. <\/strong><\/p>\n<p>On special request, we can make small modifications, such as shortening or lengthening the sleeve, shortening or lengthening the coat. Such modifications give the order a status of <strong>Individual order. <\/strong>Individual order<strong> is not exchangeable or refundable. <\/strong>All personalisations are agreed and priced separately. Please contact us by email.<\/p>\n<p><span lang=\"DE\">The lead time depends on the company's current stock and the availability of a given fabric colour. If a given coat is available in the company, the order will be realised very quickly - 2-5 working days. If individualisation of the order is necessary - making alterations or sewing a new coat - the lead time may be extended to a maximum of 2 weeks.<\/span><\/p>\n<p>We are a family-run workshop where we practice traditional tailoring. We minimise waste and avoid overproduction, so we do not sew coats for stock. We therefore ask for your patience as we need to sew this coat for you.<\/p>\n<p>We encourage you to like our fanpage on <a href=\"https:\/\/www.facebook.com\/talia.plaszcze\">Facebook<\/a>.<\/p>","protected":false},"excerpt":{"rendered":"<p>Ladies' long woollen coat in a delicate herringbone pattern Lucca is an insulated <strong>winter coat with a classic, timeless cut and pattern<\/strong>.<\/p>","protected":false},"featured_media":258903,"template":"","meta":{"_acf_changed":false},"product_cat":[31,36],"product_tag":[372,89,276,119,209,32,33,37,34,39,41,42,67,43,44,91,45,68,47,75,122,181,50,95,86,173,87,53,139,210],"class_list":{"0":"post-258411","1":"product","2":"type-product","3":"status-publish","4":"has-post-thumbnail","6":"product_cat-nowosci","7":"product_cat-plaszcze-dluzsze","8":"product_tag-british-core","9":"product_tag-cieply","10":"product_tag-czarno-biala-jodelka","11":"product_tag-dlugi-plaszcz-zimowy","12":"product_tag-do-polowy-lydki","13":"product_tag-dopasowany-kroj","14":"product_tag-dwurzedowy","15":"product_tag-dyplomatka","16":"product_tag-handmade","17":"product_tag-klasyczny","18":"product_tag-na-podszewce","19":"product_tag-nowosc","20":"product_tag-ocieplany","21":"product_tag-plaszcz-damski","22":"product_tag-plaszcz-damski-dlugi","23":"product_tag-plaszcz-damski-zimowy","24":"product_tag-plaszcz-dlugi","25":"product_tag-plaszcz-jesienny","26":"product_tag-plaszcz-na-guziki","27":"product_tag-plaszcz-ocieplany","28":"product_tag-plaszcz-szlafrokowy","29":"product_tag-plaszcz-w-jodelke","30":"product_tag-plaszcz-z-rewersem","31":"product_tag-plaszcz-zimowy","32":"product_tag-plaszcz-zimowy-ocieplany","33":"product_tag-polski-producent-plaszczy","34":"product_tag-produkt-premium","35":"product_tag-welna","36":"product_tag-welna-dziewicza","37":"product_tag-za-kolano","39":"first","40":"instock","41":"shipping-taxable","42":"purchasable","43":"product-type-variable","44":"has-default-attributes"},"acf":[],"yoast_head":"<!-- This site is optimized with the Yoast SEO plugin v25.7 - https:\/\/yoast.com\/wordpress\/plugins\/seo\/ -->\n<title>D\u0142ugi we\u0142niany p\u0142aszcz damski w delikatn\u0105 jode\u0142k\u0119 Lukka - Talia Fashion polska moda<\/title>\n<meta name=\"description\" content=\"D\u0142ugi we\u0142niany p\u0142aszcz damski w delikatn\u0105 jode\u0142k\u0119 to nowoczena klasyka. Ponadczasowy wz\u00f3r i kr\u00f3j p\u0142aszcza. Wysoka jako\u015b\u0107. Ekskluzywne p\u0142aszcze damskie.\" \/>\n<meta name=\"robots\" content=\"index, follow, max-snippet:-1, max-image-preview:large, max-video-preview:-1\" \/>\n<link rel=\"canonical\" href=\"https:\/\/talia-fashion.pl\/en\/product\/dlugi-welniany-plaszcz-damski-w-delikatna-jodelke-lukka\/\" \/>\n<meta property=\"og:locale\" content=\"en_GB\" \/>\n<meta property=\"og:type\" content=\"article\" \/>\n<meta property=\"og:title\" content=\"D\u0142ugi we\u0142niany p\u0142aszcz damski w delikatn\u0105 jode\u0142k\u0119 Lukka - Talia Fashion polska moda\" \/>\n<meta property=\"og:description\" content=\"D\u0142ugi we\u0142niany p\u0142aszcz damski w delikatn\u0105 jode\u0142k\u0119 to nowoczena klasyka. Ponadczasowy wz\u00f3r i kr\u00f3j p\u0142aszcza. Wysoka jako\u015b\u0107. Ekskluzywne p\u0142aszcze damskie.\" \/>\n<meta property=\"og:url\" content=\"https:\/\/talia-fashion.pl\/en\/product\/dlugi-welniany-plaszcz-damski-w-delikatna-jodelke-lukka\/\" \/>\n<meta property=\"og:site_name\" content=\"Talia Fashion\" \/>\n<meta property=\"article:modified_time\" content=\"2026-02-27T12:14:30+00:00\" \/>\n<meta property=\"og:image\" content=\"https:\/\/talia-fashion.pl\/wp-content\/uploads\/2025\/08\/dlugi-welniany-plaszcz-damski-w-jodelke-melanz-quiet-luxury.jpg\" \/>\n\t<meta property=\"og:image:width\" content=\"1300\" \/>\n\t<meta property=\"og:image:height\" content=\"1733\" \/>\n\t<meta property=\"og:image:type\" content=\"image\/jpeg\" \/>\n<meta name=\"twitter:card\" content=\"summary_large_image\" \/>\n<meta name=\"twitter:label1\" content=\"Estimated reading time\" \/>\n\t<meta name=\"twitter:data1\" content=\"4 minutes\" \/>\n<script type=\"application\/ld+json\" class=\"yoast-schema-graph\">{\"@context\":\"https:\/\/schema.org\",\"@graph\":[{\"@type\":\"WebPage\",\"@id\":\"https:\/\/talia-fashion.pl\/produkt\/dlugi-welniany-plaszcz-damski-w-delikatna-jodelke-lukka\/\",\"url\":\"https:\/\/talia-fashion.pl\/produkt\/dlugi-welniany-plaszcz-damski-w-delikatna-jodelke-lukka\/\",\"name\":\"D\u0142ugi we\u0142niany p\u0142aszcz damski w delikatn\u0105 jode\u0142k\u0119 Lukka - Talia Fashion polska moda\",\"isPartOf\":{\"@id\":\"https:\/\/talia-fashion.pl\/#website\"},\"primaryImageOfPage\":{\"@id\":\"https:\/\/talia-fashion.pl\/produkt\/dlugi-welniany-plaszcz-damski-w-delikatna-jodelke-lukka\/#primaryimage\"},\"image\":{\"@id\":\"https:\/\/talia-fashion.pl\/produkt\/dlugi-welniany-plaszcz-damski-w-delikatna-jodelke-lukka\/#primaryimage\"},\"thumbnailUrl\":\"https:\/\/talia-fashion.pl\/wp-content\/uploads\/2025\/08\/dlugi-welniany-plaszcz-damski-w-jodelke-melanz-quiet-luxury.jpg\",\"datePublished\":\"2025-08-29T11:34:22+00:00\",\"dateModified\":\"2026-02-27T12:14:30+00:00\",\"description\":\"D\u0142ugi we\u0142niany p\u0142aszcz damski w delikatn\u0105 jode\u0142k\u0119 to nowoczena klasyka. Ponadczasowy wz\u00f3r i kr\u00f3j p\u0142aszcza. Wysoka jako\u015b\u0107. Ekskluzywne p\u0142aszcze damskie.\",\"breadcrumb\":{\"@id\":\"https:\/\/talia-fashion.pl\/produkt\/dlugi-welniany-plaszcz-damski-w-delikatna-jodelke-lukka\/#breadcrumb\"},\"inLanguage\":\"en-GB\",\"potentialAction\":[{\"@type\":\"ReadAction\",\"target\":[\"https:\/\/talia-fashion.pl\/produkt\/dlugi-welniany-plaszcz-damski-w-delikatna-jodelke-lukka\/\"]}]},{\"@type\":\"ImageObject\",\"inLanguage\":\"en-GB\",\"@id\":\"https:\/\/talia-fashion.pl\/produkt\/dlugi-welniany-plaszcz-damski-w-delikatna-jodelke-lukka\/#primaryimage\",\"url\":\"https:\/\/talia-fashion.pl\/wp-content\/uploads\/2025\/08\/dlugi-welniany-plaszcz-damski-w-jodelke-melanz-quiet-luxury.jpg\",\"contentUrl\":\"https:\/\/talia-fashion.pl\/wp-content\/uploads\/2025\/08\/dlugi-welniany-plaszcz-damski-w-jodelke-melanz-quiet-luxury.jpg\",\"width\":1300,\"height\":1733,\"caption\":\"D\u0142ugi we\u0142niany p\u0142aszcz damski - klasyczny kr\u00f3j i wz\u00f3r. Mi\u0119kki we\u0142niany materia\u0142. Cichy luksus.\"},{\"@type\":\"BreadcrumbList\",\"@id\":\"https:\/\/talia-fashion.pl\/produkt\/dlugi-welniany-plaszcz-damski-w-delikatna-jodelke-lukka\/#breadcrumb\",\"itemListElement\":[{\"@type\":\"ListItem\",\"position\":1,\"name\":\"Strona g\u0142\u00f3wna\",\"item\":\"https:\/\/talia-fashion.pl\/\"},{\"@type\":\"ListItem\",\"position\":2,\"name\":\"Sklep\",\"item\":\"https:\/\/talia-fashion.pl\/sklep\/\"},{\"@type\":\"ListItem\",\"position\":3,\"name\":\"D\u0142ugi we\u0142niany p\u0142aszcz damski w delikatn\u0105 jode\u0142k\u0119 Lukka\"}]},{\"@type\":\"WebSite\",\"@id\":\"https:\/\/talia-fashion.pl\/#website\",\"url\":\"https:\/\/talia-fashion.pl\/\",\"name\":\"Talia Fashion\",\"description\":\"\",\"potentialAction\":[{\"@type\":\"SearchAction\",\"target\":{\"@type\":\"EntryPoint\",\"urlTemplate\":\"https:\/\/talia-fashion.pl\/?s={search_term_string}\"},\"query-input\":{\"@type\":\"PropertyValueSpecification\",\"valueRequired\":true,\"valueName\":\"search_term_string\"}}],\"inLanguage\":\"en-GB\"}]}<\/script>\n<!-- \/ Yoast SEO plugin. -->","yoast_head_json":{"title":"D\u0142ugi we\u0142niany p\u0142aszcz damski w delikatn\u0105 jode\u0142k\u0119 Lukka - Talia Fashion polska moda","description":"D\u0142ugi we\u0142niany p\u0142aszcz damski w delikatn\u0105 jode\u0142k\u0119 to nowoczena klasyka. Ponadczasowy wz\u00f3r i kr\u00f3j p\u0142aszcza. Wysoka jako\u015b\u0107. Ekskluzywne p\u0142aszcze damskie.","robots":{"index":"index","follow":"follow","max-snippet":"max-snippet:-1","max-image-preview":"max-image-preview:large","max-video-preview":"max-video-preview:-1"},"canonical":"https:\/\/talia-fashion.pl\/en\/product\/dlugi-welniany-plaszcz-damski-w-delikatna-jodelke-lukka\/","og_locale":"en_GB","og_type":"article","og_title":"D\u0142ugi we\u0142niany p\u0142aszcz damski w delikatn\u0105 jode\u0142k\u0119 Lukka - Talia Fashion polska moda","og_description":"D\u0142ugi we\u0142niany p\u0142aszcz damski w delikatn\u0105 jode\u0142k\u0119 to nowoczena klasyka. Ponadczasowy wz\u00f3r i kr\u00f3j p\u0142aszcza. Wysoka jako\u015b\u0107. Ekskluzywne p\u0142aszcze damskie.","og_url":"https:\/\/talia-fashion.pl\/en\/product\/dlugi-welniany-plaszcz-damski-w-delikatna-jodelke-lukka\/","og_site_name":"Talia Fashion","article_modified_time":"2026-02-27T12:14:30+00:00","og_image":[{"width":1300,"height":1733,"url":"https:\/\/talia-fashion.pl\/wp-content\/uploads\/2025\/08\/dlugi-welniany-plaszcz-damski-w-jodelke-melanz-quiet-luxury.jpg","type":"image\/jpeg"}],"twitter_card":"summary_large_image","twitter_misc":{"Estimated reading time":"4 minutes"},"schema":{"@context":"https:\/\/schema.org","@graph":[{"@type":"WebPage","@id":"https:\/\/talia-fashion.pl\/produkt\/dlugi-welniany-plaszcz-damski-w-delikatna-jodelke-lukka\/","url":"https:\/\/talia-fashion.pl\/produkt\/dlugi-welniany-plaszcz-damski-w-delikatna-jodelke-lukka\/","name":"D\u0142ugi we\u0142niany p\u0142aszcz damski w delikatn\u0105 jode\u0142k\u0119 Lukka - Talia Fashion polska moda","isPartOf":{"@id":"https:\/\/talia-fashion.pl\/#website"},"primaryImageOfPage":{"@id":"https:\/\/talia-fashion.pl\/produkt\/dlugi-welniany-plaszcz-damski-w-delikatna-jodelke-lukka\/#primaryimage"},"image":{"@id":"https:\/\/talia-fashion.pl\/produkt\/dlugi-welniany-plaszcz-damski-w-delikatna-jodelke-lukka\/#primaryimage"},"thumbnailUrl":"https:\/\/talia-fashion.pl\/wp-content\/uploads\/2025\/08\/dlugi-welniany-plaszcz-damski-w-jodelke-melanz-quiet-luxury.jpg","datePublished":"2025-08-29T11:34:22+00:00","dateModified":"2026-02-27T12:14:30+00:00","description":"D\u0142ugi we\u0142niany p\u0142aszcz damski w delikatn\u0105 jode\u0142k\u0119 to nowoczena klasyka. Ponadczasowy wz\u00f3r i kr\u00f3j p\u0142aszcza. Wysoka jako\u015b\u0107. Ekskluzywne p\u0142aszcze damskie.","breadcrumb":{"@id":"https:\/\/talia-fashion.pl\/produkt\/dlugi-welniany-plaszcz-damski-w-delikatna-jodelke-lukka\/#breadcrumb"},"inLanguage":"en-GB","potentialAction":[{"@type":"ReadAction","target":["https:\/\/talia-fashion.pl\/produkt\/dlugi-welniany-plaszcz-damski-w-delikatna-jodelke-lukka\/"]}]},{"@type":"ImageObject","inLanguage":"en-GB","@id":"https:\/\/talia-fashion.pl\/produkt\/dlugi-welniany-plaszcz-damski-w-delikatna-jodelke-lukka\/#primaryimage","url":"https:\/\/talia-fashion.pl\/wp-content\/uploads\/2025\/08\/dlugi-welniany-plaszcz-damski-w-jodelke-melanz-quiet-luxury.jpg","contentUrl":"https:\/\/talia-fashion.pl\/wp-content\/uploads\/2025\/08\/dlugi-welniany-plaszcz-damski-w-jodelke-melanz-quiet-luxury.jpg","width":1300,"height":1733,"caption":"D\u0142ugi we\u0142niany p\u0142aszcz damski - klasyczny kr\u00f3j i wz\u00f3r. Mi\u0119kki we\u0142niany materia\u0142. Cichy luksus."},{"@type":"BreadcrumbList","@id":"https:\/\/talia-fashion.pl\/produkt\/dlugi-welniany-plaszcz-damski-w-delikatna-jodelke-lukka\/#breadcrumb","itemListElement":[{"@type":"ListItem","position":1,"name":"Strona g\u0142\u00f3wna","item":"https:\/\/talia-fashion.pl\/"},{"@type":"ListItem","position":2,"name":"Sklep","item":"https:\/\/talia-fashion.pl\/sklep\/"},{"@type":"ListItem","position":3,"name":"D\u0142ugi we\u0142niany p\u0142aszcz damski w delikatn\u0105 jode\u0142k\u0119 Lukka"}]},{"@type":"WebSite","@id":"https:\/\/talia-fashion.pl\/#website","url":"https:\/\/talia-fashion.pl\/","name":"Talia Fashion","description":"","potentialAction":[{"@type":"SearchAction","target":{"@type":"EntryPoint","urlTemplate":"https:\/\/talia-fashion.pl\/?s={search_term_string}"},"query-input":{"@type":"PropertyValueSpecification","valueRequired":true,"valueName":"search_term_string"}}],"inLanguage":"en-GB"}]}},"_links":{"self":[{"href":"https:\/\/talia-fashion.pl\/en\/wp-json\/wp\/v2\/product\/258411","targetHints":{"allow":["GET"]}}],"collection":[{"href":"https:\/\/talia-fashion.pl\/en\/wp-json\/wp\/v2\/product"}],"about":[{"href":"https:\/\/talia-fashion.pl\/en\/wp-json\/wp\/v2\/types\/product"}],"wp:featuredmedia":[{"embeddable":true,"href":"https:\/\/talia-fashion.pl\/en\/wp-json\/wp\/v2\/media\/258903"}],"wp:attachment":[{"href":"https:\/\/talia-fashion.pl\/en\/wp-json\/wp\/v2\/media?parent=258411"}],"wp:term":[{"taxonomy":"product_cat","embeddable":true,"href":"https:\/\/talia-fashion.pl\/en\/wp-json\/wp\/v2\/product_cat?post=258411"},{"taxonomy":"product_tag","embeddable":true,"href":"https:\/\/talia-fashion.pl\/en\/wp-json\/wp\/v2\/product_tag?post=258411"}],"curies":[{"name":"wp","href":"https:\/\/api.w.org\/{rel}","templated":true}]}}