{"id":258400,"date":"2025-08-28T14:25:18","date_gmt":"2025-08-28T12:25:18","guid":{"rendered":"https:\/\/talia-fashion.pl\/?post_type=product&#038;p=258400"},"modified":"2026-02-12T16:57:30","modified_gmt":"2026-02-12T15:57:30","slug":"kremowo-bezowy-welniany-plaszcz-z-tkaniny-strukturalnej-como","status":"publish","type":"product","link":"https:\/\/talia-fashion.pl\/en\/product\/kremowo-bezowy-welniany-plaszcz-z-tkaniny-strukturalnej-como\/","title":{"rendered":"Cream and beige wool coat in structured fabric Como"},"content":{"rendered":"<p><span lang=\"DE\">Como's cream and beige structured wool coat is a <strong>minimalist<\/strong> and iconic model in <strong>timeless cut<\/strong> and colour. <strong>Long, fitted and warm<\/strong>. You can confidently start building your capsule wardrobe with this model. Alongside the black colour, this <strong>k<\/strong><span data-huuid=\"12072263327807152759\"><strong>rem-beige coat is the most versatile<\/strong> and goes with almost everything, creating harmonious or contrasting styles. <\/span><\/span><span lang=\"DE\">Made from a beautifully soft, predominantly wool fabric with a fine texture created by complex weaves. <\/span><span lang=\"DE\">The front of the coat has been additionally lined with very fine glue, stabilising the fibres and emphasising the properties and nobility of the fabric. <\/span><\/p>\n<p><span lang=\"DE\">The coat has classic sewn-in sleeves and a padded collar with lapels. <strong>Waisted back with opening<\/strong>, profiled front, double-breasted button fastening. Two side slit pockets. And all tied with a belt, sewn from the same fabric. Mid-calf length. Full coat <strong>insulated<\/strong>including the sleeves. The waistband will build up the waist perfectly and the raised collar will protect against the wind. The woollen fabric will provide optimum thermal comfort, protecting against the cold and damp.<br \/>\n<\/span><\/p>\n<p>Como's cream and beige structured wool coat is the quintessential <strong>modern elegance<\/strong> with a hint of everyday <strong>comfort<\/strong>. Its <strong>neutral shade and noble texture<\/strong> make it easily adaptable to a wide range of styles - from timeless classics to casual, urban chic. It is equally at home with a midi dress, suede boots and a hat as it is with your favourite jeans, sock boots and a chunky woollen beanie. This is the type of garment that does not dominate the styling - but gives it a distinctive character. The uniqueness of this model is also evidenced by <strong>decorative lining<\/strong>. Although invisible at first glance, it provides a quiet touch of refined craftsmanship. And you will feel <strong>luxuriously<\/strong>.<\/p>\n<p>Como's cream and beige structured wool coat is designed to <strong>slimming and optically elongating the silhouette<\/strong>. Its clean lines, thoughtful cut and solid colour harmoniously model the proportions without overwhelming the figure. The length of the coat works to the advantage of even shorter figures - it adds lightness and gives the impression of verticality. A similar effect can be achieved by wearing it unbuttoned or tied loosely at the back. Paired with heeled shoes, it discreetly emphasises the leg line and adds to the impression of elegant lightness. More such highlights can be found in our style guide: <a href=\"https:\/\/talia-fashion.pl\/en\/jak-dobrac-plaszcz-do-sylwetki\/\">How do you choose a coat to suit your figure?<\/a><\/p>\n<p><span lang=\"DE\">Actual photo - cream and beige<\/span><\/p>\n<p>The model is 172cm tall and a size S.<\/p>\n<p>Available colours<span lang=\"DE\">: cream and beige<\/span><\/p>\n<p><span lang=\"DE\">The colours of the fabrics are presented in the different coat cuts, in the other auctions and in the\u00a0<a href=\"https:\/\/talia-fashion.pl\/en\/paleta-kolorow\/\">colour palette<\/a>. If in doubt about the colour, please contact us.<\/span><\/p>\n<p><span lang=\"DE\">Available sizes: XS, S, M, L, XL<\/span><\/p>\n<p><span lang=\"DE\">Indicative dimensions:<\/span><\/p>\n<p><span lang=\"DE\">XS - bust: 86-88 \/ hips 94-96 \/ length: 117 \/ sleeve 61<br \/>\nS - bust: 90-92 \/ hips: 98-100 \/ length: 118 \/ sleeve: 62<br \/>\nM - bust: 94-96 \/ hips: 102-104 \/ length: 118\/ sleeve: 62<br \/>\nL - bust: 98-100 \/ hips: 106-108 \/ length: 119 \/ sleeve: 63<br \/>\nXL - bust: 104-106 \/ hips: 112-114 \/ length: 120 \/ sleeve: 64<\/span><\/p>\n<p><span lang=\"DE\">If you are unsure of your size selection, please contact us.<\/span><\/p>\n<p><span lang=\"DE\">Material: 8<\/span><span lang=\"DE\">0% wool, 20% polyamide<br \/>\n<\/span><\/p>\n<p>Lining: 100% viscose<\/p>\n<p>Insulation: 100% non-woven recycled polyester<br \/>\nOur coats are insulated with a compressed thermo-insulating quilted fleece on the lining. The fleece is made from recycled polyester fibres. The material is lightweight, thin and at the same time perfectly insulating. The insulating fleece we use is resistant to moisture (it retains its insulating properties and warming effect even in damp conditions), stops the wind, is hypoallergenic and breathable. It is OEKOtex\u00ae Standard 100 certified.<\/p>\n<p>Como's cream and beige structured wool coat was created in a <strong>our family workshop, where each model is sewn with exceptional care<\/strong>. We offer the possibility of certain modifications at the client's request - we offer shortening or lengthening the sleeves and the length of the entire coat. The cost of such modifications is determined individually, after prior contact. <strong>A personalised order is not exchangeable or returnable.<\/strong><\/p>\n<p><span lang=\"DE\">The lead time depends on the current stock in the atelier and the availability of a given colour of fabric. If the coat is sewn, the order will be processed very quickly - 2-5 working days. If it is necessary to sew the coat or to individualise the order according to the customer's specifications - making alterations or sewing a new coat - the lead time may be extended, up to a maximum of 2 weeks. Please be patient, we need to sew this coat for you.<\/span><\/p>\n<p>The coat should be dry-cleaned. For frequent refreshing of the coat we recommend the following <a href=\"https:\/\/talia-fashion.pl\/en\/product\/szczotka-do-czyszczenia-i-pielegnacji-plaszcza\/\">Brush for cleaning and care of the coat<\/a>available in our shop. We also encourage you to read our tips on proper care: <a href=\"https:\/\/talia-fashion.pl\/en\/jak-pielegnowac-i-dbac-o-plaszcz\/\">How to care for and maintain coats? \u00a0<\/a>Frequent airing and gentle cleaning with a brush is an effective and gentle way to keep coats in perfect condition. This method is not only safe for the fabrics, but also reduces water and energy consumption. By taking care of your clothes, you also support environmental protection.<\/p>\n<p>We encourage you to like our fanpage on\u00a0<a href=\"https:\/\/www.facebook.com\/talia.plaszcze\">Facebook<\/a>\u00a0i\u00a0<a href=\"https:\/\/www.instagram.com\/talia_plaszcze\/\">Instagram<\/a><\/p>","protected":false},"excerpt":{"rendered":"<p>Como's cream and beige structured wool coat is the quintessential <strong>modern elegance<\/strong> with a hint of everyday <strong>comfort<\/strong>.<\/p>","protected":false},"featured_media":258723,"template":"","meta":{"_acf_changed":false},"product_cat":[31,36],"product_tag":[89,78,119,32,37,58,34,121,41,81,42,67,305,109,43,44,251,47,75,122,86,123,124,125,60,363,53,63,88,126],"class_list":{"0":"post-258400","1":"product","2":"type-product","3":"status-publish","4":"has-post-thumbnail","6":"product_cat-nowosci","7":"product_cat-plaszcze-dluzsze","8":"product_tag-cieply","9":"product_tag-dla-roznych-sylwetek","10":"product_tag-dlugi-plaszcz-zimowy","11":"product_tag-dopasowany-kroj","12":"product_tag-dyplomatka","13":"product_tag-dyplomatka-dwurzedowa","14":"product_tag-handmade","15":"product_tag-materialy-przyjazne-dla-srodowiska","16":"product_tag-na-podszewce","17":"product_tag-naturalne-materialy","18":"product_tag-nowosc","19":"product_tag-ocieplany","20":"product_tag-plaszcz-bezowy","21":"product_tag-plaszcz-camel","22":"product_tag-plaszcz-damski","23":"product_tag-plaszcz-damski-dlugi","24":"product_tag-plaszcz-kremowy","25":"product_tag-plaszcz-na-guziki","26":"product_tag-plaszcz-ocieplany","27":"product_tag-plaszcz-szlafrokowy","28":"product_tag-plaszcz-zimowy-ocieplany","29":"product_tag-plaszcze-damskie","30":"product_tag-polska-marka","31":"product_tag-polskie-rzemioslo","32":"product_tag-producent-plaszczy-damskich","33":"product_tag-tkanina-strukturalna","34":"product_tag-welna","35":"product_tag-welniany","36":"product_tag-wiazany","37":"product_tag-wysoka-jakosc","39":"first","40":"instock","41":"shipping-taxable","42":"purchasable","43":"product-type-variable","44":"has-default-attributes"},"acf":[],"yoast_head":"<!-- This site is optimized with the Yoast SEO plugin v25.7 - https:\/\/yoast.com\/wordpress\/plugins\/seo\/ -->\n<title>Kremowo-be\u017cowy we\u0142niany p\u0142aszcz z tkaniny strukturalnej Como - Talia Fashion<\/title>\n<meta name=\"description\" content=\"Kremowo-be\u017cowy we\u0142niany p\u0142aszcz z tkaniny strukturalnej - dyskretne wyrafinowanie, doskona\u0142a jako\u015b\u0107, szlachetna tkanina, minimalizm i uniwersalny kolor.\" \/>\n<meta name=\"robots\" content=\"index, follow, max-snippet:-1, max-image-preview:large, max-video-preview:-1\" \/>\n<link rel=\"canonical\" href=\"https:\/\/talia-fashion.pl\/en\/product\/kremowo-bezowy-welniany-plaszcz-z-tkaniny-strukturalnej-como\/\" \/>\n<meta property=\"og:locale\" content=\"en_GB\" \/>\n<meta property=\"og:type\" content=\"article\" \/>\n<meta property=\"og:title\" content=\"Kremowo-be\u017cowy we\u0142niany p\u0142aszcz z tkaniny strukturalnej Como - Talia Fashion\" \/>\n<meta property=\"og:description\" content=\"Kremowo-be\u017cowy we\u0142niany p\u0142aszcz z tkaniny strukturalnej - dyskretne wyrafinowanie, doskona\u0142a jako\u015b\u0107, szlachetna tkanina, minimalizm i uniwersalny kolor.\" \/>\n<meta property=\"og:url\" content=\"https:\/\/talia-fashion.pl\/en\/product\/kremowo-bezowy-welniany-plaszcz-z-tkaniny-strukturalnej-como\/\" \/>\n<meta property=\"og:site_name\" content=\"Talia Fashion\" \/>\n<meta property=\"article:modified_time\" content=\"2026-02-12T15:57:30+00:00\" \/>\n<meta property=\"og:image\" content=\"https:\/\/talia-fashion.pl\/wp-content\/uploads\/2025\/08\/kremowo-bezowy-plaszcz-welniany-tkanina-strukturalna-dyplomatka.jpg\" \/>\n\t<meta property=\"og:image:width\" content=\"1300\" \/>\n\t<meta property=\"og:image:height\" content=\"1734\" \/>\n\t<meta property=\"og:image:type\" content=\"image\/jpeg\" \/>\n<meta name=\"twitter:card\" content=\"summary_large_image\" \/>\n<meta name=\"twitter:label1\" content=\"Estimated reading time\" \/>\n\t<meta name=\"twitter:data1\" content=\"4 minutes\" \/>\n<script type=\"application\/ld+json\" class=\"yoast-schema-graph\">{\"@context\":\"https:\/\/schema.org\",\"@graph\":[{\"@type\":\"WebPage\",\"@id\":\"https:\/\/talia-fashion.pl\/produkt\/kremowo-bezowy-welniany-plaszcz-z-tkaniny-strukturalnej-como\/\",\"url\":\"https:\/\/talia-fashion.pl\/produkt\/kremowo-bezowy-welniany-plaszcz-z-tkaniny-strukturalnej-como\/\",\"name\":\"Kremowo-be\u017cowy we\u0142niany p\u0142aszcz z tkaniny strukturalnej Como - Talia Fashion\",\"isPartOf\":{\"@id\":\"https:\/\/talia-fashion.pl\/#website\"},\"primaryImageOfPage\":{\"@id\":\"https:\/\/talia-fashion.pl\/produkt\/kremowo-bezowy-welniany-plaszcz-z-tkaniny-strukturalnej-como\/#primaryimage\"},\"image\":{\"@id\":\"https:\/\/talia-fashion.pl\/produkt\/kremowo-bezowy-welniany-plaszcz-z-tkaniny-strukturalnej-como\/#primaryimage\"},\"thumbnailUrl\":\"https:\/\/talia-fashion.pl\/wp-content\/uploads\/2025\/08\/kremowo-bezowy-plaszcz-welniany-tkanina-strukturalna-dyplomatka.jpg\",\"datePublished\":\"2025-08-28T12:25:18+00:00\",\"dateModified\":\"2026-02-12T15:57:30+00:00\",\"description\":\"Kremowo-be\u017cowy we\u0142niany p\u0142aszcz z tkaniny strukturalnej - dyskretne wyrafinowanie, doskona\u0142a jako\u015b\u0107, szlachetna tkanina, minimalizm i uniwersalny kolor.\",\"breadcrumb\":{\"@id\":\"https:\/\/talia-fashion.pl\/produkt\/kremowo-bezowy-welniany-plaszcz-z-tkaniny-strukturalnej-como\/#breadcrumb\"},\"inLanguage\":\"en-GB\",\"potentialAction\":[{\"@type\":\"ReadAction\",\"target\":[\"https:\/\/talia-fashion.pl\/produkt\/kremowo-bezowy-welniany-plaszcz-z-tkaniny-strukturalnej-como\/\"]}]},{\"@type\":\"ImageObject\",\"inLanguage\":\"en-GB\",\"@id\":\"https:\/\/talia-fashion.pl\/produkt\/kremowo-bezowy-welniany-plaszcz-z-tkaniny-strukturalnej-como\/#primaryimage\",\"url\":\"https:\/\/talia-fashion.pl\/wp-content\/uploads\/2025\/08\/kremowo-bezowy-plaszcz-welniany-tkanina-strukturalna-dyplomatka.jpg\",\"contentUrl\":\"https:\/\/talia-fashion.pl\/wp-content\/uploads\/2025\/08\/kremowo-bezowy-plaszcz-welniany-tkanina-strukturalna-dyplomatka.jpg\",\"width\":1300,\"height\":1734,\"caption\":\"Kremowo-be\u017cowy p\u0142aszcz we\u0142niany z tkaniny strukturalnej. Dyplomatka. Zimowy p\u0142aszcz ocieplany.\"},{\"@type\":\"BreadcrumbList\",\"@id\":\"https:\/\/talia-fashion.pl\/produkt\/kremowo-bezowy-welniany-plaszcz-z-tkaniny-strukturalnej-como\/#breadcrumb\",\"itemListElement\":[{\"@type\":\"ListItem\",\"position\":1,\"name\":\"Strona g\u0142\u00f3wna\",\"item\":\"https:\/\/talia-fashion.pl\/\"},{\"@type\":\"ListItem\",\"position\":2,\"name\":\"Sklep\",\"item\":\"https:\/\/talia-fashion.pl\/sklep\/\"},{\"@type\":\"ListItem\",\"position\":3,\"name\":\"Kremowo-be\u017cowy we\u0142niany p\u0142aszcz z tkaniny strukturalnej Como\"}]},{\"@type\":\"WebSite\",\"@id\":\"https:\/\/talia-fashion.pl\/#website\",\"url\":\"https:\/\/talia-fashion.pl\/\",\"name\":\"Talia Fashion\",\"description\":\"\",\"potentialAction\":[{\"@type\":\"SearchAction\",\"target\":{\"@type\":\"EntryPoint\",\"urlTemplate\":\"https:\/\/talia-fashion.pl\/?s={search_term_string}\"},\"query-input\":{\"@type\":\"PropertyValueSpecification\",\"valueRequired\":true,\"valueName\":\"search_term_string\"}}],\"inLanguage\":\"en-GB\"}]}<\/script>\n<!-- \/ Yoast SEO plugin. -->","yoast_head_json":{"title":"Kremowo-be\u017cowy we\u0142niany p\u0142aszcz z tkaniny strukturalnej Como - Talia Fashion","description":"Kremowo-be\u017cowy we\u0142niany p\u0142aszcz z tkaniny strukturalnej - dyskretne wyrafinowanie, doskona\u0142a jako\u015b\u0107, szlachetna tkanina, minimalizm i uniwersalny kolor.","robots":{"index":"index","follow":"follow","max-snippet":"max-snippet:-1","max-image-preview":"max-image-preview:large","max-video-preview":"max-video-preview:-1"},"canonical":"https:\/\/talia-fashion.pl\/en\/product\/kremowo-bezowy-welniany-plaszcz-z-tkaniny-strukturalnej-como\/","og_locale":"en_GB","og_type":"article","og_title":"Kremowo-be\u017cowy we\u0142niany p\u0142aszcz z tkaniny strukturalnej Como - Talia Fashion","og_description":"Kremowo-be\u017cowy we\u0142niany p\u0142aszcz z tkaniny strukturalnej - dyskretne wyrafinowanie, doskona\u0142a jako\u015b\u0107, szlachetna tkanina, minimalizm i uniwersalny kolor.","og_url":"https:\/\/talia-fashion.pl\/en\/product\/kremowo-bezowy-welniany-plaszcz-z-tkaniny-strukturalnej-como\/","og_site_name":"Talia Fashion","article_modified_time":"2026-02-12T15:57:30+00:00","og_image":[{"width":1300,"height":1734,"url":"https:\/\/talia-fashion.pl\/wp-content\/uploads\/2025\/08\/kremowo-bezowy-plaszcz-welniany-tkanina-strukturalna-dyplomatka.jpg","type":"image\/jpeg"}],"twitter_card":"summary_large_image","twitter_misc":{"Estimated reading time":"4 minutes"},"schema":{"@context":"https:\/\/schema.org","@graph":[{"@type":"WebPage","@id":"https:\/\/talia-fashion.pl\/produkt\/kremowo-bezowy-welniany-plaszcz-z-tkaniny-strukturalnej-como\/","url":"https:\/\/talia-fashion.pl\/produkt\/kremowo-bezowy-welniany-plaszcz-z-tkaniny-strukturalnej-como\/","name":"Kremowo-be\u017cowy we\u0142niany p\u0142aszcz z tkaniny strukturalnej Como - Talia Fashion","isPartOf":{"@id":"https:\/\/talia-fashion.pl\/#website"},"primaryImageOfPage":{"@id":"https:\/\/talia-fashion.pl\/produkt\/kremowo-bezowy-welniany-plaszcz-z-tkaniny-strukturalnej-como\/#primaryimage"},"image":{"@id":"https:\/\/talia-fashion.pl\/produkt\/kremowo-bezowy-welniany-plaszcz-z-tkaniny-strukturalnej-como\/#primaryimage"},"thumbnailUrl":"https:\/\/talia-fashion.pl\/wp-content\/uploads\/2025\/08\/kremowo-bezowy-plaszcz-welniany-tkanina-strukturalna-dyplomatka.jpg","datePublished":"2025-08-28T12:25:18+00:00","dateModified":"2026-02-12T15:57:30+00:00","description":"Kremowo-be\u017cowy we\u0142niany p\u0142aszcz z tkaniny strukturalnej - dyskretne wyrafinowanie, doskona\u0142a jako\u015b\u0107, szlachetna tkanina, minimalizm i uniwersalny kolor.","breadcrumb":{"@id":"https:\/\/talia-fashion.pl\/produkt\/kremowo-bezowy-welniany-plaszcz-z-tkaniny-strukturalnej-como\/#breadcrumb"},"inLanguage":"en-GB","potentialAction":[{"@type":"ReadAction","target":["https:\/\/talia-fashion.pl\/produkt\/kremowo-bezowy-welniany-plaszcz-z-tkaniny-strukturalnej-como\/"]}]},{"@type":"ImageObject","inLanguage":"en-GB","@id":"https:\/\/talia-fashion.pl\/produkt\/kremowo-bezowy-welniany-plaszcz-z-tkaniny-strukturalnej-como\/#primaryimage","url":"https:\/\/talia-fashion.pl\/wp-content\/uploads\/2025\/08\/kremowo-bezowy-plaszcz-welniany-tkanina-strukturalna-dyplomatka.jpg","contentUrl":"https:\/\/talia-fashion.pl\/wp-content\/uploads\/2025\/08\/kremowo-bezowy-plaszcz-welniany-tkanina-strukturalna-dyplomatka.jpg","width":1300,"height":1734,"caption":"Kremowo-be\u017cowy p\u0142aszcz we\u0142niany z tkaniny strukturalnej. Dyplomatka. Zimowy p\u0142aszcz ocieplany."},{"@type":"BreadcrumbList","@id":"https:\/\/talia-fashion.pl\/produkt\/kremowo-bezowy-welniany-plaszcz-z-tkaniny-strukturalnej-como\/#breadcrumb","itemListElement":[{"@type":"ListItem","position":1,"name":"Strona g\u0142\u00f3wna","item":"https:\/\/talia-fashion.pl\/"},{"@type":"ListItem","position":2,"name":"Sklep","item":"https:\/\/talia-fashion.pl\/sklep\/"},{"@type":"ListItem","position":3,"name":"Kremowo-be\u017cowy we\u0142niany p\u0142aszcz z tkaniny strukturalnej Como"}]},{"@type":"WebSite","@id":"https:\/\/talia-fashion.pl\/#website","url":"https:\/\/talia-fashion.pl\/","name":"Talia Fashion","description":"","potentialAction":[{"@type":"SearchAction","target":{"@type":"EntryPoint","urlTemplate":"https:\/\/talia-fashion.pl\/?s={search_term_string}"},"query-input":{"@type":"PropertyValueSpecification","valueRequired":true,"valueName":"search_term_string"}}],"inLanguage":"en-GB"}]}},"_links":{"self":[{"href":"https:\/\/talia-fashion.pl\/en\/wp-json\/wp\/v2\/product\/258400","targetHints":{"allow":["GET"]}}],"collection":[{"href":"https:\/\/talia-fashion.pl\/en\/wp-json\/wp\/v2\/product"}],"about":[{"href":"https:\/\/talia-fashion.pl\/en\/wp-json\/wp\/v2\/types\/product"}],"wp:featuredmedia":[{"embeddable":true,"href":"https:\/\/talia-fashion.pl\/en\/wp-json\/wp\/v2\/media\/258723"}],"wp:attachment":[{"href":"https:\/\/talia-fashion.pl\/en\/wp-json\/wp\/v2\/media?parent=258400"}],"wp:term":[{"taxonomy":"product_cat","embeddable":true,"href":"https:\/\/talia-fashion.pl\/en\/wp-json\/wp\/v2\/product_cat?post=258400"},{"taxonomy":"product_tag","embeddable":true,"href":"https:\/\/talia-fashion.pl\/en\/wp-json\/wp\/v2\/product_tag?post=258400"}],"curies":[{"name":"wp","href":"https:\/\/api.w.org\/{rel}","templated":true}]}}