{"id":258394,"date":"2025-08-28T14:14:09","date_gmt":"2025-08-28T12:14:09","guid":{"rendered":"https:\/\/talia-fashion.pl\/?post_type=product&#038;p=258394"},"modified":"2026-03-23T12:30:00","modified_gmt":"2026-03-23T11:30:00","slug":"kamienny-dlugi-ocieplany-plaszcz-szlafrokowy-z-welna-atena","status":"publish","type":"product","link":"https:\/\/talia-fashion.pl\/en\/product\/kamienny-dlugi-ocieplany-plaszcz-szlafrokowy-z-welna-atena\/","title":{"rendered":"Stone long insulated dressing gown coat with wool Athena"},"content":{"rendered":"<div id=\"tabs-list-description\" class=\"tab-pane active in\">\n<div class=\"description\">\n<p>Kamienny d\u0142ugi ocieplany p\u0142aszcz szlafrokowy z we\u0142n\u0105 Atena to najnowsza propozycja naszego bestsellerowego modelu. Tym razem si\u0119gn\u0119li\u015bmy po kolor <strong>kamienn<\/strong>y &#8211; idealny do noszenia zar\u00f3wno na co dzie\u0144, jak i na specjalne okazje. K<span class=\"ILfuVd\" lang=\"pl\"><span class=\"hgKElc\">amienny, to <b>odcie\u0144 br\u0105zu o szarawym odcieniu, kt\u00f3ry przypomina naturalny kamie\u0144<\/b>. Wprowadza on wszechstronno\u015b\u0107 i ponadczasowo\u015b\u0107. Dzi\u0119ki temu p\u0142aszcz Atena z r\u00f3wn\u0105 \u0142atwo\u015bci\u0105 odnajdzie si\u0119 w towarzystwie spodni jeansowych typu baggy, botek Emu i we\u0142nianego sweterka jak i w bardziej oficjalnej wersji &#8211; do garnituru, bia\u0142ej koszuli i masywnych p\u00f3\u0142but\u00f3w.<\/span><\/span><\/p>\n<p>Kamienny d\u0142ugi ocieplany p\u0142aszcz szlafrokowy z we\u0142n\u0105 Atena to propozycja dla kobiet, kt\u00f3re ceni\u0105 <strong>ciep\u0142o, wygod\u0119 i ponadczasow\u0105 elegancj\u0119<\/strong>. <strong>Minimalistyczna forma<\/strong> subtelnie otula sylwetk\u0119, a dopracowane detale nadaj\u0105 mu wyrafinowanego charakteru. Uszyty z wyj\u0105tkowo <strong>mi\u0119kkiej tkaniny<\/strong> z wysok\u0105 zawarto\u015bci\u0105 <strong>wools<\/strong>, w <strong>uniwersalnym kolorze<\/strong>, stanowi idealne okrycie na ch\u0142odniejsze dni. Przody p\u0142aszcza zosta\u0142y dodatkowo wzmocnione delikatn\u0105 klejonk\u0105, kt\u00f3ra stabilizuje w\u0142\u00f3kna i podkre\u015bla szlachetn\u0105 struktur\u0119 materia\u0142u, dodaj\u0105c mu luksusowego wyko\u0144czenia. Model posiada <strong>classic sewn-in sleeves<\/strong>, <strong>wyk\u0142adany ko\u0142nierz z klapami<\/strong> and <strong>taliowany ty\u0142 z rozporkiem<\/strong>, kt\u00f3ry podkre\u015bla kobiec\u0105 sylwetk\u0119. Prz\u00f3d p\u0142aszcza jest profilowany i bardzo wygodny. <strong>Dwurz\u0119dowe zapi\u0119cie<\/strong> na szylkretowe guziki i pasek z tej samej tkaniny umo\u017cliwiaj\u0105 noszenie p\u0142aszcza na r\u00f3\u017cne sposoby oraz podkre\u015blenie talii w razie konieczno\u015bci. <strong>Two side pockets<\/strong> z eleganckimi listewkami dodaj\u0105 mu funkcjonalno\u015bci.<\/p>\n<p data-start=\"1112\" data-end=\"1313\">D\u0142ugo\u015b\u0107 si\u0119gaj\u0105ca do po\u0142owy \u0142ydki zapewnia odpowiednie proporcje, a pe\u0142ne <strong>insulation<\/strong> \u2013 r\u00f3wnie\u017c w r\u0119kawach \u2013 gwarantuje komfort termiczny. <strong>Doskona\u0142a propozycja na zim\u0119<\/strong>. Odkryj nasz kamienny d\u0142ugi ocieplany p\u0142aszcz szlafrokowy z we\u0142n\u0105 Atena. To klasyka, kt\u00f3ra <strong data-start=\"717\" data-end=\"750\">wykracza poza sezonowe trendy<\/strong> i sprawdzi si\u0119 przez lata.<\/p>\n<p>If you're wondering which coat to choose, we suggest you take a look at our tips\u00a0<a href=\"https:\/\/talia-fashion.pl\/en\/jak-dobrac-plaszcz-do-sylwetki\/\">How do you choose a coat to suit your figure?<\/a><\/p>\n<p><span lang=\"DE\">Zdj\u0119cie rzeczywiste \u2013 kamienny (odcie\u0144 br\u0105zu o szarawym odcieniu)<br \/>\n<\/span><\/p>\n<p>Available colours<span lang=\"DE\">: <strong>kamienny br\u0105z<\/strong><\/span><\/p>\n<p>Wszystkie dost\u0119pne kolory prezentowane s\u0105 na zdj\u0119ciach p\u0142aszczy w r\u00f3\u017cnych fasonach, na pozosta\u0142ych aukcjach oraz w <a href=\"https:\/\/talia-fashion.pl\/en\/paleta-kolorow\/\">colour palette<\/a>. W razie w\u0105tpliwo\u015bci, prosimy o kontakt. W tym sezonie stawiamy na kolory ziemi: r\u00f3\u017cne odcienie be\u017cowego, br\u0105zowego i kremowego. Mo\u017cna je \u0142atwo \u0142\u0105czy\u0107 z innymi odcieniami tworz\u0105c ciekawe stylizacje.<\/p>\n<p><span lang=\"DE\">Available sizes: XS, S, M, L, XL<br \/>\n<\/span><\/p>\n<p>The model is 172 cm and a size S.<\/p>\n<p><span lang=\"DE\">Indicative dimensions:<\/span><\/p>\n<p><span lang=\"DE\">XS - bust: 86-88 \/ hips 94-96 \/ length: 117 \/ sleeve 61<br \/>\nS - bust: 90-92 \/ hips: 98-100 \/ length: 118\/ sleeve: 62<br \/>\nM - bust: 94-96 \/ hips: 102-104 \/ length: 118 \/ sleeve: 62<br \/>\nL - bust: 98-100 \/ hips: 106-108 \/ length: 119 \/ sleeve: 63<br \/>\nXL - bust: 104-106 \/ hips: 112-114 \/ length: 119 \/ sleeve: 64<\/span><\/p>\n<p><span lang=\"DE\">If you are unsure of your size selection, please contact us.<\/span><\/p>\n<p><span lang=\"DE\">Material: 80<\/span><span lang=\"DE\">% wool, 20% polyamide\u00a0<\/span><\/p>\n<p>Lining: 100% acetate<\/p>\n<p>Like viscose, acetate is produced from cellulose. Acetate yarn can also be made from recycled cellulose such as paper. The acetate lining is excellent at absorbing moisture and allowing air to pass through. It is coated with an antistatic apprettee and is OEKOtex\u00ae Standard 100 certified.<\/p>\n<p>Insulation: 100% non-woven recycled polyester<br \/>\nOur coats are insulated with a compressed thermo-insulating quilted fleece on the lining. The fleece is made from recycled polyester fibres. The material is lightweight, thin and at the same time perfectly insulating. The insulating fleece we use is resistant to moisture (it retains its insulating properties and warming effect even in damp conditions), stops the wind, is hypoallergenic and breathable. It is OEKOtex\u00ae Standard 100 certified.<\/p>\n<p>Kamienny, d\u0142ugi p\u0142aszcz o szlafrokowym kroju <strong>powsta\u0142 w naszej rodzinnej pracowni krawieckiej<\/strong> w Poznaniu. Uszyty zosta\u0142 w spos\u00f3b odpowiedzialny \u2013 z poszanowaniem \u015brodowiska i zasad Fair Trade. Ka\u017cdy detal, od konstrukcji po r\u0119cznie przyszywane guziki, odzwierciedla nasze rzemie\u015blnicze podej\u015bcie do tworzenia ubra\u0144.<\/p>\n<p>The coat should be dry-cleaned. For frequent refreshing of the wool we recommend the following\u00a0<a href=\"https:\/\/talia-fashion.pl\/en\/product\/szczotka-do-czyszczenia-i-pielegnacji-plaszcza\/\">Brush for cleaning and care of the coat<\/a>, kt\u00f3r\u0105 mo\u017cna kupi\u0107 w naszym sklepie. Aby utrzyma\u0107 p\u0142aszcz w czysto\u015bci cz\u0119sto wystarczy wietrzy\u0107 go i regularnie szczotkowa\u0107. Ten proces jest delikatniejszy dla tkanin i pozwala unikn\u0105\u0107 zu\u017cycia wody i energii w procesach prania. Dbaj\u0105c o ubranie, chronisz \u015brodowisko. Zach\u0119camy do zapoznania si\u0119 z naszym poradnikiem: <a href=\"https:\/\/talia-fashion.pl\/en\/jak-pielegnowac-i-dbac-o-plaszcz\/\">How to care for and maintain coats?<\/a><\/p>\n<p>It is possible to make some modifications in the <strong>Individual orders<\/strong> \u2013 na \u017cyczenie Klienta: skr\u00f3cenie, wyd\u0142u\u017cenie r\u0119kawa, skr\u00f3cenie i wyd\u0142u\u017cenie p\u0142aszcza. <strong>An individual order is not subject to exchange or refund.<\/strong><\/p>\n<p><span lang=\"DE\">Czas realizacji zam\u00f3wienia uzale\u017cniamy od aktualnego stanu magazynowego w pracowni oraz dost\u0119pno\u015bci danego koloru materia\u0142u. Je\u015bli dany p\u0142aszcz jest uszyty realizacja zam\u00f3wienia nast\u0105pi bardzo szybko 2-5 dni roboczych. Je\u015bli konieczne jest uszycie nowego p\u0142aszcza lub personalizacja zam\u00f3wienia \u2013 wykonanie przer\u00f3bki lub uszycie nowego p\u0142aszcza wed\u0142ug specyfikacji Klienta \u2013 czas realizacji zam\u00f3wienia mo\u017ce ulec wyd\u0142u\u017ceniu, maksymalnie do 2 tygodni.<\/span><\/p>\n<p>Dok\u0142adamy wszelkich stara\u0144, aby czas oczekiwania by\u0142 jak najkr\u00f3tszy. Nie szyjemy p\u0142aszczy na magazyn i w wi\u0119kszo\u015bci przypadk\u00f3w p\u0142aszcze powstaj\u0105 na bie\u017c\u0105co, szyte r\u0119cznie z dba\u0142o\u015bci\u0105 o ka\u017cdy detal. Prosimy o wyrozumia\u0142o\u015b\u0107 i cierpliwo\u015b\u0107 \u2013 to w\u0142a\u015bnie czas i precyzja sprawiaj\u0105, \u017ce nasze produkty s\u0105 tak wyj\u0105tkowe.<\/p>\n<p>We encourage you to like our fanpage on\u00a0<a href=\"https:\/\/www.facebook.com\/talia.plaszcze\">Facebook<\/a>\u00a0i\u00a0<a href=\"https:\/\/www.instagram.com\/talia_plaszcze\/\">Instagram<\/a><\/p>\n<\/div>\n<\/div>","protected":false},"excerpt":{"rendered":"<p>Zimowy p\u0142aszcz w kamiennym kolorze, kt\u00f3ry <strong data-start=\"717\" data-end=\"750\">wykracza poza sezonowe trendy<\/strong> i sprawdzi si\u0119 przez lata.<\/p>","protected":false},"featured_media":258862,"template":"","meta":{"_acf_changed":false},"product_cat":[31,36],"product_tag":[294,78,119,209,32,371,337,39,224,121,81,42,67,135,47,122,85,102,50,248,95,86,338,60,87,63,88],"class_list":{"0":"post-258394","1":"product","2":"type-product","3":"status-publish","4":"has-post-thumbnail","6":"product_cat-nowosci","7":"product_cat-plaszcze-dluzsze","8":"product_tag-acetatowa-podszewka","9":"product_tag-dla-roznych-sylwetek","10":"product_tag-dlugi-plaszcz-zimowy","11":"product_tag-do-polowy-lydki","12":"product_tag-dopasowany-kroj","13":"product_tag-kamienny-braz","14":"product_tag-kamienny-kolor","15":"product_tag-klasyczny","16":"product_tag-limited-edition","17":"product_tag-materialy-przyjazne-dla-srodowiska","18":"product_tag-naturalne-materialy","19":"product_tag-nowosc","20":"product_tag-ocieplany","21":"product_tag-plaszcz-brazowy","22":"product_tag-plaszcz-na-guziki","23":"product_tag-plaszcz-szlafrokowy","24":"product_tag-plaszcz-welniany","25":"product_tag-plaszcz-z-alpaki","26":"product_tag-plaszcz-z-rewersem","27":"product_tag-plaszcz-z-welny-dziewiczej","28":"product_tag-plaszcz-zimowy","29":"product_tag-plaszcz-zimowy-ocieplany","30":"product_tag-ponadczasowy-kroj","31":"product_tag-producent-plaszczy-damskich","32":"product_tag-produkt-premium","33":"product_tag-welniany","34":"product_tag-wiazany","36":"first","37":"instock","38":"shipping-taxable","39":"purchasable","40":"product-type-variable","41":"has-default-attributes"},"acf":[],"yoast_head":"<!-- This site is optimized with the Yoast SEO plugin v25.7 - https:\/\/yoast.com\/wordpress\/plugins\/seo\/ -->\n<title>Kamienny d\u0142ugi ocieplany p\u0142aszcz szlafrokowy z we\u0142n\u0105 Atena - Talia Fashion<\/title>\n<meta name=\"description\" content=\"Kamienny d\u0142ugi ocieplany p\u0142aszcz szlafrokowy z we\u0142n\u0105 - ponadczasowy kr\u00f3j, bazowy kolor, ciep\u0142y, zimowy p\u0142aszcz damski. Limitowana edycja. Quiet Luxury.\" \/>\n<meta name=\"robots\" content=\"index, follow, max-snippet:-1, max-image-preview:large, max-video-preview:-1\" \/>\n<link rel=\"canonical\" href=\"https:\/\/talia-fashion.pl\/en\/product\/kamienny-dlugi-ocieplany-plaszcz-szlafrokowy-z-welna-atena\/\" \/>\n<meta property=\"og:locale\" content=\"en_GB\" \/>\n<meta property=\"og:type\" content=\"article\" \/>\n<meta property=\"og:title\" content=\"Kamienny d\u0142ugi ocieplany p\u0142aszcz szlafrokowy z we\u0142n\u0105 Atena - Talia Fashion\" \/>\n<meta property=\"og:description\" content=\"Kamienny d\u0142ugi ocieplany p\u0142aszcz szlafrokowy z we\u0142n\u0105 - ponadczasowy kr\u00f3j, bazowy kolor, ciep\u0142y, zimowy p\u0142aszcz damski. Limitowana edycja. Quiet Luxury.\" \/>\n<meta property=\"og:url\" content=\"https:\/\/talia-fashion.pl\/en\/product\/kamienny-dlugi-ocieplany-plaszcz-szlafrokowy-z-welna-atena\/\" \/>\n<meta property=\"og:site_name\" content=\"Talia Fashion\" \/>\n<meta property=\"article:modified_time\" content=\"2026-03-23T11:30:00+00:00\" \/>\n<meta property=\"og:image\" content=\"https:\/\/talia-fashion.pl\/wp-content\/uploads\/2025\/08\/kamienny-braz-dlugi-szafrokowy-plaszcz-zimowy.jpg\" \/>\n\t<meta property=\"og:image:width\" content=\"1300\" \/>\n\t<meta property=\"og:image:height\" content=\"1733\" \/>\n\t<meta property=\"og:image:type\" content=\"image\/jpeg\" \/>\n<meta name=\"twitter:card\" content=\"summary_large_image\" \/>\n<meta name=\"twitter:label1\" content=\"Estimated reading time\" \/>\n\t<meta name=\"twitter:data1\" content=\"4 minutes\" \/>\n<script type=\"application\/ld+json\" class=\"yoast-schema-graph\">{\"@context\":\"https:\/\/schema.org\",\"@graph\":[{\"@type\":\"WebPage\",\"@id\":\"https:\/\/talia-fashion.pl\/produkt\/kamienny-dlugi-ocieplany-plaszcz-szlafrokowy-z-welna-atena\/\",\"url\":\"https:\/\/talia-fashion.pl\/produkt\/kamienny-dlugi-ocieplany-plaszcz-szlafrokowy-z-welna-atena\/\",\"name\":\"Kamienny d\u0142ugi ocieplany p\u0142aszcz szlafrokowy z we\u0142n\u0105 Atena - Talia Fashion\",\"isPartOf\":{\"@id\":\"https:\/\/talia-fashion.pl\/#website\"},\"primaryImageOfPage\":{\"@id\":\"https:\/\/talia-fashion.pl\/produkt\/kamienny-dlugi-ocieplany-plaszcz-szlafrokowy-z-welna-atena\/#primaryimage\"},\"image\":{\"@id\":\"https:\/\/talia-fashion.pl\/produkt\/kamienny-dlugi-ocieplany-plaszcz-szlafrokowy-z-welna-atena\/#primaryimage\"},\"thumbnailUrl\":\"https:\/\/talia-fashion.pl\/wp-content\/uploads\/2025\/08\/kamienny-braz-dlugi-szafrokowy-plaszcz-zimowy.jpg\",\"datePublished\":\"2025-08-28T12:14:09+00:00\",\"dateModified\":\"2026-03-23T11:30:00+00:00\",\"description\":\"Kamienny d\u0142ugi ocieplany p\u0142aszcz szlafrokowy z we\u0142n\u0105 - ponadczasowy kr\u00f3j, bazowy kolor, ciep\u0142y, zimowy p\u0142aszcz damski. Limitowana edycja. Quiet Luxury.\",\"breadcrumb\":{\"@id\":\"https:\/\/talia-fashion.pl\/produkt\/kamienny-dlugi-ocieplany-plaszcz-szlafrokowy-z-welna-atena\/#breadcrumb\"},\"inLanguage\":\"en-GB\",\"potentialAction\":[{\"@type\":\"ReadAction\",\"target\":[\"https:\/\/talia-fashion.pl\/produkt\/kamienny-dlugi-ocieplany-plaszcz-szlafrokowy-z-welna-atena\/\"]}]},{\"@type\":\"ImageObject\",\"inLanguage\":\"en-GB\",\"@id\":\"https:\/\/talia-fashion.pl\/produkt\/kamienny-dlugi-ocieplany-plaszcz-szlafrokowy-z-welna-atena\/#primaryimage\",\"url\":\"https:\/\/talia-fashion.pl\/wp-content\/uploads\/2025\/08\/kamienny-braz-dlugi-szafrokowy-plaszcz-zimowy.jpg\",\"contentUrl\":\"https:\/\/talia-fashion.pl\/wp-content\/uploads\/2025\/08\/kamienny-braz-dlugi-szafrokowy-plaszcz-zimowy.jpg\",\"width\":1300,\"height\":1733,\"caption\":\"D\u0142ugi szlafrokowy p\u0142aszcz zimowy z mieszanki we\u0142ny w kolorze kamienny br\u0105z. Szlachetna tkanina, klasyczny wz\u00f3r i uniwersalny kolor.\"},{\"@type\":\"BreadcrumbList\",\"@id\":\"https:\/\/talia-fashion.pl\/produkt\/kamienny-dlugi-ocieplany-plaszcz-szlafrokowy-z-welna-atena\/#breadcrumb\",\"itemListElement\":[{\"@type\":\"ListItem\",\"position\":1,\"name\":\"Strona g\u0142\u00f3wna\",\"item\":\"https:\/\/talia-fashion.pl\/\"},{\"@type\":\"ListItem\",\"position\":2,\"name\":\"Sklep\",\"item\":\"https:\/\/talia-fashion.pl\/sklep\/\"},{\"@type\":\"ListItem\",\"position\":3,\"name\":\"Kamienny d\u0142ugi ocieplany p\u0142aszcz szlafrokowy z we\u0142n\u0105 Atena\"}]},{\"@type\":\"WebSite\",\"@id\":\"https:\/\/talia-fashion.pl\/#website\",\"url\":\"https:\/\/talia-fashion.pl\/\",\"name\":\"Talia Fashion\",\"description\":\"\",\"potentialAction\":[{\"@type\":\"SearchAction\",\"target\":{\"@type\":\"EntryPoint\",\"urlTemplate\":\"https:\/\/talia-fashion.pl\/?s={search_term_string}\"},\"query-input\":{\"@type\":\"PropertyValueSpecification\",\"valueRequired\":true,\"valueName\":\"search_term_string\"}}],\"inLanguage\":\"en-GB\"}]}<\/script>\n<!-- \/ Yoast SEO plugin. -->","yoast_head_json":{"title":"Kamienny d\u0142ugi ocieplany p\u0142aszcz szlafrokowy z we\u0142n\u0105 Atena - Talia Fashion","description":"Kamienny d\u0142ugi ocieplany p\u0142aszcz szlafrokowy z we\u0142n\u0105 - ponadczasowy kr\u00f3j, bazowy kolor, ciep\u0142y, zimowy p\u0142aszcz damski. Limitowana edycja. Quiet Luxury.","robots":{"index":"index","follow":"follow","max-snippet":"max-snippet:-1","max-image-preview":"max-image-preview:large","max-video-preview":"max-video-preview:-1"},"canonical":"https:\/\/talia-fashion.pl\/en\/product\/kamienny-dlugi-ocieplany-plaszcz-szlafrokowy-z-welna-atena\/","og_locale":"en_GB","og_type":"article","og_title":"Kamienny d\u0142ugi ocieplany p\u0142aszcz szlafrokowy z we\u0142n\u0105 Atena - Talia Fashion","og_description":"Kamienny d\u0142ugi ocieplany p\u0142aszcz szlafrokowy z we\u0142n\u0105 - ponadczasowy kr\u00f3j, bazowy kolor, ciep\u0142y, zimowy p\u0142aszcz damski. Limitowana edycja. Quiet Luxury.","og_url":"https:\/\/talia-fashion.pl\/en\/product\/kamienny-dlugi-ocieplany-plaszcz-szlafrokowy-z-welna-atena\/","og_site_name":"Talia Fashion","article_modified_time":"2026-03-23T11:30:00+00:00","og_image":[{"width":1300,"height":1733,"url":"https:\/\/talia-fashion.pl\/wp-content\/uploads\/2025\/08\/kamienny-braz-dlugi-szafrokowy-plaszcz-zimowy.jpg","type":"image\/jpeg"}],"twitter_card":"summary_large_image","twitter_misc":{"Estimated reading time":"4 minutes"},"schema":{"@context":"https:\/\/schema.org","@graph":[{"@type":"WebPage","@id":"https:\/\/talia-fashion.pl\/produkt\/kamienny-dlugi-ocieplany-plaszcz-szlafrokowy-z-welna-atena\/","url":"https:\/\/talia-fashion.pl\/produkt\/kamienny-dlugi-ocieplany-plaszcz-szlafrokowy-z-welna-atena\/","name":"Kamienny d\u0142ugi ocieplany p\u0142aszcz szlafrokowy z we\u0142n\u0105 Atena - Talia Fashion","isPartOf":{"@id":"https:\/\/talia-fashion.pl\/#website"},"primaryImageOfPage":{"@id":"https:\/\/talia-fashion.pl\/produkt\/kamienny-dlugi-ocieplany-plaszcz-szlafrokowy-z-welna-atena\/#primaryimage"},"image":{"@id":"https:\/\/talia-fashion.pl\/produkt\/kamienny-dlugi-ocieplany-plaszcz-szlafrokowy-z-welna-atena\/#primaryimage"},"thumbnailUrl":"https:\/\/talia-fashion.pl\/wp-content\/uploads\/2025\/08\/kamienny-braz-dlugi-szafrokowy-plaszcz-zimowy.jpg","datePublished":"2025-08-28T12:14:09+00:00","dateModified":"2026-03-23T11:30:00+00:00","description":"Kamienny d\u0142ugi ocieplany p\u0142aszcz szlafrokowy z we\u0142n\u0105 - ponadczasowy kr\u00f3j, bazowy kolor, ciep\u0142y, zimowy p\u0142aszcz damski. Limitowana edycja. Quiet Luxury.","breadcrumb":{"@id":"https:\/\/talia-fashion.pl\/produkt\/kamienny-dlugi-ocieplany-plaszcz-szlafrokowy-z-welna-atena\/#breadcrumb"},"inLanguage":"en-GB","potentialAction":[{"@type":"ReadAction","target":["https:\/\/talia-fashion.pl\/produkt\/kamienny-dlugi-ocieplany-plaszcz-szlafrokowy-z-welna-atena\/"]}]},{"@type":"ImageObject","inLanguage":"en-GB","@id":"https:\/\/talia-fashion.pl\/produkt\/kamienny-dlugi-ocieplany-plaszcz-szlafrokowy-z-welna-atena\/#primaryimage","url":"https:\/\/talia-fashion.pl\/wp-content\/uploads\/2025\/08\/kamienny-braz-dlugi-szafrokowy-plaszcz-zimowy.jpg","contentUrl":"https:\/\/talia-fashion.pl\/wp-content\/uploads\/2025\/08\/kamienny-braz-dlugi-szafrokowy-plaszcz-zimowy.jpg","width":1300,"height":1733,"caption":"D\u0142ugi szlafrokowy p\u0142aszcz zimowy z mieszanki we\u0142ny w kolorze kamienny br\u0105z. Szlachetna tkanina, klasyczny wz\u00f3r i uniwersalny kolor."},{"@type":"BreadcrumbList","@id":"https:\/\/talia-fashion.pl\/produkt\/kamienny-dlugi-ocieplany-plaszcz-szlafrokowy-z-welna-atena\/#breadcrumb","itemListElement":[{"@type":"ListItem","position":1,"name":"Strona g\u0142\u00f3wna","item":"https:\/\/talia-fashion.pl\/"},{"@type":"ListItem","position":2,"name":"Sklep","item":"https:\/\/talia-fashion.pl\/sklep\/"},{"@type":"ListItem","position":3,"name":"Kamienny d\u0142ugi ocieplany p\u0142aszcz szlafrokowy z we\u0142n\u0105 Atena"}]},{"@type":"WebSite","@id":"https:\/\/talia-fashion.pl\/#website","url":"https:\/\/talia-fashion.pl\/","name":"Talia Fashion","description":"","potentialAction":[{"@type":"SearchAction","target":{"@type":"EntryPoint","urlTemplate":"https:\/\/talia-fashion.pl\/?s={search_term_string}"},"query-input":{"@type":"PropertyValueSpecification","valueRequired":true,"valueName":"search_term_string"}}],"inLanguage":"en-GB"}]}},"_links":{"self":[{"href":"https:\/\/talia-fashion.pl\/en\/wp-json\/wp\/v2\/product\/258394","targetHints":{"allow":["GET"]}}],"collection":[{"href":"https:\/\/talia-fashion.pl\/en\/wp-json\/wp\/v2\/product"}],"about":[{"href":"https:\/\/talia-fashion.pl\/en\/wp-json\/wp\/v2\/types\/product"}],"wp:featuredmedia":[{"embeddable":true,"href":"https:\/\/talia-fashion.pl\/en\/wp-json\/wp\/v2\/media\/258862"}],"wp:attachment":[{"href":"https:\/\/talia-fashion.pl\/en\/wp-json\/wp\/v2\/media?parent=258394"}],"wp:term":[{"taxonomy":"product_cat","embeddable":true,"href":"https:\/\/talia-fashion.pl\/en\/wp-json\/wp\/v2\/product_cat?post=258394"},{"taxonomy":"product_tag","embeddable":true,"href":"https:\/\/talia-fashion.pl\/en\/wp-json\/wp\/v2\/product_tag?post=258394"}],"curies":[{"name":"wp","href":"https:\/\/api.w.org\/{rel}","templated":true}]}}