{"id":258378,"date":"2025-08-27T18:24:37","date_gmt":"2025-08-27T16:24:37","guid":{"rendered":"https:\/\/talia-fashion.pl\/?post_type=product&#038;p=258378"},"modified":"2026-03-26T14:02:00","modified_gmt":"2026-03-26T13:02:00","slug":"dwurzedowy-czekoladowy-plaszcz-z-welna-do-kolan-cecylia","status":"publish","type":"product","link":"https:\/\/talia-fashion.pl\/en\/product\/dwurzedowy-czekoladowy-plaszcz-z-welna-do-kolan-cecylia\/","title":{"rendered":"Cecilia double-breasted chocolate wool knee-length coat"},"content":{"rendered":"<p><strong>Dwurz\u0119dowy czekoladowy p\u0142aszcz z we\u0142n\u0105 do kolan<\/strong> Cecylia to nasza najnowsza propozycja eleganckiego i nieco kr\u00f3tszego p\u0142aszcza. Celowo uszyli\u015bmy go w takiej d\u0142ugo\u015bci, by by\u0142 bardziej uniwersalny i mog\u0142y si\u0119 nim cieszy\u0107 Panie niezale\u017cnie od wzrostu. Wykonali\u015bmy go z mi\u0119sistej mieszanki we\u0142ny w najmodniejszym czekoladowym kolorze. Ca\u0142o\u015b\u0107 wyko\u0144czona oddychaj\u0105c\u0105 podszewk\u0105. <strong>Wersja ocieplana<\/strong>. Dzi\u0119ki temu p\u0142aszcz zapewni ciep\u0142o i komfort noszenia w ch\u0142odniejsze dni. Idealny dla tych, kt\u00f3rzy <strong>zim\u0105<\/strong> pragn\u0105 wgl\u0105da\u0107 <strong>stylowo<\/strong>, ponad wszystko jednak ceni\u0105 <strong>wygod\u0119 i funkcjonalno\u015b\u0107<\/strong>.<\/p>\n<p>Colour <strong data-start=\"6\" data-end=\"21\">czekoladowy<\/strong> to g\u0142\u0119boki odcie\u0144, nieco ciemniejszy ni\u017c klasyczny br\u0105z, inspirowany wygl\u0105dem <strong data-start=\"76\" data-end=\"97\">ciemnej czekolady<\/strong>. Przez wiele lat pomijany, wraca w wielkim stylu i kr\u00f3luje zar\u00f3wno na ulicach, jak i na wybiegach. Nic dziwnego &#8211; jest <strong>elegancki i przytulny<\/strong> jednocze\u015bnie.\u00a0<strong data-start=\"123\" data-end=\"241\">P\u0142aszcz w kolorze czekoladowym <\/strong>to doskona\u0142a baza do tworzenia<strong data-start=\"123\" data-end=\"241\"> monochromatycznych stylizacji, <\/strong>kt\u00f3re zawsze prezentuj\u0105 si\u0119<strong data-start=\"123\" data-end=\"241\"> szykownie i nowocze\u015bnie.<\/strong> Total look zbudowany wok\u00f3\u0142 jednego koloru zyskuje g\u0142\u0119bi\u0119, gdy zestawisz ze sob\u0105 r\u00f3\u017cne tekstury i materia\u0142y. <strong data-start=\"350\" data-end=\"450\">R\u00f3wnie efektownie b\u0119dzie wygl\u0105da\u0107 w po\u0142\u0105czeniu z innymi elementami garderoby w zbli\u017conej tonacji<\/strong> \u2013 be\u017cowe, br\u0105zowe czy kremowe akcenty subtelnie dope\u0142ni\u0105 ca\u0142o\u015b\u0107 i dodadz\u0105 stylizacji lekko\u015bci. Ciekawe po\u0142\u0105czenia powstan\u0105 te\u017c z oliwk\u0105, musztard\u0105, ober\u017cyn\u0105, czy b\u0142\u0119kitem. Nawet drobny akcent w postaci apaczki czy torebki potrafi odmieni\u0107 ca\u0142\u0105 stylizacj\u0119.<\/p>\n<p><span lang=\"DE\">Dwurz\u0119dowy czekoladowy p\u0142aszcz z we\u0142n\u0105 do kolan Cecylia ma <strong>raglan sleeve<\/strong> i klasyczny, <strong>padded collar<\/strong> wyko\u0144czony na ostro. Zapinany na dwa rz\u0119dy, r\u0119cznie przyszywanych guzik\u00f3w. <strong>Wi\u0105zan<\/strong>y. Pasek uszyty z tej samej tkaniny. Modeluje sylwetk\u0119, akcentuj\u0105c tali\u0119. Boczne, uko\u015bne kieszenie zako\u0144czone szerok\u0105 listw\u0105. Ty\u0142 delikatnie taliowany, z rozci\u0119ciem u do\u0142u. Subtelne patki na r\u0119kawach. <strong data-start=\"142\" data-end=\"265\">P\u0142aszczyk o czystej, minimalistycznej formie \u2013 bez zb\u0119dnych ozd\u00f3b, dzi\u0119ki czemu doskonale wpisuje si\u0119 w ka\u017cd\u0105 stylizacj\u0119.<\/strong> Wystarczy narzuci\u0107 go na siebie i jeste\u015b gotowa do wyj\u015bcia. <strong data-start=\"326\" data-end=\"362\">Mo\u017cesz nosi\u0107 go na r\u00f3\u017cne sposoby<\/strong>: zapi\u0119ty, przewi\u0105zany z przodu lub z ty\u0142u, albo lu\u017ano rozpi\u0119ty \u2013 w ka\u017cdej wersji wygl\u0105da stylowo i nowocze\u015bnie. <strong data-start=\"475\" data-end=\"573\">To idealna propozycja dla os\u00f3b ceni\u0105cych wygod\u0119 i ponadczasowy styl bez zb\u0119dnego kombinowania.<\/strong> Sprawdzi si\u0119 zar\u00f3wno w sezonie przej\u015bciowym, jak i zim\u0105 \u2013 niezawodnie i z klas\u0105.<\/span><\/p>\n<p>We have provided guidance on the choice of cut on our website, under the tab <a href=\"https:\/\/talia-fashion.pl\/en\/jak-dobrac-plaszcz-do-sylwetki\/\">How do you choose a coat to suit your figure?<\/a><\/p>\n<p>Zdj\u0119cie rzeczywiste \u2013 czekolada<br \/>\nDost\u0119pne kolory: czekolada, czarny<br \/>\nThe colour of the fabric can also be seen in<a href=\"https:\/\/talia-fashion.pl\/en\/paleta-kolorow\/\"> Colour palette.<\/a><\/p>\n<p>Available sizes: XS, S, M, L<\/p>\n<p>The model is 172cm and a size XS.<\/p>\n<p>Indicative dimensions:<\/p>\n<p>XS \u2013 biust: 86-88 \/ biodra: 94-96 \/ d\u0142ugo\u015b\u0107: 98 \/ r\u0119kaw 61<br \/>\nS \u2013 biust: 90-92 \/ biodra: 98-100 \/ d\u0142ugo\u015b\u0107: 98 \/ r\u0119kaw: 61<br \/>\nM \u2013 biust: 94-96 \/ biodra: 102-104 \/ d\u0142ugo\u015b\u0107: 99 \/ r\u0119kaw: 62<br \/>\nL \u2013 biust: 98-100 \/ biodra: 106-108 \/ d\u0142ugo\u015b\u0107: 99 \/ r\u0119kaw: 63<\/p>\n<p>Dwurz\u0119dowy czekoladowy p\u0142aszcz z we\u0142n\u0105 do kolan Cecylia to model o lu\u017aniejszym kroju. Raglanowa konstrukcja r\u0119kawa nadaje mi\u0119kko\u015bci i zapewnia komfort poruszania. Jednocze\u015bnie sprawiaj\u0105c, i\u017c p\u0142aszcz jest mniej dopasowany w g\u00f3rnych partiach. Dla uchwycenia proporcji oraz podkre\u015blenia sylwetki zastosowali\u015bmy dodatkowe zaszewki modeluj\u0105ce. Dlatego p\u0142aszcz jest swobodny ale nie oversizowy. W tym modelu wa\u017cne jest by, op\u0142ywa\u0142 bioderka a nie si\u0119 na nich opina\u0142. Mimo to, j<span lang=\"DE\">e\u015bli preferowany jest bardziej dopasowany p\u0142aszcz, sugerujemy wyb\u00f3r mniejszego rozmiaru. <\/span>W por\u00f3wnaniu do p\u0142aszczy z klasycznie wszywanym r\u0119kawem wypada o ok. p\u00f3\u0142 rozmiaru wi\u0119kszy. W zak\u0142adce\u00a0<a href=\"https:\/\/talia-fashion.pl\/en\/jak-dobrac-rozmiar\/\">How to choose a size?<\/a> wyja\u015bniamy jak interpretowa\u0107 powy\u017csz\u0105 tabel\u0119 rozmiar\u00f3w i dodatkowo podpowiadamy w jaki spos\u00f3b si\u0119 zmierzy\u0107. W razie w\u0105tpliwo\u015bci prosimy o kontakt.<\/p>\n<p>Material: 80% wool, 20% polyamide<\/p>\n<p>Lining: 100% acetate<\/p>\n<p>Like viscose, acetate is produced from cellulose. Acetate yarn can also be made from recycled cellulose such as paper. The acetate lining is excellent at absorbing moisture and permeable to air. It is coated with an antistatic apprettee and is OEKOtex\u00ae Standard 100 certified.<\/p>\n<p>Insulation: 100% non-woven recycled polyester<br \/>\nOur coats are insulated with a compressed thermo-insulating quilted fleece on the lining. The fleece is made from recycled polyester fibres. The material is lightweight, thin and at the same time perfectly insulating. The insulating fleece we use is resistant to moisture (it retains its insulating properties and warming effect even in damp conditions), stops the wind, is hypoallergenic and breathable. It is OEKOtex\u00ae Standard 100 certified.<\/p>\n<p><strong data-start=\"174\" data-end=\"232\">P\u0142aszczyk zalecamy oddawa\u0107 do czyszczenia chemicznego.<\/strong> \u00a0Jednak\u017ce mo\u017cesz o niego dba\u0107 na co dzie\u0144 korzystaj\u0105c z oferowanej w naszym sklepie <a href=\"https:\/\/talia-fashion.pl\/en\/product\/szczotka-do-czyszczenia-i-pielegnacji-plaszcza\/\">Brushes for cleaning and care of the coat<\/a>. <strong data-start=\"380\" data-end=\"430\">Regularne wietrzenie i w\u0142a\u015bciwe przechowywanie<\/strong> r\u00f3wnie\u017c pomog\u0105 zachowa\u0107 jego \u015bwie\u017co\u015b\u0107 i form\u0119 przez d\u0142ugi czas. Dbaj\u0105c o p\u0142aszcz, dbasz nie tylko o jego trwa\u0142o\u015b\u0107, ale i o \u015brodowisko. W zak\u0142adce <a href=\"https:\/\/talia-fashion.pl\/en\/jak-pielegnowac-i-dbac-o-plaszcz\/\">How to nurture and care for the coat?<\/a> umie\u015bcili\u015bmy wskaz\u00f3wki, kt\u00f3re pomog\u0105 Ci wyd\u0142u\u017cy\u0107 jego \u017cywotno\u015b\u0107 i cieszy\u0107 si\u0119 nim przez wiele sezon\u00f3w.<\/p>\n<p><strong>Individual order\u00a0<\/strong>- We can carry out certain modifications at the customer's request, such as: shortening, lengthening of the sleeve, shortening and lengthening of the coat. We determine the cost individually, pricing the scope of work, after prior contact.<\/p>\n<p><strong>An individual order is not subject to exchange or refund.<\/strong><\/p>\n<p>Czas realizacji zam\u00f3wienia uzale\u017cniamy od aktualnego stanu magazynowego w firmie oraz dost\u0119pno\u015bci danego koloru materia\u0142u. Je\u015bli dany p\u0142aszcz jest dost\u0119pny w pracowni realizacja zam\u00f3wienia nast\u0105pi bardzo szybko 2-5 dni roboczych. Je\u015bli konieczne jest uszycie p\u0142aszcza lub indywidualizacja zam\u00f3wienia \u2013 wykonanie przer\u00f3bki lub uszycie nowego p\u0142aszcza wed\u0142ug specyfikacji Klienta \u2013 czas realizacji zam\u00f3wienia mo\u017ce ulec wyd\u0142u\u017ceniu, maksymalnie do 2 tygodni.<\/p>\n<p>Dwurz\u0119dowy czekoladowy p\u0142aszcz z we\u0142n\u0105 do kolan Cecylia jest naszym autorskim projektem. Uszyli\u015bmy go w naszej rodzinnej pracowni z wielk\u0105 dba\u0142o\u015bci\u0105 o detale. To nietuzinkowy p\u0142aszcz zimowy o lu\u017anym kroju, kt\u00f3ry przykuwa uwag\u0119 i dodaje charakteru stylizacji. Od ponad 37 lat zajmujemy si\u0119 rzemios\u0142em i szyjemy nasze p\u0142aszcze wed\u0142ug tradycyjnych metod, a to wymaga czasu i precyzji. Prosimy zatem o cierpliwo\u015b\u0107 w oczekiwaniu na realizacj\u0119 zam\u00f3wienia, poniewa\u017c musimy uszy\u0107 ten p\u0142aszczyk dla Ciebie.<\/p>\n<p>Stay with us longer and watch us on\u00a0<a href=\"https:\/\/www.facebook.com\/talia.plaszcze\">Facebook<\/a>\u00a0i\u00a0<a href=\"https:\/\/www.instagram.com\/talia_plaszcze\/\">Instagram.<\/a><\/p>","protected":false},"excerpt":{"rendered":"<p><span lang=\"DE\">Cecilia double-breasted chocolate wool knee-length coat<\/span> to nasza najnowsza propozycja eleganckiego i nieco kr\u00f3tszego p\u0142aszcza. Nowoczesny lu\u017any kr\u00f3j i stylowy kolor. Limitowana edycja.<\/p>","protected":false},"featured_media":258806,"template":"","meta":{"_acf_changed":false},"product_cat":[31,55],"product_tag":[244,274,78,33,58,34,40,66,224,80,323,41,81,42,67,43,91,83,47,291,84,181,137,85,50,123,324,260,60,321,63,88,110,147],"class_list":{"0":"post-258378","1":"product","2":"type-product","3":"status-publish","4":"has-post-thumbnail","6":"product_cat-nowosci","7":"product_cat-plaszcze-krotsze","8":"product_tag-czekoladowy-plaszcz","9":"product_tag-deadstock","10":"product_tag-dla-roznych-sylwetek","11":"product_tag-dwurzedowy","12":"product_tag-dyplomatka-dwurzedowa","13":"product_tag-handmade","14":"product_tag-kolnierz","15":"product_tag-kurtka-zimowa-ocieplana","16":"product_tag-limited-edition","17":"product_tag-luzny-kroj","18":"product_tag-mokka","19":"product_tag-na-podszewce","20":"product_tag-naturalne-materialy","21":"product_tag-nowosc","22":"product_tag-ocieplany","23":"product_tag-plaszcz-damski","24":"product_tag-plaszcz-damski-zimowy","25":"product_tag-plaszcz-luzny","26":"product_tag-plaszcz-na-guziki","27":"product_tag-plaszcz-na-jesien","28":"product_tag-plaszcz-oversizowy","29":"product_tag-plaszcz-w-jodelke","30":"product_tag-plaszcz-w-kolano","31":"product_tag-plaszcz-welniany","32":"product_tag-plaszcz-z-rewersem","33":"product_tag-plaszcze-damskie","34":"product_tag-plaszcze-krotsze","35":"product_tag-plaszcze-przejsciowe","36":"product_tag-producent-plaszczy-damskich","37":"product_tag-raglanowy-rekaw","38":"product_tag-welniany","39":"product_tag-wiazany","40":"product_tag-z-paskiem","41":"product_tag-zrownowazona-produkcja","43":"first","44":"instock","45":"shipping-taxable","46":"purchasable","47":"product-type-variable","48":"has-default-attributes"},"acf":[],"yoast_head":"<!-- This site is optimized with the Yoast SEO plugin v25.7 - https:\/\/yoast.com\/wordpress\/plugins\/seo\/ -->\n<title>Dwurz\u0119dowy czekoladowy p\u0142aszcz z we\u0142n\u0105 do kolan Cecylia - Talia Fashion - lu\u017cny<\/title>\n<meta name=\"description\" content=\"Dwurz\u0119dowy czekoladowy p\u0142aszcz z we\u0142n\u0105 do kolan - czekoladowy kolor, jako\u015bciowy materia\u0142, nowoczesny, lu\u017any kr\u00f3j. Komfort i funkcjonalno\u015b\u0107.\" \/>\n<meta name=\"robots\" content=\"index, follow, max-snippet:-1, max-image-preview:large, max-video-preview:-1\" \/>\n<link rel=\"canonical\" href=\"https:\/\/talia-fashion.pl\/en\/product\/dwurzedowy-czekoladowy-plaszcz-z-welna-do-kolan-cecylia\/\" \/>\n<meta property=\"og:locale\" content=\"en_GB\" \/>\n<meta property=\"og:type\" content=\"article\" \/>\n<meta property=\"og:title\" content=\"Dwurz\u0119dowy czekoladowy p\u0142aszcz z we\u0142n\u0105 do kolan Cecylia - Talia Fashion - lu\u017cny\" \/>\n<meta property=\"og:description\" content=\"Dwurz\u0119dowy czekoladowy p\u0142aszcz z we\u0142n\u0105 do kolan - czekoladowy kolor, jako\u015bciowy materia\u0142, nowoczesny, lu\u017any kr\u00f3j. Komfort i funkcjonalno\u015b\u0107.\" \/>\n<meta property=\"og:url\" content=\"https:\/\/talia-fashion.pl\/en\/product\/dwurzedowy-czekoladowy-plaszcz-z-welna-do-kolan-cecylia\/\" \/>\n<meta property=\"og:site_name\" content=\"Talia Fashion\" \/>\n<meta property=\"article:modified_time\" content=\"2026-03-26T13:02:00+00:00\" \/>\n<meta property=\"og:image\" content=\"https:\/\/talia-fashion.pl\/wp-content\/uploads\/2025\/08\/dwurzedowy-czekoladowy-plaszcz-zimowy-oversize-do-kolan.jpg\" \/>\n\t<meta property=\"og:image:width\" content=\"1300\" \/>\n\t<meta property=\"og:image:height\" content=\"1733\" \/>\n\t<meta property=\"og:image:type\" content=\"image\/jpeg\" \/>\n<meta name=\"twitter:card\" content=\"summary_large_image\" \/>\n<meta name=\"twitter:label1\" content=\"Estimated reading time\" \/>\n\t<meta name=\"twitter:data1\" content=\"5 minutes\" \/>\n<script type=\"application\/ld+json\" class=\"yoast-schema-graph\">{\"@context\":\"https:\/\/schema.org\",\"@graph\":[{\"@type\":\"WebPage\",\"@id\":\"https:\/\/talia-fashion.pl\/produkt\/dwurzedowy-czekoladowy-plaszcz-z-welna-do-kolan-cecylia\/\",\"url\":\"https:\/\/talia-fashion.pl\/produkt\/dwurzedowy-czekoladowy-plaszcz-z-welna-do-kolan-cecylia\/\",\"name\":\"Dwurz\u0119dowy czekoladowy p\u0142aszcz z we\u0142n\u0105 do kolan Cecylia - Talia Fashion - lu\u017cny\",\"isPartOf\":{\"@id\":\"https:\/\/talia-fashion.pl\/#website\"},\"primaryImageOfPage\":{\"@id\":\"https:\/\/talia-fashion.pl\/produkt\/dwurzedowy-czekoladowy-plaszcz-z-welna-do-kolan-cecylia\/#primaryimage\"},\"image\":{\"@id\":\"https:\/\/talia-fashion.pl\/produkt\/dwurzedowy-czekoladowy-plaszcz-z-welna-do-kolan-cecylia\/#primaryimage\"},\"thumbnailUrl\":\"https:\/\/talia-fashion.pl\/wp-content\/uploads\/2025\/08\/dwurzedowy-czekoladowy-plaszcz-zimowy-oversize-do-kolan.jpg\",\"datePublished\":\"2025-08-27T16:24:37+00:00\",\"dateModified\":\"2026-03-26T13:02:00+00:00\",\"description\":\"Dwurz\u0119dowy czekoladowy p\u0142aszcz z we\u0142n\u0105 do kolan - czekoladowy kolor, jako\u015bciowy materia\u0142, nowoczesny, lu\u017any kr\u00f3j. Komfort i funkcjonalno\u015b\u0107.\",\"breadcrumb\":{\"@id\":\"https:\/\/talia-fashion.pl\/produkt\/dwurzedowy-czekoladowy-plaszcz-z-welna-do-kolan-cecylia\/#breadcrumb\"},\"inLanguage\":\"en-GB\",\"potentialAction\":[{\"@type\":\"ReadAction\",\"target\":[\"https:\/\/talia-fashion.pl\/produkt\/dwurzedowy-czekoladowy-plaszcz-z-welna-do-kolan-cecylia\/\"]}]},{\"@type\":\"ImageObject\",\"inLanguage\":\"en-GB\",\"@id\":\"https:\/\/talia-fashion.pl\/produkt\/dwurzedowy-czekoladowy-plaszcz-z-welna-do-kolan-cecylia\/#primaryimage\",\"url\":\"https:\/\/talia-fashion.pl\/wp-content\/uploads\/2025\/08\/dwurzedowy-czekoladowy-plaszcz-zimowy-oversize-do-kolan.jpg\",\"contentUrl\":\"https:\/\/talia-fashion.pl\/wp-content\/uploads\/2025\/08\/dwurzedowy-czekoladowy-plaszcz-zimowy-oversize-do-kolan.jpg\",\"width\":1300,\"height\":1733,\"caption\":\"Dwurz\u0119dowy, czekoladowy p\u0142aszcz zimowy do kolan o swobodnym kroju. Idealny do wielowarstwowych stylizacji.\"},{\"@type\":\"BreadcrumbList\",\"@id\":\"https:\/\/talia-fashion.pl\/produkt\/dwurzedowy-czekoladowy-plaszcz-z-welna-do-kolan-cecylia\/#breadcrumb\",\"itemListElement\":[{\"@type\":\"ListItem\",\"position\":1,\"name\":\"Strona g\u0142\u00f3wna\",\"item\":\"https:\/\/talia-fashion.pl\/\"},{\"@type\":\"ListItem\",\"position\":2,\"name\":\"Sklep\",\"item\":\"https:\/\/talia-fashion.pl\/sklep\/\"},{\"@type\":\"ListItem\",\"position\":3,\"name\":\"Dwurz\u0119dowy czekoladowy p\u0142aszcz z we\u0142n\u0105 do kolan Cecylia\"}]},{\"@type\":\"WebSite\",\"@id\":\"https:\/\/talia-fashion.pl\/#website\",\"url\":\"https:\/\/talia-fashion.pl\/\",\"name\":\"Talia Fashion\",\"description\":\"\",\"potentialAction\":[{\"@type\":\"SearchAction\",\"target\":{\"@type\":\"EntryPoint\",\"urlTemplate\":\"https:\/\/talia-fashion.pl\/?s={search_term_string}\"},\"query-input\":{\"@type\":\"PropertyValueSpecification\",\"valueRequired\":true,\"valueName\":\"search_term_string\"}}],\"inLanguage\":\"en-GB\"}]}<\/script>\n<!-- \/ Yoast SEO plugin. -->","yoast_head_json":{"title":"Dwurz\u0119dowy czekoladowy p\u0142aszcz z we\u0142n\u0105 do kolan Cecylia - Talia Fashion - lu\u017cny","description":"Dwurz\u0119dowy czekoladowy p\u0142aszcz z we\u0142n\u0105 do kolan - czekoladowy kolor, jako\u015bciowy materia\u0142, nowoczesny, lu\u017any kr\u00f3j. Komfort i funkcjonalno\u015b\u0107.","robots":{"index":"index","follow":"follow","max-snippet":"max-snippet:-1","max-image-preview":"max-image-preview:large","max-video-preview":"max-video-preview:-1"},"canonical":"https:\/\/talia-fashion.pl\/en\/product\/dwurzedowy-czekoladowy-plaszcz-z-welna-do-kolan-cecylia\/","og_locale":"en_GB","og_type":"article","og_title":"Dwurz\u0119dowy czekoladowy p\u0142aszcz z we\u0142n\u0105 do kolan Cecylia - Talia Fashion - lu\u017cny","og_description":"Dwurz\u0119dowy czekoladowy p\u0142aszcz z we\u0142n\u0105 do kolan - czekoladowy kolor, jako\u015bciowy materia\u0142, nowoczesny, lu\u017any kr\u00f3j. Komfort i funkcjonalno\u015b\u0107.","og_url":"https:\/\/talia-fashion.pl\/en\/product\/dwurzedowy-czekoladowy-plaszcz-z-welna-do-kolan-cecylia\/","og_site_name":"Talia Fashion","article_modified_time":"2026-03-26T13:02:00+00:00","og_image":[{"width":1300,"height":1733,"url":"https:\/\/talia-fashion.pl\/wp-content\/uploads\/2025\/08\/dwurzedowy-czekoladowy-plaszcz-zimowy-oversize-do-kolan.jpg","type":"image\/jpeg"}],"twitter_card":"summary_large_image","twitter_misc":{"Estimated reading time":"5 minutes"},"schema":{"@context":"https:\/\/schema.org","@graph":[{"@type":"WebPage","@id":"https:\/\/talia-fashion.pl\/produkt\/dwurzedowy-czekoladowy-plaszcz-z-welna-do-kolan-cecylia\/","url":"https:\/\/talia-fashion.pl\/produkt\/dwurzedowy-czekoladowy-plaszcz-z-welna-do-kolan-cecylia\/","name":"Dwurz\u0119dowy czekoladowy p\u0142aszcz z we\u0142n\u0105 do kolan Cecylia - Talia Fashion - lu\u017cny","isPartOf":{"@id":"https:\/\/talia-fashion.pl\/#website"},"primaryImageOfPage":{"@id":"https:\/\/talia-fashion.pl\/produkt\/dwurzedowy-czekoladowy-plaszcz-z-welna-do-kolan-cecylia\/#primaryimage"},"image":{"@id":"https:\/\/talia-fashion.pl\/produkt\/dwurzedowy-czekoladowy-plaszcz-z-welna-do-kolan-cecylia\/#primaryimage"},"thumbnailUrl":"https:\/\/talia-fashion.pl\/wp-content\/uploads\/2025\/08\/dwurzedowy-czekoladowy-plaszcz-zimowy-oversize-do-kolan.jpg","datePublished":"2025-08-27T16:24:37+00:00","dateModified":"2026-03-26T13:02:00+00:00","description":"Dwurz\u0119dowy czekoladowy p\u0142aszcz z we\u0142n\u0105 do kolan - czekoladowy kolor, jako\u015bciowy materia\u0142, nowoczesny, lu\u017any kr\u00f3j. Komfort i funkcjonalno\u015b\u0107.","breadcrumb":{"@id":"https:\/\/talia-fashion.pl\/produkt\/dwurzedowy-czekoladowy-plaszcz-z-welna-do-kolan-cecylia\/#breadcrumb"},"inLanguage":"en-GB","potentialAction":[{"@type":"ReadAction","target":["https:\/\/talia-fashion.pl\/produkt\/dwurzedowy-czekoladowy-plaszcz-z-welna-do-kolan-cecylia\/"]}]},{"@type":"ImageObject","inLanguage":"en-GB","@id":"https:\/\/talia-fashion.pl\/produkt\/dwurzedowy-czekoladowy-plaszcz-z-welna-do-kolan-cecylia\/#primaryimage","url":"https:\/\/talia-fashion.pl\/wp-content\/uploads\/2025\/08\/dwurzedowy-czekoladowy-plaszcz-zimowy-oversize-do-kolan.jpg","contentUrl":"https:\/\/talia-fashion.pl\/wp-content\/uploads\/2025\/08\/dwurzedowy-czekoladowy-plaszcz-zimowy-oversize-do-kolan.jpg","width":1300,"height":1733,"caption":"Dwurz\u0119dowy, czekoladowy p\u0142aszcz zimowy do kolan o swobodnym kroju. Idealny do wielowarstwowych stylizacji."},{"@type":"BreadcrumbList","@id":"https:\/\/talia-fashion.pl\/produkt\/dwurzedowy-czekoladowy-plaszcz-z-welna-do-kolan-cecylia\/#breadcrumb","itemListElement":[{"@type":"ListItem","position":1,"name":"Strona g\u0142\u00f3wna","item":"https:\/\/talia-fashion.pl\/"},{"@type":"ListItem","position":2,"name":"Sklep","item":"https:\/\/talia-fashion.pl\/sklep\/"},{"@type":"ListItem","position":3,"name":"Dwurz\u0119dowy czekoladowy p\u0142aszcz z we\u0142n\u0105 do kolan Cecylia"}]},{"@type":"WebSite","@id":"https:\/\/talia-fashion.pl\/#website","url":"https:\/\/talia-fashion.pl\/","name":"Talia Fashion","description":"","potentialAction":[{"@type":"SearchAction","target":{"@type":"EntryPoint","urlTemplate":"https:\/\/talia-fashion.pl\/?s={search_term_string}"},"query-input":{"@type":"PropertyValueSpecification","valueRequired":true,"valueName":"search_term_string"}}],"inLanguage":"en-GB"}]}},"_links":{"self":[{"href":"https:\/\/talia-fashion.pl\/en\/wp-json\/wp\/v2\/product\/258378","targetHints":{"allow":["GET"]}}],"collection":[{"href":"https:\/\/talia-fashion.pl\/en\/wp-json\/wp\/v2\/product"}],"about":[{"href":"https:\/\/talia-fashion.pl\/en\/wp-json\/wp\/v2\/types\/product"}],"wp:featuredmedia":[{"embeddable":true,"href":"https:\/\/talia-fashion.pl\/en\/wp-json\/wp\/v2\/media\/258806"}],"wp:attachment":[{"href":"https:\/\/talia-fashion.pl\/en\/wp-json\/wp\/v2\/media?parent=258378"}],"wp:term":[{"taxonomy":"product_cat","embeddable":true,"href":"https:\/\/talia-fashion.pl\/en\/wp-json\/wp\/v2\/product_cat?post=258378"},{"taxonomy":"product_tag","embeddable":true,"href":"https:\/\/talia-fashion.pl\/en\/wp-json\/wp\/v2\/product_tag?post=258378"}],"curies":[{"name":"wp","href":"https:\/\/api.w.org\/{rel}","templated":true}]}}