{"id":3020,"date":"2025-01-03T22:08:04","date_gmt":"2025-01-03T21:08:04","guid":{"rendered":"http:\/\/talia-fashion.pl\/?page_id=3020"},"modified":"2025-08-23T12:49:12","modified_gmt":"2025-08-23T10:49:12","slug":"o-nas","status":"publish","type":"page","link":"https:\/\/talia-fashion.pl\/en\/o-nas\/","title":{"rendered":"About us"},"content":{"rendered":"<div data-elementor-type=\"wp-post\" data-elementor-id=\"3020\" class=\"elementor elementor-3020\" data-elementor-post-type=\"page\">\n\t\t\t\t<div class=\"elementor-element elementor-element-6afb04c e-con-full e-flex e-con e-parent\" data-id=\"6afb04c\" data-element_type=\"container\" data-settings=\"{&quot;background_background&quot;:&quot;classic&quot;}\">\n\t\t\t\t<\/div>\n\t\t<div class=\"elementor-element elementor-element-cc18378 e-con-full e-flex e-con e-parent\" data-id=\"cc18378\" data-element_type=\"container\">\n\t\t<div class=\"elementor-element elementor-element-6b6f0a1 e-con-full e-flex e-con e-child\" data-id=\"6b6f0a1\" data-element_type=\"container\">\n\t\t\t\t<div class=\"elementor-element elementor-element-8f80cfe elementor-widget elementor-widget-text-editor\" data-id=\"8f80cfe\" data-element_type=\"widget\" data-widget_type=\"text-editor.default\">\n\t\t\t\t<div class=\"elementor-widget-container\">\n\t\t\t\t\t\t\t\t\t<p>Talia to Pracownia rodzinna za\u0142o\u017cona w 1988r. z my\u015bl\u0105 o tworzeniu niebanalnych projekt\u00f3w, wychodz\u0105cych poza szarzyzn\u0119 tamtych czas\u00f3w. Mama zawsze potrafi\u0142a stworzy\u0107 co\u015b pi\u0119knego z niczego, a \u017ce nie by\u0142o nic \u2013 szybko zosta\u0142a zasypana zam\u00f3wieniami. I tak si\u0119 zacz\u0119\u0142o\u2026 Do Rodzic\u00f3w do\u0142\u0105czy\u0142am troszk\u0119 p\u00f3\u017aniej. Spr\u00f3bowa\u0142am \u017cycia korporacyjnego, jednak Pracownia Rodzic\u00f3w to ca\u0142e moje \u017cycie i jak si\u0119 okaza\u0142o, moje przeznaczenie. Ci\u0105gle si\u0119 rozwijamy i zbieramy nowe do\u015bwiadczenia, dzi\u0119ki czemu wykreowali\u015bmy w\u0142asny, niepowtarzalny styl. Inspiruje nas natura, prostota i klasyka. Nasze projekty to modna kolorystyka, ciekawy kr\u00f3j, dobrej jako\u015bci tkaniny oraz staranne wykonanie.<\/p>\t\t\t\t\t\t\t\t<\/div>\n\t\t\t\t<\/div>\n\t\t\t\t<\/div>\n\t\t\t\t<\/div>\n\t\t<div class=\"elementor-element elementor-element-bae7a48 e-con-full e-flex e-con e-parent\" data-id=\"bae7a48\" data-element_type=\"container\">\n\t\t<div class=\"elementor-element elementor-element-47161c5 e-con-full e-flex e-con e-child\" data-id=\"47161c5\" data-element_type=\"container\" data-settings=\"{&quot;background_background&quot;:&quot;classic&quot;}\">\n\t\t\t\t<div class=\"elementor-element elementor-element-50d0335 elementor-widget elementor-widget-image\" data-id=\"50d0335\" data-element_type=\"widget\" data-widget_type=\"image.default\">\n\t\t\t\t<div class=\"elementor-widget-container\">\n\t\t\t\t\t\t\t\t\t\t\t\t\t\t\t<img fetchpriority=\"high\" decoding=\"async\" width=\"225\" height=\"315\" src=\"https:\/\/talia-fashion.pl\/wp-content\/uploads\/2025\/01\/cert.gif\" class=\"attachment-large size-large wp-image-3023\" alt=\"\" \/>\t\t\t\t\t\t\t\t\t\t\t\t\t\t\t<\/div>\n\t\t\t\t<\/div>\n\t\t\t\t<\/div>\n\t\t<div class=\"elementor-element elementor-element-4d0151e e-con-full e-flex e-con e-child\" data-id=\"4d0151e\" data-element_type=\"container\">\n\t\t\t\t<div class=\"elementor-element elementor-element-8b5ca0e elementor-widget elementor-widget-text-editor\" data-id=\"8b5ca0e\" data-element_type=\"widget\" data-widget_type=\"text-editor.default\">\n\t\t\t\t<div class=\"elementor-widget-container\">\n\t\t\t\t\t\t\t\t\t<p>P\u0142aszcze i kurtki to nasza pasja. To w\u0142a\u015bnie nasze p\u0142aszcze konsumenci uznali za <strong>\u201eNajlepsze w Polsce\u201d w Konsumenckim Konkursie Jako\u015bci Produkt\u00f3w.<\/strong> Ka\u017cdy nasz projekt od pocz\u0105tku do ko\u0144ca powstaje w naszej pracowni. Wszystko robione jest r\u0119cznie, od projektu, poprzez uszycie, do ostatecznego wyko\u0144czenia gotowego modelu i dlatego ka\u017cdy nasz p\u0142aszcz jest unikatowy. Kierujemy si\u0119 zasad\u0105 #lesswaste, dlatego u nas nic si\u0119 nie marnuje. Staramy si\u0119 piel\u0119gnowa\u0107 i promowa\u0107 tradycyjne rzemios\u0142o, wk\u0142adaj\u0105c w nasz\u0105 prac\u0119 ca\u0142ych siebie i ucz\u0105c kolejne pokolenia poszanowania dla pracy ludzkich r\u0105k.<\/p>\t\t\t\t\t\t\t\t<\/div>\n\t\t\t\t<\/div>\n\t\t\t\t<\/div>\n\t\t\t\t<\/div>\n\t\t<div class=\"elementor-element elementor-element-e3928c9 e-con-full e-flex e-con e-parent\" data-id=\"e3928c9\" data-element_type=\"container\">\n\t\t<div class=\"elementor-element elementor-element-8093b00 e-con-full e-flex e-con e-child\" data-id=\"8093b00\" data-element_type=\"container\">\n\t\t\t\t<div class=\"elementor-element elementor-element-29027ee elementor-widget elementor-widget-text-editor\" data-id=\"29027ee\" data-element_type=\"widget\" data-widget_type=\"text-editor.default\">\n\t\t\t\t<div class=\"elementor-widget-container\">\n\t\t\t\t\t\t\t\t\t<div class=\"komcw\"><p>Przez 37 lata przeszli\u015bmy ju\u017c chyba wszystko \u2013 brak materia\u0142\u00f3w, a w\u0142a\u015bciwie wszystkiego, zmiany w\u0142adz i granic pa\u0144stw, dobre czasy, niespokojne czasy, czasy bazar\u00f3w, zalew produkt\u00f3w z Chin, zamieraj\u0105ce rzemios\u0142o;<\/p><p>Rodzicom przyby\u0142o lat i siwych w\u0142os\u00f3w, pojawi\u0142y si\u0119 wnuki \u2013 kolejne pokolenie stoj\u0105ce na stra\u017cy prawdziwego Rzemios\u0142a;<\/p><p>nie zmieni\u0142a si\u0119 jedna rzecz \u2013 najwa\u017cniejsze dla nas s\u0105 nasze Klientki i ich potrzeby!<\/p><p>Zawsze Rodzice chcieli by\u0107 ma\u0142\u0105 Pracowni\u0105, gdy\u017c dla nich indywidualne podej\u015bcie do ka\u017cdego Klienta jest najwa\u017cniejsze.<\/p><p>To dzi\u0119ki Wam ubieramy ju\u017c kolejne pokolenia. Dzi\u0119kuj\u0119, \u017ce od tylu lat jeste\u015bcie z nami.<\/p><\/div>\t\t\t\t\t\t\t\t<\/div>\n\t\t\t\t<\/div>\n\t\t\t\t<\/div>\n\t\t<div class=\"elementor-element elementor-element-42967d2 e-con-full e-flex e-con e-child\" data-id=\"42967d2\" data-element_type=\"container\" data-settings=\"{&quot;background_background&quot;:&quot;classic&quot;}\">\n\t\t\t\t<\/div>\n\t\t\t\t<\/div>\n\t\t\t\t<\/div>","protected":false},"excerpt":{"rendered":"<p>Talia to Pracownia rodzinna za\u0142o\u017cona w 1988r. z my\u015bl\u0105 o tworzeniu niebanalnych projekt\u00f3w, wychodz\u0105cych poza szarzyzn\u0119 tamtych czas\u00f3w. Mama zawsze potrafi\u0142a stworzy\u0107&hellip;<\/p>","protected":false},"author":1,"featured_media":0,"parent":0,"menu_order":0,"comment_status":"closed","ping_status":"closed","template":"elementor_header_footer","meta":{"_acf_changed":false,"footnotes":""},"class_list":["post-3020","page","type-page","status-publish","hentry"],"acf":[],"yoast_head":"<!-- This site is optimized with the Yoast SEO plugin v25.7 - https:\/\/yoast.com\/wordpress\/plugins\/seo\/ -->\n<title>O nas - Talia Fashion - rodzinna marka odzie\u017cowa, za\u0142o\u017cona w 1988r.<\/title>\n<meta name=\"description\" content=\"Do\u0142\u0105cz do nas i pokochaj nasze p\u0142aszcze. Tworzymy je w rodzinnej pracowni z my\u015bl\u0105 o Tobie. Maj\u0105c na uwadze wygod\u0119, estetyk\u0119 i najwy\u017csz\u0105 jako\u015b\u0107\" \/>\n<meta name=\"robots\" content=\"index, follow, max-snippet:-1, max-image-preview:large, max-video-preview:-1\" \/>\n<link rel=\"canonical\" href=\"https:\/\/talia-fashion.pl\/en\/o-nas\/\" \/>\n<meta property=\"og:locale\" content=\"en_GB\" \/>\n<meta property=\"og:type\" content=\"article\" \/>\n<meta property=\"og:title\" content=\"O nas - Talia Fashion - rodzinna marka odzie\u017cowa, za\u0142o\u017cona w 1988r.\" \/>\n<meta property=\"og:description\" content=\"Do\u0142\u0105cz do nas i pokochaj nasze p\u0142aszcze. Tworzymy je w rodzinnej pracowni z my\u015bl\u0105 o Tobie. Maj\u0105c na uwadze wygod\u0119, estetyk\u0119 i najwy\u017csz\u0105 jako\u015b\u0107\" \/>\n<meta property=\"og:url\" content=\"https:\/\/talia-fashion.pl\/en\/o-nas\/\" \/>\n<meta property=\"og:site_name\" content=\"Talia Fashion\" \/>\n<meta property=\"article:modified_time\" content=\"2025-08-23T10:49:12+00:00\" \/>\n<meta property=\"og:image\" content=\"https:\/\/talia-fashion.pl\/wp-content\/uploads\/2025\/01\/cert.gif\" \/>\n\t<meta property=\"og:image:width\" content=\"225\" \/>\n\t<meta property=\"og:image:height\" content=\"315\" \/>\n\t<meta property=\"og:image:type\" content=\"image\/gif\" \/>\n<meta name=\"twitter:card\" content=\"summary_large_image\" \/>\n<meta name=\"twitter:label1\" content=\"Estimated reading time\" \/>\n\t<meta name=\"twitter:data1\" content=\"2 minutes\" \/>\n<script type=\"application\/ld+json\" class=\"yoast-schema-graph\">{\"@context\":\"https:\/\/schema.org\",\"@graph\":[{\"@type\":\"WebPage\",\"@id\":\"https:\/\/talia-fashion.pl\/o-nas\/\",\"url\":\"https:\/\/talia-fashion.pl\/o-nas\/\",\"name\":\"O nas - Talia Fashion - rodzinna marka odzie\u017cowa, za\u0142o\u017cona w 1988r.\",\"isPartOf\":{\"@id\":\"https:\/\/talia-fashion.pl\/#website\"},\"primaryImageOfPage\":{\"@id\":\"https:\/\/talia-fashion.pl\/o-nas\/#primaryimage\"},\"image\":{\"@id\":\"https:\/\/talia-fashion.pl\/o-nas\/#primaryimage\"},\"thumbnailUrl\":\"https:\/\/talia-fashion.pl\/wp-content\/uploads\/2025\/01\/cert.gif\",\"datePublished\":\"2025-01-03T21:08:04+00:00\",\"dateModified\":\"2025-08-23T10:49:12+00:00\",\"description\":\"Do\u0142\u0105cz do nas i pokochaj nasze p\u0142aszcze. Tworzymy je w rodzinnej pracowni z my\u015bl\u0105 o Tobie. Maj\u0105c na uwadze wygod\u0119, estetyk\u0119 i najwy\u017csz\u0105 jako\u015b\u0107\",\"breadcrumb\":{\"@id\":\"https:\/\/talia-fashion.pl\/o-nas\/#breadcrumb\"},\"inLanguage\":\"en-GB\",\"potentialAction\":[{\"@type\":\"ReadAction\",\"target\":[\"https:\/\/talia-fashion.pl\/o-nas\/\"]}]},{\"@type\":\"ImageObject\",\"inLanguage\":\"en-GB\",\"@id\":\"https:\/\/talia-fashion.pl\/o-nas\/#primaryimage\",\"url\":\"https:\/\/talia-fashion.pl\/wp-content\/uploads\/2025\/01\/cert.gif\",\"contentUrl\":\"https:\/\/talia-fashion.pl\/wp-content\/uploads\/2025\/01\/cert.gif\"},{\"@type\":\"BreadcrumbList\",\"@id\":\"https:\/\/talia-fashion.pl\/o-nas\/#breadcrumb\",\"itemListElement\":[{\"@type\":\"ListItem\",\"position\":1,\"name\":\"Strona g\u0142\u00f3wna\",\"item\":\"https:\/\/talia-fashion.pl\/\"},{\"@type\":\"ListItem\",\"position\":2,\"name\":\"O nas\"}]},{\"@type\":\"WebSite\",\"@id\":\"https:\/\/talia-fashion.pl\/#website\",\"url\":\"https:\/\/talia-fashion.pl\/\",\"name\":\"Talia Fashion\",\"description\":\"\",\"potentialAction\":[{\"@type\":\"SearchAction\",\"target\":{\"@type\":\"EntryPoint\",\"urlTemplate\":\"https:\/\/talia-fashion.pl\/?s={search_term_string}\"},\"query-input\":{\"@type\":\"PropertyValueSpecification\",\"valueRequired\":true,\"valueName\":\"search_term_string\"}}],\"inLanguage\":\"en-GB\"}]}<\/script>\n<!-- \/ Yoast SEO plugin. -->","yoast_head_json":{"title":"O nas - Talia Fashion - rodzinna marka odzie\u017cowa, za\u0142o\u017cona w 1988r.","description":"Do\u0142\u0105cz do nas i pokochaj nasze p\u0142aszcze. Tworzymy je w rodzinnej pracowni z my\u015bl\u0105 o Tobie. Maj\u0105c na uwadze wygod\u0119, estetyk\u0119 i najwy\u017csz\u0105 jako\u015b\u0107","robots":{"index":"index","follow":"follow","max-snippet":"max-snippet:-1","max-image-preview":"max-image-preview:large","max-video-preview":"max-video-preview:-1"},"canonical":"https:\/\/talia-fashion.pl\/en\/o-nas\/","og_locale":"en_GB","og_type":"article","og_title":"O nas - Talia Fashion - rodzinna marka odzie\u017cowa, za\u0142o\u017cona w 1988r.","og_description":"Do\u0142\u0105cz do nas i pokochaj nasze p\u0142aszcze. Tworzymy je w rodzinnej pracowni z my\u015bl\u0105 o Tobie. Maj\u0105c na uwadze wygod\u0119, estetyk\u0119 i najwy\u017csz\u0105 jako\u015b\u0107","og_url":"https:\/\/talia-fashion.pl\/en\/o-nas\/","og_site_name":"Talia Fashion","article_modified_time":"2025-08-23T10:49:12+00:00","og_image":[{"width":225,"height":315,"url":"https:\/\/talia-fashion.pl\/wp-content\/uploads\/2025\/01\/cert.gif","type":"image\/gif"}],"twitter_card":"summary_large_image","twitter_misc":{"Estimated reading time":"2 minutes"},"schema":{"@context":"https:\/\/schema.org","@graph":[{"@type":"WebPage","@id":"https:\/\/talia-fashion.pl\/o-nas\/","url":"https:\/\/talia-fashion.pl\/o-nas\/","name":"O nas - Talia Fashion - rodzinna marka odzie\u017cowa, za\u0142o\u017cona w 1988r.","isPartOf":{"@id":"https:\/\/talia-fashion.pl\/#website"},"primaryImageOfPage":{"@id":"https:\/\/talia-fashion.pl\/o-nas\/#primaryimage"},"image":{"@id":"https:\/\/talia-fashion.pl\/o-nas\/#primaryimage"},"thumbnailUrl":"https:\/\/talia-fashion.pl\/wp-content\/uploads\/2025\/01\/cert.gif","datePublished":"2025-01-03T21:08:04+00:00","dateModified":"2025-08-23T10:49:12+00:00","description":"Do\u0142\u0105cz do nas i pokochaj nasze p\u0142aszcze. Tworzymy je w rodzinnej pracowni z my\u015bl\u0105 o Tobie. Maj\u0105c na uwadze wygod\u0119, estetyk\u0119 i najwy\u017csz\u0105 jako\u015b\u0107","breadcrumb":{"@id":"https:\/\/talia-fashion.pl\/o-nas\/#breadcrumb"},"inLanguage":"en-GB","potentialAction":[{"@type":"ReadAction","target":["https:\/\/talia-fashion.pl\/o-nas\/"]}]},{"@type":"ImageObject","inLanguage":"en-GB","@id":"https:\/\/talia-fashion.pl\/o-nas\/#primaryimage","url":"https:\/\/talia-fashion.pl\/wp-content\/uploads\/2025\/01\/cert.gif","contentUrl":"https:\/\/talia-fashion.pl\/wp-content\/uploads\/2025\/01\/cert.gif"},{"@type":"BreadcrumbList","@id":"https:\/\/talia-fashion.pl\/o-nas\/#breadcrumb","itemListElement":[{"@type":"ListItem","position":1,"name":"Strona g\u0142\u00f3wna","item":"https:\/\/talia-fashion.pl\/"},{"@type":"ListItem","position":2,"name":"O nas"}]},{"@type":"WebSite","@id":"https:\/\/talia-fashion.pl\/#website","url":"https:\/\/talia-fashion.pl\/","name":"Talia Fashion","description":"","potentialAction":[{"@type":"SearchAction","target":{"@type":"EntryPoint","urlTemplate":"https:\/\/talia-fashion.pl\/?s={search_term_string}"},"query-input":{"@type":"PropertyValueSpecification","valueRequired":true,"valueName":"search_term_string"}}],"inLanguage":"en-GB"}]}},"_links":{"self":[{"href":"https:\/\/talia-fashion.pl\/en\/wp-json\/wp\/v2\/pages\/3020","targetHints":{"allow":["GET"]}}],"collection":[{"href":"https:\/\/talia-fashion.pl\/en\/wp-json\/wp\/v2\/pages"}],"about":[{"href":"https:\/\/talia-fashion.pl\/en\/wp-json\/wp\/v2\/types\/page"}],"author":[{"embeddable":true,"href":"https:\/\/talia-fashion.pl\/en\/wp-json\/wp\/v2\/users\/1"}],"replies":[{"embeddable":true,"href":"https:\/\/talia-fashion.pl\/en\/wp-json\/wp\/v2\/comments?post=3020"}],"version-history":[{"count":0,"href":"https:\/\/talia-fashion.pl\/en\/wp-json\/wp\/v2\/pages\/3020\/revisions"}],"wp:attachment":[{"href":"https:\/\/talia-fashion.pl\/en\/wp-json\/wp\/v2\/media?parent=3020"}],"curies":[{"name":"wp","href":"https:\/\/api.w.org\/{rel}","templated":true}]}}