{"id":2865,"date":"2025-01-02T19:10:25","date_gmt":"2025-01-02T18:10:25","guid":{"rendered":"http:\/\/talia-fashion.pl\/?page_id=2865"},"modified":"2025-07-11T19:43:44","modified_gmt":"2025-07-11T17:43:44","slug":"na-co-zwrocic-uwage","status":"publish","type":"page","link":"https:\/\/talia-fashion.pl\/en\/na-co-zwrocic-uwage\/","title":{"rendered":"What to look out for?"},"content":{"rendered":"<div data-elementor-type=\"wp-post\" data-elementor-id=\"2865\" class=\"elementor elementor-2865\" data-elementor-post-type=\"page\">\n\t\t\t\t<div class=\"elementor-element elementor-element-6afb04c e-con-full e-flex e-con e-parent\" data-id=\"6afb04c\" data-element_type=\"container\" data-settings=\"{&quot;background_background&quot;:&quot;classic&quot;}\">\n\t\t\t\t<\/div>\n\t\t<div class=\"elementor-element elementor-element-637f5e0 e-con-full e-flex e-con e-parent\" data-id=\"637f5e0\" data-element_type=\"container\">\n\t\t\t\t<div class=\"elementor-element elementor-element-30103b5 elementor-widget elementor-widget-heading\" data-id=\"30103b5\" data-element_type=\"widget\" data-widget_type=\"heading.default\">\n\t\t\t\t<div class=\"elementor-widget-container\">\n\t\t\t\t\t<h1 class=\"elementor-heading-title elementor-size-default\">What to look out for?<\/h1>\t\t\t\t<\/div>\n\t\t\t\t<\/div>\n\t\t\t\t<div class=\"elementor-element elementor-element-7aada17 elementor-widget elementor-widget-text-editor\" data-id=\"7aada17\" data-element_type=\"widget\" data-widget_type=\"text-editor.default\">\n\t\t\t\t<div class=\"elementor-widget-container\">\n\t\t\t\t\t\t\t\t\t<p>Ka\u017cdy element naszych Towar\u00f3w powstaje dzi\u0119ki naszej starannej pracy. Wszystkie Towary s\u0105 dopracowywane i wyka\u0144czane r\u0119cznie, co sprawia, \u017ce ka\u017cdy egzemplarz jest wyj\u0105tkowy i niepowtarzalny. Dlatego te\u017c niewielkie r\u00f3\u017cnice i nieregularno\u015bci s\u0105 nieod\u0142\u0105cznym elementem naszych Towar\u00f3w.<\/p><p>Zdj\u0119cia oraz inne formy wizualizacji i prezentacji Towar\u00f3w zamieszczone na stronach Sklepu Internetowego Talia maj\u0105 charakter informacyjny o Towarach i s\u0142u\u017c\u0105 prezentacji konkretnie wskazanych na nich modeli.<\/p><p>Dopuszcza si\u0119 mo\u017cliwo\u015b\u0107 zmian w kolorystyce Towar\u00f3w, wynikaj\u0105c\u0105 z r\u00f3\u017cnicy kolor\u00f3w uwidocznionych na zdj\u0119ciu Towaru a orygina\u0142em sfotografowanego Towaru.<\/p><p>Furthermore, the Seller reserves the possibility of slight variations in the colours of the Goods due to differences in the colours of the same material supplied to it by its suppliers.<\/p><p>W opisie ka\u017cdego Towaru podawane s\u0105 dost\u0119pne kolory i rozmiary. Dost\u0119pne w danym kolorze rozmiary Towaru prezentowane s\u0105 w nawiasie obok tego koloru.<\/p><p>Towary prezentowane w naszym Sklepie Internetowym s\u0105 dost\u0119pne w bardzo bogatej kolorystyce. Z uwagi na jej bogactwo, <strong>paleta wszystkich dost\u0119pnych w Sklepie Internetowym barw prezentowana jest na zdj\u0119ciach r\u00f3\u017cnych modeli Towar\u00f3w.<\/strong> Je\u015bli nie jeste\u015b pewny lub przekonany odno\u015bnie danego koloru, skontaktuj si\u0119 z nami. Ch\u0119tnie pomo\u017cemy.<\/p><p>Do ka\u017cdego prezentowanego modelu podane s\u0105 wymiary r\u00f3\u017cnicowane ze wzgl\u0119du na rozmiar. Ka\u017cdy egzeplarz naszych Towar\u00f3w jest wykonywany indywidualnie, st\u0105d wymiary rzeczywiste mog\u0105 nieznacznie r\u00f3\u017cni\u0107 si\u0119 od podanych na stronie. Ch\u0119tnie pomo\u017cemy w doborze w\u0142a\u015bciwego rozmiaru.<\/p><p>Towary zamieszczone w naszym Sklepie Internetowym mog\u0105 zosta\u0107 zmodyfikowane wed\u0142ug \u017cycze\u0144 Klienta. Przy ka\u017cdym Towarze podawana jest lista modyfikacji. Ka\u017cda przer\u00f3bka wymaga osobno naszej akceptacji i jest wyceniana oddzielnie. Mo\u017ce te\u017c mie\u0107 wp\u0142yw na termin realizacji Zam\u00f3wienia. Nie wykonujemy te\u017c wszystkich przer\u00f3bek. St\u0105d przed z\u0142o\u017ceniem Zam\u00f3wienia konieczny jest kontakt telefoniczny lub emailowy.<\/p><p><strong>Nie przyjmujemy zwrot\u00f3w Towar\u00f3w z zam\u00f3wie\u0144 indywidualnych <\/strong>\u2013 szytych na miar\u0119, skracanych i przerabianych.<\/p><p>Podczas procesu zamawiania nale\u017cy wybra\u0107 rozmiar, kolor oraz je\u015bli zosta\u0142o to uzgodnione, poda\u0107 informacj\u0119 o przer\u00f3bce np. skr\u00f3cenie r\u0119kawa o 5cm.<\/p><p><strong>W razie w\u0105tpliwo\u015bci lub pyta\u0144 zapraszamy do kontaktu poprzez:<\/strong><\/p>\t\t\t\t\t\t\t\t<\/div>\n\t\t\t\t<\/div>\n\t\t<div class=\"elementor-element elementor-element-c580afb e-grid e-con-full e-con e-child\" data-id=\"c580afb\" data-element_type=\"container\">\n\t\t\t\t<div class=\"elementor-element elementor-element-1a054f4 elementor-widget__width-auto elementor-widget elementor-widget-ideapark-button\" data-id=\"1a054f4\" data-element_type=\"widget\" data-widget_type=\"ideapark-button.default\">\n\t\t\t\t<div class=\"elementor-widget-container\">\n\t\t\t\t\t\t\t<div class=\"c-ip-button__wrap\">\n\t\t\t<a href=\"mailto:office@talia-fashion.pl\" class=\"c-button c-ip-button c-button--outline\" role=\"button\">\n\t\t\t\t\t\t\t\t<span class=\"c-ip-button__text\">office@talia-fashion.pl<\/span>\n\t\t\t\t\t\t\t<\/a>\n\t\t<\/div>\n\t\t\t\t\t\t<\/div>\n\t\t\t\t<\/div>\n\t\t\t\t<div class=\"elementor-element elementor-element-6ddc296 elementor-widget__width-auto elementor-widget elementor-widget-ideapark-button\" data-id=\"6ddc296\" data-element_type=\"widget\" data-widget_type=\"ideapark-button.default\">\n\t\t\t\t<div class=\"elementor-widget-container\">\n\t\t\t\t\t\t\t<div class=\"c-ip-button__wrap\">\n\t\t\t<a href=\"tel:+48618488091\" class=\"c-button c-ip-button c-button--outline\" role=\"button\">\n\t\t\t\t\t\t\t\t<span class=\"c-ip-button__text\">+48 61 8488 091<\/span>\n\t\t\t\t\t\t\t<\/a>\n\t\t<\/div>\n\t\t\t\t\t\t<\/div>\n\t\t\t\t<\/div>\n\t\t\t\t<\/div>\n\t\t\t\t<\/div>\n\t\t\t\t<\/div>","protected":false},"excerpt":{"rendered":"<p>Na co zwr\u00f3ci\u0107 uwag\u0119? Ka\u017cdy element naszych Towar\u00f3w powstaje dzi\u0119ki naszej starannej pracy. Wszystkie Towary s\u0105 dopracowywane i wyka\u0144czane r\u0119cznie, co sprawia,&hellip;<\/p>","protected":false},"author":1,"featured_media":0,"parent":0,"menu_order":0,"comment_status":"closed","ping_status":"closed","template":"elementor_header_footer","meta":{"_acf_changed":false,"footnotes":""},"class_list":["post-2865","page","type-page","status-publish","hentry"],"acf":[],"yoast_head":"<!-- This site is optimized with the Yoast SEO plugin v25.7 - https:\/\/yoast.com\/wordpress\/plugins\/seo\/ -->\n<title>Na co zwr\u00f3ci\u0107 uwag\u0119? - Talia Fashion - jak kupowa\u0107 online<\/title>\n<meta name=\"description\" content=\"Na co zwr\u00f3ci\u0107 uwag\u0119 przy zakupie p\u0142aszcza damskiego i jak w \u0142atwy spos\u00f3b znale\u017a\u0107 fason idealnie dopasowany do Twoich potrzeb.\" \/>\n<meta name=\"robots\" content=\"index, follow, max-snippet:-1, max-image-preview:large, max-video-preview:-1\" \/>\n<link rel=\"canonical\" href=\"https:\/\/talia-fashion.pl\/en\/na-co-zwrocic-uwage\/\" \/>\n<meta property=\"og:locale\" content=\"en_GB\" \/>\n<meta property=\"og:type\" content=\"article\" \/>\n<meta property=\"og:title\" content=\"Na co zwr\u00f3ci\u0107 uwag\u0119? - Talia Fashion - jak kupowa\u0107 online\" \/>\n<meta property=\"og:description\" content=\"Na co zwr\u00f3ci\u0107 uwag\u0119 przy zakupie p\u0142aszcza damskiego i jak w \u0142atwy spos\u00f3b znale\u017a\u0107 fason idealnie dopasowany do Twoich potrzeb.\" \/>\n<meta property=\"og:url\" content=\"https:\/\/talia-fashion.pl\/en\/na-co-zwrocic-uwage\/\" \/>\n<meta property=\"og:site_name\" content=\"Talia Fashion\" \/>\n<meta property=\"article:modified_time\" content=\"2025-07-11T17:43:44+00:00\" \/>\n<meta name=\"twitter:card\" content=\"summary_large_image\" \/>\n<meta name=\"twitter:label1\" content=\"Estimated reading time\" \/>\n\t<meta name=\"twitter:data1\" content=\"2 minutes\" \/>\n<script type=\"application\/ld+json\" class=\"yoast-schema-graph\">{\"@context\":\"https:\/\/schema.org\",\"@graph\":[{\"@type\":\"WebPage\",\"@id\":\"https:\/\/talia-fashion.pl\/na-co-zwrocic-uwage\/\",\"url\":\"https:\/\/talia-fashion.pl\/na-co-zwrocic-uwage\/\",\"name\":\"Na co zwr\u00f3ci\u0107 uwag\u0119? - Talia Fashion - jak kupowa\u0107 online\",\"isPartOf\":{\"@id\":\"https:\/\/talia-fashion.pl\/#website\"},\"datePublished\":\"2025-01-02T18:10:25+00:00\",\"dateModified\":\"2025-07-11T17:43:44+00:00\",\"description\":\"Na co zwr\u00f3ci\u0107 uwag\u0119 przy zakupie p\u0142aszcza damskiego i jak w \u0142atwy spos\u00f3b znale\u017a\u0107 fason idealnie dopasowany do Twoich potrzeb.\",\"breadcrumb\":{\"@id\":\"https:\/\/talia-fashion.pl\/na-co-zwrocic-uwage\/#breadcrumb\"},\"inLanguage\":\"en-GB\",\"potentialAction\":[{\"@type\":\"ReadAction\",\"target\":[\"https:\/\/talia-fashion.pl\/na-co-zwrocic-uwage\/\"]}]},{\"@type\":\"BreadcrumbList\",\"@id\":\"https:\/\/talia-fashion.pl\/na-co-zwrocic-uwage\/#breadcrumb\",\"itemListElement\":[{\"@type\":\"ListItem\",\"position\":1,\"name\":\"Strona g\u0142\u00f3wna\",\"item\":\"https:\/\/talia-fashion.pl\/\"},{\"@type\":\"ListItem\",\"position\":2,\"name\":\"Na co zwr\u00f3ci\u0107 uwag\u0119?\"}]},{\"@type\":\"WebSite\",\"@id\":\"https:\/\/talia-fashion.pl\/#website\",\"url\":\"https:\/\/talia-fashion.pl\/\",\"name\":\"Talia Fashion\",\"description\":\"\",\"potentialAction\":[{\"@type\":\"SearchAction\",\"target\":{\"@type\":\"EntryPoint\",\"urlTemplate\":\"https:\/\/talia-fashion.pl\/?s={search_term_string}\"},\"query-input\":{\"@type\":\"PropertyValueSpecification\",\"valueRequired\":true,\"valueName\":\"search_term_string\"}}],\"inLanguage\":\"en-GB\"}]}<\/script>\n<!-- \/ Yoast SEO plugin. -->","yoast_head_json":{"title":"Na co zwr\u00f3ci\u0107 uwag\u0119? - Talia Fashion - jak kupowa\u0107 online","description":"Na co zwr\u00f3ci\u0107 uwag\u0119 przy zakupie p\u0142aszcza damskiego i jak w \u0142atwy spos\u00f3b znale\u017a\u0107 fason idealnie dopasowany do Twoich potrzeb.","robots":{"index":"index","follow":"follow","max-snippet":"max-snippet:-1","max-image-preview":"max-image-preview:large","max-video-preview":"max-video-preview:-1"},"canonical":"https:\/\/talia-fashion.pl\/en\/na-co-zwrocic-uwage\/","og_locale":"en_GB","og_type":"article","og_title":"Na co zwr\u00f3ci\u0107 uwag\u0119? - Talia Fashion - jak kupowa\u0107 online","og_description":"Na co zwr\u00f3ci\u0107 uwag\u0119 przy zakupie p\u0142aszcza damskiego i jak w \u0142atwy spos\u00f3b znale\u017a\u0107 fason idealnie dopasowany do Twoich potrzeb.","og_url":"https:\/\/talia-fashion.pl\/en\/na-co-zwrocic-uwage\/","og_site_name":"Talia Fashion","article_modified_time":"2025-07-11T17:43:44+00:00","twitter_card":"summary_large_image","twitter_misc":{"Estimated reading time":"2 minutes"},"schema":{"@context":"https:\/\/schema.org","@graph":[{"@type":"WebPage","@id":"https:\/\/talia-fashion.pl\/na-co-zwrocic-uwage\/","url":"https:\/\/talia-fashion.pl\/na-co-zwrocic-uwage\/","name":"Na co zwr\u00f3ci\u0107 uwag\u0119? - Talia Fashion - jak kupowa\u0107 online","isPartOf":{"@id":"https:\/\/talia-fashion.pl\/#website"},"datePublished":"2025-01-02T18:10:25+00:00","dateModified":"2025-07-11T17:43:44+00:00","description":"Na co zwr\u00f3ci\u0107 uwag\u0119 przy zakupie p\u0142aszcza damskiego i jak w \u0142atwy spos\u00f3b znale\u017a\u0107 fason idealnie dopasowany do Twoich potrzeb.","breadcrumb":{"@id":"https:\/\/talia-fashion.pl\/na-co-zwrocic-uwage\/#breadcrumb"},"inLanguage":"en-GB","potentialAction":[{"@type":"ReadAction","target":["https:\/\/talia-fashion.pl\/na-co-zwrocic-uwage\/"]}]},{"@type":"BreadcrumbList","@id":"https:\/\/talia-fashion.pl\/na-co-zwrocic-uwage\/#breadcrumb","itemListElement":[{"@type":"ListItem","position":1,"name":"Strona g\u0142\u00f3wna","item":"https:\/\/talia-fashion.pl\/"},{"@type":"ListItem","position":2,"name":"Na co zwr\u00f3ci\u0107 uwag\u0119?"}]},{"@type":"WebSite","@id":"https:\/\/talia-fashion.pl\/#website","url":"https:\/\/talia-fashion.pl\/","name":"Talia Fashion","description":"","potentialAction":[{"@type":"SearchAction","target":{"@type":"EntryPoint","urlTemplate":"https:\/\/talia-fashion.pl\/?s={search_term_string}"},"query-input":{"@type":"PropertyValueSpecification","valueRequired":true,"valueName":"search_term_string"}}],"inLanguage":"en-GB"}]}},"_links":{"self":[{"href":"https:\/\/talia-fashion.pl\/en\/wp-json\/wp\/v2\/pages\/2865","targetHints":{"allow":["GET"]}}],"collection":[{"href":"https:\/\/talia-fashion.pl\/en\/wp-json\/wp\/v2\/pages"}],"about":[{"href":"https:\/\/talia-fashion.pl\/en\/wp-json\/wp\/v2\/types\/page"}],"author":[{"embeddable":true,"href":"https:\/\/talia-fashion.pl\/en\/wp-json\/wp\/v2\/users\/1"}],"replies":[{"embeddable":true,"href":"https:\/\/talia-fashion.pl\/en\/wp-json\/wp\/v2\/comments?post=2865"}],"version-history":[{"count":0,"href":"https:\/\/talia-fashion.pl\/en\/wp-json\/wp\/v2\/pages\/2865\/revisions"}],"wp:attachment":[{"href":"https:\/\/talia-fashion.pl\/en\/wp-json\/wp\/v2\/media?parent=2865"}],"curies":[{"name":"wp","href":"https:\/\/api.w.org\/{rel}","templated":true}]}}