{"id":2644,"date":"2024-10-08T12:34:17","date_gmt":"2024-10-08T10:34:17","guid":{"rendered":"http:\/\/talia-fashion.pl\/?page_id=2644"},"modified":"2025-12-08T11:19:46","modified_gmt":"2025-12-08T10:19:46","slug":"wymiana-i-zwroty","status":"publish","type":"page","link":"https:\/\/talia-fashion.pl\/en\/wymiana-i-zwroty\/","title":{"rendered":"Wymiana i zwroty"},"content":{"rendered":"<div data-elementor-type=\"wp-post\" data-elementor-id=\"2644\" class=\"elementor elementor-2644\" data-elementor-post-type=\"page\">\n\t\t\t\t<div class=\"elementor-element elementor-element-b69e744 e-con-full e-flex e-con e-parent\" data-id=\"b69e744\" data-element_type=\"container\">\n\t\t\t\t<div class=\"elementor-element elementor-element-d456aa5 elementor-widget elementor-widget-text-editor\" data-id=\"d456aa5\" data-element_type=\"widget\" data-widget_type=\"text-editor.default\">\n\t\t\t\t<div class=\"elementor-widget-container\">\n\t\t\t\t\t\t\t\t\t<p>Zawsze mamy nadziej\u0119, \u017ce nasze projekty b\u0119d\u0105 sprawia\u0107 swoim nowym w\u0142a\u015bcicielom mn\u00f3stwo rado\u015bci.<\/p><p>Aby ka\u017cdy Klient by\u0142 w pe\u0142ni zadowolony z posiadanego p\u0142aszcza lub kurtki, Talia akceptuje wymiany i zwroty Zam\u00f3wie\u0144 zakupionych w Sklepie Internetowym.<\/p><p><strong>Wymiana Towaru<\/strong><\/p><p>1 All Goods purchased from the Talia Online Shop are exchangeable within 14 days of delivery.<\/p><p>(2) If the Customer does not like the size\/colour, he\/she may exchange the Goods for the same one in a different size\/colour. If the size\/colour the Customer is interested in is not available, the Customer may exchange the Goods for another size\/colour available in the Talia Online Shop.<\/p><p>(3) Exchanges should be addressed to: Talia Aldona Roszak, Clothing Company, 29 Trzebiatowska Street, 60-432 Pozna\u0144.<\/p><p>Please insert a card with the information in the package with the exchanged Goods:<\/p><p>* indication of the Target Goods (Goods name, size, colour)<\/p><p>* exchange address.<\/p><p>(4) The cost of sending back to Talia the unused Goods shall be covered by the Customer. On the other hand, the cost of postage after an exchange is made is free of charge and covered by the Seller (this applies to a one-time exchange).<\/p><p>(5) The cost of replacing Goods sent abroad - both ways shall be borne by the Customer.<\/p><p>If the Goods purchased as a result of the exchange is more expensive than the returned Goods, the Customer shall pay the difference in price to the Seller's bank account. The title of the transfer shall include the order number. If Talia's bank account is not credited with the agreed amount, the exchange will not be implemented.<\/p><p>If the Goods purchased as a result of an exchange are cheaper than the Goods returned, Talia shall, within 14 days of delivery of the Goods to be exchanged, refund the difference in price to the Customer's bank account.<\/p><p><strong>Prawo do odst\u0105pienia od Umowy Sprzeda\u017cy zawartej na odleg\u0142o\u015b\u0107\/Zwrot Towar\u00f3w<\/strong><\/p><p>(1) The Customer shall have the right to return the Goods purchased from the Talia Online Shop (withdraw from the Contract of Sale) without giving any reason within 14 days from the date of receipt of the Goods.<\/p><p>(2) The above right may be exercised by the Customer by sending a written declaration of withdrawal from the Sales Agreement to the address: Talia Aldona Roszak, Firma Odzie\u017cowa, ul. Trzebiatowska 29, 60-432 Pozna\u0144, and sending back the Goods together with the proof of purchase.<\/p><p>3. Zwracany towar musi by\u0107 w stanie niezmienionym.<\/p><p>4. Stosowny wz\u00f3r formularza O\u015bwiadczenia odst\u0105pienia od Umowy Sprzeda\u017cy zawartej na odleg\u0142o\u015b\u0107 dost\u0119pny poni\u017cej. Wystarczy jednak o\u015bwiadczenie Klienta z\u0142o\u017cone na zwyk\u0142ej kartce papieru o tre\u015bci:<\/p><p>\u201eOdst\u0119puj\u0119 od Umowy Sprzeda\u017cy zawartej na odleg\u0142o\u015b\u0107 dotycz\u0105cej nast\u0119puj\u0105cych rzeczy:<\/p><p>............................................................................................................ order number ................................. purchased via www.talia-fashion.pl .<\/p><p>Please transfer the amount concerned ....................... to the bank account given below.<\/p><p>Signature and legible personal details, address and account number to be reimbursed.\"<\/p><p>(5) In the event of cancellation of the Goods, the money will be refunded to the Customer by transfer to the bank account specified in the declaration within a maximum of 14 days.<\/p><p>The Customer shall bear the costs of returning the returned Goods.<\/p><p>The Customer is not entitled to return the Goods at the Seller's expense. In the event that the Goods are sent at the recipient's expense, the price to be refunded to the Customer shall be reduced by the return delivery costs paid by the Seller.<\/p><p>7.\u00a0Je\u015bli konsument odst\u0119puje od umowy, ponosi on odpowiedzialno\u015b\u0107 za zmniejszenie warto\u015bci towaru b\u0119d\u0105ce wynikiem jego korzystania w spos\u00f3b wykraczaj\u0105cy poza konieczny do stwierdzenia charakteru, cech i funkcjonowania towaru.<\/p><p>(8) The Customer shall not have the right to withdraw from the Sales Agreement in relation to contracts in which the object of performance is an item produced to the Customer's specifications or intended to satisfy his\/her individualised needs.<\/p><p>We do not accept returns of Goods from Individual Orders - made-to-measure, shortened or altered.<\/p><p>W razie w\u0105tpliwo\u015bci zapraszamy do kontaktu.<\/p><p>* office@talia-fashion.pl<\/p><p>* +48 61 8488 091<\/p><p><a href=\"https:\/\/talia-fashion.pl\/wp-content\/uploads\/2025\/09\/O_wiadczenie_o_odst_pienie_od_umowy_zawartej_na_odleg_Talia.doc\">O\u015bwiadczenie odst\u0105pienia od Umowy Sprzeda\u017cy zawartej na odleg\u0142o\u015b\u0107<\/a><\/p>\t\t\t\t\t\t\t\t<\/div>\n\t\t\t\t<\/div>\n\t\t\t\t<\/div>\n\t\t\t\t<\/div>","protected":false},"excerpt":{"rendered":"<p>Zawsze mamy nadziej\u0119, \u017ce nasze projekty b\u0119d\u0105 sprawia\u0107 swoim nowym w\u0142a\u015bcicielom mn\u00f3stwo rado\u015bci. Aby ka\u017cdy Klient by\u0142 w pe\u0142ni zadowolony z posiadanego&hellip;<\/p>","protected":false},"author":1,"featured_media":0,"parent":0,"menu_order":0,"comment_status":"closed","ping_status":"closed","template":"elementor_header_footer","meta":{"_acf_changed":false,"footnotes":""},"class_list":["post-2644","page","type-page","status-publish","hentry"],"acf":[],"yoast_head":"<!-- This site is optimized with the Yoast SEO plugin v25.7 - https:\/\/yoast.com\/wordpress\/plugins\/seo\/ -->\n<title>Wymiana i zwroty - Talia Fashion<\/title>\n<meta name=\"description\" content=\"Bezproblemowa wymiana i zwroty \u2013 dajemy Ci czas na decyzj\u0119 i pe\u0142n\u0105 swobod\u0119 zakup\u00f3w. Sprawd\u017a, jak \u0142atwo mo\u017cesz odes\u0142a\u0107 lub wymieni\u0107 produkt.\" \/>\n<meta name=\"robots\" content=\"index, follow, max-snippet:-1, max-image-preview:large, max-video-preview:-1\" \/>\n<link rel=\"canonical\" href=\"https:\/\/talia-fashion.pl\/en\/wymiana-i-zwroty\/\" \/>\n<meta property=\"og:locale\" content=\"en_GB\" \/>\n<meta property=\"og:type\" content=\"article\" \/>\n<meta property=\"og:title\" content=\"Wymiana i zwroty - Talia Fashion\" \/>\n<meta property=\"og:description\" content=\"Bezproblemowa wymiana i zwroty \u2013 dajemy Ci czas na decyzj\u0119 i pe\u0142n\u0105 swobod\u0119 zakup\u00f3w. Sprawd\u017a, jak \u0142atwo mo\u017cesz odes\u0142a\u0107 lub wymieni\u0107 produkt.\" \/>\n<meta property=\"og:url\" content=\"https:\/\/talia-fashion.pl\/en\/wymiana-i-zwroty\/\" \/>\n<meta property=\"og:site_name\" content=\"Talia Fashion\" \/>\n<meta property=\"article:modified_time\" content=\"2025-12-08T10:19:46+00:00\" \/>\n<meta name=\"twitter:card\" content=\"summary_large_image\" \/>\n<meta name=\"twitter:label1\" content=\"Estimated reading time\" \/>\n\t<meta name=\"twitter:data1\" content=\"3 minutes\" \/>\n<script type=\"application\/ld+json\" class=\"yoast-schema-graph\">{\"@context\":\"https:\/\/schema.org\",\"@graph\":[{\"@type\":\"WebPage\",\"@id\":\"https:\/\/talia-fashion.pl\/wymiana-i-zwroty\/\",\"url\":\"https:\/\/talia-fashion.pl\/wymiana-i-zwroty\/\",\"name\":\"Wymiana i zwroty - Talia Fashion\",\"isPartOf\":{\"@id\":\"https:\/\/talia-fashion.pl\/#website\"},\"datePublished\":\"2024-10-08T10:34:17+00:00\",\"dateModified\":\"2025-12-08T10:19:46+00:00\",\"description\":\"Bezproblemowa wymiana i zwroty \u2013 dajemy Ci czas na decyzj\u0119 i pe\u0142n\u0105 swobod\u0119 zakup\u00f3w. Sprawd\u017a, jak \u0142atwo mo\u017cesz odes\u0142a\u0107 lub wymieni\u0107 produkt.\",\"breadcrumb\":{\"@id\":\"https:\/\/talia-fashion.pl\/wymiana-i-zwroty\/#breadcrumb\"},\"inLanguage\":\"en-GB\",\"potentialAction\":[{\"@type\":\"ReadAction\",\"target\":[\"https:\/\/talia-fashion.pl\/wymiana-i-zwroty\/\"]}]},{\"@type\":\"BreadcrumbList\",\"@id\":\"https:\/\/talia-fashion.pl\/wymiana-i-zwroty\/#breadcrumb\",\"itemListElement\":[{\"@type\":\"ListItem\",\"position\":1,\"name\":\"Strona g\u0142\u00f3wna\",\"item\":\"https:\/\/talia-fashion.pl\/\"},{\"@type\":\"ListItem\",\"position\":2,\"name\":\"Wymiana i zwroty\"}]},{\"@type\":\"WebSite\",\"@id\":\"https:\/\/talia-fashion.pl\/#website\",\"url\":\"https:\/\/talia-fashion.pl\/\",\"name\":\"Talia Fashion\",\"description\":\"\",\"potentialAction\":[{\"@type\":\"SearchAction\",\"target\":{\"@type\":\"EntryPoint\",\"urlTemplate\":\"https:\/\/talia-fashion.pl\/?s={search_term_string}\"},\"query-input\":{\"@type\":\"PropertyValueSpecification\",\"valueRequired\":true,\"valueName\":\"search_term_string\"}}],\"inLanguage\":\"en-GB\"}]}<\/script>\n<!-- \/ Yoast SEO plugin. -->","yoast_head_json":{"title":"Wymiana i zwroty - Talia Fashion","description":"Bezproblemowa wymiana i zwroty \u2013 dajemy Ci czas na decyzj\u0119 i pe\u0142n\u0105 swobod\u0119 zakup\u00f3w. Sprawd\u017a, jak \u0142atwo mo\u017cesz odes\u0142a\u0107 lub wymieni\u0107 produkt.","robots":{"index":"index","follow":"follow","max-snippet":"max-snippet:-1","max-image-preview":"max-image-preview:large","max-video-preview":"max-video-preview:-1"},"canonical":"https:\/\/talia-fashion.pl\/en\/wymiana-i-zwroty\/","og_locale":"en_GB","og_type":"article","og_title":"Wymiana i zwroty - Talia Fashion","og_description":"Bezproblemowa wymiana i zwroty \u2013 dajemy Ci czas na decyzj\u0119 i pe\u0142n\u0105 swobod\u0119 zakup\u00f3w. Sprawd\u017a, jak \u0142atwo mo\u017cesz odes\u0142a\u0107 lub wymieni\u0107 produkt.","og_url":"https:\/\/talia-fashion.pl\/en\/wymiana-i-zwroty\/","og_site_name":"Talia Fashion","article_modified_time":"2025-12-08T10:19:46+00:00","twitter_card":"summary_large_image","twitter_misc":{"Estimated reading time":"3 minutes"},"schema":{"@context":"https:\/\/schema.org","@graph":[{"@type":"WebPage","@id":"https:\/\/talia-fashion.pl\/wymiana-i-zwroty\/","url":"https:\/\/talia-fashion.pl\/wymiana-i-zwroty\/","name":"Wymiana i zwroty - Talia Fashion","isPartOf":{"@id":"https:\/\/talia-fashion.pl\/#website"},"datePublished":"2024-10-08T10:34:17+00:00","dateModified":"2025-12-08T10:19:46+00:00","description":"Bezproblemowa wymiana i zwroty \u2013 dajemy Ci czas na decyzj\u0119 i pe\u0142n\u0105 swobod\u0119 zakup\u00f3w. Sprawd\u017a, jak \u0142atwo mo\u017cesz odes\u0142a\u0107 lub wymieni\u0107 produkt.","breadcrumb":{"@id":"https:\/\/talia-fashion.pl\/wymiana-i-zwroty\/#breadcrumb"},"inLanguage":"en-GB","potentialAction":[{"@type":"ReadAction","target":["https:\/\/talia-fashion.pl\/wymiana-i-zwroty\/"]}]},{"@type":"BreadcrumbList","@id":"https:\/\/talia-fashion.pl\/wymiana-i-zwroty\/#breadcrumb","itemListElement":[{"@type":"ListItem","position":1,"name":"Strona g\u0142\u00f3wna","item":"https:\/\/talia-fashion.pl\/"},{"@type":"ListItem","position":2,"name":"Wymiana i zwroty"}]},{"@type":"WebSite","@id":"https:\/\/talia-fashion.pl\/#website","url":"https:\/\/talia-fashion.pl\/","name":"Talia Fashion","description":"","potentialAction":[{"@type":"SearchAction","target":{"@type":"EntryPoint","urlTemplate":"https:\/\/talia-fashion.pl\/?s={search_term_string}"},"query-input":{"@type":"PropertyValueSpecification","valueRequired":true,"valueName":"search_term_string"}}],"inLanguage":"en-GB"}]}},"_links":{"self":[{"href":"https:\/\/talia-fashion.pl\/en\/wp-json\/wp\/v2\/pages\/2644","targetHints":{"allow":["GET"]}}],"collection":[{"href":"https:\/\/talia-fashion.pl\/en\/wp-json\/wp\/v2\/pages"}],"about":[{"href":"https:\/\/talia-fashion.pl\/en\/wp-json\/wp\/v2\/types\/page"}],"author":[{"embeddable":true,"href":"https:\/\/talia-fashion.pl\/en\/wp-json\/wp\/v2\/users\/1"}],"replies":[{"embeddable":true,"href":"https:\/\/talia-fashion.pl\/en\/wp-json\/wp\/v2\/comments?post=2644"}],"version-history":[{"count":0,"href":"https:\/\/talia-fashion.pl\/en\/wp-json\/wp\/v2\/pages\/2644\/revisions"}],"wp:attachment":[{"href":"https:\/\/talia-fashion.pl\/en\/wp-json\/wp\/v2\/media?parent=2644"}],"curies":[{"name":"wp","href":"https:\/\/api.w.org\/{rel}","templated":true}]}}