{"id":17,"date":"2024-10-08T12:33:11","date_gmt":"2024-10-08T10:33:11","guid":{"rendered":"http:\/\/talia-fashion.pl\/?page_id=17"},"modified":"2025-07-11T20:45:55","modified_gmt":"2025-07-11T18:45:55","slug":"realizacja-i-wysylka","status":"publish","type":"page","link":"https:\/\/talia-fashion.pl\/en\/realizacja-i-wysylka\/","title":{"rendered":"Fulfilment and dispatch"},"content":{"rendered":"<div data-elementor-type=\"wp-post\" data-elementor-id=\"17\" class=\"elementor elementor-17\" data-elementor-post-type=\"page\">\n\t\t\t\t<div class=\"elementor-element elementor-element-b69e744 e-con-full e-flex e-con e-parent\" data-id=\"b69e744\" data-element_type=\"container\">\n\t\t\t\t<div class=\"elementor-element elementor-element-d456aa5 elementor-widget elementor-widget-text-editor\" data-id=\"d456aa5\" data-element_type=\"widget\" data-widget_type=\"text-editor.default\">\n\t\t\t\t<div class=\"elementor-widget-container\">\n\t\t\t\t\t\t\t\t\t<p>Wi\u0119kszo\u015b\u0107 Zam\u00f3wie\u0144 jest realizowana bardzo szybko, nawet w ci\u0105gu 2 dni roboczych. Standardowy czas realizacji Zam\u00f3wie\u0144 wynosi do 5 dni roboczych.<\/p><p>Realne czasy realizacji Zam\u00f3wie\u0144 zale\u017c\u0105 od aktualnych stan\u00f3w magazynowych, procesu produkcyjnego, realizacji Zam\u00f3wie\u0144 u naszych dostawc\u00f3w materia\u0142\u00f3w oraz promocji i ilo\u015bci Towar\u00f3w w jednym Zam\u00f3wieniu.<\/p><p>W przypadku gdy p\u0142aszcz nie jest uszyty oraz Zam\u00f3wie\u0144 indywidualnych, wymagaj\u0105cych spersonalizowania czas realizacji mo\u017ce si\u0119 wyd\u0142u\u017cy\u0107 do 2 tygodni. W wyj\u0105tkowych przypadkach, np. gdy zam\u00f3wiony Towar jest w trakcie przygotowywania, dopuszcza si\u0119 d\u0142u\u017cszy termin realizacji Zam\u00f3wienia.<\/p><p>Zam\u00f3wienia z\u0142o\u017cone w Sklepie Internetowym Talia standardowo s\u0105 wysy\u0142ane za po\u015brednictwem firmy kurierskiej DPD Polska Sp. z o.o.. Wysy\u0142amy r\u00f3wnie\u017c do punkt\u00f3w i automat\u00f3w paczkowych DPD Pickup na terenie Polski (znajduj\u0105 si\u0119 nawet w \u017babce). Istnieje mo\u017cliwo\u015b\u0107 odbioru osobistego Zam\u00f3wienia w naszej Pracowni, po uprzednim kontakcie telefonicznym lub emailowym.<\/p><p><strong>Przesy\u0142ki krajowe\u00a0(wysy\u0142ka pojedynczego produktu)<\/strong><\/p><p>Kurier DPD \u2013 dostarczenie do 2 dni roboczych \u2013 25z\u0142<\/p><p>Kurier DPD \u2013 przesy\u0142ka za pobraniem \u2013 dostarczenie do 2 dni roboczych \u2013 30z\u0142<\/p><p><strong>Przesy\u0142ki mi\u0119dzynarodowe\u00a0(wysy\u0142ka pojedynczego produktu)<\/strong><\/p><p>Niemcy\/Austria\/Czechy \u2013 Kurier DPD \u2013 dostarczenie do 4 dni roboczych \u2013 95z\u0142<\/p><p>Pozosta\u0142e kraje \u2013 Poczta Polska \u2013 przesy\u0142ka ekonomiczna \u2013 dostarczenie do 25 dni roboczych w zale\u017cno\u015bci od kraju przeznaczenia (Rosja, USA, Kanada, Australia i Nowa Zelandia nawet do 8 tygodni) \u2013 120z\u0142<\/p><p>Pozosta\u0142e kraje \u2013 przesy\u0142ka ekspresowa \u2013 wycena indywidualna po uprzednim kontakcie.<\/p><p>Orders shipped outside the territory of the Republic of Poland may be subject to zone fees, customs fees and import taxes, if any. These charges shall be borne by the Customer. We are not responsible for delays caused by customs procedures.<\/p><p><strong>We do not send cash on delivery abroad.<\/strong><\/p>\t\t\t\t\t\t\t\t<\/div>\n\t\t\t\t<\/div>\n\t\t\t\t<\/div>\n\t\t\t\t<\/div>","protected":false},"excerpt":{"rendered":"<p>Wi\u0119kszo\u015b\u0107 Zam\u00f3wie\u0144 jest realizowana bardzo szybko, nawet w ci\u0105gu 2 dni roboczych. Standardowy czas realizacji Zam\u00f3wie\u0144 wynosi do 5 dni roboczych. Realne&hellip;<\/p>","protected":false},"author":1,"featured_media":0,"parent":0,"menu_order":0,"comment_status":"closed","ping_status":"closed","template":"elementor_header_footer","meta":{"_acf_changed":false,"footnotes":""},"class_list":["post-17","page","type-page","status-publish","hentry"],"acf":[],"yoast_head":"<!-- This site is optimized with the Yoast SEO plugin v25.7 - https:\/\/yoast.com\/wordpress\/plugins\/seo\/ -->\n<title>Realizacja i wysy\u0142ka - Talia Fashion<\/title>\n<meta name=\"description\" content=\"Szybka i bezpieczna realizacja zam\u00f3wie\u0144 \u2013 sprawd\u017a, jak przebiega proces wysy\u0142ki oraz jakie opcje dostawy oferujemy, by zakupy dotar\u0142o na czas.\" \/>\n<meta name=\"robots\" content=\"index, follow, max-snippet:-1, max-image-preview:large, max-video-preview:-1\" \/>\n<link rel=\"canonical\" href=\"https:\/\/talia-fashion.pl\/en\/realizacja-i-wysylka\/\" \/>\n<meta property=\"og:locale\" content=\"en_GB\" \/>\n<meta property=\"og:type\" content=\"article\" \/>\n<meta property=\"og:title\" content=\"Realizacja i wysy\u0142ka - Talia Fashion\" \/>\n<meta property=\"og:description\" content=\"Szybka i bezpieczna realizacja zam\u00f3wie\u0144 \u2013 sprawd\u017a, jak przebiega proces wysy\u0142ki oraz jakie opcje dostawy oferujemy, by zakupy dotar\u0142o na czas.\" \/>\n<meta property=\"og:url\" content=\"https:\/\/talia-fashion.pl\/en\/realizacja-i-wysylka\/\" \/>\n<meta property=\"og:site_name\" content=\"Talia Fashion\" \/>\n<meta property=\"article:modified_time\" content=\"2025-07-11T18:45:55+00:00\" \/>\n<meta name=\"twitter:card\" content=\"summary_large_image\" \/>\n<meta name=\"twitter:label1\" content=\"Estimated reading time\" \/>\n\t<meta name=\"twitter:data1\" content=\"2 minutes\" \/>\n<script type=\"application\/ld+json\" class=\"yoast-schema-graph\">{\"@context\":\"https:\/\/schema.org\",\"@graph\":[{\"@type\":\"WebPage\",\"@id\":\"https:\/\/talia-fashion.pl\/realizacja-i-wysylka\/\",\"url\":\"https:\/\/talia-fashion.pl\/realizacja-i-wysylka\/\",\"name\":\"Realizacja i wysy\u0142ka - Talia Fashion\",\"isPartOf\":{\"@id\":\"https:\/\/talia-fashion.pl\/#website\"},\"datePublished\":\"2024-10-08T10:33:11+00:00\",\"dateModified\":\"2025-07-11T18:45:55+00:00\",\"description\":\"Szybka i bezpieczna realizacja zam\u00f3wie\u0144 \u2013 sprawd\u017a, jak przebiega proces wysy\u0142ki oraz jakie opcje dostawy oferujemy, by zakupy dotar\u0142o na czas.\",\"breadcrumb\":{\"@id\":\"https:\/\/talia-fashion.pl\/realizacja-i-wysylka\/#breadcrumb\"},\"inLanguage\":\"en-GB\",\"potentialAction\":[{\"@type\":\"ReadAction\",\"target\":[\"https:\/\/talia-fashion.pl\/realizacja-i-wysylka\/\"]}]},{\"@type\":\"BreadcrumbList\",\"@id\":\"https:\/\/talia-fashion.pl\/realizacja-i-wysylka\/#breadcrumb\",\"itemListElement\":[{\"@type\":\"ListItem\",\"position\":1,\"name\":\"Strona g\u0142\u00f3wna\",\"item\":\"https:\/\/talia-fashion.pl\/\"},{\"@type\":\"ListItem\",\"position\":2,\"name\":\"Realizacja i wysy\u0142ka\"}]},{\"@type\":\"WebSite\",\"@id\":\"https:\/\/talia-fashion.pl\/#website\",\"url\":\"https:\/\/talia-fashion.pl\/\",\"name\":\"Talia Fashion\",\"description\":\"\",\"potentialAction\":[{\"@type\":\"SearchAction\",\"target\":{\"@type\":\"EntryPoint\",\"urlTemplate\":\"https:\/\/talia-fashion.pl\/?s={search_term_string}\"},\"query-input\":{\"@type\":\"PropertyValueSpecification\",\"valueRequired\":true,\"valueName\":\"search_term_string\"}}],\"inLanguage\":\"en-GB\"}]}<\/script>\n<!-- \/ Yoast SEO plugin. -->","yoast_head_json":{"title":"Realizacja i wysy\u0142ka - Talia Fashion","description":"Szybka i bezpieczna realizacja zam\u00f3wie\u0144 \u2013 sprawd\u017a, jak przebiega proces wysy\u0142ki oraz jakie opcje dostawy oferujemy, by zakupy dotar\u0142o na czas.","robots":{"index":"index","follow":"follow","max-snippet":"max-snippet:-1","max-image-preview":"max-image-preview:large","max-video-preview":"max-video-preview:-1"},"canonical":"https:\/\/talia-fashion.pl\/en\/realizacja-i-wysylka\/","og_locale":"en_GB","og_type":"article","og_title":"Realizacja i wysy\u0142ka - Talia Fashion","og_description":"Szybka i bezpieczna realizacja zam\u00f3wie\u0144 \u2013 sprawd\u017a, jak przebiega proces wysy\u0142ki oraz jakie opcje dostawy oferujemy, by zakupy dotar\u0142o na czas.","og_url":"https:\/\/talia-fashion.pl\/en\/realizacja-i-wysylka\/","og_site_name":"Talia Fashion","article_modified_time":"2025-07-11T18:45:55+00:00","twitter_card":"summary_large_image","twitter_misc":{"Estimated reading time":"2 minutes"},"schema":{"@context":"https:\/\/schema.org","@graph":[{"@type":"WebPage","@id":"https:\/\/talia-fashion.pl\/realizacja-i-wysylka\/","url":"https:\/\/talia-fashion.pl\/realizacja-i-wysylka\/","name":"Realizacja i wysy\u0142ka - Talia Fashion","isPartOf":{"@id":"https:\/\/talia-fashion.pl\/#website"},"datePublished":"2024-10-08T10:33:11+00:00","dateModified":"2025-07-11T18:45:55+00:00","description":"Szybka i bezpieczna realizacja zam\u00f3wie\u0144 \u2013 sprawd\u017a, jak przebiega proces wysy\u0142ki oraz jakie opcje dostawy oferujemy, by zakupy dotar\u0142o na czas.","breadcrumb":{"@id":"https:\/\/talia-fashion.pl\/realizacja-i-wysylka\/#breadcrumb"},"inLanguage":"en-GB","potentialAction":[{"@type":"ReadAction","target":["https:\/\/talia-fashion.pl\/realizacja-i-wysylka\/"]}]},{"@type":"BreadcrumbList","@id":"https:\/\/talia-fashion.pl\/realizacja-i-wysylka\/#breadcrumb","itemListElement":[{"@type":"ListItem","position":1,"name":"Strona g\u0142\u00f3wna","item":"https:\/\/talia-fashion.pl\/"},{"@type":"ListItem","position":2,"name":"Realizacja i wysy\u0142ka"}]},{"@type":"WebSite","@id":"https:\/\/talia-fashion.pl\/#website","url":"https:\/\/talia-fashion.pl\/","name":"Talia Fashion","description":"","potentialAction":[{"@type":"SearchAction","target":{"@type":"EntryPoint","urlTemplate":"https:\/\/talia-fashion.pl\/?s={search_term_string}"},"query-input":{"@type":"PropertyValueSpecification","valueRequired":true,"valueName":"search_term_string"}}],"inLanguage":"en-GB"}]}},"_links":{"self":[{"href":"https:\/\/talia-fashion.pl\/en\/wp-json\/wp\/v2\/pages\/17","targetHints":{"allow":["GET"]}}],"collection":[{"href":"https:\/\/talia-fashion.pl\/en\/wp-json\/wp\/v2\/pages"}],"about":[{"href":"https:\/\/talia-fashion.pl\/en\/wp-json\/wp\/v2\/types\/page"}],"author":[{"embeddable":true,"href":"https:\/\/talia-fashion.pl\/en\/wp-json\/wp\/v2\/users\/1"}],"replies":[{"embeddable":true,"href":"https:\/\/talia-fashion.pl\/en\/wp-json\/wp\/v2\/comments?post=17"}],"version-history":[{"count":0,"href":"https:\/\/talia-fashion.pl\/en\/wp-json\/wp\/v2\/pages\/17\/revisions"}],"wp:attachment":[{"href":"https:\/\/talia-fashion.pl\/en\/wp-json\/wp\/v2\/media?parent=17"}],"curies":[{"name":"wp","href":"https:\/\/api.w.org\/{rel}","templated":true}]}}